{"id":268419,"date":"2026-04-02T01:47:28","date_gmt":"2026-04-02T07:47:28","guid":{"rendered":"https:\/\/compuviper.mx\/tienda\/producto\/sandisk-wdd128g1p0c-85ael0wdd128g1p0c-memoria-wd-purple-sc-qd101-micro-sdxc-128gb-videovigilancia-24-7-clase-10-u1-lect-50mb-s-esc-40mb-s-wdd128g1p0c\/"},"modified":"2026-04-03T00:00:23","modified_gmt":"2026-04-03T06:00:23","slug":"sandisk-wdd128g1p0c-85ael0wdd128g1p0c-memoria-wd-purple-sc-qd101-micro-sdxc-128gb-videovigilancia-24-7-clase-10-u1-lect-50mb-s-esc-40mb-s-wdd128g1p0c","status":"publish","type":"product","link":"https:\/\/compuviper.mx\/tienda\/producto\/sandisk-wdd128g1p0c-85ael0wdd128g1p0c-memoria-wd-purple-sc-qd101-micro-sdxc-128gb-videovigilancia-24-7-clase-10-u1-lect-50mb-s-esc-40mb-s-wdd128g1p0c\/","title":{"rendered":"Sandisk Wdd128g1p0c-85ael0,wdd128g1p0c Memoria Wd Purple Sc Qd101 Micro Sdxc 128gb Videovigilancia 24\/7 Clase 10 U1 Lect 50mb\/s Esc 40mb\/s Wdd128g1p0c"},"content":{"rendered":"<table class=\"descripcion\">\n<tr>\n<td>Capacidad: 128gb<\/td>\n<\/tr>\n<tr>\n<td>Factor de forma: microsdhc \/ xc<\/td>\n<\/tr>\n<tr>\n<td>Interfaz: sda 6.0<\/td>\n<\/tr>\n<tr>\n<td>Optimizada para c\u00e1maras de vigilancia en video 24&#215;7<\/td>\n<\/tr>\n<tr>\n<td>Diseada con alta resistencia para un funcionamiento continuo<\/td>\n<\/tr>\n<tr>\n<td>Impermeable, resistente a la humedad y soportatemperaturas entre -25 \u00b0c y 85 \u00b0c<\/td>\n<\/tr>\n<tr>\n<td>Almacenamiento local de conmutacin por error, grabacin continua, incluso en caso de desconexin temporal de la c\u00e1mara<\/td>\n<\/tr>\n<tr>\n<td>Admite funcionalidades de supervisin del estado de la tarjeta<\/td>\n<\/tr>\n<tr>\n<td>Tecnologa 3d nand avanzada<\/td>\n<\/tr>\n<\/table>\n","protected":false},"excerpt":{"rendered":"<p>Deposite toda su confianza en las c\u00e1maras de seguridad. Ultrarresistencia, las tarjetas microsd wd purple sc est\u00e1n diseadas para ofrecer una grabacin permanente las 24 horas al da, los 7 das a la semana en el caso en que las c\u00e1maras pierdan la conexin con el nvr, lo cual genera confianza adicional en su solucin de videovigilancia.<\/p>\n","protected":false},"featured_media":268420,"comment_status":"open","ping_status":"open","template":"","meta":[],"product_cat":[1793,1795],"product_tag":[1709],"acf":[],"yoast_head":"<!-- This site is optimized with the Yoast SEO plugin v21.7 - https:\/\/yoast.com\/wordpress\/plugins\/seo\/ -->\n<title>[ Sandisk ] &#129351; Wdd128g1p0c-85ael0,wdd128g1p0c Memoria Wd Purple Sc Qd101 Micro Sdxc 128gb Videovigilancia 24\/7 Clase 10 U1 Lect 50mb\/s Esc 40mb\/s Wdd128g1p0c<\/title>\n<meta name=\"description\" content=\"Compra Wdd128g1p0c-85ael0,wdd128g1p0c Memoria Wd Purple Sc Qd101 Micro Sdxc 128gb Videovigilancia 24\/7 Clase 10 U1 Lect 50mb\/s Esc 40mb\/s Wdd128g1p0c + Env\u00edo a domicilio + Pago seguro + Garant\u00eda\" \/>\n<meta name=\"robots\" content=\"index, follow, max-snippet:-1, max-image-preview:large, max-video-preview:-1\" \/>\n<link rel=\"canonical\" href=\"https:\/\/compuviper.mx\/tienda\/producto\/sandisk-wdd128g1p0c-85ael0wdd128g1p0c-memoria-wd-purple-sc-qd101-micro-sdxc-128gb-videovigilancia-24-7-clase-10-u1-lect-50mb-s-esc-40mb-s-wdd128g1p0c\/\" \/>\n<meta property=\"og:locale\" content=\"es_MX\" \/>\n<meta property=\"og:type\" content=\"article\" \/>\n<meta property=\"og:title\" content=\"[ Sandisk ] &#129351; Wdd128g1p0c-85ael0,wdd128g1p0c Memoria Wd Purple Sc Qd101 Micro Sdxc 128gb Videovigilancia 24\/7 Clase 10 U1 Lect 50mb\/s Esc 40mb\/s Wdd128g1p0c\" \/>\n<meta property=\"og:description\" content=\"Compra Wdd128g1p0c-85ael0,wdd128g1p0c Memoria Wd Purple Sc Qd101 Micro Sdxc 128gb Videovigilancia 24\/7 Clase 10 U1 Lect 50mb\/s Esc 40mb\/s Wdd128g1p0c + Env\u00edo a domicilio + Pago seguro + Garant\u00eda\" \/>\n<meta property=\"og:url\" content=\"https:\/\/compuviper.mx\/tienda\/producto\/sandisk-wdd128g1p0c-85ael0wdd128g1p0c-memoria-wd-purple-sc-qd101-micro-sdxc-128gb-videovigilancia-24-7-clase-10-u1-lect-50mb-s-esc-40mb-s-wdd128g1p0c\/\" \/>\n<meta property=\"og:site_name\" content=\"Compuviper\" \/>\n<meta property=\"article:publisher\" content=\"https:\/\/www.facebook.com\/compuviper\" \/>\n<meta property=\"article:modified_time\" content=\"2026-04-03T06:00:23+00:00\" \/>\n<meta property=\"og:image\" content=\"https:\/\/compuviper.mx\/tienda\/wp-content\/uploads\/2026\/04\/Memoria-wd-purple-sc-qd101-micro-sdxc-128gb-videovigilancia-247-clase-10-u1-lect-50mbs-esc-40mbs-wdd128g1p0c.jpg\" \/>\n\t<meta property=\"og:image:width\" content=\"200\" \/>\n\t<meta property=\"og:image:height\" content=\"200\" \/>\n\t<meta property=\"og:image:type\" content=\"image\/jpeg\" \/>\n<meta name=\"twitter:card\" content=\"summary_large_image\" \/>\n<meta name=\"twitter:label1\" content=\"Precio\" \/>\n\t<meta name=\"twitter:data1\" content=\"&#36;437 con IVA\" \/>\n\t<meta name=\"twitter:label2\" content=\"Availability\" \/>\n\t<meta name=\"twitter:data2\" content=\"In stock\" \/>\n<script type=\"application\/ld+json\" class=\"yoast-schema-graph\">{\"@context\":\"https:\/\/schema.org\",\"@graph\":[{\"@type\":\"WebPage\",\"@id\":\"https:\/\/compuviper.mx\/tienda\/producto\/sandisk-wdd128g1p0c-85ael0wdd128g1p0c-memoria-wd-purple-sc-qd101-micro-sdxc-128gb-videovigilancia-24-7-clase-10-u1-lect-50mb-s-esc-40mb-s-wdd128g1p0c\/\",\"url\":\"https:\/\/compuviper.mx\/tienda\/producto\/sandisk-wdd128g1p0c-85ael0wdd128g1p0c-memoria-wd-purple-sc-qd101-micro-sdxc-128gb-videovigilancia-24-7-clase-10-u1-lect-50mb-s-esc-40mb-s-wdd128g1p0c\/\",\"name\":\"[ Sandisk ] &#129351; Wdd128g1p0c-85ael0,wdd128g1p0c Memoria Wd Purple Sc Qd101 Micro Sdxc 128gb Videovigilancia 24\/7 Clase 10 U1 Lect 50mb\/s Esc 40mb\/s Wdd128g1p0c\",\"isPartOf\":{\"@id\":\"https:\/\/compuviper.mx\/tienda\/#website\"},\"datePublished\":\"2026-04-02T07:47:28+00:00\",\"dateModified\":\"2026-04-03T06:00:23+00:00\",\"description\":\"Compra Wdd128g1p0c-85ael0,wdd128g1p0c Memoria Wd Purple Sc Qd101 Micro Sdxc 128gb Videovigilancia 24\/7 Clase 10 U1 Lect 50mb\/s Esc 40mb\/s Wdd128g1p0c + Env\u00edo a domicilio + Pago seguro + Garant\u00eda\",\"breadcrumb\":{\"@id\":\"https:\/\/compuviper.mx\/tienda\/producto\/sandisk-wdd128g1p0c-85ael0wdd128g1p0c-memoria-wd-purple-sc-qd101-micro-sdxc-128gb-videovigilancia-24-7-clase-10-u1-lect-50mb-s-esc-40mb-s-wdd128g1p0c\/#breadcrumb\"},\"inLanguage\":\"es-MX\",\"potentialAction\":[{\"@type\":\"ReadAction\",\"target\":[\"https:\/\/compuviper.mx\/tienda\/producto\/sandisk-wdd128g1p0c-85ael0wdd128g1p0c-memoria-wd-purple-sc-qd101-micro-sdxc-128gb-videovigilancia-24-7-clase-10-u1-lect-50mb-s-esc-40mb-s-wdd128g1p0c\/\"]}]},{\"@type\":\"BreadcrumbList\",\"@id\":\"https:\/\/compuviper.mx\/tienda\/producto\/sandisk-wdd128g1p0c-85ael0wdd128g1p0c-memoria-wd-purple-sc-qd101-micro-sdxc-128gb-videovigilancia-24-7-clase-10-u1-lect-50mb-s-esc-40mb-s-wdd128g1p0c\/#breadcrumb\",\"itemListElement\":[{\"@type\":\"ListItem\",\"position\":1,\"name\":\"Inicio\",\"item\":\"https:\/\/compuviper.mx\/tienda\/\"},{\"@type\":\"ListItem\",\"position\":2,\"name\":\"Productos\",\"item\":\"https:\/\/compuviper.mx\/tienda\/productos\/\"},{\"@type\":\"ListItem\",\"position\":3,\"name\":\"Sandisk Wdd128g1p0c-85ael0,wdd128g1p0c Memoria Wd Purple Sc Qd101 Micro Sdxc 128gb Videovigilancia 24\/7 Clase 10 U1 Lect 50mb\/s Esc 40mb\/s Wdd128g1p0c\"}]},{\"@type\":\"WebSite\",\"@id\":\"https:\/\/compuviper.mx\/tienda\/#website\",\"url\":\"https:\/\/compuviper.mx\/tienda\/\",\"name\":\"Compuviper\",\"description\":\"Proveedor de Computadoras, Laptops, Servidores, Monitores, Puntos de Venta, Teclados,   Impresoras, T\u00f3ner, C\u00e1maras de Seguridad y m\u00e1s en tu tienda en l\u00ednea\",\"publisher\":{\"@id\":\"https:\/\/compuviper.mx\/tienda\/#organization\"},\"potentialAction\":[{\"@type\":\"SearchAction\",\"target\":{\"@type\":\"EntryPoint\",\"urlTemplate\":\"https:\/\/compuviper.mx\/tienda\/?s={search_term_string}\"},\"query-input\":\"required name=search_term_string\"}],\"inLanguage\":\"es-MX\"},{\"@type\":\"Organization\",\"@id\":\"https:\/\/compuviper.mx\/tienda\/#organization\",\"name\":\"Compuviper\",\"url\":\"https:\/\/compuviper.mx\/tienda\/\",\"logo\":{\"@type\":\"ImageObject\",\"inLanguage\":\"es-MX\",\"@id\":\"https:\/\/compuviper.mx\/tienda\/#\/schema\/logo\/image\/\",\"url\":\"https:\/\/compuviper.mx\/tienda\/wp-content\/uploads\/2021\/08\/Logo-Compuviper-10.png\",\"contentUrl\":\"https:\/\/compuviper.mx\/tienda\/wp-content\/uploads\/2021\/08\/Logo-Compuviper-10.png\",\"width\":1000,\"height\":500,\"caption\":\"Compuviper\"},\"image\":{\"@id\":\"https:\/\/compuviper.mx\/tienda\/#\/schema\/logo\/image\/\"},\"sameAs\":[\"https:\/\/www.facebook.com\/compuviper\",\"https:\/\/www.youtube.com\/channel\/UCf73dERp9Y3cfOq7q8BhLjA?view_as=subscriber\"]}]}<\/script>\n<meta property=\"product:brand\" content=\"SANDISK\" \/>\n<meta property=\"product:price:amount\" content=\"437\" \/>\n<meta property=\"product:price:currency\" content=\"MXN\" \/>\n<meta property=\"og:availability\" content=\"instock\" \/>\n<meta property=\"product:availability\" content=\"instock\" \/>\n<meta property=\"product:retailer_item_id\" content=\"WDD128G1P0C-85AEL0,WDD128G1P0C\" \/>\n<meta property=\"product:condition\" content=\"new\" \/>\n<!-- \/ Yoast SEO plugin. -->","yoast_head_json":{"title":"[ Sandisk ] &#129351; Wdd128g1p0c-85ael0,wdd128g1p0c Memoria Wd Purple Sc Qd101 Micro Sdxc 128gb Videovigilancia 24\/7 Clase 10 U1 Lect 50mb\/s Esc 40mb\/s Wdd128g1p0c","description":"Compra Wdd128g1p0c-85ael0,wdd128g1p0c Memoria Wd Purple Sc Qd101 Micro Sdxc 128gb Videovigilancia 24\/7 Clase 10 U1 Lect 50mb\/s Esc 40mb\/s Wdd128g1p0c + Env\u00edo a domicilio + Pago seguro + Garant\u00eda","robots":{"index":"index","follow":"follow","max-snippet":"max-snippet:-1","max-image-preview":"max-image-preview:large","max-video-preview":"max-video-preview:-1"},"canonical":"https:\/\/compuviper.mx\/tienda\/producto\/sandisk-wdd128g1p0c-85ael0wdd128g1p0c-memoria-wd-purple-sc-qd101-micro-sdxc-128gb-videovigilancia-24-7-clase-10-u1-lect-50mb-s-esc-40mb-s-wdd128g1p0c\/","og_locale":"es_MX","og_type":"article","og_title":"[ Sandisk ] &#129351; Wdd128g1p0c-85ael0,wdd128g1p0c Memoria Wd Purple Sc Qd101 Micro Sdxc 128gb Videovigilancia 24\/7 Clase 10 U1 Lect 50mb\/s Esc 40mb\/s Wdd128g1p0c","og_description":"Compra Wdd128g1p0c-85ael0,wdd128g1p0c Memoria Wd Purple Sc Qd101 Micro Sdxc 128gb Videovigilancia 24\/7 Clase 10 U1 Lect 50mb\/s Esc 40mb\/s Wdd128g1p0c + Env\u00edo a domicilio + Pago seguro + Garant\u00eda","og_url":"https:\/\/compuviper.mx\/tienda\/producto\/sandisk-wdd128g1p0c-85ael0wdd128g1p0c-memoria-wd-purple-sc-qd101-micro-sdxc-128gb-videovigilancia-24-7-clase-10-u1-lect-50mb-s-esc-40mb-s-wdd128g1p0c\/","og_site_name":"Compuviper","article_publisher":"https:\/\/www.facebook.com\/compuviper","article_modified_time":"2026-04-03T06:00:23+00:00","og_image":[{"width":200,"height":200,"url":"https:\/\/compuviper.mx\/tienda\/wp-content\/uploads\/2026\/04\/Memoria-wd-purple-sc-qd101-micro-sdxc-128gb-videovigilancia-247-clase-10-u1-lect-50mbs-esc-40mbs-wdd128g1p0c.jpg","type":"image\/jpeg"}],"twitter_card":"summary_large_image","twitter_misc":{"Precio":"&#36;437 con IVA","Availability":"In stock"},"schema":{"@context":"https:\/\/schema.org","@graph":[{"@type":"WebPage","@id":"https:\/\/compuviper.mx\/tienda\/producto\/sandisk-wdd128g1p0c-85ael0wdd128g1p0c-memoria-wd-purple-sc-qd101-micro-sdxc-128gb-videovigilancia-24-7-clase-10-u1-lect-50mb-s-esc-40mb-s-wdd128g1p0c\/","url":"https:\/\/compuviper.mx\/tienda\/producto\/sandisk-wdd128g1p0c-85ael0wdd128g1p0c-memoria-wd-purple-sc-qd101-micro-sdxc-128gb-videovigilancia-24-7-clase-10-u1-lect-50mb-s-esc-40mb-s-wdd128g1p0c\/","name":"[ Sandisk ] &#129351; Wdd128g1p0c-85ael0,wdd128g1p0c Memoria Wd Purple Sc Qd101 Micro Sdxc 128gb Videovigilancia 24\/7 Clase 10 U1 Lect 50mb\/s Esc 40mb\/s Wdd128g1p0c","isPartOf":{"@id":"https:\/\/compuviper.mx\/tienda\/#website"},"datePublished":"2026-04-02T07:47:28+00:00","dateModified":"2026-04-03T06:00:23+00:00","description":"Compra Wdd128g1p0c-85ael0,wdd128g1p0c Memoria Wd Purple Sc Qd101 Micro Sdxc 128gb Videovigilancia 24\/7 Clase 10 U1 Lect 50mb\/s Esc 40mb\/s Wdd128g1p0c + Env\u00edo a domicilio + Pago seguro + Garant\u00eda","breadcrumb":{"@id":"https:\/\/compuviper.mx\/tienda\/producto\/sandisk-wdd128g1p0c-85ael0wdd128g1p0c-memoria-wd-purple-sc-qd101-micro-sdxc-128gb-videovigilancia-24-7-clase-10-u1-lect-50mb-s-esc-40mb-s-wdd128g1p0c\/#breadcrumb"},"inLanguage":"es-MX","potentialAction":[{"@type":"ReadAction","target":["https:\/\/compuviper.mx\/tienda\/producto\/sandisk-wdd128g1p0c-85ael0wdd128g1p0c-memoria-wd-purple-sc-qd101-micro-sdxc-128gb-videovigilancia-24-7-clase-10-u1-lect-50mb-s-esc-40mb-s-wdd128g1p0c\/"]}]},{"@type":"BreadcrumbList","@id":"https:\/\/compuviper.mx\/tienda\/producto\/sandisk-wdd128g1p0c-85ael0wdd128g1p0c-memoria-wd-purple-sc-qd101-micro-sdxc-128gb-videovigilancia-24-7-clase-10-u1-lect-50mb-s-esc-40mb-s-wdd128g1p0c\/#breadcrumb","itemListElement":[{"@type":"ListItem","position":1,"name":"Inicio","item":"https:\/\/compuviper.mx\/tienda\/"},{"@type":"ListItem","position":2,"name":"Productos","item":"https:\/\/compuviper.mx\/tienda\/productos\/"},{"@type":"ListItem","position":3,"name":"Sandisk Wdd128g1p0c-85ael0,wdd128g1p0c Memoria Wd Purple Sc Qd101 Micro Sdxc 128gb Videovigilancia 24\/7 Clase 10 U1 Lect 50mb\/s Esc 40mb\/s Wdd128g1p0c"}]},{"@type":"WebSite","@id":"https:\/\/compuviper.mx\/tienda\/#website","url":"https:\/\/compuviper.mx\/tienda\/","name":"Compuviper","description":"Proveedor de Computadoras, Laptops, Servidores, Monitores, Puntos de Venta, Teclados,   Impresoras, T\u00f3ner, C\u00e1maras de Seguridad y m\u00e1s en tu tienda en l\u00ednea","publisher":{"@id":"https:\/\/compuviper.mx\/tienda\/#organization"},"potentialAction":[{"@type":"SearchAction","target":{"@type":"EntryPoint","urlTemplate":"https:\/\/compuviper.mx\/tienda\/?s={search_term_string}"},"query-input":"required name=search_term_string"}],"inLanguage":"es-MX"},{"@type":"Organization","@id":"https:\/\/compuviper.mx\/tienda\/#organization","name":"Compuviper","url":"https:\/\/compuviper.mx\/tienda\/","logo":{"@type":"ImageObject","inLanguage":"es-MX","@id":"https:\/\/compuviper.mx\/tienda\/#\/schema\/logo\/image\/","url":"https:\/\/compuviper.mx\/tienda\/wp-content\/uploads\/2021\/08\/Logo-Compuviper-10.png","contentUrl":"https:\/\/compuviper.mx\/tienda\/wp-content\/uploads\/2021\/08\/Logo-Compuviper-10.png","width":1000,"height":500,"caption":"Compuviper"},"image":{"@id":"https:\/\/compuviper.mx\/tienda\/#\/schema\/logo\/image\/"},"sameAs":["https:\/\/www.facebook.com\/compuviper","https:\/\/www.youtube.com\/channel\/UCf73dERp9Y3cfOq7q8BhLjA?view_as=subscriber"]}]},"product_brand":"SANDISK","product_price_amount":"437","product_price_currency":"MXN","og_availability":"instock","product_availability":"instock","product_retailer_item_id":"WDD128G1P0C-85AEL0,WDD128G1P0C","product_condition":"new"},"_links":{"self":[{"href":"https:\/\/compuviper.mx\/tienda\/wp-json\/wp\/v2\/product\/268419"}],"collection":[{"href":"https:\/\/compuviper.mx\/tienda\/wp-json\/wp\/v2\/product"}],"about":[{"href":"https:\/\/compuviper.mx\/tienda\/wp-json\/wp\/v2\/types\/product"}],"replies":[{"embeddable":true,"href":"https:\/\/compuviper.mx\/tienda\/wp-json\/wp\/v2\/comments?post=268419"}],"wp:featuredmedia":[{"embeddable":true,"href":"https:\/\/compuviper.mx\/tienda\/wp-json\/wp\/v2\/media\/268420"}],"wp:attachment":[{"href":"https:\/\/compuviper.mx\/tienda\/wp-json\/wp\/v2\/media?parent=268419"}],"wp:term":[{"taxonomy":"product_cat","embeddable":true,"href":"https:\/\/compuviper.mx\/tienda\/wp-json\/wp\/v2\/product_cat?post=268419"},{"taxonomy":"product_tag","embeddable":true,"href":"https:\/\/compuviper.mx\/tienda\/wp-json\/wp\/v2\/product_tag?post=268419"}],"curies":[{"name":"wp","href":"https:\/\/api.w.org\/{rel}","templated":true}]}}