{"id":268416,"date":"2026-04-02T00:54:39","date_gmt":"2026-04-02T06:54:39","guid":{"rendered":"https:\/\/compuviper.mx\/tienda\/producto\/ghia-mg2725-monitor-27-pulg-led-ips-full-hd-1920-x-1080-frameless-120-hz-freesync-hdmi-dp-vga-bocinas-integradas\/"},"modified":"2026-04-02T00:54:39","modified_gmt":"2026-04-02T06:54:39","slug":"ghia-mg2725-monitor-27-pulg-led-ips-full-hd-1920-x-1080-frameless-120-hz-freesync-hdmi-dp-vga-bocinas-integradas","status":"publish","type":"product","link":"https:\/\/compuviper.mx\/tienda\/producto\/ghia-mg2725-monitor-27-pulg-led-ips-full-hd-1920-x-1080-frameless-120-hz-freesync-hdmi-dp-vga-bocinas-integradas\/","title":{"rendered":"Ghia Mg2725 Monitor   \/ 27 Pulg \/ Led \/ Ips \/ Full Hd 1920 X 1080 \/ Frameless \/ 120 Hz \/ Freesync \/ Hdmi \/ Dp \/ Vga \/ Bocinas Integradas"},"content":{"rendered":"<table class=\"descripcion\">\n<tr>\n<td>Tipo de pantalla: led ips<\/td>\n<\/tr>\n<tr>\n<td>Pantalla visible 27 68.58 cm<\/td>\n<\/tr>\n<tr>\n<td>Frameless<\/td>\n<\/tr>\n<tr>\n<td>Recubrimiento anti reflejante<\/td>\n<\/tr>\n<tr>\n<td>Pixel pitch: 311.4h x 311.4v<\/td>\n<\/tr>\n<tr>\n<td>Relacin de aspecto: 16:9<\/td>\n<\/tr>\n<tr>\n<td>Resolucion maxima: 1920 x 1080, 120 hz<\/td>\n<\/tr>\n<tr>\n<td>Freesync<\/td>\n<\/tr>\n<tr>\n<td>Color: 16.7 millones de colores<\/td>\n<\/tr>\n<tr>\n<td>Contraste: 1 000:1typical<\/td>\n<\/tr>\n<tr>\n<td>Dcr: 1 000 000 : 1<\/td>\n<\/tr>\n<tr>\n<td>Brillo: 250 cd\/m2<\/td>\n<\/tr>\n<tr>\n<td>Tiempo de respuesta: 4 mseg<\/td>\n<\/tr>\n<tr>\n<td>Angulo de vision: h:178 v:178<\/td>\n<\/tr>\n<tr>\n<td>Bocinas incluidas 1w rms<\/td>\n<\/tr>\n<tr>\n<td>Entrada de seal: vga \/ hdmi \/ dp<\/td>\n<\/tr>\n<tr>\n<td>Audio: entrada 3.5mm<\/td>\n<\/tr>\n<tr>\n<td>Entrada de corriente: 100-240v, 50-60 hz<\/td>\n<\/tr>\n<tr>\n<td>Consumo activo 36 w<\/td>\n<\/tr>\n<tr>\n<td>Consumo en espera  = 0.5 w<\/td>\n<\/tr>\n<tr>\n<td>Dimensiones del producto con base: l=614w=458h=114mm<\/td>\n<\/tr>\n<tr>\n<td>Compatible con soporte vesa 75 x 75 mm<\/td>\n<\/tr>\n<tr>\n<td>Cable hdmi 1.5m<\/td>\n<\/tr>\n<tr>\n<td>Garantia de 3 anos<\/td>\n<\/tr>\n<\/table>\n","protected":false},"excerpt":{"rendered":"<p>La mejor calidad de imagen al mejor precio solo con ghia. Para hogar y negocio la mejor opcion. Con mas de 30 centros de servio a nivel nacional<\/p>\n","protected":false},"featured_media":0,"comment_status":"open","ping_status":"open","template":"","meta":[],"product_cat":[1740,1741],"product_tag":[1548],"acf":[],"yoast_head":"<!-- This site is optimized with the Yoast SEO plugin v21.7 - https:\/\/yoast.com\/wordpress\/plugins\/seo\/ -->\n<title>[ Ghia ] &#129351; Mg2725 Monitor \/ 27 Pulg \/ Led \/ Ips \/ Full Hd 1920 X 1080 \/ Frameless \/ 120 Hz \/ Freesync \/ Hdmi \/ Dp \/ Vga \/ Bocinas Integradas<\/title>\n<meta name=\"description\" content=\"Compra Mg2725 Monitor \/ 27 Pulg \/ Led \/ Ips \/ Full Hd 1920 X 1080 \/ Frameless \/ 120 Hz \/ Freesync \/ Hdmi \/ Dp \/ Vga \/ Bocinas Integradas + Env\u00edo a domicilio + Pago seguro + Garant\u00eda\" \/>\n<meta name=\"robots\" content=\"index, follow, max-snippet:-1, max-image-preview:large, max-video-preview:-1\" \/>\n<link rel=\"canonical\" href=\"https:\/\/compuviper.mx\/tienda\/producto\/ghia-mg2725-monitor-27-pulg-led-ips-full-hd-1920-x-1080-frameless-120-hz-freesync-hdmi-dp-vga-bocinas-integradas\/\" \/>\n<meta property=\"og:locale\" content=\"es_MX\" \/>\n<meta property=\"og:type\" content=\"article\" \/>\n<meta property=\"og:title\" content=\"[ Ghia ] &#129351; Mg2725 Monitor \/ 27 Pulg \/ Led \/ Ips \/ Full Hd 1920 X 1080 \/ Frameless \/ 120 Hz \/ Freesync \/ Hdmi \/ Dp \/ Vga \/ Bocinas Integradas\" \/>\n<meta property=\"og:description\" content=\"Compra Mg2725 Monitor \/ 27 Pulg \/ Led \/ Ips \/ Full Hd 1920 X 1080 \/ Frameless \/ 120 Hz \/ Freesync \/ Hdmi \/ Dp \/ Vga \/ Bocinas Integradas + Env\u00edo a domicilio + Pago seguro + Garant\u00eda\" \/>\n<meta property=\"og:url\" content=\"https:\/\/compuviper.mx\/tienda\/producto\/ghia-mg2725-monitor-27-pulg-led-ips-full-hd-1920-x-1080-frameless-120-hz-freesync-hdmi-dp-vga-bocinas-integradas\/\" \/>\n<meta property=\"og:site_name\" content=\"Compuviper\" \/>\n<meta property=\"article:publisher\" content=\"https:\/\/www.facebook.com\/compuviper\" \/>\n<meta name=\"twitter:card\" content=\"summary_large_image\" \/>\n<meta name=\"twitter:label1\" content=\"Precio\" \/>\n\t<meta name=\"twitter:data1\" content=\"&#36;1,597 con IVA\" \/>\n\t<meta name=\"twitter:label2\" content=\"Availability\" \/>\n\t<meta name=\"twitter:data2\" content=\"In stock\" \/>\n<script type=\"application\/ld+json\" class=\"yoast-schema-graph\">{\"@context\":\"https:\/\/schema.org\",\"@graph\":[{\"@type\":\"WebPage\",\"@id\":\"https:\/\/compuviper.mx\/tienda\/producto\/ghia-mg2725-monitor-27-pulg-led-ips-full-hd-1920-x-1080-frameless-120-hz-freesync-hdmi-dp-vga-bocinas-integradas\/\",\"url\":\"https:\/\/compuviper.mx\/tienda\/producto\/ghia-mg2725-monitor-27-pulg-led-ips-full-hd-1920-x-1080-frameless-120-hz-freesync-hdmi-dp-vga-bocinas-integradas\/\",\"name\":\"[ Ghia ] &#129351; Mg2725 Monitor \/ 27 Pulg \/ Led \/ Ips \/ Full Hd 1920 X 1080 \/ Frameless \/ 120 Hz \/ Freesync \/ Hdmi \/ Dp \/ Vga \/ Bocinas Integradas\",\"isPartOf\":{\"@id\":\"https:\/\/compuviper.mx\/tienda\/#website\"},\"datePublished\":\"2026-04-02T06:54:39+00:00\",\"dateModified\":\"2026-04-02T06:54:39+00:00\",\"description\":\"Compra Mg2725 Monitor \/ 27 Pulg \/ Led \/ Ips \/ Full Hd 1920 X 1080 \/ Frameless \/ 120 Hz \/ Freesync \/ Hdmi \/ Dp \/ Vga \/ Bocinas Integradas + Env\u00edo a domicilio + Pago seguro + Garant\u00eda\",\"breadcrumb\":{\"@id\":\"https:\/\/compuviper.mx\/tienda\/producto\/ghia-mg2725-monitor-27-pulg-led-ips-full-hd-1920-x-1080-frameless-120-hz-freesync-hdmi-dp-vga-bocinas-integradas\/#breadcrumb\"},\"inLanguage\":\"es-MX\",\"potentialAction\":[{\"@type\":\"ReadAction\",\"target\":[\"https:\/\/compuviper.mx\/tienda\/producto\/ghia-mg2725-monitor-27-pulg-led-ips-full-hd-1920-x-1080-frameless-120-hz-freesync-hdmi-dp-vga-bocinas-integradas\/\"]}]},{\"@type\":\"BreadcrumbList\",\"@id\":\"https:\/\/compuviper.mx\/tienda\/producto\/ghia-mg2725-monitor-27-pulg-led-ips-full-hd-1920-x-1080-frameless-120-hz-freesync-hdmi-dp-vga-bocinas-integradas\/#breadcrumb\",\"itemListElement\":[{\"@type\":\"ListItem\",\"position\":1,\"name\":\"Inicio\",\"item\":\"https:\/\/compuviper.mx\/tienda\/\"},{\"@type\":\"ListItem\",\"position\":2,\"name\":\"Productos\",\"item\":\"https:\/\/compuviper.mx\/tienda\/productos\/\"},{\"@type\":\"ListItem\",\"position\":3,\"name\":\"Ghia Mg2725 Monitor \/ 27 Pulg \/ Led \/ Ips \/ Full Hd 1920 X 1080 \/ Frameless \/ 120 Hz \/ Freesync \/ Hdmi \/ Dp \/ Vga \/ Bocinas Integradas\"}]},{\"@type\":\"WebSite\",\"@id\":\"https:\/\/compuviper.mx\/tienda\/#website\",\"url\":\"https:\/\/compuviper.mx\/tienda\/\",\"name\":\"Compuviper\",\"description\":\"Proveedor de Computadoras, Laptops, Servidores, Monitores, Puntos de Venta, Teclados,   Impresoras, T\u00f3ner, C\u00e1maras de Seguridad y m\u00e1s en tu tienda en l\u00ednea\",\"publisher\":{\"@id\":\"https:\/\/compuviper.mx\/tienda\/#organization\"},\"potentialAction\":[{\"@type\":\"SearchAction\",\"target\":{\"@type\":\"EntryPoint\",\"urlTemplate\":\"https:\/\/compuviper.mx\/tienda\/?s={search_term_string}\"},\"query-input\":\"required name=search_term_string\"}],\"inLanguage\":\"es-MX\"},{\"@type\":\"Organization\",\"@id\":\"https:\/\/compuviper.mx\/tienda\/#organization\",\"name\":\"Compuviper\",\"url\":\"https:\/\/compuviper.mx\/tienda\/\",\"logo\":{\"@type\":\"ImageObject\",\"inLanguage\":\"es-MX\",\"@id\":\"https:\/\/compuviper.mx\/tienda\/#\/schema\/logo\/image\/\",\"url\":\"https:\/\/compuviper.mx\/tienda\/wp-content\/uploads\/2021\/08\/Logo-Compuviper-10.png\",\"contentUrl\":\"https:\/\/compuviper.mx\/tienda\/wp-content\/uploads\/2021\/08\/Logo-Compuviper-10.png\",\"width\":1000,\"height\":500,\"caption\":\"Compuviper\"},\"image\":{\"@id\":\"https:\/\/compuviper.mx\/tienda\/#\/schema\/logo\/image\/\"},\"sameAs\":[\"https:\/\/www.facebook.com\/compuviper\",\"https:\/\/www.youtube.com\/channel\/UCf73dERp9Y3cfOq7q8BhLjA?view_as=subscriber\"]}]}<\/script>\n<meta property=\"product:brand\" content=\"GHIA\" \/>\n<meta property=\"product:price:amount\" content=\"1597\" \/>\n<meta property=\"product:price:currency\" content=\"MXN\" \/>\n<meta property=\"og:availability\" content=\"instock\" \/>\n<meta property=\"product:availability\" content=\"instock\" \/>\n<meta property=\"product:retailer_item_id\" content=\"MG2725\" \/>\n<meta property=\"product:condition\" content=\"new\" \/>\n<!-- \/ Yoast SEO plugin. -->","yoast_head_json":{"title":"[ Ghia ] &#129351; Mg2725 Monitor \/ 27 Pulg \/ Led \/ Ips \/ Full Hd 1920 X 1080 \/ Frameless \/ 120 Hz \/ Freesync \/ Hdmi \/ Dp \/ Vga \/ Bocinas Integradas","description":"Compra Mg2725 Monitor \/ 27 Pulg \/ Led \/ Ips \/ Full Hd 1920 X 1080 \/ Frameless \/ 120 Hz \/ Freesync \/ Hdmi \/ Dp \/ Vga \/ Bocinas Integradas + Env\u00edo a domicilio + Pago seguro + Garant\u00eda","robots":{"index":"index","follow":"follow","max-snippet":"max-snippet:-1","max-image-preview":"max-image-preview:large","max-video-preview":"max-video-preview:-1"},"canonical":"https:\/\/compuviper.mx\/tienda\/producto\/ghia-mg2725-monitor-27-pulg-led-ips-full-hd-1920-x-1080-frameless-120-hz-freesync-hdmi-dp-vga-bocinas-integradas\/","og_locale":"es_MX","og_type":"article","og_title":"[ Ghia ] &#129351; Mg2725 Monitor \/ 27 Pulg \/ Led \/ Ips \/ Full Hd 1920 X 1080 \/ Frameless \/ 120 Hz \/ Freesync \/ Hdmi \/ Dp \/ Vga \/ Bocinas Integradas","og_description":"Compra Mg2725 Monitor \/ 27 Pulg \/ Led \/ Ips \/ Full Hd 1920 X 1080 \/ Frameless \/ 120 Hz \/ Freesync \/ Hdmi \/ Dp \/ Vga \/ Bocinas Integradas + Env\u00edo a domicilio + Pago seguro + Garant\u00eda","og_url":"https:\/\/compuviper.mx\/tienda\/producto\/ghia-mg2725-monitor-27-pulg-led-ips-full-hd-1920-x-1080-frameless-120-hz-freesync-hdmi-dp-vga-bocinas-integradas\/","og_site_name":"Compuviper","article_publisher":"https:\/\/www.facebook.com\/compuviper","twitter_card":"summary_large_image","twitter_misc":{"Precio":"&#36;1,597 con IVA","Availability":"In stock"},"schema":{"@context":"https:\/\/schema.org","@graph":[{"@type":"WebPage","@id":"https:\/\/compuviper.mx\/tienda\/producto\/ghia-mg2725-monitor-27-pulg-led-ips-full-hd-1920-x-1080-frameless-120-hz-freesync-hdmi-dp-vga-bocinas-integradas\/","url":"https:\/\/compuviper.mx\/tienda\/producto\/ghia-mg2725-monitor-27-pulg-led-ips-full-hd-1920-x-1080-frameless-120-hz-freesync-hdmi-dp-vga-bocinas-integradas\/","name":"[ Ghia ] &#129351; Mg2725 Monitor \/ 27 Pulg \/ Led \/ Ips \/ Full Hd 1920 X 1080 \/ Frameless \/ 120 Hz \/ Freesync \/ Hdmi \/ Dp \/ Vga \/ Bocinas Integradas","isPartOf":{"@id":"https:\/\/compuviper.mx\/tienda\/#website"},"datePublished":"2026-04-02T06:54:39+00:00","dateModified":"2026-04-02T06:54:39+00:00","description":"Compra Mg2725 Monitor \/ 27 Pulg \/ Led \/ Ips \/ Full Hd 1920 X 1080 \/ Frameless \/ 120 Hz \/ Freesync \/ Hdmi \/ Dp \/ Vga \/ Bocinas Integradas + Env\u00edo a domicilio + Pago seguro + Garant\u00eda","breadcrumb":{"@id":"https:\/\/compuviper.mx\/tienda\/producto\/ghia-mg2725-monitor-27-pulg-led-ips-full-hd-1920-x-1080-frameless-120-hz-freesync-hdmi-dp-vga-bocinas-integradas\/#breadcrumb"},"inLanguage":"es-MX","potentialAction":[{"@type":"ReadAction","target":["https:\/\/compuviper.mx\/tienda\/producto\/ghia-mg2725-monitor-27-pulg-led-ips-full-hd-1920-x-1080-frameless-120-hz-freesync-hdmi-dp-vga-bocinas-integradas\/"]}]},{"@type":"BreadcrumbList","@id":"https:\/\/compuviper.mx\/tienda\/producto\/ghia-mg2725-monitor-27-pulg-led-ips-full-hd-1920-x-1080-frameless-120-hz-freesync-hdmi-dp-vga-bocinas-integradas\/#breadcrumb","itemListElement":[{"@type":"ListItem","position":1,"name":"Inicio","item":"https:\/\/compuviper.mx\/tienda\/"},{"@type":"ListItem","position":2,"name":"Productos","item":"https:\/\/compuviper.mx\/tienda\/productos\/"},{"@type":"ListItem","position":3,"name":"Ghia Mg2725 Monitor \/ 27 Pulg \/ Led \/ Ips \/ Full Hd 1920 X 1080 \/ Frameless \/ 120 Hz \/ Freesync \/ Hdmi \/ Dp \/ Vga \/ Bocinas Integradas"}]},{"@type":"WebSite","@id":"https:\/\/compuviper.mx\/tienda\/#website","url":"https:\/\/compuviper.mx\/tienda\/","name":"Compuviper","description":"Proveedor de Computadoras, Laptops, Servidores, Monitores, Puntos de Venta, Teclados,   Impresoras, T\u00f3ner, C\u00e1maras de Seguridad y m\u00e1s en tu tienda en l\u00ednea","publisher":{"@id":"https:\/\/compuviper.mx\/tienda\/#organization"},"potentialAction":[{"@type":"SearchAction","target":{"@type":"EntryPoint","urlTemplate":"https:\/\/compuviper.mx\/tienda\/?s={search_term_string}"},"query-input":"required name=search_term_string"}],"inLanguage":"es-MX"},{"@type":"Organization","@id":"https:\/\/compuviper.mx\/tienda\/#organization","name":"Compuviper","url":"https:\/\/compuviper.mx\/tienda\/","logo":{"@type":"ImageObject","inLanguage":"es-MX","@id":"https:\/\/compuviper.mx\/tienda\/#\/schema\/logo\/image\/","url":"https:\/\/compuviper.mx\/tienda\/wp-content\/uploads\/2021\/08\/Logo-Compuviper-10.png","contentUrl":"https:\/\/compuviper.mx\/tienda\/wp-content\/uploads\/2021\/08\/Logo-Compuviper-10.png","width":1000,"height":500,"caption":"Compuviper"},"image":{"@id":"https:\/\/compuviper.mx\/tienda\/#\/schema\/logo\/image\/"},"sameAs":["https:\/\/www.facebook.com\/compuviper","https:\/\/www.youtube.com\/channel\/UCf73dERp9Y3cfOq7q8BhLjA?view_as=subscriber"]}]},"product_brand":"GHIA","product_price_amount":"1597","product_price_currency":"MXN","og_availability":"instock","product_availability":"instock","product_retailer_item_id":"MG2725","product_condition":"new"},"_links":{"self":[{"href":"https:\/\/compuviper.mx\/tienda\/wp-json\/wp\/v2\/product\/268416"}],"collection":[{"href":"https:\/\/compuviper.mx\/tienda\/wp-json\/wp\/v2\/product"}],"about":[{"href":"https:\/\/compuviper.mx\/tienda\/wp-json\/wp\/v2\/types\/product"}],"replies":[{"embeddable":true,"href":"https:\/\/compuviper.mx\/tienda\/wp-json\/wp\/v2\/comments?post=268416"}],"wp:attachment":[{"href":"https:\/\/compuviper.mx\/tienda\/wp-json\/wp\/v2\/media?parent=268416"}],"wp:term":[{"taxonomy":"product_cat","embeddable":true,"href":"https:\/\/compuviper.mx\/tienda\/wp-json\/wp\/v2\/product_cat?post=268416"},{"taxonomy":"product_tag","embeddable":true,"href":"https:\/\/compuviper.mx\/tienda\/wp-json\/wp\/v2\/product_tag?post=268416"}],"curies":[{"name":"wp","href":"https:\/\/api.w.org\/{rel}","templated":true}]}}