{"id":268407,"date":"2026-04-02T00:42:34","date_gmt":"2026-04-02T06:42:34","guid":{"rendered":"https:\/\/compuviper.mx\/tienda\/producto\/acteck-ac-940115-teclado-inspire-trek-ti747-inalambrico-multidispositivo-dual-windows-mac-android-espaol-99-teclas-multimedia-dongle-usb-bt-5-1-cable-usb-recargable-blanco\/"},"modified":"2026-04-02T00:42:34","modified_gmt":"2026-04-02T06:42:34","slug":"acteck-ac-940115-teclado-inspire-trek-ti747-inalambrico-multidispositivo-dual-windows-mac-android-espaol-99-teclas-multimedia-dongle-usb-bt-5-1-cable-usb-recargable-blanco","status":"publish","type":"product","link":"https:\/\/compuviper.mx\/tienda\/producto\/acteck-ac-940115-teclado-inspire-trek-ti747-inalambrico-multidispositivo-dual-windows-mac-android-espaol-99-teclas-multimedia-dongle-usb-bt-5-1-cable-usb-recargable-blanco\/","title":{"rendered":"Acteck Ac-940115 Teclado  Inspire Trek Ti747 \/ Inalambrico \/ Multidispositivo Dual \/ Windows &#8211; Mac -android \/ Espa?ol \/ 99 Teclas \/ Multimedia \/ Dongle Usb &#8211; Bt 5.1 &#8211; Cable Usb \/ Recargable \/ Blanco \/"},"content":{"rendered":"<table class=\"descripcion\">\n<tr>\n<td>Especificaciones teclado<\/td>\n<\/tr>\n<tr>\n<td>\u0095producto: teclado inalambrico<\/td>\n<\/tr>\n<tr>\n<td>\u0095sku: ac-940115<\/td>\n<\/tr>\n<tr>\n<td>\u0095materiales: abs<\/td>\n<\/tr>\n<tr>\n<td>\u0095dimensiones: 37.4 x 14 x 2.6 cm<\/td>\n<\/tr>\n<tr>\n<td>\u0095peso: 620 g<\/td>\n<\/tr>\n<tr>\n<td>\u0095compatibilidad: windows \/ mac \/ android<\/td>\n<\/tr>\n<tr>\n<td>\u0095idioma: espaol<\/td>\n<\/tr>\n<tr>\n<td>\u0095numero de teclas: 99<\/td>\n<\/tr>\n<tr>\n<td>\u0095tipo de impresion: uv<\/td>\n<\/tr>\n<tr>\n<td>\u0095teclas multimedia: 4<\/td>\n<\/tr>\n<tr>\n<td>\u0095teclas funcion multimedia fn: 12<\/td>\n<\/tr>\n<tr>\n<td>\u0095tecnologia del teclado: membrana tipo tijera<\/td>\n<\/tr>\n<tr>\n<td>\u0095antighosting: si<\/td>\n<\/tr>\n<tr>\n<td>\u0095alambrico<\/td>\n<\/tr>\n<tr>\n<td>       &#8211; tipo de conector: usb c- usb a<\/td>\n<\/tr>\n<tr>\n<td>       &#8211; tamao de cable: 80 cm<\/td>\n<\/tr>\n<tr>\n<td>\u0095inalambrico<\/td>\n<\/tr>\n<tr>\n<td>       &#8211; tipo de conexion: 2.4 mhz  bluetooth 5.1<\/td>\n<\/tr>\n<tr>\n<td>       &#8211; distancia max: 10 m<\/td>\n<\/tr>\n<tr>\n<td>       &#8211; no. de dispositivos: 5 dispositivos<\/td>\n<\/tr>\n<tr>\n<td>\u0095caracteristica electrica<\/td>\n<\/tr>\n<tr>\n<td>       &#8211; bateria: recargable litio 5v 500 mah<\/td>\n<\/tr>\n<tr>\n<td>       &#8211; carga: 2 horas<\/td>\n<\/tr>\n<tr>\n<td>       &#8211; duracion: 70 horas<\/td>\n<\/tr>\n<tr>\n<td>\u0095codigo ean-13: 7506215940108<\/td>\n<\/tr>\n<\/table>\n","protected":false},"excerpt":{"rendered":"<p>Especificaciones teclado \u0095producto: teclado inalambrico \u0095sku: ac-940115 \u0095materiales: abs \u0095dimensiones: 37.4 x 14 x 2.6 cm \u0095peso: 620 g \u0095compatibilidad: windows \/ mac \/ android \u0095idioma: espaol \u0095numero de teclas: 99 \u0095tipo de impresion: uv \u0095teclas multimedia: 4 \u0095teclas funcion multimedia fn: 12 \u0095tecnologia del teclado: membrana tipo tijera \u0095antighosting: si \u0095alambrico &#8211; tipo de [&hellip;]<\/p>\n","protected":false},"featured_media":268408,"comment_status":"open","ping_status":"open","template":"","meta":[],"product_cat":[1713,1716],"product_tag":[1582],"acf":[],"yoast_head":"<!-- This site is optimized with the Yoast SEO plugin v21.7 - https:\/\/yoast.com\/wordpress\/plugins\/seo\/ -->\n<title>[ Acteck ] &#129351; Ac-940115 Teclado Inspire Trek Ti747 \/ Inalambrico \/ Multidispositivo Dual \/ Windows - Mac -android \/ Espa\u00f1ol \/ 99 Teclas \/ Multimedia \/ Dongle Usb - Bt 5.1 - Cable Usb \/ Recargable \/ Blanco \/<\/title>\n<meta name=\"description\" content=\"Compra Ac-940115 Teclado Inspire Trek Ti747 \/ Inalambrico \/ Multidispositivo Dual \/ Windows - Mac -android \/ Espa\u00f1ol \/ 99 Teclas \/ Multimedia \/ Dongle Usb - Bt 5.1 - Cable Usb \/ Recargable \/ Blanco \/ + Env\u00edo a domicilio + Pago seguro + Garant\u00eda\" \/>\n<meta name=\"robots\" content=\"index, follow, max-snippet:-1, max-image-preview:large, max-video-preview:-1\" \/>\n<link rel=\"canonical\" href=\"https:\/\/compuviper.mx\/tienda\/producto\/acteck-ac-940115-teclado-inspire-trek-ti747-inalambrico-multidispositivo-dual-windows-mac-android-espaol-99-teclas-multimedia-dongle-usb-bt-5-1-cable-usb-recargable-blanco\/\" \/>\n<meta property=\"og:locale\" content=\"es_MX\" \/>\n<meta property=\"og:type\" content=\"article\" \/>\n<meta property=\"og:title\" content=\"[ Acteck ] &#129351; Ac-940115 Teclado Inspire Trek Ti747 \/ Inalambrico \/ Multidispositivo Dual \/ Windows - Mac -android \/ Espa\u00f1ol \/ 99 Teclas \/ Multimedia \/ Dongle Usb - Bt 5.1 - Cable Usb \/ Recargable \/ Blanco \/\" \/>\n<meta property=\"og:description\" content=\"Compra Ac-940115 Teclado Inspire Trek Ti747 \/ Inalambrico \/ Multidispositivo Dual \/ Windows - Mac -android \/ Espa\u00f1ol \/ 99 Teclas \/ Multimedia \/ Dongle Usb - Bt 5.1 - Cable Usb \/ Recargable \/ Blanco \/ + Env\u00edo a domicilio + Pago seguro + Garant\u00eda\" \/>\n<meta property=\"og:url\" content=\"https:\/\/compuviper.mx\/tienda\/producto\/acteck-ac-940115-teclado-inspire-trek-ti747-inalambrico-multidispositivo-dual-windows-mac-android-espaol-99-teclas-multimedia-dongle-usb-bt-5-1-cable-usb-recargable-blanco\/\" \/>\n<meta property=\"og:site_name\" content=\"Compuviper\" \/>\n<meta property=\"article:publisher\" content=\"https:\/\/www.facebook.com\/compuviper\" \/>\n<meta property=\"og:image\" content=\"https:\/\/compuviper.mx\/tienda\/wp-content\/uploads\/2026\/04\/Teclado-acteck-inspire-trek-ti747-inalambrico-multidispositivo-dual-windows-mac-android-espanol-99-teclas-multimedia-dongle-usb-bt-5.1-cable-usb-recargable-blanco-ac-940115.jpg\" \/>\n\t<meta property=\"og:image:width\" content=\"200\" \/>\n\t<meta property=\"og:image:height\" content=\"200\" \/>\n\t<meta property=\"og:image:type\" content=\"image\/jpeg\" \/>\n<meta name=\"twitter:card\" content=\"summary_large_image\" \/>\n<meta name=\"twitter:label1\" content=\"Precio\" \/>\n\t<meta name=\"twitter:data1\" content=\"&#36;383 con IVA\" \/>\n\t<meta name=\"twitter:label2\" content=\"Availability\" \/>\n\t<meta name=\"twitter:data2\" content=\"Out of stock\" \/>\n<script type=\"application\/ld+json\" class=\"yoast-schema-graph\">{\"@context\":\"https:\/\/schema.org\",\"@graph\":[{\"@type\":\"WebPage\",\"@id\":\"https:\/\/compuviper.mx\/tienda\/producto\/acteck-ac-940115-teclado-inspire-trek-ti747-inalambrico-multidispositivo-dual-windows-mac-android-espaol-99-teclas-multimedia-dongle-usb-bt-5-1-cable-usb-recargable-blanco\/\",\"url\":\"https:\/\/compuviper.mx\/tienda\/producto\/acteck-ac-940115-teclado-inspire-trek-ti747-inalambrico-multidispositivo-dual-windows-mac-android-espaol-99-teclas-multimedia-dongle-usb-bt-5-1-cable-usb-recargable-blanco\/\",\"name\":\"[ Acteck ] &#129351; Ac-940115 Teclado Inspire Trek Ti747 \/ Inalambrico \/ Multidispositivo Dual \/ Windows - Mac -android \/ Espa\u00f1ol \/ 99 Teclas \/ Multimedia \/ Dongle Usb - Bt 5.1 - Cable Usb \/ Recargable \/ Blanco \/\",\"isPartOf\":{\"@id\":\"https:\/\/compuviper.mx\/tienda\/#website\"},\"datePublished\":\"2026-04-02T06:42:34+00:00\",\"dateModified\":\"2026-04-02T06:42:34+00:00\",\"description\":\"Compra Ac-940115 Teclado Inspire Trek Ti747 \/ Inalambrico \/ Multidispositivo Dual \/ Windows - Mac -android \/ Espa\u00f1ol \/ 99 Teclas \/ Multimedia \/ Dongle Usb - Bt 5.1 - Cable Usb \/ Recargable \/ Blanco \/ + Env\u00edo a domicilio + Pago seguro + Garant\u00eda\",\"breadcrumb\":{\"@id\":\"https:\/\/compuviper.mx\/tienda\/producto\/acteck-ac-940115-teclado-inspire-trek-ti747-inalambrico-multidispositivo-dual-windows-mac-android-espaol-99-teclas-multimedia-dongle-usb-bt-5-1-cable-usb-recargable-blanco\/#breadcrumb\"},\"inLanguage\":\"es-MX\",\"potentialAction\":[{\"@type\":\"ReadAction\",\"target\":[\"https:\/\/compuviper.mx\/tienda\/producto\/acteck-ac-940115-teclado-inspire-trek-ti747-inalambrico-multidispositivo-dual-windows-mac-android-espaol-99-teclas-multimedia-dongle-usb-bt-5-1-cable-usb-recargable-blanco\/\"]}]},{\"@type\":\"BreadcrumbList\",\"@id\":\"https:\/\/compuviper.mx\/tienda\/producto\/acteck-ac-940115-teclado-inspire-trek-ti747-inalambrico-multidispositivo-dual-windows-mac-android-espaol-99-teclas-multimedia-dongle-usb-bt-5-1-cable-usb-recargable-blanco\/#breadcrumb\",\"itemListElement\":[{\"@type\":\"ListItem\",\"position\":1,\"name\":\"Inicio\",\"item\":\"https:\/\/compuviper.mx\/tienda\/\"},{\"@type\":\"ListItem\",\"position\":2,\"name\":\"Productos\",\"item\":\"https:\/\/compuviper.mx\/tienda\/productos\/\"},{\"@type\":\"ListItem\",\"position\":3,\"name\":\"Acteck Ac-940115 Teclado Inspire Trek Ti747 \/ Inalambrico \/ Multidispositivo Dual \/ Windows &#8211; Mac -android \/ Espa?ol \/ 99 Teclas \/ Multimedia \/ Dongle Usb &#8211; Bt 5.1 &#8211; Cable Usb \/ Recargable \/ Blanco \/\"}]},{\"@type\":\"WebSite\",\"@id\":\"https:\/\/compuviper.mx\/tienda\/#website\",\"url\":\"https:\/\/compuviper.mx\/tienda\/\",\"name\":\"Compuviper\",\"description\":\"Proveedor de Computadoras, Laptops, Servidores, Monitores, Puntos de Venta, Teclados,   Impresoras, T\u00f3ner, C\u00e1maras de Seguridad y m\u00e1s en tu tienda en l\u00ednea\",\"publisher\":{\"@id\":\"https:\/\/compuviper.mx\/tienda\/#organization\"},\"potentialAction\":[{\"@type\":\"SearchAction\",\"target\":{\"@type\":\"EntryPoint\",\"urlTemplate\":\"https:\/\/compuviper.mx\/tienda\/?s={search_term_string}\"},\"query-input\":\"required name=search_term_string\"}],\"inLanguage\":\"es-MX\"},{\"@type\":\"Organization\",\"@id\":\"https:\/\/compuviper.mx\/tienda\/#organization\",\"name\":\"Compuviper\",\"url\":\"https:\/\/compuviper.mx\/tienda\/\",\"logo\":{\"@type\":\"ImageObject\",\"inLanguage\":\"es-MX\",\"@id\":\"https:\/\/compuviper.mx\/tienda\/#\/schema\/logo\/image\/\",\"url\":\"https:\/\/compuviper.mx\/tienda\/wp-content\/uploads\/2021\/08\/Logo-Compuviper-10.png\",\"contentUrl\":\"https:\/\/compuviper.mx\/tienda\/wp-content\/uploads\/2021\/08\/Logo-Compuviper-10.png\",\"width\":1000,\"height\":500,\"caption\":\"Compuviper\"},\"image\":{\"@id\":\"https:\/\/compuviper.mx\/tienda\/#\/schema\/logo\/image\/\"},\"sameAs\":[\"https:\/\/www.facebook.com\/compuviper\",\"https:\/\/www.youtube.com\/channel\/UCf73dERp9Y3cfOq7q8BhLjA?view_as=subscriber\"]}]}<\/script>\n<meta property=\"product:brand\" content=\"ACTECK\" \/>\n<meta property=\"product:price:amount\" content=\"383\" \/>\n<meta property=\"product:price:currency\" content=\"MXN\" \/>\n<meta property=\"og:availability\" content=\"out of stock\" \/>\n<meta property=\"product:availability\" content=\"out of stock\" \/>\n<meta property=\"product:retailer_item_id\" content=\"AC-940115\" \/>\n<meta property=\"product:condition\" content=\"new\" \/>\n<!-- \/ Yoast SEO plugin. -->","yoast_head_json":{"title":"[ Acteck ] &#129351; Ac-940115 Teclado Inspire Trek Ti747 \/ Inalambrico \/ Multidispositivo Dual \/ Windows - Mac -android \/ Espa\u00f1ol \/ 99 Teclas \/ Multimedia \/ Dongle Usb - Bt 5.1 - Cable Usb \/ Recargable \/ Blanco \/","description":"Compra Ac-940115 Teclado Inspire Trek Ti747 \/ Inalambrico \/ Multidispositivo Dual \/ Windows - Mac -android \/ Espa\u00f1ol \/ 99 Teclas \/ Multimedia \/ Dongle Usb - Bt 5.1 - Cable Usb \/ Recargable \/ Blanco \/ + Env\u00edo a domicilio + Pago seguro + Garant\u00eda","robots":{"index":"index","follow":"follow","max-snippet":"max-snippet:-1","max-image-preview":"max-image-preview:large","max-video-preview":"max-video-preview:-1"},"canonical":"https:\/\/compuviper.mx\/tienda\/producto\/acteck-ac-940115-teclado-inspire-trek-ti747-inalambrico-multidispositivo-dual-windows-mac-android-espaol-99-teclas-multimedia-dongle-usb-bt-5-1-cable-usb-recargable-blanco\/","og_locale":"es_MX","og_type":"article","og_title":"[ Acteck ] &#129351; Ac-940115 Teclado Inspire Trek Ti747 \/ Inalambrico \/ Multidispositivo Dual \/ Windows - Mac -android \/ Espa\u00f1ol \/ 99 Teclas \/ Multimedia \/ Dongle Usb - Bt 5.1 - Cable Usb \/ Recargable \/ Blanco \/","og_description":"Compra Ac-940115 Teclado Inspire Trek Ti747 \/ Inalambrico \/ Multidispositivo Dual \/ Windows - Mac -android \/ Espa\u00f1ol \/ 99 Teclas \/ Multimedia \/ Dongle Usb - Bt 5.1 - Cable Usb \/ Recargable \/ Blanco \/ + Env\u00edo a domicilio + Pago seguro + Garant\u00eda","og_url":"https:\/\/compuviper.mx\/tienda\/producto\/acteck-ac-940115-teclado-inspire-trek-ti747-inalambrico-multidispositivo-dual-windows-mac-android-espaol-99-teclas-multimedia-dongle-usb-bt-5-1-cable-usb-recargable-blanco\/","og_site_name":"Compuviper","article_publisher":"https:\/\/www.facebook.com\/compuviper","og_image":[{"width":200,"height":200,"url":"https:\/\/compuviper.mx\/tienda\/wp-content\/uploads\/2026\/04\/Teclado-acteck-inspire-trek-ti747-inalambrico-multidispositivo-dual-windows-mac-android-espanol-99-teclas-multimedia-dongle-usb-bt-5.1-cable-usb-recargable-blanco-ac-940115.jpg","type":"image\/jpeg"}],"twitter_card":"summary_large_image","twitter_misc":{"Precio":"&#36;383 con IVA","Availability":"Out of stock"},"schema":{"@context":"https:\/\/schema.org","@graph":[{"@type":"WebPage","@id":"https:\/\/compuviper.mx\/tienda\/producto\/acteck-ac-940115-teclado-inspire-trek-ti747-inalambrico-multidispositivo-dual-windows-mac-android-espaol-99-teclas-multimedia-dongle-usb-bt-5-1-cable-usb-recargable-blanco\/","url":"https:\/\/compuviper.mx\/tienda\/producto\/acteck-ac-940115-teclado-inspire-trek-ti747-inalambrico-multidispositivo-dual-windows-mac-android-espaol-99-teclas-multimedia-dongle-usb-bt-5-1-cable-usb-recargable-blanco\/","name":"[ Acteck ] &#129351; Ac-940115 Teclado Inspire Trek Ti747 \/ Inalambrico \/ Multidispositivo Dual \/ Windows - Mac -android \/ Espa\u00f1ol \/ 99 Teclas \/ Multimedia \/ Dongle Usb - Bt 5.1 - Cable Usb \/ Recargable \/ Blanco \/","isPartOf":{"@id":"https:\/\/compuviper.mx\/tienda\/#website"},"datePublished":"2026-04-02T06:42:34+00:00","dateModified":"2026-04-02T06:42:34+00:00","description":"Compra Ac-940115 Teclado Inspire Trek Ti747 \/ Inalambrico \/ Multidispositivo Dual \/ Windows - Mac -android \/ Espa\u00f1ol \/ 99 Teclas \/ Multimedia \/ Dongle Usb - Bt 5.1 - Cable Usb \/ Recargable \/ Blanco \/ + Env\u00edo a domicilio + Pago seguro + Garant\u00eda","breadcrumb":{"@id":"https:\/\/compuviper.mx\/tienda\/producto\/acteck-ac-940115-teclado-inspire-trek-ti747-inalambrico-multidispositivo-dual-windows-mac-android-espaol-99-teclas-multimedia-dongle-usb-bt-5-1-cable-usb-recargable-blanco\/#breadcrumb"},"inLanguage":"es-MX","potentialAction":[{"@type":"ReadAction","target":["https:\/\/compuviper.mx\/tienda\/producto\/acteck-ac-940115-teclado-inspire-trek-ti747-inalambrico-multidispositivo-dual-windows-mac-android-espaol-99-teclas-multimedia-dongle-usb-bt-5-1-cable-usb-recargable-blanco\/"]}]},{"@type":"BreadcrumbList","@id":"https:\/\/compuviper.mx\/tienda\/producto\/acteck-ac-940115-teclado-inspire-trek-ti747-inalambrico-multidispositivo-dual-windows-mac-android-espaol-99-teclas-multimedia-dongle-usb-bt-5-1-cable-usb-recargable-blanco\/#breadcrumb","itemListElement":[{"@type":"ListItem","position":1,"name":"Inicio","item":"https:\/\/compuviper.mx\/tienda\/"},{"@type":"ListItem","position":2,"name":"Productos","item":"https:\/\/compuviper.mx\/tienda\/productos\/"},{"@type":"ListItem","position":3,"name":"Acteck Ac-940115 Teclado Inspire Trek Ti747 \/ Inalambrico \/ Multidispositivo Dual \/ Windows &#8211; Mac -android \/ Espa?ol \/ 99 Teclas \/ Multimedia \/ Dongle Usb &#8211; Bt 5.1 &#8211; Cable Usb \/ Recargable \/ Blanco \/"}]},{"@type":"WebSite","@id":"https:\/\/compuviper.mx\/tienda\/#website","url":"https:\/\/compuviper.mx\/tienda\/","name":"Compuviper","description":"Proveedor de Computadoras, Laptops, Servidores, Monitores, Puntos de Venta, Teclados,   Impresoras, T\u00f3ner, C\u00e1maras de Seguridad y m\u00e1s en tu tienda en l\u00ednea","publisher":{"@id":"https:\/\/compuviper.mx\/tienda\/#organization"},"potentialAction":[{"@type":"SearchAction","target":{"@type":"EntryPoint","urlTemplate":"https:\/\/compuviper.mx\/tienda\/?s={search_term_string}"},"query-input":"required name=search_term_string"}],"inLanguage":"es-MX"},{"@type":"Organization","@id":"https:\/\/compuviper.mx\/tienda\/#organization","name":"Compuviper","url":"https:\/\/compuviper.mx\/tienda\/","logo":{"@type":"ImageObject","inLanguage":"es-MX","@id":"https:\/\/compuviper.mx\/tienda\/#\/schema\/logo\/image\/","url":"https:\/\/compuviper.mx\/tienda\/wp-content\/uploads\/2021\/08\/Logo-Compuviper-10.png","contentUrl":"https:\/\/compuviper.mx\/tienda\/wp-content\/uploads\/2021\/08\/Logo-Compuviper-10.png","width":1000,"height":500,"caption":"Compuviper"},"image":{"@id":"https:\/\/compuviper.mx\/tienda\/#\/schema\/logo\/image\/"},"sameAs":["https:\/\/www.facebook.com\/compuviper","https:\/\/www.youtube.com\/channel\/UCf73dERp9Y3cfOq7q8BhLjA?view_as=subscriber"]}]},"product_brand":"ACTECK","product_price_amount":"383","product_price_currency":"MXN","og_availability":"out of stock","product_availability":"out of stock","product_retailer_item_id":"AC-940115","product_condition":"new"},"_links":{"self":[{"href":"https:\/\/compuviper.mx\/tienda\/wp-json\/wp\/v2\/product\/268407"}],"collection":[{"href":"https:\/\/compuviper.mx\/tienda\/wp-json\/wp\/v2\/product"}],"about":[{"href":"https:\/\/compuviper.mx\/tienda\/wp-json\/wp\/v2\/types\/product"}],"replies":[{"embeddable":true,"href":"https:\/\/compuviper.mx\/tienda\/wp-json\/wp\/v2\/comments?post=268407"}],"wp:featuredmedia":[{"embeddable":true,"href":"https:\/\/compuviper.mx\/tienda\/wp-json\/wp\/v2\/media\/268408"}],"wp:attachment":[{"href":"https:\/\/compuviper.mx\/tienda\/wp-json\/wp\/v2\/media?parent=268407"}],"wp:term":[{"taxonomy":"product_cat","embeddable":true,"href":"https:\/\/compuviper.mx\/tienda\/wp-json\/wp\/v2\/product_cat?post=268407"},{"taxonomy":"product_tag","embeddable":true,"href":"https:\/\/compuviper.mx\/tienda\/wp-json\/wp\/v2\/product_tag?post=268407"}],"curies":[{"name":"wp","href":"https:\/\/api.w.org\/{rel}","templated":true}]}}