{"id":268405,"date":"2026-04-02T00:42:32","date_gmt":"2026-04-02T06:42:32","guid":{"rendered":"https:\/\/compuviper.mx\/tienda\/producto\/acteck-ac-9417927506215941792-kit-creator-prime-mk455-teclado-y-mouse-alambrico-usb-2-0-windows-espaol-105-teclas-membrana-multimedia-optico-1600-dpi-ajustable-4-botones-bla\/"},"modified":"2026-04-02T00:42:32","modified_gmt":"2026-04-02T06:42:32","slug":"acteck-ac-9417927506215941792-kit-creator-prime-mk455-teclado-y-mouse-alambrico-usb-2-0-windows-espaol-105-teclas-membrana-multimedia-optico-1600-dpi-ajustable-4-botones-bla","status":"publish","type":"product","link":"https:\/\/compuviper.mx\/tienda\/producto\/acteck-ac-9417927506215941792-kit-creator-prime-mk455-teclado-y-mouse-alambrico-usb-2-0-windows-espaol-105-teclas-membrana-multimedia-optico-1600-dpi-ajustable-4-botones-bla\/","title":{"rendered":"Acteck Ac-941792,7506215941792 Kit  Creator Prime Mk455 \/ Teclado Y Mouse \/ Alambrico \/ Usb 2.0 \/ Windows \/ Espa?ol \/ 105 Teclas \/ Membrana \/ Multimedia \/ Optico \/ 1600 Dpi Ajustable \/ 4 Botones \/ Blanco \/ Ac-941792"},"content":{"rendered":"<table class=\"descripcion\">\n<tr>\n<td>Especificaciones teclado<\/td>\n<\/tr>\n<tr>\n<td>\u0095 modelo: ac-941792<\/td>\n<\/tr>\n<tr>\n<td>\u0095 producto: teclado alambrico<\/td>\n<\/tr>\n<tr>\n<td>\u0095 dimensiones: 44.3 x 14.3 x 2.2 cm<\/td>\n<\/tr>\n<tr>\n<td>\u0095 material: abs<\/td>\n<\/tr>\n<tr>\n<td>\u0095 peso: 415 g<\/td>\n<\/tr>\n<tr>\n<td>\u0095 color: blanco<\/td>\n<\/tr>\n<tr>\n<td>\u0095 compatibilidad: windows<\/td>\n<\/tr>\n<tr>\n<td>\u0095 idioma: espa\u00f1ol (latinoamerica)<\/td>\n<\/tr>\n<tr>\n<td>\u0095 formato: 100%<\/td>\n<\/tr>\n<tr>\n<td>\u0095 tipo de tecla: membrana<\/td>\n<\/tr>\n<tr>\n<td>\u0095 anti-ghosting: si<\/td>\n<\/tr>\n<tr>\n<td>\u0095 conectividad: alambrico<\/td>\n<\/tr>\n<tr>\n<td>\u0095 tipo de conector: usb 2.0<\/td>\n<\/tr>\n<tr>\n<td>\u0095 tipo de cable: pvc<\/td>\n<\/tr>\n<tr>\n<td>\u0095 longitud de cable: 1.5 m<\/td>\n<\/tr>\n<tr>\n<td>\u0095 fabricacion: uv printing<\/td>\n<\/tr>\n<tr>\n<td>\u0095 num. de teclas: 105 teclas<\/td>\n<\/tr>\n<tr>\n<td>\u0095 teclas multimedia: 8 teclas<\/td>\n<\/tr>\n<tr>\n<td>\u0095 caracts. electricas: alimentacion 5 v and #9107;<\/td>\n<\/tr>\n<tr>\n<td>\u0095 altura ajustable: si<\/td>\n<\/tr>\n<tr>\n<td>Especificaciones del mouse<\/td>\n<\/tr>\n<tr>\n<td>\u0095 producto: mouse inalambrico<\/td>\n<\/tr>\n<tr>\n<td>\u0095 tipo de conector: usb 2.0<\/td>\n<\/tr>\n<tr>\n<td>\u0095 dimensiones: 10.9 x 6.1 x 3.7 cm<\/td>\n<\/tr>\n<tr>\n<td>\u0095 peso: 78 g<\/td>\n<\/tr>\n<tr>\n<td>\u0095 material: abs<\/td>\n<\/tr>\n<tr>\n<td>\u0095 color: blanco<\/td>\n<\/tr>\n<tr>\n<td>\u0095 sensor: optico<\/td>\n<\/tr>\n<tr>\n<td>\u0095 sensibilidad (dpi): 800-1200-1600 dpi<\/td>\n<\/tr>\n<tr>\n<td>\u0095 controlador dpi: si<\/td>\n<\/tr>\n<tr>\n<td>\u0095 numero de botones: 4 botones<\/td>\n<\/tr>\n<tr>\n<td>\u0095 caracts. electrica: alimentacion 5 v and #9107;<\/td>\n<\/tr>\n<tr>\n<td>\u0095 puerto de alimentacion: usb 2.0<\/td>\n<\/tr>\n<\/table>\n","protected":false},"excerpt":{"rendered":"<p>Especificaciones teclado \u0095 modelo: ac-941792 \u0095 producto: teclado alambrico \u0095 dimensiones: 44.3 x 14.3 x 2.2 cm \u0095 material: abs \u0095 peso: 415 g \u0095 color: blanco \u0095 compatibilidad: windows \u0095 idioma: espa\u00f1ol (latinoamerica) \u0095 formato: 100% \u0095 tipo de tecla: membrana \u0095 anti-ghosting: si \u0095 conectividad: alambrico \u0095 tipo de conector: usb 2.0 \u0095 [&hellip;]<\/p>\n","protected":false},"featured_media":268406,"comment_status":"open","ping_status":"open","template":"","meta":[],"product_cat":[1712,1711],"product_tag":[1582],"acf":[],"yoast_head":"<!-- This site is optimized with the Yoast SEO plugin v21.7 - https:\/\/yoast.com\/wordpress\/plugins\/seo\/ -->\n<title>[ Acteck ] &#129351; Ac-941792,7506215941792 Kit Creator Prime Mk455 \/ Teclado Y Mouse \/ Alambrico \/ Usb 2.0 \/ Windows \/ Espa\u00f1ol \/ 105 Teclas \/ Membrana \/ Multimedia \/ Optico \/ 1600 Dpi Ajustable \/ 4 Botones \/ Blanco \/ Ac-941792<\/title>\n<meta name=\"description\" content=\"Compra Ac-941792,7506215941792 Kit Creator Prime Mk455 \/ Teclado Y Mouse \/ Alambrico \/ Usb 2.0 \/ Windows \/ Espa\u00f1ol \/ 105 Teclas \/ Membrana \/ Multimedia \/ Optico \/ 1600 Dpi Ajustable \/ 4 Botones \/ Blanco \/ Ac-941792 + Env\u00edo a domicilio + Pago seguro + Garant\u00eda\" \/>\n<meta name=\"robots\" content=\"index, follow, max-snippet:-1, max-image-preview:large, max-video-preview:-1\" \/>\n<link rel=\"canonical\" href=\"https:\/\/compuviper.mx\/tienda\/producto\/acteck-ac-9417927506215941792-kit-creator-prime-mk455-teclado-y-mouse-alambrico-usb-2-0-windows-espaol-105-teclas-membrana-multimedia-optico-1600-dpi-ajustable-4-botones-bla\/\" \/>\n<meta property=\"og:locale\" content=\"es_MX\" \/>\n<meta property=\"og:type\" content=\"article\" \/>\n<meta property=\"og:title\" content=\"[ Acteck ] &#129351; Ac-941792,7506215941792 Kit Creator Prime Mk455 \/ Teclado Y Mouse \/ Alambrico \/ Usb 2.0 \/ Windows \/ Espa\u00f1ol \/ 105 Teclas \/ Membrana \/ Multimedia \/ Optico \/ 1600 Dpi Ajustable \/ 4 Botones \/ Blanco \/ Ac-941792\" \/>\n<meta property=\"og:description\" content=\"Compra Ac-941792,7506215941792 Kit Creator Prime Mk455 \/ Teclado Y Mouse \/ Alambrico \/ Usb 2.0 \/ Windows \/ Espa\u00f1ol \/ 105 Teclas \/ Membrana \/ Multimedia \/ Optico \/ 1600 Dpi Ajustable \/ 4 Botones \/ Blanco \/ Ac-941792 + Env\u00edo a domicilio + Pago seguro + Garant\u00eda\" \/>\n<meta property=\"og:url\" content=\"https:\/\/compuviper.mx\/tienda\/producto\/acteck-ac-9417927506215941792-kit-creator-prime-mk455-teclado-y-mouse-alambrico-usb-2-0-windows-espaol-105-teclas-membrana-multimedia-optico-1600-dpi-ajustable-4-botones-bla\/\" \/>\n<meta property=\"og:site_name\" content=\"Compuviper\" \/>\n<meta property=\"article:publisher\" content=\"https:\/\/www.facebook.com\/compuviper\" \/>\n<meta property=\"og:image\" content=\"https:\/\/compuviper.mx\/tienda\/wp-content\/uploads\/2026\/04\/Kit-acteck-creator-prime-mk455-teclado-y-mouse-alambrico-usb-2.0-windows-espanol-105-teclas-membrana-multimedia-optico-1600-dpi-ajustable-4-botones-blanco-ac-941792.jpg\" \/>\n\t<meta property=\"og:image:width\" content=\"200\" \/>\n\t<meta property=\"og:image:height\" content=\"200\" \/>\n\t<meta property=\"og:image:type\" content=\"image\/jpeg\" \/>\n<meta name=\"twitter:card\" content=\"summary_large_image\" \/>\n<meta name=\"twitter:label1\" content=\"Precio\" \/>\n\t<meta name=\"twitter:data1\" content=\"&#36;185 con IVA\" \/>\n\t<meta name=\"twitter:label2\" content=\"Availability\" \/>\n\t<meta name=\"twitter:data2\" content=\"Out of stock\" \/>\n<script type=\"application\/ld+json\" class=\"yoast-schema-graph\">{\"@context\":\"https:\/\/schema.org\",\"@graph\":[{\"@type\":\"WebPage\",\"@id\":\"https:\/\/compuviper.mx\/tienda\/producto\/acteck-ac-9417927506215941792-kit-creator-prime-mk455-teclado-y-mouse-alambrico-usb-2-0-windows-espaol-105-teclas-membrana-multimedia-optico-1600-dpi-ajustable-4-botones-bla\/\",\"url\":\"https:\/\/compuviper.mx\/tienda\/producto\/acteck-ac-9417927506215941792-kit-creator-prime-mk455-teclado-y-mouse-alambrico-usb-2-0-windows-espaol-105-teclas-membrana-multimedia-optico-1600-dpi-ajustable-4-botones-bla\/\",\"name\":\"[ Acteck ] &#129351; Ac-941792,7506215941792 Kit Creator Prime Mk455 \/ Teclado Y Mouse \/ Alambrico \/ Usb 2.0 \/ Windows \/ Espa\u00f1ol \/ 105 Teclas \/ Membrana \/ Multimedia \/ Optico \/ 1600 Dpi Ajustable \/ 4 Botones \/ Blanco \/ Ac-941792\",\"isPartOf\":{\"@id\":\"https:\/\/compuviper.mx\/tienda\/#website\"},\"datePublished\":\"2026-04-02T06:42:32+00:00\",\"dateModified\":\"2026-04-02T06:42:32+00:00\",\"description\":\"Compra Ac-941792,7506215941792 Kit Creator Prime Mk455 \/ Teclado Y Mouse \/ Alambrico \/ Usb 2.0 \/ Windows \/ Espa\u00f1ol \/ 105 Teclas \/ Membrana \/ Multimedia \/ Optico \/ 1600 Dpi Ajustable \/ 4 Botones \/ Blanco \/ Ac-941792 + Env\u00edo a domicilio + Pago seguro + Garant\u00eda\",\"breadcrumb\":{\"@id\":\"https:\/\/compuviper.mx\/tienda\/producto\/acteck-ac-9417927506215941792-kit-creator-prime-mk455-teclado-y-mouse-alambrico-usb-2-0-windows-espaol-105-teclas-membrana-multimedia-optico-1600-dpi-ajustable-4-botones-bla\/#breadcrumb\"},\"inLanguage\":\"es-MX\",\"potentialAction\":[{\"@type\":\"ReadAction\",\"target\":[\"https:\/\/compuviper.mx\/tienda\/producto\/acteck-ac-9417927506215941792-kit-creator-prime-mk455-teclado-y-mouse-alambrico-usb-2-0-windows-espaol-105-teclas-membrana-multimedia-optico-1600-dpi-ajustable-4-botones-bla\/\"]}]},{\"@type\":\"BreadcrumbList\",\"@id\":\"https:\/\/compuviper.mx\/tienda\/producto\/acteck-ac-9417927506215941792-kit-creator-prime-mk455-teclado-y-mouse-alambrico-usb-2-0-windows-espaol-105-teclas-membrana-multimedia-optico-1600-dpi-ajustable-4-botones-bla\/#breadcrumb\",\"itemListElement\":[{\"@type\":\"ListItem\",\"position\":1,\"name\":\"Inicio\",\"item\":\"https:\/\/compuviper.mx\/tienda\/\"},{\"@type\":\"ListItem\",\"position\":2,\"name\":\"Productos\",\"item\":\"https:\/\/compuviper.mx\/tienda\/productos\/\"},{\"@type\":\"ListItem\",\"position\":3,\"name\":\"Acteck Ac-941792,7506215941792 Kit Creator Prime Mk455 \/ Teclado Y Mouse \/ Alambrico \/ Usb 2.0 \/ Windows \/ Espa?ol \/ 105 Teclas \/ Membrana \/ Multimedia \/ Optico \/ 1600 Dpi Ajustable \/ 4 Botones \/ Blanco \/ Ac-941792\"}]},{\"@type\":\"WebSite\",\"@id\":\"https:\/\/compuviper.mx\/tienda\/#website\",\"url\":\"https:\/\/compuviper.mx\/tienda\/\",\"name\":\"Compuviper\",\"description\":\"Proveedor de Computadoras, Laptops, Servidores, Monitores, Puntos de Venta, Teclados,   Impresoras, T\u00f3ner, C\u00e1maras de Seguridad y m\u00e1s en tu tienda en l\u00ednea\",\"publisher\":{\"@id\":\"https:\/\/compuviper.mx\/tienda\/#organization\"},\"potentialAction\":[{\"@type\":\"SearchAction\",\"target\":{\"@type\":\"EntryPoint\",\"urlTemplate\":\"https:\/\/compuviper.mx\/tienda\/?s={search_term_string}\"},\"query-input\":\"required name=search_term_string\"}],\"inLanguage\":\"es-MX\"},{\"@type\":\"Organization\",\"@id\":\"https:\/\/compuviper.mx\/tienda\/#organization\",\"name\":\"Compuviper\",\"url\":\"https:\/\/compuviper.mx\/tienda\/\",\"logo\":{\"@type\":\"ImageObject\",\"inLanguage\":\"es-MX\",\"@id\":\"https:\/\/compuviper.mx\/tienda\/#\/schema\/logo\/image\/\",\"url\":\"https:\/\/compuviper.mx\/tienda\/wp-content\/uploads\/2021\/08\/Logo-Compuviper-10.png\",\"contentUrl\":\"https:\/\/compuviper.mx\/tienda\/wp-content\/uploads\/2021\/08\/Logo-Compuviper-10.png\",\"width\":1000,\"height\":500,\"caption\":\"Compuviper\"},\"image\":{\"@id\":\"https:\/\/compuviper.mx\/tienda\/#\/schema\/logo\/image\/\"},\"sameAs\":[\"https:\/\/www.facebook.com\/compuviper\",\"https:\/\/www.youtube.com\/channel\/UCf73dERp9Y3cfOq7q8BhLjA?view_as=subscriber\"]}]}<\/script>\n<meta property=\"product:brand\" content=\"ACTECK\" \/>\n<meta property=\"product:price:amount\" content=\"185\" \/>\n<meta property=\"product:price:currency\" content=\"MXN\" \/>\n<meta property=\"og:availability\" content=\"out of stock\" \/>\n<meta property=\"product:availability\" content=\"out of stock\" \/>\n<meta property=\"product:retailer_item_id\" content=\"AC-941792,7506215941792\" \/>\n<meta property=\"product:condition\" content=\"new\" \/>\n<!-- \/ Yoast SEO plugin. -->","yoast_head_json":{"title":"[ Acteck ] &#129351; Ac-941792,7506215941792 Kit Creator Prime Mk455 \/ Teclado Y Mouse \/ Alambrico \/ Usb 2.0 \/ Windows \/ Espa\u00f1ol \/ 105 Teclas \/ Membrana \/ Multimedia \/ Optico \/ 1600 Dpi Ajustable \/ 4 Botones \/ Blanco \/ Ac-941792","description":"Compra Ac-941792,7506215941792 Kit Creator Prime Mk455 \/ Teclado Y Mouse \/ Alambrico \/ Usb 2.0 \/ Windows \/ Espa\u00f1ol \/ 105 Teclas \/ Membrana \/ Multimedia \/ Optico \/ 1600 Dpi Ajustable \/ 4 Botones \/ Blanco \/ Ac-941792 + Env\u00edo a domicilio + Pago seguro + Garant\u00eda","robots":{"index":"index","follow":"follow","max-snippet":"max-snippet:-1","max-image-preview":"max-image-preview:large","max-video-preview":"max-video-preview:-1"},"canonical":"https:\/\/compuviper.mx\/tienda\/producto\/acteck-ac-9417927506215941792-kit-creator-prime-mk455-teclado-y-mouse-alambrico-usb-2-0-windows-espaol-105-teclas-membrana-multimedia-optico-1600-dpi-ajustable-4-botones-bla\/","og_locale":"es_MX","og_type":"article","og_title":"[ Acteck ] &#129351; Ac-941792,7506215941792 Kit Creator Prime Mk455 \/ Teclado Y Mouse \/ Alambrico \/ Usb 2.0 \/ Windows \/ Espa\u00f1ol \/ 105 Teclas \/ Membrana \/ Multimedia \/ Optico \/ 1600 Dpi Ajustable \/ 4 Botones \/ Blanco \/ Ac-941792","og_description":"Compra Ac-941792,7506215941792 Kit Creator Prime Mk455 \/ Teclado Y Mouse \/ Alambrico \/ Usb 2.0 \/ Windows \/ Espa\u00f1ol \/ 105 Teclas \/ Membrana \/ Multimedia \/ Optico \/ 1600 Dpi Ajustable \/ 4 Botones \/ Blanco \/ Ac-941792 + Env\u00edo a domicilio + Pago seguro + Garant\u00eda","og_url":"https:\/\/compuviper.mx\/tienda\/producto\/acteck-ac-9417927506215941792-kit-creator-prime-mk455-teclado-y-mouse-alambrico-usb-2-0-windows-espaol-105-teclas-membrana-multimedia-optico-1600-dpi-ajustable-4-botones-bla\/","og_site_name":"Compuviper","article_publisher":"https:\/\/www.facebook.com\/compuviper","og_image":[{"width":200,"height":200,"url":"https:\/\/compuviper.mx\/tienda\/wp-content\/uploads\/2026\/04\/Kit-acteck-creator-prime-mk455-teclado-y-mouse-alambrico-usb-2.0-windows-espanol-105-teclas-membrana-multimedia-optico-1600-dpi-ajustable-4-botones-blanco-ac-941792.jpg","type":"image\/jpeg"}],"twitter_card":"summary_large_image","twitter_misc":{"Precio":"&#36;185 con IVA","Availability":"Out of stock"},"schema":{"@context":"https:\/\/schema.org","@graph":[{"@type":"WebPage","@id":"https:\/\/compuviper.mx\/tienda\/producto\/acteck-ac-9417927506215941792-kit-creator-prime-mk455-teclado-y-mouse-alambrico-usb-2-0-windows-espaol-105-teclas-membrana-multimedia-optico-1600-dpi-ajustable-4-botones-bla\/","url":"https:\/\/compuviper.mx\/tienda\/producto\/acteck-ac-9417927506215941792-kit-creator-prime-mk455-teclado-y-mouse-alambrico-usb-2-0-windows-espaol-105-teclas-membrana-multimedia-optico-1600-dpi-ajustable-4-botones-bla\/","name":"[ Acteck ] &#129351; Ac-941792,7506215941792 Kit Creator Prime Mk455 \/ Teclado Y Mouse \/ Alambrico \/ Usb 2.0 \/ Windows \/ Espa\u00f1ol \/ 105 Teclas \/ Membrana \/ Multimedia \/ Optico \/ 1600 Dpi Ajustable \/ 4 Botones \/ Blanco \/ Ac-941792","isPartOf":{"@id":"https:\/\/compuviper.mx\/tienda\/#website"},"datePublished":"2026-04-02T06:42:32+00:00","dateModified":"2026-04-02T06:42:32+00:00","description":"Compra Ac-941792,7506215941792 Kit Creator Prime Mk455 \/ Teclado Y Mouse \/ Alambrico \/ Usb 2.0 \/ Windows \/ Espa\u00f1ol \/ 105 Teclas \/ Membrana \/ Multimedia \/ Optico \/ 1600 Dpi Ajustable \/ 4 Botones \/ Blanco \/ Ac-941792 + Env\u00edo a domicilio + Pago seguro + Garant\u00eda","breadcrumb":{"@id":"https:\/\/compuviper.mx\/tienda\/producto\/acteck-ac-9417927506215941792-kit-creator-prime-mk455-teclado-y-mouse-alambrico-usb-2-0-windows-espaol-105-teclas-membrana-multimedia-optico-1600-dpi-ajustable-4-botones-bla\/#breadcrumb"},"inLanguage":"es-MX","potentialAction":[{"@type":"ReadAction","target":["https:\/\/compuviper.mx\/tienda\/producto\/acteck-ac-9417927506215941792-kit-creator-prime-mk455-teclado-y-mouse-alambrico-usb-2-0-windows-espaol-105-teclas-membrana-multimedia-optico-1600-dpi-ajustable-4-botones-bla\/"]}]},{"@type":"BreadcrumbList","@id":"https:\/\/compuviper.mx\/tienda\/producto\/acteck-ac-9417927506215941792-kit-creator-prime-mk455-teclado-y-mouse-alambrico-usb-2-0-windows-espaol-105-teclas-membrana-multimedia-optico-1600-dpi-ajustable-4-botones-bla\/#breadcrumb","itemListElement":[{"@type":"ListItem","position":1,"name":"Inicio","item":"https:\/\/compuviper.mx\/tienda\/"},{"@type":"ListItem","position":2,"name":"Productos","item":"https:\/\/compuviper.mx\/tienda\/productos\/"},{"@type":"ListItem","position":3,"name":"Acteck Ac-941792,7506215941792 Kit Creator Prime Mk455 \/ Teclado Y Mouse \/ Alambrico \/ Usb 2.0 \/ Windows \/ Espa?ol \/ 105 Teclas \/ Membrana \/ Multimedia \/ Optico \/ 1600 Dpi Ajustable \/ 4 Botones \/ Blanco \/ Ac-941792"}]},{"@type":"WebSite","@id":"https:\/\/compuviper.mx\/tienda\/#website","url":"https:\/\/compuviper.mx\/tienda\/","name":"Compuviper","description":"Proveedor de Computadoras, Laptops, Servidores, Monitores, Puntos de Venta, Teclados,   Impresoras, T\u00f3ner, C\u00e1maras de Seguridad y m\u00e1s en tu tienda en l\u00ednea","publisher":{"@id":"https:\/\/compuviper.mx\/tienda\/#organization"},"potentialAction":[{"@type":"SearchAction","target":{"@type":"EntryPoint","urlTemplate":"https:\/\/compuviper.mx\/tienda\/?s={search_term_string}"},"query-input":"required name=search_term_string"}],"inLanguage":"es-MX"},{"@type":"Organization","@id":"https:\/\/compuviper.mx\/tienda\/#organization","name":"Compuviper","url":"https:\/\/compuviper.mx\/tienda\/","logo":{"@type":"ImageObject","inLanguage":"es-MX","@id":"https:\/\/compuviper.mx\/tienda\/#\/schema\/logo\/image\/","url":"https:\/\/compuviper.mx\/tienda\/wp-content\/uploads\/2021\/08\/Logo-Compuviper-10.png","contentUrl":"https:\/\/compuviper.mx\/tienda\/wp-content\/uploads\/2021\/08\/Logo-Compuviper-10.png","width":1000,"height":500,"caption":"Compuviper"},"image":{"@id":"https:\/\/compuviper.mx\/tienda\/#\/schema\/logo\/image\/"},"sameAs":["https:\/\/www.facebook.com\/compuviper","https:\/\/www.youtube.com\/channel\/UCf73dERp9Y3cfOq7q8BhLjA?view_as=subscriber"]}]},"product_brand":"ACTECK","product_price_amount":"185","product_price_currency":"MXN","og_availability":"out of stock","product_availability":"out of stock","product_retailer_item_id":"AC-941792,7506215941792","product_condition":"new"},"_links":{"self":[{"href":"https:\/\/compuviper.mx\/tienda\/wp-json\/wp\/v2\/product\/268405"}],"collection":[{"href":"https:\/\/compuviper.mx\/tienda\/wp-json\/wp\/v2\/product"}],"about":[{"href":"https:\/\/compuviper.mx\/tienda\/wp-json\/wp\/v2\/types\/product"}],"replies":[{"embeddable":true,"href":"https:\/\/compuviper.mx\/tienda\/wp-json\/wp\/v2\/comments?post=268405"}],"wp:featuredmedia":[{"embeddable":true,"href":"https:\/\/compuviper.mx\/tienda\/wp-json\/wp\/v2\/media\/268406"}],"wp:attachment":[{"href":"https:\/\/compuviper.mx\/tienda\/wp-json\/wp\/v2\/media?parent=268405"}],"wp:term":[{"taxonomy":"product_cat","embeddable":true,"href":"https:\/\/compuviper.mx\/tienda\/wp-json\/wp\/v2\/product_cat?post=268405"},{"taxonomy":"product_tag","embeddable":true,"href":"https:\/\/compuviper.mx\/tienda\/wp-json\/wp\/v2\/product_tag?post=268405"}],"curies":[{"name":"wp","href":"https:\/\/api.w.org\/{rel}","templated":true}]}}