{"id":268401,"date":"2026-04-02T00:42:19","date_gmt":"2026-04-02T06:42:19","guid":{"rendered":"https:\/\/compuviper.mx\/tienda\/producto\/acteck-ac-9399287506215939928-kit-creator-prime-mk455-teclado-y-mouse-alambrico-105-teclas-multimedia-1600-dpi-ajustable-optico-3-botones-scroll-win-mac-os-android-negro-ac-9\/"},"modified":"2026-04-02T00:42:19","modified_gmt":"2026-04-02T06:42:19","slug":"acteck-ac-9399287506215939928-kit-creator-prime-mk455-teclado-y-mouse-alambrico-105-teclas-multimedia-1600-dpi-ajustable-optico-3-botones-scroll-win-mac-os-android-negro-ac-9","status":"publish","type":"product","link":"https:\/\/compuviper.mx\/tienda\/producto\/acteck-ac-9399287506215939928-kit-creator-prime-mk455-teclado-y-mouse-alambrico-105-teclas-multimedia-1600-dpi-ajustable-optico-3-botones-scroll-win-mac-os-android-negro-ac-9\/","title":{"rendered":"Acteck Ac-939928,7506215939928 Kit  Creator Prime Mk455 \/ Teclado Y Mouse \/ Alambrico \/ 105 Teclas \/ Multimedia \/ 1600 Dpi Ajustable \/ Optico \/ 3 Botones Scroll \/ Win &#8211; Mac Os &#8211; Android \/ Negro \/ Ac-939928"},"content":{"rendered":"<table class=\"descripcion\">\n<tr>\n<td>Nombre: kit 2-1 teclado y mouse<\/td>\n<\/tr>\n<tr>\n<td>Modelo: ac-939928<\/td>\n<\/tr>\n<tr>\n<td>Material: abs<\/td>\n<\/tr>\n<tr>\n<td>Conectividad:al\u00e1mbrico<\/td>\n<\/tr>\n<tr>\n<td>Version usb: 2<\/td>\n<\/tr>\n<tr>\n<td>Teclado:<\/td>\n<\/tr>\n<tr>\n<td>Dimensiones: 44.3 x 14.3 x 2.2<\/td>\n<\/tr>\n<tr>\n<td>Peso: 415 g<\/td>\n<\/tr>\n<tr>\n<td>Tecnologa del teclado: membrana<\/td>\n<\/tr>\n<tr>\n<td>Compatibilidad:windows \/ mac \/ ios\/ android<\/td>\n<\/tr>\n<tr>\n<td>Idioma: espaol<\/td>\n<\/tr>\n<tr>\n<td>Anti-ghosting: si<\/td>\n<\/tr>\n<tr>\n<td>Formato: completo 100 qwerty<\/td>\n<\/tr>\n<tr>\n<td>Tipo de conector: usb-a<\/td>\n<\/tr>\n<tr>\n<td>Tipo de cable: pvc<\/td>\n<\/tr>\n<tr>\n<td>Teclas multimedia: 8<\/td>\n<\/tr>\n<tr>\n<td>Numero de teclas: 105<\/td>\n<\/tr>\n<tr>\n<td>Caracteristica electrica: 5 vcc<\/td>\n<\/tr>\n<tr>\n<td>Mouse :<\/td>\n<\/tr>\n<tr>\n<td>Conectividad: alambrico<\/td>\n<\/tr>\n<tr>\n<td>Dimensiones: 10.9 x 6.1 x 3.7 cm<\/td>\n<\/tr>\n<tr>\n<td>Peso: 78 g<\/td>\n<\/tr>\n<tr>\n<td>Largo del cable: 1.5 m<\/td>\n<\/tr>\n<tr>\n<td>Sensibilidad dpi : ajustable hasta 1600 dpi<\/td>\n<\/tr>\n<tr>\n<td>Controlador dpi: parte superior del mouse<\/td>\n<\/tr>\n<tr>\n<td>Botones programables: 6<\/td>\n<\/tr>\n<tr>\n<td>Rango de conexin: 10 m<\/td>\n<\/tr>\n<tr>\n<td>Garantia: 1 ao<\/td>\n<\/tr>\n<tr>\n<td>Informacin de empaque<\/td>\n<\/tr>\n<tr>\n<td>Ean-13:  7506215939928<\/td>\n<\/tr>\n<tr>\n<td>Medida empaque: 51.5 x 15 x 7.2 cm<\/td>\n<\/tr>\n<\/table>\n","protected":false},"excerpt":{"rendered":"<p>Kit teclado y mouse acteck creator prime mk455 \/ alambrico \/ membrana \/ multimedia \/ essential series \/ negro \/ ac-939928<\/p>\n","protected":false},"featured_media":268402,"comment_status":"open","ping_status":"open","template":"","meta":[],"product_cat":[1712,1711],"product_tag":[1582],"acf":[],"yoast_head":"<!-- This site is optimized with the Yoast SEO plugin v21.7 - https:\/\/yoast.com\/wordpress\/plugins\/seo\/ -->\n<title>[ Acteck ] &#129351; Ac-939928,7506215939928 Kit Creator Prime Mk455 \/ Teclado Y Mouse \/ Alambrico \/ 105 Teclas \/ Multimedia \/ 1600 Dpi Ajustable \/ Optico \/ 3 Botones Scroll \/ Win - Mac Os - Android \/ Negro \/ Ac-939928<\/title>\n<meta name=\"description\" content=\"Compra Ac-939928,7506215939928 Kit Creator Prime Mk455 \/ Teclado Y Mouse \/ Alambrico \/ 105 Teclas \/ Multimedia \/ 1600 Dpi Ajustable \/ Optico \/ 3 Botones Scroll \/ Win - Mac Os - Android \/ Negro \/ Ac-939928 + Env\u00edo a domicilio + Pago seguro + Garant\u00eda\" \/>\n<meta name=\"robots\" content=\"index, follow, max-snippet:-1, max-image-preview:large, max-video-preview:-1\" \/>\n<link rel=\"canonical\" href=\"https:\/\/compuviper.mx\/tienda\/producto\/acteck-ac-9399287506215939928-kit-creator-prime-mk455-teclado-y-mouse-alambrico-105-teclas-multimedia-1600-dpi-ajustable-optico-3-botones-scroll-win-mac-os-android-negro-ac-9\/\" \/>\n<meta property=\"og:locale\" content=\"es_MX\" \/>\n<meta property=\"og:type\" content=\"article\" \/>\n<meta property=\"og:title\" content=\"[ Acteck ] &#129351; Ac-939928,7506215939928 Kit Creator Prime Mk455 \/ Teclado Y Mouse \/ Alambrico \/ 105 Teclas \/ Multimedia \/ 1600 Dpi Ajustable \/ Optico \/ 3 Botones Scroll \/ Win - Mac Os - Android \/ Negro \/ Ac-939928\" \/>\n<meta property=\"og:description\" content=\"Compra Ac-939928,7506215939928 Kit Creator Prime Mk455 \/ Teclado Y Mouse \/ Alambrico \/ 105 Teclas \/ Multimedia \/ 1600 Dpi Ajustable \/ Optico \/ 3 Botones Scroll \/ Win - Mac Os - Android \/ Negro \/ Ac-939928 + Env\u00edo a domicilio + Pago seguro + Garant\u00eda\" \/>\n<meta property=\"og:url\" content=\"https:\/\/compuviper.mx\/tienda\/producto\/acteck-ac-9399287506215939928-kit-creator-prime-mk455-teclado-y-mouse-alambrico-105-teclas-multimedia-1600-dpi-ajustable-optico-3-botones-scroll-win-mac-os-android-negro-ac-9\/\" \/>\n<meta property=\"og:site_name\" content=\"Compuviper\" \/>\n<meta property=\"article:publisher\" content=\"https:\/\/www.facebook.com\/compuviper\" \/>\n<meta property=\"og:image\" content=\"https:\/\/compuviper.mx\/tienda\/wp-content\/uploads\/2026\/04\/Kit-acteck-creator-prime-mk455-teclado-y-mouse-alambrico-105-teclas-multimedia-1600-dpi-ajustable-optico-3-botones-scroll-win-mac-os-android-negro-ac-939928.jpg\" \/>\n\t<meta property=\"og:image:width\" content=\"200\" \/>\n\t<meta property=\"og:image:height\" content=\"200\" \/>\n\t<meta property=\"og:image:type\" content=\"image\/jpeg\" \/>\n<meta name=\"twitter:card\" content=\"summary_large_image\" \/>\n<meta name=\"twitter:label1\" content=\"Precio\" \/>\n\t<meta name=\"twitter:data1\" content=\"&#36;185 con IVA\" \/>\n\t<meta name=\"twitter:label2\" content=\"Availability\" \/>\n\t<meta name=\"twitter:data2\" content=\"Out of stock\" \/>\n<script type=\"application\/ld+json\" class=\"yoast-schema-graph\">{\"@context\":\"https:\/\/schema.org\",\"@graph\":[{\"@type\":\"WebPage\",\"@id\":\"https:\/\/compuviper.mx\/tienda\/producto\/acteck-ac-9399287506215939928-kit-creator-prime-mk455-teclado-y-mouse-alambrico-105-teclas-multimedia-1600-dpi-ajustable-optico-3-botones-scroll-win-mac-os-android-negro-ac-9\/\",\"url\":\"https:\/\/compuviper.mx\/tienda\/producto\/acteck-ac-9399287506215939928-kit-creator-prime-mk455-teclado-y-mouse-alambrico-105-teclas-multimedia-1600-dpi-ajustable-optico-3-botones-scroll-win-mac-os-android-negro-ac-9\/\",\"name\":\"[ Acteck ] &#129351; Ac-939928,7506215939928 Kit Creator Prime Mk455 \/ Teclado Y Mouse \/ Alambrico \/ 105 Teclas \/ Multimedia \/ 1600 Dpi Ajustable \/ Optico \/ 3 Botones Scroll \/ Win - Mac Os - Android \/ Negro \/ Ac-939928\",\"isPartOf\":{\"@id\":\"https:\/\/compuviper.mx\/tienda\/#website\"},\"datePublished\":\"2026-04-02T06:42:19+00:00\",\"dateModified\":\"2026-04-02T06:42:19+00:00\",\"description\":\"Compra Ac-939928,7506215939928 Kit Creator Prime Mk455 \/ Teclado Y Mouse \/ Alambrico \/ 105 Teclas \/ Multimedia \/ 1600 Dpi Ajustable \/ Optico \/ 3 Botones Scroll \/ Win - Mac Os - Android \/ Negro \/ Ac-939928 + Env\u00edo a domicilio + Pago seguro + Garant\u00eda\",\"breadcrumb\":{\"@id\":\"https:\/\/compuviper.mx\/tienda\/producto\/acteck-ac-9399287506215939928-kit-creator-prime-mk455-teclado-y-mouse-alambrico-105-teclas-multimedia-1600-dpi-ajustable-optico-3-botones-scroll-win-mac-os-android-negro-ac-9\/#breadcrumb\"},\"inLanguage\":\"es-MX\",\"potentialAction\":[{\"@type\":\"ReadAction\",\"target\":[\"https:\/\/compuviper.mx\/tienda\/producto\/acteck-ac-9399287506215939928-kit-creator-prime-mk455-teclado-y-mouse-alambrico-105-teclas-multimedia-1600-dpi-ajustable-optico-3-botones-scroll-win-mac-os-android-negro-ac-9\/\"]}]},{\"@type\":\"BreadcrumbList\",\"@id\":\"https:\/\/compuviper.mx\/tienda\/producto\/acteck-ac-9399287506215939928-kit-creator-prime-mk455-teclado-y-mouse-alambrico-105-teclas-multimedia-1600-dpi-ajustable-optico-3-botones-scroll-win-mac-os-android-negro-ac-9\/#breadcrumb\",\"itemListElement\":[{\"@type\":\"ListItem\",\"position\":1,\"name\":\"Inicio\",\"item\":\"https:\/\/compuviper.mx\/tienda\/\"},{\"@type\":\"ListItem\",\"position\":2,\"name\":\"Productos\",\"item\":\"https:\/\/compuviper.mx\/tienda\/productos\/\"},{\"@type\":\"ListItem\",\"position\":3,\"name\":\"Acteck Ac-939928,7506215939928 Kit Creator Prime Mk455 \/ Teclado Y Mouse \/ Alambrico \/ 105 Teclas \/ Multimedia \/ 1600 Dpi Ajustable \/ Optico \/ 3 Botones Scroll \/ Win &#8211; Mac Os &#8211; Android \/ Negro \/ Ac-939928\"}]},{\"@type\":\"WebSite\",\"@id\":\"https:\/\/compuviper.mx\/tienda\/#website\",\"url\":\"https:\/\/compuviper.mx\/tienda\/\",\"name\":\"Compuviper\",\"description\":\"Proveedor de Computadoras, Laptops, Servidores, Monitores, Puntos de Venta, Teclados,   Impresoras, T\u00f3ner, C\u00e1maras de Seguridad y m\u00e1s en tu tienda en l\u00ednea\",\"publisher\":{\"@id\":\"https:\/\/compuviper.mx\/tienda\/#organization\"},\"potentialAction\":[{\"@type\":\"SearchAction\",\"target\":{\"@type\":\"EntryPoint\",\"urlTemplate\":\"https:\/\/compuviper.mx\/tienda\/?s={search_term_string}\"},\"query-input\":\"required name=search_term_string\"}],\"inLanguage\":\"es-MX\"},{\"@type\":\"Organization\",\"@id\":\"https:\/\/compuviper.mx\/tienda\/#organization\",\"name\":\"Compuviper\",\"url\":\"https:\/\/compuviper.mx\/tienda\/\",\"logo\":{\"@type\":\"ImageObject\",\"inLanguage\":\"es-MX\",\"@id\":\"https:\/\/compuviper.mx\/tienda\/#\/schema\/logo\/image\/\",\"url\":\"https:\/\/compuviper.mx\/tienda\/wp-content\/uploads\/2021\/08\/Logo-Compuviper-10.png\",\"contentUrl\":\"https:\/\/compuviper.mx\/tienda\/wp-content\/uploads\/2021\/08\/Logo-Compuviper-10.png\",\"width\":1000,\"height\":500,\"caption\":\"Compuviper\"},\"image\":{\"@id\":\"https:\/\/compuviper.mx\/tienda\/#\/schema\/logo\/image\/\"},\"sameAs\":[\"https:\/\/www.facebook.com\/compuviper\",\"https:\/\/www.youtube.com\/channel\/UCf73dERp9Y3cfOq7q8BhLjA?view_as=subscriber\"]}]}<\/script>\n<meta property=\"product:brand\" content=\"ACTECK\" \/>\n<meta property=\"product:price:amount\" content=\"185\" \/>\n<meta property=\"product:price:currency\" content=\"MXN\" \/>\n<meta property=\"og:availability\" content=\"out of stock\" \/>\n<meta property=\"product:availability\" content=\"out of stock\" \/>\n<meta property=\"product:retailer_item_id\" content=\"AC-939928,7506215939928\" \/>\n<meta property=\"product:condition\" content=\"new\" \/>\n<!-- \/ Yoast SEO plugin. -->","yoast_head_json":{"title":"[ Acteck ] &#129351; Ac-939928,7506215939928 Kit Creator Prime Mk455 \/ Teclado Y Mouse \/ Alambrico \/ 105 Teclas \/ Multimedia \/ 1600 Dpi Ajustable \/ Optico \/ 3 Botones Scroll \/ Win - Mac Os - Android \/ Negro \/ Ac-939928","description":"Compra Ac-939928,7506215939928 Kit Creator Prime Mk455 \/ Teclado Y Mouse \/ Alambrico \/ 105 Teclas \/ Multimedia \/ 1600 Dpi Ajustable \/ Optico \/ 3 Botones Scroll \/ Win - Mac Os - Android \/ Negro \/ Ac-939928 + Env\u00edo a domicilio + Pago seguro + Garant\u00eda","robots":{"index":"index","follow":"follow","max-snippet":"max-snippet:-1","max-image-preview":"max-image-preview:large","max-video-preview":"max-video-preview:-1"},"canonical":"https:\/\/compuviper.mx\/tienda\/producto\/acteck-ac-9399287506215939928-kit-creator-prime-mk455-teclado-y-mouse-alambrico-105-teclas-multimedia-1600-dpi-ajustable-optico-3-botones-scroll-win-mac-os-android-negro-ac-9\/","og_locale":"es_MX","og_type":"article","og_title":"[ Acteck ] &#129351; Ac-939928,7506215939928 Kit Creator Prime Mk455 \/ Teclado Y Mouse \/ Alambrico \/ 105 Teclas \/ Multimedia \/ 1600 Dpi Ajustable \/ Optico \/ 3 Botones Scroll \/ Win - Mac Os - Android \/ Negro \/ Ac-939928","og_description":"Compra Ac-939928,7506215939928 Kit Creator Prime Mk455 \/ Teclado Y Mouse \/ Alambrico \/ 105 Teclas \/ Multimedia \/ 1600 Dpi Ajustable \/ Optico \/ 3 Botones Scroll \/ Win - Mac Os - Android \/ Negro \/ Ac-939928 + Env\u00edo a domicilio + Pago seguro + Garant\u00eda","og_url":"https:\/\/compuviper.mx\/tienda\/producto\/acteck-ac-9399287506215939928-kit-creator-prime-mk455-teclado-y-mouse-alambrico-105-teclas-multimedia-1600-dpi-ajustable-optico-3-botones-scroll-win-mac-os-android-negro-ac-9\/","og_site_name":"Compuviper","article_publisher":"https:\/\/www.facebook.com\/compuviper","og_image":[{"width":200,"height":200,"url":"https:\/\/compuviper.mx\/tienda\/wp-content\/uploads\/2026\/04\/Kit-acteck-creator-prime-mk455-teclado-y-mouse-alambrico-105-teclas-multimedia-1600-dpi-ajustable-optico-3-botones-scroll-win-mac-os-android-negro-ac-939928.jpg","type":"image\/jpeg"}],"twitter_card":"summary_large_image","twitter_misc":{"Precio":"&#36;185 con IVA","Availability":"Out of stock"},"schema":{"@context":"https:\/\/schema.org","@graph":[{"@type":"WebPage","@id":"https:\/\/compuviper.mx\/tienda\/producto\/acteck-ac-9399287506215939928-kit-creator-prime-mk455-teclado-y-mouse-alambrico-105-teclas-multimedia-1600-dpi-ajustable-optico-3-botones-scroll-win-mac-os-android-negro-ac-9\/","url":"https:\/\/compuviper.mx\/tienda\/producto\/acteck-ac-9399287506215939928-kit-creator-prime-mk455-teclado-y-mouse-alambrico-105-teclas-multimedia-1600-dpi-ajustable-optico-3-botones-scroll-win-mac-os-android-negro-ac-9\/","name":"[ Acteck ] &#129351; Ac-939928,7506215939928 Kit Creator Prime Mk455 \/ Teclado Y Mouse \/ Alambrico \/ 105 Teclas \/ Multimedia \/ 1600 Dpi Ajustable \/ Optico \/ 3 Botones Scroll \/ Win - Mac Os - Android \/ Negro \/ Ac-939928","isPartOf":{"@id":"https:\/\/compuviper.mx\/tienda\/#website"},"datePublished":"2026-04-02T06:42:19+00:00","dateModified":"2026-04-02T06:42:19+00:00","description":"Compra Ac-939928,7506215939928 Kit Creator Prime Mk455 \/ Teclado Y Mouse \/ Alambrico \/ 105 Teclas \/ Multimedia \/ 1600 Dpi Ajustable \/ Optico \/ 3 Botones Scroll \/ Win - Mac Os - Android \/ Negro \/ Ac-939928 + Env\u00edo a domicilio + Pago seguro + Garant\u00eda","breadcrumb":{"@id":"https:\/\/compuviper.mx\/tienda\/producto\/acteck-ac-9399287506215939928-kit-creator-prime-mk455-teclado-y-mouse-alambrico-105-teclas-multimedia-1600-dpi-ajustable-optico-3-botones-scroll-win-mac-os-android-negro-ac-9\/#breadcrumb"},"inLanguage":"es-MX","potentialAction":[{"@type":"ReadAction","target":["https:\/\/compuviper.mx\/tienda\/producto\/acteck-ac-9399287506215939928-kit-creator-prime-mk455-teclado-y-mouse-alambrico-105-teclas-multimedia-1600-dpi-ajustable-optico-3-botones-scroll-win-mac-os-android-negro-ac-9\/"]}]},{"@type":"BreadcrumbList","@id":"https:\/\/compuviper.mx\/tienda\/producto\/acteck-ac-9399287506215939928-kit-creator-prime-mk455-teclado-y-mouse-alambrico-105-teclas-multimedia-1600-dpi-ajustable-optico-3-botones-scroll-win-mac-os-android-negro-ac-9\/#breadcrumb","itemListElement":[{"@type":"ListItem","position":1,"name":"Inicio","item":"https:\/\/compuviper.mx\/tienda\/"},{"@type":"ListItem","position":2,"name":"Productos","item":"https:\/\/compuviper.mx\/tienda\/productos\/"},{"@type":"ListItem","position":3,"name":"Acteck Ac-939928,7506215939928 Kit Creator Prime Mk455 \/ Teclado Y Mouse \/ Alambrico \/ 105 Teclas \/ Multimedia \/ 1600 Dpi Ajustable \/ Optico \/ 3 Botones Scroll \/ Win &#8211; Mac Os &#8211; Android \/ Negro \/ Ac-939928"}]},{"@type":"WebSite","@id":"https:\/\/compuviper.mx\/tienda\/#website","url":"https:\/\/compuviper.mx\/tienda\/","name":"Compuviper","description":"Proveedor de Computadoras, Laptops, Servidores, Monitores, Puntos de Venta, Teclados,   Impresoras, T\u00f3ner, C\u00e1maras de Seguridad y m\u00e1s en tu tienda en l\u00ednea","publisher":{"@id":"https:\/\/compuviper.mx\/tienda\/#organization"},"potentialAction":[{"@type":"SearchAction","target":{"@type":"EntryPoint","urlTemplate":"https:\/\/compuviper.mx\/tienda\/?s={search_term_string}"},"query-input":"required name=search_term_string"}],"inLanguage":"es-MX"},{"@type":"Organization","@id":"https:\/\/compuviper.mx\/tienda\/#organization","name":"Compuviper","url":"https:\/\/compuviper.mx\/tienda\/","logo":{"@type":"ImageObject","inLanguage":"es-MX","@id":"https:\/\/compuviper.mx\/tienda\/#\/schema\/logo\/image\/","url":"https:\/\/compuviper.mx\/tienda\/wp-content\/uploads\/2021\/08\/Logo-Compuviper-10.png","contentUrl":"https:\/\/compuviper.mx\/tienda\/wp-content\/uploads\/2021\/08\/Logo-Compuviper-10.png","width":1000,"height":500,"caption":"Compuviper"},"image":{"@id":"https:\/\/compuviper.mx\/tienda\/#\/schema\/logo\/image\/"},"sameAs":["https:\/\/www.facebook.com\/compuviper","https:\/\/www.youtube.com\/channel\/UCf73dERp9Y3cfOq7q8BhLjA?view_as=subscriber"]}]},"product_brand":"ACTECK","product_price_amount":"185","product_price_currency":"MXN","og_availability":"out of stock","product_availability":"out of stock","product_retailer_item_id":"AC-939928,7506215939928","product_condition":"new"},"_links":{"self":[{"href":"https:\/\/compuviper.mx\/tienda\/wp-json\/wp\/v2\/product\/268401"}],"collection":[{"href":"https:\/\/compuviper.mx\/tienda\/wp-json\/wp\/v2\/product"}],"about":[{"href":"https:\/\/compuviper.mx\/tienda\/wp-json\/wp\/v2\/types\/product"}],"replies":[{"embeddable":true,"href":"https:\/\/compuviper.mx\/tienda\/wp-json\/wp\/v2\/comments?post=268401"}],"wp:featuredmedia":[{"embeddable":true,"href":"https:\/\/compuviper.mx\/tienda\/wp-json\/wp\/v2\/media\/268402"}],"wp:attachment":[{"href":"https:\/\/compuviper.mx\/tienda\/wp-json\/wp\/v2\/media?parent=268401"}],"wp:term":[{"taxonomy":"product_cat","embeddable":true,"href":"https:\/\/compuviper.mx\/tienda\/wp-json\/wp\/v2\/product_cat?post=268401"},{"taxonomy":"product_tag","embeddable":true,"href":"https:\/\/compuviper.mx\/tienda\/wp-json\/wp\/v2\/product_tag?post=268401"}],"curies":[{"name":"wp","href":"https:\/\/api.w.org\/{rel}","templated":true}]}}