{"id":268392,"date":"2026-04-02T00:11:09","date_gmt":"2026-04-02T06:11:09","guid":{"rendered":"https:\/\/compuviper.mx\/tienda\/producto\/balam-rush-br-936033-gabinete-gamer-tank-mini-gi930-mini-atx-itx-micro-atx-mini-itx-panel-cristal-templado-malla-metalica-3x-ventiladores-rgb-incluidos-paneles-removibles-negro\/"},"modified":"2026-04-02T00:11:09","modified_gmt":"2026-04-02T06:11:09","slug":"balam-rush-br-936033-gabinete-gamer-tank-mini-gi930-mini-atx-itx-micro-atx-mini-itx-panel-cristal-templado-malla-metalica-3x-ventiladores-rgb-incluidos-paneles-removibles-negro","status":"publish","type":"product","link":"https:\/\/compuviper.mx\/tienda\/producto\/balam-rush-br-936033-gabinete-gamer-tank-mini-gi930-mini-atx-itx-micro-atx-mini-itx-panel-cristal-templado-malla-metalica-3x-ventiladores-rgb-incluidos-paneles-removibles-negro\/","title":{"rendered":"Balam Rush Br-936033 Gabinete Gamer  Tank Mini Gi930 \/ Mini Atx &#8211; Itx \/ Micro Atx &#8211; Mini Itx \/ Panel Cristal Templado &#8211; Malla Metalica \/ 3x Ventiladores Rgb Incluidos \/ Paneles Removibles \/ Negro \/"},"content":{"rendered":"<table class=\"descripcion\">\n<tr>\n<td>Producto: gabinete mini itx<\/td>\n<\/tr>\n<tr>\n<td>Modelo: br-936033<\/td>\n<\/tr>\n<tr>\n<td>Factor de forma: micro atx \/ itx<\/td>\n<\/tr>\n<tr>\n<td>Tarjetas madres compatibles: micro atx \/ itx<\/td>\n<\/tr>\n<tr>\n<td>Fuente de poder<\/td>\n<\/tr>\n<tr>\n<td>\u0095 compatible: atx<\/td>\n<\/tr>\n<tr>\n<td>\u0095 incluida: no<\/td>\n<\/tr>\n<tr>\n<td>\u0095 ubicacion: no<\/td>\n<\/tr>\n<tr>\n<td>Medidas max.:<\/td>\n<\/tr>\n<tr>\n<td>\u0095 altura de disipador: 160mm<\/td>\n<\/tr>\n<tr>\n<td>\u0095 longitud de gpu: 340mm<\/td>\n<\/tr>\n<tr>\n<td>Enfriamiento l\u00edquido<\/td>\n<\/tr>\n<tr>\n<td>\u0095 arriba: n\/a<\/td>\n<\/tr>\n<tr>\n<td>\u0095 atras: n\/a<\/td>\n<\/tr>\n<tr>\n<td>\u0095 abajo: n\/a<\/td>\n<\/tr>\n<tr>\n<td>\u0095 p\/b: trasero: 1 x 240 mm<\/td>\n<\/tr>\n<tr>\n<td>Soporte ventilador<\/td>\n<\/tr>\n<tr>\n<td>\u0095 frontal: 2 x 120 mm argb (incluidos)<\/td>\n<\/tr>\n<tr>\n<td>\u0095 trasero: 1 x 120 mm argb (incluidos)<\/td>\n<\/tr>\n<tr>\n<td>\u0095 lateral:0<\/td>\n<\/tr>\n<tr>\n<td>\u0095 superior: 2 x 120 mm argb (no incluidos)<\/td>\n<\/tr>\n<tr>\n<td>\u0095 inferior: 2 x 120 mm argb (no incluidos)<\/td>\n<\/tr>\n<tr>\n<td>Filtro de polvo<\/td>\n<\/tr>\n<tr>\n<td>\u0095 superior: no<\/td>\n<\/tr>\n<tr>\n<td>\u0095 inferior: no<\/td>\n<\/tr>\n<tr>\n<td>Ranuras<\/td>\n<\/tr>\n<tr>\n<td>\u0095 pci: 7<\/td>\n<\/tr>\n<tr>\n<td>Bah\u00edas<\/td>\n<\/tr>\n<tr>\n<td>\u0095 3.5\u0094 hdd:2<\/td>\n<\/tr>\n<tr>\n<td>\u0095 2.5\u0094 ssd: 3<\/td>\n<\/tr>\n<tr>\n<td>Panel e\/s<\/td>\n<\/tr>\n<tr>\n<td>\u0095 puertos usb: 2 * usb 2.0<\/td>\n<\/tr>\n<tr>\n<td>\u0095 puertos de audio: 1 * audio 3.5 mm + 1 * microfono 3.5 mm<\/td>\n<\/tr>\n<tr>\n<td>\u0095 lector de tarjetas n\/a<\/td>\n<\/tr>\n<tr>\n<td>Iluminaci\u00f3n<\/td>\n<\/tr>\n<tr>\n<td>\u0095 tipo:n\/a<\/td>\n<\/tr>\n<tr>\n<td>Materiales<\/td>\n<\/tr>\n<tr>\n<td>\u0095 estructura: spcc 0.8 mm<\/td>\n<\/tr>\n<tr>\n<td>\u0095 panel izquierdo: cristal templado<\/td>\n<\/tr>\n<tr>\n<td>\u0095 panel derecho: malla met\u00e1lica<\/td>\n<\/tr>\n<tr>\n<td>\u0095 panel frontal: cristal templado + metal<\/td>\n<\/tr>\n<tr>\n<td>Color: negro<\/td>\n<\/tr>\n<\/table>\n","protected":false},"excerpt":{"rendered":"<p>Gabinete balam rush tank \/ micro atx, itx,atx \/ metal \/ negro \/ br-936033<\/p>\n","protected":false},"featured_media":268393,"comment_status":"open","ping_status":"open","template":"","meta":[],"product_cat":[1674,1945],"product_tag":[2097],"acf":[],"yoast_head":"<!-- This site is optimized with the Yoast SEO plugin v21.7 - https:\/\/yoast.com\/wordpress\/plugins\/seo\/ -->\n<title>[ Balam Rush ] &#129351; Br-936033 Gabinete Gamer Tank Mini Gi930 \/ Mini Atx - Itx \/ Micro Atx - Mini Itx \/ Panel Cristal Templado - Malla Metalica \/ 3x Ventiladores Rgb Incluidos \/ Paneles Removibles \/ Negro \/<\/title>\n<meta name=\"description\" content=\"Compra Br-936033 Gabinete Gamer Tank Mini Gi930 \/ Mini Atx - Itx \/ Micro Atx - Mini Itx \/ Panel Cristal Templado - Malla Metalica \/ 3x Ventiladores Rgb Incluidos \/ Paneles Removibles \/ Negro \/ + Env\u00edo a domicilio + Pago seguro + Garant\u00eda\" \/>\n<meta name=\"robots\" content=\"index, follow, max-snippet:-1, max-image-preview:large, max-video-preview:-1\" \/>\n<link rel=\"canonical\" href=\"https:\/\/compuviper.mx\/tienda\/producto\/balam-rush-br-936033-gabinete-gamer-tank-mini-gi930-mini-atx-itx-micro-atx-mini-itx-panel-cristal-templado-malla-metalica-3x-ventiladores-rgb-incluidos-paneles-removibles-negro\/\" \/>\n<meta property=\"og:locale\" content=\"es_MX\" \/>\n<meta property=\"og:type\" content=\"article\" \/>\n<meta property=\"og:title\" content=\"[ Balam Rush ] &#129351; Br-936033 Gabinete Gamer Tank Mini Gi930 \/ Mini Atx - Itx \/ Micro Atx - Mini Itx \/ Panel Cristal Templado - Malla Metalica \/ 3x Ventiladores Rgb Incluidos \/ Paneles Removibles \/ Negro \/\" \/>\n<meta property=\"og:description\" content=\"Compra Br-936033 Gabinete Gamer Tank Mini Gi930 \/ Mini Atx - Itx \/ Micro Atx - Mini Itx \/ Panel Cristal Templado - Malla Metalica \/ 3x Ventiladores Rgb Incluidos \/ Paneles Removibles \/ Negro \/ + Env\u00edo a domicilio + Pago seguro + Garant\u00eda\" \/>\n<meta property=\"og:url\" content=\"https:\/\/compuviper.mx\/tienda\/producto\/balam-rush-br-936033-gabinete-gamer-tank-mini-gi930-mini-atx-itx-micro-atx-mini-itx-panel-cristal-templado-malla-metalica-3x-ventiladores-rgb-incluidos-paneles-removibles-negro\/\" \/>\n<meta property=\"og:site_name\" content=\"Compuviper\" \/>\n<meta property=\"article:publisher\" content=\"https:\/\/www.facebook.com\/compuviper\" \/>\n<meta property=\"og:image\" content=\"https:\/\/compuviper.mx\/tienda\/wp-content\/uploads\/2026\/04\/Gabinete-gamer-balam-rush-tank-mini-gi930-mini-atx-itx-micro-atx-mini-itx-panel-cristal-templado-malla-metalica-3x-ventiladores-rgb-incluidos-paneles-removibles-negro-br-936033.jpg\" \/>\n\t<meta property=\"og:image:width\" content=\"200\" \/>\n\t<meta property=\"og:image:height\" content=\"200\" \/>\n\t<meta property=\"og:image:type\" content=\"image\/jpeg\" \/>\n<meta name=\"twitter:card\" content=\"summary_large_image\" \/>\n<meta name=\"twitter:label1\" content=\"Precio\" \/>\n\t<meta name=\"twitter:data1\" content=\"&#36;899 con IVA\" \/>\n\t<meta name=\"twitter:label2\" content=\"Availability\" \/>\n\t<meta name=\"twitter:data2\" content=\"Out of stock\" \/>\n<script type=\"application\/ld+json\" class=\"yoast-schema-graph\">{\"@context\":\"https:\/\/schema.org\",\"@graph\":[{\"@type\":\"WebPage\",\"@id\":\"https:\/\/compuviper.mx\/tienda\/producto\/balam-rush-br-936033-gabinete-gamer-tank-mini-gi930-mini-atx-itx-micro-atx-mini-itx-panel-cristal-templado-malla-metalica-3x-ventiladores-rgb-incluidos-paneles-removibles-negro\/\",\"url\":\"https:\/\/compuviper.mx\/tienda\/producto\/balam-rush-br-936033-gabinete-gamer-tank-mini-gi930-mini-atx-itx-micro-atx-mini-itx-panel-cristal-templado-malla-metalica-3x-ventiladores-rgb-incluidos-paneles-removibles-negro\/\",\"name\":\"[ Balam Rush ] &#129351; Br-936033 Gabinete Gamer Tank Mini Gi930 \/ Mini Atx - Itx \/ Micro Atx - Mini Itx \/ Panel Cristal Templado - Malla Metalica \/ 3x Ventiladores Rgb Incluidos \/ Paneles Removibles \/ Negro \/\",\"isPartOf\":{\"@id\":\"https:\/\/compuviper.mx\/tienda\/#website\"},\"datePublished\":\"2026-04-02T06:11:09+00:00\",\"dateModified\":\"2026-04-02T06:11:09+00:00\",\"description\":\"Compra Br-936033 Gabinete Gamer Tank Mini Gi930 \/ Mini Atx - Itx \/ Micro Atx - Mini Itx \/ Panel Cristal Templado - Malla Metalica \/ 3x Ventiladores Rgb Incluidos \/ Paneles Removibles \/ Negro \/ + Env\u00edo a domicilio + Pago seguro + Garant\u00eda\",\"breadcrumb\":{\"@id\":\"https:\/\/compuviper.mx\/tienda\/producto\/balam-rush-br-936033-gabinete-gamer-tank-mini-gi930-mini-atx-itx-micro-atx-mini-itx-panel-cristal-templado-malla-metalica-3x-ventiladores-rgb-incluidos-paneles-removibles-negro\/#breadcrumb\"},\"inLanguage\":\"es-MX\",\"potentialAction\":[{\"@type\":\"ReadAction\",\"target\":[\"https:\/\/compuviper.mx\/tienda\/producto\/balam-rush-br-936033-gabinete-gamer-tank-mini-gi930-mini-atx-itx-micro-atx-mini-itx-panel-cristal-templado-malla-metalica-3x-ventiladores-rgb-incluidos-paneles-removibles-negro\/\"]}]},{\"@type\":\"BreadcrumbList\",\"@id\":\"https:\/\/compuviper.mx\/tienda\/producto\/balam-rush-br-936033-gabinete-gamer-tank-mini-gi930-mini-atx-itx-micro-atx-mini-itx-panel-cristal-templado-malla-metalica-3x-ventiladores-rgb-incluidos-paneles-removibles-negro\/#breadcrumb\",\"itemListElement\":[{\"@type\":\"ListItem\",\"position\":1,\"name\":\"Inicio\",\"item\":\"https:\/\/compuviper.mx\/tienda\/\"},{\"@type\":\"ListItem\",\"position\":2,\"name\":\"Productos\",\"item\":\"https:\/\/compuviper.mx\/tienda\/productos\/\"},{\"@type\":\"ListItem\",\"position\":3,\"name\":\"Balam Rush Br-936033 Gabinete Gamer Tank Mini Gi930 \/ Mini Atx &#8211; Itx \/ Micro Atx &#8211; Mini Itx \/ Panel Cristal Templado &#8211; Malla Metalica \/ 3x Ventiladores Rgb Incluidos \/ Paneles Removibles \/ Negro \/\"}]},{\"@type\":\"WebSite\",\"@id\":\"https:\/\/compuviper.mx\/tienda\/#website\",\"url\":\"https:\/\/compuviper.mx\/tienda\/\",\"name\":\"Compuviper\",\"description\":\"Proveedor de Computadoras, Laptops, Servidores, Monitores, Puntos de Venta, Teclados,   Impresoras, T\u00f3ner, C\u00e1maras de Seguridad y m\u00e1s en tu tienda en l\u00ednea\",\"publisher\":{\"@id\":\"https:\/\/compuviper.mx\/tienda\/#organization\"},\"potentialAction\":[{\"@type\":\"SearchAction\",\"target\":{\"@type\":\"EntryPoint\",\"urlTemplate\":\"https:\/\/compuviper.mx\/tienda\/?s={search_term_string}\"},\"query-input\":\"required name=search_term_string\"}],\"inLanguage\":\"es-MX\"},{\"@type\":\"Organization\",\"@id\":\"https:\/\/compuviper.mx\/tienda\/#organization\",\"name\":\"Compuviper\",\"url\":\"https:\/\/compuviper.mx\/tienda\/\",\"logo\":{\"@type\":\"ImageObject\",\"inLanguage\":\"es-MX\",\"@id\":\"https:\/\/compuviper.mx\/tienda\/#\/schema\/logo\/image\/\",\"url\":\"https:\/\/compuviper.mx\/tienda\/wp-content\/uploads\/2021\/08\/Logo-Compuviper-10.png\",\"contentUrl\":\"https:\/\/compuviper.mx\/tienda\/wp-content\/uploads\/2021\/08\/Logo-Compuviper-10.png\",\"width\":1000,\"height\":500,\"caption\":\"Compuviper\"},\"image\":{\"@id\":\"https:\/\/compuviper.mx\/tienda\/#\/schema\/logo\/image\/\"},\"sameAs\":[\"https:\/\/www.facebook.com\/compuviper\",\"https:\/\/www.youtube.com\/channel\/UCf73dERp9Y3cfOq7q8BhLjA?view_as=subscriber\"]}]}<\/script>\n<meta property=\"product:brand\" content=\"Balam Rush\" \/>\n<meta property=\"product:price:amount\" content=\"899\" \/>\n<meta property=\"product:price:currency\" content=\"MXN\" \/>\n<meta property=\"og:availability\" content=\"out of stock\" \/>\n<meta property=\"product:availability\" content=\"out of stock\" \/>\n<meta property=\"product:retailer_item_id\" content=\"BR-936033\" \/>\n<meta property=\"product:condition\" content=\"new\" \/>\n<!-- \/ Yoast SEO plugin. -->","yoast_head_json":{"title":"[ Balam Rush ] &#129351; Br-936033 Gabinete Gamer Tank Mini Gi930 \/ Mini Atx - Itx \/ Micro Atx - Mini Itx \/ Panel Cristal Templado - Malla Metalica \/ 3x Ventiladores Rgb Incluidos \/ Paneles Removibles \/ Negro \/","description":"Compra Br-936033 Gabinete Gamer Tank Mini Gi930 \/ Mini Atx - Itx \/ Micro Atx - Mini Itx \/ Panel Cristal Templado - Malla Metalica \/ 3x Ventiladores Rgb Incluidos \/ Paneles Removibles \/ Negro \/ + Env\u00edo a domicilio + Pago seguro + Garant\u00eda","robots":{"index":"index","follow":"follow","max-snippet":"max-snippet:-1","max-image-preview":"max-image-preview:large","max-video-preview":"max-video-preview:-1"},"canonical":"https:\/\/compuviper.mx\/tienda\/producto\/balam-rush-br-936033-gabinete-gamer-tank-mini-gi930-mini-atx-itx-micro-atx-mini-itx-panel-cristal-templado-malla-metalica-3x-ventiladores-rgb-incluidos-paneles-removibles-negro\/","og_locale":"es_MX","og_type":"article","og_title":"[ Balam Rush ] &#129351; Br-936033 Gabinete Gamer Tank Mini Gi930 \/ Mini Atx - Itx \/ Micro Atx - Mini Itx \/ Panel Cristal Templado - Malla Metalica \/ 3x Ventiladores Rgb Incluidos \/ Paneles Removibles \/ Negro \/","og_description":"Compra Br-936033 Gabinete Gamer Tank Mini Gi930 \/ Mini Atx - Itx \/ Micro Atx - Mini Itx \/ Panel Cristal Templado - Malla Metalica \/ 3x Ventiladores Rgb Incluidos \/ Paneles Removibles \/ Negro \/ + Env\u00edo a domicilio + Pago seguro + Garant\u00eda","og_url":"https:\/\/compuviper.mx\/tienda\/producto\/balam-rush-br-936033-gabinete-gamer-tank-mini-gi930-mini-atx-itx-micro-atx-mini-itx-panel-cristal-templado-malla-metalica-3x-ventiladores-rgb-incluidos-paneles-removibles-negro\/","og_site_name":"Compuviper","article_publisher":"https:\/\/www.facebook.com\/compuviper","og_image":[{"width":200,"height":200,"url":"https:\/\/compuviper.mx\/tienda\/wp-content\/uploads\/2026\/04\/Gabinete-gamer-balam-rush-tank-mini-gi930-mini-atx-itx-micro-atx-mini-itx-panel-cristal-templado-malla-metalica-3x-ventiladores-rgb-incluidos-paneles-removibles-negro-br-936033.jpg","type":"image\/jpeg"}],"twitter_card":"summary_large_image","twitter_misc":{"Precio":"&#36;899 con IVA","Availability":"Out of stock"},"schema":{"@context":"https:\/\/schema.org","@graph":[{"@type":"WebPage","@id":"https:\/\/compuviper.mx\/tienda\/producto\/balam-rush-br-936033-gabinete-gamer-tank-mini-gi930-mini-atx-itx-micro-atx-mini-itx-panel-cristal-templado-malla-metalica-3x-ventiladores-rgb-incluidos-paneles-removibles-negro\/","url":"https:\/\/compuviper.mx\/tienda\/producto\/balam-rush-br-936033-gabinete-gamer-tank-mini-gi930-mini-atx-itx-micro-atx-mini-itx-panel-cristal-templado-malla-metalica-3x-ventiladores-rgb-incluidos-paneles-removibles-negro\/","name":"[ Balam Rush ] &#129351; Br-936033 Gabinete Gamer Tank Mini Gi930 \/ Mini Atx - Itx \/ Micro Atx - Mini Itx \/ Panel Cristal Templado - Malla Metalica \/ 3x Ventiladores Rgb Incluidos \/ Paneles Removibles \/ Negro \/","isPartOf":{"@id":"https:\/\/compuviper.mx\/tienda\/#website"},"datePublished":"2026-04-02T06:11:09+00:00","dateModified":"2026-04-02T06:11:09+00:00","description":"Compra Br-936033 Gabinete Gamer Tank Mini Gi930 \/ Mini Atx - Itx \/ Micro Atx - Mini Itx \/ Panel Cristal Templado - Malla Metalica \/ 3x Ventiladores Rgb Incluidos \/ Paneles Removibles \/ Negro \/ + Env\u00edo a domicilio + Pago seguro + Garant\u00eda","breadcrumb":{"@id":"https:\/\/compuviper.mx\/tienda\/producto\/balam-rush-br-936033-gabinete-gamer-tank-mini-gi930-mini-atx-itx-micro-atx-mini-itx-panel-cristal-templado-malla-metalica-3x-ventiladores-rgb-incluidos-paneles-removibles-negro\/#breadcrumb"},"inLanguage":"es-MX","potentialAction":[{"@type":"ReadAction","target":["https:\/\/compuviper.mx\/tienda\/producto\/balam-rush-br-936033-gabinete-gamer-tank-mini-gi930-mini-atx-itx-micro-atx-mini-itx-panel-cristal-templado-malla-metalica-3x-ventiladores-rgb-incluidos-paneles-removibles-negro\/"]}]},{"@type":"BreadcrumbList","@id":"https:\/\/compuviper.mx\/tienda\/producto\/balam-rush-br-936033-gabinete-gamer-tank-mini-gi930-mini-atx-itx-micro-atx-mini-itx-panel-cristal-templado-malla-metalica-3x-ventiladores-rgb-incluidos-paneles-removibles-negro\/#breadcrumb","itemListElement":[{"@type":"ListItem","position":1,"name":"Inicio","item":"https:\/\/compuviper.mx\/tienda\/"},{"@type":"ListItem","position":2,"name":"Productos","item":"https:\/\/compuviper.mx\/tienda\/productos\/"},{"@type":"ListItem","position":3,"name":"Balam Rush Br-936033 Gabinete Gamer Tank Mini Gi930 \/ Mini Atx &#8211; Itx \/ Micro Atx &#8211; Mini Itx \/ Panel Cristal Templado &#8211; Malla Metalica \/ 3x Ventiladores Rgb Incluidos \/ Paneles Removibles \/ Negro \/"}]},{"@type":"WebSite","@id":"https:\/\/compuviper.mx\/tienda\/#website","url":"https:\/\/compuviper.mx\/tienda\/","name":"Compuviper","description":"Proveedor de Computadoras, Laptops, Servidores, Monitores, Puntos de Venta, Teclados,   Impresoras, T\u00f3ner, C\u00e1maras de Seguridad y m\u00e1s en tu tienda en l\u00ednea","publisher":{"@id":"https:\/\/compuviper.mx\/tienda\/#organization"},"potentialAction":[{"@type":"SearchAction","target":{"@type":"EntryPoint","urlTemplate":"https:\/\/compuviper.mx\/tienda\/?s={search_term_string}"},"query-input":"required name=search_term_string"}],"inLanguage":"es-MX"},{"@type":"Organization","@id":"https:\/\/compuviper.mx\/tienda\/#organization","name":"Compuviper","url":"https:\/\/compuviper.mx\/tienda\/","logo":{"@type":"ImageObject","inLanguage":"es-MX","@id":"https:\/\/compuviper.mx\/tienda\/#\/schema\/logo\/image\/","url":"https:\/\/compuviper.mx\/tienda\/wp-content\/uploads\/2021\/08\/Logo-Compuviper-10.png","contentUrl":"https:\/\/compuviper.mx\/tienda\/wp-content\/uploads\/2021\/08\/Logo-Compuviper-10.png","width":1000,"height":500,"caption":"Compuviper"},"image":{"@id":"https:\/\/compuviper.mx\/tienda\/#\/schema\/logo\/image\/"},"sameAs":["https:\/\/www.facebook.com\/compuviper","https:\/\/www.youtube.com\/channel\/UCf73dERp9Y3cfOq7q8BhLjA?view_as=subscriber"]}]},"product_brand":"Balam Rush","product_price_amount":"899","product_price_currency":"MXN","og_availability":"out of stock","product_availability":"out of stock","product_retailer_item_id":"BR-936033","product_condition":"new"},"_links":{"self":[{"href":"https:\/\/compuviper.mx\/tienda\/wp-json\/wp\/v2\/product\/268392"}],"collection":[{"href":"https:\/\/compuviper.mx\/tienda\/wp-json\/wp\/v2\/product"}],"about":[{"href":"https:\/\/compuviper.mx\/tienda\/wp-json\/wp\/v2\/types\/product"}],"replies":[{"embeddable":true,"href":"https:\/\/compuviper.mx\/tienda\/wp-json\/wp\/v2\/comments?post=268392"}],"wp:featuredmedia":[{"embeddable":true,"href":"https:\/\/compuviper.mx\/tienda\/wp-json\/wp\/v2\/media\/268393"}],"wp:attachment":[{"href":"https:\/\/compuviper.mx\/tienda\/wp-json\/wp\/v2\/media?parent=268392"}],"wp:term":[{"taxonomy":"product_cat","embeddable":true,"href":"https:\/\/compuviper.mx\/tienda\/wp-json\/wp\/v2\/product_cat?post=268392"},{"taxonomy":"product_tag","embeddable":true,"href":"https:\/\/compuviper.mx\/tienda\/wp-json\/wp\/v2\/product_tag?post=268392"}],"curies":[{"name":"wp","href":"https:\/\/api.w.org\/{rel}","templated":true}]}}