{"id":268387,"date":"2026-04-02T00:06:50","date_gmt":"2026-04-02T06:06:50","guid":{"rendered":"https:\/\/compuviper.mx\/tienda\/producto\/gigabyte-gp-p450b-fuente-de-poder-450w-80-plus-bronze-negro-atx-no-modular\/"},"modified":"2026-04-03T00:00:05","modified_gmt":"2026-04-03T06:00:05","slug":"gigabyte-gp-p450b-fuente-de-poder-450w-80-plus-bronze-negro-atx-no-modular","status":"publish","type":"product","link":"https:\/\/compuviper.mx\/tienda\/producto\/gigabyte-gp-p450b-fuente-de-poder-450w-80-plus-bronze-negro-atx-no-modular\/","title":{"rendered":"Gigabyte Gp-p450b Fuente De Poder  450w \/80 Plus Bronze\/negro\/atx\/no Modular"},"content":{"rendered":"<table class=\"descripcion\">\n<tr>\n<td>Certificado 80 plus bronce<\/td>\n<\/tr>\n<tr>\n<td>La certificaci\u00f3n 80 plus bronze garantiza una eficiencia del 85% al 50% de carga. la mejor eficiencia energ\u00e9tica conduce a menos desperdicio de energ\u00eda, menos calor y menos ruido del ventilador.<\/td>\n<\/tr>\n<tr>\n<td>Cable plano confiable<\/td>\n<\/tr>\n<tr>\n<td>P450b proporciona la mejor soluci\u00f3n para los conjuntos de pc. el cable plano reduce el desorden y mejora el flujo de aire en el interior del gabinete.<\/td>\n<\/tr>\n<tr>\n<td>Ventilador de cojinete hidraulico silencioso (hyb) de 120 mm<\/td>\n<\/tr>\n<tr>\n<td>El ventilador de cojinete hidr\u00e1ulico silencioso de 120 mm optimiza la reducci\u00f3n de ruido y el rendimiento t\u00e9rmico. la velocidad del ventilador se ajusta de acuerdo con la detecci\u00f3n autom\u00e1tica de potencia. el ventilador de cojinete hidraulico proporciona una vida util mas prolongada y estable.<\/td>\n<\/tr>\n<tr>\n<td>Carril unico +12v<\/td>\n<\/tr>\n<tr>\n<td>El riel \u00fanico de +12 v proporciona la mejor potencia de salida, estabilidad y compatibilidad para el hardware. proporciona la forma m\u00e1s sencilla de instalar el cable de alimentaci\u00f3n. y es el mejor dise\u00f1o para overclocking.<\/td>\n<\/tr>\n<tr>\n<td>Proteccion<\/td>\n<\/tr>\n<tr>\n<td>Para asegurarnos de que todo el sistema inform\u00e1tico funciona de manera estable en cualquier condici\u00f3n, no solo agregamos dise\u00f1os de protecci\u00f3n como ocp, otp, ovp, opp, uvp y scp, sino que tambi\u00e9n garantizamos el funcionamiento estable de su sistema a trav\u00e9s de la certificaci\u00f3n de seguridad de varios paises.<\/td>\n<\/tr>\n<\/table>\n","protected":false},"excerpt":{"rendered":"<p>Modelo. P450b. Tipo. Factor de forma intel atx 12v v2.31. Pfc. Pfc activo ( 0.9 t\u00edpico. Voltaje de entrada. 100-240 vca (rango completo. Corriente de entrada. 8-4a. Frecuencia de entrada. 60-50 hz. Capacidad de salida. 450w. Dimensi\u00f3n. 150x140x86mm. Tipo de ventilador. Ventilador de cojinete hidr\u00e1ulico (hyb) de 120 mm. 80 m\u00e1s. Bronce. Eficiencia. 85% a carga t\u00edpica. Mtbf.  100.000 horas. Proteccion. Ovp\/opp\/scp\/uvp\/ocp\/otp. Potencia buena se\u00f1al. 100-500ms. Tiempo de espera.  16ms. Tipo de cable. Plano, todo negro. Conectores. Atx\/mb 20+4 pines x 1: 550 mm*1. Cpu\/eps 4+4 pines x 1: 600 mm*1. Pci-e 6+2 pines x 2: 550 mm+150 mm*1. Sata x 6: 500 mm+120 mm+120 mm *2. Perif\u00e9rico de 4 pines x 3 + disquete de 4 pines x 1: 500 mm+120 mm+120 mm+120 mm*1<\/p>\n","protected":false},"featured_media":268388,"comment_status":"open","ping_status":"open","template":"","meta":[],"product_cat":[1508,1672],"product_tag":[1732],"acf":[],"yoast_head":"<!-- This site is optimized with the Yoast SEO plugin v21.7 - https:\/\/yoast.com\/wordpress\/plugins\/seo\/ -->\n<title>[ Gigabyte ] &#129351; Gp-p450b Fuente De Poder 450w \/80 Plus Bronze\/negro\/atx\/no Modular<\/title>\n<meta name=\"description\" content=\"Compra Gp-p450b Fuente De Poder 450w \/80 Plus Bronze\/negro\/atx\/no Modular + Env\u00edo a domicilio + Pago seguro + Garant\u00eda\" \/>\n<meta name=\"robots\" content=\"index, follow, max-snippet:-1, max-image-preview:large, max-video-preview:-1\" \/>\n<link rel=\"canonical\" href=\"https:\/\/compuviper.mx\/tienda\/producto\/gigabyte-gp-p450b-fuente-de-poder-450w-80-plus-bronze-negro-atx-no-modular\/\" \/>\n<meta property=\"og:locale\" content=\"es_MX\" \/>\n<meta property=\"og:type\" content=\"article\" \/>\n<meta property=\"og:title\" content=\"[ Gigabyte ] &#129351; Gp-p450b Fuente De Poder 450w \/80 Plus Bronze\/negro\/atx\/no Modular\" \/>\n<meta property=\"og:description\" content=\"Compra Gp-p450b Fuente De Poder 450w \/80 Plus Bronze\/negro\/atx\/no Modular + Env\u00edo a domicilio + Pago seguro + Garant\u00eda\" \/>\n<meta property=\"og:url\" content=\"https:\/\/compuviper.mx\/tienda\/producto\/gigabyte-gp-p450b-fuente-de-poder-450w-80-plus-bronze-negro-atx-no-modular\/\" \/>\n<meta property=\"og:site_name\" content=\"Compuviper\" \/>\n<meta property=\"article:publisher\" content=\"https:\/\/www.facebook.com\/compuviper\" \/>\n<meta property=\"article:modified_time\" content=\"2026-04-03T06:00:05+00:00\" \/>\n<meta property=\"og:image\" content=\"https:\/\/compuviper.mx\/tienda\/wp-content\/uploads\/2026\/04\/Fuente-de-poder-gigabyte-450w-80-plus-bronzenegroatxno-modular.jpg\" \/>\n\t<meta property=\"og:image:width\" content=\"200\" \/>\n\t<meta property=\"og:image:height\" content=\"200\" \/>\n\t<meta property=\"og:image:type\" content=\"image\/jpeg\" \/>\n<meta name=\"twitter:card\" content=\"summary_large_image\" \/>\n<meta name=\"twitter:label1\" content=\"Precio\" \/>\n\t<meta name=\"twitter:data1\" content=\"&#36;624 con IVA\" \/>\n\t<meta name=\"twitter:label2\" content=\"Availability\" \/>\n\t<meta name=\"twitter:data2\" content=\"Out of stock\" \/>\n<script type=\"application\/ld+json\" class=\"yoast-schema-graph\">{\"@context\":\"https:\/\/schema.org\",\"@graph\":[{\"@type\":\"WebPage\",\"@id\":\"https:\/\/compuviper.mx\/tienda\/producto\/gigabyte-gp-p450b-fuente-de-poder-450w-80-plus-bronze-negro-atx-no-modular\/\",\"url\":\"https:\/\/compuviper.mx\/tienda\/producto\/gigabyte-gp-p450b-fuente-de-poder-450w-80-plus-bronze-negro-atx-no-modular\/\",\"name\":\"[ Gigabyte ] &#129351; Gp-p450b Fuente De Poder 450w \/80 Plus Bronze\/negro\/atx\/no Modular\",\"isPartOf\":{\"@id\":\"https:\/\/compuviper.mx\/tienda\/#website\"},\"datePublished\":\"2026-04-02T06:06:50+00:00\",\"dateModified\":\"2026-04-03T06:00:05+00:00\",\"description\":\"Compra Gp-p450b Fuente De Poder 450w \/80 Plus Bronze\/negro\/atx\/no Modular + Env\u00edo a domicilio + Pago seguro + Garant\u00eda\",\"breadcrumb\":{\"@id\":\"https:\/\/compuviper.mx\/tienda\/producto\/gigabyte-gp-p450b-fuente-de-poder-450w-80-plus-bronze-negro-atx-no-modular\/#breadcrumb\"},\"inLanguage\":\"es-MX\",\"potentialAction\":[{\"@type\":\"ReadAction\",\"target\":[\"https:\/\/compuviper.mx\/tienda\/producto\/gigabyte-gp-p450b-fuente-de-poder-450w-80-plus-bronze-negro-atx-no-modular\/\"]}]},{\"@type\":\"BreadcrumbList\",\"@id\":\"https:\/\/compuviper.mx\/tienda\/producto\/gigabyte-gp-p450b-fuente-de-poder-450w-80-plus-bronze-negro-atx-no-modular\/#breadcrumb\",\"itemListElement\":[{\"@type\":\"ListItem\",\"position\":1,\"name\":\"Inicio\",\"item\":\"https:\/\/compuviper.mx\/tienda\/\"},{\"@type\":\"ListItem\",\"position\":2,\"name\":\"Productos\",\"item\":\"https:\/\/compuviper.mx\/tienda\/productos\/\"},{\"@type\":\"ListItem\",\"position\":3,\"name\":\"Gigabyte Gp-p450b Fuente De Poder 450w \/80 Plus Bronze\/negro\/atx\/no Modular\"}]},{\"@type\":\"WebSite\",\"@id\":\"https:\/\/compuviper.mx\/tienda\/#website\",\"url\":\"https:\/\/compuviper.mx\/tienda\/\",\"name\":\"Compuviper\",\"description\":\"Proveedor de Computadoras, Laptops, Servidores, Monitores, Puntos de Venta, Teclados,   Impresoras, T\u00f3ner, C\u00e1maras de Seguridad y m\u00e1s en tu tienda en l\u00ednea\",\"publisher\":{\"@id\":\"https:\/\/compuviper.mx\/tienda\/#organization\"},\"potentialAction\":[{\"@type\":\"SearchAction\",\"target\":{\"@type\":\"EntryPoint\",\"urlTemplate\":\"https:\/\/compuviper.mx\/tienda\/?s={search_term_string}\"},\"query-input\":\"required name=search_term_string\"}],\"inLanguage\":\"es-MX\"},{\"@type\":\"Organization\",\"@id\":\"https:\/\/compuviper.mx\/tienda\/#organization\",\"name\":\"Compuviper\",\"url\":\"https:\/\/compuviper.mx\/tienda\/\",\"logo\":{\"@type\":\"ImageObject\",\"inLanguage\":\"es-MX\",\"@id\":\"https:\/\/compuviper.mx\/tienda\/#\/schema\/logo\/image\/\",\"url\":\"https:\/\/compuviper.mx\/tienda\/wp-content\/uploads\/2021\/08\/Logo-Compuviper-10.png\",\"contentUrl\":\"https:\/\/compuviper.mx\/tienda\/wp-content\/uploads\/2021\/08\/Logo-Compuviper-10.png\",\"width\":1000,\"height\":500,\"caption\":\"Compuviper\"},\"image\":{\"@id\":\"https:\/\/compuviper.mx\/tienda\/#\/schema\/logo\/image\/\"},\"sameAs\":[\"https:\/\/www.facebook.com\/compuviper\",\"https:\/\/www.youtube.com\/channel\/UCf73dERp9Y3cfOq7q8BhLjA?view_as=subscriber\"]}]}<\/script>\n<meta property=\"product:brand\" content=\"GIGABYTE\" \/>\n<meta property=\"product:price:amount\" content=\"624\" \/>\n<meta property=\"product:price:currency\" content=\"MXN\" \/>\n<meta property=\"og:availability\" content=\"out of stock\" \/>\n<meta property=\"product:availability\" content=\"out of stock\" \/>\n<meta property=\"product:retailer_item_id\" content=\"GP-P450B\" \/>\n<meta property=\"product:condition\" content=\"new\" \/>\n<!-- \/ Yoast SEO plugin. -->","yoast_head_json":{"title":"[ Gigabyte ] &#129351; Gp-p450b Fuente De Poder 450w \/80 Plus Bronze\/negro\/atx\/no Modular","description":"Compra Gp-p450b Fuente De Poder 450w \/80 Plus Bronze\/negro\/atx\/no Modular + Env\u00edo a domicilio + Pago seguro + Garant\u00eda","robots":{"index":"index","follow":"follow","max-snippet":"max-snippet:-1","max-image-preview":"max-image-preview:large","max-video-preview":"max-video-preview:-1"},"canonical":"https:\/\/compuviper.mx\/tienda\/producto\/gigabyte-gp-p450b-fuente-de-poder-450w-80-plus-bronze-negro-atx-no-modular\/","og_locale":"es_MX","og_type":"article","og_title":"[ Gigabyte ] &#129351; Gp-p450b Fuente De Poder 450w \/80 Plus Bronze\/negro\/atx\/no Modular","og_description":"Compra Gp-p450b Fuente De Poder 450w \/80 Plus Bronze\/negro\/atx\/no Modular + Env\u00edo a domicilio + Pago seguro + Garant\u00eda","og_url":"https:\/\/compuviper.mx\/tienda\/producto\/gigabyte-gp-p450b-fuente-de-poder-450w-80-plus-bronze-negro-atx-no-modular\/","og_site_name":"Compuviper","article_publisher":"https:\/\/www.facebook.com\/compuviper","article_modified_time":"2026-04-03T06:00:05+00:00","og_image":[{"width":200,"height":200,"url":"https:\/\/compuviper.mx\/tienda\/wp-content\/uploads\/2026\/04\/Fuente-de-poder-gigabyte-450w-80-plus-bronzenegroatxno-modular.jpg","type":"image\/jpeg"}],"twitter_card":"summary_large_image","twitter_misc":{"Precio":"&#36;624 con IVA","Availability":"Out of stock"},"schema":{"@context":"https:\/\/schema.org","@graph":[{"@type":"WebPage","@id":"https:\/\/compuviper.mx\/tienda\/producto\/gigabyte-gp-p450b-fuente-de-poder-450w-80-plus-bronze-negro-atx-no-modular\/","url":"https:\/\/compuviper.mx\/tienda\/producto\/gigabyte-gp-p450b-fuente-de-poder-450w-80-plus-bronze-negro-atx-no-modular\/","name":"[ Gigabyte ] &#129351; Gp-p450b Fuente De Poder 450w \/80 Plus Bronze\/negro\/atx\/no Modular","isPartOf":{"@id":"https:\/\/compuviper.mx\/tienda\/#website"},"datePublished":"2026-04-02T06:06:50+00:00","dateModified":"2026-04-03T06:00:05+00:00","description":"Compra Gp-p450b Fuente De Poder 450w \/80 Plus Bronze\/negro\/atx\/no Modular + Env\u00edo a domicilio + Pago seguro + Garant\u00eda","breadcrumb":{"@id":"https:\/\/compuviper.mx\/tienda\/producto\/gigabyte-gp-p450b-fuente-de-poder-450w-80-plus-bronze-negro-atx-no-modular\/#breadcrumb"},"inLanguage":"es-MX","potentialAction":[{"@type":"ReadAction","target":["https:\/\/compuviper.mx\/tienda\/producto\/gigabyte-gp-p450b-fuente-de-poder-450w-80-plus-bronze-negro-atx-no-modular\/"]}]},{"@type":"BreadcrumbList","@id":"https:\/\/compuviper.mx\/tienda\/producto\/gigabyte-gp-p450b-fuente-de-poder-450w-80-plus-bronze-negro-atx-no-modular\/#breadcrumb","itemListElement":[{"@type":"ListItem","position":1,"name":"Inicio","item":"https:\/\/compuviper.mx\/tienda\/"},{"@type":"ListItem","position":2,"name":"Productos","item":"https:\/\/compuviper.mx\/tienda\/productos\/"},{"@type":"ListItem","position":3,"name":"Gigabyte Gp-p450b Fuente De Poder 450w \/80 Plus Bronze\/negro\/atx\/no Modular"}]},{"@type":"WebSite","@id":"https:\/\/compuviper.mx\/tienda\/#website","url":"https:\/\/compuviper.mx\/tienda\/","name":"Compuviper","description":"Proveedor de Computadoras, Laptops, Servidores, Monitores, Puntos de Venta, Teclados,   Impresoras, T\u00f3ner, C\u00e1maras de Seguridad y m\u00e1s en tu tienda en l\u00ednea","publisher":{"@id":"https:\/\/compuviper.mx\/tienda\/#organization"},"potentialAction":[{"@type":"SearchAction","target":{"@type":"EntryPoint","urlTemplate":"https:\/\/compuviper.mx\/tienda\/?s={search_term_string}"},"query-input":"required name=search_term_string"}],"inLanguage":"es-MX"},{"@type":"Organization","@id":"https:\/\/compuviper.mx\/tienda\/#organization","name":"Compuviper","url":"https:\/\/compuviper.mx\/tienda\/","logo":{"@type":"ImageObject","inLanguage":"es-MX","@id":"https:\/\/compuviper.mx\/tienda\/#\/schema\/logo\/image\/","url":"https:\/\/compuviper.mx\/tienda\/wp-content\/uploads\/2021\/08\/Logo-Compuviper-10.png","contentUrl":"https:\/\/compuviper.mx\/tienda\/wp-content\/uploads\/2021\/08\/Logo-Compuviper-10.png","width":1000,"height":500,"caption":"Compuviper"},"image":{"@id":"https:\/\/compuviper.mx\/tienda\/#\/schema\/logo\/image\/"},"sameAs":["https:\/\/www.facebook.com\/compuviper","https:\/\/www.youtube.com\/channel\/UCf73dERp9Y3cfOq7q8BhLjA?view_as=subscriber"]}]},"product_brand":"GIGABYTE","product_price_amount":"624","product_price_currency":"MXN","og_availability":"out of stock","product_availability":"out of stock","product_retailer_item_id":"GP-P450B","product_condition":"new"},"_links":{"self":[{"href":"https:\/\/compuviper.mx\/tienda\/wp-json\/wp\/v2\/product\/268387"}],"collection":[{"href":"https:\/\/compuviper.mx\/tienda\/wp-json\/wp\/v2\/product"}],"about":[{"href":"https:\/\/compuviper.mx\/tienda\/wp-json\/wp\/v2\/types\/product"}],"replies":[{"embeddable":true,"href":"https:\/\/compuviper.mx\/tienda\/wp-json\/wp\/v2\/comments?post=268387"}],"wp:featuredmedia":[{"embeddable":true,"href":"https:\/\/compuviper.mx\/tienda\/wp-json\/wp\/v2\/media\/268388"}],"wp:attachment":[{"href":"https:\/\/compuviper.mx\/tienda\/wp-json\/wp\/v2\/media?parent=268387"}],"wp:term":[{"taxonomy":"product_cat","embeddable":true,"href":"https:\/\/compuviper.mx\/tienda\/wp-json\/wp\/v2\/product_cat?post=268387"},{"taxonomy":"product_tag","embeddable":true,"href":"https:\/\/compuviper.mx\/tienda\/wp-json\/wp\/v2\/product_tag?post=268387"}],"curies":[{"name":"wp","href":"https:\/\/api.w.org\/{rel}","templated":true}]}}