{"id":268381,"date":"2026-04-02T01:51:23","date_gmt":"2026-04-02T07:51:23","guid":{"rendered":"https:\/\/compuviper.mx\/tienda\/producto\/sandisk-sdsqxao-1t00-gn6zk-memoria-micro-sdxc-1tb-nintendo-switch-pokemon-snorlax-100mb-s-4k-u3-v30\/"},"modified":"2026-04-03T00:00:29","modified_gmt":"2026-04-03T06:00:29","slug":"sandisk-sdsqxao-1t00-gn6zk-memoria-micro-sdxc-1tb-nintendo-switch-pokemon-snorlax-100mb-s-4k-u3-v30","status":"publish","type":"product","link":"https:\/\/compuviper.mx\/tienda\/producto\/sandisk-sdsqxao-1t00-gn6zk-memoria-micro-sdxc-1tb-nintendo-switch-pokemon-snorlax-100mb-s-4k-u3-v30\/","title":{"rendered":"Sandisk Sdsqxao-1t00-gn6zk Memoria  Micro Sdxc 1tb Nintendo Switch Pokemon Snorlax 100mb\/s 4k U3 V30"},"content":{"rendered":"<table class=\"descripcion\">\n<tr>\n<td>No compatible con nintendo switch 2<\/td>\n<\/tr>\n<tr>\n<td>Capacidad   1 tb<\/td>\n<\/tr>\n<tr>\n<td>Formato   microsdxc<\/td>\n<\/tr>\n<tr>\n<td>Rendimiento de lectura secuencial   100mb\/s<\/td>\n<\/tr>\n<tr>\n<td>Rendimiento de escritura secuencial   90mb\/s<\/td>\n<\/tr>\n<tr>\n<td>Interfaz   uhs-i<\/td>\n<\/tr>\n<tr>\n<td>Dimensiones (largo, ancho y alto)   0.59 x 0.82 x 0.04<\/td>\n<\/tr>\n<tr>\n<td>Peso   0.26gms<\/td>\n<\/tr>\n<tr>\n<td>N\u00famero de modelo   sdsqxao-1t00-gn6zk<\/td>\n<\/tr>\n<tr>\n<td>Temp. operativa   -40\u00b0f to 185\u00b0f<\/td>\n<\/tr>\n<tr>\n<td>Caracter\u00edsticas del producto<\/td>\n<\/tr>\n<tr>\n<td>\u0095con licencia oficial: todas las tarjetas est\u00e1n dise\u00f1adas, probadas y aprobadas para que se puedan utilizar con todos los sistemas de nintendo switch<\/td>\n<\/tr>\n<tr>\n<td>\u0095dise\u00f1o ic\u00f3nico: cada tarjeta incluye un pok\u00e9mon favorito de todos los tiempos con colores de fondo vibrantes<\/td>\n<\/tr>\n<tr>\n<td>\u0095rendimiento excepcional: agrega tus juegos favoritos y mucho m\u00e1s en un instante con velocidades de lectura hasta 100 mb\/s y de escritura hasta 90 mb\/s<\/td>\n<\/tr>\n<tr>\n<td>En la caja   tarjeta sandisk pok\u00e9mon microsd<\/td>\n<\/tr>\n<tr>\n<td>Compatibilidad   sistemas nintendo switch, incluidos lite y oled<\/td>\n<\/tr>\n<\/table>\n","protected":false},"excerpt":{"rendered":"<p>Juega al estilo pok\u00e9mon con esta l\u00ednea de tarjetas microsd de sandisk con licencia oficial para nintendo switch. Los favoritos de los fan\u00e1ticos, como pikachu, agregan un toque pok\u00e9mon a tu almacenamiento, y cada tarjeta especialmente dise\u00f1ada se ha probado y aprobado para utilizarse con todos los sistemas nintendo switch. Comienza tus aventuras pok\u00e9mon m\u00e1s r\u00e1pido con velocidades de lectura hasta 100 mb\/s, y agrega tus t\u00edtulos, videos, capturas de pantalla y m\u00e1s contenidos favoritos a tu tarjeta con velocidades r\u00e1pidas de escritura hasta 90 mb\/s gracias a su garant\u00eda limitada de por vida, sandisk te respalda para que puedas jugar a tus juegos pok\u00e9mon favoritos durante muchos a\u00f1os. Comienza a capturar y luchar m\u00e1s r\u00e1pido con velocidades de lectura hasta 100 mb\/s. Agrega tus juegos favoritos y mucho m\u00e1s en un instante con velocidades de escritura hasta 90 mb\/s. Almacena tus juegos favoritos en una sola tarjeta, en lugar de borrarlos y volver a descargarlos. Guarda la tarjeta en tu sistema nintendo switch y juega en cualquier lugar y en cualquier momento. Disfruta tus juegos sin interrupciones gracias al rendimiento de gran confiabilidad respaldado.<\/p>\n","protected":false},"featured_media":268382,"comment_status":"open","ping_status":"open","template":"","meta":[],"product_cat":[1793,1795],"product_tag":[1709],"acf":[],"yoast_head":"<!-- This site is optimized with the Yoast SEO plugin v21.7 - https:\/\/yoast.com\/wordpress\/plugins\/seo\/ -->\n<title>[ Sandisk ] &#129351; Sdsqxao-1t00-gn6zk Memoria Micro Sdxc 1tb Nintendo Switch Pokemon Snorlax 100mb\/s 4k U3 V30<\/title>\n<meta name=\"description\" content=\"Compra Sdsqxao-1t00-gn6zk Memoria Micro Sdxc 1tb Nintendo Switch Pokemon Snorlax 100mb\/s 4k U3 V30 + Env\u00edo a domicilio + Pago seguro + Garant\u00eda\" \/>\n<meta name=\"robots\" content=\"index, follow, max-snippet:-1, max-image-preview:large, max-video-preview:-1\" \/>\n<link rel=\"canonical\" href=\"https:\/\/compuviper.mx\/tienda\/producto\/sandisk-sdsqxao-1t00-gn6zk-memoria-micro-sdxc-1tb-nintendo-switch-pokemon-snorlax-100mb-s-4k-u3-v30\/\" \/>\n<meta property=\"og:locale\" content=\"es_MX\" \/>\n<meta property=\"og:type\" content=\"article\" \/>\n<meta property=\"og:title\" content=\"[ Sandisk ] &#129351; Sdsqxao-1t00-gn6zk Memoria Micro Sdxc 1tb Nintendo Switch Pokemon Snorlax 100mb\/s 4k U3 V30\" \/>\n<meta property=\"og:description\" content=\"Compra Sdsqxao-1t00-gn6zk Memoria Micro Sdxc 1tb Nintendo Switch Pokemon Snorlax 100mb\/s 4k U3 V30 + Env\u00edo a domicilio + Pago seguro + Garant\u00eda\" \/>\n<meta property=\"og:url\" content=\"https:\/\/compuviper.mx\/tienda\/producto\/sandisk-sdsqxao-1t00-gn6zk-memoria-micro-sdxc-1tb-nintendo-switch-pokemon-snorlax-100mb-s-4k-u3-v30\/\" \/>\n<meta property=\"og:site_name\" content=\"Compuviper\" \/>\n<meta property=\"article:publisher\" content=\"https:\/\/www.facebook.com\/compuviper\" \/>\n<meta property=\"article:modified_time\" content=\"2026-04-03T06:00:29+00:00\" \/>\n<meta property=\"og:image\" content=\"https:\/\/compuviper.mx\/tienda\/wp-content\/uploads\/2026\/04\/Memoria-sandisk-micro-sdxc-1tb-nintendo-switch-pokemon-snorlax-100mbs-4k-u3-v30-sdsqxao-1t00-gn6zk.jpg\" \/>\n\t<meta property=\"og:image:width\" content=\"200\" \/>\n\t<meta property=\"og:image:height\" content=\"200\" \/>\n\t<meta property=\"og:image:type\" content=\"image\/jpeg\" \/>\n<meta name=\"twitter:card\" content=\"summary_large_image\" \/>\n<meta name=\"twitter:label1\" content=\"Precio\" \/>\n\t<meta name=\"twitter:data1\" content=\"&#36;4,694 con IVA\" \/>\n\t<meta name=\"twitter:label2\" content=\"Availability\" \/>\n\t<meta name=\"twitter:data2\" content=\"In stock\" \/>\n<script type=\"application\/ld+json\" class=\"yoast-schema-graph\">{\"@context\":\"https:\/\/schema.org\",\"@graph\":[{\"@type\":\"WebPage\",\"@id\":\"https:\/\/compuviper.mx\/tienda\/producto\/sandisk-sdsqxao-1t00-gn6zk-memoria-micro-sdxc-1tb-nintendo-switch-pokemon-snorlax-100mb-s-4k-u3-v30\/\",\"url\":\"https:\/\/compuviper.mx\/tienda\/producto\/sandisk-sdsqxao-1t00-gn6zk-memoria-micro-sdxc-1tb-nintendo-switch-pokemon-snorlax-100mb-s-4k-u3-v30\/\",\"name\":\"[ Sandisk ] &#129351; Sdsqxao-1t00-gn6zk Memoria Micro Sdxc 1tb Nintendo Switch Pokemon Snorlax 100mb\/s 4k U3 V30\",\"isPartOf\":{\"@id\":\"https:\/\/compuviper.mx\/tienda\/#website\"},\"datePublished\":\"2026-04-02T07:51:23+00:00\",\"dateModified\":\"2026-04-03T06:00:29+00:00\",\"description\":\"Compra Sdsqxao-1t00-gn6zk Memoria Micro Sdxc 1tb Nintendo Switch Pokemon Snorlax 100mb\/s 4k U3 V30 + Env\u00edo a domicilio + Pago seguro + Garant\u00eda\",\"breadcrumb\":{\"@id\":\"https:\/\/compuviper.mx\/tienda\/producto\/sandisk-sdsqxao-1t00-gn6zk-memoria-micro-sdxc-1tb-nintendo-switch-pokemon-snorlax-100mb-s-4k-u3-v30\/#breadcrumb\"},\"inLanguage\":\"es-MX\",\"potentialAction\":[{\"@type\":\"ReadAction\",\"target\":[\"https:\/\/compuviper.mx\/tienda\/producto\/sandisk-sdsqxao-1t00-gn6zk-memoria-micro-sdxc-1tb-nintendo-switch-pokemon-snorlax-100mb-s-4k-u3-v30\/\"]}]},{\"@type\":\"BreadcrumbList\",\"@id\":\"https:\/\/compuviper.mx\/tienda\/producto\/sandisk-sdsqxao-1t00-gn6zk-memoria-micro-sdxc-1tb-nintendo-switch-pokemon-snorlax-100mb-s-4k-u3-v30\/#breadcrumb\",\"itemListElement\":[{\"@type\":\"ListItem\",\"position\":1,\"name\":\"Inicio\",\"item\":\"https:\/\/compuviper.mx\/tienda\/\"},{\"@type\":\"ListItem\",\"position\":2,\"name\":\"Productos\",\"item\":\"https:\/\/compuviper.mx\/tienda\/productos\/\"},{\"@type\":\"ListItem\",\"position\":3,\"name\":\"Memorias\",\"item\":\"https:\/\/compuviper.mx\/tienda\/categoria-producto\/memorias\/\"},{\"@type\":\"ListItem\",\"position\":4,\"name\":\"Memoria Flash Card\",\"item\":\"https:\/\/compuviper.mx\/tienda\/categoria-producto\/memorias\/memoria-flash-card\/\"},{\"@type\":\"ListItem\",\"position\":5,\"name\":\"Sandisk Sdsqxao-1t00-gn6zk Memoria Micro Sdxc 1tb Nintendo Switch Pokemon Snorlax 100mb\/s 4k U3 V30\"}]},{\"@type\":\"WebSite\",\"@id\":\"https:\/\/compuviper.mx\/tienda\/#website\",\"url\":\"https:\/\/compuviper.mx\/tienda\/\",\"name\":\"Compuviper\",\"description\":\"Proveedor de Computadoras, Laptops, Servidores, Monitores, Puntos de Venta, Teclados,   Impresoras, T\u00f3ner, C\u00e1maras de Seguridad y m\u00e1s en tu tienda en l\u00ednea\",\"publisher\":{\"@id\":\"https:\/\/compuviper.mx\/tienda\/#organization\"},\"potentialAction\":[{\"@type\":\"SearchAction\",\"target\":{\"@type\":\"EntryPoint\",\"urlTemplate\":\"https:\/\/compuviper.mx\/tienda\/?s={search_term_string}\"},\"query-input\":\"required name=search_term_string\"}],\"inLanguage\":\"es-MX\"},{\"@type\":\"Organization\",\"@id\":\"https:\/\/compuviper.mx\/tienda\/#organization\",\"name\":\"Compuviper\",\"url\":\"https:\/\/compuviper.mx\/tienda\/\",\"logo\":{\"@type\":\"ImageObject\",\"inLanguage\":\"es-MX\",\"@id\":\"https:\/\/compuviper.mx\/tienda\/#\/schema\/logo\/image\/\",\"url\":\"https:\/\/compuviper.mx\/tienda\/wp-content\/uploads\/2021\/08\/Logo-Compuviper-10.png\",\"contentUrl\":\"https:\/\/compuviper.mx\/tienda\/wp-content\/uploads\/2021\/08\/Logo-Compuviper-10.png\",\"width\":1000,\"height\":500,\"caption\":\"Compuviper\"},\"image\":{\"@id\":\"https:\/\/compuviper.mx\/tienda\/#\/schema\/logo\/image\/\"},\"sameAs\":[\"https:\/\/www.facebook.com\/compuviper\",\"https:\/\/www.youtube.com\/channel\/UCf73dERp9Y3cfOq7q8BhLjA?view_as=subscriber\"]}]}<\/script>\n<meta property=\"product:brand\" content=\"SANDISK\" \/>\n<meta property=\"product:price:amount\" content=\"4694\" \/>\n<meta property=\"product:price:currency\" content=\"MXN\" \/>\n<meta property=\"og:availability\" content=\"instock\" \/>\n<meta property=\"product:availability\" content=\"instock\" \/>\n<meta property=\"product:retailer_item_id\" content=\"SDSQXAO-1T00-GN6ZK\" \/>\n<meta property=\"product:condition\" content=\"new\" \/>\n<!-- \/ Yoast SEO plugin. -->","yoast_head_json":{"title":"[ Sandisk ] &#129351; Sdsqxao-1t00-gn6zk Memoria Micro Sdxc 1tb Nintendo Switch Pokemon Snorlax 100mb\/s 4k U3 V30","description":"Compra Sdsqxao-1t00-gn6zk Memoria Micro Sdxc 1tb Nintendo Switch Pokemon Snorlax 100mb\/s 4k U3 V30 + Env\u00edo a domicilio + Pago seguro + Garant\u00eda","robots":{"index":"index","follow":"follow","max-snippet":"max-snippet:-1","max-image-preview":"max-image-preview:large","max-video-preview":"max-video-preview:-1"},"canonical":"https:\/\/compuviper.mx\/tienda\/producto\/sandisk-sdsqxao-1t00-gn6zk-memoria-micro-sdxc-1tb-nintendo-switch-pokemon-snorlax-100mb-s-4k-u3-v30\/","og_locale":"es_MX","og_type":"article","og_title":"[ Sandisk ] &#129351; Sdsqxao-1t00-gn6zk Memoria Micro Sdxc 1tb Nintendo Switch Pokemon Snorlax 100mb\/s 4k U3 V30","og_description":"Compra Sdsqxao-1t00-gn6zk Memoria Micro Sdxc 1tb Nintendo Switch Pokemon Snorlax 100mb\/s 4k U3 V30 + Env\u00edo a domicilio + Pago seguro + Garant\u00eda","og_url":"https:\/\/compuviper.mx\/tienda\/producto\/sandisk-sdsqxao-1t00-gn6zk-memoria-micro-sdxc-1tb-nintendo-switch-pokemon-snorlax-100mb-s-4k-u3-v30\/","og_site_name":"Compuviper","article_publisher":"https:\/\/www.facebook.com\/compuviper","article_modified_time":"2026-04-03T06:00:29+00:00","og_image":[{"width":200,"height":200,"url":"https:\/\/compuviper.mx\/tienda\/wp-content\/uploads\/2026\/04\/Memoria-sandisk-micro-sdxc-1tb-nintendo-switch-pokemon-snorlax-100mbs-4k-u3-v30-sdsqxao-1t00-gn6zk.jpg","type":"image\/jpeg"}],"twitter_card":"summary_large_image","twitter_misc":{"Precio":"&#36;4,694 con IVA","Availability":"In stock"},"schema":{"@context":"https:\/\/schema.org","@graph":[{"@type":"WebPage","@id":"https:\/\/compuviper.mx\/tienda\/producto\/sandisk-sdsqxao-1t00-gn6zk-memoria-micro-sdxc-1tb-nintendo-switch-pokemon-snorlax-100mb-s-4k-u3-v30\/","url":"https:\/\/compuviper.mx\/tienda\/producto\/sandisk-sdsqxao-1t00-gn6zk-memoria-micro-sdxc-1tb-nintendo-switch-pokemon-snorlax-100mb-s-4k-u3-v30\/","name":"[ Sandisk ] &#129351; Sdsqxao-1t00-gn6zk Memoria Micro Sdxc 1tb Nintendo Switch Pokemon Snorlax 100mb\/s 4k U3 V30","isPartOf":{"@id":"https:\/\/compuviper.mx\/tienda\/#website"},"datePublished":"2026-04-02T07:51:23+00:00","dateModified":"2026-04-03T06:00:29+00:00","description":"Compra Sdsqxao-1t00-gn6zk Memoria Micro Sdxc 1tb Nintendo Switch Pokemon Snorlax 100mb\/s 4k U3 V30 + Env\u00edo a domicilio + Pago seguro + Garant\u00eda","breadcrumb":{"@id":"https:\/\/compuviper.mx\/tienda\/producto\/sandisk-sdsqxao-1t00-gn6zk-memoria-micro-sdxc-1tb-nintendo-switch-pokemon-snorlax-100mb-s-4k-u3-v30\/#breadcrumb"},"inLanguage":"es-MX","potentialAction":[{"@type":"ReadAction","target":["https:\/\/compuviper.mx\/tienda\/producto\/sandisk-sdsqxao-1t00-gn6zk-memoria-micro-sdxc-1tb-nintendo-switch-pokemon-snorlax-100mb-s-4k-u3-v30\/"]}]},{"@type":"BreadcrumbList","@id":"https:\/\/compuviper.mx\/tienda\/producto\/sandisk-sdsqxao-1t00-gn6zk-memoria-micro-sdxc-1tb-nintendo-switch-pokemon-snorlax-100mb-s-4k-u3-v30\/#breadcrumb","itemListElement":[{"@type":"ListItem","position":1,"name":"Inicio","item":"https:\/\/compuviper.mx\/tienda\/"},{"@type":"ListItem","position":2,"name":"Productos","item":"https:\/\/compuviper.mx\/tienda\/productos\/"},{"@type":"ListItem","position":3,"name":"Memorias","item":"https:\/\/compuviper.mx\/tienda\/categoria-producto\/memorias\/"},{"@type":"ListItem","position":4,"name":"Memoria Flash Card","item":"https:\/\/compuviper.mx\/tienda\/categoria-producto\/memorias\/memoria-flash-card\/"},{"@type":"ListItem","position":5,"name":"Sandisk Sdsqxao-1t00-gn6zk Memoria Micro Sdxc 1tb Nintendo Switch Pokemon Snorlax 100mb\/s 4k U3 V30"}]},{"@type":"WebSite","@id":"https:\/\/compuviper.mx\/tienda\/#website","url":"https:\/\/compuviper.mx\/tienda\/","name":"Compuviper","description":"Proveedor de Computadoras, Laptops, Servidores, Monitores, Puntos de Venta, Teclados,   Impresoras, T\u00f3ner, C\u00e1maras de Seguridad y m\u00e1s en tu tienda en l\u00ednea","publisher":{"@id":"https:\/\/compuviper.mx\/tienda\/#organization"},"potentialAction":[{"@type":"SearchAction","target":{"@type":"EntryPoint","urlTemplate":"https:\/\/compuviper.mx\/tienda\/?s={search_term_string}"},"query-input":"required name=search_term_string"}],"inLanguage":"es-MX"},{"@type":"Organization","@id":"https:\/\/compuviper.mx\/tienda\/#organization","name":"Compuviper","url":"https:\/\/compuviper.mx\/tienda\/","logo":{"@type":"ImageObject","inLanguage":"es-MX","@id":"https:\/\/compuviper.mx\/tienda\/#\/schema\/logo\/image\/","url":"https:\/\/compuviper.mx\/tienda\/wp-content\/uploads\/2021\/08\/Logo-Compuviper-10.png","contentUrl":"https:\/\/compuviper.mx\/tienda\/wp-content\/uploads\/2021\/08\/Logo-Compuviper-10.png","width":1000,"height":500,"caption":"Compuviper"},"image":{"@id":"https:\/\/compuviper.mx\/tienda\/#\/schema\/logo\/image\/"},"sameAs":["https:\/\/www.facebook.com\/compuviper","https:\/\/www.youtube.com\/channel\/UCf73dERp9Y3cfOq7q8BhLjA?view_as=subscriber"]}]},"product_brand":"SANDISK","product_price_amount":"4694","product_price_currency":"MXN","og_availability":"instock","product_availability":"instock","product_retailer_item_id":"SDSQXAO-1T00-GN6ZK","product_condition":"new"},"_links":{"self":[{"href":"https:\/\/compuviper.mx\/tienda\/wp-json\/wp\/v2\/product\/268381"}],"collection":[{"href":"https:\/\/compuviper.mx\/tienda\/wp-json\/wp\/v2\/product"}],"about":[{"href":"https:\/\/compuviper.mx\/tienda\/wp-json\/wp\/v2\/types\/product"}],"replies":[{"embeddable":true,"href":"https:\/\/compuviper.mx\/tienda\/wp-json\/wp\/v2\/comments?post=268381"}],"wp:featuredmedia":[{"embeddable":true,"href":"https:\/\/compuviper.mx\/tienda\/wp-json\/wp\/v2\/media\/268382"}],"wp:attachment":[{"href":"https:\/\/compuviper.mx\/tienda\/wp-json\/wp\/v2\/media?parent=268381"}],"wp:term":[{"taxonomy":"product_cat","embeddable":true,"href":"https:\/\/compuviper.mx\/tienda\/wp-json\/wp\/v2\/product_cat?post=268381"},{"taxonomy":"product_tag","embeddable":true,"href":"https:\/\/compuviper.mx\/tienda\/wp-json\/wp\/v2\/product_tag?post=268381"}],"curies":[{"name":"wp","href":"https:\/\/api.w.org\/{rel}","templated":true}]}}