{"id":268377,"date":"2026-04-02T01:47:29","date_gmt":"2026-04-02T07:47:29","guid":{"rendered":"https:\/\/compuviper.mx\/tienda\/producto\/kingston-sdcs2-128gb-memoria-flash-micro-sd-sdxc-canvas-select-plus-128gb-100r-uhs-i-u1-v10-c-adaptador\/"},"modified":"2026-04-03T00:00:23","modified_gmt":"2026-04-03T06:00:23","slug":"kingston-sdcs2-128gb-memoria-flash-micro-sd-sdxc-canvas-select-plus-128gb-100r-uhs-i-u1-v10-c-adaptador","status":"publish","type":"product","link":"https:\/\/compuviper.mx\/tienda\/producto\/kingston-sdcs2-128gb-memoria-flash-micro-sd-sdxc-canvas-select-plus-128gb-100r-uhs-i-u1-v10-c-adaptador\/","title":{"rendered":"Kingston Sdcs2\/128gb Memoria Flash Micro Sd  Sdxc Canvas Select Plus 128gb 100r Uhs-i U1 V10 C\/adaptador"},"content":{"rendered":"<table class=\"descripcion\">\n<tr>\n<td>Capacidad 128gb<\/td>\n<\/tr>\n<tr>\n<td>Dimensiones de las tarjetas microsd 11 x 15 x 1 mm<\/td>\n<\/tr>\n<tr>\n<td>Dimensiones del adaptador sd 24 x 32 x 2.1 mm<\/td>\n<\/tr>\n<tr>\n<td>Rendimiento 100mb\/seg lectura<\/td>\n<\/tr>\n<tr>\n<td>Temperatura de operacion -25 a 85 \u00b0c<\/td>\n<\/tr>\n<tr>\n<td>Temperatura de almacenamiento -40 a 85 \u00b0c<\/td>\n<\/tr>\n<tr>\n<td>Garantia\/soporte tecnico garantia de por vida, soporte tecnico gratuito<\/td>\n<\/tr>\n<\/table>\n","protected":false},"excerpt":{"rendered":"<p>La microsd canvas select plus de kingston es compatible con dispositivos android y est\u00e1 diseada con un rendimiento de calificacin a1. Ofrece una velocidad y capacidad mejoradas para cargar m\u00e1s r\u00e1pido las aplicaciones y capturar im\u00e1genes y videos en mltiples capacidades de hasta 512gb1. Potente en rendimiento, velocidad y durabilidad, la microsd canvas select plus est\u00e1 diseada para ser confiable al tomar y desarrollar fotos de alta resolucin o al filmar y editar videos full hd. Las tarjetas kingston canvas han sido probadas para ser resistentes en los entornos y condiciones m\u00e1s difciles, por lo que puede llevarlas a cualquier parte con la seguridad de que sus fotos, videos y archivos estar\u00e1n protegidos. Disponible con garanta de por vida.<\/p>\n","protected":false},"featured_media":268378,"comment_status":"open","ping_status":"open","template":"","meta":[],"product_cat":[1795,1793],"product_tag":[1573],"acf":[],"yoast_head":"<!-- This site is optimized with the Yoast SEO plugin v21.7 - https:\/\/yoast.com\/wordpress\/plugins\/seo\/ -->\n<title>[ Kingston ] &#129351; Sdcs2\/128gb Memoria Flash Micro Sd Sdxc Canvas Select Plus 128gb 100r Uhs-i U1 V10 C\/adaptador<\/title>\n<meta name=\"description\" content=\"Compra Sdcs2\/128gb Memoria Flash Micro Sd Sdxc Canvas Select Plus 128gb 100r Uhs-i U1 V10 C\/adaptador + Env\u00edo a domicilio + Pago seguro + Garant\u00eda\" \/>\n<meta name=\"robots\" content=\"index, follow, max-snippet:-1, max-image-preview:large, max-video-preview:-1\" \/>\n<link rel=\"canonical\" href=\"https:\/\/compuviper.mx\/tienda\/producto\/kingston-sdcs2-128gb-memoria-flash-micro-sd-sdxc-canvas-select-plus-128gb-100r-uhs-i-u1-v10-c-adaptador\/\" \/>\n<meta property=\"og:locale\" content=\"es_MX\" \/>\n<meta property=\"og:type\" content=\"article\" \/>\n<meta property=\"og:title\" content=\"[ Kingston ] &#129351; Sdcs2\/128gb Memoria Flash Micro Sd Sdxc Canvas Select Plus 128gb 100r Uhs-i U1 V10 C\/adaptador\" \/>\n<meta property=\"og:description\" content=\"Compra Sdcs2\/128gb Memoria Flash Micro Sd Sdxc Canvas Select Plus 128gb 100r Uhs-i U1 V10 C\/adaptador + Env\u00edo a domicilio + Pago seguro + Garant\u00eda\" \/>\n<meta property=\"og:url\" content=\"https:\/\/compuviper.mx\/tienda\/producto\/kingston-sdcs2-128gb-memoria-flash-micro-sd-sdxc-canvas-select-plus-128gb-100r-uhs-i-u1-v10-c-adaptador\/\" \/>\n<meta property=\"og:site_name\" content=\"Compuviper\" \/>\n<meta property=\"article:publisher\" content=\"https:\/\/www.facebook.com\/compuviper\" \/>\n<meta property=\"article:modified_time\" content=\"2026-04-03T06:00:23+00:00\" \/>\n<meta property=\"og:image\" content=\"https:\/\/compuviper.mx\/tienda\/wp-content\/uploads\/2026\/04\/Memoria-flash-micro-sd-kingston-sdxc-canvas-select-plus-128gb-100r-uhs-i-u1-v10-cadaptador-sdcs2128gb.jpg\" \/>\n\t<meta property=\"og:image:width\" content=\"200\" \/>\n\t<meta property=\"og:image:height\" content=\"200\" \/>\n\t<meta property=\"og:image:type\" content=\"image\/jpeg\" \/>\n<meta name=\"twitter:card\" content=\"summary_large_image\" \/>\n<meta name=\"twitter:label1\" content=\"Precio\" \/>\n\t<meta name=\"twitter:data1\" content=\"&#36;128 con IVA\" \/>\n\t<meta name=\"twitter:label2\" content=\"Availability\" \/>\n\t<meta name=\"twitter:data2\" content=\"Out of stock\" \/>\n<script type=\"application\/ld+json\" class=\"yoast-schema-graph\">{\"@context\":\"https:\/\/schema.org\",\"@graph\":[{\"@type\":\"WebPage\",\"@id\":\"https:\/\/compuviper.mx\/tienda\/producto\/kingston-sdcs2-128gb-memoria-flash-micro-sd-sdxc-canvas-select-plus-128gb-100r-uhs-i-u1-v10-c-adaptador\/\",\"url\":\"https:\/\/compuviper.mx\/tienda\/producto\/kingston-sdcs2-128gb-memoria-flash-micro-sd-sdxc-canvas-select-plus-128gb-100r-uhs-i-u1-v10-c-adaptador\/\",\"name\":\"[ Kingston ] &#129351; Sdcs2\/128gb Memoria Flash Micro Sd Sdxc Canvas Select Plus 128gb 100r Uhs-i U1 V10 C\/adaptador\",\"isPartOf\":{\"@id\":\"https:\/\/compuviper.mx\/tienda\/#website\"},\"datePublished\":\"2026-04-02T07:47:29+00:00\",\"dateModified\":\"2026-04-03T06:00:23+00:00\",\"description\":\"Compra Sdcs2\/128gb Memoria Flash Micro Sd Sdxc Canvas Select Plus 128gb 100r Uhs-i U1 V10 C\/adaptador + Env\u00edo a domicilio + Pago seguro + Garant\u00eda\",\"breadcrumb\":{\"@id\":\"https:\/\/compuviper.mx\/tienda\/producto\/kingston-sdcs2-128gb-memoria-flash-micro-sd-sdxc-canvas-select-plus-128gb-100r-uhs-i-u1-v10-c-adaptador\/#breadcrumb\"},\"inLanguage\":\"es-MX\",\"potentialAction\":[{\"@type\":\"ReadAction\",\"target\":[\"https:\/\/compuviper.mx\/tienda\/producto\/kingston-sdcs2-128gb-memoria-flash-micro-sd-sdxc-canvas-select-plus-128gb-100r-uhs-i-u1-v10-c-adaptador\/\"]}]},{\"@type\":\"BreadcrumbList\",\"@id\":\"https:\/\/compuviper.mx\/tienda\/producto\/kingston-sdcs2-128gb-memoria-flash-micro-sd-sdxc-canvas-select-plus-128gb-100r-uhs-i-u1-v10-c-adaptador\/#breadcrumb\",\"itemListElement\":[{\"@type\":\"ListItem\",\"position\":1,\"name\":\"Inicio\",\"item\":\"https:\/\/compuviper.mx\/tienda\/\"},{\"@type\":\"ListItem\",\"position\":2,\"name\":\"Productos\",\"item\":\"https:\/\/compuviper.mx\/tienda\/productos\/\"},{\"@type\":\"ListItem\",\"position\":3,\"name\":\"Memorias\",\"item\":\"https:\/\/compuviper.mx\/tienda\/categoria-producto\/memorias\/\"},{\"@type\":\"ListItem\",\"position\":4,\"name\":\"Memoria Flash Card\",\"item\":\"https:\/\/compuviper.mx\/tienda\/categoria-producto\/memorias\/memoria-flash-card\/\"},{\"@type\":\"ListItem\",\"position\":5,\"name\":\"Kingston Sdcs2\/128gb Memoria Flash Micro Sd Sdxc Canvas Select Plus 128gb 100r Uhs-i U1 V10 C\/adaptador\"}]},{\"@type\":\"WebSite\",\"@id\":\"https:\/\/compuviper.mx\/tienda\/#website\",\"url\":\"https:\/\/compuviper.mx\/tienda\/\",\"name\":\"Compuviper\",\"description\":\"Proveedor de Computadoras, Laptops, Servidores, Monitores, Puntos de Venta, Teclados,   Impresoras, T\u00f3ner, C\u00e1maras de Seguridad y m\u00e1s en tu tienda en l\u00ednea\",\"publisher\":{\"@id\":\"https:\/\/compuviper.mx\/tienda\/#organization\"},\"potentialAction\":[{\"@type\":\"SearchAction\",\"target\":{\"@type\":\"EntryPoint\",\"urlTemplate\":\"https:\/\/compuviper.mx\/tienda\/?s={search_term_string}\"},\"query-input\":\"required name=search_term_string\"}],\"inLanguage\":\"es-MX\"},{\"@type\":\"Organization\",\"@id\":\"https:\/\/compuviper.mx\/tienda\/#organization\",\"name\":\"Compuviper\",\"url\":\"https:\/\/compuviper.mx\/tienda\/\",\"logo\":{\"@type\":\"ImageObject\",\"inLanguage\":\"es-MX\",\"@id\":\"https:\/\/compuviper.mx\/tienda\/#\/schema\/logo\/image\/\",\"url\":\"https:\/\/compuviper.mx\/tienda\/wp-content\/uploads\/2021\/08\/Logo-Compuviper-10.png\",\"contentUrl\":\"https:\/\/compuviper.mx\/tienda\/wp-content\/uploads\/2021\/08\/Logo-Compuviper-10.png\",\"width\":1000,\"height\":500,\"caption\":\"Compuviper\"},\"image\":{\"@id\":\"https:\/\/compuviper.mx\/tienda\/#\/schema\/logo\/image\/\"},\"sameAs\":[\"https:\/\/www.facebook.com\/compuviper\",\"https:\/\/www.youtube.com\/channel\/UCf73dERp9Y3cfOq7q8BhLjA?view_as=subscriber\"]}]}<\/script>\n<meta property=\"product:brand\" content=\"KINGSTON\" \/>\n<meta property=\"product:price:amount\" content=\"128\" \/>\n<meta property=\"product:price:currency\" content=\"MXN\" \/>\n<meta property=\"og:availability\" content=\"out of stock\" \/>\n<meta property=\"product:availability\" content=\"out of stock\" \/>\n<meta property=\"product:retailer_item_id\" content=\"SDCS2\/128GB\" \/>\n<meta property=\"product:condition\" content=\"new\" \/>\n<!-- \/ Yoast SEO plugin. -->","yoast_head_json":{"title":"[ Kingston ] &#129351; Sdcs2\/128gb Memoria Flash Micro Sd Sdxc Canvas Select Plus 128gb 100r Uhs-i U1 V10 C\/adaptador","description":"Compra Sdcs2\/128gb Memoria Flash Micro Sd Sdxc Canvas Select Plus 128gb 100r Uhs-i U1 V10 C\/adaptador + Env\u00edo a domicilio + Pago seguro + Garant\u00eda","robots":{"index":"index","follow":"follow","max-snippet":"max-snippet:-1","max-image-preview":"max-image-preview:large","max-video-preview":"max-video-preview:-1"},"canonical":"https:\/\/compuviper.mx\/tienda\/producto\/kingston-sdcs2-128gb-memoria-flash-micro-sd-sdxc-canvas-select-plus-128gb-100r-uhs-i-u1-v10-c-adaptador\/","og_locale":"es_MX","og_type":"article","og_title":"[ Kingston ] &#129351; Sdcs2\/128gb Memoria Flash Micro Sd Sdxc Canvas Select Plus 128gb 100r Uhs-i U1 V10 C\/adaptador","og_description":"Compra Sdcs2\/128gb Memoria Flash Micro Sd Sdxc Canvas Select Plus 128gb 100r Uhs-i U1 V10 C\/adaptador + Env\u00edo a domicilio + Pago seguro + Garant\u00eda","og_url":"https:\/\/compuviper.mx\/tienda\/producto\/kingston-sdcs2-128gb-memoria-flash-micro-sd-sdxc-canvas-select-plus-128gb-100r-uhs-i-u1-v10-c-adaptador\/","og_site_name":"Compuviper","article_publisher":"https:\/\/www.facebook.com\/compuviper","article_modified_time":"2026-04-03T06:00:23+00:00","og_image":[{"width":200,"height":200,"url":"https:\/\/compuviper.mx\/tienda\/wp-content\/uploads\/2026\/04\/Memoria-flash-micro-sd-kingston-sdxc-canvas-select-plus-128gb-100r-uhs-i-u1-v10-cadaptador-sdcs2128gb.jpg","type":"image\/jpeg"}],"twitter_card":"summary_large_image","twitter_misc":{"Precio":"&#36;128 con IVA","Availability":"Out of stock"},"schema":{"@context":"https:\/\/schema.org","@graph":[{"@type":"WebPage","@id":"https:\/\/compuviper.mx\/tienda\/producto\/kingston-sdcs2-128gb-memoria-flash-micro-sd-sdxc-canvas-select-plus-128gb-100r-uhs-i-u1-v10-c-adaptador\/","url":"https:\/\/compuviper.mx\/tienda\/producto\/kingston-sdcs2-128gb-memoria-flash-micro-sd-sdxc-canvas-select-plus-128gb-100r-uhs-i-u1-v10-c-adaptador\/","name":"[ Kingston ] &#129351; Sdcs2\/128gb Memoria Flash Micro Sd Sdxc Canvas Select Plus 128gb 100r Uhs-i U1 V10 C\/adaptador","isPartOf":{"@id":"https:\/\/compuviper.mx\/tienda\/#website"},"datePublished":"2026-04-02T07:47:29+00:00","dateModified":"2026-04-03T06:00:23+00:00","description":"Compra Sdcs2\/128gb Memoria Flash Micro Sd Sdxc Canvas Select Plus 128gb 100r Uhs-i U1 V10 C\/adaptador + Env\u00edo a domicilio + Pago seguro + Garant\u00eda","breadcrumb":{"@id":"https:\/\/compuviper.mx\/tienda\/producto\/kingston-sdcs2-128gb-memoria-flash-micro-sd-sdxc-canvas-select-plus-128gb-100r-uhs-i-u1-v10-c-adaptador\/#breadcrumb"},"inLanguage":"es-MX","potentialAction":[{"@type":"ReadAction","target":["https:\/\/compuviper.mx\/tienda\/producto\/kingston-sdcs2-128gb-memoria-flash-micro-sd-sdxc-canvas-select-plus-128gb-100r-uhs-i-u1-v10-c-adaptador\/"]}]},{"@type":"BreadcrumbList","@id":"https:\/\/compuviper.mx\/tienda\/producto\/kingston-sdcs2-128gb-memoria-flash-micro-sd-sdxc-canvas-select-plus-128gb-100r-uhs-i-u1-v10-c-adaptador\/#breadcrumb","itemListElement":[{"@type":"ListItem","position":1,"name":"Inicio","item":"https:\/\/compuviper.mx\/tienda\/"},{"@type":"ListItem","position":2,"name":"Productos","item":"https:\/\/compuviper.mx\/tienda\/productos\/"},{"@type":"ListItem","position":3,"name":"Memorias","item":"https:\/\/compuviper.mx\/tienda\/categoria-producto\/memorias\/"},{"@type":"ListItem","position":4,"name":"Memoria Flash Card","item":"https:\/\/compuviper.mx\/tienda\/categoria-producto\/memorias\/memoria-flash-card\/"},{"@type":"ListItem","position":5,"name":"Kingston Sdcs2\/128gb Memoria Flash Micro Sd Sdxc Canvas Select Plus 128gb 100r Uhs-i U1 V10 C\/adaptador"}]},{"@type":"WebSite","@id":"https:\/\/compuviper.mx\/tienda\/#website","url":"https:\/\/compuviper.mx\/tienda\/","name":"Compuviper","description":"Proveedor de Computadoras, Laptops, Servidores, Monitores, Puntos de Venta, Teclados,   Impresoras, T\u00f3ner, C\u00e1maras de Seguridad y m\u00e1s en tu tienda en l\u00ednea","publisher":{"@id":"https:\/\/compuviper.mx\/tienda\/#organization"},"potentialAction":[{"@type":"SearchAction","target":{"@type":"EntryPoint","urlTemplate":"https:\/\/compuviper.mx\/tienda\/?s={search_term_string}"},"query-input":"required name=search_term_string"}],"inLanguage":"es-MX"},{"@type":"Organization","@id":"https:\/\/compuviper.mx\/tienda\/#organization","name":"Compuviper","url":"https:\/\/compuviper.mx\/tienda\/","logo":{"@type":"ImageObject","inLanguage":"es-MX","@id":"https:\/\/compuviper.mx\/tienda\/#\/schema\/logo\/image\/","url":"https:\/\/compuviper.mx\/tienda\/wp-content\/uploads\/2021\/08\/Logo-Compuviper-10.png","contentUrl":"https:\/\/compuviper.mx\/tienda\/wp-content\/uploads\/2021\/08\/Logo-Compuviper-10.png","width":1000,"height":500,"caption":"Compuviper"},"image":{"@id":"https:\/\/compuviper.mx\/tienda\/#\/schema\/logo\/image\/"},"sameAs":["https:\/\/www.facebook.com\/compuviper","https:\/\/www.youtube.com\/channel\/UCf73dERp9Y3cfOq7q8BhLjA?view_as=subscriber"]}]},"product_brand":"KINGSTON","product_price_amount":"128","product_price_currency":"MXN","og_availability":"out of stock","product_availability":"out of stock","product_retailer_item_id":"SDCS2\/128GB","product_condition":"new"},"_links":{"self":[{"href":"https:\/\/compuviper.mx\/tienda\/wp-json\/wp\/v2\/product\/268377"}],"collection":[{"href":"https:\/\/compuviper.mx\/tienda\/wp-json\/wp\/v2\/product"}],"about":[{"href":"https:\/\/compuviper.mx\/tienda\/wp-json\/wp\/v2\/types\/product"}],"replies":[{"embeddable":true,"href":"https:\/\/compuviper.mx\/tienda\/wp-json\/wp\/v2\/comments?post=268377"}],"wp:featuredmedia":[{"embeddable":true,"href":"https:\/\/compuviper.mx\/tienda\/wp-json\/wp\/v2\/media\/268378"}],"wp:attachment":[{"href":"https:\/\/compuviper.mx\/tienda\/wp-json\/wp\/v2\/media?parent=268377"}],"wp:term":[{"taxonomy":"product_cat","embeddable":true,"href":"https:\/\/compuviper.mx\/tienda\/wp-json\/wp\/v2\/product_cat?post=268377"},{"taxonomy":"product_tag","embeddable":true,"href":"https:\/\/compuviper.mx\/tienda\/wp-json\/wp\/v2\/product_tag?post=268377"}],"curies":[{"name":"wp","href":"https:\/\/api.w.org\/{rel}","templated":true}]}}