{"id":268357,"date":"2026-04-02T00:39:34","date_gmt":"2026-04-02T06:39:34","guid":{"rendered":"https:\/\/compuviper.mx\/tienda\/producto\/wd-western-digital-wd100efgx-disco-duro-interno-wd-red-plus-10tb-3-5-escritorio-sata3-6gb-s-512mb-7200rpm-24x7-hotplug-nas-1-8-bahias\/"},"modified":"2026-04-03T00:00:15","modified_gmt":"2026-04-03T06:00:15","slug":"wd-western-digital-wd100efgx-disco-duro-interno-wd-red-plus-10tb-3-5-escritorio-sata3-6gb-s-512mb-7200rpm-24x7-hotplug-nas-1-8-bahias","status":"publish","type":"product","link":"https:\/\/compuviper.mx\/tienda\/producto\/wd-western-digital-wd100efgx-disco-duro-interno-wd-red-plus-10tb-3-5-escritorio-sata3-6gb-s-512mb-7200rpm-24x7-hotplug-nas-1-8-bahias\/","title":{"rendered":"Wd &#8211; Western Digital Wd100efgx Disco Duro Interno Wd Red Plus 10tb 3.5 Escritorio Sata3 6gb\/s 512mb 7200rpm 24&#215;7 Hotplug Nas 1-8 Bahias"},"content":{"rendered":"<table class=\"descripcion\">\n<tr>\n<td>Capacidad  10 tb<\/td>\n<\/tr>\n<tr>\n<td>Formato  3.5-inch<\/td>\n<\/tr>\n<tr>\n<td>Conector  sata<\/td>\n<\/tr>\n<tr>\n<td>Interfaz  sata<\/td>\n<\/tr>\n<tr>\n<td>Velocidad de transferencia  up to 260mb\/s<\/td>\n<\/tr>\n<tr>\n<td>Disk speed (rpm)  7200 rpm<\/td>\n<\/tr>\n<tr>\n<td>Recording technology  cmr<\/td>\n<\/tr>\n<tr>\n<td>Cache size  512mb<\/td>\n<\/tr>\n<tr>\n<td>Garantia limitada de 3 a\u00f1os<\/td>\n<\/tr>\n<tr>\n<td>Resistencia (tbw)  180tb\/year<\/td>\n<\/tr>\n<tr>\n<td>Dimensiones (largo, ancho y alto)  5.787 x 4 x 1.028<\/td>\n<\/tr>\n<tr>\n<td>Peso  1.65lbs<\/td>\n<\/tr>\n<tr>\n<td>Numero de modelo  wd100efgx<\/td>\n<\/tr>\n<tr>\n<td>Temp. operativa  0\u00b0c to 65\u00b0c<\/td>\n<\/tr>\n<tr>\n<td>Non-operating temperature  -40\u00b0c to 70\u00b0c<\/td>\n<\/tr>\n<tr>\n<td>Certificaciones :<\/td>\n<\/tr>\n<tr>\n<td>\u0095bsmi, ices-003\/nmb-003, ce, fcc, kc, maghreb, rcm, ukca, vcci, cb-scheme, tuv, ul<\/td>\n<\/tr>\n<tr>\n<td>Caracteristicas del producto :<\/td>\n<\/tr>\n<tr>\n<td>\u0095un disco ideal para sistemas nas de uso domestico, usuarios avanzados, peque\u00f1as y medianas empresas y sistemas comerciales o de consumo<\/td>\n<\/tr>\n<tr>\n<td>\u0095para sistemas nas optimizados para raid con hasta 8 ranuras<\/td>\n<\/tr>\n<tr>\n<td>\u0095calificado para cargas de trabajo de 180 tb\/a\u00f1o y 1 millon de horas de tiempo medio entre fallos (mtbf)<\/td>\n<\/tr>\n<tr>\n<td>Compatibilidad :<\/td>\n<\/tr>\n<tr>\n<td>\u0095sistemas nas optimizados para raid con hasta 8 ranuras<\/td>\n<\/tr>\n<\/table>\n","protected":false},"excerpt":{"rendered":"<p>Discos duros potentes dise\u00f1ados para ofrecer rendimiento, confiabilidad y eficiencia energetica en entornos nas peque\u00f1os y medianos. Los discos wd red plus estan dise\u00f1ados para soportar cargas de trabajo de entornos nas de usuarios avanzados y de peque\u00f1as y medianas empresas. Los discos wd red plus ofrecen la velocidad y la capacidad necesarias para almacenar, proteger y compartir grandes volumenes de datos en sistemas nas medianos optimizados para raid con una mayor eficiencia energetica. Optimizado para nas con nasware. La tecnologia nasware, exclusiva de western digital, ajusta con precision los parametros para que coincidan con las cargas de trabajo del sistema nas, lo que ayuda a aumentar la confiabilidad y el rendimiento. Dise\u00f1ado para el funcionamiento continuo. Como su sistema nas siempre esta encendido, una unidad confiable es esencial. Los discos duros wd red plus estan dise\u00f1ados para sistemas que operan de forma ininterrumpida, lo que brinda a los usuarios la confianza de saber que pueden acceder a sus datos de forma confiable. Compatibilidad comprobada y confiable. Western digital se asocia con una amplia gama de proveedores de sistemas nas para realizar pruebas exhaustivas y asegurar la compatibilidad con la mayoria de las carcasas nas. Optimizado para reducir el costo total de propiedad (tco). Los discos wd red plus estan dise\u00f1ados para utilizar menos energia (a diferencia de los modelos anteriores) y para trabajar a menor temperatura, lo que reduce los costos operativos y ayuda a disminuir el calor en los gabinetes nas con problemas de temperatura. Desarrollado para un alto rendimiento. A pesar de consumir menos energia, los discos tienen un ancho de banda mas que suficiente para hacer frente a las demandas de rendimiento mixto de los sistemas nas con discos multiples. Equilibrado para una mayor confiabilidad. Los discos duros que no estan equilibrados de forma adecuada pueden producir exceso de vibracion y ruido en sistemas con unidades multiples, lo que podria reducir el ciclo de vida del disco duro y degradar el rendimiento con el paso del tiempo. Nuestra tecnologia mejorada de control del equilibrio de plano dual mejora el equilibrio de forma significativa y aumenta la confiabilidad y el rendimiento generales del disco. Respaldado por una garantia y soporte de primera clase. Como fabricante de discos duros lider del sector, western digital respalda sus soluciones de almacenamiento nas con la seguridad de una garantia limitada de 3 a\u00f1os, junto con servicios de soporte de primera clase para un almacenamiento de datos sin complicaciones. Discos de escritorio frente a discos wd red plus. Es importante elegir un disco especialmente dise\u00f1ado para sistemas nas optimizados para raid a fin de garantizar un rendimiento optimo y conservar sus datos valiosos. Cuando elija un disco duro para su nas, tenga en cuenta los siguientes aspectos. \u0095 compatibilidad: a diferencia de los discos de escritorio, los discos duros wd red plus estan dise\u00f1ados y probados para funcionar con nas de forma especifica e incluyen la tecnologia nasware que ajusta con precision los parametros de la unidad para que coincidan con las cargas de trabajo del sistema nas y, asi, obtener un rendimiento optimo. \u0095 confiabilidad: los discos de escritorio no se suelen dise\u00f1ar para las demandas de un entorno nas de funcionamiento permanente. Los discos duros wd red plus estan dise\u00f1ados para trabajar en las condiciones exigentes que se dan en los entornos nas multiusuario de funcionamiento ininterrumpido y de alta intensidad. \u0095 listo para utilizar con raid: a diferencia de la mayoria de los discos de escritorio que estan configurados para un uso generico, los discos duros wd red est\u00e1n dise\u00f1ados con el control de recuperacion de errores de raid que permite reducir las fallas dentro de los sistemas nas con ranuras multiples. \u0095 proteccion contra el ruido y las vibraciones: los discos de escritorio, al estar dise\u00f1ados para operar en solitario, suelen ofrecer una proteccion escasa o nula contra el ruido y las vibraciones que se presentan en los sistemas con discos multiples. Los discos duros wd red incluyen sensores de vibracion de rotacion (rv) que anticipan y contrarrestan de forma proactiva los efectos anomalos causados por el aumento de las vibraciones que suelen producirse en los sistemas nas con ranuras multiples.<\/p>\n","protected":false},"featured_media":268358,"comment_status":"open","ping_status":"open","template":"","meta":[],"product_cat":[1706,1703],"product_tag":[1705],"acf":[],"yoast_head":"<!-- This site is optimized with the Yoast SEO plugin v21.7 - https:\/\/yoast.com\/wordpress\/plugins\/seo\/ -->\n<title>[ Wd - Western Digital ] &#129351; Wd100efgx Disco Duro Interno Wd Red Plus 10tb 3.5 Escritorio Sata3 6gb\/s 512mb 7200rpm 24x7 Hotplug Nas 1-8 Bahias<\/title>\n<meta name=\"description\" content=\"Compra Wd100efgx Disco Duro Interno Wd Red Plus 10tb 3.5 Escritorio Sata3 6gb\/s 512mb 7200rpm 24x7 Hotplug Nas 1-8 Bahias + Env\u00edo a domicilio + Pago seguro + Garant\u00eda\" \/>\n<meta name=\"robots\" content=\"index, follow, max-snippet:-1, max-image-preview:large, max-video-preview:-1\" \/>\n<link rel=\"canonical\" href=\"https:\/\/compuviper.mx\/tienda\/producto\/wd-western-digital-wd100efgx-disco-duro-interno-wd-red-plus-10tb-3-5-escritorio-sata3-6gb-s-512mb-7200rpm-24x7-hotplug-nas-1-8-bahias\/\" \/>\n<meta property=\"og:locale\" content=\"es_MX\" \/>\n<meta property=\"og:type\" content=\"article\" \/>\n<meta property=\"og:title\" content=\"[ Wd - Western Digital ] &#129351; Wd100efgx Disco Duro Interno Wd Red Plus 10tb 3.5 Escritorio Sata3 6gb\/s 512mb 7200rpm 24x7 Hotplug Nas 1-8 Bahias\" \/>\n<meta property=\"og:description\" content=\"Compra Wd100efgx Disco Duro Interno Wd Red Plus 10tb 3.5 Escritorio Sata3 6gb\/s 512mb 7200rpm 24x7 Hotplug Nas 1-8 Bahias + Env\u00edo a domicilio + Pago seguro + Garant\u00eda\" \/>\n<meta property=\"og:url\" content=\"https:\/\/compuviper.mx\/tienda\/producto\/wd-western-digital-wd100efgx-disco-duro-interno-wd-red-plus-10tb-3-5-escritorio-sata3-6gb-s-512mb-7200rpm-24x7-hotplug-nas-1-8-bahias\/\" \/>\n<meta property=\"og:site_name\" content=\"Compuviper\" \/>\n<meta property=\"article:publisher\" content=\"https:\/\/www.facebook.com\/compuviper\" \/>\n<meta property=\"article:modified_time\" content=\"2026-04-03T06:00:15+00:00\" \/>\n<meta property=\"og:image\" content=\"https:\/\/compuviper.mx\/tienda\/wp-content\/uploads\/2026\/04\/Disco-duro-interno-wd-red-plus-10tb-3.5-escritorio-sata3-6gbs-512mb-7200rpm-24x7-hotplug-nas-1-8-bahias-wd100efgx.jpg\" \/>\n\t<meta property=\"og:image:width\" content=\"200\" \/>\n\t<meta property=\"og:image:height\" content=\"200\" \/>\n\t<meta property=\"og:image:type\" content=\"image\/jpeg\" \/>\n<meta name=\"twitter:card\" content=\"summary_large_image\" \/>\n<meta name=\"twitter:label1\" content=\"Precio\" \/>\n\t<meta name=\"twitter:data1\" content=\"&#36;4,813 con IVA\" \/>\n\t<meta name=\"twitter:label2\" content=\"Availability\" \/>\n\t<meta name=\"twitter:data2\" content=\"In stock\" \/>\n<script type=\"application\/ld+json\" class=\"yoast-schema-graph\">{\"@context\":\"https:\/\/schema.org\",\"@graph\":[{\"@type\":\"WebPage\",\"@id\":\"https:\/\/compuviper.mx\/tienda\/producto\/wd-western-digital-wd100efgx-disco-duro-interno-wd-red-plus-10tb-3-5-escritorio-sata3-6gb-s-512mb-7200rpm-24x7-hotplug-nas-1-8-bahias\/\",\"url\":\"https:\/\/compuviper.mx\/tienda\/producto\/wd-western-digital-wd100efgx-disco-duro-interno-wd-red-plus-10tb-3-5-escritorio-sata3-6gb-s-512mb-7200rpm-24x7-hotplug-nas-1-8-bahias\/\",\"name\":\"[ Wd - Western Digital ] &#129351; Wd100efgx Disco Duro Interno Wd Red Plus 10tb 3.5 Escritorio Sata3 6gb\/s 512mb 7200rpm 24x7 Hotplug Nas 1-8 Bahias\",\"isPartOf\":{\"@id\":\"https:\/\/compuviper.mx\/tienda\/#website\"},\"datePublished\":\"2026-04-02T06:39:34+00:00\",\"dateModified\":\"2026-04-03T06:00:15+00:00\",\"description\":\"Compra Wd100efgx Disco Duro Interno Wd Red Plus 10tb 3.5 Escritorio Sata3 6gb\/s 512mb 7200rpm 24x7 Hotplug Nas 1-8 Bahias + Env\u00edo a domicilio + Pago seguro + Garant\u00eda\",\"breadcrumb\":{\"@id\":\"https:\/\/compuviper.mx\/tienda\/producto\/wd-western-digital-wd100efgx-disco-duro-interno-wd-red-plus-10tb-3-5-escritorio-sata3-6gb-s-512mb-7200rpm-24x7-hotplug-nas-1-8-bahias\/#breadcrumb\"},\"inLanguage\":\"es-MX\",\"potentialAction\":[{\"@type\":\"ReadAction\",\"target\":[\"https:\/\/compuviper.mx\/tienda\/producto\/wd-western-digital-wd100efgx-disco-duro-interno-wd-red-plus-10tb-3-5-escritorio-sata3-6gb-s-512mb-7200rpm-24x7-hotplug-nas-1-8-bahias\/\"]}]},{\"@type\":\"BreadcrumbList\",\"@id\":\"https:\/\/compuviper.mx\/tienda\/producto\/wd-western-digital-wd100efgx-disco-duro-interno-wd-red-plus-10tb-3-5-escritorio-sata3-6gb-s-512mb-7200rpm-24x7-hotplug-nas-1-8-bahias\/#breadcrumb\",\"itemListElement\":[{\"@type\":\"ListItem\",\"position\":1,\"name\":\"Inicio\",\"item\":\"https:\/\/compuviper.mx\/tienda\/\"},{\"@type\":\"ListItem\",\"position\":2,\"name\":\"Productos\",\"item\":\"https:\/\/compuviper.mx\/tienda\/productos\/\"},{\"@type\":\"ListItem\",\"position\":3,\"name\":\"Discos Duros\",\"item\":\"https:\/\/compuviper.mx\/tienda\/categoria-producto\/discos-duros\/\"},{\"@type\":\"ListItem\",\"position\":4,\"name\":\"Disco Duro\",\"item\":\"https:\/\/compuviper.mx\/tienda\/categoria-producto\/discos-duros\/disco-duro\/\"},{\"@type\":\"ListItem\",\"position\":5,\"name\":\"Wd &#8211; Western Digital Wd100efgx Disco Duro Interno Wd Red Plus 10tb 3.5 Escritorio Sata3 6gb\/s 512mb 7200rpm 24&#215;7 Hotplug Nas 1-8 Bahias\"}]},{\"@type\":\"WebSite\",\"@id\":\"https:\/\/compuviper.mx\/tienda\/#website\",\"url\":\"https:\/\/compuviper.mx\/tienda\/\",\"name\":\"Compuviper\",\"description\":\"Proveedor de Computadoras, Laptops, Servidores, Monitores, Puntos de Venta, Teclados,   Impresoras, T\u00f3ner, C\u00e1maras de Seguridad y m\u00e1s en tu tienda en l\u00ednea\",\"publisher\":{\"@id\":\"https:\/\/compuviper.mx\/tienda\/#organization\"},\"potentialAction\":[{\"@type\":\"SearchAction\",\"target\":{\"@type\":\"EntryPoint\",\"urlTemplate\":\"https:\/\/compuviper.mx\/tienda\/?s={search_term_string}\"},\"query-input\":\"required name=search_term_string\"}],\"inLanguage\":\"es-MX\"},{\"@type\":\"Organization\",\"@id\":\"https:\/\/compuviper.mx\/tienda\/#organization\",\"name\":\"Compuviper\",\"url\":\"https:\/\/compuviper.mx\/tienda\/\",\"logo\":{\"@type\":\"ImageObject\",\"inLanguage\":\"es-MX\",\"@id\":\"https:\/\/compuviper.mx\/tienda\/#\/schema\/logo\/image\/\",\"url\":\"https:\/\/compuviper.mx\/tienda\/wp-content\/uploads\/2021\/08\/Logo-Compuviper-10.png\",\"contentUrl\":\"https:\/\/compuviper.mx\/tienda\/wp-content\/uploads\/2021\/08\/Logo-Compuviper-10.png\",\"width\":1000,\"height\":500,\"caption\":\"Compuviper\"},\"image\":{\"@id\":\"https:\/\/compuviper.mx\/tienda\/#\/schema\/logo\/image\/\"},\"sameAs\":[\"https:\/\/www.facebook.com\/compuviper\",\"https:\/\/www.youtube.com\/channel\/UCf73dERp9Y3cfOq7q8BhLjA?view_as=subscriber\"]}]}<\/script>\n<meta property=\"product:brand\" content=\"WD - WESTERN DIGITAL\" \/>\n<meta property=\"product:price:amount\" content=\"4813\" \/>\n<meta property=\"product:price:currency\" content=\"MXN\" \/>\n<meta property=\"og:availability\" content=\"instock\" \/>\n<meta property=\"product:availability\" content=\"instock\" \/>\n<meta property=\"product:retailer_item_id\" content=\"WD100EFGX\" \/>\n<meta property=\"product:condition\" content=\"new\" \/>\n<!-- \/ Yoast SEO plugin. -->","yoast_head_json":{"title":"[ Wd - Western Digital ] &#129351; Wd100efgx Disco Duro Interno Wd Red Plus 10tb 3.5 Escritorio Sata3 6gb\/s 512mb 7200rpm 24x7 Hotplug Nas 1-8 Bahias","description":"Compra Wd100efgx Disco Duro Interno Wd Red Plus 10tb 3.5 Escritorio Sata3 6gb\/s 512mb 7200rpm 24x7 Hotplug Nas 1-8 Bahias + Env\u00edo a domicilio + Pago seguro + Garant\u00eda","robots":{"index":"index","follow":"follow","max-snippet":"max-snippet:-1","max-image-preview":"max-image-preview:large","max-video-preview":"max-video-preview:-1"},"canonical":"https:\/\/compuviper.mx\/tienda\/producto\/wd-western-digital-wd100efgx-disco-duro-interno-wd-red-plus-10tb-3-5-escritorio-sata3-6gb-s-512mb-7200rpm-24x7-hotplug-nas-1-8-bahias\/","og_locale":"es_MX","og_type":"article","og_title":"[ Wd - Western Digital ] &#129351; Wd100efgx Disco Duro Interno Wd Red Plus 10tb 3.5 Escritorio Sata3 6gb\/s 512mb 7200rpm 24x7 Hotplug Nas 1-8 Bahias","og_description":"Compra Wd100efgx Disco Duro Interno Wd Red Plus 10tb 3.5 Escritorio Sata3 6gb\/s 512mb 7200rpm 24x7 Hotplug Nas 1-8 Bahias + Env\u00edo a domicilio + Pago seguro + Garant\u00eda","og_url":"https:\/\/compuviper.mx\/tienda\/producto\/wd-western-digital-wd100efgx-disco-duro-interno-wd-red-plus-10tb-3-5-escritorio-sata3-6gb-s-512mb-7200rpm-24x7-hotplug-nas-1-8-bahias\/","og_site_name":"Compuviper","article_publisher":"https:\/\/www.facebook.com\/compuviper","article_modified_time":"2026-04-03T06:00:15+00:00","og_image":[{"width":200,"height":200,"url":"https:\/\/compuviper.mx\/tienda\/wp-content\/uploads\/2026\/04\/Disco-duro-interno-wd-red-plus-10tb-3.5-escritorio-sata3-6gbs-512mb-7200rpm-24x7-hotplug-nas-1-8-bahias-wd100efgx.jpg","type":"image\/jpeg"}],"twitter_card":"summary_large_image","twitter_misc":{"Precio":"&#36;4,813 con IVA","Availability":"In stock"},"schema":{"@context":"https:\/\/schema.org","@graph":[{"@type":"WebPage","@id":"https:\/\/compuviper.mx\/tienda\/producto\/wd-western-digital-wd100efgx-disco-duro-interno-wd-red-plus-10tb-3-5-escritorio-sata3-6gb-s-512mb-7200rpm-24x7-hotplug-nas-1-8-bahias\/","url":"https:\/\/compuviper.mx\/tienda\/producto\/wd-western-digital-wd100efgx-disco-duro-interno-wd-red-plus-10tb-3-5-escritorio-sata3-6gb-s-512mb-7200rpm-24x7-hotplug-nas-1-8-bahias\/","name":"[ Wd - Western Digital ] &#129351; Wd100efgx Disco Duro Interno Wd Red Plus 10tb 3.5 Escritorio Sata3 6gb\/s 512mb 7200rpm 24x7 Hotplug Nas 1-8 Bahias","isPartOf":{"@id":"https:\/\/compuviper.mx\/tienda\/#website"},"datePublished":"2026-04-02T06:39:34+00:00","dateModified":"2026-04-03T06:00:15+00:00","description":"Compra Wd100efgx Disco Duro Interno Wd Red Plus 10tb 3.5 Escritorio Sata3 6gb\/s 512mb 7200rpm 24x7 Hotplug Nas 1-8 Bahias + Env\u00edo a domicilio + Pago seguro + Garant\u00eda","breadcrumb":{"@id":"https:\/\/compuviper.mx\/tienda\/producto\/wd-western-digital-wd100efgx-disco-duro-interno-wd-red-plus-10tb-3-5-escritorio-sata3-6gb-s-512mb-7200rpm-24x7-hotplug-nas-1-8-bahias\/#breadcrumb"},"inLanguage":"es-MX","potentialAction":[{"@type":"ReadAction","target":["https:\/\/compuviper.mx\/tienda\/producto\/wd-western-digital-wd100efgx-disco-duro-interno-wd-red-plus-10tb-3-5-escritorio-sata3-6gb-s-512mb-7200rpm-24x7-hotplug-nas-1-8-bahias\/"]}]},{"@type":"BreadcrumbList","@id":"https:\/\/compuviper.mx\/tienda\/producto\/wd-western-digital-wd100efgx-disco-duro-interno-wd-red-plus-10tb-3-5-escritorio-sata3-6gb-s-512mb-7200rpm-24x7-hotplug-nas-1-8-bahias\/#breadcrumb","itemListElement":[{"@type":"ListItem","position":1,"name":"Inicio","item":"https:\/\/compuviper.mx\/tienda\/"},{"@type":"ListItem","position":2,"name":"Productos","item":"https:\/\/compuviper.mx\/tienda\/productos\/"},{"@type":"ListItem","position":3,"name":"Discos Duros","item":"https:\/\/compuviper.mx\/tienda\/categoria-producto\/discos-duros\/"},{"@type":"ListItem","position":4,"name":"Disco Duro","item":"https:\/\/compuviper.mx\/tienda\/categoria-producto\/discos-duros\/disco-duro\/"},{"@type":"ListItem","position":5,"name":"Wd &#8211; Western Digital Wd100efgx Disco Duro Interno Wd Red Plus 10tb 3.5 Escritorio Sata3 6gb\/s 512mb 7200rpm 24&#215;7 Hotplug Nas 1-8 Bahias"}]},{"@type":"WebSite","@id":"https:\/\/compuviper.mx\/tienda\/#website","url":"https:\/\/compuviper.mx\/tienda\/","name":"Compuviper","description":"Proveedor de Computadoras, Laptops, Servidores, Monitores, Puntos de Venta, Teclados,   Impresoras, T\u00f3ner, C\u00e1maras de Seguridad y m\u00e1s en tu tienda en l\u00ednea","publisher":{"@id":"https:\/\/compuviper.mx\/tienda\/#organization"},"potentialAction":[{"@type":"SearchAction","target":{"@type":"EntryPoint","urlTemplate":"https:\/\/compuviper.mx\/tienda\/?s={search_term_string}"},"query-input":"required name=search_term_string"}],"inLanguage":"es-MX"},{"@type":"Organization","@id":"https:\/\/compuviper.mx\/tienda\/#organization","name":"Compuviper","url":"https:\/\/compuviper.mx\/tienda\/","logo":{"@type":"ImageObject","inLanguage":"es-MX","@id":"https:\/\/compuviper.mx\/tienda\/#\/schema\/logo\/image\/","url":"https:\/\/compuviper.mx\/tienda\/wp-content\/uploads\/2021\/08\/Logo-Compuviper-10.png","contentUrl":"https:\/\/compuviper.mx\/tienda\/wp-content\/uploads\/2021\/08\/Logo-Compuviper-10.png","width":1000,"height":500,"caption":"Compuviper"},"image":{"@id":"https:\/\/compuviper.mx\/tienda\/#\/schema\/logo\/image\/"},"sameAs":["https:\/\/www.facebook.com\/compuviper","https:\/\/www.youtube.com\/channel\/UCf73dERp9Y3cfOq7q8BhLjA?view_as=subscriber"]}]},"product_brand":"WD - WESTERN DIGITAL","product_price_amount":"4813","product_price_currency":"MXN","og_availability":"instock","product_availability":"instock","product_retailer_item_id":"WD100EFGX","product_condition":"new"},"_links":{"self":[{"href":"https:\/\/compuviper.mx\/tienda\/wp-json\/wp\/v2\/product\/268357"}],"collection":[{"href":"https:\/\/compuviper.mx\/tienda\/wp-json\/wp\/v2\/product"}],"about":[{"href":"https:\/\/compuviper.mx\/tienda\/wp-json\/wp\/v2\/types\/product"}],"replies":[{"embeddable":true,"href":"https:\/\/compuviper.mx\/tienda\/wp-json\/wp\/v2\/comments?post=268357"}],"wp:featuredmedia":[{"embeddable":true,"href":"https:\/\/compuviper.mx\/tienda\/wp-json\/wp\/v2\/media\/268358"}],"wp:attachment":[{"href":"https:\/\/compuviper.mx\/tienda\/wp-json\/wp\/v2\/media?parent=268357"}],"wp:term":[{"taxonomy":"product_cat","embeddable":true,"href":"https:\/\/compuviper.mx\/tienda\/wp-json\/wp\/v2\/product_cat?post=268357"},{"taxonomy":"product_tag","embeddable":true,"href":"https:\/\/compuviper.mx\/tienda\/wp-json\/wp\/v2\/product_tag?post=268357"}],"curies":[{"name":"wp","href":"https:\/\/api.w.org\/{rel}","templated":true}]}}