{"id":268353,"date":"2026-04-02T00:38:38","date_gmt":"2026-04-02T06:38:38","guid":{"rendered":"https:\/\/compuviper.mx\/tienda\/producto\/wd-western-digital-wd221kryz-disco-duro-interno-wd-gold-22tb-3-5-escritorio-sata3-6gb-s-512mb-7200rpm-24x7-hotplug-nas-dvr-nvr-server-datacente\/"},"modified":"2026-04-03T00:00:12","modified_gmt":"2026-04-03T06:00:12","slug":"wd-western-digital-wd221kryz-disco-duro-interno-wd-gold-22tb-3-5-escritorio-sata3-6gb-s-512mb-7200rpm-24x7-hotplug-nas-dvr-nvr-server-datacente","status":"publish","type":"product","link":"https:\/\/compuviper.mx\/tienda\/producto\/wd-western-digital-wd221kryz-disco-duro-interno-wd-gold-22tb-3-5-escritorio-sata3-6gb-s-512mb-7200rpm-24x7-hotplug-nas-dvr-nvr-server-datacente\/","title":{"rendered":"Wd &#8211; Western Digital Wd221kryz Disco Duro Interno Wd Gold 22tb 3.5 Escritorio Sata3 6gb\/s 512mb 7200rpm 24&#215;7 Hotplug Nas Dvr Nvr Server Datacente"},"content":{"rendered":"<table class=\"descripcion\">\n<tr>\n<td>Capacidad<\/td>\n<\/tr>\n<tr>\n<td>22tb<\/td>\n<\/tr>\n<tr>\n<td>Factor de forma<\/td>\n<\/tr>\n<tr>\n<td>3.5 inch<\/td>\n<\/tr>\n<tr>\n<td>Compatibilidad<\/td>\n<\/tr>\n<tr>\n<td>Compatible con windows, windows server y linux<\/td>\n<\/tr>\n<tr>\n<td>Interfaz<\/td>\n<\/tr>\n<tr>\n<td>Sata<\/td>\n<\/tr>\n<tr>\n<td>Disk speed (rpm)<\/td>\n<\/tr>\n<tr>\n<td>7200rpm<\/td>\n<\/tr>\n<tr>\n<td>Warranty<\/td>\n<\/tr>\n<tr>\n<td>Garant\u00eda limitada de 5 a\u00f1os<\/td>\n<\/tr>\n<tr>\n<td>Dimensiones (largo, ancho y alto)<\/td>\n<\/tr>\n<tr>\n<td>5.79 x 4 x 1.03<\/td>\n<\/tr>\n<tr>\n<td>Peso<\/td>\n<\/tr>\n<tr>\n<td>670gms<\/td>\n<\/tr>\n<tr>\n<td>N\u00famero de modelo<\/td>\n<\/tr>\n<tr>\n<td>Wd221kryz<\/td>\n<\/tr>\n<tr>\n<td>Temp. operativa<\/td>\n<\/tr>\n<tr>\n<td>5\u00b0c to 60\u00b0c<\/td>\n<\/tr>\n<tr>\n<td>Non-operating temperature<\/td>\n<\/tr>\n<tr>\n<td>-40\u00b0c to 70\u00b0c<\/td>\n<\/tr>\n<tr>\n<td>Certifications<\/td>\n<\/tr>\n<tr>\n<td>Bsmi, ices-003\/nmb-003, ce, fcc, kc, maghreb, rcm, ukca, vcci, cb-scheme, tuv, ul<\/td>\n<\/tr>\n<\/table>\n","protected":false},"excerpt":{"rendered":"<p>Optimice el almacenamiento de su empresa con una cartera completa de unidades de disco duro wd gold\u0099 de nivel empresarial con capacidades que llegan hasta 22 tb. Calidad y confiabilidad con hasta 2,5 millones de horas de mtbf para ayudarlo a almacenar sus datos con confianza. Dise\u00f1o especifico para utilizacion en centros de datos y sistemas de almacenamiento de nivel empresarial. Mejore el rendimiento con nuestra tecnologia de proteccion contra las vibraciones. La tecnologia helioseal ofrece altas capacidades con un bajo consumo de energia (12 tb en adelante. Garantia limitada de 5 a\u00f1os para su mayor tranquilidad<\/p>\n","protected":false},"featured_media":268354,"comment_status":"open","ping_status":"open","template":"","meta":[],"product_cat":[1703,1706],"product_tag":[1705],"acf":[],"yoast_head":"<!-- This site is optimized with the Yoast SEO plugin v21.7 - https:\/\/yoast.com\/wordpress\/plugins\/seo\/ -->\n<title>[ Wd - Western Digital ] &#129351; Wd221kryz Disco Duro Interno Wd Gold 22tb 3.5 Escritorio Sata3 6gb\/s 512mb 7200rpm 24x7 Hotplug Nas Dvr Nvr Server Datacente<\/title>\n<meta name=\"description\" content=\"Compra Wd221kryz Disco Duro Interno Wd Gold 22tb 3.5 Escritorio Sata3 6gb\/s 512mb 7200rpm 24x7 Hotplug Nas Dvr Nvr Server Datacente + Env\u00edo a domicilio + Pago seguro + Garant\u00eda\" \/>\n<meta name=\"robots\" content=\"index, follow, max-snippet:-1, max-image-preview:large, max-video-preview:-1\" \/>\n<link rel=\"canonical\" href=\"https:\/\/compuviper.mx\/tienda\/producto\/wd-western-digital-wd221kryz-disco-duro-interno-wd-gold-22tb-3-5-escritorio-sata3-6gb-s-512mb-7200rpm-24x7-hotplug-nas-dvr-nvr-server-datacente\/\" \/>\n<meta property=\"og:locale\" content=\"es_MX\" \/>\n<meta property=\"og:type\" content=\"article\" \/>\n<meta property=\"og:title\" content=\"[ Wd - Western Digital ] &#129351; Wd221kryz Disco Duro Interno Wd Gold 22tb 3.5 Escritorio Sata3 6gb\/s 512mb 7200rpm 24x7 Hotplug Nas Dvr Nvr Server Datacente\" \/>\n<meta property=\"og:description\" content=\"Compra Wd221kryz Disco Duro Interno Wd Gold 22tb 3.5 Escritorio Sata3 6gb\/s 512mb 7200rpm 24x7 Hotplug Nas Dvr Nvr Server Datacente + Env\u00edo a domicilio + Pago seguro + Garant\u00eda\" \/>\n<meta property=\"og:url\" content=\"https:\/\/compuviper.mx\/tienda\/producto\/wd-western-digital-wd221kryz-disco-duro-interno-wd-gold-22tb-3-5-escritorio-sata3-6gb-s-512mb-7200rpm-24x7-hotplug-nas-dvr-nvr-server-datacente\/\" \/>\n<meta property=\"og:site_name\" content=\"Compuviper\" \/>\n<meta property=\"article:publisher\" content=\"https:\/\/www.facebook.com\/compuviper\" \/>\n<meta property=\"article:modified_time\" content=\"2026-04-03T06:00:12+00:00\" \/>\n<meta property=\"og:image\" content=\"https:\/\/compuviper.mx\/tienda\/wp-content\/uploads\/2026\/04\/Disco-duro-interno-wd-gold-22tb-3.5-escritorio-sata3-6gbs-512mb-7200rpm-24x7-hotplug-nas-dvr-nvr-server-datacente-wd221kryz.jpg\" \/>\n\t<meta property=\"og:image:width\" content=\"200\" \/>\n\t<meta property=\"og:image:height\" content=\"200\" \/>\n\t<meta property=\"og:image:type\" content=\"image\/jpeg\" \/>\n<meta name=\"twitter:card\" content=\"summary_large_image\" \/>\n<meta name=\"twitter:label1\" content=\"Precio\" \/>\n\t<meta name=\"twitter:data1\" content=\"&#36;9,752 con IVA\" \/>\n\t<meta name=\"twitter:label2\" content=\"Availability\" \/>\n\t<meta name=\"twitter:data2\" content=\"Out of stock\" \/>\n<script type=\"application\/ld+json\" class=\"yoast-schema-graph\">{\"@context\":\"https:\/\/schema.org\",\"@graph\":[{\"@type\":\"WebPage\",\"@id\":\"https:\/\/compuviper.mx\/tienda\/producto\/wd-western-digital-wd221kryz-disco-duro-interno-wd-gold-22tb-3-5-escritorio-sata3-6gb-s-512mb-7200rpm-24x7-hotplug-nas-dvr-nvr-server-datacente\/\",\"url\":\"https:\/\/compuviper.mx\/tienda\/producto\/wd-western-digital-wd221kryz-disco-duro-interno-wd-gold-22tb-3-5-escritorio-sata3-6gb-s-512mb-7200rpm-24x7-hotplug-nas-dvr-nvr-server-datacente\/\",\"name\":\"[ Wd - Western Digital ] &#129351; Wd221kryz Disco Duro Interno Wd Gold 22tb 3.5 Escritorio Sata3 6gb\/s 512mb 7200rpm 24x7 Hotplug Nas Dvr Nvr Server Datacente\",\"isPartOf\":{\"@id\":\"https:\/\/compuviper.mx\/tienda\/#website\"},\"datePublished\":\"2026-04-02T06:38:38+00:00\",\"dateModified\":\"2026-04-03T06:00:12+00:00\",\"description\":\"Compra Wd221kryz Disco Duro Interno Wd Gold 22tb 3.5 Escritorio Sata3 6gb\/s 512mb 7200rpm 24x7 Hotplug Nas Dvr Nvr Server Datacente + Env\u00edo a domicilio + Pago seguro + Garant\u00eda\",\"breadcrumb\":{\"@id\":\"https:\/\/compuviper.mx\/tienda\/producto\/wd-western-digital-wd221kryz-disco-duro-interno-wd-gold-22tb-3-5-escritorio-sata3-6gb-s-512mb-7200rpm-24x7-hotplug-nas-dvr-nvr-server-datacente\/#breadcrumb\"},\"inLanguage\":\"es-MX\",\"potentialAction\":[{\"@type\":\"ReadAction\",\"target\":[\"https:\/\/compuviper.mx\/tienda\/producto\/wd-western-digital-wd221kryz-disco-duro-interno-wd-gold-22tb-3-5-escritorio-sata3-6gb-s-512mb-7200rpm-24x7-hotplug-nas-dvr-nvr-server-datacente\/\"]}]},{\"@type\":\"BreadcrumbList\",\"@id\":\"https:\/\/compuviper.mx\/tienda\/producto\/wd-western-digital-wd221kryz-disco-duro-interno-wd-gold-22tb-3-5-escritorio-sata3-6gb-s-512mb-7200rpm-24x7-hotplug-nas-dvr-nvr-server-datacente\/#breadcrumb\",\"itemListElement\":[{\"@type\":\"ListItem\",\"position\":1,\"name\":\"Inicio\",\"item\":\"https:\/\/compuviper.mx\/tienda\/\"},{\"@type\":\"ListItem\",\"position\":2,\"name\":\"Productos\",\"item\":\"https:\/\/compuviper.mx\/tienda\/productos\/\"},{\"@type\":\"ListItem\",\"position\":3,\"name\":\"Discos Duros\",\"item\":\"https:\/\/compuviper.mx\/tienda\/categoria-producto\/discos-duros\/\"},{\"@type\":\"ListItem\",\"position\":4,\"name\":\"Disco Duro\",\"item\":\"https:\/\/compuviper.mx\/tienda\/categoria-producto\/discos-duros\/disco-duro\/\"},{\"@type\":\"ListItem\",\"position\":5,\"name\":\"Wd &#8211; Western Digital Wd221kryz Disco Duro Interno Wd Gold 22tb 3.5 Escritorio Sata3 6gb\/s 512mb 7200rpm 24&#215;7 Hotplug Nas Dvr Nvr Server Datacente\"}]},{\"@type\":\"WebSite\",\"@id\":\"https:\/\/compuviper.mx\/tienda\/#website\",\"url\":\"https:\/\/compuviper.mx\/tienda\/\",\"name\":\"Compuviper\",\"description\":\"Proveedor de Computadoras, Laptops, Servidores, Monitores, Puntos de Venta, Teclados,   Impresoras, T\u00f3ner, C\u00e1maras de Seguridad y m\u00e1s en tu tienda en l\u00ednea\",\"publisher\":{\"@id\":\"https:\/\/compuviper.mx\/tienda\/#organization\"},\"potentialAction\":[{\"@type\":\"SearchAction\",\"target\":{\"@type\":\"EntryPoint\",\"urlTemplate\":\"https:\/\/compuviper.mx\/tienda\/?s={search_term_string}\"},\"query-input\":\"required name=search_term_string\"}],\"inLanguage\":\"es-MX\"},{\"@type\":\"Organization\",\"@id\":\"https:\/\/compuviper.mx\/tienda\/#organization\",\"name\":\"Compuviper\",\"url\":\"https:\/\/compuviper.mx\/tienda\/\",\"logo\":{\"@type\":\"ImageObject\",\"inLanguage\":\"es-MX\",\"@id\":\"https:\/\/compuviper.mx\/tienda\/#\/schema\/logo\/image\/\",\"url\":\"https:\/\/compuviper.mx\/tienda\/wp-content\/uploads\/2021\/08\/Logo-Compuviper-10.png\",\"contentUrl\":\"https:\/\/compuviper.mx\/tienda\/wp-content\/uploads\/2021\/08\/Logo-Compuviper-10.png\",\"width\":1000,\"height\":500,\"caption\":\"Compuviper\"},\"image\":{\"@id\":\"https:\/\/compuviper.mx\/tienda\/#\/schema\/logo\/image\/\"},\"sameAs\":[\"https:\/\/www.facebook.com\/compuviper\",\"https:\/\/www.youtube.com\/channel\/UCf73dERp9Y3cfOq7q8BhLjA?view_as=subscriber\"]}]}<\/script>\n<meta property=\"product:brand\" content=\"WD - WESTERN DIGITAL\" \/>\n<meta property=\"product:price:amount\" content=\"9752\" \/>\n<meta property=\"product:price:currency\" content=\"MXN\" \/>\n<meta property=\"og:availability\" content=\"out of stock\" \/>\n<meta property=\"product:availability\" content=\"out of stock\" \/>\n<meta property=\"product:retailer_item_id\" content=\"WD221KRYZ\" \/>\n<meta property=\"product:condition\" content=\"new\" \/>\n<!-- \/ Yoast SEO plugin. -->","yoast_head_json":{"title":"[ Wd - Western Digital ] &#129351; Wd221kryz Disco Duro Interno Wd Gold 22tb 3.5 Escritorio Sata3 6gb\/s 512mb 7200rpm 24x7 Hotplug Nas Dvr Nvr Server Datacente","description":"Compra Wd221kryz Disco Duro Interno Wd Gold 22tb 3.5 Escritorio Sata3 6gb\/s 512mb 7200rpm 24x7 Hotplug Nas Dvr Nvr Server Datacente + Env\u00edo a domicilio + Pago seguro + Garant\u00eda","robots":{"index":"index","follow":"follow","max-snippet":"max-snippet:-1","max-image-preview":"max-image-preview:large","max-video-preview":"max-video-preview:-1"},"canonical":"https:\/\/compuviper.mx\/tienda\/producto\/wd-western-digital-wd221kryz-disco-duro-interno-wd-gold-22tb-3-5-escritorio-sata3-6gb-s-512mb-7200rpm-24x7-hotplug-nas-dvr-nvr-server-datacente\/","og_locale":"es_MX","og_type":"article","og_title":"[ Wd - Western Digital ] &#129351; Wd221kryz Disco Duro Interno Wd Gold 22tb 3.5 Escritorio Sata3 6gb\/s 512mb 7200rpm 24x7 Hotplug Nas Dvr Nvr Server Datacente","og_description":"Compra Wd221kryz Disco Duro Interno Wd Gold 22tb 3.5 Escritorio Sata3 6gb\/s 512mb 7200rpm 24x7 Hotplug Nas Dvr Nvr Server Datacente + Env\u00edo a domicilio + Pago seguro + Garant\u00eda","og_url":"https:\/\/compuviper.mx\/tienda\/producto\/wd-western-digital-wd221kryz-disco-duro-interno-wd-gold-22tb-3-5-escritorio-sata3-6gb-s-512mb-7200rpm-24x7-hotplug-nas-dvr-nvr-server-datacente\/","og_site_name":"Compuviper","article_publisher":"https:\/\/www.facebook.com\/compuviper","article_modified_time":"2026-04-03T06:00:12+00:00","og_image":[{"width":200,"height":200,"url":"https:\/\/compuviper.mx\/tienda\/wp-content\/uploads\/2026\/04\/Disco-duro-interno-wd-gold-22tb-3.5-escritorio-sata3-6gbs-512mb-7200rpm-24x7-hotplug-nas-dvr-nvr-server-datacente-wd221kryz.jpg","type":"image\/jpeg"}],"twitter_card":"summary_large_image","twitter_misc":{"Precio":"&#36;9,752 con IVA","Availability":"Out of stock"},"schema":{"@context":"https:\/\/schema.org","@graph":[{"@type":"WebPage","@id":"https:\/\/compuviper.mx\/tienda\/producto\/wd-western-digital-wd221kryz-disco-duro-interno-wd-gold-22tb-3-5-escritorio-sata3-6gb-s-512mb-7200rpm-24x7-hotplug-nas-dvr-nvr-server-datacente\/","url":"https:\/\/compuviper.mx\/tienda\/producto\/wd-western-digital-wd221kryz-disco-duro-interno-wd-gold-22tb-3-5-escritorio-sata3-6gb-s-512mb-7200rpm-24x7-hotplug-nas-dvr-nvr-server-datacente\/","name":"[ Wd - Western Digital ] &#129351; Wd221kryz Disco Duro Interno Wd Gold 22tb 3.5 Escritorio Sata3 6gb\/s 512mb 7200rpm 24x7 Hotplug Nas Dvr Nvr Server Datacente","isPartOf":{"@id":"https:\/\/compuviper.mx\/tienda\/#website"},"datePublished":"2026-04-02T06:38:38+00:00","dateModified":"2026-04-03T06:00:12+00:00","description":"Compra Wd221kryz Disco Duro Interno Wd Gold 22tb 3.5 Escritorio Sata3 6gb\/s 512mb 7200rpm 24x7 Hotplug Nas Dvr Nvr Server Datacente + Env\u00edo a domicilio + Pago seguro + Garant\u00eda","breadcrumb":{"@id":"https:\/\/compuviper.mx\/tienda\/producto\/wd-western-digital-wd221kryz-disco-duro-interno-wd-gold-22tb-3-5-escritorio-sata3-6gb-s-512mb-7200rpm-24x7-hotplug-nas-dvr-nvr-server-datacente\/#breadcrumb"},"inLanguage":"es-MX","potentialAction":[{"@type":"ReadAction","target":["https:\/\/compuviper.mx\/tienda\/producto\/wd-western-digital-wd221kryz-disco-duro-interno-wd-gold-22tb-3-5-escritorio-sata3-6gb-s-512mb-7200rpm-24x7-hotplug-nas-dvr-nvr-server-datacente\/"]}]},{"@type":"BreadcrumbList","@id":"https:\/\/compuviper.mx\/tienda\/producto\/wd-western-digital-wd221kryz-disco-duro-interno-wd-gold-22tb-3-5-escritorio-sata3-6gb-s-512mb-7200rpm-24x7-hotplug-nas-dvr-nvr-server-datacente\/#breadcrumb","itemListElement":[{"@type":"ListItem","position":1,"name":"Inicio","item":"https:\/\/compuviper.mx\/tienda\/"},{"@type":"ListItem","position":2,"name":"Productos","item":"https:\/\/compuviper.mx\/tienda\/productos\/"},{"@type":"ListItem","position":3,"name":"Discos Duros","item":"https:\/\/compuviper.mx\/tienda\/categoria-producto\/discos-duros\/"},{"@type":"ListItem","position":4,"name":"Disco Duro","item":"https:\/\/compuviper.mx\/tienda\/categoria-producto\/discos-duros\/disco-duro\/"},{"@type":"ListItem","position":5,"name":"Wd &#8211; Western Digital Wd221kryz Disco Duro Interno Wd Gold 22tb 3.5 Escritorio Sata3 6gb\/s 512mb 7200rpm 24&#215;7 Hotplug Nas Dvr Nvr Server Datacente"}]},{"@type":"WebSite","@id":"https:\/\/compuviper.mx\/tienda\/#website","url":"https:\/\/compuviper.mx\/tienda\/","name":"Compuviper","description":"Proveedor de Computadoras, Laptops, Servidores, Monitores, Puntos de Venta, Teclados,   Impresoras, T\u00f3ner, C\u00e1maras de Seguridad y m\u00e1s en tu tienda en l\u00ednea","publisher":{"@id":"https:\/\/compuviper.mx\/tienda\/#organization"},"potentialAction":[{"@type":"SearchAction","target":{"@type":"EntryPoint","urlTemplate":"https:\/\/compuviper.mx\/tienda\/?s={search_term_string}"},"query-input":"required name=search_term_string"}],"inLanguage":"es-MX"},{"@type":"Organization","@id":"https:\/\/compuviper.mx\/tienda\/#organization","name":"Compuviper","url":"https:\/\/compuviper.mx\/tienda\/","logo":{"@type":"ImageObject","inLanguage":"es-MX","@id":"https:\/\/compuviper.mx\/tienda\/#\/schema\/logo\/image\/","url":"https:\/\/compuviper.mx\/tienda\/wp-content\/uploads\/2021\/08\/Logo-Compuviper-10.png","contentUrl":"https:\/\/compuviper.mx\/tienda\/wp-content\/uploads\/2021\/08\/Logo-Compuviper-10.png","width":1000,"height":500,"caption":"Compuviper"},"image":{"@id":"https:\/\/compuviper.mx\/tienda\/#\/schema\/logo\/image\/"},"sameAs":["https:\/\/www.facebook.com\/compuviper","https:\/\/www.youtube.com\/channel\/UCf73dERp9Y3cfOq7q8BhLjA?view_as=subscriber"]}]},"product_brand":"WD - WESTERN DIGITAL","product_price_amount":"9752","product_price_currency":"MXN","og_availability":"out of stock","product_availability":"out of stock","product_retailer_item_id":"WD221KRYZ","product_condition":"new"},"_links":{"self":[{"href":"https:\/\/compuviper.mx\/tienda\/wp-json\/wp\/v2\/product\/268353"}],"collection":[{"href":"https:\/\/compuviper.mx\/tienda\/wp-json\/wp\/v2\/product"}],"about":[{"href":"https:\/\/compuviper.mx\/tienda\/wp-json\/wp\/v2\/types\/product"}],"replies":[{"embeddable":true,"href":"https:\/\/compuviper.mx\/tienda\/wp-json\/wp\/v2\/comments?post=268353"}],"wp:featuredmedia":[{"embeddable":true,"href":"https:\/\/compuviper.mx\/tienda\/wp-json\/wp\/v2\/media\/268354"}],"wp:attachment":[{"href":"https:\/\/compuviper.mx\/tienda\/wp-json\/wp\/v2\/media?parent=268353"}],"wp:term":[{"taxonomy":"product_cat","embeddable":true,"href":"https:\/\/compuviper.mx\/tienda\/wp-json\/wp\/v2\/product_cat?post=268353"},{"taxonomy":"product_tag","embeddable":true,"href":"https:\/\/compuviper.mx\/tienda\/wp-json\/wp\/v2\/product_tag?post=268353"}],"curies":[{"name":"wp","href":"https:\/\/api.w.org\/{rel}","templated":true}]}}