{"id":268351,"date":"2026-04-07T00:37:02","date_gmt":"2026-04-07T06:37:02","guid":{"rendered":"https:\/\/compuviper.mx\/tienda\/producto\/wd-western-digital-wd20efpx-disco-duro-interno-wd-red-plus-2tb-3-5-escritorio-sata3-6gb-s-64mb-5400rpm-24x7-hotplug-nas-1-8-bahias\/"},"modified":"2026-04-07T00:37:03","modified_gmt":"2026-04-07T06:37:03","slug":"wd-western-digital-wd20efpx-disco-duro-interno-wd-red-plus-2tb-3-5-escritorio-sata3-6gb-s-64mb-5400rpm-24x7-hotplug-nas-1-8-bahias","status":"publish","type":"product","link":"https:\/\/compuviper.mx\/tienda\/producto\/wd-western-digital-wd20efpx-disco-duro-interno-wd-red-plus-2tb-3-5-escritorio-sata3-6gb-s-64mb-5400rpm-24x7-hotplug-nas-1-8-bahias\/","title":{"rendered":"Wd &#8211; Western Digital Wd20efpx Disco Duro Interno Wd Red Plus 2tb 3.5 Escritorio Sata3 6gb\/s 64mb 5400rpm 24&#215;7 Hotplug Nas 1-8 Bahias"},"content":{"rendered":"<table class=\"descripcion\">\n<tr>\n<td>Capacidad<\/td>\n<\/tr>\n<tr>\n<td>2 tb<\/td>\n<\/tr>\n<tr>\n<td>Formato<\/td>\n<\/tr>\n<tr>\n<td>3.5 pulgadas<\/td>\n<\/tr>\n<tr>\n<td>Conector<\/td>\n<\/tr>\n<tr>\n<td>Sataiii<\/td>\n<\/tr>\n<tr>\n<td>Compatibilidad<\/td>\n<\/tr>\n<tr>\n<td>Se ha diseado con tecnologa cmr para empresas pequeas o medianas que tengan sistemas nas optimizados para raid con hasta 8 compartimentos. es perfecto para gestionar cargas de trabajo mayores, incluidas la compatibilidad ampliada con so y sistemas zfs.<\/td>\n<\/tr>\n<tr>\n<td>Conexin<\/td>\n<\/tr>\n<tr>\n<td>Sataiii<\/td>\n<\/tr>\n<tr>\n<td>Velocidad de transferencia<\/td>\n<\/tr>\n<tr>\n<td>Up to 175mb\/s<\/td>\n<\/tr>\n<tr>\n<td>Disk speed rpm<\/td>\n<\/tr>\n<tr>\n<td>5400 rpm<\/td>\n<\/tr>\n<tr>\n<td>Recording technology<\/td>\n<\/tr>\n<tr>\n<td>Cmr<\/td>\n<\/tr>\n<tr>\n<td>Cache size<\/td>\n<\/tr>\n<tr>\n<td>64mb<\/td>\n<\/tr>\n<tr>\n<td>Warranty<\/td>\n<\/tr>\n<tr>\n<td>Garanta limitada de 3 aos<\/td>\n<\/tr>\n<tr>\n<td>Dimensiones largo, ancho y alto<\/td>\n<\/tr>\n<tr>\n<td>5.787 x 4 x 1.028<\/td>\n<\/tr>\n<tr>\n<td>Peso<\/td>\n<\/tr>\n<tr>\n<td>720gms<\/td>\n<\/tr>\n<tr>\n<td>Nmero de modelo<\/td>\n<\/tr>\n<tr>\n<td>Wd20efpx<\/td>\n<\/tr>\n<tr>\n<td>Temperatura de funcionamiento<\/td>\n<\/tr>\n<tr>\n<td>0\u00b0c to 65\u00b0c<\/td>\n<\/tr>\n<tr>\n<td>Non-operating temperature<\/td>\n<\/tr>\n<tr>\n<td>-40\u00b0c to 70\u00b0c<\/td>\n<\/tr>\n<tr>\n<td>Certificaciones<\/td>\n<\/tr>\n<tr>\n<td>Bsmi, ices-003\/nmb-003, ce, fcc, kc, maghreb, rcm, ukca, vcci, cb-scheme, tuv, ul<\/td>\n<\/tr>\n<\/table>\n","protected":false},"excerpt":{"rendered":"<p>Disponibles en capacidades de entre 1 y 14 tb y compatibles con hasta 8 compartimentos. Rendimiento de clase de 5400 r. P. M. Admiten una carga de trabajo de hasta 180 tb al ao. Firmware nasware que asegura la compatibilidad. Sistemas nas de pequeas o medianas empresas en entornos de funcionamiento las 24 horas, todos los das. 3 aos de garanta limitada<\/p>\n","protected":false},"featured_media":268352,"comment_status":"open","ping_status":"open","template":"","meta":[],"product_cat":[1703,1706],"product_tag":[1705],"acf":[],"yoast_head":"<!-- This site is optimized with the Yoast SEO plugin v21.7 - https:\/\/yoast.com\/wordpress\/plugins\/seo\/ -->\n<title>[ Wd - Western Digital ] &#129351; Wd20efpx Disco Duro Interno Wd Red Plus 2tb 3.5 Escritorio Sata3 6gb\/s 64mb 5400rpm 24x7 Hotplug Nas 1-8 Bahias<\/title>\n<meta name=\"description\" content=\"Compra Wd20efpx Disco Duro Interno Wd Red Plus 2tb 3.5 Escritorio Sata3 6gb\/s 64mb 5400rpm 24x7 Hotplug Nas 1-8 Bahias + Env\u00edo a domicilio + Pago seguro + Garant\u00eda\" \/>\n<meta name=\"robots\" content=\"index, follow, max-snippet:-1, max-image-preview:large, max-video-preview:-1\" \/>\n<link rel=\"canonical\" href=\"https:\/\/compuviper.mx\/tienda\/producto\/wd-western-digital-wd20efpx-disco-duro-interno-wd-red-plus-2tb-3-5-escritorio-sata3-6gb-s-64mb-5400rpm-24x7-hotplug-nas-1-8-bahias\/\" \/>\n<meta property=\"og:locale\" content=\"es_MX\" \/>\n<meta property=\"og:type\" content=\"article\" \/>\n<meta property=\"og:title\" content=\"[ Wd - Western Digital ] &#129351; Wd20efpx Disco Duro Interno Wd Red Plus 2tb 3.5 Escritorio Sata3 6gb\/s 64mb 5400rpm 24x7 Hotplug Nas 1-8 Bahias\" \/>\n<meta property=\"og:description\" content=\"Compra Wd20efpx Disco Duro Interno Wd Red Plus 2tb 3.5 Escritorio Sata3 6gb\/s 64mb 5400rpm 24x7 Hotplug Nas 1-8 Bahias + Env\u00edo a domicilio + Pago seguro + Garant\u00eda\" \/>\n<meta property=\"og:url\" content=\"https:\/\/compuviper.mx\/tienda\/producto\/wd-western-digital-wd20efpx-disco-duro-interno-wd-red-plus-2tb-3-5-escritorio-sata3-6gb-s-64mb-5400rpm-24x7-hotplug-nas-1-8-bahias\/\" \/>\n<meta property=\"og:site_name\" content=\"Compuviper\" \/>\n<meta property=\"article:publisher\" content=\"https:\/\/www.facebook.com\/compuviper\" \/>\n<meta property=\"article:modified_time\" content=\"2026-04-07T06:37:03+00:00\" \/>\n<meta property=\"og:image\" content=\"https:\/\/compuviper.mx\/tienda\/wp-content\/uploads\/2026\/04\/Disco-duro-interno-wd-red-plus-2tb-3.5-escritorio-sata3-6gbs-64mb-5400rpm-24x7-hotplug-nas-1-8-bahias-wd20efpx.jpg\" \/>\n\t<meta property=\"og:image:width\" content=\"200\" \/>\n\t<meta property=\"og:image:height\" content=\"200\" \/>\n\t<meta property=\"og:image:type\" content=\"image\/jpeg\" \/>\n<meta name=\"twitter:card\" content=\"summary_large_image\" \/>\n<meta name=\"twitter:label1\" content=\"Precio\" \/>\n\t<meta name=\"twitter:data1\" content=\"&#36;1,639 con IVA\" \/>\n\t<meta name=\"twitter:label2\" content=\"Availability\" \/>\n\t<meta name=\"twitter:data2\" content=\"Out of stock\" \/>\n<script type=\"application\/ld+json\" class=\"yoast-schema-graph\">{\"@context\":\"https:\/\/schema.org\",\"@graph\":[{\"@type\":\"WebPage\",\"@id\":\"https:\/\/compuviper.mx\/tienda\/producto\/wd-western-digital-wd20efpx-disco-duro-interno-wd-red-plus-2tb-3-5-escritorio-sata3-6gb-s-64mb-5400rpm-24x7-hotplug-nas-1-8-bahias\/\",\"url\":\"https:\/\/compuviper.mx\/tienda\/producto\/wd-western-digital-wd20efpx-disco-duro-interno-wd-red-plus-2tb-3-5-escritorio-sata3-6gb-s-64mb-5400rpm-24x7-hotplug-nas-1-8-bahias\/\",\"name\":\"[ Wd - Western Digital ] &#129351; Wd20efpx Disco Duro Interno Wd Red Plus 2tb 3.5 Escritorio Sata3 6gb\/s 64mb 5400rpm 24x7 Hotplug Nas 1-8 Bahias\",\"isPartOf\":{\"@id\":\"https:\/\/compuviper.mx\/tienda\/#website\"},\"datePublished\":\"2026-04-07T06:37:02+00:00\",\"dateModified\":\"2026-04-07T06:37:03+00:00\",\"description\":\"Compra Wd20efpx Disco Duro Interno Wd Red Plus 2tb 3.5 Escritorio Sata3 6gb\/s 64mb 5400rpm 24x7 Hotplug Nas 1-8 Bahias + Env\u00edo a domicilio + Pago seguro + Garant\u00eda\",\"breadcrumb\":{\"@id\":\"https:\/\/compuviper.mx\/tienda\/producto\/wd-western-digital-wd20efpx-disco-duro-interno-wd-red-plus-2tb-3-5-escritorio-sata3-6gb-s-64mb-5400rpm-24x7-hotplug-nas-1-8-bahias\/#breadcrumb\"},\"inLanguage\":\"es-MX\",\"potentialAction\":[{\"@type\":\"ReadAction\",\"target\":[\"https:\/\/compuviper.mx\/tienda\/producto\/wd-western-digital-wd20efpx-disco-duro-interno-wd-red-plus-2tb-3-5-escritorio-sata3-6gb-s-64mb-5400rpm-24x7-hotplug-nas-1-8-bahias\/\"]}]},{\"@type\":\"BreadcrumbList\",\"@id\":\"https:\/\/compuviper.mx\/tienda\/producto\/wd-western-digital-wd20efpx-disco-duro-interno-wd-red-plus-2tb-3-5-escritorio-sata3-6gb-s-64mb-5400rpm-24x7-hotplug-nas-1-8-bahias\/#breadcrumb\",\"itemListElement\":[{\"@type\":\"ListItem\",\"position\":1,\"name\":\"Inicio\",\"item\":\"https:\/\/compuviper.mx\/tienda\/\"},{\"@type\":\"ListItem\",\"position\":2,\"name\":\"Productos\",\"item\":\"https:\/\/compuviper.mx\/tienda\/productos\/\"},{\"@type\":\"ListItem\",\"position\":3,\"name\":\"Discos Duros\",\"item\":\"https:\/\/compuviper.mx\/tienda\/categoria-producto\/discos-duros\/\"},{\"@type\":\"ListItem\",\"position\":4,\"name\":\"Disco Duro\",\"item\":\"https:\/\/compuviper.mx\/tienda\/categoria-producto\/discos-duros\/disco-duro\/\"},{\"@type\":\"ListItem\",\"position\":5,\"name\":\"Wd &#8211; Western Digital Wd20efpx Disco Duro Interno Wd Red Plus 2tb 3.5 Escritorio Sata3 6gb\/s 64mb 5400rpm 24&#215;7 Hotplug Nas 1-8 Bahias\"}]},{\"@type\":\"WebSite\",\"@id\":\"https:\/\/compuviper.mx\/tienda\/#website\",\"url\":\"https:\/\/compuviper.mx\/tienda\/\",\"name\":\"Compuviper\",\"description\":\"Proveedor de Computadoras, Laptops, Servidores, Monitores, Puntos de Venta, Teclados,   Impresoras, T\u00f3ner, C\u00e1maras de Seguridad y m\u00e1s en tu tienda en l\u00ednea\",\"publisher\":{\"@id\":\"https:\/\/compuviper.mx\/tienda\/#organization\"},\"potentialAction\":[{\"@type\":\"SearchAction\",\"target\":{\"@type\":\"EntryPoint\",\"urlTemplate\":\"https:\/\/compuviper.mx\/tienda\/?s={search_term_string}\"},\"query-input\":\"required name=search_term_string\"}],\"inLanguage\":\"es-MX\"},{\"@type\":\"Organization\",\"@id\":\"https:\/\/compuviper.mx\/tienda\/#organization\",\"name\":\"Compuviper\",\"url\":\"https:\/\/compuviper.mx\/tienda\/\",\"logo\":{\"@type\":\"ImageObject\",\"inLanguage\":\"es-MX\",\"@id\":\"https:\/\/compuviper.mx\/tienda\/#\/schema\/logo\/image\/\",\"url\":\"https:\/\/compuviper.mx\/tienda\/wp-content\/uploads\/2021\/08\/Logo-Compuviper-10.png\",\"contentUrl\":\"https:\/\/compuviper.mx\/tienda\/wp-content\/uploads\/2021\/08\/Logo-Compuviper-10.png\",\"width\":1000,\"height\":500,\"caption\":\"Compuviper\"},\"image\":{\"@id\":\"https:\/\/compuviper.mx\/tienda\/#\/schema\/logo\/image\/\"},\"sameAs\":[\"https:\/\/www.facebook.com\/compuviper\",\"https:\/\/www.youtube.com\/channel\/UCf73dERp9Y3cfOq7q8BhLjA?view_as=subscriber\"]}]}<\/script>\n<meta property=\"product:brand\" content=\"WD - WESTERN DIGITAL\" \/>\n<meta property=\"product:price:amount\" content=\"1639\" \/>\n<meta property=\"product:price:currency\" content=\"MXN\" \/>\n<meta property=\"og:availability\" content=\"out of stock\" \/>\n<meta property=\"product:availability\" content=\"out of stock\" \/>\n<meta property=\"product:retailer_item_id\" content=\"WD20EFPX\" \/>\n<meta property=\"product:condition\" content=\"new\" \/>\n<!-- \/ Yoast SEO plugin. -->","yoast_head_json":{"title":"[ Wd - Western Digital ] &#129351; Wd20efpx Disco Duro Interno Wd Red Plus 2tb 3.5 Escritorio Sata3 6gb\/s 64mb 5400rpm 24x7 Hotplug Nas 1-8 Bahias","description":"Compra Wd20efpx Disco Duro Interno Wd Red Plus 2tb 3.5 Escritorio Sata3 6gb\/s 64mb 5400rpm 24x7 Hotplug Nas 1-8 Bahias + Env\u00edo a domicilio + Pago seguro + Garant\u00eda","robots":{"index":"index","follow":"follow","max-snippet":"max-snippet:-1","max-image-preview":"max-image-preview:large","max-video-preview":"max-video-preview:-1"},"canonical":"https:\/\/compuviper.mx\/tienda\/producto\/wd-western-digital-wd20efpx-disco-duro-interno-wd-red-plus-2tb-3-5-escritorio-sata3-6gb-s-64mb-5400rpm-24x7-hotplug-nas-1-8-bahias\/","og_locale":"es_MX","og_type":"article","og_title":"[ Wd - Western Digital ] &#129351; Wd20efpx Disco Duro Interno Wd Red Plus 2tb 3.5 Escritorio Sata3 6gb\/s 64mb 5400rpm 24x7 Hotplug Nas 1-8 Bahias","og_description":"Compra Wd20efpx Disco Duro Interno Wd Red Plus 2tb 3.5 Escritorio Sata3 6gb\/s 64mb 5400rpm 24x7 Hotplug Nas 1-8 Bahias + Env\u00edo a domicilio + Pago seguro + Garant\u00eda","og_url":"https:\/\/compuviper.mx\/tienda\/producto\/wd-western-digital-wd20efpx-disco-duro-interno-wd-red-plus-2tb-3-5-escritorio-sata3-6gb-s-64mb-5400rpm-24x7-hotplug-nas-1-8-bahias\/","og_site_name":"Compuviper","article_publisher":"https:\/\/www.facebook.com\/compuviper","article_modified_time":"2026-04-07T06:37:03+00:00","og_image":[{"width":200,"height":200,"url":"https:\/\/compuviper.mx\/tienda\/wp-content\/uploads\/2026\/04\/Disco-duro-interno-wd-red-plus-2tb-3.5-escritorio-sata3-6gbs-64mb-5400rpm-24x7-hotplug-nas-1-8-bahias-wd20efpx.jpg","type":"image\/jpeg"}],"twitter_card":"summary_large_image","twitter_misc":{"Precio":"&#36;1,639 con IVA","Availability":"Out of stock"},"schema":{"@context":"https:\/\/schema.org","@graph":[{"@type":"WebPage","@id":"https:\/\/compuviper.mx\/tienda\/producto\/wd-western-digital-wd20efpx-disco-duro-interno-wd-red-plus-2tb-3-5-escritorio-sata3-6gb-s-64mb-5400rpm-24x7-hotplug-nas-1-8-bahias\/","url":"https:\/\/compuviper.mx\/tienda\/producto\/wd-western-digital-wd20efpx-disco-duro-interno-wd-red-plus-2tb-3-5-escritorio-sata3-6gb-s-64mb-5400rpm-24x7-hotplug-nas-1-8-bahias\/","name":"[ Wd - Western Digital ] &#129351; Wd20efpx Disco Duro Interno Wd Red Plus 2tb 3.5 Escritorio Sata3 6gb\/s 64mb 5400rpm 24x7 Hotplug Nas 1-8 Bahias","isPartOf":{"@id":"https:\/\/compuviper.mx\/tienda\/#website"},"datePublished":"2026-04-07T06:37:02+00:00","dateModified":"2026-04-07T06:37:03+00:00","description":"Compra Wd20efpx Disco Duro Interno Wd Red Plus 2tb 3.5 Escritorio Sata3 6gb\/s 64mb 5400rpm 24x7 Hotplug Nas 1-8 Bahias + Env\u00edo a domicilio + Pago seguro + Garant\u00eda","breadcrumb":{"@id":"https:\/\/compuviper.mx\/tienda\/producto\/wd-western-digital-wd20efpx-disco-duro-interno-wd-red-plus-2tb-3-5-escritorio-sata3-6gb-s-64mb-5400rpm-24x7-hotplug-nas-1-8-bahias\/#breadcrumb"},"inLanguage":"es-MX","potentialAction":[{"@type":"ReadAction","target":["https:\/\/compuviper.mx\/tienda\/producto\/wd-western-digital-wd20efpx-disco-duro-interno-wd-red-plus-2tb-3-5-escritorio-sata3-6gb-s-64mb-5400rpm-24x7-hotplug-nas-1-8-bahias\/"]}]},{"@type":"BreadcrumbList","@id":"https:\/\/compuviper.mx\/tienda\/producto\/wd-western-digital-wd20efpx-disco-duro-interno-wd-red-plus-2tb-3-5-escritorio-sata3-6gb-s-64mb-5400rpm-24x7-hotplug-nas-1-8-bahias\/#breadcrumb","itemListElement":[{"@type":"ListItem","position":1,"name":"Inicio","item":"https:\/\/compuviper.mx\/tienda\/"},{"@type":"ListItem","position":2,"name":"Productos","item":"https:\/\/compuviper.mx\/tienda\/productos\/"},{"@type":"ListItem","position":3,"name":"Discos Duros","item":"https:\/\/compuviper.mx\/tienda\/categoria-producto\/discos-duros\/"},{"@type":"ListItem","position":4,"name":"Disco Duro","item":"https:\/\/compuviper.mx\/tienda\/categoria-producto\/discos-duros\/disco-duro\/"},{"@type":"ListItem","position":5,"name":"Wd &#8211; Western Digital Wd20efpx Disco Duro Interno Wd Red Plus 2tb 3.5 Escritorio Sata3 6gb\/s 64mb 5400rpm 24&#215;7 Hotplug Nas 1-8 Bahias"}]},{"@type":"WebSite","@id":"https:\/\/compuviper.mx\/tienda\/#website","url":"https:\/\/compuviper.mx\/tienda\/","name":"Compuviper","description":"Proveedor de Computadoras, Laptops, Servidores, Monitores, Puntos de Venta, Teclados,   Impresoras, T\u00f3ner, C\u00e1maras de Seguridad y m\u00e1s en tu tienda en l\u00ednea","publisher":{"@id":"https:\/\/compuviper.mx\/tienda\/#organization"},"potentialAction":[{"@type":"SearchAction","target":{"@type":"EntryPoint","urlTemplate":"https:\/\/compuviper.mx\/tienda\/?s={search_term_string}"},"query-input":"required name=search_term_string"}],"inLanguage":"es-MX"},{"@type":"Organization","@id":"https:\/\/compuviper.mx\/tienda\/#organization","name":"Compuviper","url":"https:\/\/compuviper.mx\/tienda\/","logo":{"@type":"ImageObject","inLanguage":"es-MX","@id":"https:\/\/compuviper.mx\/tienda\/#\/schema\/logo\/image\/","url":"https:\/\/compuviper.mx\/tienda\/wp-content\/uploads\/2021\/08\/Logo-Compuviper-10.png","contentUrl":"https:\/\/compuviper.mx\/tienda\/wp-content\/uploads\/2021\/08\/Logo-Compuviper-10.png","width":1000,"height":500,"caption":"Compuviper"},"image":{"@id":"https:\/\/compuviper.mx\/tienda\/#\/schema\/logo\/image\/"},"sameAs":["https:\/\/www.facebook.com\/compuviper","https:\/\/www.youtube.com\/channel\/UCf73dERp9Y3cfOq7q8BhLjA?view_as=subscriber"]}]},"product_brand":"WD - WESTERN DIGITAL","product_price_amount":"1639","product_price_currency":"MXN","og_availability":"out of stock","product_availability":"out of stock","product_retailer_item_id":"WD20EFPX","product_condition":"new"},"_links":{"self":[{"href":"https:\/\/compuviper.mx\/tienda\/wp-json\/wp\/v2\/product\/268351"}],"collection":[{"href":"https:\/\/compuviper.mx\/tienda\/wp-json\/wp\/v2\/product"}],"about":[{"href":"https:\/\/compuviper.mx\/tienda\/wp-json\/wp\/v2\/types\/product"}],"replies":[{"embeddable":true,"href":"https:\/\/compuviper.mx\/tienda\/wp-json\/wp\/v2\/comments?post=268351"}],"wp:featuredmedia":[{"embeddable":true,"href":"https:\/\/compuviper.mx\/tienda\/wp-json\/wp\/v2\/media\/268352"}],"wp:attachment":[{"href":"https:\/\/compuviper.mx\/tienda\/wp-json\/wp\/v2\/media?parent=268351"}],"wp:term":[{"taxonomy":"product_cat","embeddable":true,"href":"https:\/\/compuviper.mx\/tienda\/wp-json\/wp\/v2\/product_cat?post=268351"},{"taxonomy":"product_tag","embeddable":true,"href":"https:\/\/compuviper.mx\/tienda\/wp-json\/wp\/v2\/product_tag?post=268351"}],"curies":[{"name":"wp","href":"https:\/\/api.w.org\/{rel}","templated":true}]}}