{"id":268341,"date":"2026-04-02T00:22:15","date_gmt":"2026-04-02T06:22:15","guid":{"rendered":"https:\/\/compuviper.mx\/tienda\/producto\/imou-ipc-ps3dn-3m0-camara-wifi-poe-ipc-s3en-3m0we-bullet-3mp-h-265-vision-nocturna-inteligente-led-ir-30m-detec-hum-vehic-mic-audio-bidireccional-12-v-cc-poe-ip67-micro-sd-h\/"},"modified":"2026-04-02T00:22:15","modified_gmt":"2026-04-02T06:22:15","slug":"imou-ipc-ps3dn-3m0-camara-wifi-poe-bullet-3mp-h-265-vision-nocturna-inteligente-led-ir-30m-detec-hum-vehic-mic-audio-bidireccional-12-v-cc-poe-ip67-micro-sd-hasta-512gb","status":"publish","type":"product","link":"https:\/\/compuviper.mx\/tienda\/producto\/imou-ipc-ps3dn-3m0-camara-wifi-poe-bullet-3mp-h-265-vision-nocturna-inteligente-led-ir-30m-detec-hum-vehic-mic-audio-bidireccional-12-v-cc-poe-ip67-micro-sd-hasta-512gb\/","title":{"rendered":"Imou Ipc-ps3dn-3m0 Camara  \/ Wifi \/ Poe \/  \/ Bullet 3mp \/ H.265 \/ Vision Nocturna Inteligente \/ Led\/ir 30m \/ Detec.hum\/vehic \/ Mic Audio Bidireccional \/ 12 V Cc\/poe \/ Ip67 \/ Micro Sd (hasta 512gb)"},"content":{"rendered":"<table class=\"descripcion\">\n<tr>\n<td>C\u00e1mara<\/td>\n<\/tr>\n<tr>\n<td>Cmos progresivo de 1\/3\u0094<\/td>\n<\/tr>\n<tr>\n<td>3mp (2304\u00d71296)<\/td>\n<\/tr>\n<tr>\n<td>Visi\u00f3n nocturna: 30 m (98 pies) de distancia<\/td>\n<\/tr>\n<tr>\n<td>Lente fija de 2,8\/3,6 mm f1.6<\/td>\n<\/tr>\n<tr>\n<td>2,8 mm:<\/td>\n<\/tr>\n<tr>\n<td>96\u00b0(h), 52\u00b0(v), 111\u00b0(d)<\/td>\n<\/tr>\n<tr>\n<td>3,6 mm:<\/td>\n<\/tr>\n<tr>\n<td>78\u00b0(h), 41\u00b0(v), 91\u00b0(d)<\/td>\n<\/tr>\n<tr>\n<td>V\u00eddeo y audio<\/td>\n<\/tr>\n<tr>\n<td>Compresi\u00f3n de v\u00eddeo: h.265\/h.264<\/td>\n<\/tr>\n<tr>\n<td>Velocidad de fotogramas de hasta 25\/30 fps<\/td>\n<\/tr>\n<tr>\n<td>Zoom digital 8x<\/td>\n<\/tr>\n<tr>\n<td>Micr\u00f3fono incorporado<\/td>\n<\/tr>\n<tr>\n<td>Foco incorporado<\/td>\n<\/tr>\n<tr>\n<td>Gesti\u00f3n de avisos<\/td>\n<\/tr>\n<tr>\n<td>Detecci\u00f3n de movimiento, detecci\u00f3n<\/td>\n<\/tr>\n<tr>\n<td>De personas,<\/td>\n<\/tr>\n<tr>\n<td>Detecci\u00f3n de veh\u00edculos<\/td>\n<\/tr>\n<tr>\n<td>Red<\/td>\n<\/tr>\n<tr>\n<td>Puerto ethernet: 1 puerto ethernet de 100 mbps<\/td>\n<\/tr>\n<tr>\n<td>Aplicaci\u00f3n imou: ios, android<\/td>\n<\/tr>\n<tr>\n<td>Interfaz auxiliar<\/td>\n<\/tr>\n<tr>\n<td>Ranura para tarjeta micro sd (hasta 512 gb)<\/td>\n<\/tr>\n<tr>\n<td>Bot\u00f3n de reinicio<\/td>\n<\/tr>\n<tr>\n<td>General<\/td>\n<\/tr>\n<tr>\n<td>Alimentaci\u00f3n: poe, cc 12v 1a<\/td>\n<\/tr>\n<tr>\n<td>Consumo de energ\u00eda:   6w<\/td>\n<\/tr>\n<tr>\n<td>Material: pl\u00e1stico<\/td>\n<\/tr>\n<tr>\n<td>Entorno de trabajo: -30\u00b0c~+60\u00b0c, menos del 95% hr<\/td>\n<\/tr>\n<tr>\n<td>Dimensiones (l \u00d7 an \u00d7 al):<\/td>\n<\/tr>\n<tr>\n<td>147,7 \u00d7 74,2 \u00d7 74,2 mm (5,8 \u00d7 2,9 \u00d7 2,9 pulgadas)<\/td>\n<\/tr>\n<tr>\n<td>Peso: 220 g<\/td>\n<\/tr>\n<tr>\n<td>Ce, onvif<\/td>\n<\/tr>\n<tr>\n<td>\u00bfqu\u00e9 hay en la caja?<\/td>\n<\/tr>\n<tr>\n<td>1 c\u00e1mara,<\/td>\n<\/tr>\n<tr>\n<td>1 juego de tornillos,<\/td>\n<\/tr>\n<tr>\n<td>1 gu\u00eda de inicio r\u00e1pido.<\/td>\n<\/tr>\n<tr>\n<td>1 conector impermeable,<\/td>\n<\/tr>\n<tr>\n<td>1 enchufe impermeable,<\/td>\n<\/tr>\n<tr>\n<td>1 mapa de posiciones de instalaci\u00f3n.<\/td>\n<\/tr>\n<\/table>\n","protected":false},"excerpt":{"rendered":"<p>La ps3d ofrece monitoreo en vivo de 3 mp con opci\u00f3n de lente de 2.8 mm\/3.6 mm. Admite cuatro modos de visi\u00f3n nocturna para una claridad impecable. Incluso en la oscuridad total. Con certificaci\u00f3n ip67, la c\u00e1mara puede usarse en exteriores bajo diferentes condiciones clim\u00e1ticas. Con foco integrado y. Sirena de seguridad de 110 db, mantiene a los visitantes no deseados alejados de sus objetos de valor. Tambi\u00e9n es compatible con el algoritmo de. Desarrollo propio (imou sense), que aumenta la precisi\u00f3n de la detecci\u00f3n de personas y veh\u00edculos.<\/p>\n","protected":false},"featured_media":0,"comment_status":"open","ping_status":"open","template":"","meta":[],"product_cat":[1681,1608],"product_tag":[2118],"acf":[],"yoast_head":"<!-- This site is optimized with the Yoast SEO plugin v21.7 - https:\/\/yoast.com\/wordpress\/plugins\/seo\/ -->\n<title>[ Imou ] &#129351; Ipc-ps3dn-3m0 Camara \/ Wifi \/ Poe \/ \/ Bullet 3mp \/ H.265 \/ Vision Nocturna Inteligente \/ Led\/ir 30m \/ Detec.hum\/vehic \/ Mic Audio Bidireccional \/ 12 V Cc\/poe \/ Ip67 \/ Micro Sd (hasta 512gb)<\/title>\n<meta name=\"description\" content=\"Compra Ipc-ps3dn-3m0 Camara \/ Wifi \/ Poe \/ \/ Bullet 3mp \/ H.265 \/ Vision Nocturna Inteligente \/ Led\/ir 30m \/ Detec.hum\/vehic \/ Mic Audio Bidireccional \/ 12 V Cc\/poe \/ Ip67 \/ Micro Sd (hasta 512gb) + Env\u00edo a domicilio + Pago seguro + Garant\u00eda\" \/>\n<meta name=\"robots\" content=\"index, follow, max-snippet:-1, max-image-preview:large, max-video-preview:-1\" \/>\n<link rel=\"canonical\" href=\"https:\/\/compuviper.mx\/tienda\/producto\/imou-ipc-ps3dn-3m0-camara-wifi-poe-bullet-3mp-h-265-vision-nocturna-inteligente-led-ir-30m-detec-hum-vehic-mic-audio-bidireccional-12-v-cc-poe-ip67-micro-sd-hasta-512gb\/\" \/>\n<meta property=\"og:locale\" content=\"es_MX\" \/>\n<meta property=\"og:type\" content=\"article\" \/>\n<meta property=\"og:title\" content=\"[ Imou ] &#129351; Ipc-ps3dn-3m0 Camara \/ Wifi \/ Poe \/ \/ Bullet 3mp \/ H.265 \/ Vision Nocturna Inteligente \/ Led\/ir 30m \/ Detec.hum\/vehic \/ Mic Audio Bidireccional \/ 12 V Cc\/poe \/ Ip67 \/ Micro Sd (hasta 512gb)\" \/>\n<meta property=\"og:description\" content=\"Compra Ipc-ps3dn-3m0 Camara \/ Wifi \/ Poe \/ \/ Bullet 3mp \/ H.265 \/ Vision Nocturna Inteligente \/ Led\/ir 30m \/ Detec.hum\/vehic \/ Mic Audio Bidireccional \/ 12 V Cc\/poe \/ Ip67 \/ Micro Sd (hasta 512gb) + Env\u00edo a domicilio + Pago seguro + Garant\u00eda\" \/>\n<meta property=\"og:url\" content=\"https:\/\/compuviper.mx\/tienda\/producto\/imou-ipc-ps3dn-3m0-camara-wifi-poe-bullet-3mp-h-265-vision-nocturna-inteligente-led-ir-30m-detec-hum-vehic-mic-audio-bidireccional-12-v-cc-poe-ip67-micro-sd-hasta-512gb\/\" \/>\n<meta property=\"og:site_name\" content=\"Compuviper\" \/>\n<meta property=\"article:publisher\" content=\"https:\/\/www.facebook.com\/compuviper\" \/>\n<meta name=\"twitter:card\" content=\"summary_large_image\" \/>\n<meta name=\"twitter:label1\" content=\"Precio\" \/>\n\t<meta name=\"twitter:data1\" content=\"&#36;456 con IVA\" \/>\n\t<meta name=\"twitter:label2\" content=\"Availability\" \/>\n\t<meta name=\"twitter:data2\" content=\"Out of stock\" \/>\n<script type=\"application\/ld+json\" class=\"yoast-schema-graph\">{\"@context\":\"https:\/\/schema.org\",\"@graph\":[{\"@type\":\"WebPage\",\"@id\":\"https:\/\/compuviper.mx\/tienda\/producto\/imou-ipc-ps3dn-3m0-camara-wifi-poe-bullet-3mp-h-265-vision-nocturna-inteligente-led-ir-30m-detec-hum-vehic-mic-audio-bidireccional-12-v-cc-poe-ip67-micro-sd-hasta-512gb\/\",\"url\":\"https:\/\/compuviper.mx\/tienda\/producto\/imou-ipc-ps3dn-3m0-camara-wifi-poe-bullet-3mp-h-265-vision-nocturna-inteligente-led-ir-30m-detec-hum-vehic-mic-audio-bidireccional-12-v-cc-poe-ip67-micro-sd-hasta-512gb\/\",\"name\":\"[ Imou ] &#129351; Ipc-ps3dn-3m0 Camara \/ Wifi \/ Poe \/ \/ Bullet 3mp \/ H.265 \/ Vision Nocturna Inteligente \/ Led\/ir 30m \/ Detec.hum\/vehic \/ Mic Audio Bidireccional \/ 12 V Cc\/poe \/ Ip67 \/ Micro Sd (hasta 512gb)\",\"isPartOf\":{\"@id\":\"https:\/\/compuviper.mx\/tienda\/#website\"},\"datePublished\":\"2026-04-02T06:22:15+00:00\",\"dateModified\":\"2026-04-02T06:22:15+00:00\",\"description\":\"Compra Ipc-ps3dn-3m0 Camara \/ Wifi \/ Poe \/ \/ Bullet 3mp \/ H.265 \/ Vision Nocturna Inteligente \/ Led\/ir 30m \/ Detec.hum\/vehic \/ Mic Audio Bidireccional \/ 12 V Cc\/poe \/ Ip67 \/ Micro Sd (hasta 512gb) + Env\u00edo a domicilio + Pago seguro + Garant\u00eda\",\"breadcrumb\":{\"@id\":\"https:\/\/compuviper.mx\/tienda\/producto\/imou-ipc-ps3dn-3m0-camara-wifi-poe-bullet-3mp-h-265-vision-nocturna-inteligente-led-ir-30m-detec-hum-vehic-mic-audio-bidireccional-12-v-cc-poe-ip67-micro-sd-hasta-512gb\/#breadcrumb\"},\"inLanguage\":\"es-MX\",\"potentialAction\":[{\"@type\":\"ReadAction\",\"target\":[\"https:\/\/compuviper.mx\/tienda\/producto\/imou-ipc-ps3dn-3m0-camara-wifi-poe-bullet-3mp-h-265-vision-nocturna-inteligente-led-ir-30m-detec-hum-vehic-mic-audio-bidireccional-12-v-cc-poe-ip67-micro-sd-hasta-512gb\/\"]}]},{\"@type\":\"BreadcrumbList\",\"@id\":\"https:\/\/compuviper.mx\/tienda\/producto\/imou-ipc-ps3dn-3m0-camara-wifi-poe-bullet-3mp-h-265-vision-nocturna-inteligente-led-ir-30m-detec-hum-vehic-mic-audio-bidireccional-12-v-cc-poe-ip67-micro-sd-hasta-512gb\/#breadcrumb\",\"itemListElement\":[{\"@type\":\"ListItem\",\"position\":1,\"name\":\"Inicio\",\"item\":\"https:\/\/compuviper.mx\/tienda\/\"},{\"@type\":\"ListItem\",\"position\":2,\"name\":\"Productos\",\"item\":\"https:\/\/compuviper.mx\/tienda\/productos\/\"},{\"@type\":\"ListItem\",\"position\":3,\"name\":\"Camaras\",\"item\":\"https:\/\/compuviper.mx\/tienda\/categoria-producto\/camaras-2\/\"},{\"@type\":\"ListItem\",\"position\":4,\"name\":\"Camara De Videovigilancia\",\"item\":\"https:\/\/compuviper.mx\/tienda\/categoria-producto\/camaras-2\/camara-de-videovigilancia\/\"},{\"@type\":\"ListItem\",\"position\":5,\"name\":\"Imou Ipc-ps3dn-3m0 Camara \/ Wifi \/ Poe \/ \/ Bullet 3mp \/ H.265 \/ Vision Nocturna Inteligente \/ Led\/ir 30m \/ Detec.hum\/vehic \/ Mic Audio Bidireccional \/ 12 V Cc\/poe \/ Ip67 \/ Micro Sd (hasta 512gb)\"}]},{\"@type\":\"WebSite\",\"@id\":\"https:\/\/compuviper.mx\/tienda\/#website\",\"url\":\"https:\/\/compuviper.mx\/tienda\/\",\"name\":\"Compuviper\",\"description\":\"Proveedor de Computadoras, Laptops, Servidores, Monitores, Puntos de Venta, Teclados,   Impresoras, T\u00f3ner, C\u00e1maras de Seguridad y m\u00e1s en tu tienda en l\u00ednea\",\"publisher\":{\"@id\":\"https:\/\/compuviper.mx\/tienda\/#organization\"},\"potentialAction\":[{\"@type\":\"SearchAction\",\"target\":{\"@type\":\"EntryPoint\",\"urlTemplate\":\"https:\/\/compuviper.mx\/tienda\/?s={search_term_string}\"},\"query-input\":\"required name=search_term_string\"}],\"inLanguage\":\"es-MX\"},{\"@type\":\"Organization\",\"@id\":\"https:\/\/compuviper.mx\/tienda\/#organization\",\"name\":\"Compuviper\",\"url\":\"https:\/\/compuviper.mx\/tienda\/\",\"logo\":{\"@type\":\"ImageObject\",\"inLanguage\":\"es-MX\",\"@id\":\"https:\/\/compuviper.mx\/tienda\/#\/schema\/logo\/image\/\",\"url\":\"https:\/\/compuviper.mx\/tienda\/wp-content\/uploads\/2021\/08\/Logo-Compuviper-10.png\",\"contentUrl\":\"https:\/\/compuviper.mx\/tienda\/wp-content\/uploads\/2021\/08\/Logo-Compuviper-10.png\",\"width\":1000,\"height\":500,\"caption\":\"Compuviper\"},\"image\":{\"@id\":\"https:\/\/compuviper.mx\/tienda\/#\/schema\/logo\/image\/\"},\"sameAs\":[\"https:\/\/www.facebook.com\/compuviper\",\"https:\/\/www.youtube.com\/channel\/UCf73dERp9Y3cfOq7q8BhLjA?view_as=subscriber\"]}]}<\/script>\n<meta property=\"product:brand\" content=\"Imou\" \/>\n<meta property=\"product:price:amount\" content=\"456\" \/>\n<meta property=\"product:price:currency\" content=\"MXN\" \/>\n<meta property=\"og:availability\" content=\"out of stock\" \/>\n<meta property=\"product:availability\" content=\"out of stock\" \/>\n<meta property=\"product:retailer_item_id\" content=\"IPC-PS3DN-3M0\" \/>\n<meta property=\"product:condition\" content=\"new\" \/>\n<!-- \/ Yoast SEO plugin. -->","yoast_head_json":{"title":"[ Imou ] &#129351; Ipc-ps3dn-3m0 Camara \/ Wifi \/ Poe \/ \/ Bullet 3mp \/ H.265 \/ Vision Nocturna Inteligente \/ Led\/ir 30m \/ Detec.hum\/vehic \/ Mic Audio Bidireccional \/ 12 V Cc\/poe \/ Ip67 \/ Micro Sd (hasta 512gb)","description":"Compra Ipc-ps3dn-3m0 Camara \/ Wifi \/ Poe \/ \/ Bullet 3mp \/ H.265 \/ Vision Nocturna Inteligente \/ Led\/ir 30m \/ Detec.hum\/vehic \/ Mic Audio Bidireccional \/ 12 V Cc\/poe \/ Ip67 \/ Micro Sd (hasta 512gb) + Env\u00edo a domicilio + Pago seguro + Garant\u00eda","robots":{"index":"index","follow":"follow","max-snippet":"max-snippet:-1","max-image-preview":"max-image-preview:large","max-video-preview":"max-video-preview:-1"},"canonical":"https:\/\/compuviper.mx\/tienda\/producto\/imou-ipc-ps3dn-3m0-camara-wifi-poe-bullet-3mp-h-265-vision-nocturna-inteligente-led-ir-30m-detec-hum-vehic-mic-audio-bidireccional-12-v-cc-poe-ip67-micro-sd-hasta-512gb\/","og_locale":"es_MX","og_type":"article","og_title":"[ Imou ] &#129351; Ipc-ps3dn-3m0 Camara \/ Wifi \/ Poe \/ \/ Bullet 3mp \/ H.265 \/ Vision Nocturna Inteligente \/ Led\/ir 30m \/ Detec.hum\/vehic \/ Mic Audio Bidireccional \/ 12 V Cc\/poe \/ Ip67 \/ Micro Sd (hasta 512gb)","og_description":"Compra Ipc-ps3dn-3m0 Camara \/ Wifi \/ Poe \/ \/ Bullet 3mp \/ H.265 \/ Vision Nocturna Inteligente \/ Led\/ir 30m \/ Detec.hum\/vehic \/ Mic Audio Bidireccional \/ 12 V Cc\/poe \/ Ip67 \/ Micro Sd (hasta 512gb) + Env\u00edo a domicilio + Pago seguro + Garant\u00eda","og_url":"https:\/\/compuviper.mx\/tienda\/producto\/imou-ipc-ps3dn-3m0-camara-wifi-poe-bullet-3mp-h-265-vision-nocturna-inteligente-led-ir-30m-detec-hum-vehic-mic-audio-bidireccional-12-v-cc-poe-ip67-micro-sd-hasta-512gb\/","og_site_name":"Compuviper","article_publisher":"https:\/\/www.facebook.com\/compuviper","twitter_card":"summary_large_image","twitter_misc":{"Precio":"&#36;456 con IVA","Availability":"Out of stock"},"schema":{"@context":"https:\/\/schema.org","@graph":[{"@type":"WebPage","@id":"https:\/\/compuviper.mx\/tienda\/producto\/imou-ipc-ps3dn-3m0-camara-wifi-poe-bullet-3mp-h-265-vision-nocturna-inteligente-led-ir-30m-detec-hum-vehic-mic-audio-bidireccional-12-v-cc-poe-ip67-micro-sd-hasta-512gb\/","url":"https:\/\/compuviper.mx\/tienda\/producto\/imou-ipc-ps3dn-3m0-camara-wifi-poe-bullet-3mp-h-265-vision-nocturna-inteligente-led-ir-30m-detec-hum-vehic-mic-audio-bidireccional-12-v-cc-poe-ip67-micro-sd-hasta-512gb\/","name":"[ Imou ] &#129351; Ipc-ps3dn-3m0 Camara \/ Wifi \/ Poe \/ \/ Bullet 3mp \/ H.265 \/ Vision Nocturna Inteligente \/ Led\/ir 30m \/ Detec.hum\/vehic \/ Mic Audio Bidireccional \/ 12 V Cc\/poe \/ Ip67 \/ Micro Sd (hasta 512gb)","isPartOf":{"@id":"https:\/\/compuviper.mx\/tienda\/#website"},"datePublished":"2026-04-02T06:22:15+00:00","dateModified":"2026-04-02T06:22:15+00:00","description":"Compra Ipc-ps3dn-3m0 Camara \/ Wifi \/ Poe \/ \/ Bullet 3mp \/ H.265 \/ Vision Nocturna Inteligente \/ Led\/ir 30m \/ Detec.hum\/vehic \/ Mic Audio Bidireccional \/ 12 V Cc\/poe \/ Ip67 \/ Micro Sd (hasta 512gb) + Env\u00edo a domicilio + Pago seguro + Garant\u00eda","breadcrumb":{"@id":"https:\/\/compuviper.mx\/tienda\/producto\/imou-ipc-ps3dn-3m0-camara-wifi-poe-bullet-3mp-h-265-vision-nocturna-inteligente-led-ir-30m-detec-hum-vehic-mic-audio-bidireccional-12-v-cc-poe-ip67-micro-sd-hasta-512gb\/#breadcrumb"},"inLanguage":"es-MX","potentialAction":[{"@type":"ReadAction","target":["https:\/\/compuviper.mx\/tienda\/producto\/imou-ipc-ps3dn-3m0-camara-wifi-poe-bullet-3mp-h-265-vision-nocturna-inteligente-led-ir-30m-detec-hum-vehic-mic-audio-bidireccional-12-v-cc-poe-ip67-micro-sd-hasta-512gb\/"]}]},{"@type":"BreadcrumbList","@id":"https:\/\/compuviper.mx\/tienda\/producto\/imou-ipc-ps3dn-3m0-camara-wifi-poe-bullet-3mp-h-265-vision-nocturna-inteligente-led-ir-30m-detec-hum-vehic-mic-audio-bidireccional-12-v-cc-poe-ip67-micro-sd-hasta-512gb\/#breadcrumb","itemListElement":[{"@type":"ListItem","position":1,"name":"Inicio","item":"https:\/\/compuviper.mx\/tienda\/"},{"@type":"ListItem","position":2,"name":"Productos","item":"https:\/\/compuviper.mx\/tienda\/productos\/"},{"@type":"ListItem","position":3,"name":"Camaras","item":"https:\/\/compuviper.mx\/tienda\/categoria-producto\/camaras-2\/"},{"@type":"ListItem","position":4,"name":"Camara De Videovigilancia","item":"https:\/\/compuviper.mx\/tienda\/categoria-producto\/camaras-2\/camara-de-videovigilancia\/"},{"@type":"ListItem","position":5,"name":"Imou Ipc-ps3dn-3m0 Camara \/ Wifi \/ Poe \/ \/ Bullet 3mp \/ H.265 \/ Vision Nocturna Inteligente \/ Led\/ir 30m \/ Detec.hum\/vehic \/ Mic Audio Bidireccional \/ 12 V Cc\/poe \/ Ip67 \/ Micro Sd (hasta 512gb)"}]},{"@type":"WebSite","@id":"https:\/\/compuviper.mx\/tienda\/#website","url":"https:\/\/compuviper.mx\/tienda\/","name":"Compuviper","description":"Proveedor de Computadoras, Laptops, Servidores, Monitores, Puntos de Venta, Teclados,   Impresoras, T\u00f3ner, C\u00e1maras de Seguridad y m\u00e1s en tu tienda en l\u00ednea","publisher":{"@id":"https:\/\/compuviper.mx\/tienda\/#organization"},"potentialAction":[{"@type":"SearchAction","target":{"@type":"EntryPoint","urlTemplate":"https:\/\/compuviper.mx\/tienda\/?s={search_term_string}"},"query-input":"required name=search_term_string"}],"inLanguage":"es-MX"},{"@type":"Organization","@id":"https:\/\/compuviper.mx\/tienda\/#organization","name":"Compuviper","url":"https:\/\/compuviper.mx\/tienda\/","logo":{"@type":"ImageObject","inLanguage":"es-MX","@id":"https:\/\/compuviper.mx\/tienda\/#\/schema\/logo\/image\/","url":"https:\/\/compuviper.mx\/tienda\/wp-content\/uploads\/2021\/08\/Logo-Compuviper-10.png","contentUrl":"https:\/\/compuviper.mx\/tienda\/wp-content\/uploads\/2021\/08\/Logo-Compuviper-10.png","width":1000,"height":500,"caption":"Compuviper"},"image":{"@id":"https:\/\/compuviper.mx\/tienda\/#\/schema\/logo\/image\/"},"sameAs":["https:\/\/www.facebook.com\/compuviper","https:\/\/www.youtube.com\/channel\/UCf73dERp9Y3cfOq7q8BhLjA?view_as=subscriber"]}]},"product_brand":"Imou","product_price_amount":"456","product_price_currency":"MXN","og_availability":"out of stock","product_availability":"out of stock","product_retailer_item_id":"IPC-PS3DN-3M0","product_condition":"new"},"_links":{"self":[{"href":"https:\/\/compuviper.mx\/tienda\/wp-json\/wp\/v2\/product\/268341"}],"collection":[{"href":"https:\/\/compuviper.mx\/tienda\/wp-json\/wp\/v2\/product"}],"about":[{"href":"https:\/\/compuviper.mx\/tienda\/wp-json\/wp\/v2\/types\/product"}],"replies":[{"embeddable":true,"href":"https:\/\/compuviper.mx\/tienda\/wp-json\/wp\/v2\/comments?post=268341"}],"wp:attachment":[{"href":"https:\/\/compuviper.mx\/tienda\/wp-json\/wp\/v2\/media?parent=268341"}],"wp:term":[{"taxonomy":"product_cat","embeddable":true,"href":"https:\/\/compuviper.mx\/tienda\/wp-json\/wp\/v2\/product_cat?post=268341"},{"taxonomy":"product_tag","embeddable":true,"href":"https:\/\/compuviper.mx\/tienda\/wp-json\/wp\/v2\/product_tag?post=268341"}],"curies":[{"name":"wp","href":"https:\/\/api.w.org\/{rel}","templated":true}]}}