{"id":268334,"date":"2026-05-09T02:21:03","date_gmt":"2026-05-09T08:21:03","guid":{"rendered":"https:\/\/compuviper.mx\/tienda\/producto\/dell-3000200549107-1-tarjeta-de-video-nvidia-l4-24gb-gpu-power-cable-kit-72w\/"},"modified":"2026-05-09T02:21:03","modified_gmt":"2026-05-09T08:21:03","slug":"dell-3000200549107-1-tarjeta-de-video-nvidia-l4-24gb-gpu-power-cable-kit-72w","status":"publish","type":"product","link":"https:\/\/compuviper.mx\/tienda\/producto\/dell-3000200549107-1-tarjeta-de-video-nvidia-l4-24gb-gpu-power-cable-kit-72w\/","title":{"rendered":"Dell 3000200549107.1 Tarjeta De Video Nvidia L4 \/ 24gb \/ Gpu Power Cable Kit \/ 72w"},"content":{"rendered":"<table class=\"descripcion\">\n<tr>\n<td>Nvidia l4, pcie, 72 w, 24 gb pasivos, gpu de altura completa y anchura \u00fanica, instalaci\u00f3n por parte del cliente<\/td>\n<\/tr>\n<tr>\n<td>Kit de cable de alimentaci\u00f3n para gpu, instalaci\u00f3n por parte del cliente, v2 h++<\/td>\n<\/tr>\n<\/table>\n","protected":false},"excerpt":{"rendered":"<p>Nvidia l4, pcie, 72 w, 24 gb pasivos, gpu de altura completa y anchura \u00fanica, instalaci\u00f3n por parte del cliente Kit de cable de alimentaci\u00f3n para gpu, instalaci\u00f3n por parte del cliente, v2 h++<\/p>\n","protected":false},"featured_media":0,"comment_status":"open","ping_status":"open","template":"","meta":[],"product_cat":[1841,1842],"product_tag":[1537],"acf":[],"yoast_head":"<!-- This site is optimized with the Yoast SEO plugin v21.7 - https:\/\/yoast.com\/wordpress\/plugins\/seo\/ -->\n<title>[ Dell ] &#129351; 3000200549107.1 Tarjeta De Video Nvidia L4 \/ 24gb \/ Gpu Power Cable Kit \/ 72w<\/title>\n<meta name=\"description\" content=\"Compra 3000200549107.1 Tarjeta De Video Nvidia L4 \/ 24gb \/ Gpu Power Cable Kit \/ 72w + Env\u00edo a domicilio + Pago seguro + Garant\u00eda\" \/>\n<meta name=\"robots\" content=\"index, follow, max-snippet:-1, max-image-preview:large, max-video-preview:-1\" \/>\n<link rel=\"canonical\" href=\"https:\/\/compuviper.mx\/tienda\/producto\/dell-3000200549107-1-tarjeta-de-video-nvidia-l4-24gb-gpu-power-cable-kit-72w\/\" \/>\n<meta property=\"og:locale\" content=\"es_MX\" \/>\n<meta property=\"og:type\" content=\"article\" \/>\n<meta property=\"og:title\" content=\"[ Dell ] &#129351; 3000200549107.1 Tarjeta De Video Nvidia L4 \/ 24gb \/ Gpu Power Cable Kit \/ 72w\" \/>\n<meta property=\"og:description\" content=\"Compra 3000200549107.1 Tarjeta De Video Nvidia L4 \/ 24gb \/ Gpu Power Cable Kit \/ 72w + Env\u00edo a domicilio + Pago seguro + Garant\u00eda\" \/>\n<meta property=\"og:url\" content=\"https:\/\/compuviper.mx\/tienda\/producto\/dell-3000200549107-1-tarjeta-de-video-nvidia-l4-24gb-gpu-power-cable-kit-72w\/\" \/>\n<meta property=\"og:site_name\" content=\"Compuviper\" \/>\n<meta property=\"article:publisher\" content=\"https:\/\/www.facebook.com\/compuviper\" \/>\n<meta name=\"twitter:card\" content=\"summary_large_image\" \/>\n<meta name=\"twitter:label1\" content=\"Precio\" \/>\n\t<meta name=\"twitter:data1\" content=\"&#36;112,499 con IVA\" \/>\n\t<meta name=\"twitter:label2\" content=\"Availability\" \/>\n\t<meta name=\"twitter:data2\" content=\"On backorder\" \/>\n<script type=\"application\/ld+json\" class=\"yoast-schema-graph\">{\"@context\":\"https:\/\/schema.org\",\"@graph\":[{\"@type\":\"WebPage\",\"@id\":\"https:\/\/compuviper.mx\/tienda\/producto\/dell-3000200549107-1-tarjeta-de-video-nvidia-l4-24gb-gpu-power-cable-kit-72w\/\",\"url\":\"https:\/\/compuviper.mx\/tienda\/producto\/dell-3000200549107-1-tarjeta-de-video-nvidia-l4-24gb-gpu-power-cable-kit-72w\/\",\"name\":\"[ Dell ] &#129351; 3000200549107.1 Tarjeta De Video Nvidia L4 \/ 24gb \/ Gpu Power Cable Kit \/ 72w\",\"isPartOf\":{\"@id\":\"https:\/\/compuviper.mx\/tienda\/#website\"},\"datePublished\":\"2026-05-09T08:21:03+00:00\",\"dateModified\":\"2026-05-09T08:21:03+00:00\",\"description\":\"Compra 3000200549107.1 Tarjeta De Video Nvidia L4 \/ 24gb \/ Gpu Power Cable Kit \/ 72w + Env\u00edo a domicilio + Pago seguro + Garant\u00eda\",\"breadcrumb\":{\"@id\":\"https:\/\/compuviper.mx\/tienda\/producto\/dell-3000200549107-1-tarjeta-de-video-nvidia-l4-24gb-gpu-power-cable-kit-72w\/#breadcrumb\"},\"inLanguage\":\"es-MX\",\"potentialAction\":[{\"@type\":\"ReadAction\",\"target\":[\"https:\/\/compuviper.mx\/tienda\/producto\/dell-3000200549107-1-tarjeta-de-video-nvidia-l4-24gb-gpu-power-cable-kit-72w\/\"]}]},{\"@type\":\"BreadcrumbList\",\"@id\":\"https:\/\/compuviper.mx\/tienda\/producto\/dell-3000200549107-1-tarjeta-de-video-nvidia-l4-24gb-gpu-power-cable-kit-72w\/#breadcrumb\",\"itemListElement\":[{\"@type\":\"ListItem\",\"position\":1,\"name\":\"Inicio\",\"item\":\"https:\/\/compuviper.mx\/tienda\/\"},{\"@type\":\"ListItem\",\"position\":2,\"name\":\"Productos\",\"item\":\"https:\/\/compuviper.mx\/tienda\/productos\/\"},{\"@type\":\"ListItem\",\"position\":3,\"name\":\"Video\",\"item\":\"https:\/\/compuviper.mx\/tienda\/categoria-producto\/video\/\"},{\"@type\":\"ListItem\",\"position\":4,\"name\":\"Video\",\"item\":\"https:\/\/compuviper.mx\/tienda\/categoria-producto\/video\/video-video\/\"},{\"@type\":\"ListItem\",\"position\":5,\"name\":\"Dell 3000200549107.1 Tarjeta De Video Nvidia L4 \/ 24gb \/ Gpu Power Cable Kit \/ 72w\"}]},{\"@type\":\"WebSite\",\"@id\":\"https:\/\/compuviper.mx\/tienda\/#website\",\"url\":\"https:\/\/compuviper.mx\/tienda\/\",\"name\":\"Compuviper\",\"description\":\"Proveedor de Computadoras, Laptops, Servidores, Monitores, Puntos de Venta, Teclados,   Impresoras, T\u00f3ner, C\u00e1maras de Seguridad y m\u00e1s en tu tienda en l\u00ednea\",\"publisher\":{\"@id\":\"https:\/\/compuviper.mx\/tienda\/#organization\"},\"potentialAction\":[{\"@type\":\"SearchAction\",\"target\":{\"@type\":\"EntryPoint\",\"urlTemplate\":\"https:\/\/compuviper.mx\/tienda\/?s={search_term_string}\"},\"query-input\":\"required name=search_term_string\"}],\"inLanguage\":\"es-MX\"},{\"@type\":\"Organization\",\"@id\":\"https:\/\/compuviper.mx\/tienda\/#organization\",\"name\":\"Compuviper\",\"url\":\"https:\/\/compuviper.mx\/tienda\/\",\"logo\":{\"@type\":\"ImageObject\",\"inLanguage\":\"es-MX\",\"@id\":\"https:\/\/compuviper.mx\/tienda\/#\/schema\/logo\/image\/\",\"url\":\"https:\/\/compuviper.mx\/tienda\/wp-content\/uploads\/2021\/08\/Logo-Compuviper-10.png\",\"contentUrl\":\"https:\/\/compuviper.mx\/tienda\/wp-content\/uploads\/2021\/08\/Logo-Compuviper-10.png\",\"width\":1000,\"height\":500,\"caption\":\"Compuviper\"},\"image\":{\"@id\":\"https:\/\/compuviper.mx\/tienda\/#\/schema\/logo\/image\/\"},\"sameAs\":[\"https:\/\/www.facebook.com\/compuviper\",\"https:\/\/www.youtube.com\/channel\/UCf73dERp9Y3cfOq7q8BhLjA?view_as=subscriber\"]}]}<\/script>\n<meta property=\"product:brand\" content=\"DELL\" \/>\n<meta property=\"product:price:amount\" content=\"112499\" \/>\n<meta property=\"product:price:currency\" content=\"MXN\" \/>\n<meta property=\"og:availability\" content=\"backorder\" \/>\n<meta property=\"product:availability\" content=\"available for order\" \/>\n<meta property=\"product:retailer_item_id\" content=\"3000200549107.1\" \/>\n<meta property=\"product:condition\" content=\"new\" \/>\n<!-- \/ Yoast SEO plugin. -->","yoast_head_json":{"title":"[ Dell ] &#129351; 3000200549107.1 Tarjeta De Video Nvidia L4 \/ 24gb \/ Gpu Power Cable Kit \/ 72w","description":"Compra 3000200549107.1 Tarjeta De Video Nvidia L4 \/ 24gb \/ Gpu Power Cable Kit \/ 72w + Env\u00edo a domicilio + Pago seguro + Garant\u00eda","robots":{"index":"index","follow":"follow","max-snippet":"max-snippet:-1","max-image-preview":"max-image-preview:large","max-video-preview":"max-video-preview:-1"},"canonical":"https:\/\/compuviper.mx\/tienda\/producto\/dell-3000200549107-1-tarjeta-de-video-nvidia-l4-24gb-gpu-power-cable-kit-72w\/","og_locale":"es_MX","og_type":"article","og_title":"[ Dell ] &#129351; 3000200549107.1 Tarjeta De Video Nvidia L4 \/ 24gb \/ Gpu Power Cable Kit \/ 72w","og_description":"Compra 3000200549107.1 Tarjeta De Video Nvidia L4 \/ 24gb \/ Gpu Power Cable Kit \/ 72w + Env\u00edo a domicilio + Pago seguro + Garant\u00eda","og_url":"https:\/\/compuviper.mx\/tienda\/producto\/dell-3000200549107-1-tarjeta-de-video-nvidia-l4-24gb-gpu-power-cable-kit-72w\/","og_site_name":"Compuviper","article_publisher":"https:\/\/www.facebook.com\/compuviper","twitter_card":"summary_large_image","twitter_misc":{"Precio":"&#36;112,499 con IVA","Availability":"On backorder"},"schema":{"@context":"https:\/\/schema.org","@graph":[{"@type":"WebPage","@id":"https:\/\/compuviper.mx\/tienda\/producto\/dell-3000200549107-1-tarjeta-de-video-nvidia-l4-24gb-gpu-power-cable-kit-72w\/","url":"https:\/\/compuviper.mx\/tienda\/producto\/dell-3000200549107-1-tarjeta-de-video-nvidia-l4-24gb-gpu-power-cable-kit-72w\/","name":"[ Dell ] &#129351; 3000200549107.1 Tarjeta De Video Nvidia L4 \/ 24gb \/ Gpu Power Cable Kit \/ 72w","isPartOf":{"@id":"https:\/\/compuviper.mx\/tienda\/#website"},"datePublished":"2026-05-09T08:21:03+00:00","dateModified":"2026-05-09T08:21:03+00:00","description":"Compra 3000200549107.1 Tarjeta De Video Nvidia L4 \/ 24gb \/ Gpu Power Cable Kit \/ 72w + Env\u00edo a domicilio + Pago seguro + Garant\u00eda","breadcrumb":{"@id":"https:\/\/compuviper.mx\/tienda\/producto\/dell-3000200549107-1-tarjeta-de-video-nvidia-l4-24gb-gpu-power-cable-kit-72w\/#breadcrumb"},"inLanguage":"es-MX","potentialAction":[{"@type":"ReadAction","target":["https:\/\/compuviper.mx\/tienda\/producto\/dell-3000200549107-1-tarjeta-de-video-nvidia-l4-24gb-gpu-power-cable-kit-72w\/"]}]},{"@type":"BreadcrumbList","@id":"https:\/\/compuviper.mx\/tienda\/producto\/dell-3000200549107-1-tarjeta-de-video-nvidia-l4-24gb-gpu-power-cable-kit-72w\/#breadcrumb","itemListElement":[{"@type":"ListItem","position":1,"name":"Inicio","item":"https:\/\/compuviper.mx\/tienda\/"},{"@type":"ListItem","position":2,"name":"Productos","item":"https:\/\/compuviper.mx\/tienda\/productos\/"},{"@type":"ListItem","position":3,"name":"Video","item":"https:\/\/compuviper.mx\/tienda\/categoria-producto\/video\/"},{"@type":"ListItem","position":4,"name":"Video","item":"https:\/\/compuviper.mx\/tienda\/categoria-producto\/video\/video-video\/"},{"@type":"ListItem","position":5,"name":"Dell 3000200549107.1 Tarjeta De Video Nvidia L4 \/ 24gb \/ Gpu Power Cable Kit \/ 72w"}]},{"@type":"WebSite","@id":"https:\/\/compuviper.mx\/tienda\/#website","url":"https:\/\/compuviper.mx\/tienda\/","name":"Compuviper","description":"Proveedor de Computadoras, Laptops, Servidores, Monitores, Puntos de Venta, Teclados,   Impresoras, T\u00f3ner, C\u00e1maras de Seguridad y m\u00e1s en tu tienda en l\u00ednea","publisher":{"@id":"https:\/\/compuviper.mx\/tienda\/#organization"},"potentialAction":[{"@type":"SearchAction","target":{"@type":"EntryPoint","urlTemplate":"https:\/\/compuviper.mx\/tienda\/?s={search_term_string}"},"query-input":"required name=search_term_string"}],"inLanguage":"es-MX"},{"@type":"Organization","@id":"https:\/\/compuviper.mx\/tienda\/#organization","name":"Compuviper","url":"https:\/\/compuviper.mx\/tienda\/","logo":{"@type":"ImageObject","inLanguage":"es-MX","@id":"https:\/\/compuviper.mx\/tienda\/#\/schema\/logo\/image\/","url":"https:\/\/compuviper.mx\/tienda\/wp-content\/uploads\/2021\/08\/Logo-Compuviper-10.png","contentUrl":"https:\/\/compuviper.mx\/tienda\/wp-content\/uploads\/2021\/08\/Logo-Compuviper-10.png","width":1000,"height":500,"caption":"Compuviper"},"image":{"@id":"https:\/\/compuviper.mx\/tienda\/#\/schema\/logo\/image\/"},"sameAs":["https:\/\/www.facebook.com\/compuviper","https:\/\/www.youtube.com\/channel\/UCf73dERp9Y3cfOq7q8BhLjA?view_as=subscriber"]}]},"product_brand":"DELL","product_price_amount":"112499","product_price_currency":"MXN","og_availability":"backorder","product_availability":"available for order","product_retailer_item_id":"3000200549107.1","product_condition":"new"},"_links":{"self":[{"href":"https:\/\/compuviper.mx\/tienda\/wp-json\/wp\/v2\/product\/268334"}],"collection":[{"href":"https:\/\/compuviper.mx\/tienda\/wp-json\/wp\/v2\/product"}],"about":[{"href":"https:\/\/compuviper.mx\/tienda\/wp-json\/wp\/v2\/types\/product"}],"replies":[{"embeddable":true,"href":"https:\/\/compuviper.mx\/tienda\/wp-json\/wp\/v2\/comments?post=268334"}],"wp:attachment":[{"href":"https:\/\/compuviper.mx\/tienda\/wp-json\/wp\/v2\/media?parent=268334"}],"wp:term":[{"taxonomy":"product_cat","embeddable":true,"href":"https:\/\/compuviper.mx\/tienda\/wp-json\/wp\/v2\/product_cat?post=268334"},{"taxonomy":"product_tag","embeddable":true,"href":"https:\/\/compuviper.mx\/tienda\/wp-json\/wp\/v2\/product_tag?post=268334"}],"curies":[{"name":"wp","href":"https:\/\/api.w.org\/{rel}","templated":true}]}}