{"id":268332,"date":"2026-05-08T02:26:08","date_gmt":"2026-05-08T08:26:08","guid":{"rendered":"https:\/\/compuviper.mx\/tienda\/producto\/msi-oem-geforce-rtx-5060-8g-gaming-trio-oc-tarjeta-de-video-msi-rtx-5060-8g-gaming-trio-oc-pcie-4-x-8-8gb-gddr6-estandar-2hdmi-1xdp-dl-dvi-d-x-1gama-media-gamer\/"},"modified":"2026-05-08T02:26:09","modified_gmt":"2026-05-08T08:26:09","slug":"msi-oem-geforce-rtx-5060-8g-gaming-trio-oc-tarjeta-de-video-msi-rtx-5060-8g-gaming-trio-oc-pcie-4-x-8-8gb-gddr6-estandar-2hdmi-1xdp-dl-dvi-d-x-1gama-media-gamer","status":"publish","type":"product","link":"https:\/\/compuviper.mx\/tienda\/producto\/msi-oem-geforce-rtx-5060-8g-gaming-trio-oc-tarjeta-de-video-msi-rtx-5060-8g-gaming-trio-oc-pcie-4-x-8-8gb-gddr6-estandar-2hdmi-1xdp-dl-dvi-d-x-1gama-media-gamer\/","title":{"rendered":"Msi Oem Geforce Rtx 5060 8g Gaming Trio Oc Tarjeta De Video Msi Rtx 5060 8g Gaming Trio Oc Pcie 4 X 8\/8gb\/gddr6\/estandar\/2hdmi\/1xdp\/dl-dvi-d X 1gama Media \/gamer"},"content":{"rendered":"<table class=\"descripcion\">\n<tr>\n<td>Intr\u00e9pido y audaz, gaming trio ofrece un rendimiento excepcional tanto para juegos como para la creaci\u00f3n de contenido. combina un dise\u00f1o imponente con tecnolog\u00edas de refrigeraci\u00f3n avanzadas, lo que lo convierte en un aliado inquebrantable en el campo de batalla. gaming trio es la opci\u00f3n ideal para los jugadores que se esfuerzan al m\u00e1ximo.<\/td>\n<\/tr>\n<tr>\n<td>Fuerza y  and #8203; and #8203;arte<\/td>\n<\/tr>\n<tr>\n<td>Bas\u00e1ndose en la tradici\u00f3n de msi, gaming trio encarna la pasi\u00f3n de los gamers con un exterior elegante que irradia luces vibrantes entre l\u00edneas audaces y bordes definidos. la iluminaci\u00f3n led se difunde a trav\u00e9s de una cubierta esmerilada y un t\u00f3tem de drag\u00f3n que irradia energ\u00eda.<\/td>\n<\/tr>\n<tr>\n<td>Dise\u00f1o t\u00e9rmico tri frozr 4<\/td>\n<\/tr>\n<tr>\n<td>Ventiladores mejorados, control de flujo de aire mejorado e innovaciones t\u00e9rmicas avanzadas que brindan<\/td>\n<\/tr>\n<tr>\n<td>Un enfriamiento superior y un funcionamiento m\u00e1s silencioso que elevan el rendimiento general de la tarjeta gr\u00e1fica.<\/td>\n<\/tr>\n<tr>\n<td>Desarrollado con la arquitectura nvidia blackwell y dlss 4<\/td>\n<\/tr>\n<tr>\n<td>Velocidades de reloj del n\u00facleo:<\/td>\n<\/tr>\n<tr>\n<td>Rendimiento extremo: 2640 mhz (msi center)<\/td>\n<\/tr>\n<tr>\n<td>Boost: 2625 mhz<\/td>\n<\/tr>\n<tr>\n<td>Dise\u00f1o t\u00e9rmico tri frozr 4: los ventiladores mejorados, el control del flujo de aire y el dise\u00f1o t\u00e9rmico brindan una refrigeraci\u00f3n superior y un funcionamiento m\u00e1s silencioso.<\/td>\n<\/tr>\n<tr>\n<td>Ventilador stormforce: siete aspas de ventilador, textura de garra y un arco circular est\u00e1n dise\u00f1ados para un flujo de aire \u00f3ptimo con un ruido m\u00ednimo.<\/td>\n<\/tr>\n<tr>\n<td>Placa base de cobre niquelada: el calor de la gpu y la memoria es capturado r\u00e1pidamente por una placa base de cobre niquelada y transferido.<\/td>\n<\/tr>\n<tr>\n<td>Los tubos centrales presentan un dise\u00f1o cuadrado para maximizar el contacto con la placa base de la gpu para una gesti\u00f3n t\u00e9rmica \u00f3ptima.<\/td>\n<\/tr>\n<tr>\n<td>Placa posterior de metal: una placa posterior de metal de refuerzo con ventilaciones de flujo de aire y almohadillas t\u00e9rmicas mejora la refrigeraci\u00f3n.<\/td>\n<\/tr>\n<tr>\n<td>Wave curved 4.0: los bordes ondulados dise\u00f1ados con precisi\u00f3n con un dise\u00f1o de aleta alta-baja mejoran el flujo de aire y reducen la turbulencia.<\/td>\n<\/tr>\n<tr>\n<td>Aleta air antegrade 2.0: las aletas cuentan con un corte en forma de v y un dise\u00f1o alto-bajo en el paso del flujo de aire para optimizar la eficiencia del flujo.<\/td>\n<\/tr>\n<tr>\n<td>Msi center: el software exclusivo msi center le permite monitorear, ajustar y optimizar los productos msi en tiempo real.<\/td>\n<\/tr>\n<tr>\n<td>El software afterburner toma el control total con el software de overclocking de tarjetas gr\u00e1ficas m\u00e1s reconocido y utilizado en el mundo.<\/td>\n<\/tr>\n<tr>\n<td>Presupuesto<\/td>\n<\/tr>\n<\/table>\n","protected":false},"excerpt":{"rendered":"<p>Nombre de marketing. Nombre del modelo. Unidad de procesamiento de gr\u00e1ficos. Interfaz. Relojes de n\u00facleo. N\u00facleos cuda. Velocidad de la memoria. Memoria. Bus de memoria. Producci\u00f3n. Compatibilidad con hdcp. Consumo de energ\u00eda. Conectores de alimentaci\u00f3n. Fuente de alimentaci\u00f3n recomendada. Dimensiones de la tarjeta (mm. Peso (tarjeta\/paquete. Compatibilidad con versiones de directx. Compatibilidad con versiones de opengl. M\u00e1ximo de pantallas. Tecnolog\u00eda g- sync. Resoluci\u00f3n m\u00e1xima digital. Geforce rtx 5060 8g gaming trio oc. G5060-8gtc. Nvidia geforce rtx 5060. Pci express gen 5 x16 (usa x8. Rendimiento extremo: 2640 mhz (msi center. Boost: 2625 mhz. 3840 unidades. 28 gbps. 8 gb gddr7. 128 bits. Displayport x 3 (v2.1b. Hdmi x 1 (como se especifica en hdmi 2.1b: hasta 4k 480 hz o 8k 120 hz con dsc, gaming vrr, hdr. Y. 155 w. 8 pines x 1. 550 vatios. 300 x 125 x 44 mm. 797 gramos \/ 1206 gramos. 12 ultimate. 4.6. 4. Y. 7680 x 4320<\/p>\n","protected":false},"featured_media":0,"comment_status":"open","ping_status":"open","template":"","meta":[],"product_cat":[1841,1842],"product_tag":[2322],"acf":[],"yoast_head":"<!-- This site is optimized with the Yoast SEO plugin v21.7 - https:\/\/yoast.com\/wordpress\/plugins\/seo\/ -->\n<title>[ Msi Oem ] &#129351; Geforce Rtx 5060 8g Gaming Trio Oc Tarjeta De Video Msi Rtx 5060 8g Gaming Trio Oc Pcie 4 X 8\/8gb\/gddr6\/estandar\/2hdmi\/1xdp\/dl-dvi-d X 1gama Media \/gamer<\/title>\n<meta name=\"description\" content=\"Compra Geforce Rtx 5060 8g Gaming Trio Oc Tarjeta De Video Msi Rtx 5060 8g Gaming Trio Oc Pcie 4 X 8\/8gb\/gddr6\/estandar\/2hdmi\/1xdp\/dl-dvi-d X 1gama Media \/gamer + Env\u00edo a domicilio + Pago seguro + Garant\u00eda\" \/>\n<meta name=\"robots\" content=\"index, follow, max-snippet:-1, max-image-preview:large, max-video-preview:-1\" \/>\n<link rel=\"canonical\" href=\"https:\/\/compuviper.mx\/tienda\/producto\/msi-oem-geforce-rtx-5060-8g-gaming-trio-oc-tarjeta-de-video-msi-rtx-5060-8g-gaming-trio-oc-pcie-4-x-8-8gb-gddr6-estandar-2hdmi-1xdp-dl-dvi-d-x-1gama-media-gamer\/\" \/>\n<meta property=\"og:locale\" content=\"es_MX\" \/>\n<meta property=\"og:type\" content=\"article\" \/>\n<meta property=\"og:title\" content=\"[ Msi Oem ] &#129351; Geforce Rtx 5060 8g Gaming Trio Oc Tarjeta De Video Msi Rtx 5060 8g Gaming Trio Oc Pcie 4 X 8\/8gb\/gddr6\/estandar\/2hdmi\/1xdp\/dl-dvi-d X 1gama Media \/gamer\" \/>\n<meta property=\"og:description\" content=\"Compra Geforce Rtx 5060 8g Gaming Trio Oc Tarjeta De Video Msi Rtx 5060 8g Gaming Trio Oc Pcie 4 X 8\/8gb\/gddr6\/estandar\/2hdmi\/1xdp\/dl-dvi-d X 1gama Media \/gamer + Env\u00edo a domicilio + Pago seguro + Garant\u00eda\" \/>\n<meta property=\"og:url\" content=\"https:\/\/compuviper.mx\/tienda\/producto\/msi-oem-geforce-rtx-5060-8g-gaming-trio-oc-tarjeta-de-video-msi-rtx-5060-8g-gaming-trio-oc-pcie-4-x-8-8gb-gddr6-estandar-2hdmi-1xdp-dl-dvi-d-x-1gama-media-gamer\/\" \/>\n<meta property=\"og:site_name\" content=\"Compuviper\" \/>\n<meta property=\"article:publisher\" content=\"https:\/\/www.facebook.com\/compuviper\" \/>\n<meta property=\"article:modified_time\" content=\"2026-05-08T08:26:09+00:00\" \/>\n<meta name=\"twitter:card\" content=\"summary_large_image\" \/>\n<meta name=\"twitter:label1\" content=\"Precio\" \/>\n\t<meta name=\"twitter:data1\" content=\"&#36;6,944 con IVA\" \/>\n\t<meta name=\"twitter:label2\" content=\"Availability\" \/>\n\t<meta name=\"twitter:data2\" content=\"In stock\" \/>\n<script type=\"application\/ld+json\" class=\"yoast-schema-graph\">{\"@context\":\"https:\/\/schema.org\",\"@graph\":[{\"@type\":\"WebPage\",\"@id\":\"https:\/\/compuviper.mx\/tienda\/producto\/msi-oem-geforce-rtx-5060-8g-gaming-trio-oc-tarjeta-de-video-msi-rtx-5060-8g-gaming-trio-oc-pcie-4-x-8-8gb-gddr6-estandar-2hdmi-1xdp-dl-dvi-d-x-1gama-media-gamer\/\",\"url\":\"https:\/\/compuviper.mx\/tienda\/producto\/msi-oem-geforce-rtx-5060-8g-gaming-trio-oc-tarjeta-de-video-msi-rtx-5060-8g-gaming-trio-oc-pcie-4-x-8-8gb-gddr6-estandar-2hdmi-1xdp-dl-dvi-d-x-1gama-media-gamer\/\",\"name\":\"[ Msi Oem ] &#129351; Geforce Rtx 5060 8g Gaming Trio Oc Tarjeta De Video Msi Rtx 5060 8g Gaming Trio Oc Pcie 4 X 8\/8gb\/gddr6\/estandar\/2hdmi\/1xdp\/dl-dvi-d X 1gama Media \/gamer\",\"isPartOf\":{\"@id\":\"https:\/\/compuviper.mx\/tienda\/#website\"},\"datePublished\":\"2026-05-08T08:26:08+00:00\",\"dateModified\":\"2026-05-08T08:26:09+00:00\",\"description\":\"Compra Geforce Rtx 5060 8g Gaming Trio Oc Tarjeta De Video Msi Rtx 5060 8g Gaming Trio Oc Pcie 4 X 8\/8gb\/gddr6\/estandar\/2hdmi\/1xdp\/dl-dvi-d X 1gama Media \/gamer + Env\u00edo a domicilio + Pago seguro + Garant\u00eda\",\"breadcrumb\":{\"@id\":\"https:\/\/compuviper.mx\/tienda\/producto\/msi-oem-geforce-rtx-5060-8g-gaming-trio-oc-tarjeta-de-video-msi-rtx-5060-8g-gaming-trio-oc-pcie-4-x-8-8gb-gddr6-estandar-2hdmi-1xdp-dl-dvi-d-x-1gama-media-gamer\/#breadcrumb\"},\"inLanguage\":\"es-MX\",\"potentialAction\":[{\"@type\":\"ReadAction\",\"target\":[\"https:\/\/compuviper.mx\/tienda\/producto\/msi-oem-geforce-rtx-5060-8g-gaming-trio-oc-tarjeta-de-video-msi-rtx-5060-8g-gaming-trio-oc-pcie-4-x-8-8gb-gddr6-estandar-2hdmi-1xdp-dl-dvi-d-x-1gama-media-gamer\/\"]}]},{\"@type\":\"BreadcrumbList\",\"@id\":\"https:\/\/compuviper.mx\/tienda\/producto\/msi-oem-geforce-rtx-5060-8g-gaming-trio-oc-tarjeta-de-video-msi-rtx-5060-8g-gaming-trio-oc-pcie-4-x-8-8gb-gddr6-estandar-2hdmi-1xdp-dl-dvi-d-x-1gama-media-gamer\/#breadcrumb\",\"itemListElement\":[{\"@type\":\"ListItem\",\"position\":1,\"name\":\"Inicio\",\"item\":\"https:\/\/compuviper.mx\/tienda\/\"},{\"@type\":\"ListItem\",\"position\":2,\"name\":\"Productos\",\"item\":\"https:\/\/compuviper.mx\/tienda\/productos\/\"},{\"@type\":\"ListItem\",\"position\":3,\"name\":\"Video\",\"item\":\"https:\/\/compuviper.mx\/tienda\/categoria-producto\/video\/\"},{\"@type\":\"ListItem\",\"position\":4,\"name\":\"Video\",\"item\":\"https:\/\/compuviper.mx\/tienda\/categoria-producto\/video\/video-video\/\"},{\"@type\":\"ListItem\",\"position\":5,\"name\":\"Msi Oem Geforce Rtx 5060 8g Gaming Trio Oc Tarjeta De Video Msi Rtx 5060 8g Gaming Trio Oc Pcie 4 X 8\/8gb\/gddr6\/estandar\/2hdmi\/1xdp\/dl-dvi-d X 1gama Media \/gamer\"}]},{\"@type\":\"WebSite\",\"@id\":\"https:\/\/compuviper.mx\/tienda\/#website\",\"url\":\"https:\/\/compuviper.mx\/tienda\/\",\"name\":\"Compuviper\",\"description\":\"Proveedor de Computadoras, Laptops, Servidores, Monitores, Puntos de Venta, Teclados,   Impresoras, T\u00f3ner, C\u00e1maras de Seguridad y m\u00e1s en tu tienda en l\u00ednea\",\"publisher\":{\"@id\":\"https:\/\/compuviper.mx\/tienda\/#organization\"},\"potentialAction\":[{\"@type\":\"SearchAction\",\"target\":{\"@type\":\"EntryPoint\",\"urlTemplate\":\"https:\/\/compuviper.mx\/tienda\/?s={search_term_string}\"},\"query-input\":\"required name=search_term_string\"}],\"inLanguage\":\"es-MX\"},{\"@type\":\"Organization\",\"@id\":\"https:\/\/compuviper.mx\/tienda\/#organization\",\"name\":\"Compuviper\",\"url\":\"https:\/\/compuviper.mx\/tienda\/\",\"logo\":{\"@type\":\"ImageObject\",\"inLanguage\":\"es-MX\",\"@id\":\"https:\/\/compuviper.mx\/tienda\/#\/schema\/logo\/image\/\",\"url\":\"https:\/\/compuviper.mx\/tienda\/wp-content\/uploads\/2021\/08\/Logo-Compuviper-10.png\",\"contentUrl\":\"https:\/\/compuviper.mx\/tienda\/wp-content\/uploads\/2021\/08\/Logo-Compuviper-10.png\",\"width\":1000,\"height\":500,\"caption\":\"Compuviper\"},\"image\":{\"@id\":\"https:\/\/compuviper.mx\/tienda\/#\/schema\/logo\/image\/\"},\"sameAs\":[\"https:\/\/www.facebook.com\/compuviper\",\"https:\/\/www.youtube.com\/channel\/UCf73dERp9Y3cfOq7q8BhLjA?view_as=subscriber\"]}]}<\/script>\n<meta property=\"product:brand\" content=\"Msi Oem\" \/>\n<meta property=\"product:price:amount\" content=\"6944\" \/>\n<meta property=\"product:price:currency\" content=\"MXN\" \/>\n<meta property=\"og:availability\" content=\"instock\" \/>\n<meta property=\"product:availability\" content=\"instock\" \/>\n<meta property=\"product:retailer_item_id\" content=\"GEFORCE RTX 5060 8G GAMING TRIO OC\" \/>\n<meta property=\"product:condition\" content=\"new\" \/>\n<!-- \/ Yoast SEO plugin. -->","yoast_head_json":{"title":"[ Msi Oem ] &#129351; Geforce Rtx 5060 8g Gaming Trio Oc Tarjeta De Video Msi Rtx 5060 8g Gaming Trio Oc Pcie 4 X 8\/8gb\/gddr6\/estandar\/2hdmi\/1xdp\/dl-dvi-d X 1gama Media \/gamer","description":"Compra Geforce Rtx 5060 8g Gaming Trio Oc Tarjeta De Video Msi Rtx 5060 8g Gaming Trio Oc Pcie 4 X 8\/8gb\/gddr6\/estandar\/2hdmi\/1xdp\/dl-dvi-d X 1gama Media \/gamer + Env\u00edo a domicilio + Pago seguro + Garant\u00eda","robots":{"index":"index","follow":"follow","max-snippet":"max-snippet:-1","max-image-preview":"max-image-preview:large","max-video-preview":"max-video-preview:-1"},"canonical":"https:\/\/compuviper.mx\/tienda\/producto\/msi-oem-geforce-rtx-5060-8g-gaming-trio-oc-tarjeta-de-video-msi-rtx-5060-8g-gaming-trio-oc-pcie-4-x-8-8gb-gddr6-estandar-2hdmi-1xdp-dl-dvi-d-x-1gama-media-gamer\/","og_locale":"es_MX","og_type":"article","og_title":"[ Msi Oem ] &#129351; Geforce Rtx 5060 8g Gaming Trio Oc Tarjeta De Video Msi Rtx 5060 8g Gaming Trio Oc Pcie 4 X 8\/8gb\/gddr6\/estandar\/2hdmi\/1xdp\/dl-dvi-d X 1gama Media \/gamer","og_description":"Compra Geforce Rtx 5060 8g Gaming Trio Oc Tarjeta De Video Msi Rtx 5060 8g Gaming Trio Oc Pcie 4 X 8\/8gb\/gddr6\/estandar\/2hdmi\/1xdp\/dl-dvi-d X 1gama Media \/gamer + Env\u00edo a domicilio + Pago seguro + Garant\u00eda","og_url":"https:\/\/compuviper.mx\/tienda\/producto\/msi-oem-geforce-rtx-5060-8g-gaming-trio-oc-tarjeta-de-video-msi-rtx-5060-8g-gaming-trio-oc-pcie-4-x-8-8gb-gddr6-estandar-2hdmi-1xdp-dl-dvi-d-x-1gama-media-gamer\/","og_site_name":"Compuviper","article_publisher":"https:\/\/www.facebook.com\/compuviper","article_modified_time":"2026-05-08T08:26:09+00:00","twitter_card":"summary_large_image","twitter_misc":{"Precio":"&#36;6,944 con IVA","Availability":"In stock"},"schema":{"@context":"https:\/\/schema.org","@graph":[{"@type":"WebPage","@id":"https:\/\/compuviper.mx\/tienda\/producto\/msi-oem-geforce-rtx-5060-8g-gaming-trio-oc-tarjeta-de-video-msi-rtx-5060-8g-gaming-trio-oc-pcie-4-x-8-8gb-gddr6-estandar-2hdmi-1xdp-dl-dvi-d-x-1gama-media-gamer\/","url":"https:\/\/compuviper.mx\/tienda\/producto\/msi-oem-geforce-rtx-5060-8g-gaming-trio-oc-tarjeta-de-video-msi-rtx-5060-8g-gaming-trio-oc-pcie-4-x-8-8gb-gddr6-estandar-2hdmi-1xdp-dl-dvi-d-x-1gama-media-gamer\/","name":"[ Msi Oem ] &#129351; Geforce Rtx 5060 8g Gaming Trio Oc Tarjeta De Video Msi Rtx 5060 8g Gaming Trio Oc Pcie 4 X 8\/8gb\/gddr6\/estandar\/2hdmi\/1xdp\/dl-dvi-d X 1gama Media \/gamer","isPartOf":{"@id":"https:\/\/compuviper.mx\/tienda\/#website"},"datePublished":"2026-05-08T08:26:08+00:00","dateModified":"2026-05-08T08:26:09+00:00","description":"Compra Geforce Rtx 5060 8g Gaming Trio Oc Tarjeta De Video Msi Rtx 5060 8g Gaming Trio Oc Pcie 4 X 8\/8gb\/gddr6\/estandar\/2hdmi\/1xdp\/dl-dvi-d X 1gama Media \/gamer + Env\u00edo a domicilio + Pago seguro + Garant\u00eda","breadcrumb":{"@id":"https:\/\/compuviper.mx\/tienda\/producto\/msi-oem-geforce-rtx-5060-8g-gaming-trio-oc-tarjeta-de-video-msi-rtx-5060-8g-gaming-trio-oc-pcie-4-x-8-8gb-gddr6-estandar-2hdmi-1xdp-dl-dvi-d-x-1gama-media-gamer\/#breadcrumb"},"inLanguage":"es-MX","potentialAction":[{"@type":"ReadAction","target":["https:\/\/compuviper.mx\/tienda\/producto\/msi-oem-geforce-rtx-5060-8g-gaming-trio-oc-tarjeta-de-video-msi-rtx-5060-8g-gaming-trio-oc-pcie-4-x-8-8gb-gddr6-estandar-2hdmi-1xdp-dl-dvi-d-x-1gama-media-gamer\/"]}]},{"@type":"BreadcrumbList","@id":"https:\/\/compuviper.mx\/tienda\/producto\/msi-oem-geforce-rtx-5060-8g-gaming-trio-oc-tarjeta-de-video-msi-rtx-5060-8g-gaming-trio-oc-pcie-4-x-8-8gb-gddr6-estandar-2hdmi-1xdp-dl-dvi-d-x-1gama-media-gamer\/#breadcrumb","itemListElement":[{"@type":"ListItem","position":1,"name":"Inicio","item":"https:\/\/compuviper.mx\/tienda\/"},{"@type":"ListItem","position":2,"name":"Productos","item":"https:\/\/compuviper.mx\/tienda\/productos\/"},{"@type":"ListItem","position":3,"name":"Video","item":"https:\/\/compuviper.mx\/tienda\/categoria-producto\/video\/"},{"@type":"ListItem","position":4,"name":"Video","item":"https:\/\/compuviper.mx\/tienda\/categoria-producto\/video\/video-video\/"},{"@type":"ListItem","position":5,"name":"Msi Oem Geforce Rtx 5060 8g Gaming Trio Oc Tarjeta De Video Msi Rtx 5060 8g Gaming Trio Oc Pcie 4 X 8\/8gb\/gddr6\/estandar\/2hdmi\/1xdp\/dl-dvi-d X 1gama Media \/gamer"}]},{"@type":"WebSite","@id":"https:\/\/compuviper.mx\/tienda\/#website","url":"https:\/\/compuviper.mx\/tienda\/","name":"Compuviper","description":"Proveedor de Computadoras, Laptops, Servidores, Monitores, Puntos de Venta, Teclados,   Impresoras, T\u00f3ner, C\u00e1maras de Seguridad y m\u00e1s en tu tienda en l\u00ednea","publisher":{"@id":"https:\/\/compuviper.mx\/tienda\/#organization"},"potentialAction":[{"@type":"SearchAction","target":{"@type":"EntryPoint","urlTemplate":"https:\/\/compuviper.mx\/tienda\/?s={search_term_string}"},"query-input":"required name=search_term_string"}],"inLanguage":"es-MX"},{"@type":"Organization","@id":"https:\/\/compuviper.mx\/tienda\/#organization","name":"Compuviper","url":"https:\/\/compuviper.mx\/tienda\/","logo":{"@type":"ImageObject","inLanguage":"es-MX","@id":"https:\/\/compuviper.mx\/tienda\/#\/schema\/logo\/image\/","url":"https:\/\/compuviper.mx\/tienda\/wp-content\/uploads\/2021\/08\/Logo-Compuviper-10.png","contentUrl":"https:\/\/compuviper.mx\/tienda\/wp-content\/uploads\/2021\/08\/Logo-Compuviper-10.png","width":1000,"height":500,"caption":"Compuviper"},"image":{"@id":"https:\/\/compuviper.mx\/tienda\/#\/schema\/logo\/image\/"},"sameAs":["https:\/\/www.facebook.com\/compuviper","https:\/\/www.youtube.com\/channel\/UCf73dERp9Y3cfOq7q8BhLjA?view_as=subscriber"]}]},"product_brand":"Msi Oem","product_price_amount":"6944","product_price_currency":"MXN","og_availability":"instock","product_availability":"instock","product_retailer_item_id":"GEFORCE RTX 5060 8G GAMING TRIO OC","product_condition":"new"},"_links":{"self":[{"href":"https:\/\/compuviper.mx\/tienda\/wp-json\/wp\/v2\/product\/268332"}],"collection":[{"href":"https:\/\/compuviper.mx\/tienda\/wp-json\/wp\/v2\/product"}],"about":[{"href":"https:\/\/compuviper.mx\/tienda\/wp-json\/wp\/v2\/types\/product"}],"replies":[{"embeddable":true,"href":"https:\/\/compuviper.mx\/tienda\/wp-json\/wp\/v2\/comments?post=268332"}],"wp:attachment":[{"href":"https:\/\/compuviper.mx\/tienda\/wp-json\/wp\/v2\/media?parent=268332"}],"wp:term":[{"taxonomy":"product_cat","embeddable":true,"href":"https:\/\/compuviper.mx\/tienda\/wp-json\/wp\/v2\/product_cat?post=268332"},{"taxonomy":"product_tag","embeddable":true,"href":"https:\/\/compuviper.mx\/tienda\/wp-json\/wp\/v2\/product_tag?post=268332"}],"curies":[{"name":"wp","href":"https:\/\/api.w.org\/{rel}","templated":true}]}}