{"id":268331,"date":"2026-04-02T02:26:49","date_gmt":"2026-04-02T08:26:49","guid":{"rendered":"https:\/\/compuviper.mx\/tienda\/producto\/msi-oem-geforce-rtx-5050-8g-ventus-2x-oc-tarjeta-de-video-msi-rtx-5050-8g-ventus-2x-oc-pcie-4-x-8-8gb-gddr6-estandar-2hdmi-1xdp-dl-dvi-d-x-1gama-media-gamer\/"},"modified":"2026-04-03T00:00:35","modified_gmt":"2026-04-03T06:00:35","slug":"msi-oem-geforce-rtx-5050-8g-ventus-2x-oc-tarjeta-de-video-msi-rtx-5050-8g-ventus-2x-oc-pcie-4-x-8-8gb-gddr6-estandar-2hdmi-1xdp-dl-dvi-d-x-1gama-media-gamer","status":"publish","type":"product","link":"https:\/\/compuviper.mx\/tienda\/producto\/msi-oem-geforce-rtx-5050-8g-ventus-2x-oc-tarjeta-de-video-msi-rtx-5050-8g-ventus-2x-oc-pcie-4-x-8-8gb-gddr6-estandar-2hdmi-1xdp-dl-dvi-d-x-1gama-media-gamer\/","title":{"rendered":"Msi Oem Geforce Rtx 5050 8g Ventus 2x Oc Tarjeta De Video Msi Rtx 5050 8g Ventus 2x Oc Pcie 4 X 8\/8gb\/gddr6\/estandar\/2hdmi\/1xdp\/dl-dvi-d X 1gama Media \/gamer"},"content":{"rendered":"<table class=\"descripcion\">\n<tr>\n<td>Nombre de marketing<\/td>\n<\/tr>\n<tr>\n<td>Memoria<\/td>\n<\/tr>\n<tr>\n<td>Motor de gr\u00e1ficos<\/td>\n<\/tr>\n<tr>\n<td>Norma bus<\/td>\n<\/tr>\n<tr>\n<td>Interfaz de memoria<\/td>\n<\/tr>\n<tr>\n<td>Velocidad clock n\u00facleo (mhz)<\/td>\n<\/tr>\n<tr>\n<td>Velocidad clock memoria (mhz)<\/td>\n<\/tr>\n<tr>\n<td>M\u00e1ximo de pantallas<\/td>\n<\/tr>\n<tr>\n<td>Tecnolog\u00eda g-sync<\/td>\n<\/tr>\n<tr>\n<td>Salida<\/td>\n<\/tr>\n<tr>\n<td>Compatibilidad con hdcp<\/td>\n<\/tr>\n<tr>\n<td>Consumo (oeste)<\/td>\n<\/tr>\n<tr>\n<td>Alimentaci\u00f3n recomendada (w)<\/td>\n<\/tr>\n<tr>\n<td>Resoluci\u00f3n m\u00e1xima digital<\/td>\n<\/tr>\n<tr>\n<td>Conectores de alimentaci\u00f3n<\/td>\n<\/tr>\n<tr>\n<td>Soporte directx versi\u00f3n<\/td>\n<\/tr>\n<tr>\n<td>Soporte opengl versi\u00f3n<\/td>\n<\/tr>\n<tr>\n<td>Dimensiones (mm)<\/td>\n<\/tr>\n<tr>\n<td>Geforce rtx 5050 8g ventus 2x oc<\/td>\n<\/tr>\n<tr>\n<td>8 gb gddr6<\/td>\n<\/tr>\n<tr>\n<td>Nvidia geforce rtx 5050<\/td>\n<\/tr>\n<tr>\n<td>Pci express gen 5 x16 (usa x8)<\/td>\n<\/tr>\n<tr>\n<td>128 bits<\/td>\n<\/tr>\n<tr>\n<td>Rendimiento extremo: 2617 mhz (msi center)<\/td>\n<\/tr>\n<tr>\n<td>Boost: 2602 mhz<\/td>\n<\/tr>\n<tr>\n<td>20 gbps<\/td>\n<\/tr>\n<tr>\n<td>4<\/td>\n<\/tr>\n<tr>\n<td>Y<\/td>\n<\/tr>\n<tr>\n<td>Displayport x 3 (v2.1b)<\/td>\n<\/tr>\n<tr>\n<td>Hdmi\u0099 x 1 (como se especifica en hdmi 2.1b: hasta 4k 480 hz o 8k 120 hz con dsc, gaming vrr, hdr)<\/td>\n<\/tr>\n<tr>\n<td>Y<\/td>\n<\/tr>\n<tr>\n<td>130 vatios<\/td>\n<\/tr>\n<tr>\n<td>550 vatios<\/td>\n<\/tr>\n<tr>\n<td>7680 x 4320<\/td>\n<\/tr>\n<tr>\n<td>8 pines x1<\/td>\n<\/tr>\n<tr>\n<td>12 ultimate<\/td>\n<\/tr>\n<tr>\n<td>4.6<\/td>\n<\/tr>\n<tr>\n<td>197 x 120 x 41 mm<\/td>\n<\/tr>\n<\/table>\n","protected":false},"excerpt":{"rendered":"<p>Geforce rtx 5050 8g ventus 2x oc. Impulsada por la arquitectura nvidia blackwell y dlss 4. Frecuencias del n\u00facleo. Rendimiento extremo: 2617 mhz (msi center. Boost: 2620 mhz. Torx fan 5.0: las aspas del ventilador unidas por arcos circulares trabajan en conjunto para estabilizar y mantener un flujo de aire de alta presi\u00f3n. Heat pipe: dise\u00f1ado para una transferencia t\u00e9rmica eficiente, el heat pipe extrae eficazmente el calor del gpu, mejorando el rendimiento de refrigeraci\u00f3n general. Placa trasera reforzada: la placa trasera reforzada cuenta con una ventilaci\u00f3n que permite la salida directa del aire caliente. Msi center: el exclusivo software msi center te permite monitorear, ajustar y optimizar productos msi en tiempo real. Afterburner: toma el control total con el software de overclocking de tarjetas gr\u00e1ficas m\u00e1s reconocido y utilizado en todo el mundo.<\/p>\n","protected":false},"featured_media":0,"comment_status":"open","ping_status":"open","template":"","meta":[],"product_cat":[1842,1841],"product_tag":[2322],"acf":[],"yoast_head":"<!-- This site is optimized with the Yoast SEO plugin v21.7 - https:\/\/yoast.com\/wordpress\/plugins\/seo\/ -->\n<title>[ Msi Oem ] &#129351; Geforce Rtx 5050 8g Ventus 2x Oc Tarjeta De Video Msi Rtx 5050 8g Ventus 2x Oc Pcie 4 X 8\/8gb\/gddr6\/estandar\/2hdmi\/1xdp\/dl-dvi-d X 1gama Media \/gamer<\/title>\n<meta name=\"description\" content=\"Compra Geforce Rtx 5050 8g Ventus 2x Oc Tarjeta De Video Msi Rtx 5050 8g Ventus 2x Oc Pcie 4 X 8\/8gb\/gddr6\/estandar\/2hdmi\/1xdp\/dl-dvi-d X 1gama Media \/gamer + Env\u00edo a domicilio + Pago seguro + Garant\u00eda\" \/>\n<meta name=\"robots\" content=\"index, follow, max-snippet:-1, max-image-preview:large, max-video-preview:-1\" \/>\n<link rel=\"canonical\" href=\"https:\/\/compuviper.mx\/tienda\/producto\/msi-oem-geforce-rtx-5050-8g-ventus-2x-oc-tarjeta-de-video-msi-rtx-5050-8g-ventus-2x-oc-pcie-4-x-8-8gb-gddr6-estandar-2hdmi-1xdp-dl-dvi-d-x-1gama-media-gamer\/\" \/>\n<meta property=\"og:locale\" content=\"es_MX\" \/>\n<meta property=\"og:type\" content=\"article\" \/>\n<meta property=\"og:title\" content=\"[ Msi Oem ] &#129351; Geforce Rtx 5050 8g Ventus 2x Oc Tarjeta De Video Msi Rtx 5050 8g Ventus 2x Oc Pcie 4 X 8\/8gb\/gddr6\/estandar\/2hdmi\/1xdp\/dl-dvi-d X 1gama Media \/gamer\" \/>\n<meta property=\"og:description\" content=\"Compra Geforce Rtx 5050 8g Ventus 2x Oc Tarjeta De Video Msi Rtx 5050 8g Ventus 2x Oc Pcie 4 X 8\/8gb\/gddr6\/estandar\/2hdmi\/1xdp\/dl-dvi-d X 1gama Media \/gamer + Env\u00edo a domicilio + Pago seguro + Garant\u00eda\" \/>\n<meta property=\"og:url\" content=\"https:\/\/compuviper.mx\/tienda\/producto\/msi-oem-geforce-rtx-5050-8g-ventus-2x-oc-tarjeta-de-video-msi-rtx-5050-8g-ventus-2x-oc-pcie-4-x-8-8gb-gddr6-estandar-2hdmi-1xdp-dl-dvi-d-x-1gama-media-gamer\/\" \/>\n<meta property=\"og:site_name\" content=\"Compuviper\" \/>\n<meta property=\"article:publisher\" content=\"https:\/\/www.facebook.com\/compuviper\" \/>\n<meta property=\"article:modified_time\" content=\"2026-04-03T06:00:35+00:00\" \/>\n<meta name=\"twitter:card\" content=\"summary_large_image\" \/>\n<meta name=\"twitter:label1\" content=\"Precio\" \/>\n\t<meta name=\"twitter:data1\" content=\"&#36;5,300 con IVA\" \/>\n\t<meta name=\"twitter:label2\" content=\"Availability\" \/>\n\t<meta name=\"twitter:data2\" content=\"In stock\" \/>\n<script type=\"application\/ld+json\" class=\"yoast-schema-graph\">{\"@context\":\"https:\/\/schema.org\",\"@graph\":[{\"@type\":\"WebPage\",\"@id\":\"https:\/\/compuviper.mx\/tienda\/producto\/msi-oem-geforce-rtx-5050-8g-ventus-2x-oc-tarjeta-de-video-msi-rtx-5050-8g-ventus-2x-oc-pcie-4-x-8-8gb-gddr6-estandar-2hdmi-1xdp-dl-dvi-d-x-1gama-media-gamer\/\",\"url\":\"https:\/\/compuviper.mx\/tienda\/producto\/msi-oem-geforce-rtx-5050-8g-ventus-2x-oc-tarjeta-de-video-msi-rtx-5050-8g-ventus-2x-oc-pcie-4-x-8-8gb-gddr6-estandar-2hdmi-1xdp-dl-dvi-d-x-1gama-media-gamer\/\",\"name\":\"[ Msi Oem ] &#129351; Geforce Rtx 5050 8g Ventus 2x Oc Tarjeta De Video Msi Rtx 5050 8g Ventus 2x Oc Pcie 4 X 8\/8gb\/gddr6\/estandar\/2hdmi\/1xdp\/dl-dvi-d X 1gama Media \/gamer\",\"isPartOf\":{\"@id\":\"https:\/\/compuviper.mx\/tienda\/#website\"},\"datePublished\":\"2026-04-02T08:26:49+00:00\",\"dateModified\":\"2026-04-03T06:00:35+00:00\",\"description\":\"Compra Geforce Rtx 5050 8g Ventus 2x Oc Tarjeta De Video Msi Rtx 5050 8g Ventus 2x Oc Pcie 4 X 8\/8gb\/gddr6\/estandar\/2hdmi\/1xdp\/dl-dvi-d X 1gama Media \/gamer + Env\u00edo a domicilio + Pago seguro + Garant\u00eda\",\"breadcrumb\":{\"@id\":\"https:\/\/compuviper.mx\/tienda\/producto\/msi-oem-geforce-rtx-5050-8g-ventus-2x-oc-tarjeta-de-video-msi-rtx-5050-8g-ventus-2x-oc-pcie-4-x-8-8gb-gddr6-estandar-2hdmi-1xdp-dl-dvi-d-x-1gama-media-gamer\/#breadcrumb\"},\"inLanguage\":\"es-MX\",\"potentialAction\":[{\"@type\":\"ReadAction\",\"target\":[\"https:\/\/compuviper.mx\/tienda\/producto\/msi-oem-geforce-rtx-5050-8g-ventus-2x-oc-tarjeta-de-video-msi-rtx-5050-8g-ventus-2x-oc-pcie-4-x-8-8gb-gddr6-estandar-2hdmi-1xdp-dl-dvi-d-x-1gama-media-gamer\/\"]}]},{\"@type\":\"BreadcrumbList\",\"@id\":\"https:\/\/compuviper.mx\/tienda\/producto\/msi-oem-geforce-rtx-5050-8g-ventus-2x-oc-tarjeta-de-video-msi-rtx-5050-8g-ventus-2x-oc-pcie-4-x-8-8gb-gddr6-estandar-2hdmi-1xdp-dl-dvi-d-x-1gama-media-gamer\/#breadcrumb\",\"itemListElement\":[{\"@type\":\"ListItem\",\"position\":1,\"name\":\"Inicio\",\"item\":\"https:\/\/compuviper.mx\/tienda\/\"},{\"@type\":\"ListItem\",\"position\":2,\"name\":\"Productos\",\"item\":\"https:\/\/compuviper.mx\/tienda\/productos\/\"},{\"@type\":\"ListItem\",\"position\":3,\"name\":\"Video\",\"item\":\"https:\/\/compuviper.mx\/tienda\/categoria-producto\/video\/\"},{\"@type\":\"ListItem\",\"position\":4,\"name\":\"Video\",\"item\":\"https:\/\/compuviper.mx\/tienda\/categoria-producto\/video\/video-video\/\"},{\"@type\":\"ListItem\",\"position\":5,\"name\":\"Msi Oem Geforce Rtx 5050 8g Ventus 2x Oc Tarjeta De Video Msi Rtx 5050 8g Ventus 2x Oc Pcie 4 X 8\/8gb\/gddr6\/estandar\/2hdmi\/1xdp\/dl-dvi-d X 1gama Media \/gamer\"}]},{\"@type\":\"WebSite\",\"@id\":\"https:\/\/compuviper.mx\/tienda\/#website\",\"url\":\"https:\/\/compuviper.mx\/tienda\/\",\"name\":\"Compuviper\",\"description\":\"Proveedor de Computadoras, Laptops, Servidores, Monitores, Puntos de Venta, Teclados,   Impresoras, T\u00f3ner, C\u00e1maras de Seguridad y m\u00e1s en tu tienda en l\u00ednea\",\"publisher\":{\"@id\":\"https:\/\/compuviper.mx\/tienda\/#organization\"},\"potentialAction\":[{\"@type\":\"SearchAction\",\"target\":{\"@type\":\"EntryPoint\",\"urlTemplate\":\"https:\/\/compuviper.mx\/tienda\/?s={search_term_string}\"},\"query-input\":\"required name=search_term_string\"}],\"inLanguage\":\"es-MX\"},{\"@type\":\"Organization\",\"@id\":\"https:\/\/compuviper.mx\/tienda\/#organization\",\"name\":\"Compuviper\",\"url\":\"https:\/\/compuviper.mx\/tienda\/\",\"logo\":{\"@type\":\"ImageObject\",\"inLanguage\":\"es-MX\",\"@id\":\"https:\/\/compuviper.mx\/tienda\/#\/schema\/logo\/image\/\",\"url\":\"https:\/\/compuviper.mx\/tienda\/wp-content\/uploads\/2021\/08\/Logo-Compuviper-10.png\",\"contentUrl\":\"https:\/\/compuviper.mx\/tienda\/wp-content\/uploads\/2021\/08\/Logo-Compuviper-10.png\",\"width\":1000,\"height\":500,\"caption\":\"Compuviper\"},\"image\":{\"@id\":\"https:\/\/compuviper.mx\/tienda\/#\/schema\/logo\/image\/\"},\"sameAs\":[\"https:\/\/www.facebook.com\/compuviper\",\"https:\/\/www.youtube.com\/channel\/UCf73dERp9Y3cfOq7q8BhLjA?view_as=subscriber\"]}]}<\/script>\n<meta property=\"product:brand\" content=\"Msi Oem\" \/>\n<meta property=\"product:price:amount\" content=\"5300\" \/>\n<meta property=\"product:price:currency\" content=\"MXN\" \/>\n<meta property=\"og:availability\" content=\"instock\" \/>\n<meta property=\"product:availability\" content=\"instock\" \/>\n<meta property=\"product:retailer_item_id\" content=\"GEFORCE RTX 5050 8G VENTUS 2X OC\" \/>\n<meta property=\"product:condition\" content=\"new\" \/>\n<!-- \/ Yoast SEO plugin. -->","yoast_head_json":{"title":"[ Msi Oem ] &#129351; Geforce Rtx 5050 8g Ventus 2x Oc Tarjeta De Video Msi Rtx 5050 8g Ventus 2x Oc Pcie 4 X 8\/8gb\/gddr6\/estandar\/2hdmi\/1xdp\/dl-dvi-d X 1gama Media \/gamer","description":"Compra Geforce Rtx 5050 8g Ventus 2x Oc Tarjeta De Video Msi Rtx 5050 8g Ventus 2x Oc Pcie 4 X 8\/8gb\/gddr6\/estandar\/2hdmi\/1xdp\/dl-dvi-d X 1gama Media \/gamer + Env\u00edo a domicilio + Pago seguro + Garant\u00eda","robots":{"index":"index","follow":"follow","max-snippet":"max-snippet:-1","max-image-preview":"max-image-preview:large","max-video-preview":"max-video-preview:-1"},"canonical":"https:\/\/compuviper.mx\/tienda\/producto\/msi-oem-geforce-rtx-5050-8g-ventus-2x-oc-tarjeta-de-video-msi-rtx-5050-8g-ventus-2x-oc-pcie-4-x-8-8gb-gddr6-estandar-2hdmi-1xdp-dl-dvi-d-x-1gama-media-gamer\/","og_locale":"es_MX","og_type":"article","og_title":"[ Msi Oem ] &#129351; Geforce Rtx 5050 8g Ventus 2x Oc Tarjeta De Video Msi Rtx 5050 8g Ventus 2x Oc Pcie 4 X 8\/8gb\/gddr6\/estandar\/2hdmi\/1xdp\/dl-dvi-d X 1gama Media \/gamer","og_description":"Compra Geforce Rtx 5050 8g Ventus 2x Oc Tarjeta De Video Msi Rtx 5050 8g Ventus 2x Oc Pcie 4 X 8\/8gb\/gddr6\/estandar\/2hdmi\/1xdp\/dl-dvi-d X 1gama Media \/gamer + Env\u00edo a domicilio + Pago seguro + Garant\u00eda","og_url":"https:\/\/compuviper.mx\/tienda\/producto\/msi-oem-geforce-rtx-5050-8g-ventus-2x-oc-tarjeta-de-video-msi-rtx-5050-8g-ventus-2x-oc-pcie-4-x-8-8gb-gddr6-estandar-2hdmi-1xdp-dl-dvi-d-x-1gama-media-gamer\/","og_site_name":"Compuviper","article_publisher":"https:\/\/www.facebook.com\/compuviper","article_modified_time":"2026-04-03T06:00:35+00:00","twitter_card":"summary_large_image","twitter_misc":{"Precio":"&#36;5,300 con IVA","Availability":"In stock"},"schema":{"@context":"https:\/\/schema.org","@graph":[{"@type":"WebPage","@id":"https:\/\/compuviper.mx\/tienda\/producto\/msi-oem-geforce-rtx-5050-8g-ventus-2x-oc-tarjeta-de-video-msi-rtx-5050-8g-ventus-2x-oc-pcie-4-x-8-8gb-gddr6-estandar-2hdmi-1xdp-dl-dvi-d-x-1gama-media-gamer\/","url":"https:\/\/compuviper.mx\/tienda\/producto\/msi-oem-geforce-rtx-5050-8g-ventus-2x-oc-tarjeta-de-video-msi-rtx-5050-8g-ventus-2x-oc-pcie-4-x-8-8gb-gddr6-estandar-2hdmi-1xdp-dl-dvi-d-x-1gama-media-gamer\/","name":"[ Msi Oem ] &#129351; Geforce Rtx 5050 8g Ventus 2x Oc Tarjeta De Video Msi Rtx 5050 8g Ventus 2x Oc Pcie 4 X 8\/8gb\/gddr6\/estandar\/2hdmi\/1xdp\/dl-dvi-d X 1gama Media \/gamer","isPartOf":{"@id":"https:\/\/compuviper.mx\/tienda\/#website"},"datePublished":"2026-04-02T08:26:49+00:00","dateModified":"2026-04-03T06:00:35+00:00","description":"Compra Geforce Rtx 5050 8g Ventus 2x Oc Tarjeta De Video Msi Rtx 5050 8g Ventus 2x Oc Pcie 4 X 8\/8gb\/gddr6\/estandar\/2hdmi\/1xdp\/dl-dvi-d X 1gama Media \/gamer + Env\u00edo a domicilio + Pago seguro + Garant\u00eda","breadcrumb":{"@id":"https:\/\/compuviper.mx\/tienda\/producto\/msi-oem-geforce-rtx-5050-8g-ventus-2x-oc-tarjeta-de-video-msi-rtx-5050-8g-ventus-2x-oc-pcie-4-x-8-8gb-gddr6-estandar-2hdmi-1xdp-dl-dvi-d-x-1gama-media-gamer\/#breadcrumb"},"inLanguage":"es-MX","potentialAction":[{"@type":"ReadAction","target":["https:\/\/compuviper.mx\/tienda\/producto\/msi-oem-geforce-rtx-5050-8g-ventus-2x-oc-tarjeta-de-video-msi-rtx-5050-8g-ventus-2x-oc-pcie-4-x-8-8gb-gddr6-estandar-2hdmi-1xdp-dl-dvi-d-x-1gama-media-gamer\/"]}]},{"@type":"BreadcrumbList","@id":"https:\/\/compuviper.mx\/tienda\/producto\/msi-oem-geforce-rtx-5050-8g-ventus-2x-oc-tarjeta-de-video-msi-rtx-5050-8g-ventus-2x-oc-pcie-4-x-8-8gb-gddr6-estandar-2hdmi-1xdp-dl-dvi-d-x-1gama-media-gamer\/#breadcrumb","itemListElement":[{"@type":"ListItem","position":1,"name":"Inicio","item":"https:\/\/compuviper.mx\/tienda\/"},{"@type":"ListItem","position":2,"name":"Productos","item":"https:\/\/compuviper.mx\/tienda\/productos\/"},{"@type":"ListItem","position":3,"name":"Video","item":"https:\/\/compuviper.mx\/tienda\/categoria-producto\/video\/"},{"@type":"ListItem","position":4,"name":"Video","item":"https:\/\/compuviper.mx\/tienda\/categoria-producto\/video\/video-video\/"},{"@type":"ListItem","position":5,"name":"Msi Oem Geforce Rtx 5050 8g Ventus 2x Oc Tarjeta De Video Msi Rtx 5050 8g Ventus 2x Oc Pcie 4 X 8\/8gb\/gddr6\/estandar\/2hdmi\/1xdp\/dl-dvi-d X 1gama Media \/gamer"}]},{"@type":"WebSite","@id":"https:\/\/compuviper.mx\/tienda\/#website","url":"https:\/\/compuviper.mx\/tienda\/","name":"Compuviper","description":"Proveedor de Computadoras, Laptops, Servidores, Monitores, Puntos de Venta, Teclados,   Impresoras, T\u00f3ner, C\u00e1maras de Seguridad y m\u00e1s en tu tienda en l\u00ednea","publisher":{"@id":"https:\/\/compuviper.mx\/tienda\/#organization"},"potentialAction":[{"@type":"SearchAction","target":{"@type":"EntryPoint","urlTemplate":"https:\/\/compuviper.mx\/tienda\/?s={search_term_string}"},"query-input":"required name=search_term_string"}],"inLanguage":"es-MX"},{"@type":"Organization","@id":"https:\/\/compuviper.mx\/tienda\/#organization","name":"Compuviper","url":"https:\/\/compuviper.mx\/tienda\/","logo":{"@type":"ImageObject","inLanguage":"es-MX","@id":"https:\/\/compuviper.mx\/tienda\/#\/schema\/logo\/image\/","url":"https:\/\/compuviper.mx\/tienda\/wp-content\/uploads\/2021\/08\/Logo-Compuviper-10.png","contentUrl":"https:\/\/compuviper.mx\/tienda\/wp-content\/uploads\/2021\/08\/Logo-Compuviper-10.png","width":1000,"height":500,"caption":"Compuviper"},"image":{"@id":"https:\/\/compuviper.mx\/tienda\/#\/schema\/logo\/image\/"},"sameAs":["https:\/\/www.facebook.com\/compuviper","https:\/\/www.youtube.com\/channel\/UCf73dERp9Y3cfOq7q8BhLjA?view_as=subscriber"]}]},"product_brand":"Msi Oem","product_price_amount":"5300","product_price_currency":"MXN","og_availability":"instock","product_availability":"instock","product_retailer_item_id":"GEFORCE RTX 5050 8G VENTUS 2X OC","product_condition":"new"},"_links":{"self":[{"href":"https:\/\/compuviper.mx\/tienda\/wp-json\/wp\/v2\/product\/268331"}],"collection":[{"href":"https:\/\/compuviper.mx\/tienda\/wp-json\/wp\/v2\/product"}],"about":[{"href":"https:\/\/compuviper.mx\/tienda\/wp-json\/wp\/v2\/types\/product"}],"replies":[{"embeddable":true,"href":"https:\/\/compuviper.mx\/tienda\/wp-json\/wp\/v2\/comments?post=268331"}],"wp:attachment":[{"href":"https:\/\/compuviper.mx\/tienda\/wp-json\/wp\/v2\/media?parent=268331"}],"wp:term":[{"taxonomy":"product_cat","embeddable":true,"href":"https:\/\/compuviper.mx\/tienda\/wp-json\/wp\/v2\/product_cat?post=268331"},{"taxonomy":"product_tag","embeddable":true,"href":"https:\/\/compuviper.mx\/tienda\/wp-json\/wp\/v2\/product_tag?post=268331"}],"curies":[{"name":"wp","href":"https:\/\/api.w.org\/{rel}","templated":true}]}}