{"id":268326,"date":"2026-04-02T02:26:35","date_gmt":"2026-04-02T08:26:35","guid":{"rendered":"https:\/\/compuviper.mx\/tienda\/producto\/pny-vcnrtxpro4000b-pb-tarjeta-de-video-nvidia-rtx-pro-4000-blackwell-24gb-gddr7-4x-dp-2-1-pcie-5-0-gama-alta-diseo\/"},"modified":"2026-04-03T00:00:35","modified_gmt":"2026-04-03T06:00:35","slug":"pny-vcnrtxpro4000b-pb-tarjeta-de-video-nvidia-rtx-pro-4000-blackwell-24gb-gddr7-4x-dp-2-1-pcie-5-0-gama-alta-diseo","status":"publish","type":"product","link":"https:\/\/compuviper.mx\/tienda\/producto\/pny-vcnrtxpro4000b-pb-tarjeta-de-video-nvidia-rtx-pro-4000-blackwell-24gb-gddr7-4x-dp-2-1-pcie-5-0-gama-alta-diseo\/","title":{"rendered":"Pny Vcnrtxpro4000b-pb Tarjeta De Video  Nvidia Rtx Pro 4000 Blackwell \/24gb\/gddr7\/4x Dp 2.1\/ Pcie 5.0 \/gama Alta\/dise?o"},"content":{"rendered":"<table class=\"descripcion\">\n<tr>\n<td>N\u00fameros de referencia de pny<\/td>\n<\/tr>\n<tr>\n<td>Vcnrtxpro4000b-pb<\/td>\n<\/tr>\n<tr>\n<td>Arquitectura<\/td>\n<\/tr>\n<tr>\n<td>Arquitectura nvidia blackwell<\/td>\n<\/tr>\n<tr>\n<td>Fundici\u00f3n<\/td>\n<\/tr>\n<tr>\n<td>Tsmc<\/td>\n<\/tr>\n<tr>\n<td>Tama\u00f1o del proceso<\/td>\n<\/tr>\n<tr>\n<td>Proceso personalizado nvidia 4n<\/td>\n<\/tr>\n<tr>\n<td>Transistores<\/td>\n<\/tr>\n<tr>\n<td>45.600 millones<\/td>\n<\/tr>\n<tr>\n<td>Tama\u00f1o del troquel<\/td>\n<\/tr>\n<tr>\n<td>378 mm2<\/td>\n<\/tr>\n<tr>\n<td>N\u00facleos de procesamiento paralelo cuda<\/td>\n<\/tr>\n<tr>\n<td>8960<\/td>\n<\/tr>\n<tr>\n<td>N\u00facleos sensores nvidia<\/td>\n<\/tr>\n<tr>\n<td>280<\/td>\n<\/tr>\n<tr>\n<td>N\u00facleos nvidia rt<\/td>\n<\/tr>\n<tr>\n<td>70<\/td>\n<\/tr>\n<tr>\n<td>Memoria gpu<\/td>\n<\/tr>\n<tr>\n<td>24 gb gddr7 con ecc<\/td>\n<\/tr>\n<tr>\n<td>Interfaz de memoria<\/td>\n<\/tr>\n<tr>\n<td>192 bits<\/td>\n<\/tr>\n<tr>\n<td>Consumo m\u00e1ximo<\/td>\n<\/tr>\n<tr>\n<td>Directrices de alimentaci\u00f3n para nvidiartx de 140 w<\/td>\n<\/tr>\n<tr>\n<td>(pdf)<\/td>\n<\/tr>\n<tr>\n<td>Bus gr\u00e1fico<\/td>\n<\/tr>\n<tr>\n<td>Pci express 5.0 x16<\/td>\n<\/tr>\n<tr>\n<td>Conectores de pantalla<\/td>\n<\/tr>\n<tr>\n<td>Dp 2.1 (4)<\/td>\n<\/tr>\n<tr>\n<td>Soporte de resoluci\u00f3n de pantalla nvidiartx (pdf)<\/td>\n<\/tr>\n<tr>\n<td>Factor de forma<\/td>\n<\/tr>\n<tr>\n<td>4,4 h x 9,5 l, fhml ranura \u00fanica<\/td>\n<\/tr>\n<tr>\n<td>Peso del producto<\/td>\n<\/tr>\n<tr>\n<td>.554 kg<\/td>\n<\/tr>\n<tr>\n<td>Soluci\u00f3n t\u00e9rmica<\/td>\n<\/tr>\n<tr>\n<td>Ventilador activo<\/td>\n<\/tr>\n<tr>\n<td>Nvidia\u00ae 3d vision\u00ae y 3d vision pro<\/td>\n<\/tr>\n<tr>\n<td>Soporte a trav\u00e9s de mini din de 3 patillas<\/td>\n<\/tr>\n<tr>\n<td>Cerradura de marco<\/td>\n<\/tr>\n<tr>\n<td>Compatible (con nvidia rtx pro sync)<\/td>\n<\/tr>\n<tr>\n<td>Conector de alimentaci\u00f3n<\/td>\n<\/tr>\n<tr>\n<td>1x pcie cem5 de 16 patillas<\/td>\n<\/tr>\n<tr>\n<td>Nvenc | nvdec | jpeg<\/td>\n<\/tr>\n<tr>\n<td>2x | 2x | 1x<\/td>\n<\/tr>\n<tr>\n<td>Las cifras de rendimiento pueden estar sujetas a cambios hasta la disponibilidad del producto.<\/td>\n<\/tr>\n<tr>\n<td>1las velocidades m\u00e1ximasse basan en el reloj de refuerzo de la gpu.<\/td>\n<\/tr>\n<tr>\n<td>2tops fp4 te\u00f3ricos utilizando la funci\u00f3n de dispersi\u00f3n.<\/td>\n<\/tr>\n<tr>\n<td>Requisitos del sistema<\/td>\n<\/tr>\n<tr>\n<td>\u0095 procesador intel core i5, i7, i9 o xeon o posterior<\/td>\n<\/tr>\n<tr>\n<td>\u0095 procesador amd ryzen o epyc o posterior<\/td>\n<\/tr>\n<tr>\n<td>\u0095 ranura de expansi\u00f3n pci express 5.0 x16 (preferida)<\/td>\n<\/tr>\n<tr>\n<td>\u0095 memoria del sistema superior o igual a la memoria de la gpu; se recomienda el doble de memoria para la gpu.<\/td>\n<\/tr>\n<tr>\n<td>\u0095 conexi\u00f3n a internet para la instalaci\u00f3n del controlador<\/td>\n<\/tr>\n<tr>\n<td>\u0095 pantalla(s) compatible(s) con displayport 2.1 (preferido), hdmi\u00ae o dvi<\/td>\n<\/tr>\n<tr>\n<td>Plataformas compatibles<\/td>\n<\/tr>\n<tr>\n<td>\u0095 microsoft windows 11 (64 bits)<\/td>\n<\/tr>\n<tr>\n<td>\u0095 microsoft windows 10 (64 bits)<\/td>\n<\/tr>\n<tr>\n<td>\u0095 red hat enterprise linux 7.x<\/td>\n<\/tr>\n<tr>\n<td>\u0095 suse linux enterprise desktop 15.x<\/td>\n<\/tr>\n<tr>\n<td>\u0095 fedora 31<\/td>\n<\/tr>\n<tr>\n<td>\u0095 ubuntu 18.04<\/td>\n<\/tr>\n<tr>\n<td>\u0095 freebsd 11.x<\/td>\n<\/tr>\n<tr>\n<td>El paquete contiene<\/td>\n<\/tr>\n<tr>\n<td>\u0095 tarjeta gr\u00e1fica profesional nvidia rtx pro\u0099 4000 blackwell<\/td>\n<\/tr>\n<tr>\n<td>\u0095 un (1) cable de alimentaci\u00f3n auxiliar<\/td>\n<\/tr>\n<\/table>\n","protected":false},"excerpt":{"rendered":"<p>Experimenta la potencia de la gpu de una sola ranura m\u00e1s avanzada para profesionales. Basada en la arquitectura nvidia blackwell, la nvidia rtx pro 4000 ofrece un rendimiento de ia, renderizado neuronal y eficiencia incomparables.<\/p>\n","protected":false},"featured_media":268327,"comment_status":"open","ping_status":"open","template":"","meta":[],"product_cat":[2153,1841],"product_tag":[1849],"acf":[],"yoast_head":"<!-- This site is optimized with the Yoast SEO plugin v21.7 - https:\/\/yoast.com\/wordpress\/plugins\/seo\/ -->\n<title>[ Pny ] &#129351; Vcnrtxpro4000b-pb Tarjeta De Video Nvidia Rtx Pro 4000 Blackwell \/24gb\/gddr7\/4x Dp 2.1\/ Pcie 5.0 \/gama Alta\/dise\u00f1o<\/title>\n<meta name=\"description\" content=\"Compra Vcnrtxpro4000b-pb Tarjeta De Video Nvidia Rtx Pro 4000 Blackwell \/24gb\/gddr7\/4x Dp 2.1\/ Pcie 5.0 \/gama Alta\/dise\u00f1o + Env\u00edo a domicilio + Pago seguro + Garant\u00eda\" \/>\n<meta name=\"robots\" content=\"index, follow, max-snippet:-1, max-image-preview:large, max-video-preview:-1\" \/>\n<link rel=\"canonical\" href=\"https:\/\/compuviper.mx\/tienda\/producto\/pny-vcnrtxpro4000b-pb-tarjeta-de-video-nvidia-rtx-pro-4000-blackwell-24gb-gddr7-4x-dp-2-1-pcie-5-0-gama-alta-diseo\/\" \/>\n<meta property=\"og:locale\" content=\"es_MX\" \/>\n<meta property=\"og:type\" content=\"article\" \/>\n<meta property=\"og:title\" content=\"[ Pny ] &#129351; Vcnrtxpro4000b-pb Tarjeta De Video Nvidia Rtx Pro 4000 Blackwell \/24gb\/gddr7\/4x Dp 2.1\/ Pcie 5.0 \/gama Alta\/dise\u00f1o\" \/>\n<meta property=\"og:description\" content=\"Compra Vcnrtxpro4000b-pb Tarjeta De Video Nvidia Rtx Pro 4000 Blackwell \/24gb\/gddr7\/4x Dp 2.1\/ Pcie 5.0 \/gama Alta\/dise\u00f1o + Env\u00edo a domicilio + Pago seguro + Garant\u00eda\" \/>\n<meta property=\"og:url\" content=\"https:\/\/compuviper.mx\/tienda\/producto\/pny-vcnrtxpro4000b-pb-tarjeta-de-video-nvidia-rtx-pro-4000-blackwell-24gb-gddr7-4x-dp-2-1-pcie-5-0-gama-alta-diseo\/\" \/>\n<meta property=\"og:site_name\" content=\"Compuviper\" \/>\n<meta property=\"article:publisher\" content=\"https:\/\/www.facebook.com\/compuviper\" \/>\n<meta property=\"article:modified_time\" content=\"2026-04-03T06:00:35+00:00\" \/>\n<meta property=\"og:image\" content=\"https:\/\/compuviper.mx\/tienda\/wp-content\/uploads\/2026\/03\/Tarjeta-de-video-pny-nvidia-rtx-pro-4000-blackwell-24gbgddr74x-dp-2.1-pcie-5.0-gama-altadiseno.jpg\" \/>\n\t<meta property=\"og:image:width\" content=\"200\" \/>\n\t<meta property=\"og:image:height\" content=\"200\" \/>\n\t<meta property=\"og:image:type\" content=\"image\/jpeg\" \/>\n<meta name=\"twitter:card\" content=\"summary_large_image\" \/>\n<meta name=\"twitter:label1\" content=\"Precio\" \/>\n\t<meta name=\"twitter:data1\" content=\"&#36;27,547 con IVA\" \/>\n\t<meta name=\"twitter:label2\" content=\"Availability\" \/>\n\t<meta name=\"twitter:data2\" content=\"In stock\" \/>\n<script type=\"application\/ld+json\" class=\"yoast-schema-graph\">{\"@context\":\"https:\/\/schema.org\",\"@graph\":[{\"@type\":\"WebPage\",\"@id\":\"https:\/\/compuviper.mx\/tienda\/producto\/pny-vcnrtxpro4000b-pb-tarjeta-de-video-nvidia-rtx-pro-4000-blackwell-24gb-gddr7-4x-dp-2-1-pcie-5-0-gama-alta-diseo\/\",\"url\":\"https:\/\/compuviper.mx\/tienda\/producto\/pny-vcnrtxpro4000b-pb-tarjeta-de-video-nvidia-rtx-pro-4000-blackwell-24gb-gddr7-4x-dp-2-1-pcie-5-0-gama-alta-diseo\/\",\"name\":\"[ Pny ] &#129351; Vcnrtxpro4000b-pb Tarjeta De Video Nvidia Rtx Pro 4000 Blackwell \/24gb\/gddr7\/4x Dp 2.1\/ Pcie 5.0 \/gama Alta\/dise\u00f1o\",\"isPartOf\":{\"@id\":\"https:\/\/compuviper.mx\/tienda\/#website\"},\"datePublished\":\"2026-04-02T08:26:35+00:00\",\"dateModified\":\"2026-04-03T06:00:35+00:00\",\"description\":\"Compra Vcnrtxpro4000b-pb Tarjeta De Video Nvidia Rtx Pro 4000 Blackwell \/24gb\/gddr7\/4x Dp 2.1\/ Pcie 5.0 \/gama Alta\/dise\u00f1o + Env\u00edo a domicilio + Pago seguro + Garant\u00eda\",\"breadcrumb\":{\"@id\":\"https:\/\/compuviper.mx\/tienda\/producto\/pny-vcnrtxpro4000b-pb-tarjeta-de-video-nvidia-rtx-pro-4000-blackwell-24gb-gddr7-4x-dp-2-1-pcie-5-0-gama-alta-diseo\/#breadcrumb\"},\"inLanguage\":\"es-MX\",\"potentialAction\":[{\"@type\":\"ReadAction\",\"target\":[\"https:\/\/compuviper.mx\/tienda\/producto\/pny-vcnrtxpro4000b-pb-tarjeta-de-video-nvidia-rtx-pro-4000-blackwell-24gb-gddr7-4x-dp-2-1-pcie-5-0-gama-alta-diseo\/\"]}]},{\"@type\":\"BreadcrumbList\",\"@id\":\"https:\/\/compuviper.mx\/tienda\/producto\/pny-vcnrtxpro4000b-pb-tarjeta-de-video-nvidia-rtx-pro-4000-blackwell-24gb-gddr7-4x-dp-2-1-pcie-5-0-gama-alta-diseo\/#breadcrumb\",\"itemListElement\":[{\"@type\":\"ListItem\",\"position\":1,\"name\":\"Inicio\",\"item\":\"https:\/\/compuviper.mx\/tienda\/\"},{\"@type\":\"ListItem\",\"position\":2,\"name\":\"Productos\",\"item\":\"https:\/\/compuviper.mx\/tienda\/productos\/\"},{\"@type\":\"ListItem\",\"position\":3,\"name\":\"Video\",\"item\":\"https:\/\/compuviper.mx\/tienda\/categoria-producto\/video\/\"},{\"@type\":\"ListItem\",\"position\":4,\"name\":\"Sin Categor\u00eda\",\"item\":\"https:\/\/compuviper.mx\/tienda\/categoria-producto\/video\/sin-categoria-video\/\"},{\"@type\":\"ListItem\",\"position\":5,\"name\":\"Pny Vcnrtxpro4000b-pb Tarjeta De Video Nvidia Rtx Pro 4000 Blackwell \/24gb\/gddr7\/4x Dp 2.1\/ Pcie 5.0 \/gama Alta\/dise?o\"}]},{\"@type\":\"WebSite\",\"@id\":\"https:\/\/compuviper.mx\/tienda\/#website\",\"url\":\"https:\/\/compuviper.mx\/tienda\/\",\"name\":\"Compuviper\",\"description\":\"Proveedor de Computadoras, Laptops, Servidores, Monitores, Puntos de Venta, Teclados,   Impresoras, T\u00f3ner, C\u00e1maras de Seguridad y m\u00e1s en tu tienda en l\u00ednea\",\"publisher\":{\"@id\":\"https:\/\/compuviper.mx\/tienda\/#organization\"},\"potentialAction\":[{\"@type\":\"SearchAction\",\"target\":{\"@type\":\"EntryPoint\",\"urlTemplate\":\"https:\/\/compuviper.mx\/tienda\/?s={search_term_string}\"},\"query-input\":\"required name=search_term_string\"}],\"inLanguage\":\"es-MX\"},{\"@type\":\"Organization\",\"@id\":\"https:\/\/compuviper.mx\/tienda\/#organization\",\"name\":\"Compuviper\",\"url\":\"https:\/\/compuviper.mx\/tienda\/\",\"logo\":{\"@type\":\"ImageObject\",\"inLanguage\":\"es-MX\",\"@id\":\"https:\/\/compuviper.mx\/tienda\/#\/schema\/logo\/image\/\",\"url\":\"https:\/\/compuviper.mx\/tienda\/wp-content\/uploads\/2021\/08\/Logo-Compuviper-10.png\",\"contentUrl\":\"https:\/\/compuviper.mx\/tienda\/wp-content\/uploads\/2021\/08\/Logo-Compuviper-10.png\",\"width\":1000,\"height\":500,\"caption\":\"Compuviper\"},\"image\":{\"@id\":\"https:\/\/compuviper.mx\/tienda\/#\/schema\/logo\/image\/\"},\"sameAs\":[\"https:\/\/www.facebook.com\/compuviper\",\"https:\/\/www.youtube.com\/channel\/UCf73dERp9Y3cfOq7q8BhLjA?view_as=subscriber\"]}]}<\/script>\n<meta property=\"product:brand\" content=\"PNY\" \/>\n<meta property=\"product:price:amount\" content=\"27547\" \/>\n<meta property=\"product:price:currency\" content=\"MXN\" \/>\n<meta property=\"og:availability\" content=\"instock\" \/>\n<meta property=\"product:availability\" content=\"instock\" \/>\n<meta property=\"product:retailer_item_id\" content=\"VCNRTXPRO4000B-PB\" \/>\n<meta property=\"product:condition\" content=\"new\" \/>\n<!-- \/ Yoast SEO plugin. -->","yoast_head_json":{"title":"[ Pny ] &#129351; Vcnrtxpro4000b-pb Tarjeta De Video Nvidia Rtx Pro 4000 Blackwell \/24gb\/gddr7\/4x Dp 2.1\/ Pcie 5.0 \/gama Alta\/dise\u00f1o","description":"Compra Vcnrtxpro4000b-pb Tarjeta De Video Nvidia Rtx Pro 4000 Blackwell \/24gb\/gddr7\/4x Dp 2.1\/ Pcie 5.0 \/gama Alta\/dise\u00f1o + Env\u00edo a domicilio + Pago seguro + Garant\u00eda","robots":{"index":"index","follow":"follow","max-snippet":"max-snippet:-1","max-image-preview":"max-image-preview:large","max-video-preview":"max-video-preview:-1"},"canonical":"https:\/\/compuviper.mx\/tienda\/producto\/pny-vcnrtxpro4000b-pb-tarjeta-de-video-nvidia-rtx-pro-4000-blackwell-24gb-gddr7-4x-dp-2-1-pcie-5-0-gama-alta-diseo\/","og_locale":"es_MX","og_type":"article","og_title":"[ Pny ] &#129351; Vcnrtxpro4000b-pb Tarjeta De Video Nvidia Rtx Pro 4000 Blackwell \/24gb\/gddr7\/4x Dp 2.1\/ Pcie 5.0 \/gama Alta\/dise\u00f1o","og_description":"Compra Vcnrtxpro4000b-pb Tarjeta De Video Nvidia Rtx Pro 4000 Blackwell \/24gb\/gddr7\/4x Dp 2.1\/ Pcie 5.0 \/gama Alta\/dise\u00f1o + Env\u00edo a domicilio + Pago seguro + Garant\u00eda","og_url":"https:\/\/compuviper.mx\/tienda\/producto\/pny-vcnrtxpro4000b-pb-tarjeta-de-video-nvidia-rtx-pro-4000-blackwell-24gb-gddr7-4x-dp-2-1-pcie-5-0-gama-alta-diseo\/","og_site_name":"Compuviper","article_publisher":"https:\/\/www.facebook.com\/compuviper","article_modified_time":"2026-04-03T06:00:35+00:00","og_image":[{"width":200,"height":200,"url":"https:\/\/compuviper.mx\/tienda\/wp-content\/uploads\/2026\/03\/Tarjeta-de-video-pny-nvidia-rtx-pro-4000-blackwell-24gbgddr74x-dp-2.1-pcie-5.0-gama-altadiseno.jpg","type":"image\/jpeg"}],"twitter_card":"summary_large_image","twitter_misc":{"Precio":"&#36;27,547 con IVA","Availability":"In stock"},"schema":{"@context":"https:\/\/schema.org","@graph":[{"@type":"WebPage","@id":"https:\/\/compuviper.mx\/tienda\/producto\/pny-vcnrtxpro4000b-pb-tarjeta-de-video-nvidia-rtx-pro-4000-blackwell-24gb-gddr7-4x-dp-2-1-pcie-5-0-gama-alta-diseo\/","url":"https:\/\/compuviper.mx\/tienda\/producto\/pny-vcnrtxpro4000b-pb-tarjeta-de-video-nvidia-rtx-pro-4000-blackwell-24gb-gddr7-4x-dp-2-1-pcie-5-0-gama-alta-diseo\/","name":"[ Pny ] &#129351; Vcnrtxpro4000b-pb Tarjeta De Video Nvidia Rtx Pro 4000 Blackwell \/24gb\/gddr7\/4x Dp 2.1\/ Pcie 5.0 \/gama Alta\/dise\u00f1o","isPartOf":{"@id":"https:\/\/compuviper.mx\/tienda\/#website"},"datePublished":"2026-04-02T08:26:35+00:00","dateModified":"2026-04-03T06:00:35+00:00","description":"Compra Vcnrtxpro4000b-pb Tarjeta De Video Nvidia Rtx Pro 4000 Blackwell \/24gb\/gddr7\/4x Dp 2.1\/ Pcie 5.0 \/gama Alta\/dise\u00f1o + Env\u00edo a domicilio + Pago seguro + Garant\u00eda","breadcrumb":{"@id":"https:\/\/compuviper.mx\/tienda\/producto\/pny-vcnrtxpro4000b-pb-tarjeta-de-video-nvidia-rtx-pro-4000-blackwell-24gb-gddr7-4x-dp-2-1-pcie-5-0-gama-alta-diseo\/#breadcrumb"},"inLanguage":"es-MX","potentialAction":[{"@type":"ReadAction","target":["https:\/\/compuviper.mx\/tienda\/producto\/pny-vcnrtxpro4000b-pb-tarjeta-de-video-nvidia-rtx-pro-4000-blackwell-24gb-gddr7-4x-dp-2-1-pcie-5-0-gama-alta-diseo\/"]}]},{"@type":"BreadcrumbList","@id":"https:\/\/compuviper.mx\/tienda\/producto\/pny-vcnrtxpro4000b-pb-tarjeta-de-video-nvidia-rtx-pro-4000-blackwell-24gb-gddr7-4x-dp-2-1-pcie-5-0-gama-alta-diseo\/#breadcrumb","itemListElement":[{"@type":"ListItem","position":1,"name":"Inicio","item":"https:\/\/compuviper.mx\/tienda\/"},{"@type":"ListItem","position":2,"name":"Productos","item":"https:\/\/compuviper.mx\/tienda\/productos\/"},{"@type":"ListItem","position":3,"name":"Video","item":"https:\/\/compuviper.mx\/tienda\/categoria-producto\/video\/"},{"@type":"ListItem","position":4,"name":"Sin Categor\u00eda","item":"https:\/\/compuviper.mx\/tienda\/categoria-producto\/video\/sin-categoria-video\/"},{"@type":"ListItem","position":5,"name":"Pny Vcnrtxpro4000b-pb Tarjeta De Video Nvidia Rtx Pro 4000 Blackwell \/24gb\/gddr7\/4x Dp 2.1\/ Pcie 5.0 \/gama Alta\/dise?o"}]},{"@type":"WebSite","@id":"https:\/\/compuviper.mx\/tienda\/#website","url":"https:\/\/compuviper.mx\/tienda\/","name":"Compuviper","description":"Proveedor de Computadoras, Laptops, Servidores, Monitores, Puntos de Venta, Teclados,   Impresoras, T\u00f3ner, C\u00e1maras de Seguridad y m\u00e1s en tu tienda en l\u00ednea","publisher":{"@id":"https:\/\/compuviper.mx\/tienda\/#organization"},"potentialAction":[{"@type":"SearchAction","target":{"@type":"EntryPoint","urlTemplate":"https:\/\/compuviper.mx\/tienda\/?s={search_term_string}"},"query-input":"required name=search_term_string"}],"inLanguage":"es-MX"},{"@type":"Organization","@id":"https:\/\/compuviper.mx\/tienda\/#organization","name":"Compuviper","url":"https:\/\/compuviper.mx\/tienda\/","logo":{"@type":"ImageObject","inLanguage":"es-MX","@id":"https:\/\/compuviper.mx\/tienda\/#\/schema\/logo\/image\/","url":"https:\/\/compuviper.mx\/tienda\/wp-content\/uploads\/2021\/08\/Logo-Compuviper-10.png","contentUrl":"https:\/\/compuviper.mx\/tienda\/wp-content\/uploads\/2021\/08\/Logo-Compuviper-10.png","width":1000,"height":500,"caption":"Compuviper"},"image":{"@id":"https:\/\/compuviper.mx\/tienda\/#\/schema\/logo\/image\/"},"sameAs":["https:\/\/www.facebook.com\/compuviper","https:\/\/www.youtube.com\/channel\/UCf73dERp9Y3cfOq7q8BhLjA?view_as=subscriber"]}]},"product_brand":"PNY","product_price_amount":"27547","product_price_currency":"MXN","og_availability":"instock","product_availability":"instock","product_retailer_item_id":"VCNRTXPRO4000B-PB","product_condition":"new"},"_links":{"self":[{"href":"https:\/\/compuviper.mx\/tienda\/wp-json\/wp\/v2\/product\/268326"}],"collection":[{"href":"https:\/\/compuviper.mx\/tienda\/wp-json\/wp\/v2\/product"}],"about":[{"href":"https:\/\/compuviper.mx\/tienda\/wp-json\/wp\/v2\/types\/product"}],"replies":[{"embeddable":true,"href":"https:\/\/compuviper.mx\/tienda\/wp-json\/wp\/v2\/comments?post=268326"}],"wp:featuredmedia":[{"embeddable":true,"href":"https:\/\/compuviper.mx\/tienda\/wp-json\/wp\/v2\/media\/268327"}],"wp:attachment":[{"href":"https:\/\/compuviper.mx\/tienda\/wp-json\/wp\/v2\/media?parent=268326"}],"wp:term":[{"taxonomy":"product_cat","embeddable":true,"href":"https:\/\/compuviper.mx\/tienda\/wp-json\/wp\/v2\/product_cat?post=268326"},{"taxonomy":"product_tag","embeddable":true,"href":"https:\/\/compuviper.mx\/tienda\/wp-json\/wp\/v2\/product_tag?post=268326"}],"curies":[{"name":"wp","href":"https:\/\/api.w.org\/{rel}","templated":true}]}}