{"id":268320,"date":"2026-04-25T23:26:03","date_gmt":"2026-04-26T05:26:03","guid":{"rendered":"https:\/\/compuviper.mx\/tienda\/producto\/gigabyte-gv-n3050oc-6gl-tarjeta-de-video-gddr6-6gb-dp-hdmi-pcie-4-0-gama-baja-low-profile\/"},"modified":"2026-04-26T00:00:46","modified_gmt":"2026-04-26T06:00:46","slug":"gigabyte-gv-n3050oc-6gl-tarjeta-de-video-gddr6-6gb-dp-hdmi-pcie-4-0-gama-baja-low-profile","status":"publish","type":"product","link":"https:\/\/compuviper.mx\/tienda\/producto\/gigabyte-gv-n3050oc-6gl-tarjeta-de-video-gddr6-6gb-dp-hdmi-pcie-4-0-gama-baja-low-profile\/","title":{"rendered":"Gigabyte Gv-n3050oc-6gl Tarjeta De Video   \/ Gddr6 6gb \/ Dp \/ Hdmi \/ Pcie 4.0 \/ Gama Baja \/ Low Profile"},"content":{"rendered":"<table class=\"descripcion\">\n<tr>\n<td>Procesamiento de gr\u00e1ficos<\/td>\n<\/tr>\n<tr>\n<td>Geforce rtx\u0099 3050<\/td>\n<\/tr>\n<tr>\n<td>Reloj central<\/td>\n<\/tr>\n<tr>\n<td>1477 mhz (tarjeta de referencia: 1470 mhz)<\/td>\n<\/tr>\n<tr>\n<td>Colores cuda\u00ae<\/td>\n<\/tr>\n<tr>\n<td>2304<\/td>\n<\/tr>\n<tr>\n<td>Reloj de memoria<\/td>\n<\/tr>\n<tr>\n<td>14000 mhz<\/td>\n<\/tr>\n<tr>\n<td>Tama\u00f1o de la memoria<\/td>\n<\/tr>\n<tr>\n<td>6 gb<\/td>\n<\/tr>\n<tr>\n<td>Tipo de memoria<\/td>\n<\/tr>\n<tr>\n<td>Gddr6<\/td>\n<\/tr>\n<tr>\n<td>Bus de memoria<\/td>\n<\/tr>\n<tr>\n<td>96 bits<\/td>\n<\/tr>\n<tr>\n<td>Tarjeta de autob\u00fas<\/td>\n<\/tr>\n<tr>\n<td>Pci-e 4.0<\/td>\n<\/tr>\n<tr>\n<td>Resoluci\u00f3n m\u00e1xima digital<\/td>\n<\/tr>\n<tr>\n<td>7680&#215;4320<\/td>\n<\/tr>\n<tr>\n<td>Vista m\u00faltiple<\/td>\n<\/tr>\n<tr>\n<td>4<\/td>\n<\/tr>\n<tr>\n<td>Tama\u00f1o de la tarjeta<\/td>\n<\/tr>\n<tr>\n<td>Largo=181 ancho=69 alto=36 mm<\/td>\n<\/tr>\n<tr>\n<td>Formulario de pcb<\/td>\n<\/tr>\n<tr>\n<td>Perfil bajo<\/td>\n<\/tr>\n<tr>\n<td>Directx<\/td>\n<\/tr>\n<tr>\n<td>12 \u00faltimo<\/td>\n<\/tr>\n<tr>\n<td>Opengl<\/td>\n<\/tr>\n<tr>\n<td>4.6<\/td>\n<\/tr>\n<tr>\n<td>Fuente de alimentaci\u00f3n recomendada<\/td>\n<\/tr>\n<tr>\n<td>300 w<\/td>\n<\/tr>\n<tr>\n<td>Conectores de alimentaci\u00f3n<\/td>\n<\/tr>\n<tr>\n<td>N \/ a<\/td>\n<\/tr>\n<tr>\n<td>Producci\u00f3n<\/td>\n<\/tr>\n<tr>\n<td>Dp1.4a*2<\/td>\n<\/tr>\n<tr>\n<td>Hdmi 2.1*2<\/td>\n<\/tr>\n<tr>\n<td>Accesorios<\/td>\n<\/tr>\n<tr>\n<td>1. gu\u00eda r\u00e1pida<\/td>\n<\/tr>\n<tr>\n<td>2. soporte de perfil bajo<\/td>\n<\/tr>\n<\/table>\n","protected":false},"excerpt":{"rendered":"<p>Caracter\u00edstica clave. Multiprocesadores nvidia ampere streaming. N\u00facleos rt de segunda generaci\u00f3n. N\u00facleos tensor de tercera generaci\u00f3n. Impulsados  and #8203; and #8203;por geforce rtx\u0099 3050. Integrado con interfaz de memoria gddr6 de 96 bits de 6 gb. Dise\u00f1o de perfil bajo con longitud de tarjeta de 181 mm. Admite hasta 4 pantallas. Reloj central. 1477 mhz (tarjeta de referencia: 1470 mhz)<\/p>\n","protected":false},"featured_media":268321,"comment_status":"open","ping_status":"open","template":"","meta":[],"product_cat":[1841,1842],"product_tag":[1732],"acf":[],"yoast_head":"<!-- This site is optimized with the Yoast SEO plugin v21.7 - https:\/\/yoast.com\/wordpress\/plugins\/seo\/ -->\n<title>[ Gigabyte ] &#129351; Gv-n3050oc-6gl Tarjeta De Video \/ Gddr6 6gb \/ Dp \/ Hdmi \/ Pcie 4.0 \/ Gama Baja \/ Low Profile<\/title>\n<meta name=\"description\" content=\"Compra Gv-n3050oc-6gl Tarjeta De Video \/ Gddr6 6gb \/ Dp \/ Hdmi \/ Pcie 4.0 \/ Gama Baja \/ Low Profile + Env\u00edo a domicilio + Pago seguro + Garant\u00eda\" \/>\n<meta name=\"robots\" content=\"index, follow, max-snippet:-1, max-image-preview:large, max-video-preview:-1\" \/>\n<link rel=\"canonical\" href=\"https:\/\/compuviper.mx\/tienda\/producto\/gigabyte-gv-n3050oc-6gl-tarjeta-de-video-gddr6-6gb-dp-hdmi-pcie-4-0-gama-baja-low-profile\/\" \/>\n<meta property=\"og:locale\" content=\"es_MX\" \/>\n<meta property=\"og:type\" content=\"article\" \/>\n<meta property=\"og:title\" content=\"[ Gigabyte ] &#129351; Gv-n3050oc-6gl Tarjeta De Video \/ Gddr6 6gb \/ Dp \/ Hdmi \/ Pcie 4.0 \/ Gama Baja \/ Low Profile\" \/>\n<meta property=\"og:description\" content=\"Compra Gv-n3050oc-6gl Tarjeta De Video \/ Gddr6 6gb \/ Dp \/ Hdmi \/ Pcie 4.0 \/ Gama Baja \/ Low Profile + Env\u00edo a domicilio + Pago seguro + Garant\u00eda\" \/>\n<meta property=\"og:url\" content=\"https:\/\/compuviper.mx\/tienda\/producto\/gigabyte-gv-n3050oc-6gl-tarjeta-de-video-gddr6-6gb-dp-hdmi-pcie-4-0-gama-baja-low-profile\/\" \/>\n<meta property=\"og:site_name\" content=\"Compuviper\" \/>\n<meta property=\"article:publisher\" content=\"https:\/\/www.facebook.com\/compuviper\" \/>\n<meta property=\"article:modified_time\" content=\"2026-04-26T06:00:46+00:00\" \/>\n<meta property=\"og:image\" content=\"https:\/\/compuviper.mx\/tienda\/wp-content\/uploads\/2026\/03\/Tarjeta-de-video-gigabyte-gv-n3050oc-6gl-gddr6-6gb-dp-hdmi-pcie-4.0-gama-baja-low-profile.jpg\" \/>\n\t<meta property=\"og:image:width\" content=\"200\" \/>\n\t<meta property=\"og:image:height\" content=\"200\" \/>\n\t<meta property=\"og:image:type\" content=\"image\/jpeg\" \/>\n<meta name=\"twitter:card\" content=\"summary_large_image\" \/>\n<meta name=\"twitter:label1\" content=\"Precio\" \/>\n\t<meta name=\"twitter:data1\" content=\"&#36;3,456 con IVA\" \/>\n\t<meta name=\"twitter:label2\" content=\"Availability\" \/>\n\t<meta name=\"twitter:data2\" content=\"In stock\" \/>\n<script type=\"application\/ld+json\" class=\"yoast-schema-graph\">{\"@context\":\"https:\/\/schema.org\",\"@graph\":[{\"@type\":\"WebPage\",\"@id\":\"https:\/\/compuviper.mx\/tienda\/producto\/gigabyte-gv-n3050oc-6gl-tarjeta-de-video-gddr6-6gb-dp-hdmi-pcie-4-0-gama-baja-low-profile\/\",\"url\":\"https:\/\/compuviper.mx\/tienda\/producto\/gigabyte-gv-n3050oc-6gl-tarjeta-de-video-gddr6-6gb-dp-hdmi-pcie-4-0-gama-baja-low-profile\/\",\"name\":\"[ Gigabyte ] &#129351; Gv-n3050oc-6gl Tarjeta De Video \/ Gddr6 6gb \/ Dp \/ Hdmi \/ Pcie 4.0 \/ Gama Baja \/ Low Profile\",\"isPartOf\":{\"@id\":\"https:\/\/compuviper.mx\/tienda\/#website\"},\"datePublished\":\"2026-04-26T05:26:03+00:00\",\"dateModified\":\"2026-04-26T06:00:46+00:00\",\"description\":\"Compra Gv-n3050oc-6gl Tarjeta De Video \/ Gddr6 6gb \/ Dp \/ Hdmi \/ Pcie 4.0 \/ Gama Baja \/ Low Profile + Env\u00edo a domicilio + Pago seguro + Garant\u00eda\",\"breadcrumb\":{\"@id\":\"https:\/\/compuviper.mx\/tienda\/producto\/gigabyte-gv-n3050oc-6gl-tarjeta-de-video-gddr6-6gb-dp-hdmi-pcie-4-0-gama-baja-low-profile\/#breadcrumb\"},\"inLanguage\":\"es-MX\",\"potentialAction\":[{\"@type\":\"ReadAction\",\"target\":[\"https:\/\/compuviper.mx\/tienda\/producto\/gigabyte-gv-n3050oc-6gl-tarjeta-de-video-gddr6-6gb-dp-hdmi-pcie-4-0-gama-baja-low-profile\/\"]}]},{\"@type\":\"BreadcrumbList\",\"@id\":\"https:\/\/compuviper.mx\/tienda\/producto\/gigabyte-gv-n3050oc-6gl-tarjeta-de-video-gddr6-6gb-dp-hdmi-pcie-4-0-gama-baja-low-profile\/#breadcrumb\",\"itemListElement\":[{\"@type\":\"ListItem\",\"position\":1,\"name\":\"Inicio\",\"item\":\"https:\/\/compuviper.mx\/tienda\/\"},{\"@type\":\"ListItem\",\"position\":2,\"name\":\"Productos\",\"item\":\"https:\/\/compuviper.mx\/tienda\/productos\/\"},{\"@type\":\"ListItem\",\"position\":3,\"name\":\"Video\",\"item\":\"https:\/\/compuviper.mx\/tienda\/categoria-producto\/video\/\"},{\"@type\":\"ListItem\",\"position\":4,\"name\":\"Video\",\"item\":\"https:\/\/compuviper.mx\/tienda\/categoria-producto\/video\/video-video\/\"},{\"@type\":\"ListItem\",\"position\":5,\"name\":\"Gigabyte Gv-n3050oc-6gl Tarjeta De Video \/ Gddr6 6gb \/ Dp \/ Hdmi \/ Pcie 4.0 \/ Gama Baja \/ Low Profile\"}]},{\"@type\":\"WebSite\",\"@id\":\"https:\/\/compuviper.mx\/tienda\/#website\",\"url\":\"https:\/\/compuviper.mx\/tienda\/\",\"name\":\"Compuviper\",\"description\":\"Proveedor de Computadoras, Laptops, Servidores, Monitores, Puntos de Venta, Teclados,   Impresoras, T\u00f3ner, C\u00e1maras de Seguridad y m\u00e1s en tu tienda en l\u00ednea\",\"publisher\":{\"@id\":\"https:\/\/compuviper.mx\/tienda\/#organization\"},\"potentialAction\":[{\"@type\":\"SearchAction\",\"target\":{\"@type\":\"EntryPoint\",\"urlTemplate\":\"https:\/\/compuviper.mx\/tienda\/?s={search_term_string}\"},\"query-input\":\"required name=search_term_string\"}],\"inLanguage\":\"es-MX\"},{\"@type\":\"Organization\",\"@id\":\"https:\/\/compuviper.mx\/tienda\/#organization\",\"name\":\"Compuviper\",\"url\":\"https:\/\/compuviper.mx\/tienda\/\",\"logo\":{\"@type\":\"ImageObject\",\"inLanguage\":\"es-MX\",\"@id\":\"https:\/\/compuviper.mx\/tienda\/#\/schema\/logo\/image\/\",\"url\":\"https:\/\/compuviper.mx\/tienda\/wp-content\/uploads\/2021\/08\/Logo-Compuviper-10.png\",\"contentUrl\":\"https:\/\/compuviper.mx\/tienda\/wp-content\/uploads\/2021\/08\/Logo-Compuviper-10.png\",\"width\":1000,\"height\":500,\"caption\":\"Compuviper\"},\"image\":{\"@id\":\"https:\/\/compuviper.mx\/tienda\/#\/schema\/logo\/image\/\"},\"sameAs\":[\"https:\/\/www.facebook.com\/compuviper\",\"https:\/\/www.youtube.com\/channel\/UCf73dERp9Y3cfOq7q8BhLjA?view_as=subscriber\"]}]}<\/script>\n<meta property=\"product:brand\" content=\"GIGABYTE\" \/>\n<meta property=\"product:price:amount\" content=\"3456\" \/>\n<meta property=\"product:price:currency\" content=\"MXN\" \/>\n<meta property=\"og:availability\" content=\"instock\" \/>\n<meta property=\"product:availability\" content=\"instock\" \/>\n<meta property=\"product:retailer_item_id\" content=\"GV-N3050OC-6GL\" \/>\n<meta property=\"product:condition\" content=\"new\" \/>\n<!-- \/ Yoast SEO plugin. -->","yoast_head_json":{"title":"[ Gigabyte ] &#129351; Gv-n3050oc-6gl Tarjeta De Video \/ Gddr6 6gb \/ Dp \/ Hdmi \/ Pcie 4.0 \/ Gama Baja \/ Low Profile","description":"Compra Gv-n3050oc-6gl Tarjeta De Video \/ Gddr6 6gb \/ Dp \/ Hdmi \/ Pcie 4.0 \/ Gama Baja \/ Low Profile + Env\u00edo a domicilio + Pago seguro + Garant\u00eda","robots":{"index":"index","follow":"follow","max-snippet":"max-snippet:-1","max-image-preview":"max-image-preview:large","max-video-preview":"max-video-preview:-1"},"canonical":"https:\/\/compuviper.mx\/tienda\/producto\/gigabyte-gv-n3050oc-6gl-tarjeta-de-video-gddr6-6gb-dp-hdmi-pcie-4-0-gama-baja-low-profile\/","og_locale":"es_MX","og_type":"article","og_title":"[ Gigabyte ] &#129351; Gv-n3050oc-6gl Tarjeta De Video \/ Gddr6 6gb \/ Dp \/ Hdmi \/ Pcie 4.0 \/ Gama Baja \/ Low Profile","og_description":"Compra Gv-n3050oc-6gl Tarjeta De Video \/ Gddr6 6gb \/ Dp \/ Hdmi \/ Pcie 4.0 \/ Gama Baja \/ Low Profile + Env\u00edo a domicilio + Pago seguro + Garant\u00eda","og_url":"https:\/\/compuviper.mx\/tienda\/producto\/gigabyte-gv-n3050oc-6gl-tarjeta-de-video-gddr6-6gb-dp-hdmi-pcie-4-0-gama-baja-low-profile\/","og_site_name":"Compuviper","article_publisher":"https:\/\/www.facebook.com\/compuviper","article_modified_time":"2026-04-26T06:00:46+00:00","og_image":[{"width":200,"height":200,"url":"https:\/\/compuviper.mx\/tienda\/wp-content\/uploads\/2026\/03\/Tarjeta-de-video-gigabyte-gv-n3050oc-6gl-gddr6-6gb-dp-hdmi-pcie-4.0-gama-baja-low-profile.jpg","type":"image\/jpeg"}],"twitter_card":"summary_large_image","twitter_misc":{"Precio":"&#36;3,456 con IVA","Availability":"In stock"},"schema":{"@context":"https:\/\/schema.org","@graph":[{"@type":"WebPage","@id":"https:\/\/compuviper.mx\/tienda\/producto\/gigabyte-gv-n3050oc-6gl-tarjeta-de-video-gddr6-6gb-dp-hdmi-pcie-4-0-gama-baja-low-profile\/","url":"https:\/\/compuviper.mx\/tienda\/producto\/gigabyte-gv-n3050oc-6gl-tarjeta-de-video-gddr6-6gb-dp-hdmi-pcie-4-0-gama-baja-low-profile\/","name":"[ Gigabyte ] &#129351; Gv-n3050oc-6gl Tarjeta De Video \/ Gddr6 6gb \/ Dp \/ Hdmi \/ Pcie 4.0 \/ Gama Baja \/ Low Profile","isPartOf":{"@id":"https:\/\/compuviper.mx\/tienda\/#website"},"datePublished":"2026-04-26T05:26:03+00:00","dateModified":"2026-04-26T06:00:46+00:00","description":"Compra Gv-n3050oc-6gl Tarjeta De Video \/ Gddr6 6gb \/ Dp \/ Hdmi \/ Pcie 4.0 \/ Gama Baja \/ Low Profile + Env\u00edo a domicilio + Pago seguro + Garant\u00eda","breadcrumb":{"@id":"https:\/\/compuviper.mx\/tienda\/producto\/gigabyte-gv-n3050oc-6gl-tarjeta-de-video-gddr6-6gb-dp-hdmi-pcie-4-0-gama-baja-low-profile\/#breadcrumb"},"inLanguage":"es-MX","potentialAction":[{"@type":"ReadAction","target":["https:\/\/compuviper.mx\/tienda\/producto\/gigabyte-gv-n3050oc-6gl-tarjeta-de-video-gddr6-6gb-dp-hdmi-pcie-4-0-gama-baja-low-profile\/"]}]},{"@type":"BreadcrumbList","@id":"https:\/\/compuviper.mx\/tienda\/producto\/gigabyte-gv-n3050oc-6gl-tarjeta-de-video-gddr6-6gb-dp-hdmi-pcie-4-0-gama-baja-low-profile\/#breadcrumb","itemListElement":[{"@type":"ListItem","position":1,"name":"Inicio","item":"https:\/\/compuviper.mx\/tienda\/"},{"@type":"ListItem","position":2,"name":"Productos","item":"https:\/\/compuviper.mx\/tienda\/productos\/"},{"@type":"ListItem","position":3,"name":"Video","item":"https:\/\/compuviper.mx\/tienda\/categoria-producto\/video\/"},{"@type":"ListItem","position":4,"name":"Video","item":"https:\/\/compuviper.mx\/tienda\/categoria-producto\/video\/video-video\/"},{"@type":"ListItem","position":5,"name":"Gigabyte Gv-n3050oc-6gl Tarjeta De Video \/ Gddr6 6gb \/ Dp \/ Hdmi \/ Pcie 4.0 \/ Gama Baja \/ Low Profile"}]},{"@type":"WebSite","@id":"https:\/\/compuviper.mx\/tienda\/#website","url":"https:\/\/compuviper.mx\/tienda\/","name":"Compuviper","description":"Proveedor de Computadoras, Laptops, Servidores, Monitores, Puntos de Venta, Teclados,   Impresoras, T\u00f3ner, C\u00e1maras de Seguridad y m\u00e1s en tu tienda en l\u00ednea","publisher":{"@id":"https:\/\/compuviper.mx\/tienda\/#organization"},"potentialAction":[{"@type":"SearchAction","target":{"@type":"EntryPoint","urlTemplate":"https:\/\/compuviper.mx\/tienda\/?s={search_term_string}"},"query-input":"required name=search_term_string"}],"inLanguage":"es-MX"},{"@type":"Organization","@id":"https:\/\/compuviper.mx\/tienda\/#organization","name":"Compuviper","url":"https:\/\/compuviper.mx\/tienda\/","logo":{"@type":"ImageObject","inLanguage":"es-MX","@id":"https:\/\/compuviper.mx\/tienda\/#\/schema\/logo\/image\/","url":"https:\/\/compuviper.mx\/tienda\/wp-content\/uploads\/2021\/08\/Logo-Compuviper-10.png","contentUrl":"https:\/\/compuviper.mx\/tienda\/wp-content\/uploads\/2021\/08\/Logo-Compuviper-10.png","width":1000,"height":500,"caption":"Compuviper"},"image":{"@id":"https:\/\/compuviper.mx\/tienda\/#\/schema\/logo\/image\/"},"sameAs":["https:\/\/www.facebook.com\/compuviper","https:\/\/www.youtube.com\/channel\/UCf73dERp9Y3cfOq7q8BhLjA?view_as=subscriber"]}]},"product_brand":"GIGABYTE","product_price_amount":"3456","product_price_currency":"MXN","og_availability":"instock","product_availability":"instock","product_retailer_item_id":"GV-N3050OC-6GL","product_condition":"new"},"_links":{"self":[{"href":"https:\/\/compuviper.mx\/tienda\/wp-json\/wp\/v2\/product\/268320"}],"collection":[{"href":"https:\/\/compuviper.mx\/tienda\/wp-json\/wp\/v2\/product"}],"about":[{"href":"https:\/\/compuviper.mx\/tienda\/wp-json\/wp\/v2\/types\/product"}],"replies":[{"embeddable":true,"href":"https:\/\/compuviper.mx\/tienda\/wp-json\/wp\/v2\/comments?post=268320"}],"wp:featuredmedia":[{"embeddable":true,"href":"https:\/\/compuviper.mx\/tienda\/wp-json\/wp\/v2\/media\/268321"}],"wp:attachment":[{"href":"https:\/\/compuviper.mx\/tienda\/wp-json\/wp\/v2\/media?parent=268320"}],"wp:term":[{"taxonomy":"product_cat","embeddable":true,"href":"https:\/\/compuviper.mx\/tienda\/wp-json\/wp\/v2\/product_cat?post=268320"},{"taxonomy":"product_tag","embeddable":true,"href":"https:\/\/compuviper.mx\/tienda\/wp-json\/wp\/v2\/product_tag?post=268320"}],"curies":[{"name":"wp","href":"https:\/\/api.w.org\/{rel}","templated":true}]}}