{"id":268318,"date":"2026-04-25T02:13:53","date_gmt":"2026-04-25T08:13:53","guid":{"rendered":"https:\/\/compuviper.mx\/tienda\/producto\/asus-oem-gt730-sl-2gd5-brk-tarjeta-de-video-asus-nvidia-gt730-pcie-x16-2-0-2gb-gddr5-hdmi-dvi-d-bajo-perfil-gama-basica\/"},"modified":"2026-04-26T00:00:39","modified_gmt":"2026-04-26T06:00:39","slug":"asus-oem-gt730-sl-2gd5-brk-tarjeta-de-video-asus-nvidia-gt730-pcie-x16-2-0-2gb-gddr5-hdmi-dvi-d-bajo-perfil-gama-basica","status":"publish","type":"product","link":"https:\/\/compuviper.mx\/tienda\/producto\/asus-oem-gt730-sl-2gd5-brk-tarjeta-de-video-asus-nvidia-gt730-pcie-x16-2-0-2gb-gddr5-hdmi-dvi-d-bajo-perfil-gama-basica\/","title":{"rendered":"Asus Oem Gt730-sl-2gd5-brk Tarjeta De Video Asus Nvidia Gt730 \/pcie X16 2.0 \/2gb Gddr5 \/hdmi \/dvi-d \/bajo Perfil \/gama Basica"},"content":{"rendered":"<table class=\"descripcion\">\n<tr>\n<td>Gt730-sl-2gd5-brk<\/td>\n<\/tr>\n<tr>\n<td>Motor grafico  nvidia geforce gt 730<\/td>\n<\/tr>\n<tr>\n<td>Estandar pci express 2.0<\/td>\n<\/tr>\n<tr>\n<td>Opengl  opengl 4.4<\/td>\n<\/tr>\n<tr>\n<td>Memoria de video  gddr5 de 2 gb<\/td>\n<\/tr>\n<tr>\n<td>Reloj del motor  902 mhz<\/td>\n<\/tr>\n<tr>\n<td>Nucleo cuda  384<\/td>\n<\/tr>\n<tr>\n<td>Velocidad de memoria  5010 mhz<\/td>\n<\/tr>\n<tr>\n<td>Interfaz de memoria  64 bits<\/td>\n<\/tr>\n<tr>\n<td>Resolucion  resolucion m\u00e1xima digital 3840 x 2160<\/td>\n<\/tr>\n<tr>\n<td>Interfaz<\/td>\n<\/tr>\n<tr>\n<td>S\u00ed x 1 (dvi-d nativo)<\/td>\n<\/tr>\n<tr>\n<td>S\u00ed x 1 (hdmi 1.4a nativo)<\/td>\n<\/tr>\n<tr>\n<td>Compatibilidad con hdcp s\u00ed (2.2)<\/td>\n<\/tr>\n<tr>\n<td>Soporte de pantalla maximo  3<\/td>\n<\/tr>\n<tr>\n<td>Soporte nvlink \/ crossfire  no<\/td>\n<\/tr>\n<tr>\n<td>Dimensiones<\/td>\n<\/tr>\n<tr>\n<td>6.5 x 2.72 x 1.54 pulgadas<\/td>\n<\/tr>\n<tr>\n<td>16.5 x 6.9 x3.9 cent\u00edmetro<\/td>\n<\/tr>\n<tr>\n<td>Psu recomendada  300w<\/td>\n<\/tr>\n<tr>\n<td>Espacio  2 ranuras<\/td>\n<\/tr>\n<\/table>\n","protected":false},"excerpt":{"rendered":"<p>Tarjeta grafica asus geforce gt 730 gddr5 de 2 gb de perfil bajo para una construccion htpc silenciosa (con soportes de puerto de e \/ s. El enfriamiento pasivo silencioso significa 0db verdadero, perfecto para pcs de cine en casa silenciosos y centros multimedia. La tecnologia auto-extreme  utiliza la automatizaci\u00f3n para mejorar la confiabilidad. Gpu tweak ii  proporciona ajustes de rendimiento intuitivos, controles termicos y supervision del sistema.<\/p>\n","protected":false},"featured_media":268319,"comment_status":"open","ping_status":"open","template":"","meta":[],"product_cat":[1841,1842],"product_tag":[2096],"acf":[],"yoast_head":"<!-- This site is optimized with the Yoast SEO plugin v21.7 - https:\/\/yoast.com\/wordpress\/plugins\/seo\/ -->\n<title>[ Asus Oem ] &#129351; Gt730-sl-2gd5-brk Tarjeta De Video Asus Nvidia Gt730 \/pcie X16 2.0 \/2gb Gddr5 \/hdmi \/dvi-d \/bajo Perfil \/gama Basica<\/title>\n<meta name=\"description\" content=\"Compra Gt730-sl-2gd5-brk Tarjeta De Video Asus Nvidia Gt730 \/pcie X16 2.0 \/2gb Gddr5 \/hdmi \/dvi-d \/bajo Perfil \/gama Basica + Env\u00edo a domicilio + Pago seguro + Garant\u00eda\" \/>\n<meta name=\"robots\" content=\"index, follow, max-snippet:-1, max-image-preview:large, max-video-preview:-1\" \/>\n<link rel=\"canonical\" href=\"https:\/\/compuviper.mx\/tienda\/producto\/asus-oem-gt730-sl-2gd5-brk-tarjeta-de-video-asus-nvidia-gt730-pcie-x16-2-0-2gb-gddr5-hdmi-dvi-d-bajo-perfil-gama-basica\/\" \/>\n<meta property=\"og:locale\" content=\"es_MX\" \/>\n<meta property=\"og:type\" content=\"article\" \/>\n<meta property=\"og:title\" content=\"[ Asus Oem ] &#129351; Gt730-sl-2gd5-brk Tarjeta De Video Asus Nvidia Gt730 \/pcie X16 2.0 \/2gb Gddr5 \/hdmi \/dvi-d \/bajo Perfil \/gama Basica\" \/>\n<meta property=\"og:description\" content=\"Compra Gt730-sl-2gd5-brk Tarjeta De Video Asus Nvidia Gt730 \/pcie X16 2.0 \/2gb Gddr5 \/hdmi \/dvi-d \/bajo Perfil \/gama Basica + Env\u00edo a domicilio + Pago seguro + Garant\u00eda\" \/>\n<meta property=\"og:url\" content=\"https:\/\/compuviper.mx\/tienda\/producto\/asus-oem-gt730-sl-2gd5-brk-tarjeta-de-video-asus-nvidia-gt730-pcie-x16-2-0-2gb-gddr5-hdmi-dvi-d-bajo-perfil-gama-basica\/\" \/>\n<meta property=\"og:site_name\" content=\"Compuviper\" \/>\n<meta property=\"article:publisher\" content=\"https:\/\/www.facebook.com\/compuviper\" \/>\n<meta property=\"article:modified_time\" content=\"2026-04-26T06:00:39+00:00\" \/>\n<meta property=\"og:image\" content=\"https:\/\/compuviper.mx\/tienda\/wp-content\/uploads\/2026\/03\/Tarjeta-de-video-asus-nvidia-gt730-pcie-x16-2.0-2gb-gddr5-hdmi-dvi-d-bajo-perfil-gama-basica.jpg\" \/>\n\t<meta property=\"og:image:width\" content=\"200\" \/>\n\t<meta property=\"og:image:height\" content=\"200\" \/>\n\t<meta property=\"og:image:type\" content=\"image\/jpeg\" \/>\n<meta name=\"twitter:card\" content=\"summary_large_image\" \/>\n<meta name=\"twitter:label1\" content=\"Precio\" \/>\n\t<meta name=\"twitter:data1\" content=\"&#36;1,399 con IVA\" \/>\n\t<meta name=\"twitter:label2\" content=\"Availability\" \/>\n\t<meta name=\"twitter:data2\" content=\"In stock\" \/>\n<script type=\"application\/ld+json\" class=\"yoast-schema-graph\">{\"@context\":\"https:\/\/schema.org\",\"@graph\":[{\"@type\":\"WebPage\",\"@id\":\"https:\/\/compuviper.mx\/tienda\/producto\/asus-oem-gt730-sl-2gd5-brk-tarjeta-de-video-asus-nvidia-gt730-pcie-x16-2-0-2gb-gddr5-hdmi-dvi-d-bajo-perfil-gama-basica\/\",\"url\":\"https:\/\/compuviper.mx\/tienda\/producto\/asus-oem-gt730-sl-2gd5-brk-tarjeta-de-video-asus-nvidia-gt730-pcie-x16-2-0-2gb-gddr5-hdmi-dvi-d-bajo-perfil-gama-basica\/\",\"name\":\"[ Asus Oem ] &#129351; Gt730-sl-2gd5-brk Tarjeta De Video Asus Nvidia Gt730 \/pcie X16 2.0 \/2gb Gddr5 \/hdmi \/dvi-d \/bajo Perfil \/gama Basica\",\"isPartOf\":{\"@id\":\"https:\/\/compuviper.mx\/tienda\/#website\"},\"datePublished\":\"2026-04-25T08:13:53+00:00\",\"dateModified\":\"2026-04-26T06:00:39+00:00\",\"description\":\"Compra Gt730-sl-2gd5-brk Tarjeta De Video Asus Nvidia Gt730 \/pcie X16 2.0 \/2gb Gddr5 \/hdmi \/dvi-d \/bajo Perfil \/gama Basica + Env\u00edo a domicilio + Pago seguro + Garant\u00eda\",\"breadcrumb\":{\"@id\":\"https:\/\/compuviper.mx\/tienda\/producto\/asus-oem-gt730-sl-2gd5-brk-tarjeta-de-video-asus-nvidia-gt730-pcie-x16-2-0-2gb-gddr5-hdmi-dvi-d-bajo-perfil-gama-basica\/#breadcrumb\"},\"inLanguage\":\"es-MX\",\"potentialAction\":[{\"@type\":\"ReadAction\",\"target\":[\"https:\/\/compuviper.mx\/tienda\/producto\/asus-oem-gt730-sl-2gd5-brk-tarjeta-de-video-asus-nvidia-gt730-pcie-x16-2-0-2gb-gddr5-hdmi-dvi-d-bajo-perfil-gama-basica\/\"]}]},{\"@type\":\"BreadcrumbList\",\"@id\":\"https:\/\/compuviper.mx\/tienda\/producto\/asus-oem-gt730-sl-2gd5-brk-tarjeta-de-video-asus-nvidia-gt730-pcie-x16-2-0-2gb-gddr5-hdmi-dvi-d-bajo-perfil-gama-basica\/#breadcrumb\",\"itemListElement\":[{\"@type\":\"ListItem\",\"position\":1,\"name\":\"Inicio\",\"item\":\"https:\/\/compuviper.mx\/tienda\/\"},{\"@type\":\"ListItem\",\"position\":2,\"name\":\"Productos\",\"item\":\"https:\/\/compuviper.mx\/tienda\/productos\/\"},{\"@type\":\"ListItem\",\"position\":3,\"name\":\"Video\",\"item\":\"https:\/\/compuviper.mx\/tienda\/categoria-producto\/video\/\"},{\"@type\":\"ListItem\",\"position\":4,\"name\":\"Video\",\"item\":\"https:\/\/compuviper.mx\/tienda\/categoria-producto\/video\/video-video\/\"},{\"@type\":\"ListItem\",\"position\":5,\"name\":\"Asus Oem Gt730-sl-2gd5-brk Tarjeta De Video Asus Nvidia Gt730 \/pcie X16 2.0 \/2gb Gddr5 \/hdmi \/dvi-d \/bajo Perfil \/gama Basica\"}]},{\"@type\":\"WebSite\",\"@id\":\"https:\/\/compuviper.mx\/tienda\/#website\",\"url\":\"https:\/\/compuviper.mx\/tienda\/\",\"name\":\"Compuviper\",\"description\":\"Proveedor de Computadoras, Laptops, Servidores, Monitores, Puntos de Venta, Teclados,   Impresoras, T\u00f3ner, C\u00e1maras de Seguridad y m\u00e1s en tu tienda en l\u00ednea\",\"publisher\":{\"@id\":\"https:\/\/compuviper.mx\/tienda\/#organization\"},\"potentialAction\":[{\"@type\":\"SearchAction\",\"target\":{\"@type\":\"EntryPoint\",\"urlTemplate\":\"https:\/\/compuviper.mx\/tienda\/?s={search_term_string}\"},\"query-input\":\"required name=search_term_string\"}],\"inLanguage\":\"es-MX\"},{\"@type\":\"Organization\",\"@id\":\"https:\/\/compuviper.mx\/tienda\/#organization\",\"name\":\"Compuviper\",\"url\":\"https:\/\/compuviper.mx\/tienda\/\",\"logo\":{\"@type\":\"ImageObject\",\"inLanguage\":\"es-MX\",\"@id\":\"https:\/\/compuviper.mx\/tienda\/#\/schema\/logo\/image\/\",\"url\":\"https:\/\/compuviper.mx\/tienda\/wp-content\/uploads\/2021\/08\/Logo-Compuviper-10.png\",\"contentUrl\":\"https:\/\/compuviper.mx\/tienda\/wp-content\/uploads\/2021\/08\/Logo-Compuviper-10.png\",\"width\":1000,\"height\":500,\"caption\":\"Compuviper\"},\"image\":{\"@id\":\"https:\/\/compuviper.mx\/tienda\/#\/schema\/logo\/image\/\"},\"sameAs\":[\"https:\/\/www.facebook.com\/compuviper\",\"https:\/\/www.youtube.com\/channel\/UCf73dERp9Y3cfOq7q8BhLjA?view_as=subscriber\"]}]}<\/script>\n<meta property=\"product:brand\" content=\"Asus Oem\" \/>\n<meta property=\"product:price:amount\" content=\"1399\" \/>\n<meta property=\"product:price:currency\" content=\"MXN\" \/>\n<meta property=\"og:availability\" content=\"instock\" \/>\n<meta property=\"product:availability\" content=\"instock\" \/>\n<meta property=\"product:retailer_item_id\" content=\"GT730-SL-2GD5-BRK\" \/>\n<meta property=\"product:condition\" content=\"new\" \/>\n<!-- \/ Yoast SEO plugin. -->","yoast_head_json":{"title":"[ Asus Oem ] &#129351; Gt730-sl-2gd5-brk Tarjeta De Video Asus Nvidia Gt730 \/pcie X16 2.0 \/2gb Gddr5 \/hdmi \/dvi-d \/bajo Perfil \/gama Basica","description":"Compra Gt730-sl-2gd5-brk Tarjeta De Video Asus Nvidia Gt730 \/pcie X16 2.0 \/2gb Gddr5 \/hdmi \/dvi-d \/bajo Perfil \/gama Basica + Env\u00edo a domicilio + Pago seguro + Garant\u00eda","robots":{"index":"index","follow":"follow","max-snippet":"max-snippet:-1","max-image-preview":"max-image-preview:large","max-video-preview":"max-video-preview:-1"},"canonical":"https:\/\/compuviper.mx\/tienda\/producto\/asus-oem-gt730-sl-2gd5-brk-tarjeta-de-video-asus-nvidia-gt730-pcie-x16-2-0-2gb-gddr5-hdmi-dvi-d-bajo-perfil-gama-basica\/","og_locale":"es_MX","og_type":"article","og_title":"[ Asus Oem ] &#129351; Gt730-sl-2gd5-brk Tarjeta De Video Asus Nvidia Gt730 \/pcie X16 2.0 \/2gb Gddr5 \/hdmi \/dvi-d \/bajo Perfil \/gama Basica","og_description":"Compra Gt730-sl-2gd5-brk Tarjeta De Video Asus Nvidia Gt730 \/pcie X16 2.0 \/2gb Gddr5 \/hdmi \/dvi-d \/bajo Perfil \/gama Basica + Env\u00edo a domicilio + Pago seguro + Garant\u00eda","og_url":"https:\/\/compuviper.mx\/tienda\/producto\/asus-oem-gt730-sl-2gd5-brk-tarjeta-de-video-asus-nvidia-gt730-pcie-x16-2-0-2gb-gddr5-hdmi-dvi-d-bajo-perfil-gama-basica\/","og_site_name":"Compuviper","article_publisher":"https:\/\/www.facebook.com\/compuviper","article_modified_time":"2026-04-26T06:00:39+00:00","og_image":[{"width":200,"height":200,"url":"https:\/\/compuviper.mx\/tienda\/wp-content\/uploads\/2026\/03\/Tarjeta-de-video-asus-nvidia-gt730-pcie-x16-2.0-2gb-gddr5-hdmi-dvi-d-bajo-perfil-gama-basica.jpg","type":"image\/jpeg"}],"twitter_card":"summary_large_image","twitter_misc":{"Precio":"&#36;1,399 con IVA","Availability":"In stock"},"schema":{"@context":"https:\/\/schema.org","@graph":[{"@type":"WebPage","@id":"https:\/\/compuviper.mx\/tienda\/producto\/asus-oem-gt730-sl-2gd5-brk-tarjeta-de-video-asus-nvidia-gt730-pcie-x16-2-0-2gb-gddr5-hdmi-dvi-d-bajo-perfil-gama-basica\/","url":"https:\/\/compuviper.mx\/tienda\/producto\/asus-oem-gt730-sl-2gd5-brk-tarjeta-de-video-asus-nvidia-gt730-pcie-x16-2-0-2gb-gddr5-hdmi-dvi-d-bajo-perfil-gama-basica\/","name":"[ Asus Oem ] &#129351; Gt730-sl-2gd5-brk Tarjeta De Video Asus Nvidia Gt730 \/pcie X16 2.0 \/2gb Gddr5 \/hdmi \/dvi-d \/bajo Perfil \/gama Basica","isPartOf":{"@id":"https:\/\/compuviper.mx\/tienda\/#website"},"datePublished":"2026-04-25T08:13:53+00:00","dateModified":"2026-04-26T06:00:39+00:00","description":"Compra Gt730-sl-2gd5-brk Tarjeta De Video Asus Nvidia Gt730 \/pcie X16 2.0 \/2gb Gddr5 \/hdmi \/dvi-d \/bajo Perfil \/gama Basica + Env\u00edo a domicilio + Pago seguro + Garant\u00eda","breadcrumb":{"@id":"https:\/\/compuviper.mx\/tienda\/producto\/asus-oem-gt730-sl-2gd5-brk-tarjeta-de-video-asus-nvidia-gt730-pcie-x16-2-0-2gb-gddr5-hdmi-dvi-d-bajo-perfil-gama-basica\/#breadcrumb"},"inLanguage":"es-MX","potentialAction":[{"@type":"ReadAction","target":["https:\/\/compuviper.mx\/tienda\/producto\/asus-oem-gt730-sl-2gd5-brk-tarjeta-de-video-asus-nvidia-gt730-pcie-x16-2-0-2gb-gddr5-hdmi-dvi-d-bajo-perfil-gama-basica\/"]}]},{"@type":"BreadcrumbList","@id":"https:\/\/compuviper.mx\/tienda\/producto\/asus-oem-gt730-sl-2gd5-brk-tarjeta-de-video-asus-nvidia-gt730-pcie-x16-2-0-2gb-gddr5-hdmi-dvi-d-bajo-perfil-gama-basica\/#breadcrumb","itemListElement":[{"@type":"ListItem","position":1,"name":"Inicio","item":"https:\/\/compuviper.mx\/tienda\/"},{"@type":"ListItem","position":2,"name":"Productos","item":"https:\/\/compuviper.mx\/tienda\/productos\/"},{"@type":"ListItem","position":3,"name":"Video","item":"https:\/\/compuviper.mx\/tienda\/categoria-producto\/video\/"},{"@type":"ListItem","position":4,"name":"Video","item":"https:\/\/compuviper.mx\/tienda\/categoria-producto\/video\/video-video\/"},{"@type":"ListItem","position":5,"name":"Asus Oem Gt730-sl-2gd5-brk Tarjeta De Video Asus Nvidia Gt730 \/pcie X16 2.0 \/2gb Gddr5 \/hdmi \/dvi-d \/bajo Perfil \/gama Basica"}]},{"@type":"WebSite","@id":"https:\/\/compuviper.mx\/tienda\/#website","url":"https:\/\/compuviper.mx\/tienda\/","name":"Compuviper","description":"Proveedor de Computadoras, Laptops, Servidores, Monitores, Puntos de Venta, Teclados,   Impresoras, T\u00f3ner, C\u00e1maras de Seguridad y m\u00e1s en tu tienda en l\u00ednea","publisher":{"@id":"https:\/\/compuviper.mx\/tienda\/#organization"},"potentialAction":[{"@type":"SearchAction","target":{"@type":"EntryPoint","urlTemplate":"https:\/\/compuviper.mx\/tienda\/?s={search_term_string}"},"query-input":"required name=search_term_string"}],"inLanguage":"es-MX"},{"@type":"Organization","@id":"https:\/\/compuviper.mx\/tienda\/#organization","name":"Compuviper","url":"https:\/\/compuviper.mx\/tienda\/","logo":{"@type":"ImageObject","inLanguage":"es-MX","@id":"https:\/\/compuviper.mx\/tienda\/#\/schema\/logo\/image\/","url":"https:\/\/compuviper.mx\/tienda\/wp-content\/uploads\/2021\/08\/Logo-Compuviper-10.png","contentUrl":"https:\/\/compuviper.mx\/tienda\/wp-content\/uploads\/2021\/08\/Logo-Compuviper-10.png","width":1000,"height":500,"caption":"Compuviper"},"image":{"@id":"https:\/\/compuviper.mx\/tienda\/#\/schema\/logo\/image\/"},"sameAs":["https:\/\/www.facebook.com\/compuviper","https:\/\/www.youtube.com\/channel\/UCf73dERp9Y3cfOq7q8BhLjA?view_as=subscriber"]}]},"product_brand":"Asus Oem","product_price_amount":"1399","product_price_currency":"MXN","og_availability":"instock","product_availability":"instock","product_retailer_item_id":"GT730-SL-2GD5-BRK","product_condition":"new"},"_links":{"self":[{"href":"https:\/\/compuviper.mx\/tienda\/wp-json\/wp\/v2\/product\/268318"}],"collection":[{"href":"https:\/\/compuviper.mx\/tienda\/wp-json\/wp\/v2\/product"}],"about":[{"href":"https:\/\/compuviper.mx\/tienda\/wp-json\/wp\/v2\/types\/product"}],"replies":[{"embeddable":true,"href":"https:\/\/compuviper.mx\/tienda\/wp-json\/wp\/v2\/comments?post=268318"}],"wp:featuredmedia":[{"embeddable":true,"href":"https:\/\/compuviper.mx\/tienda\/wp-json\/wp\/v2\/media\/268319"}],"wp:attachment":[{"href":"https:\/\/compuviper.mx\/tienda\/wp-json\/wp\/v2\/media?parent=268318"}],"wp:term":[{"taxonomy":"product_cat","embeddable":true,"href":"https:\/\/compuviper.mx\/tienda\/wp-json\/wp\/v2\/product_cat?post=268318"},{"taxonomy":"product_tag","embeddable":true,"href":"https:\/\/compuviper.mx\/tienda\/wp-json\/wp\/v2\/product_tag?post=268318"}],"curies":[{"name":"wp","href":"https:\/\/api.w.org\/{rel}","templated":true}]}}