{"id":268314,"date":"2026-04-21T02:22:08","date_gmt":"2026-04-21T08:22:08","guid":{"rendered":"https:\/\/compuviper.mx\/tienda\/producto\/kaspersky-tmks-452-esd-standard-anti-virus-3-dispositivos-1-ao\/"},"modified":"2026-04-21T02:22:09","modified_gmt":"2026-04-21T08:22:09","slug":"kaspersky-tmks-452-esd-standard-anti-virus-3-dispositivos-1-ao","status":"publish","type":"product","link":"https:\/\/compuviper.mx\/tienda\/producto\/kaspersky-tmks-452-esd-standard-anti-virus-3-dispositivos-1-ao\/","title":{"rendered":"Kaspersky Tmks-452 Esd  Standard Anti-virus \/ 3 Dispositivos \/ 1 A?o"},"content":{"rendered":"<table class=\"descripcion\">\n<tr>\n<td>Para todos los dispositivos<\/td>\n<\/tr>\n<tr>\n<td>\u0095 se requiere conexi\u00f3n a internet para activar y actualizar el producto y para acceder a algunas caracter\u00edsticas.<\/td>\n<\/tr>\n<tr>\n<td>\u0095 se debe tener una cuenta de my kaspersky para utilizar el plan<\/td>\n<\/tr>\n<tr>\n<td>\u0095 la tecnolog\u00eda de control de c\u00e1mara web y micr\u00f3fono solo funciona en computadoras. esta funci\u00f3n est\u00e1 disponible para una serie de c\u00e1maras web compatibles. para ver la lista completa de dispositivos compatibles, visita https:\/\/support.kaspersky.com\/mx\/15783#cameras (para pc) y https:\/\/support.kaspersky.com\/mx\/15784#cameras (para mac)<\/td>\n<\/tr>\n<tr>\n<td>Equipos de escritorio y port\u00e1tiles con windows\u00ae (sistema con procesador x86)<\/td>\n<\/tr>\n<tr>\n<td>\u0095 1500 mb de espacio libre en el disco duro<\/td>\n<\/tr>\n<tr>\n<td>\u0095 microsoft windows 11\u00b9 home\/pro\/enterprise<\/td>\n<\/tr>\n<tr>\n<td>\u0095 microsoft windows 10\u00b9 home\/pro\/enterprise<\/td>\n<\/tr>\n<tr>\n<td>\u0095 microsoft windows 8 y 8.1\/pro\/enterprise\/8.1 update<\/td>\n<\/tr>\n<tr>\n<td>\u0095 microsoft windows 7 starter\/home basic\/home premium\/professional\/ultimate: sp1 o superior<\/td>\n<\/tr>\n<tr>\n<td>\u0095 procesador: 1 ghz o superior<\/td>\n<\/tr>\n<tr>\n<td>\u0095 memoria (ram): 1 gb (32 bits) o 2 gb (64 bits)<\/td>\n<\/tr>\n<tr>\n<td>\u0095 resoluci\u00f3n m\u00ednima de pantalla: 1024 x 768<\/td>\n<\/tr>\n<tr>\n<td>Equipos de escritorio y port\u00e1tiles mac\u00ae<\/td>\n<\/tr>\n<tr>\n<td>\u0095 2635 mb de espacio libre en el disco duro<\/td>\n<\/tr>\n<tr>\n<td>\u0095 memoria (ram): 2 gb<\/td>\n<\/tr>\n<tr>\n<td>\u0095 macos\u00ae 11 &#8211; 13<\/td>\n<\/tr>\n<tr>\n<td>Tablets y tel\u00e9fonos con android\u00b3<\/td>\n<\/tr>\n<tr>\n<td>\u0095 android\u0099 8 \u0096 13<\/td>\n<\/tr>\n<tr>\n<td>\u0095 resoluci\u00f3n m\u00ednima de pantalla: 320 x 480<\/td>\n<\/tr>\n<tr>\n<td>Iphone y ipad<\/td>\n<\/tr>\n<tr>\n<td>\u0095 ios\u00ae 15 \u0096 16<\/td>\n<\/tr>\n<tr>\n<td>\u0095 recuerda que no hay compatibilidad con versiones beta o preliminares de sistemas operativos nuevos. el producto \u00fanicamente es compatible con versiones finales y que el desarrollador del sistema operativo haya publicado oficialmente.<\/td>\n<\/tr>\n<tr>\n<td>\u0095 si usas windows 11\/10, es posible que tengas que descargar e instalar todos los parches disponibles para tu software de seguridad kaspersky. el producto no est\u00e1 dise\u00f1ado para funcionar con las versiones windows 11\/10 mobile\/s\/education\/iot core.<\/td>\n<\/tr>\n<tr>\n<td>\u0095 es posible que algunas funciones del producto no funcionen en sistemas operativos de 64 bits. visita https:\/\/support.kaspersky.com\/mx\/15781 para obtener m\u00e1s informaci\u00f3n.<\/td>\n<\/tr>\n<tr>\n<td>\u0095 en la actualidad, las funciones de kaspersky standard for android pueden tener limitaciones en ciertos dispositivos. visita https:\/\/support.kaspersky.com\/help\/kaspersky\/android_knownissues\/es-mx\/195522.htm para obtener m\u00e1s informaci\u00f3n.<\/td>\n<\/tr>\n<\/table>\n","protected":false},"excerpt":{"rendered":"<p>Mejora la protecci\u00f3n con el optimizador del rendimiento del dispositivo. Nuestro plan de seguridad est\u00e1ndar incluye el mejor motor de ciberseguridad contra virus, malware y ransomware. Tambi\u00e9n cuenta con herramientas de rendimiento para eliminar software in\u00fatil, mantener tus aplicaciones actualizadas y hacer que tus dispositivos funcionen con rapidez y fluidez. \u0095 componente de seguridad avanzado con antiphishing y firewall incluidos. \u0095 herramientas de limpieza y administraci\u00f3n de aplicaciones para optimizar el rendimiento. \u0095 componente de safe money para cifrar tus pagos y transacciones en l\u00ednea<\/p>\n","protected":false},"featured_media":268315,"comment_status":"open","ping_status":"open","template":"","meta":[],"product_cat":[1827,2004],"product_tag":[1829],"acf":[],"yoast_head":"<!-- This site is optimized with the Yoast SEO plugin v21.7 - https:\/\/yoast.com\/wordpress\/plugins\/seo\/ -->\n<title>[ Kaspersky ] &#129351; Tmks-452 Esd Standard Anti-virus \/ 3 Dispositivos \/ 1 A\u00f1o<\/title>\n<meta name=\"description\" content=\"Compra Tmks-452 Esd Standard Anti-virus \/ 3 Dispositivos \/ 1 A\u00f1o + Env\u00edo a domicilio + Pago seguro + Garant\u00eda\" \/>\n<meta name=\"robots\" content=\"index, follow, max-snippet:-1, max-image-preview:large, max-video-preview:-1\" \/>\n<link rel=\"canonical\" href=\"https:\/\/compuviper.mx\/tienda\/producto\/kaspersky-tmks-452-esd-standard-anti-virus-3-dispositivos-1-ao\/\" \/>\n<meta property=\"og:locale\" content=\"es_MX\" \/>\n<meta property=\"og:type\" content=\"article\" \/>\n<meta property=\"og:title\" content=\"[ Kaspersky ] &#129351; Tmks-452 Esd Standard Anti-virus \/ 3 Dispositivos \/ 1 A\u00f1o\" \/>\n<meta property=\"og:description\" content=\"Compra Tmks-452 Esd Standard Anti-virus \/ 3 Dispositivos \/ 1 A\u00f1o + Env\u00edo a domicilio + Pago seguro + Garant\u00eda\" \/>\n<meta property=\"og:url\" content=\"https:\/\/compuviper.mx\/tienda\/producto\/kaspersky-tmks-452-esd-standard-anti-virus-3-dispositivos-1-ao\/\" \/>\n<meta property=\"og:site_name\" content=\"Compuviper\" \/>\n<meta property=\"article:publisher\" content=\"https:\/\/www.facebook.com\/compuviper\" \/>\n<meta property=\"article:modified_time\" content=\"2026-04-21T08:22:09+00:00\" \/>\n<meta property=\"og:image\" content=\"https:\/\/compuviper.mx\/tienda\/wp-content\/uploads\/2026\/03\/Esd-kaspersky-standard-anti-virus-3-dispositivos-1-ano.jpg\" \/>\n\t<meta property=\"og:image:width\" content=\"200\" \/>\n\t<meta property=\"og:image:height\" content=\"200\" \/>\n\t<meta property=\"og:image:type\" content=\"image\/jpeg\" \/>\n<meta name=\"twitter:card\" content=\"summary_large_image\" \/>\n<meta name=\"twitter:label1\" content=\"Precio\" \/>\n\t<meta name=\"twitter:data1\" content=\"&#36;685 con IVA\" \/>\n\t<meta name=\"twitter:label2\" content=\"Availability\" \/>\n\t<meta name=\"twitter:data2\" content=\"In stock\" \/>\n<script type=\"application\/ld+json\" class=\"yoast-schema-graph\">{\"@context\":\"https:\/\/schema.org\",\"@graph\":[{\"@type\":\"WebPage\",\"@id\":\"https:\/\/compuviper.mx\/tienda\/producto\/kaspersky-tmks-452-esd-standard-anti-virus-3-dispositivos-1-ao\/\",\"url\":\"https:\/\/compuviper.mx\/tienda\/producto\/kaspersky-tmks-452-esd-standard-anti-virus-3-dispositivos-1-ao\/\",\"name\":\"[ Kaspersky ] &#129351; Tmks-452 Esd Standard Anti-virus \/ 3 Dispositivos \/ 1 A\u00f1o\",\"isPartOf\":{\"@id\":\"https:\/\/compuviper.mx\/tienda\/#website\"},\"datePublished\":\"2026-04-21T08:22:08+00:00\",\"dateModified\":\"2026-04-21T08:22:09+00:00\",\"description\":\"Compra Tmks-452 Esd Standard Anti-virus \/ 3 Dispositivos \/ 1 A\u00f1o + Env\u00edo a domicilio + Pago seguro + Garant\u00eda\",\"breadcrumb\":{\"@id\":\"https:\/\/compuviper.mx\/tienda\/producto\/kaspersky-tmks-452-esd-standard-anti-virus-3-dispositivos-1-ao\/#breadcrumb\"},\"inLanguage\":\"es-MX\",\"potentialAction\":[{\"@type\":\"ReadAction\",\"target\":[\"https:\/\/compuviper.mx\/tienda\/producto\/kaspersky-tmks-452-esd-standard-anti-virus-3-dispositivos-1-ao\/\"]}]},{\"@type\":\"BreadcrumbList\",\"@id\":\"https:\/\/compuviper.mx\/tienda\/producto\/kaspersky-tmks-452-esd-standard-anti-virus-3-dispositivos-1-ao\/#breadcrumb\",\"itemListElement\":[{\"@type\":\"ListItem\",\"position\":1,\"name\":\"Inicio\",\"item\":\"https:\/\/compuviper.mx\/tienda\/\"},{\"@type\":\"ListItem\",\"position\":2,\"name\":\"Productos\",\"item\":\"https:\/\/compuviper.mx\/tienda\/productos\/\"},{\"@type\":\"ListItem\",\"position\":3,\"name\":\"Software\",\"item\":\"https:\/\/compuviper.mx\/tienda\/categoria-producto\/software\/\"},{\"@type\":\"ListItem\",\"position\":4,\"name\":\"Licenciamiento Esd\",\"item\":\"https:\/\/compuviper.mx\/tienda\/categoria-producto\/software\/licenciamiento-esd\/\"},{\"@type\":\"ListItem\",\"position\":5,\"name\":\"Kaspersky Tmks-452 Esd Standard Anti-virus \/ 3 Dispositivos \/ 1 A?o\"}]},{\"@type\":\"WebSite\",\"@id\":\"https:\/\/compuviper.mx\/tienda\/#website\",\"url\":\"https:\/\/compuviper.mx\/tienda\/\",\"name\":\"Compuviper\",\"description\":\"Proveedor de Computadoras, Laptops, Servidores, Monitores, Puntos de Venta, Teclados,   Impresoras, T\u00f3ner, C\u00e1maras de Seguridad y m\u00e1s en tu tienda en l\u00ednea\",\"publisher\":{\"@id\":\"https:\/\/compuviper.mx\/tienda\/#organization\"},\"potentialAction\":[{\"@type\":\"SearchAction\",\"target\":{\"@type\":\"EntryPoint\",\"urlTemplate\":\"https:\/\/compuviper.mx\/tienda\/?s={search_term_string}\"},\"query-input\":\"required name=search_term_string\"}],\"inLanguage\":\"es-MX\"},{\"@type\":\"Organization\",\"@id\":\"https:\/\/compuviper.mx\/tienda\/#organization\",\"name\":\"Compuviper\",\"url\":\"https:\/\/compuviper.mx\/tienda\/\",\"logo\":{\"@type\":\"ImageObject\",\"inLanguage\":\"es-MX\",\"@id\":\"https:\/\/compuviper.mx\/tienda\/#\/schema\/logo\/image\/\",\"url\":\"https:\/\/compuviper.mx\/tienda\/wp-content\/uploads\/2021\/08\/Logo-Compuviper-10.png\",\"contentUrl\":\"https:\/\/compuviper.mx\/tienda\/wp-content\/uploads\/2021\/08\/Logo-Compuviper-10.png\",\"width\":1000,\"height\":500,\"caption\":\"Compuviper\"},\"image\":{\"@id\":\"https:\/\/compuviper.mx\/tienda\/#\/schema\/logo\/image\/\"},\"sameAs\":[\"https:\/\/www.facebook.com\/compuviper\",\"https:\/\/www.youtube.com\/channel\/UCf73dERp9Y3cfOq7q8BhLjA?view_as=subscriber\"]}]}<\/script>\n<meta property=\"product:brand\" content=\"KASPERSKY\" \/>\n<meta property=\"product:price:amount\" content=\"685\" \/>\n<meta property=\"product:price:currency\" content=\"MXN\" \/>\n<meta property=\"og:availability\" content=\"instock\" \/>\n<meta property=\"product:availability\" content=\"instock\" \/>\n<meta property=\"product:retailer_item_id\" content=\"TMKS-452\" \/>\n<meta property=\"product:condition\" content=\"new\" \/>\n<!-- \/ Yoast SEO plugin. -->","yoast_head_json":{"title":"[ Kaspersky ] &#129351; Tmks-452 Esd Standard Anti-virus \/ 3 Dispositivos \/ 1 A\u00f1o","description":"Compra Tmks-452 Esd Standard Anti-virus \/ 3 Dispositivos \/ 1 A\u00f1o + Env\u00edo a domicilio + Pago seguro + Garant\u00eda","robots":{"index":"index","follow":"follow","max-snippet":"max-snippet:-1","max-image-preview":"max-image-preview:large","max-video-preview":"max-video-preview:-1"},"canonical":"https:\/\/compuviper.mx\/tienda\/producto\/kaspersky-tmks-452-esd-standard-anti-virus-3-dispositivos-1-ao\/","og_locale":"es_MX","og_type":"article","og_title":"[ Kaspersky ] &#129351; Tmks-452 Esd Standard Anti-virus \/ 3 Dispositivos \/ 1 A\u00f1o","og_description":"Compra Tmks-452 Esd Standard Anti-virus \/ 3 Dispositivos \/ 1 A\u00f1o + Env\u00edo a domicilio + Pago seguro + Garant\u00eda","og_url":"https:\/\/compuviper.mx\/tienda\/producto\/kaspersky-tmks-452-esd-standard-anti-virus-3-dispositivos-1-ao\/","og_site_name":"Compuviper","article_publisher":"https:\/\/www.facebook.com\/compuviper","article_modified_time":"2026-04-21T08:22:09+00:00","og_image":[{"width":200,"height":200,"url":"https:\/\/compuviper.mx\/tienda\/wp-content\/uploads\/2026\/03\/Esd-kaspersky-standard-anti-virus-3-dispositivos-1-ano.jpg","type":"image\/jpeg"}],"twitter_card":"summary_large_image","twitter_misc":{"Precio":"&#36;685 con IVA","Availability":"In stock"},"schema":{"@context":"https:\/\/schema.org","@graph":[{"@type":"WebPage","@id":"https:\/\/compuviper.mx\/tienda\/producto\/kaspersky-tmks-452-esd-standard-anti-virus-3-dispositivos-1-ao\/","url":"https:\/\/compuviper.mx\/tienda\/producto\/kaspersky-tmks-452-esd-standard-anti-virus-3-dispositivos-1-ao\/","name":"[ Kaspersky ] &#129351; Tmks-452 Esd Standard Anti-virus \/ 3 Dispositivos \/ 1 A\u00f1o","isPartOf":{"@id":"https:\/\/compuviper.mx\/tienda\/#website"},"datePublished":"2026-04-21T08:22:08+00:00","dateModified":"2026-04-21T08:22:09+00:00","description":"Compra Tmks-452 Esd Standard Anti-virus \/ 3 Dispositivos \/ 1 A\u00f1o + Env\u00edo a domicilio + Pago seguro + Garant\u00eda","breadcrumb":{"@id":"https:\/\/compuviper.mx\/tienda\/producto\/kaspersky-tmks-452-esd-standard-anti-virus-3-dispositivos-1-ao\/#breadcrumb"},"inLanguage":"es-MX","potentialAction":[{"@type":"ReadAction","target":["https:\/\/compuviper.mx\/tienda\/producto\/kaspersky-tmks-452-esd-standard-anti-virus-3-dispositivos-1-ao\/"]}]},{"@type":"BreadcrumbList","@id":"https:\/\/compuviper.mx\/tienda\/producto\/kaspersky-tmks-452-esd-standard-anti-virus-3-dispositivos-1-ao\/#breadcrumb","itemListElement":[{"@type":"ListItem","position":1,"name":"Inicio","item":"https:\/\/compuviper.mx\/tienda\/"},{"@type":"ListItem","position":2,"name":"Productos","item":"https:\/\/compuviper.mx\/tienda\/productos\/"},{"@type":"ListItem","position":3,"name":"Software","item":"https:\/\/compuviper.mx\/tienda\/categoria-producto\/software\/"},{"@type":"ListItem","position":4,"name":"Licenciamiento Esd","item":"https:\/\/compuviper.mx\/tienda\/categoria-producto\/software\/licenciamiento-esd\/"},{"@type":"ListItem","position":5,"name":"Kaspersky Tmks-452 Esd Standard Anti-virus \/ 3 Dispositivos \/ 1 A?o"}]},{"@type":"WebSite","@id":"https:\/\/compuviper.mx\/tienda\/#website","url":"https:\/\/compuviper.mx\/tienda\/","name":"Compuviper","description":"Proveedor de Computadoras, Laptops, Servidores, Monitores, Puntos de Venta, Teclados,   Impresoras, T\u00f3ner, C\u00e1maras de Seguridad y m\u00e1s en tu tienda en l\u00ednea","publisher":{"@id":"https:\/\/compuviper.mx\/tienda\/#organization"},"potentialAction":[{"@type":"SearchAction","target":{"@type":"EntryPoint","urlTemplate":"https:\/\/compuviper.mx\/tienda\/?s={search_term_string}"},"query-input":"required name=search_term_string"}],"inLanguage":"es-MX"},{"@type":"Organization","@id":"https:\/\/compuviper.mx\/tienda\/#organization","name":"Compuviper","url":"https:\/\/compuviper.mx\/tienda\/","logo":{"@type":"ImageObject","inLanguage":"es-MX","@id":"https:\/\/compuviper.mx\/tienda\/#\/schema\/logo\/image\/","url":"https:\/\/compuviper.mx\/tienda\/wp-content\/uploads\/2021\/08\/Logo-Compuviper-10.png","contentUrl":"https:\/\/compuviper.mx\/tienda\/wp-content\/uploads\/2021\/08\/Logo-Compuviper-10.png","width":1000,"height":500,"caption":"Compuviper"},"image":{"@id":"https:\/\/compuviper.mx\/tienda\/#\/schema\/logo\/image\/"},"sameAs":["https:\/\/www.facebook.com\/compuviper","https:\/\/www.youtube.com\/channel\/UCf73dERp9Y3cfOq7q8BhLjA?view_as=subscriber"]}]},"product_brand":"KASPERSKY","product_price_amount":"685","product_price_currency":"MXN","og_availability":"instock","product_availability":"instock","product_retailer_item_id":"TMKS-452","product_condition":"new"},"_links":{"self":[{"href":"https:\/\/compuviper.mx\/tienda\/wp-json\/wp\/v2\/product\/268314"}],"collection":[{"href":"https:\/\/compuviper.mx\/tienda\/wp-json\/wp\/v2\/product"}],"about":[{"href":"https:\/\/compuviper.mx\/tienda\/wp-json\/wp\/v2\/types\/product"}],"replies":[{"embeddable":true,"href":"https:\/\/compuviper.mx\/tienda\/wp-json\/wp\/v2\/comments?post=268314"}],"wp:featuredmedia":[{"embeddable":true,"href":"https:\/\/compuviper.mx\/tienda\/wp-json\/wp\/v2\/media\/268315"}],"wp:attachment":[{"href":"https:\/\/compuviper.mx\/tienda\/wp-json\/wp\/v2\/media?parent=268314"}],"wp:term":[{"taxonomy":"product_cat","embeddable":true,"href":"https:\/\/compuviper.mx\/tienda\/wp-json\/wp\/v2\/product_cat?post=268314"},{"taxonomy":"product_tag","embeddable":true,"href":"https:\/\/compuviper.mx\/tienda\/wp-json\/wp\/v2\/product_tag?post=268314"}],"curies":[{"name":"wp","href":"https:\/\/api.w.org\/{rel}","templated":true}]}}