{"id":268307,"date":"2026-04-28T01:57:10","date_gmt":"2026-04-28T07:57:10","guid":{"rendered":"https:\/\/compuviper.mx\/tienda\/producto\/ricoh-pa03830-b001-escaner-fi-8950150-ppm-300-ipm-capacidad-del-adf-750-hojas-ciclo-diario-130000-paginas-600-dpi-24-bitscis-x-2\/"},"modified":"2026-04-28T01:57:10","modified_gmt":"2026-04-28T07:57:10","slug":"ricoh-pa03830-b001-escaner-fi-8950150-ppm-300-ipm-capacidad-del-adf-750-hojas-ciclo-diario-130000-paginas-600-dpi-24-bitscis-x-2","status":"publish","type":"product","link":"https:\/\/compuviper.mx\/tienda\/producto\/ricoh-pa03830-b001-escaner-fi-8950150-ppm-300-ipm-capacidad-del-adf-750-hojas-ciclo-diario-130000-paginas-600-dpi-24-bitscis-x-2\/","title":{"rendered":"Ricoh Pa03830-b001 Escaner  Fi-8950,150 Ppm \/ 300 Ipm, Capacidad Del Adf 750 Hojas, Ciclo Diario 130,000 Paginas, 600 Dpi, 24 Bits,cis X 2,"},"content":{"rendered":"<table class=\"descripcion\">\n<tr>\n<td>Informacion tecnica<\/td>\n<\/tr>\n<tr>\n<td>Tipo de escaner<\/td>\n<\/tr>\n<tr>\n<td>\u0095adfalimentadorautomaticodedocumentos, alimentacionmanual,duplex<\/td>\n<\/tr>\n<tr>\n<td>Velocidad de digitalizacion \/1a4horizontal color\/2\/escaladegrises \/2\/ monocromo 3<\/td>\n<\/tr>\n<tr>\n<td>\u0095simplex:150ppm200\/300ppp duplex:300ipm200\/300ppp<\/td>\n<\/tr>\n<tr>\n<td>Velocidad de digitalizacion 1 a4vertical color 2\/escaladegrises 2\/ monocromo 3<\/td>\n<\/tr>\n<tr>\n<td>\u0095simplex:115ppm200\/300ppp duplex:230ipm200\/300ppp<\/td>\n<\/tr>\n<tr>\n<td>Tipo de sensor de imagen<\/td>\n<\/tr>\n<tr>\n<td>\u0095cisx2frontalx1,posteriorx1<\/td>\n<\/tr>\n<tr>\n<td>Fuente de luz<\/td>\n<\/tr>\n<tr>\n<td>\u0095ledrgbx4frontal x2,posterior x2<\/td>\n<\/tr>\n<tr>\n<td>Resolucion optica<\/td>\n<\/tr>\n<tr>\n<td>\u0095600ppp<\/td>\n<\/tr>\n<tr>\n<td>Resolucionde salida 4 color \/escaladegrises \/monocromo<\/td>\n<\/tr>\n<tr>\n<td>\u009550a600pppajusteporincrementosde1ppp, 1200pppcontrolador<\/td>\n<\/tr>\n<tr>\n<td>Formato desalida<\/td>\n<\/tr>\n<tr>\n<td>\u0095color:24-bit,escaladegrises:8-bit,monocromo:1-bit<\/td>\n<\/tr>\n<tr>\n<td>Colores defondo<\/td>\n<\/tr>\n<tr>\n<td>\u0095blanco\/negroseleccionable<\/td>\n<\/tr>\n<tr>\n<td>Tamano del documento<\/td>\n<\/tr>\n<tr>\n<td>\u0095maximo &#8211; 304,8&#215;431, 8 mm 12x17pulg.<\/td>\n<\/tr>\n<tr>\n<td>\u0095minimo \u0096 48 x 70 mm 1,9&#215;2, 8 pulg.<\/td>\n<\/tr>\n<tr>\n<td>\u0095paginalarga &#8211; 6.096 mm 240pulg.hasta200ppp<\/td>\n<\/tr>\n<tr>\n<td>\u0095pesodelpapelgrosor<\/td>\n<\/tr>\n<tr>\n<td>\u0095trayectoriarecta<\/td>\n<\/tr>\n<tr>\n<td>Mas grande que a5 yhastatamano a4<\/td>\n<\/tr>\n<tr>\n<td>\u009520a570g\/m25,3a152lb<\/td>\n<\/tr>\n<tr>\n<td>A5omaspequeno ysuperiora tamano a4<\/td>\n<\/tr>\n<tr>\n<td>\u009540a570g\/m211a152lb<\/td>\n<\/tr>\n<tr>\n<td>Sobres<\/td>\n<\/tr>\n<tr>\n<td>\u00951,25mmomenos<\/td>\n<\/tr>\n<tr>\n<td>Trayectoriacongiroenu<\/td>\n<\/tr>\n<tr>\n<td>Mas grande que a5 yhastatamano a4<\/td>\n<\/tr>\n<tr>\n<td>\u009520a209g\/m25,3a56lb<\/td>\n<\/tr>\n<tr>\n<td>A5 o tamanos mas pequenos<\/td>\n<\/tr>\n<tr>\n<td>\u009564a209g\/m217a56lb<\/td>\n<\/tr>\n<tr>\n<td>Superioratamano a4<\/td>\n<\/tr>\n<tr>\n<td>\u009564a256g\/m217a68lb 7<\/td>\n<\/tr>\n<tr>\n<td>Capacidad de la df<\/td>\n<\/tr>\n<tr>\n<td>\u0095750hojas a480g\/m2ocarta20lb espesortotal:menosde80mm<\/td>\n<\/tr>\n<tr>\n<td>Ciclodiario 9<\/td>\n<\/tr>\n<tr>\n<td>\u0095130.000hojas<\/td>\n<\/tr>\n<tr>\n<td>Deteccion de alimentacion multiple<\/td>\n<\/tr>\n<tr>\n<td>\u0095deteccionde superposicionsensorultrasonic, detecciondelongitud<\/td>\n<\/tr>\n<tr>\n<td>Proteccion de papel<\/td>\n<\/tr>\n<tr>\n<td>\u0095deteccion de documentos grapados, deteccionderetraso<\/td>\n<\/tr>\n<tr>\n<td>Otras funciones<\/td>\n<\/tr>\n<tr>\n<td>\u0095correccion automatica de inclinacion<\/td>\n<\/tr>\n<tr>\n<td>Interfaz<\/td>\n<\/tr>\n<tr>\n<td>\u0095usb &#8211; usb3.2gen1\/usb3.0\/usb2.0\/usb1.1<\/td>\n<\/tr>\n<tr>\n<td>\u0095ethernet- 10base-t,100base-tx,1000base-t<\/td>\n<\/tr>\n<tr>\n<td>\u0095requisitos de energia &#8211; ca100 a 240v 10 porciento<\/td>\n<\/tr>\n<tr>\n<td>Consumo de energia<\/td>\n<\/tr>\n<tr>\n<td>\u0095modo operacion &#8211; 70womenos\/40womenosmode eco<\/td>\n<\/tr>\n<tr>\n<td>\u0095modo inactivo &#8211; 2,5womenos<\/td>\n<\/tr>\n<tr>\n<td>\u0095modo de espera apagado- 0,2womenos<\/td>\n<\/tr>\n<tr>\n<td>Entor no operativo<\/td>\n<\/tr>\n<tr>\n<td>\u0095temperatura &#8211; 5a35 grados c41a95 grados f<\/td>\n<\/tr>\n<tr>\n<td>\u0095humedadrelativa &#8211; 15a80 potrciento sin condensacion<\/td>\n<\/tr>\n<tr>\n<td>Cumplimiento ambiental<\/td>\n<\/tr>\n<tr>\n<td>\u0095energystar ,rohs<\/td>\n<\/tr>\n<tr>\n<td>\u0095dimensiones\/ 10anchura xprofundidadxaltura \u0096 460 x430 x 315 mm 18,1&#215;16, 9&#215;12, 4pulg.<\/td>\n<\/tr>\n<tr>\n<td>\u0095sistemasoperativos compatibles- windows 11\/11,windows 10\/11, windowsserver 2022,windowsserver 2019, windowsserver 2016<\/td>\n<\/tr>\n<tr>\n<td>\u0095software\/controladores &#8211; controladorpaperstreamiptwain\/twain x64\/isis,controladorwia 12,paperstreamcapture, paperstreamclickscan 13,softwareoperationpanel, guiaderecuperaciondeerrores,scannercentral adminserver,scannercentraladmindeskto<\/td>\n<\/tr>\n<tr>\n<td>\u0095funcionesde procesamientode imagenes- salida de imagen multiples,deteccionautomaticade color,detecciondepaginasenblanco,umbral estatico,umbraldinamicoidtc,dtcavanzado, sdtc, difusiondeerrores,semitonos,eliminacion demoire,enfasis,filtradodecolorninguno\/rojo\/ verde\/azul\/blanco\/saturacion\/personalizado, salidasrgb,eliminaciondeagujerosperforados, recorte,recortedelengueta,divisiondeimagen, enderezamiento,correcciondebordes,reduccionde rayasverticales,extracciondecaracteres,eliminacion depatrondefondo,selecciondeperfilautomatico<\/td>\n<\/tr>\n<tr>\n<td>\u0095articulosincluidos &#8211; cabledeca,adaptadordeca,cableusb3.0, dvddeinstalacion<\/td>\n<\/tr>\n<\/table>\n","protected":false},"excerpt":{"rendered":"<p>Informacion comercial. Mejora la eficiencia del trabajo con una digitalizacion ultrarrapida para soportar las tareas diarias. Escaner. Digitalizacion de alta velocidad para soportar las tareas diarias mejorar la eficiencia laboral de los operadores. Diseno que prioriza la usabilidad para un funcionamiento fluido. Productividad mejorada, ideal para grandes volumenes diarios. Aumente la eficiencia del trabajo con una alimentacion excepcionalmente precisa. Al ofrecer dos funciones novedosas, el escaner logra un rendimiento de alimentacion de papel estable, incluso para digitalizaciones de gran volumen con lotes mixtos. La correccion automatica de inclinacion corrige la inclinacion de los documentos uno por uno antes de alimentarlos. Para evitar que los documentos grapados, que son faciles de pasar por alto, se danen al digitalizar, la deteccion de documentos grapados detecta estos documentos independientemente de donde se encuentre la posicion de las grapas y detiene la alimentacion de documentos inmediatamente.<\/p>\n","protected":false},"featured_media":0,"comment_status":"open","ping_status":"open","template":"","meta":[],"product_cat":[1805,1807],"product_tag":[2306],"acf":[],"yoast_head":"<!-- This site is optimized with the Yoast SEO plugin v21.7 - https:\/\/yoast.com\/wordpress\/plugins\/seo\/ -->\n<title>[ Ricoh ] &#129351; Pa03830-b001 Escaner Fi-8950,150 Ppm \/ 300 Ipm, Capacidad Del Adf 750 Hojas, Ciclo Diario 130,000 Paginas, 600 Dpi, 24 Bits,cis X 2,<\/title>\n<meta name=\"description\" content=\"Compra Pa03830-b001 Escaner Fi-8950,150 Ppm \/ 300 Ipm, Capacidad Del Adf 750 Hojas, Ciclo Diario 130,000 Paginas, 600 Dpi, 24 Bits,cis X 2, + Env\u00edo a domicilio + Pago seguro + Garant\u00eda\" \/>\n<meta name=\"robots\" content=\"index, follow, max-snippet:-1, max-image-preview:large, max-video-preview:-1\" \/>\n<link rel=\"canonical\" href=\"https:\/\/compuviper.mx\/tienda\/producto\/ricoh-pa03830-b001-escaner-fi-8950150-ppm-300-ipm-capacidad-del-adf-750-hojas-ciclo-diario-130000-paginas-600-dpi-24-bitscis-x-2\/\" \/>\n<meta property=\"og:locale\" content=\"es_MX\" \/>\n<meta property=\"og:type\" content=\"article\" \/>\n<meta property=\"og:title\" content=\"[ Ricoh ] &#129351; Pa03830-b001 Escaner Fi-8950,150 Ppm \/ 300 Ipm, Capacidad Del Adf 750 Hojas, Ciclo Diario 130,000 Paginas, 600 Dpi, 24 Bits,cis X 2,\" \/>\n<meta property=\"og:description\" content=\"Compra Pa03830-b001 Escaner Fi-8950,150 Ppm \/ 300 Ipm, Capacidad Del Adf 750 Hojas, Ciclo Diario 130,000 Paginas, 600 Dpi, 24 Bits,cis X 2, + Env\u00edo a domicilio + Pago seguro + Garant\u00eda\" \/>\n<meta property=\"og:url\" content=\"https:\/\/compuviper.mx\/tienda\/producto\/ricoh-pa03830-b001-escaner-fi-8950150-ppm-300-ipm-capacidad-del-adf-750-hojas-ciclo-diario-130000-paginas-600-dpi-24-bitscis-x-2\/\" \/>\n<meta property=\"og:site_name\" content=\"Compuviper\" \/>\n<meta property=\"article:publisher\" content=\"https:\/\/www.facebook.com\/compuviper\" \/>\n<meta name=\"twitter:card\" content=\"summary_large_image\" \/>\n<meta name=\"twitter:label1\" content=\"Precio\" \/>\n\t<meta name=\"twitter:data1\" content=\"&#36;160,062 con IVA\" \/>\n\t<meta name=\"twitter:label2\" content=\"Availability\" \/>\n\t<meta name=\"twitter:data2\" content=\"Out of stock\" \/>\n<script type=\"application\/ld+json\" class=\"yoast-schema-graph\">{\"@context\":\"https:\/\/schema.org\",\"@graph\":[{\"@type\":\"WebPage\",\"@id\":\"https:\/\/compuviper.mx\/tienda\/producto\/ricoh-pa03830-b001-escaner-fi-8950150-ppm-300-ipm-capacidad-del-adf-750-hojas-ciclo-diario-130000-paginas-600-dpi-24-bitscis-x-2\/\",\"url\":\"https:\/\/compuviper.mx\/tienda\/producto\/ricoh-pa03830-b001-escaner-fi-8950150-ppm-300-ipm-capacidad-del-adf-750-hojas-ciclo-diario-130000-paginas-600-dpi-24-bitscis-x-2\/\",\"name\":\"[ Ricoh ] &#129351; Pa03830-b001 Escaner Fi-8950,150 Ppm \/ 300 Ipm, Capacidad Del Adf 750 Hojas, Ciclo Diario 130,000 Paginas, 600 Dpi, 24 Bits,cis X 2,\",\"isPartOf\":{\"@id\":\"https:\/\/compuviper.mx\/tienda\/#website\"},\"datePublished\":\"2026-04-28T07:57:10+00:00\",\"dateModified\":\"2026-04-28T07:57:10+00:00\",\"description\":\"Compra Pa03830-b001 Escaner Fi-8950,150 Ppm \/ 300 Ipm, Capacidad Del Adf 750 Hojas, Ciclo Diario 130,000 Paginas, 600 Dpi, 24 Bits,cis X 2, + Env\u00edo a domicilio + Pago seguro + Garant\u00eda\",\"breadcrumb\":{\"@id\":\"https:\/\/compuviper.mx\/tienda\/producto\/ricoh-pa03830-b001-escaner-fi-8950150-ppm-300-ipm-capacidad-del-adf-750-hojas-ciclo-diario-130000-paginas-600-dpi-24-bitscis-x-2\/#breadcrumb\"},\"inLanguage\":\"es-MX\",\"potentialAction\":[{\"@type\":\"ReadAction\",\"target\":[\"https:\/\/compuviper.mx\/tienda\/producto\/ricoh-pa03830-b001-escaner-fi-8950150-ppm-300-ipm-capacidad-del-adf-750-hojas-ciclo-diario-130000-paginas-600-dpi-24-bitscis-x-2\/\"]}]},{\"@type\":\"BreadcrumbList\",\"@id\":\"https:\/\/compuviper.mx\/tienda\/producto\/ricoh-pa03830-b001-escaner-fi-8950150-ppm-300-ipm-capacidad-del-adf-750-hojas-ciclo-diario-130000-paginas-600-dpi-24-bitscis-x-2\/#breadcrumb\",\"itemListElement\":[{\"@type\":\"ListItem\",\"position\":1,\"name\":\"Inicio\",\"item\":\"https:\/\/compuviper.mx\/tienda\/\"},{\"@type\":\"ListItem\",\"position\":2,\"name\":\"Productos\",\"item\":\"https:\/\/compuviper.mx\/tienda\/productos\/\"},{\"@type\":\"ListItem\",\"position\":3,\"name\":\"Scanner\",\"item\":\"https:\/\/compuviper.mx\/tienda\/categoria-producto\/scanner\/\"},{\"@type\":\"ListItem\",\"position\":4,\"name\":\"Scanner Documentos\",\"item\":\"https:\/\/compuviper.mx\/tienda\/categoria-producto\/scanner\/scanner-documentos\/\"},{\"@type\":\"ListItem\",\"position\":5,\"name\":\"Ricoh Pa03830-b001 Escaner Fi-8950,150 Ppm \/ 300 Ipm, Capacidad Del Adf 750 Hojas, Ciclo Diario 130,000 Paginas, 600 Dpi, 24 Bits,cis X 2,\"}]},{\"@type\":\"WebSite\",\"@id\":\"https:\/\/compuviper.mx\/tienda\/#website\",\"url\":\"https:\/\/compuviper.mx\/tienda\/\",\"name\":\"Compuviper\",\"description\":\"Proveedor de Computadoras, Laptops, Servidores, Monitores, Puntos de Venta, Teclados,   Impresoras, T\u00f3ner, C\u00e1maras de Seguridad y m\u00e1s en tu tienda en l\u00ednea\",\"publisher\":{\"@id\":\"https:\/\/compuviper.mx\/tienda\/#organization\"},\"potentialAction\":[{\"@type\":\"SearchAction\",\"target\":{\"@type\":\"EntryPoint\",\"urlTemplate\":\"https:\/\/compuviper.mx\/tienda\/?s={search_term_string}\"},\"query-input\":\"required name=search_term_string\"}],\"inLanguage\":\"es-MX\"},{\"@type\":\"Organization\",\"@id\":\"https:\/\/compuviper.mx\/tienda\/#organization\",\"name\":\"Compuviper\",\"url\":\"https:\/\/compuviper.mx\/tienda\/\",\"logo\":{\"@type\":\"ImageObject\",\"inLanguage\":\"es-MX\",\"@id\":\"https:\/\/compuviper.mx\/tienda\/#\/schema\/logo\/image\/\",\"url\":\"https:\/\/compuviper.mx\/tienda\/wp-content\/uploads\/2021\/08\/Logo-Compuviper-10.png\",\"contentUrl\":\"https:\/\/compuviper.mx\/tienda\/wp-content\/uploads\/2021\/08\/Logo-Compuviper-10.png\",\"width\":1000,\"height\":500,\"caption\":\"Compuviper\"},\"image\":{\"@id\":\"https:\/\/compuviper.mx\/tienda\/#\/schema\/logo\/image\/\"},\"sameAs\":[\"https:\/\/www.facebook.com\/compuviper\",\"https:\/\/www.youtube.com\/channel\/UCf73dERp9Y3cfOq7q8BhLjA?view_as=subscriber\"]}]}<\/script>\n<meta property=\"product:brand\" content=\"Ricoh\" \/>\n<meta property=\"product:price:amount\" content=\"160062\" \/>\n<meta property=\"product:price:currency\" content=\"MXN\" \/>\n<meta property=\"og:availability\" content=\"out of stock\" \/>\n<meta property=\"product:availability\" content=\"out of stock\" \/>\n<meta property=\"product:retailer_item_id\" content=\"PA03830-B001\" \/>\n<meta property=\"product:condition\" content=\"new\" \/>\n<!-- \/ Yoast SEO plugin. -->","yoast_head_json":{"title":"[ Ricoh ] &#129351; Pa03830-b001 Escaner Fi-8950,150 Ppm \/ 300 Ipm, Capacidad Del Adf 750 Hojas, Ciclo Diario 130,000 Paginas, 600 Dpi, 24 Bits,cis X 2,","description":"Compra Pa03830-b001 Escaner Fi-8950,150 Ppm \/ 300 Ipm, Capacidad Del Adf 750 Hojas, Ciclo Diario 130,000 Paginas, 600 Dpi, 24 Bits,cis X 2, + Env\u00edo a domicilio + Pago seguro + Garant\u00eda","robots":{"index":"index","follow":"follow","max-snippet":"max-snippet:-1","max-image-preview":"max-image-preview:large","max-video-preview":"max-video-preview:-1"},"canonical":"https:\/\/compuviper.mx\/tienda\/producto\/ricoh-pa03830-b001-escaner-fi-8950150-ppm-300-ipm-capacidad-del-adf-750-hojas-ciclo-diario-130000-paginas-600-dpi-24-bitscis-x-2\/","og_locale":"es_MX","og_type":"article","og_title":"[ Ricoh ] &#129351; Pa03830-b001 Escaner Fi-8950,150 Ppm \/ 300 Ipm, Capacidad Del Adf 750 Hojas, Ciclo Diario 130,000 Paginas, 600 Dpi, 24 Bits,cis X 2,","og_description":"Compra Pa03830-b001 Escaner Fi-8950,150 Ppm \/ 300 Ipm, Capacidad Del Adf 750 Hojas, Ciclo Diario 130,000 Paginas, 600 Dpi, 24 Bits,cis X 2, + Env\u00edo a domicilio + Pago seguro + Garant\u00eda","og_url":"https:\/\/compuviper.mx\/tienda\/producto\/ricoh-pa03830-b001-escaner-fi-8950150-ppm-300-ipm-capacidad-del-adf-750-hojas-ciclo-diario-130000-paginas-600-dpi-24-bitscis-x-2\/","og_site_name":"Compuviper","article_publisher":"https:\/\/www.facebook.com\/compuviper","twitter_card":"summary_large_image","twitter_misc":{"Precio":"&#36;160,062 con IVA","Availability":"Out of stock"},"schema":{"@context":"https:\/\/schema.org","@graph":[{"@type":"WebPage","@id":"https:\/\/compuviper.mx\/tienda\/producto\/ricoh-pa03830-b001-escaner-fi-8950150-ppm-300-ipm-capacidad-del-adf-750-hojas-ciclo-diario-130000-paginas-600-dpi-24-bitscis-x-2\/","url":"https:\/\/compuviper.mx\/tienda\/producto\/ricoh-pa03830-b001-escaner-fi-8950150-ppm-300-ipm-capacidad-del-adf-750-hojas-ciclo-diario-130000-paginas-600-dpi-24-bitscis-x-2\/","name":"[ Ricoh ] &#129351; Pa03830-b001 Escaner Fi-8950,150 Ppm \/ 300 Ipm, Capacidad Del Adf 750 Hojas, Ciclo Diario 130,000 Paginas, 600 Dpi, 24 Bits,cis X 2,","isPartOf":{"@id":"https:\/\/compuviper.mx\/tienda\/#website"},"datePublished":"2026-04-28T07:57:10+00:00","dateModified":"2026-04-28T07:57:10+00:00","description":"Compra Pa03830-b001 Escaner Fi-8950,150 Ppm \/ 300 Ipm, Capacidad Del Adf 750 Hojas, Ciclo Diario 130,000 Paginas, 600 Dpi, 24 Bits,cis X 2, + Env\u00edo a domicilio + Pago seguro + Garant\u00eda","breadcrumb":{"@id":"https:\/\/compuviper.mx\/tienda\/producto\/ricoh-pa03830-b001-escaner-fi-8950150-ppm-300-ipm-capacidad-del-adf-750-hojas-ciclo-diario-130000-paginas-600-dpi-24-bitscis-x-2\/#breadcrumb"},"inLanguage":"es-MX","potentialAction":[{"@type":"ReadAction","target":["https:\/\/compuviper.mx\/tienda\/producto\/ricoh-pa03830-b001-escaner-fi-8950150-ppm-300-ipm-capacidad-del-adf-750-hojas-ciclo-diario-130000-paginas-600-dpi-24-bitscis-x-2\/"]}]},{"@type":"BreadcrumbList","@id":"https:\/\/compuviper.mx\/tienda\/producto\/ricoh-pa03830-b001-escaner-fi-8950150-ppm-300-ipm-capacidad-del-adf-750-hojas-ciclo-diario-130000-paginas-600-dpi-24-bitscis-x-2\/#breadcrumb","itemListElement":[{"@type":"ListItem","position":1,"name":"Inicio","item":"https:\/\/compuviper.mx\/tienda\/"},{"@type":"ListItem","position":2,"name":"Productos","item":"https:\/\/compuviper.mx\/tienda\/productos\/"},{"@type":"ListItem","position":3,"name":"Scanner","item":"https:\/\/compuviper.mx\/tienda\/categoria-producto\/scanner\/"},{"@type":"ListItem","position":4,"name":"Scanner Documentos","item":"https:\/\/compuviper.mx\/tienda\/categoria-producto\/scanner\/scanner-documentos\/"},{"@type":"ListItem","position":5,"name":"Ricoh Pa03830-b001 Escaner Fi-8950,150 Ppm \/ 300 Ipm, Capacidad Del Adf 750 Hojas, Ciclo Diario 130,000 Paginas, 600 Dpi, 24 Bits,cis X 2,"}]},{"@type":"WebSite","@id":"https:\/\/compuviper.mx\/tienda\/#website","url":"https:\/\/compuviper.mx\/tienda\/","name":"Compuviper","description":"Proveedor de Computadoras, Laptops, Servidores, Monitores, Puntos de Venta, Teclados,   Impresoras, T\u00f3ner, C\u00e1maras de Seguridad y m\u00e1s en tu tienda en l\u00ednea","publisher":{"@id":"https:\/\/compuviper.mx\/tienda\/#organization"},"potentialAction":[{"@type":"SearchAction","target":{"@type":"EntryPoint","urlTemplate":"https:\/\/compuviper.mx\/tienda\/?s={search_term_string}"},"query-input":"required name=search_term_string"}],"inLanguage":"es-MX"},{"@type":"Organization","@id":"https:\/\/compuviper.mx\/tienda\/#organization","name":"Compuviper","url":"https:\/\/compuviper.mx\/tienda\/","logo":{"@type":"ImageObject","inLanguage":"es-MX","@id":"https:\/\/compuviper.mx\/tienda\/#\/schema\/logo\/image\/","url":"https:\/\/compuviper.mx\/tienda\/wp-content\/uploads\/2021\/08\/Logo-Compuviper-10.png","contentUrl":"https:\/\/compuviper.mx\/tienda\/wp-content\/uploads\/2021\/08\/Logo-Compuviper-10.png","width":1000,"height":500,"caption":"Compuviper"},"image":{"@id":"https:\/\/compuviper.mx\/tienda\/#\/schema\/logo\/image\/"},"sameAs":["https:\/\/www.facebook.com\/compuviper","https:\/\/www.youtube.com\/channel\/UCf73dERp9Y3cfOq7q8BhLjA?view_as=subscriber"]}]},"product_brand":"Ricoh","product_price_amount":"160062","product_price_currency":"MXN","og_availability":"out of stock","product_availability":"out of stock","product_retailer_item_id":"PA03830-B001","product_condition":"new"},"_links":{"self":[{"href":"https:\/\/compuviper.mx\/tienda\/wp-json\/wp\/v2\/product\/268307"}],"collection":[{"href":"https:\/\/compuviper.mx\/tienda\/wp-json\/wp\/v2\/product"}],"about":[{"href":"https:\/\/compuviper.mx\/tienda\/wp-json\/wp\/v2\/types\/product"}],"replies":[{"embeddable":true,"href":"https:\/\/compuviper.mx\/tienda\/wp-json\/wp\/v2\/comments?post=268307"}],"wp:attachment":[{"href":"https:\/\/compuviper.mx\/tienda\/wp-json\/wp\/v2\/media?parent=268307"}],"wp:term":[{"taxonomy":"product_cat","embeddable":true,"href":"https:\/\/compuviper.mx\/tienda\/wp-json\/wp\/v2\/product_cat?post=268307"},{"taxonomy":"product_tag","embeddable":true,"href":"https:\/\/compuviper.mx\/tienda\/wp-json\/wp\/v2\/product_tag?post=268307"}],"curies":[{"name":"wp","href":"https:\/\/api.w.org\/{rel}","templated":true}]}}