{"id":268301,"date":"2026-04-07T01:45:52","date_gmt":"2026-04-07T07:45:52","guid":{"rendered":"https:\/\/compuviper.mx\/tienda\/producto\/adata-ad5u56008g-s-memoria-udimm-ddr5-8gb-5600mhz-cl46-1-1v-288-pin\/"},"modified":"2026-04-07T01:45:53","modified_gmt":"2026-04-07T07:45:53","slug":"adata-ad5u56008g-s-memoria-udimm-ddr5-8gb-5600mhz-cl46-1-1v-288-pin","status":"publish","type":"product","link":"https:\/\/compuviper.mx\/tienda\/producto\/adata-ad5u56008g-s-memoria-udimm-ddr5-8gb-5600mhz-cl46-1-1v-288-pin\/","title":{"rendered":"Adata Ad5u56008g-s Memoria  Udimm Ddr5 8gb  5600mhz Cl46 1.1v 288-pin  ()"},"content":{"rendered":"<table class=\"descripcion\">\n<tr>\n<td>Tipo de memoria: ddr5<\/td>\n<\/tr>\n<tr>\n<td>Factor de forma: u-dimm<\/td>\n<\/tr>\n<tr>\n<td>Capacidad: 8gb<\/td>\n<\/tr>\n<tr>\n<td>Velocidades: 5600 mts<\/td>\n<\/tr>\n<tr>\n<td>Latencias cas: 46<\/td>\n<\/tr>\n<tr>\n<td>Voltaje de funcionamiento: 1.1v<\/td>\n<\/tr>\n<tr>\n<td>Temperatura de funcionamiento: de 0 \u00b0c a 85 \u00b0c<\/td>\n<\/tr>\n<tr>\n<td>Garant\u00eda: garant\u00eda limitada<\/td>\n<\/tr>\n<\/table>\n","protected":false},"excerpt":{"rendered":"<p>Este m\u00f3dulo de memoria de pr\u00f3xima generaci\u00f3n funciona con solo 1,1 v, lo que lo hace un 8% m\u00e1s energ\u00e9ticamente eficiente que ddr4. Adem\u00e1s, cuenta con un ic de administraci\u00f3n de energ\u00eda (pmic) integrado para mejorar la estabilidad de la fuente de alimentaci\u00f3n. La arquitectura de este m\u00f3dulo de memoria permite m\u00e1s grupos de bancos y bancos de memoria. Con la misma \u00e1rea, se pueden empaquetar m\u00e1s grupos de bancos en el m\u00f3dulo, duplicando lo que era posible con ddr4, proporcion\u00e1ndole mayores capacidades. Con el c\u00f3digo de correcci\u00f3n de errores (ecc), este m\u00f3dulo puede corregir errores autom\u00e1ticamente en tiempo real. Adem\u00e1s de reducir en gran medida la carga de los c\u00e1lculos de la cpu, tambi\u00e9n proporciona una mayor estabilidad y fiabilidad para las computadoras de clase empresarial.<\/p>\n","protected":false},"featured_media":0,"comment_status":"open","ping_status":"open","template":"","meta":[],"product_cat":[1797,1793],"product_tag":[1539],"acf":[],"yoast_head":"<!-- This site is optimized with the Yoast SEO plugin v21.7 - https:\/\/yoast.com\/wordpress\/plugins\/seo\/ -->\n<title>[ Adata ] &#129351; Ad5u56008g-s Memoria Udimm Ddr5 8gb 5600mhz Cl46 1.1v 288-pin ()<\/title>\n<meta name=\"description\" content=\"Compra Ad5u56008g-s Memoria Udimm Ddr5 8gb 5600mhz Cl46 1.1v 288-pin () + Env\u00edo a domicilio + Pago seguro + Garant\u00eda\" \/>\n<meta name=\"robots\" content=\"index, follow, max-snippet:-1, max-image-preview:large, max-video-preview:-1\" \/>\n<link rel=\"canonical\" href=\"https:\/\/compuviper.mx\/tienda\/producto\/adata-ad5u56008g-s-memoria-udimm-ddr5-8gb-5600mhz-cl46-1-1v-288-pin\/\" \/>\n<meta property=\"og:locale\" content=\"es_MX\" \/>\n<meta property=\"og:type\" content=\"article\" \/>\n<meta property=\"og:title\" content=\"[ Adata ] &#129351; Ad5u56008g-s Memoria Udimm Ddr5 8gb 5600mhz Cl46 1.1v 288-pin ()\" \/>\n<meta property=\"og:description\" content=\"Compra Ad5u56008g-s Memoria Udimm Ddr5 8gb 5600mhz Cl46 1.1v 288-pin () + Env\u00edo a domicilio + Pago seguro + Garant\u00eda\" \/>\n<meta property=\"og:url\" content=\"https:\/\/compuviper.mx\/tienda\/producto\/adata-ad5u56008g-s-memoria-udimm-ddr5-8gb-5600mhz-cl46-1-1v-288-pin\/\" \/>\n<meta property=\"og:site_name\" content=\"Compuviper\" \/>\n<meta property=\"article:publisher\" content=\"https:\/\/www.facebook.com\/compuviper\" \/>\n<meta property=\"article:modified_time\" content=\"2026-04-07T07:45:53+00:00\" \/>\n<meta name=\"twitter:card\" content=\"summary_large_image\" \/>\n<meta name=\"twitter:label1\" content=\"Precio\" \/>\n\t<meta name=\"twitter:data1\" content=\"&#36;1,915 con IVA\" \/>\n\t<meta name=\"twitter:label2\" content=\"Availability\" \/>\n\t<meta name=\"twitter:data2\" content=\"Out of stock\" \/>\n<script type=\"application\/ld+json\" class=\"yoast-schema-graph\">{\"@context\":\"https:\/\/schema.org\",\"@graph\":[{\"@type\":\"WebPage\",\"@id\":\"https:\/\/compuviper.mx\/tienda\/producto\/adata-ad5u56008g-s-memoria-udimm-ddr5-8gb-5600mhz-cl46-1-1v-288-pin\/\",\"url\":\"https:\/\/compuviper.mx\/tienda\/producto\/adata-ad5u56008g-s-memoria-udimm-ddr5-8gb-5600mhz-cl46-1-1v-288-pin\/\",\"name\":\"[ Adata ] &#129351; Ad5u56008g-s Memoria Udimm Ddr5 8gb 5600mhz Cl46 1.1v 288-pin ()\",\"isPartOf\":{\"@id\":\"https:\/\/compuviper.mx\/tienda\/#website\"},\"datePublished\":\"2026-04-07T07:45:52+00:00\",\"dateModified\":\"2026-04-07T07:45:53+00:00\",\"description\":\"Compra Ad5u56008g-s Memoria Udimm Ddr5 8gb 5600mhz Cl46 1.1v 288-pin () + Env\u00edo a domicilio + Pago seguro + Garant\u00eda\",\"breadcrumb\":{\"@id\":\"https:\/\/compuviper.mx\/tienda\/producto\/adata-ad5u56008g-s-memoria-udimm-ddr5-8gb-5600mhz-cl46-1-1v-288-pin\/#breadcrumb\"},\"inLanguage\":\"es-MX\",\"potentialAction\":[{\"@type\":\"ReadAction\",\"target\":[\"https:\/\/compuviper.mx\/tienda\/producto\/adata-ad5u56008g-s-memoria-udimm-ddr5-8gb-5600mhz-cl46-1-1v-288-pin\/\"]}]},{\"@type\":\"BreadcrumbList\",\"@id\":\"https:\/\/compuviper.mx\/tienda\/producto\/adata-ad5u56008g-s-memoria-udimm-ddr5-8gb-5600mhz-cl46-1-1v-288-pin\/#breadcrumb\",\"itemListElement\":[{\"@type\":\"ListItem\",\"position\":1,\"name\":\"Inicio\",\"item\":\"https:\/\/compuviper.mx\/tienda\/\"},{\"@type\":\"ListItem\",\"position\":2,\"name\":\"Productos\",\"item\":\"https:\/\/compuviper.mx\/tienda\/productos\/\"},{\"@type\":\"ListItem\",\"position\":3,\"name\":\"Memorias\",\"item\":\"https:\/\/compuviper.mx\/tienda\/categoria-producto\/memorias\/\"},{\"@type\":\"ListItem\",\"position\":4,\"name\":\"Memoria Ram\",\"item\":\"https:\/\/compuviper.mx\/tienda\/categoria-producto\/memorias\/memoria-ram\/\"},{\"@type\":\"ListItem\",\"position\":5,\"name\":\"Adata Ad5u56008g-s Memoria Udimm Ddr5 8gb 5600mhz Cl46 1.1v 288-pin ()\"}]},{\"@type\":\"WebSite\",\"@id\":\"https:\/\/compuviper.mx\/tienda\/#website\",\"url\":\"https:\/\/compuviper.mx\/tienda\/\",\"name\":\"Compuviper\",\"description\":\"Proveedor de Computadoras, Laptops, Servidores, Monitores, Puntos de Venta, Teclados,   Impresoras, T\u00f3ner, C\u00e1maras de Seguridad y m\u00e1s en tu tienda en l\u00ednea\",\"publisher\":{\"@id\":\"https:\/\/compuviper.mx\/tienda\/#organization\"},\"potentialAction\":[{\"@type\":\"SearchAction\",\"target\":{\"@type\":\"EntryPoint\",\"urlTemplate\":\"https:\/\/compuviper.mx\/tienda\/?s={search_term_string}\"},\"query-input\":\"required name=search_term_string\"}],\"inLanguage\":\"es-MX\"},{\"@type\":\"Organization\",\"@id\":\"https:\/\/compuviper.mx\/tienda\/#organization\",\"name\":\"Compuviper\",\"url\":\"https:\/\/compuviper.mx\/tienda\/\",\"logo\":{\"@type\":\"ImageObject\",\"inLanguage\":\"es-MX\",\"@id\":\"https:\/\/compuviper.mx\/tienda\/#\/schema\/logo\/image\/\",\"url\":\"https:\/\/compuviper.mx\/tienda\/wp-content\/uploads\/2021\/08\/Logo-Compuviper-10.png\",\"contentUrl\":\"https:\/\/compuviper.mx\/tienda\/wp-content\/uploads\/2021\/08\/Logo-Compuviper-10.png\",\"width\":1000,\"height\":500,\"caption\":\"Compuviper\"},\"image\":{\"@id\":\"https:\/\/compuviper.mx\/tienda\/#\/schema\/logo\/image\/\"},\"sameAs\":[\"https:\/\/www.facebook.com\/compuviper\",\"https:\/\/www.youtube.com\/channel\/UCf73dERp9Y3cfOq7q8BhLjA?view_as=subscriber\"]}]}<\/script>\n<meta property=\"product:brand\" content=\"ADATA\" \/>\n<meta property=\"product:price:amount\" content=\"1915\" \/>\n<meta property=\"product:price:currency\" content=\"MXN\" \/>\n<meta property=\"og:availability\" content=\"out of stock\" \/>\n<meta property=\"product:availability\" content=\"out of stock\" \/>\n<meta property=\"product:retailer_item_id\" content=\"AD5U56008G-S\" \/>\n<meta property=\"product:condition\" content=\"new\" \/>\n<!-- \/ Yoast SEO plugin. -->","yoast_head_json":{"title":"[ Adata ] &#129351; Ad5u56008g-s Memoria Udimm Ddr5 8gb 5600mhz Cl46 1.1v 288-pin ()","description":"Compra Ad5u56008g-s Memoria Udimm Ddr5 8gb 5600mhz Cl46 1.1v 288-pin () + Env\u00edo a domicilio + Pago seguro + Garant\u00eda","robots":{"index":"index","follow":"follow","max-snippet":"max-snippet:-1","max-image-preview":"max-image-preview:large","max-video-preview":"max-video-preview:-1"},"canonical":"https:\/\/compuviper.mx\/tienda\/producto\/adata-ad5u56008g-s-memoria-udimm-ddr5-8gb-5600mhz-cl46-1-1v-288-pin\/","og_locale":"es_MX","og_type":"article","og_title":"[ Adata ] &#129351; Ad5u56008g-s Memoria Udimm Ddr5 8gb 5600mhz Cl46 1.1v 288-pin ()","og_description":"Compra Ad5u56008g-s Memoria Udimm Ddr5 8gb 5600mhz Cl46 1.1v 288-pin () + Env\u00edo a domicilio + Pago seguro + Garant\u00eda","og_url":"https:\/\/compuviper.mx\/tienda\/producto\/adata-ad5u56008g-s-memoria-udimm-ddr5-8gb-5600mhz-cl46-1-1v-288-pin\/","og_site_name":"Compuviper","article_publisher":"https:\/\/www.facebook.com\/compuviper","article_modified_time":"2026-04-07T07:45:53+00:00","twitter_card":"summary_large_image","twitter_misc":{"Precio":"&#36;1,915 con IVA","Availability":"Out of stock"},"schema":{"@context":"https:\/\/schema.org","@graph":[{"@type":"WebPage","@id":"https:\/\/compuviper.mx\/tienda\/producto\/adata-ad5u56008g-s-memoria-udimm-ddr5-8gb-5600mhz-cl46-1-1v-288-pin\/","url":"https:\/\/compuviper.mx\/tienda\/producto\/adata-ad5u56008g-s-memoria-udimm-ddr5-8gb-5600mhz-cl46-1-1v-288-pin\/","name":"[ Adata ] &#129351; Ad5u56008g-s Memoria Udimm Ddr5 8gb 5600mhz Cl46 1.1v 288-pin ()","isPartOf":{"@id":"https:\/\/compuviper.mx\/tienda\/#website"},"datePublished":"2026-04-07T07:45:52+00:00","dateModified":"2026-04-07T07:45:53+00:00","description":"Compra Ad5u56008g-s Memoria Udimm Ddr5 8gb 5600mhz Cl46 1.1v 288-pin () + Env\u00edo a domicilio + Pago seguro + Garant\u00eda","breadcrumb":{"@id":"https:\/\/compuviper.mx\/tienda\/producto\/adata-ad5u56008g-s-memoria-udimm-ddr5-8gb-5600mhz-cl46-1-1v-288-pin\/#breadcrumb"},"inLanguage":"es-MX","potentialAction":[{"@type":"ReadAction","target":["https:\/\/compuviper.mx\/tienda\/producto\/adata-ad5u56008g-s-memoria-udimm-ddr5-8gb-5600mhz-cl46-1-1v-288-pin\/"]}]},{"@type":"BreadcrumbList","@id":"https:\/\/compuviper.mx\/tienda\/producto\/adata-ad5u56008g-s-memoria-udimm-ddr5-8gb-5600mhz-cl46-1-1v-288-pin\/#breadcrumb","itemListElement":[{"@type":"ListItem","position":1,"name":"Inicio","item":"https:\/\/compuviper.mx\/tienda\/"},{"@type":"ListItem","position":2,"name":"Productos","item":"https:\/\/compuviper.mx\/tienda\/productos\/"},{"@type":"ListItem","position":3,"name":"Memorias","item":"https:\/\/compuviper.mx\/tienda\/categoria-producto\/memorias\/"},{"@type":"ListItem","position":4,"name":"Memoria Ram","item":"https:\/\/compuviper.mx\/tienda\/categoria-producto\/memorias\/memoria-ram\/"},{"@type":"ListItem","position":5,"name":"Adata Ad5u56008g-s Memoria Udimm Ddr5 8gb 5600mhz Cl46 1.1v 288-pin ()"}]},{"@type":"WebSite","@id":"https:\/\/compuviper.mx\/tienda\/#website","url":"https:\/\/compuviper.mx\/tienda\/","name":"Compuviper","description":"Proveedor de Computadoras, Laptops, Servidores, Monitores, Puntos de Venta, Teclados,   Impresoras, T\u00f3ner, C\u00e1maras de Seguridad y m\u00e1s en tu tienda en l\u00ednea","publisher":{"@id":"https:\/\/compuviper.mx\/tienda\/#organization"},"potentialAction":[{"@type":"SearchAction","target":{"@type":"EntryPoint","urlTemplate":"https:\/\/compuviper.mx\/tienda\/?s={search_term_string}"},"query-input":"required name=search_term_string"}],"inLanguage":"es-MX"},{"@type":"Organization","@id":"https:\/\/compuviper.mx\/tienda\/#organization","name":"Compuviper","url":"https:\/\/compuviper.mx\/tienda\/","logo":{"@type":"ImageObject","inLanguage":"es-MX","@id":"https:\/\/compuviper.mx\/tienda\/#\/schema\/logo\/image\/","url":"https:\/\/compuviper.mx\/tienda\/wp-content\/uploads\/2021\/08\/Logo-Compuviper-10.png","contentUrl":"https:\/\/compuviper.mx\/tienda\/wp-content\/uploads\/2021\/08\/Logo-Compuviper-10.png","width":1000,"height":500,"caption":"Compuviper"},"image":{"@id":"https:\/\/compuviper.mx\/tienda\/#\/schema\/logo\/image\/"},"sameAs":["https:\/\/www.facebook.com\/compuviper","https:\/\/www.youtube.com\/channel\/UCf73dERp9Y3cfOq7q8BhLjA?view_as=subscriber"]}]},"product_brand":"ADATA","product_price_amount":"1915","product_price_currency":"MXN","og_availability":"out of stock","product_availability":"out of stock","product_retailer_item_id":"AD5U56008G-S","product_condition":"new"},"_links":{"self":[{"href":"https:\/\/compuviper.mx\/tienda\/wp-json\/wp\/v2\/product\/268301"}],"collection":[{"href":"https:\/\/compuviper.mx\/tienda\/wp-json\/wp\/v2\/product"}],"about":[{"href":"https:\/\/compuviper.mx\/tienda\/wp-json\/wp\/v2\/types\/product"}],"replies":[{"embeddable":true,"href":"https:\/\/compuviper.mx\/tienda\/wp-json\/wp\/v2\/comments?post=268301"}],"wp:attachment":[{"href":"https:\/\/compuviper.mx\/tienda\/wp-json\/wp\/v2\/media?parent=268301"}],"wp:term":[{"taxonomy":"product_cat","embeddable":true,"href":"https:\/\/compuviper.mx\/tienda\/wp-json\/wp\/v2\/product_cat?post=268301"},{"taxonomy":"product_tag","embeddable":true,"href":"https:\/\/compuviper.mx\/tienda\/wp-json\/wp\/v2\/product_tag?post=268301"}],"curies":[{"name":"wp","href":"https:\/\/api.w.org\/{rel}","templated":true}]}}