{"id":268276,"date":"2026-04-02T01:52:00","date_gmt":"2026-04-02T07:52:00","guid":{"rendered":"https:\/\/compuviper.mx\/tienda\/producto\/kingston-sds3-128gb-memoria-flash-sd-sdxc-canvas-select-128gb-150mb-s-c10-uhs-i-u1-v10\/"},"modified":"2026-04-03T00:00:31","modified_gmt":"2026-04-03T06:00:31","slug":"kingston-sds3-128gb-memoria-flash-sd-sdxc-canvas-select-128gb-150mb-s-c10-uhs-i-u1-v10","status":"publish","type":"product","link":"https:\/\/compuviper.mx\/tienda\/producto\/kingston-sds3-128gb-memoria-flash-sd-sdxc-canvas-select-128gb-150mb-s-c10-uhs-i-u1-v10\/","title":{"rendered":"Kingston Sds3\/128gb Memoria Flash Sd  Sdxc Canvas Select 128gb 150mb\/s C10 Uhs-i U1 V10 ()"},"content":{"rendered":"<table class=\"descripcion\">\n<tr>\n<td>Capacidad 128gb<\/td>\n<\/tr>\n<tr>\n<td>Rendimiento 150 mb\/s de lectura, bus de velocidad ultrarr\u00e1pida uhs-i<\/td>\n<\/tr>\n<tr>\n<td>Dimensiones de las tarjetas 24 x 32 x 2.1 mm<\/td>\n<\/tr>\n<tr>\n<td>Temperatura de operacion -25 a 85 \u00b0c<\/td>\n<\/tr>\n<tr>\n<td>Temperatura de almacenamiento -40 a 85 \u00b0c<\/td>\n<\/tr>\n<tr>\n<td>Formato exfat<\/td>\n<\/tr>\n<tr>\n<td>Voltaje 3.3v<\/td>\n<\/tr>\n<tr>\n<td>Garanta. primer a\u00f1o con , de por vida limitada con kingston.<\/td>\n<\/tr>\n<tr>\n<td>_________________________________________________________________________<\/td>\n<\/tr>\n<tr>\n<td>Resistente al agua<\/td>\n<\/tr>\n<tr>\n<td>Resistente a temperaturas extremas<\/td>\n<\/tr>\n<tr>\n<td>Resistente a golpes y vibraciones<\/td>\n<\/tr>\n<tr>\n<td>Protegida de los rayos x.<\/td>\n<\/tr>\n<tr>\n<td>Captura imagenes y videos en full hd (1080p)<\/td>\n<\/tr>\n<\/table>\n","protected":false},"excerpt":{"rendered":"<p>La tarjeta sd kingston canvas select plus esta dise\u00f1ada con un rendimiento fiable, velocidad y durabilidad para transferir y revelar fotos de alta resolucion o capturar y editar v\u00eddeos full hd. Puede alcanzar velocidades de clase 10 uhs-i de hasta 150mb\/seg para facilitar el almacenamiento y las transferencias rapidas, junto con una interfaz de v\u00eddeo clase 30 que puede grabar videos cinematograficos en full hd. La tarjeta sd canvas select plus esta disponible en multiples capacidades de hasta 1tb y con garantia de por vida.<\/p>\n","protected":false},"featured_media":268277,"comment_status":"open","ping_status":"open","template":"","meta":[],"product_cat":[1795,1793],"product_tag":[1573],"acf":[],"yoast_head":"<!-- This site is optimized with the Yoast SEO plugin v21.7 - https:\/\/yoast.com\/wordpress\/plugins\/seo\/ -->\n<title>[ Kingston ] &#129351; Sds3\/128gb Memoria Flash Sd Sdxc Canvas Select 128gb 150mb\/s C10 Uhs-i U1 V10 ()<\/title>\n<meta name=\"description\" content=\"Compra Sds3\/128gb Memoria Flash Sd Sdxc Canvas Select 128gb 150mb\/s C10 Uhs-i U1 V10 () + Env\u00edo a domicilio + Pago seguro + Garant\u00eda\" \/>\n<meta name=\"robots\" content=\"index, follow, max-snippet:-1, max-image-preview:large, max-video-preview:-1\" \/>\n<link rel=\"canonical\" href=\"https:\/\/compuviper.mx\/tienda\/producto\/kingston-sds3-128gb-memoria-flash-sd-sdxc-canvas-select-128gb-150mb-s-c10-uhs-i-u1-v10\/\" \/>\n<meta property=\"og:locale\" content=\"es_MX\" \/>\n<meta property=\"og:type\" content=\"article\" \/>\n<meta property=\"og:title\" content=\"[ Kingston ] &#129351; Sds3\/128gb Memoria Flash Sd Sdxc Canvas Select 128gb 150mb\/s C10 Uhs-i U1 V10 ()\" \/>\n<meta property=\"og:description\" content=\"Compra Sds3\/128gb Memoria Flash Sd Sdxc Canvas Select 128gb 150mb\/s C10 Uhs-i U1 V10 () + Env\u00edo a domicilio + Pago seguro + Garant\u00eda\" \/>\n<meta property=\"og:url\" content=\"https:\/\/compuviper.mx\/tienda\/producto\/kingston-sds3-128gb-memoria-flash-sd-sdxc-canvas-select-128gb-150mb-s-c10-uhs-i-u1-v10\/\" \/>\n<meta property=\"og:site_name\" content=\"Compuviper\" \/>\n<meta property=\"article:publisher\" content=\"https:\/\/www.facebook.com\/compuviper\" \/>\n<meta property=\"article:modified_time\" content=\"2026-04-03T06:00:31+00:00\" \/>\n<meta property=\"og:image\" content=\"https:\/\/compuviper.mx\/tienda\/wp-content\/uploads\/2026\/03\/Memoria-flash-sd-kingston-sdxc-canvas-select-128gb-150mbs-c10-uhs-i-u1-v10-sds3128gb.jpg\" \/>\n\t<meta property=\"og:image:width\" content=\"200\" \/>\n\t<meta property=\"og:image:height\" content=\"200\" \/>\n\t<meta property=\"og:image:type\" content=\"image\/jpeg\" \/>\n<meta name=\"twitter:card\" content=\"summary_large_image\" \/>\n<meta name=\"twitter:label1\" content=\"Precio\" \/>\n\t<meta name=\"twitter:data1\" content=\"&#36;336 con IVA\" \/>\n\t<meta name=\"twitter:label2\" content=\"Availability\" \/>\n\t<meta name=\"twitter:data2\" content=\"In stock\" \/>\n<script type=\"application\/ld+json\" class=\"yoast-schema-graph\">{\"@context\":\"https:\/\/schema.org\",\"@graph\":[{\"@type\":\"WebPage\",\"@id\":\"https:\/\/compuviper.mx\/tienda\/producto\/kingston-sds3-128gb-memoria-flash-sd-sdxc-canvas-select-128gb-150mb-s-c10-uhs-i-u1-v10\/\",\"url\":\"https:\/\/compuviper.mx\/tienda\/producto\/kingston-sds3-128gb-memoria-flash-sd-sdxc-canvas-select-128gb-150mb-s-c10-uhs-i-u1-v10\/\",\"name\":\"[ Kingston ] &#129351; Sds3\/128gb Memoria Flash Sd Sdxc Canvas Select 128gb 150mb\/s C10 Uhs-i U1 V10 ()\",\"isPartOf\":{\"@id\":\"https:\/\/compuviper.mx\/tienda\/#website\"},\"datePublished\":\"2026-04-02T07:52:00+00:00\",\"dateModified\":\"2026-04-03T06:00:31+00:00\",\"description\":\"Compra Sds3\/128gb Memoria Flash Sd Sdxc Canvas Select 128gb 150mb\/s C10 Uhs-i U1 V10 () + Env\u00edo a domicilio + Pago seguro + Garant\u00eda\",\"breadcrumb\":{\"@id\":\"https:\/\/compuviper.mx\/tienda\/producto\/kingston-sds3-128gb-memoria-flash-sd-sdxc-canvas-select-128gb-150mb-s-c10-uhs-i-u1-v10\/#breadcrumb\"},\"inLanguage\":\"es-MX\",\"potentialAction\":[{\"@type\":\"ReadAction\",\"target\":[\"https:\/\/compuviper.mx\/tienda\/producto\/kingston-sds3-128gb-memoria-flash-sd-sdxc-canvas-select-128gb-150mb-s-c10-uhs-i-u1-v10\/\"]}]},{\"@type\":\"BreadcrumbList\",\"@id\":\"https:\/\/compuviper.mx\/tienda\/producto\/kingston-sds3-128gb-memoria-flash-sd-sdxc-canvas-select-128gb-150mb-s-c10-uhs-i-u1-v10\/#breadcrumb\",\"itemListElement\":[{\"@type\":\"ListItem\",\"position\":1,\"name\":\"Inicio\",\"item\":\"https:\/\/compuviper.mx\/tienda\/\"},{\"@type\":\"ListItem\",\"position\":2,\"name\":\"Productos\",\"item\":\"https:\/\/compuviper.mx\/tienda\/productos\/\"},{\"@type\":\"ListItem\",\"position\":3,\"name\":\"Memorias\",\"item\":\"https:\/\/compuviper.mx\/tienda\/categoria-producto\/memorias\/\"},{\"@type\":\"ListItem\",\"position\":4,\"name\":\"Memoria Flash Card\",\"item\":\"https:\/\/compuviper.mx\/tienda\/categoria-producto\/memorias\/memoria-flash-card\/\"},{\"@type\":\"ListItem\",\"position\":5,\"name\":\"Kingston Sds3\/128gb Memoria Flash Sd Sdxc Canvas Select 128gb 150mb\/s C10 Uhs-i U1 V10 ()\"}]},{\"@type\":\"WebSite\",\"@id\":\"https:\/\/compuviper.mx\/tienda\/#website\",\"url\":\"https:\/\/compuviper.mx\/tienda\/\",\"name\":\"Compuviper\",\"description\":\"Proveedor de Computadoras, Laptops, Servidores, Monitores, Puntos de Venta, Teclados,   Impresoras, T\u00f3ner, C\u00e1maras de Seguridad y m\u00e1s en tu tienda en l\u00ednea\",\"publisher\":{\"@id\":\"https:\/\/compuviper.mx\/tienda\/#organization\"},\"potentialAction\":[{\"@type\":\"SearchAction\",\"target\":{\"@type\":\"EntryPoint\",\"urlTemplate\":\"https:\/\/compuviper.mx\/tienda\/?s={search_term_string}\"},\"query-input\":\"required name=search_term_string\"}],\"inLanguage\":\"es-MX\"},{\"@type\":\"Organization\",\"@id\":\"https:\/\/compuviper.mx\/tienda\/#organization\",\"name\":\"Compuviper\",\"url\":\"https:\/\/compuviper.mx\/tienda\/\",\"logo\":{\"@type\":\"ImageObject\",\"inLanguage\":\"es-MX\",\"@id\":\"https:\/\/compuviper.mx\/tienda\/#\/schema\/logo\/image\/\",\"url\":\"https:\/\/compuviper.mx\/tienda\/wp-content\/uploads\/2021\/08\/Logo-Compuviper-10.png\",\"contentUrl\":\"https:\/\/compuviper.mx\/tienda\/wp-content\/uploads\/2021\/08\/Logo-Compuviper-10.png\",\"width\":1000,\"height\":500,\"caption\":\"Compuviper\"},\"image\":{\"@id\":\"https:\/\/compuviper.mx\/tienda\/#\/schema\/logo\/image\/\"},\"sameAs\":[\"https:\/\/www.facebook.com\/compuviper\",\"https:\/\/www.youtube.com\/channel\/UCf73dERp9Y3cfOq7q8BhLjA?view_as=subscriber\"]}]}<\/script>\n<meta property=\"product:brand\" content=\"KINGSTON\" \/>\n<meta property=\"product:price:amount\" content=\"336\" \/>\n<meta property=\"product:price:currency\" content=\"MXN\" \/>\n<meta property=\"og:availability\" content=\"instock\" \/>\n<meta property=\"product:availability\" content=\"instock\" \/>\n<meta property=\"product:retailer_item_id\" content=\"SDS3\/128GB\" \/>\n<meta property=\"product:condition\" content=\"new\" \/>\n<!-- \/ Yoast SEO plugin. -->","yoast_head_json":{"title":"[ Kingston ] &#129351; Sds3\/128gb Memoria Flash Sd Sdxc Canvas Select 128gb 150mb\/s C10 Uhs-i U1 V10 ()","description":"Compra Sds3\/128gb Memoria Flash Sd Sdxc Canvas Select 128gb 150mb\/s C10 Uhs-i U1 V10 () + Env\u00edo a domicilio + Pago seguro + Garant\u00eda","robots":{"index":"index","follow":"follow","max-snippet":"max-snippet:-1","max-image-preview":"max-image-preview:large","max-video-preview":"max-video-preview:-1"},"canonical":"https:\/\/compuviper.mx\/tienda\/producto\/kingston-sds3-128gb-memoria-flash-sd-sdxc-canvas-select-128gb-150mb-s-c10-uhs-i-u1-v10\/","og_locale":"es_MX","og_type":"article","og_title":"[ Kingston ] &#129351; Sds3\/128gb Memoria Flash Sd Sdxc Canvas Select 128gb 150mb\/s C10 Uhs-i U1 V10 ()","og_description":"Compra Sds3\/128gb Memoria Flash Sd Sdxc Canvas Select 128gb 150mb\/s C10 Uhs-i U1 V10 () + Env\u00edo a domicilio + Pago seguro + Garant\u00eda","og_url":"https:\/\/compuviper.mx\/tienda\/producto\/kingston-sds3-128gb-memoria-flash-sd-sdxc-canvas-select-128gb-150mb-s-c10-uhs-i-u1-v10\/","og_site_name":"Compuviper","article_publisher":"https:\/\/www.facebook.com\/compuviper","article_modified_time":"2026-04-03T06:00:31+00:00","og_image":[{"width":200,"height":200,"url":"https:\/\/compuviper.mx\/tienda\/wp-content\/uploads\/2026\/03\/Memoria-flash-sd-kingston-sdxc-canvas-select-128gb-150mbs-c10-uhs-i-u1-v10-sds3128gb.jpg","type":"image\/jpeg"}],"twitter_card":"summary_large_image","twitter_misc":{"Precio":"&#36;336 con IVA","Availability":"In stock"},"schema":{"@context":"https:\/\/schema.org","@graph":[{"@type":"WebPage","@id":"https:\/\/compuviper.mx\/tienda\/producto\/kingston-sds3-128gb-memoria-flash-sd-sdxc-canvas-select-128gb-150mb-s-c10-uhs-i-u1-v10\/","url":"https:\/\/compuviper.mx\/tienda\/producto\/kingston-sds3-128gb-memoria-flash-sd-sdxc-canvas-select-128gb-150mb-s-c10-uhs-i-u1-v10\/","name":"[ Kingston ] &#129351; Sds3\/128gb Memoria Flash Sd Sdxc Canvas Select 128gb 150mb\/s C10 Uhs-i U1 V10 ()","isPartOf":{"@id":"https:\/\/compuviper.mx\/tienda\/#website"},"datePublished":"2026-04-02T07:52:00+00:00","dateModified":"2026-04-03T06:00:31+00:00","description":"Compra Sds3\/128gb Memoria Flash Sd Sdxc Canvas Select 128gb 150mb\/s C10 Uhs-i U1 V10 () + Env\u00edo a domicilio + Pago seguro + Garant\u00eda","breadcrumb":{"@id":"https:\/\/compuviper.mx\/tienda\/producto\/kingston-sds3-128gb-memoria-flash-sd-sdxc-canvas-select-128gb-150mb-s-c10-uhs-i-u1-v10\/#breadcrumb"},"inLanguage":"es-MX","potentialAction":[{"@type":"ReadAction","target":["https:\/\/compuviper.mx\/tienda\/producto\/kingston-sds3-128gb-memoria-flash-sd-sdxc-canvas-select-128gb-150mb-s-c10-uhs-i-u1-v10\/"]}]},{"@type":"BreadcrumbList","@id":"https:\/\/compuviper.mx\/tienda\/producto\/kingston-sds3-128gb-memoria-flash-sd-sdxc-canvas-select-128gb-150mb-s-c10-uhs-i-u1-v10\/#breadcrumb","itemListElement":[{"@type":"ListItem","position":1,"name":"Inicio","item":"https:\/\/compuviper.mx\/tienda\/"},{"@type":"ListItem","position":2,"name":"Productos","item":"https:\/\/compuviper.mx\/tienda\/productos\/"},{"@type":"ListItem","position":3,"name":"Memorias","item":"https:\/\/compuviper.mx\/tienda\/categoria-producto\/memorias\/"},{"@type":"ListItem","position":4,"name":"Memoria Flash Card","item":"https:\/\/compuviper.mx\/tienda\/categoria-producto\/memorias\/memoria-flash-card\/"},{"@type":"ListItem","position":5,"name":"Kingston Sds3\/128gb Memoria Flash Sd Sdxc Canvas Select 128gb 150mb\/s C10 Uhs-i U1 V10 ()"}]},{"@type":"WebSite","@id":"https:\/\/compuviper.mx\/tienda\/#website","url":"https:\/\/compuviper.mx\/tienda\/","name":"Compuviper","description":"Proveedor de Computadoras, Laptops, Servidores, Monitores, Puntos de Venta, Teclados,   Impresoras, T\u00f3ner, C\u00e1maras de Seguridad y m\u00e1s en tu tienda en l\u00ednea","publisher":{"@id":"https:\/\/compuviper.mx\/tienda\/#organization"},"potentialAction":[{"@type":"SearchAction","target":{"@type":"EntryPoint","urlTemplate":"https:\/\/compuviper.mx\/tienda\/?s={search_term_string}"},"query-input":"required name=search_term_string"}],"inLanguage":"es-MX"},{"@type":"Organization","@id":"https:\/\/compuviper.mx\/tienda\/#organization","name":"Compuviper","url":"https:\/\/compuviper.mx\/tienda\/","logo":{"@type":"ImageObject","inLanguage":"es-MX","@id":"https:\/\/compuviper.mx\/tienda\/#\/schema\/logo\/image\/","url":"https:\/\/compuviper.mx\/tienda\/wp-content\/uploads\/2021\/08\/Logo-Compuviper-10.png","contentUrl":"https:\/\/compuviper.mx\/tienda\/wp-content\/uploads\/2021\/08\/Logo-Compuviper-10.png","width":1000,"height":500,"caption":"Compuviper"},"image":{"@id":"https:\/\/compuviper.mx\/tienda\/#\/schema\/logo\/image\/"},"sameAs":["https:\/\/www.facebook.com\/compuviper","https:\/\/www.youtube.com\/channel\/UCf73dERp9Y3cfOq7q8BhLjA?view_as=subscriber"]}]},"product_brand":"KINGSTON","product_price_amount":"336","product_price_currency":"MXN","og_availability":"instock","product_availability":"instock","product_retailer_item_id":"SDS3\/128GB","product_condition":"new"},"_links":{"self":[{"href":"https:\/\/compuviper.mx\/tienda\/wp-json\/wp\/v2\/product\/268276"}],"collection":[{"href":"https:\/\/compuviper.mx\/tienda\/wp-json\/wp\/v2\/product"}],"about":[{"href":"https:\/\/compuviper.mx\/tienda\/wp-json\/wp\/v2\/types\/product"}],"replies":[{"embeddable":true,"href":"https:\/\/compuviper.mx\/tienda\/wp-json\/wp\/v2\/comments?post=268276"}],"wp:featuredmedia":[{"embeddable":true,"href":"https:\/\/compuviper.mx\/tienda\/wp-json\/wp\/v2\/media\/268277"}],"wp:attachment":[{"href":"https:\/\/compuviper.mx\/tienda\/wp-json\/wp\/v2\/media?parent=268276"}],"wp:term":[{"taxonomy":"product_cat","embeddable":true,"href":"https:\/\/compuviper.mx\/tienda\/wp-json\/wp\/v2\/product_cat?post=268276"},{"taxonomy":"product_tag","embeddable":true,"href":"https:\/\/compuviper.mx\/tienda\/wp-json\/wp\/v2\/product_tag?post=268276"}],"curies":[{"name":"wp","href":"https:\/\/api.w.org\/{rel}","templated":true}]}}