{"id":268252,"date":"2026-04-02T01:51:33","date_gmt":"2026-04-02T07:51:33","guid":{"rendered":"https:\/\/compuviper.mx\/tienda\/producto\/adata-ax5u5600c4616g-slabbk-memoria-xpg-lancer-blade-udimm-ddr5-16gb-pc5-44800-5600mhz-cl46-1-1v-con-disipador-negro-pc-gammer-alto-rendimiento\/"},"modified":"2026-04-03T00:00:30","modified_gmt":"2026-04-03T06:00:30","slug":"adata-ax5u5600c4616g-slabbk-memoria-xpg-lancer-blade-udimm-ddr5-16gb-pc5-44800-5600mhz-cl46-1-1v-con-disipador-negro-pc-gammer-alto-rendimiento","status":"publish","type":"product","link":"https:\/\/compuviper.mx\/tienda\/producto\/adata-ax5u5600c4616g-slabbk-memoria-xpg-lancer-blade-udimm-ddr5-16gb-pc5-44800-5600mhz-cl46-1-1v-con-disipador-negro-pc-gammer-alto-rendimiento\/","title":{"rendered":"Adata Ax5u5600c4616g-slabbk Memoria Xpg Lancer Blade Udimm Ddr5 16gb Pc5-44800 5600mhz Cl46 1.1v Con Disipador Negro Pc Gammer\/alto Rendimiento ()"},"content":{"rendered":"<table class=\"descripcion\">\n<tr>\n<td>Tipo de memoria ddr5<\/td>\n<\/tr>\n<tr>\n<td>Factor de forma u-dimm<\/td>\n<\/tr>\n<tr>\n<td>Capacidad 16gb<\/td>\n<\/tr>\n<tr>\n<td>Velocidades 5600 mt\/s<\/td>\n<\/tr>\n<tr>\n<td>Latencia cas 46<\/td>\n<\/tr>\n<tr>\n<td>Voltaje de operacion 1.1 v<\/td>\n<\/tr>\n<tr>\n<td>Temperatura de operacion de 0\u00b0c a 85\u00b0c<\/td>\n<\/tr>\n<tr>\n<td>Dimenciones (la x an x al)<\/td>\n<\/tr>\n<tr>\n<td>133.35 x 33.8 x 7.8 mm<\/td>\n<\/tr>\n<tr>\n<td>Peso 32.9g \/ 36.20g<\/td>\n<\/tr>\n<tr>\n<td>Garantia de por vida<\/td>\n<\/tr>\n<\/table>\n","protected":false},"excerpt":{"rendered":"<p>El lancer blade adopta un dise\u00f1o de disipador de calor de perfil bajo, lo que elimina la consideraci\u00f3n de la altura. Del ensamblaje del disipador de calor y hace que el producto sea adecuado para la instalaci\u00f3n en chasis peque\u00f1os. El disipador de calor est\u00e1 decorado con l\u00edneas geom\u00e9tricas simples, que le dan un aspecto vers\u00e1til cuando se. Combina con varios tipos de chasis. El lancer blade se ha sometido a estrictos procedimientos de selecci\u00f3n y. Cribado de componentes, y ha superado pruebas de fiabilidad y compatibilidad. \u00a1es resistente y duradero, y ofrece. La m\u00e1s alta calidad! el lancer blade es compatible con amd expo y con la \u00faltima plataforma amd. Tambi\u00e9n es. Compatible con el overclocking intel xmp 3.0, lo que proporciona a los jugadores un excelente rendimiento de. Overclocking.<\/p>\n","protected":false},"featured_media":268253,"comment_status":"open","ping_status":"open","template":"","meta":[],"product_cat":[1797,1793],"product_tag":[1539],"acf":[],"yoast_head":"<!-- This site is optimized with the Yoast SEO plugin v21.7 - https:\/\/yoast.com\/wordpress\/plugins\/seo\/ -->\n<title>[ Adata ] &#129351; Ax5u5600c4616g-slabbk Memoria Xpg Lancer Blade Udimm Ddr5 16gb Pc5-44800 5600mhz Cl46 1.1v Con Disipador Negro Pc Gammer\/alto Rendimiento ()<\/title>\n<meta name=\"description\" content=\"Compra Ax5u5600c4616g-slabbk Memoria Xpg Lancer Blade Udimm Ddr5 16gb Pc5-44800 5600mhz Cl46 1.1v Con Disipador Negro Pc Gammer\/alto Rendimiento () + Env\u00edo a domicilio + Pago seguro + Garant\u00eda\" \/>\n<meta name=\"robots\" content=\"index, follow, max-snippet:-1, max-image-preview:large, max-video-preview:-1\" \/>\n<link rel=\"canonical\" href=\"https:\/\/compuviper.mx\/tienda\/producto\/adata-ax5u5600c4616g-slabbk-memoria-xpg-lancer-blade-udimm-ddr5-16gb-pc5-44800-5600mhz-cl46-1-1v-con-disipador-negro-pc-gammer-alto-rendimiento\/\" \/>\n<meta property=\"og:locale\" content=\"es_MX\" \/>\n<meta property=\"og:type\" content=\"article\" \/>\n<meta property=\"og:title\" content=\"[ Adata ] &#129351; Ax5u5600c4616g-slabbk Memoria Xpg Lancer Blade Udimm Ddr5 16gb Pc5-44800 5600mhz Cl46 1.1v Con Disipador Negro Pc Gammer\/alto Rendimiento ()\" \/>\n<meta property=\"og:description\" content=\"Compra Ax5u5600c4616g-slabbk Memoria Xpg Lancer Blade Udimm Ddr5 16gb Pc5-44800 5600mhz Cl46 1.1v Con Disipador Negro Pc Gammer\/alto Rendimiento () + Env\u00edo a domicilio + Pago seguro + Garant\u00eda\" \/>\n<meta property=\"og:url\" content=\"https:\/\/compuviper.mx\/tienda\/producto\/adata-ax5u5600c4616g-slabbk-memoria-xpg-lancer-blade-udimm-ddr5-16gb-pc5-44800-5600mhz-cl46-1-1v-con-disipador-negro-pc-gammer-alto-rendimiento\/\" \/>\n<meta property=\"og:site_name\" content=\"Compuviper\" \/>\n<meta property=\"article:publisher\" content=\"https:\/\/www.facebook.com\/compuviper\" \/>\n<meta property=\"article:modified_time\" content=\"2026-04-03T06:00:30+00:00\" \/>\n<meta property=\"og:image\" content=\"https:\/\/compuviper.mx\/tienda\/wp-content\/uploads\/2026\/03\/Memoria-xpg-lancer-blade-udimm-ddr5-16gb-pc5-44800-5600mhz-cl46-1.1v-con-disipador-negro-pc-gammeralto-rendimiento-ax5u5600c4616g-slabbk.jpg\" \/>\n\t<meta property=\"og:image:width\" content=\"200\" \/>\n\t<meta property=\"og:image:height\" content=\"200\" \/>\n\t<meta property=\"og:image:type\" content=\"image\/jpeg\" \/>\n<meta name=\"twitter:card\" content=\"summary_large_image\" \/>\n<meta name=\"twitter:label1\" content=\"Precio\" \/>\n\t<meta name=\"twitter:data1\" content=\"&#36;3,566 con IVA\" \/>\n\t<meta name=\"twitter:label2\" content=\"Availability\" \/>\n\t<meta name=\"twitter:data2\" content=\"Out of stock\" \/>\n<script type=\"application\/ld+json\" class=\"yoast-schema-graph\">{\"@context\":\"https:\/\/schema.org\",\"@graph\":[{\"@type\":\"WebPage\",\"@id\":\"https:\/\/compuviper.mx\/tienda\/producto\/adata-ax5u5600c4616g-slabbk-memoria-xpg-lancer-blade-udimm-ddr5-16gb-pc5-44800-5600mhz-cl46-1-1v-con-disipador-negro-pc-gammer-alto-rendimiento\/\",\"url\":\"https:\/\/compuviper.mx\/tienda\/producto\/adata-ax5u5600c4616g-slabbk-memoria-xpg-lancer-blade-udimm-ddr5-16gb-pc5-44800-5600mhz-cl46-1-1v-con-disipador-negro-pc-gammer-alto-rendimiento\/\",\"name\":\"[ Adata ] &#129351; Ax5u5600c4616g-slabbk Memoria Xpg Lancer Blade Udimm Ddr5 16gb Pc5-44800 5600mhz Cl46 1.1v Con Disipador Negro Pc Gammer\/alto Rendimiento ()\",\"isPartOf\":{\"@id\":\"https:\/\/compuviper.mx\/tienda\/#website\"},\"datePublished\":\"2026-04-02T07:51:33+00:00\",\"dateModified\":\"2026-04-03T06:00:30+00:00\",\"description\":\"Compra Ax5u5600c4616g-slabbk Memoria Xpg Lancer Blade Udimm Ddr5 16gb Pc5-44800 5600mhz Cl46 1.1v Con Disipador Negro Pc Gammer\/alto Rendimiento () + Env\u00edo a domicilio + Pago seguro + Garant\u00eda\",\"breadcrumb\":{\"@id\":\"https:\/\/compuviper.mx\/tienda\/producto\/adata-ax5u5600c4616g-slabbk-memoria-xpg-lancer-blade-udimm-ddr5-16gb-pc5-44800-5600mhz-cl46-1-1v-con-disipador-negro-pc-gammer-alto-rendimiento\/#breadcrumb\"},\"inLanguage\":\"es-MX\",\"potentialAction\":[{\"@type\":\"ReadAction\",\"target\":[\"https:\/\/compuviper.mx\/tienda\/producto\/adata-ax5u5600c4616g-slabbk-memoria-xpg-lancer-blade-udimm-ddr5-16gb-pc5-44800-5600mhz-cl46-1-1v-con-disipador-negro-pc-gammer-alto-rendimiento\/\"]}]},{\"@type\":\"BreadcrumbList\",\"@id\":\"https:\/\/compuviper.mx\/tienda\/producto\/adata-ax5u5600c4616g-slabbk-memoria-xpg-lancer-blade-udimm-ddr5-16gb-pc5-44800-5600mhz-cl46-1-1v-con-disipador-negro-pc-gammer-alto-rendimiento\/#breadcrumb\",\"itemListElement\":[{\"@type\":\"ListItem\",\"position\":1,\"name\":\"Inicio\",\"item\":\"https:\/\/compuviper.mx\/tienda\/\"},{\"@type\":\"ListItem\",\"position\":2,\"name\":\"Productos\",\"item\":\"https:\/\/compuviper.mx\/tienda\/productos\/\"},{\"@type\":\"ListItem\",\"position\":3,\"name\":\"Memorias\",\"item\":\"https:\/\/compuviper.mx\/tienda\/categoria-producto\/memorias\/\"},{\"@type\":\"ListItem\",\"position\":4,\"name\":\"Memoria Ram\",\"item\":\"https:\/\/compuviper.mx\/tienda\/categoria-producto\/memorias\/memoria-ram\/\"},{\"@type\":\"ListItem\",\"position\":5,\"name\":\"Adata Ax5u5600c4616g-slabbk Memoria Xpg Lancer Blade Udimm Ddr5 16gb Pc5-44800 5600mhz Cl46 1.1v Con Disipador Negro Pc Gammer\/alto Rendimiento ()\"}]},{\"@type\":\"WebSite\",\"@id\":\"https:\/\/compuviper.mx\/tienda\/#website\",\"url\":\"https:\/\/compuviper.mx\/tienda\/\",\"name\":\"Compuviper\",\"description\":\"Proveedor de Computadoras, Laptops, Servidores, Monitores, Puntos de Venta, Teclados,   Impresoras, T\u00f3ner, C\u00e1maras de Seguridad y m\u00e1s en tu tienda en l\u00ednea\",\"publisher\":{\"@id\":\"https:\/\/compuviper.mx\/tienda\/#organization\"},\"potentialAction\":[{\"@type\":\"SearchAction\",\"target\":{\"@type\":\"EntryPoint\",\"urlTemplate\":\"https:\/\/compuviper.mx\/tienda\/?s={search_term_string}\"},\"query-input\":\"required name=search_term_string\"}],\"inLanguage\":\"es-MX\"},{\"@type\":\"Organization\",\"@id\":\"https:\/\/compuviper.mx\/tienda\/#organization\",\"name\":\"Compuviper\",\"url\":\"https:\/\/compuviper.mx\/tienda\/\",\"logo\":{\"@type\":\"ImageObject\",\"inLanguage\":\"es-MX\",\"@id\":\"https:\/\/compuviper.mx\/tienda\/#\/schema\/logo\/image\/\",\"url\":\"https:\/\/compuviper.mx\/tienda\/wp-content\/uploads\/2021\/08\/Logo-Compuviper-10.png\",\"contentUrl\":\"https:\/\/compuviper.mx\/tienda\/wp-content\/uploads\/2021\/08\/Logo-Compuviper-10.png\",\"width\":1000,\"height\":500,\"caption\":\"Compuviper\"},\"image\":{\"@id\":\"https:\/\/compuviper.mx\/tienda\/#\/schema\/logo\/image\/\"},\"sameAs\":[\"https:\/\/www.facebook.com\/compuviper\",\"https:\/\/www.youtube.com\/channel\/UCf73dERp9Y3cfOq7q8BhLjA?view_as=subscriber\"]}]}<\/script>\n<meta property=\"product:brand\" content=\"ADATA\" \/>\n<meta property=\"product:price:amount\" content=\"3566\" \/>\n<meta property=\"product:price:currency\" content=\"MXN\" \/>\n<meta property=\"og:availability\" content=\"out of stock\" \/>\n<meta property=\"product:availability\" content=\"out of stock\" \/>\n<meta property=\"product:retailer_item_id\" content=\"AX5U5600C4616G-SLABBK\" \/>\n<meta property=\"product:condition\" content=\"new\" \/>\n<!-- \/ Yoast SEO plugin. -->","yoast_head_json":{"title":"[ Adata ] &#129351; Ax5u5600c4616g-slabbk Memoria Xpg Lancer Blade Udimm Ddr5 16gb Pc5-44800 5600mhz Cl46 1.1v Con Disipador Negro Pc Gammer\/alto Rendimiento ()","description":"Compra Ax5u5600c4616g-slabbk Memoria Xpg Lancer Blade Udimm Ddr5 16gb Pc5-44800 5600mhz Cl46 1.1v Con Disipador Negro Pc Gammer\/alto Rendimiento () + Env\u00edo a domicilio + Pago seguro + Garant\u00eda","robots":{"index":"index","follow":"follow","max-snippet":"max-snippet:-1","max-image-preview":"max-image-preview:large","max-video-preview":"max-video-preview:-1"},"canonical":"https:\/\/compuviper.mx\/tienda\/producto\/adata-ax5u5600c4616g-slabbk-memoria-xpg-lancer-blade-udimm-ddr5-16gb-pc5-44800-5600mhz-cl46-1-1v-con-disipador-negro-pc-gammer-alto-rendimiento\/","og_locale":"es_MX","og_type":"article","og_title":"[ Adata ] &#129351; Ax5u5600c4616g-slabbk Memoria Xpg Lancer Blade Udimm Ddr5 16gb Pc5-44800 5600mhz Cl46 1.1v Con Disipador Negro Pc Gammer\/alto Rendimiento ()","og_description":"Compra Ax5u5600c4616g-slabbk Memoria Xpg Lancer Blade Udimm Ddr5 16gb Pc5-44800 5600mhz Cl46 1.1v Con Disipador Negro Pc Gammer\/alto Rendimiento () + Env\u00edo a domicilio + Pago seguro + Garant\u00eda","og_url":"https:\/\/compuviper.mx\/tienda\/producto\/adata-ax5u5600c4616g-slabbk-memoria-xpg-lancer-blade-udimm-ddr5-16gb-pc5-44800-5600mhz-cl46-1-1v-con-disipador-negro-pc-gammer-alto-rendimiento\/","og_site_name":"Compuviper","article_publisher":"https:\/\/www.facebook.com\/compuviper","article_modified_time":"2026-04-03T06:00:30+00:00","og_image":[{"width":200,"height":200,"url":"https:\/\/compuviper.mx\/tienda\/wp-content\/uploads\/2026\/03\/Memoria-xpg-lancer-blade-udimm-ddr5-16gb-pc5-44800-5600mhz-cl46-1.1v-con-disipador-negro-pc-gammeralto-rendimiento-ax5u5600c4616g-slabbk.jpg","type":"image\/jpeg"}],"twitter_card":"summary_large_image","twitter_misc":{"Precio":"&#36;3,566 con IVA","Availability":"Out of stock"},"schema":{"@context":"https:\/\/schema.org","@graph":[{"@type":"WebPage","@id":"https:\/\/compuviper.mx\/tienda\/producto\/adata-ax5u5600c4616g-slabbk-memoria-xpg-lancer-blade-udimm-ddr5-16gb-pc5-44800-5600mhz-cl46-1-1v-con-disipador-negro-pc-gammer-alto-rendimiento\/","url":"https:\/\/compuviper.mx\/tienda\/producto\/adata-ax5u5600c4616g-slabbk-memoria-xpg-lancer-blade-udimm-ddr5-16gb-pc5-44800-5600mhz-cl46-1-1v-con-disipador-negro-pc-gammer-alto-rendimiento\/","name":"[ Adata ] &#129351; Ax5u5600c4616g-slabbk Memoria Xpg Lancer Blade Udimm Ddr5 16gb Pc5-44800 5600mhz Cl46 1.1v Con Disipador Negro Pc Gammer\/alto Rendimiento ()","isPartOf":{"@id":"https:\/\/compuviper.mx\/tienda\/#website"},"datePublished":"2026-04-02T07:51:33+00:00","dateModified":"2026-04-03T06:00:30+00:00","description":"Compra Ax5u5600c4616g-slabbk Memoria Xpg Lancer Blade Udimm Ddr5 16gb Pc5-44800 5600mhz Cl46 1.1v Con Disipador Negro Pc Gammer\/alto Rendimiento () + Env\u00edo a domicilio + Pago seguro + Garant\u00eda","breadcrumb":{"@id":"https:\/\/compuviper.mx\/tienda\/producto\/adata-ax5u5600c4616g-slabbk-memoria-xpg-lancer-blade-udimm-ddr5-16gb-pc5-44800-5600mhz-cl46-1-1v-con-disipador-negro-pc-gammer-alto-rendimiento\/#breadcrumb"},"inLanguage":"es-MX","potentialAction":[{"@type":"ReadAction","target":["https:\/\/compuviper.mx\/tienda\/producto\/adata-ax5u5600c4616g-slabbk-memoria-xpg-lancer-blade-udimm-ddr5-16gb-pc5-44800-5600mhz-cl46-1-1v-con-disipador-negro-pc-gammer-alto-rendimiento\/"]}]},{"@type":"BreadcrumbList","@id":"https:\/\/compuviper.mx\/tienda\/producto\/adata-ax5u5600c4616g-slabbk-memoria-xpg-lancer-blade-udimm-ddr5-16gb-pc5-44800-5600mhz-cl46-1-1v-con-disipador-negro-pc-gammer-alto-rendimiento\/#breadcrumb","itemListElement":[{"@type":"ListItem","position":1,"name":"Inicio","item":"https:\/\/compuviper.mx\/tienda\/"},{"@type":"ListItem","position":2,"name":"Productos","item":"https:\/\/compuviper.mx\/tienda\/productos\/"},{"@type":"ListItem","position":3,"name":"Memorias","item":"https:\/\/compuviper.mx\/tienda\/categoria-producto\/memorias\/"},{"@type":"ListItem","position":4,"name":"Memoria Ram","item":"https:\/\/compuviper.mx\/tienda\/categoria-producto\/memorias\/memoria-ram\/"},{"@type":"ListItem","position":5,"name":"Adata Ax5u5600c4616g-slabbk Memoria Xpg Lancer Blade Udimm Ddr5 16gb Pc5-44800 5600mhz Cl46 1.1v Con Disipador Negro Pc Gammer\/alto Rendimiento ()"}]},{"@type":"WebSite","@id":"https:\/\/compuviper.mx\/tienda\/#website","url":"https:\/\/compuviper.mx\/tienda\/","name":"Compuviper","description":"Proveedor de Computadoras, Laptops, Servidores, Monitores, Puntos de Venta, Teclados,   Impresoras, T\u00f3ner, C\u00e1maras de Seguridad y m\u00e1s en tu tienda en l\u00ednea","publisher":{"@id":"https:\/\/compuviper.mx\/tienda\/#organization"},"potentialAction":[{"@type":"SearchAction","target":{"@type":"EntryPoint","urlTemplate":"https:\/\/compuviper.mx\/tienda\/?s={search_term_string}"},"query-input":"required name=search_term_string"}],"inLanguage":"es-MX"},{"@type":"Organization","@id":"https:\/\/compuviper.mx\/tienda\/#organization","name":"Compuviper","url":"https:\/\/compuviper.mx\/tienda\/","logo":{"@type":"ImageObject","inLanguage":"es-MX","@id":"https:\/\/compuviper.mx\/tienda\/#\/schema\/logo\/image\/","url":"https:\/\/compuviper.mx\/tienda\/wp-content\/uploads\/2021\/08\/Logo-Compuviper-10.png","contentUrl":"https:\/\/compuviper.mx\/tienda\/wp-content\/uploads\/2021\/08\/Logo-Compuviper-10.png","width":1000,"height":500,"caption":"Compuviper"},"image":{"@id":"https:\/\/compuviper.mx\/tienda\/#\/schema\/logo\/image\/"},"sameAs":["https:\/\/www.facebook.com\/compuviper","https:\/\/www.youtube.com\/channel\/UCf73dERp9Y3cfOq7q8BhLjA?view_as=subscriber"]}]},"product_brand":"ADATA","product_price_amount":"3566","product_price_currency":"MXN","og_availability":"out of stock","product_availability":"out of stock","product_retailer_item_id":"AX5U5600C4616G-SLABBK","product_condition":"new"},"_links":{"self":[{"href":"https:\/\/compuviper.mx\/tienda\/wp-json\/wp\/v2\/product\/268252"}],"collection":[{"href":"https:\/\/compuviper.mx\/tienda\/wp-json\/wp\/v2\/product"}],"about":[{"href":"https:\/\/compuviper.mx\/tienda\/wp-json\/wp\/v2\/types\/product"}],"replies":[{"embeddable":true,"href":"https:\/\/compuviper.mx\/tienda\/wp-json\/wp\/v2\/comments?post=268252"}],"wp:featuredmedia":[{"embeddable":true,"href":"https:\/\/compuviper.mx\/tienda\/wp-json\/wp\/v2\/media\/268253"}],"wp:attachment":[{"href":"https:\/\/compuviper.mx\/tienda\/wp-json\/wp\/v2\/media?parent=268252"}],"wp:term":[{"taxonomy":"product_cat","embeddable":true,"href":"https:\/\/compuviper.mx\/tienda\/wp-json\/wp\/v2\/product_cat?post=268252"},{"taxonomy":"product_tag","embeddable":true,"href":"https:\/\/compuviper.mx\/tienda\/wp-json\/wp\/v2\/product_tag?post=268252"}],"curies":[{"name":"wp","href":"https:\/\/api.w.org\/{rel}","templated":true}]}}