{"id":268228,"date":"2026-04-02T01:51:18","date_gmt":"2026-04-02T07:51:18","guid":{"rendered":"https:\/\/compuviper.mx\/tienda\/producto\/sandisk-sdcz74-128g-g46-memoria-128gb-usb-3-2-gen1-ultra-luxe-metalica-windows-400mb-s\/"},"modified":"2026-04-03T00:00:29","modified_gmt":"2026-04-03T06:00:29","slug":"sandisk-sdcz74-128g-g46-memoria-128gb-usb-3-2-gen1-ultra-luxe-metalica-windows-400mb-s","status":"publish","type":"product","link":"https:\/\/compuviper.mx\/tienda\/producto\/sandisk-sdcz74-128g-g46-memoria-128gb-usb-3-2-gen1-ultra-luxe-metalica-windows-400mb-s\/","title":{"rendered":"Sandisk Sdcz74-128g-g46 Memoria  128gb Usb 3.2 Gen1 Ultra Luxe Metalica Windows 400mb\/s"},"content":{"rendered":"<table class=\"descripcion\">\n<tr>\n<td>Capacidad  128gb<\/td>\n<\/tr>\n<tr>\n<td>Interfaz  usb 3.2 gen 1<\/td>\n<\/tr>\n<tr>\n<td>Garantia limitada de 5 a\u00f1os<\/td>\n<\/tr>\n<tr>\n<td>Dimensiones (largo, ancho y alto)  1.57 x 0.62 x 0.23<\/td>\n<\/tr>\n<tr>\n<td>Peso  7.5gms<\/td>\n<\/tr>\n<tr>\n<td>Numero de modelo  sdcz74-128g-g46<\/td>\n<\/tr>\n<tr>\n<td>Temp. operativa  0\u00b0c to 35\u00b0c<\/td>\n<\/tr>\n<tr>\n<td>Certificaciones :<\/td>\n<\/tr>\n<tr>\n<td>\u0095fcc, ices, ce, ukca, bsmi, rcm, eac, kcc, ukraine<\/td>\n<\/tr>\n<tr>\n<td>Caracteristicas del producto :<\/td>\n<\/tr>\n<tr>\n<td>\u0095dise\u00f1o elegante y totalmente metalico<\/td>\n<\/tr>\n<tr>\n<td>\u0095ahorra tiempo con velocidades de transferencia ultrarrapidas hasta 400 mb\/s<\/td>\n<\/tr>\n<tr>\n<td>\u0095transfiere una pelicula completa al disco en menos de 30 segundos<\/td>\n<\/tr>\n<tr>\n<td>\u0095obten hasta 1 tb de almacenamiento para tu musica, videos y fotos de alta resolucion, asi como para tus documentos y mucho mas, a un precio increible.<\/td>\n<\/tr>\n<tr>\n<td>\u0095protege tus archivos con una contrase\u00f1a mediante un software descargable<\/td>\n<\/tr>\n<tr>\n<td>\u0095recupera los archivos que se eliminaron por accidente con el software rescuepro deluxe<\/td>\n<\/tr>\n<tr>\n<td>\u0095compra con confianza con una garantia limitada de cinco a\u00f1os<\/td>\n<\/tr>\n<tr>\n<td>Compatibilidad :<\/td>\n<\/tr>\n<tr>\n<td>\u0095compatible con usb 3.2 gen 1 (compatible con versiones anteriores con usb 2.0).<\/td>\n<\/tr>\n<\/table>\n","protected":false},"excerpt":{"rendered":"<p>La velocidad se une al estilo. Almacena y comparte tus datos con una elegante unidad flash usb 3.2 gen 1 sandisk ultra luxe con carcasa completamente metalica. Pasa menos tiempo esperando y mas tiempo creando con velocidades de transferencia superrapidas hasta 400 mb\/s. Con una capacidad de hasta 1 tb de almacenamiento, esta rapida unidad flash lo guarda todo en un bonito dise\u00f1o de metal fundido pensado para llevarlo a cualquier parte. Estilo elegante y duradero. Guarda tu contenido en un dise\u00f1o totalmente metalico, que combina la durabilidad con la practicidad para ofrecer una forma elegante de guardar tus archivos. Velocidad que se mantiene en el tiempo. Experimenta el rendimiento del usb 3.2 gen 1 con velocidades de lectura ultrarr\u00e1pidas hasta 400 mb\/s para transferir archivos grandes de forma rapida y confiable. Espacio para archivos importantes. Gracias a las capacidades hasta 1 tb, puedes almacenar una mayor cantidad de archivos importantes, ademas de tus fotos, videos y mucho mas. Protege tus archivos con contrase\u00f1a. Comparte tu unidad con facilidad sabiendo que puedes proteger tus archivos con una contrase\u00f1a mediante un software descargable. Recupera archivos eliminados. El software de recuperacion rescuepro deluxe te ayuda a recuperar archivos, incluso si se\u0092perdieron o eliminaron por accidente. Tus archivos, a donde vayas. Puedes adjuntar la unidad a tu llavero, con el llavero incorporado, para llevar tus archivos a donde vayas.<\/p>\n","protected":false},"featured_media":268229,"comment_status":"open","ping_status":"open","template":"","meta":[],"product_cat":[1796,1793],"product_tag":[1709],"acf":[],"yoast_head":"<!-- This site is optimized with the Yoast SEO plugin v21.7 - https:\/\/yoast.com\/wordpress\/plugins\/seo\/ -->\n<title>[ Sandisk ] &#129351; Sdcz74-128g-g46 Memoria 128gb Usb 3.2 Gen1 Ultra Luxe Metalica Windows 400mb\/s<\/title>\n<meta name=\"description\" content=\"Compra Sdcz74-128g-g46 Memoria 128gb Usb 3.2 Gen1 Ultra Luxe Metalica Windows 400mb\/s + Env\u00edo a domicilio + Pago seguro + Garant\u00eda\" \/>\n<meta name=\"robots\" content=\"index, follow, max-snippet:-1, max-image-preview:large, max-video-preview:-1\" \/>\n<link rel=\"canonical\" href=\"https:\/\/compuviper.mx\/tienda\/producto\/sandisk-sdcz74-128g-g46-memoria-128gb-usb-3-2-gen1-ultra-luxe-metalica-windows-400mb-s\/\" \/>\n<meta property=\"og:locale\" content=\"es_MX\" \/>\n<meta property=\"og:type\" content=\"article\" \/>\n<meta property=\"og:title\" content=\"[ Sandisk ] &#129351; Sdcz74-128g-g46 Memoria 128gb Usb 3.2 Gen1 Ultra Luxe Metalica Windows 400mb\/s\" \/>\n<meta property=\"og:description\" content=\"Compra Sdcz74-128g-g46 Memoria 128gb Usb 3.2 Gen1 Ultra Luxe Metalica Windows 400mb\/s + Env\u00edo a domicilio + Pago seguro + Garant\u00eda\" \/>\n<meta property=\"og:url\" content=\"https:\/\/compuviper.mx\/tienda\/producto\/sandisk-sdcz74-128g-g46-memoria-128gb-usb-3-2-gen1-ultra-luxe-metalica-windows-400mb-s\/\" \/>\n<meta property=\"og:site_name\" content=\"Compuviper\" \/>\n<meta property=\"article:publisher\" content=\"https:\/\/www.facebook.com\/compuviper\" \/>\n<meta property=\"article:modified_time\" content=\"2026-04-03T06:00:29+00:00\" \/>\n<meta property=\"og:image\" content=\"https:\/\/compuviper.mx\/tienda\/wp-content\/uploads\/2026\/03\/Memoria-sandisk-128gb-usb-3.2-gen1-ultra-luxe-metalica-windows-400mbs-sdcz74-128g-g46.jpg\" \/>\n\t<meta property=\"og:image:width\" content=\"200\" \/>\n\t<meta property=\"og:image:height\" content=\"200\" \/>\n\t<meta property=\"og:image:type\" content=\"image\/jpeg\" \/>\n<meta name=\"twitter:card\" content=\"summary_large_image\" \/>\n<meta name=\"twitter:label1\" content=\"Precio\" \/>\n\t<meta name=\"twitter:data1\" content=\"&#36;385 con IVA\" \/>\n\t<meta name=\"twitter:label2\" content=\"Availability\" \/>\n\t<meta name=\"twitter:data2\" content=\"In stock\" \/>\n<script type=\"application\/ld+json\" class=\"yoast-schema-graph\">{\"@context\":\"https:\/\/schema.org\",\"@graph\":[{\"@type\":\"WebPage\",\"@id\":\"https:\/\/compuviper.mx\/tienda\/producto\/sandisk-sdcz74-128g-g46-memoria-128gb-usb-3-2-gen1-ultra-luxe-metalica-windows-400mb-s\/\",\"url\":\"https:\/\/compuviper.mx\/tienda\/producto\/sandisk-sdcz74-128g-g46-memoria-128gb-usb-3-2-gen1-ultra-luxe-metalica-windows-400mb-s\/\",\"name\":\"[ Sandisk ] &#129351; Sdcz74-128g-g46 Memoria 128gb Usb 3.2 Gen1 Ultra Luxe Metalica Windows 400mb\/s\",\"isPartOf\":{\"@id\":\"https:\/\/compuviper.mx\/tienda\/#website\"},\"datePublished\":\"2026-04-02T07:51:18+00:00\",\"dateModified\":\"2026-04-03T06:00:29+00:00\",\"description\":\"Compra Sdcz74-128g-g46 Memoria 128gb Usb 3.2 Gen1 Ultra Luxe Metalica Windows 400mb\/s + Env\u00edo a domicilio + Pago seguro + Garant\u00eda\",\"breadcrumb\":{\"@id\":\"https:\/\/compuviper.mx\/tienda\/producto\/sandisk-sdcz74-128g-g46-memoria-128gb-usb-3-2-gen1-ultra-luxe-metalica-windows-400mb-s\/#breadcrumb\"},\"inLanguage\":\"es-MX\",\"potentialAction\":[{\"@type\":\"ReadAction\",\"target\":[\"https:\/\/compuviper.mx\/tienda\/producto\/sandisk-sdcz74-128g-g46-memoria-128gb-usb-3-2-gen1-ultra-luxe-metalica-windows-400mb-s\/\"]}]},{\"@type\":\"BreadcrumbList\",\"@id\":\"https:\/\/compuviper.mx\/tienda\/producto\/sandisk-sdcz74-128g-g46-memoria-128gb-usb-3-2-gen1-ultra-luxe-metalica-windows-400mb-s\/#breadcrumb\",\"itemListElement\":[{\"@type\":\"ListItem\",\"position\":1,\"name\":\"Inicio\",\"item\":\"https:\/\/compuviper.mx\/tienda\/\"},{\"@type\":\"ListItem\",\"position\":2,\"name\":\"Productos\",\"item\":\"https:\/\/compuviper.mx\/tienda\/productos\/\"},{\"@type\":\"ListItem\",\"position\":3,\"name\":\"Memorias\",\"item\":\"https:\/\/compuviper.mx\/tienda\/categoria-producto\/memorias\/\"},{\"@type\":\"ListItem\",\"position\":4,\"name\":\"Memoria Flash Usb\",\"item\":\"https:\/\/compuviper.mx\/tienda\/categoria-producto\/memorias\/memoria-flash-usb\/\"},{\"@type\":\"ListItem\",\"position\":5,\"name\":\"Sandisk Sdcz74-128g-g46 Memoria 128gb Usb 3.2 Gen1 Ultra Luxe Metalica Windows 400mb\/s\"}]},{\"@type\":\"WebSite\",\"@id\":\"https:\/\/compuviper.mx\/tienda\/#website\",\"url\":\"https:\/\/compuviper.mx\/tienda\/\",\"name\":\"Compuviper\",\"description\":\"Proveedor de Computadoras, Laptops, Servidores, Monitores, Puntos de Venta, Teclados,   Impresoras, T\u00f3ner, C\u00e1maras de Seguridad y m\u00e1s en tu tienda en l\u00ednea\",\"publisher\":{\"@id\":\"https:\/\/compuviper.mx\/tienda\/#organization\"},\"potentialAction\":[{\"@type\":\"SearchAction\",\"target\":{\"@type\":\"EntryPoint\",\"urlTemplate\":\"https:\/\/compuviper.mx\/tienda\/?s={search_term_string}\"},\"query-input\":\"required name=search_term_string\"}],\"inLanguage\":\"es-MX\"},{\"@type\":\"Organization\",\"@id\":\"https:\/\/compuviper.mx\/tienda\/#organization\",\"name\":\"Compuviper\",\"url\":\"https:\/\/compuviper.mx\/tienda\/\",\"logo\":{\"@type\":\"ImageObject\",\"inLanguage\":\"es-MX\",\"@id\":\"https:\/\/compuviper.mx\/tienda\/#\/schema\/logo\/image\/\",\"url\":\"https:\/\/compuviper.mx\/tienda\/wp-content\/uploads\/2021\/08\/Logo-Compuviper-10.png\",\"contentUrl\":\"https:\/\/compuviper.mx\/tienda\/wp-content\/uploads\/2021\/08\/Logo-Compuviper-10.png\",\"width\":1000,\"height\":500,\"caption\":\"Compuviper\"},\"image\":{\"@id\":\"https:\/\/compuviper.mx\/tienda\/#\/schema\/logo\/image\/\"},\"sameAs\":[\"https:\/\/www.facebook.com\/compuviper\",\"https:\/\/www.youtube.com\/channel\/UCf73dERp9Y3cfOq7q8BhLjA?view_as=subscriber\"]}]}<\/script>\n<meta property=\"product:brand\" content=\"SANDISK\" \/>\n<meta property=\"product:price:amount\" content=\"385\" \/>\n<meta property=\"product:price:currency\" content=\"MXN\" \/>\n<meta property=\"og:availability\" content=\"instock\" \/>\n<meta property=\"product:availability\" content=\"instock\" \/>\n<meta property=\"product:retailer_item_id\" content=\"SDCZ74-128G-G46\" \/>\n<meta property=\"product:condition\" content=\"new\" \/>\n<!-- \/ Yoast SEO plugin. -->","yoast_head_json":{"title":"[ Sandisk ] &#129351; Sdcz74-128g-g46 Memoria 128gb Usb 3.2 Gen1 Ultra Luxe Metalica Windows 400mb\/s","description":"Compra Sdcz74-128g-g46 Memoria 128gb Usb 3.2 Gen1 Ultra Luxe Metalica Windows 400mb\/s + Env\u00edo a domicilio + Pago seguro + Garant\u00eda","robots":{"index":"index","follow":"follow","max-snippet":"max-snippet:-1","max-image-preview":"max-image-preview:large","max-video-preview":"max-video-preview:-1"},"canonical":"https:\/\/compuviper.mx\/tienda\/producto\/sandisk-sdcz74-128g-g46-memoria-128gb-usb-3-2-gen1-ultra-luxe-metalica-windows-400mb-s\/","og_locale":"es_MX","og_type":"article","og_title":"[ Sandisk ] &#129351; Sdcz74-128g-g46 Memoria 128gb Usb 3.2 Gen1 Ultra Luxe Metalica Windows 400mb\/s","og_description":"Compra Sdcz74-128g-g46 Memoria 128gb Usb 3.2 Gen1 Ultra Luxe Metalica Windows 400mb\/s + Env\u00edo a domicilio + Pago seguro + Garant\u00eda","og_url":"https:\/\/compuviper.mx\/tienda\/producto\/sandisk-sdcz74-128g-g46-memoria-128gb-usb-3-2-gen1-ultra-luxe-metalica-windows-400mb-s\/","og_site_name":"Compuviper","article_publisher":"https:\/\/www.facebook.com\/compuviper","article_modified_time":"2026-04-03T06:00:29+00:00","og_image":[{"width":200,"height":200,"url":"https:\/\/compuviper.mx\/tienda\/wp-content\/uploads\/2026\/03\/Memoria-sandisk-128gb-usb-3.2-gen1-ultra-luxe-metalica-windows-400mbs-sdcz74-128g-g46.jpg","type":"image\/jpeg"}],"twitter_card":"summary_large_image","twitter_misc":{"Precio":"&#36;385 con IVA","Availability":"In stock"},"schema":{"@context":"https:\/\/schema.org","@graph":[{"@type":"WebPage","@id":"https:\/\/compuviper.mx\/tienda\/producto\/sandisk-sdcz74-128g-g46-memoria-128gb-usb-3-2-gen1-ultra-luxe-metalica-windows-400mb-s\/","url":"https:\/\/compuviper.mx\/tienda\/producto\/sandisk-sdcz74-128g-g46-memoria-128gb-usb-3-2-gen1-ultra-luxe-metalica-windows-400mb-s\/","name":"[ Sandisk ] &#129351; Sdcz74-128g-g46 Memoria 128gb Usb 3.2 Gen1 Ultra Luxe Metalica Windows 400mb\/s","isPartOf":{"@id":"https:\/\/compuviper.mx\/tienda\/#website"},"datePublished":"2026-04-02T07:51:18+00:00","dateModified":"2026-04-03T06:00:29+00:00","description":"Compra Sdcz74-128g-g46 Memoria 128gb Usb 3.2 Gen1 Ultra Luxe Metalica Windows 400mb\/s + Env\u00edo a domicilio + Pago seguro + Garant\u00eda","breadcrumb":{"@id":"https:\/\/compuviper.mx\/tienda\/producto\/sandisk-sdcz74-128g-g46-memoria-128gb-usb-3-2-gen1-ultra-luxe-metalica-windows-400mb-s\/#breadcrumb"},"inLanguage":"es-MX","potentialAction":[{"@type":"ReadAction","target":["https:\/\/compuviper.mx\/tienda\/producto\/sandisk-sdcz74-128g-g46-memoria-128gb-usb-3-2-gen1-ultra-luxe-metalica-windows-400mb-s\/"]}]},{"@type":"BreadcrumbList","@id":"https:\/\/compuviper.mx\/tienda\/producto\/sandisk-sdcz74-128g-g46-memoria-128gb-usb-3-2-gen1-ultra-luxe-metalica-windows-400mb-s\/#breadcrumb","itemListElement":[{"@type":"ListItem","position":1,"name":"Inicio","item":"https:\/\/compuviper.mx\/tienda\/"},{"@type":"ListItem","position":2,"name":"Productos","item":"https:\/\/compuviper.mx\/tienda\/productos\/"},{"@type":"ListItem","position":3,"name":"Memorias","item":"https:\/\/compuviper.mx\/tienda\/categoria-producto\/memorias\/"},{"@type":"ListItem","position":4,"name":"Memoria Flash Usb","item":"https:\/\/compuviper.mx\/tienda\/categoria-producto\/memorias\/memoria-flash-usb\/"},{"@type":"ListItem","position":5,"name":"Sandisk Sdcz74-128g-g46 Memoria 128gb Usb 3.2 Gen1 Ultra Luxe Metalica Windows 400mb\/s"}]},{"@type":"WebSite","@id":"https:\/\/compuviper.mx\/tienda\/#website","url":"https:\/\/compuviper.mx\/tienda\/","name":"Compuviper","description":"Proveedor de Computadoras, Laptops, Servidores, Monitores, Puntos de Venta, Teclados,   Impresoras, T\u00f3ner, C\u00e1maras de Seguridad y m\u00e1s en tu tienda en l\u00ednea","publisher":{"@id":"https:\/\/compuviper.mx\/tienda\/#organization"},"potentialAction":[{"@type":"SearchAction","target":{"@type":"EntryPoint","urlTemplate":"https:\/\/compuviper.mx\/tienda\/?s={search_term_string}"},"query-input":"required name=search_term_string"}],"inLanguage":"es-MX"},{"@type":"Organization","@id":"https:\/\/compuviper.mx\/tienda\/#organization","name":"Compuviper","url":"https:\/\/compuviper.mx\/tienda\/","logo":{"@type":"ImageObject","inLanguage":"es-MX","@id":"https:\/\/compuviper.mx\/tienda\/#\/schema\/logo\/image\/","url":"https:\/\/compuviper.mx\/tienda\/wp-content\/uploads\/2021\/08\/Logo-Compuviper-10.png","contentUrl":"https:\/\/compuviper.mx\/tienda\/wp-content\/uploads\/2021\/08\/Logo-Compuviper-10.png","width":1000,"height":500,"caption":"Compuviper"},"image":{"@id":"https:\/\/compuviper.mx\/tienda\/#\/schema\/logo\/image\/"},"sameAs":["https:\/\/www.facebook.com\/compuviper","https:\/\/www.youtube.com\/channel\/UCf73dERp9Y3cfOq7q8BhLjA?view_as=subscriber"]}]},"product_brand":"SANDISK","product_price_amount":"385","product_price_currency":"MXN","og_availability":"instock","product_availability":"instock","product_retailer_item_id":"SDCZ74-128G-G46","product_condition":"new"},"_links":{"self":[{"href":"https:\/\/compuviper.mx\/tienda\/wp-json\/wp\/v2\/product\/268228"}],"collection":[{"href":"https:\/\/compuviper.mx\/tienda\/wp-json\/wp\/v2\/product"}],"about":[{"href":"https:\/\/compuviper.mx\/tienda\/wp-json\/wp\/v2\/types\/product"}],"replies":[{"embeddable":true,"href":"https:\/\/compuviper.mx\/tienda\/wp-json\/wp\/v2\/comments?post=268228"}],"wp:featuredmedia":[{"embeddable":true,"href":"https:\/\/compuviper.mx\/tienda\/wp-json\/wp\/v2\/media\/268229"}],"wp:attachment":[{"href":"https:\/\/compuviper.mx\/tienda\/wp-json\/wp\/v2\/media?parent=268228"}],"wp:term":[{"taxonomy":"product_cat","embeddable":true,"href":"https:\/\/compuviper.mx\/tienda\/wp-json\/wp\/v2\/product_cat?post=268228"},{"taxonomy":"product_tag","embeddable":true,"href":"https:\/\/compuviper.mx\/tienda\/wp-json\/wp\/v2\/product_tag?post=268228"}],"curies":[{"name":"wp","href":"https:\/\/api.w.org\/{rel}","templated":true}]}}