{"id":268220,"date":"2026-04-07T01:44:04","date_gmt":"2026-04-07T07:44:04","guid":{"rendered":"https:\/\/compuviper.mx\/tienda\/producto\/kingston-sdr2v6-512gb-memoria-flash-sd-sdxc-canvas-react-plus-512gb-280r-150w-uhs-ii-u3-v60\/"},"modified":"2026-04-07T01:44:04","modified_gmt":"2026-04-07T07:44:04","slug":"kingston-sdr2v6-512gb-memoria-flash-sd-sdxc-canvas-react-plus-512gb-280r-150w-uhs-ii-u3-v60","status":"publish","type":"product","link":"https:\/\/compuviper.mx\/tienda\/producto\/kingston-sdr2v6-512gb-memoria-flash-sd-sdxc-canvas-react-plus-512gb-280r-150w-uhs-ii-u3-v60\/","title":{"rendered":"Kingston Sdr2v6\/512gb Memoria Flash Sd  Sdxc Canvas React Plus 512gb 280r\/150w Uhs-ii U3 V60"},"content":{"rendered":"<table class=\"descripcion\">\n<tr>\n<td>Capacidades2 128gb, 256gb, 512gb, 1tb<\/td>\n<\/tr>\n<tr>\n<td>Est\u00e1ndar\/clase clase 10, uhs-ii, u3, v60<\/td>\n<\/tr>\n<tr>\n<td>Rendimiento1 280\/100mb\/seg lectura\/escritura (128gb)<\/td>\n<\/tr>\n<tr>\n<td>280\/150mb\/seg lectura\/escritura (256gb-1tb)<\/td>\n<\/tr>\n<tr>\n<td>Dimensiones 24 x 32 x 2.1 mm<\/td>\n<\/tr>\n<tr>\n<td>Formato exfat<\/td>\n<\/tr>\n<tr>\n<td>Temperatura de operaci\u00f3n -25\u00b0 a 85\u00b0c<\/td>\n<\/tr>\n<tr>\n<td>Temperatura de almacenamiento -40\u00b0 a 85 \u00b0c<\/td>\n<\/tr>\n<tr>\n<td>Voltaje 3.3v<\/td>\n<\/tr>\n<tr>\n<td>Garant\u00eda\/soporte t\u00e9cnico de por vida<\/td>\n<\/tr>\n<\/table>\n","protected":false},"excerpt":{"rendered":"<p>La tarjeta kingston canvas react plus sd est\u00e1 hecha a medida para los entusiastas de la fotograf\u00eda uhs-ii de nivel de entrada, proporcionando un rendimiento impresionante que complementa las c\u00e1maras uhs-ii est\u00e1ndar utilizadas por los creativos que est\u00e1n empezando tomando 4k a fotogramas por segundo (fps) m\u00e1s altos que uhs-i. La tarjeta cuenta con velocidades de clase u3 y v60 con velocidades de transferencia de hasta 280mb\/seg1 y capacidades de hasta 1tb2. Diga adi\u00f3s a las velocidades lentas y a los fotogramas perdidos, asegurando un proceso creativo sin problemas que mejora el flujo de trabajo y la eficiencia.<\/p>\n","protected":false},"featured_media":268221,"comment_status":"open","ping_status":"open","template":"","meta":[],"product_cat":[1795,1793],"product_tag":[1573],"acf":[],"yoast_head":"<!-- This site is optimized with the Yoast SEO plugin v21.7 - https:\/\/yoast.com\/wordpress\/plugins\/seo\/ -->\n<title>[ Kingston ] &#129351; Sdr2v6\/512gb Memoria Flash Sd Sdxc Canvas React Plus 512gb 280r\/150w Uhs-ii U3 V60<\/title>\n<meta name=\"description\" content=\"Compra Sdr2v6\/512gb Memoria Flash Sd Sdxc Canvas React Plus 512gb 280r\/150w Uhs-ii U3 V60 + Env\u00edo a domicilio + Pago seguro + Garant\u00eda\" \/>\n<meta name=\"robots\" content=\"index, follow, max-snippet:-1, max-image-preview:large, max-video-preview:-1\" \/>\n<link rel=\"canonical\" href=\"https:\/\/compuviper.mx\/tienda\/producto\/kingston-sdr2v6-512gb-memoria-flash-sd-sdxc-canvas-react-plus-512gb-280r-150w-uhs-ii-u3-v60\/\" \/>\n<meta property=\"og:locale\" content=\"es_MX\" \/>\n<meta property=\"og:type\" content=\"article\" \/>\n<meta property=\"og:title\" content=\"[ Kingston ] &#129351; Sdr2v6\/512gb Memoria Flash Sd Sdxc Canvas React Plus 512gb 280r\/150w Uhs-ii U3 V60\" \/>\n<meta property=\"og:description\" content=\"Compra Sdr2v6\/512gb Memoria Flash Sd Sdxc Canvas React Plus 512gb 280r\/150w Uhs-ii U3 V60 + Env\u00edo a domicilio + Pago seguro + Garant\u00eda\" \/>\n<meta property=\"og:url\" content=\"https:\/\/compuviper.mx\/tienda\/producto\/kingston-sdr2v6-512gb-memoria-flash-sd-sdxc-canvas-react-plus-512gb-280r-150w-uhs-ii-u3-v60\/\" \/>\n<meta property=\"og:site_name\" content=\"Compuviper\" \/>\n<meta property=\"article:publisher\" content=\"https:\/\/www.facebook.com\/compuviper\" \/>\n<meta property=\"og:image\" content=\"https:\/\/compuviper.mx\/tienda\/wp-content\/uploads\/2026\/03\/Memoria-flash-sd-kingston-sdxc-canvas-react-plus-512gb-280r150w-uhs-ii-u3-v60-sdr2v6512gb.jpg\" \/>\n\t<meta property=\"og:image:width\" content=\"200\" \/>\n\t<meta property=\"og:image:height\" content=\"200\" \/>\n\t<meta property=\"og:image:type\" content=\"image\/jpeg\" \/>\n<meta name=\"twitter:card\" content=\"summary_large_image\" \/>\n<meta name=\"twitter:label1\" content=\"Precio\" \/>\n\t<meta name=\"twitter:data1\" content=\"&#36;2,887 con IVA\" \/>\n\t<meta name=\"twitter:label2\" content=\"Availability\" \/>\n\t<meta name=\"twitter:data2\" content=\"In stock\" \/>\n<script type=\"application\/ld+json\" class=\"yoast-schema-graph\">{\"@context\":\"https:\/\/schema.org\",\"@graph\":[{\"@type\":\"WebPage\",\"@id\":\"https:\/\/compuviper.mx\/tienda\/producto\/kingston-sdr2v6-512gb-memoria-flash-sd-sdxc-canvas-react-plus-512gb-280r-150w-uhs-ii-u3-v60\/\",\"url\":\"https:\/\/compuviper.mx\/tienda\/producto\/kingston-sdr2v6-512gb-memoria-flash-sd-sdxc-canvas-react-plus-512gb-280r-150w-uhs-ii-u3-v60\/\",\"name\":\"[ Kingston ] &#129351; Sdr2v6\/512gb Memoria Flash Sd Sdxc Canvas React Plus 512gb 280r\/150w Uhs-ii U3 V60\",\"isPartOf\":{\"@id\":\"https:\/\/compuviper.mx\/tienda\/#website\"},\"datePublished\":\"2026-04-07T07:44:04+00:00\",\"dateModified\":\"2026-04-07T07:44:04+00:00\",\"description\":\"Compra Sdr2v6\/512gb Memoria Flash Sd Sdxc Canvas React Plus 512gb 280r\/150w Uhs-ii U3 V60 + Env\u00edo a domicilio + Pago seguro + Garant\u00eda\",\"breadcrumb\":{\"@id\":\"https:\/\/compuviper.mx\/tienda\/producto\/kingston-sdr2v6-512gb-memoria-flash-sd-sdxc-canvas-react-plus-512gb-280r-150w-uhs-ii-u3-v60\/#breadcrumb\"},\"inLanguage\":\"es-MX\",\"potentialAction\":[{\"@type\":\"ReadAction\",\"target\":[\"https:\/\/compuviper.mx\/tienda\/producto\/kingston-sdr2v6-512gb-memoria-flash-sd-sdxc-canvas-react-plus-512gb-280r-150w-uhs-ii-u3-v60\/\"]}]},{\"@type\":\"BreadcrumbList\",\"@id\":\"https:\/\/compuviper.mx\/tienda\/producto\/kingston-sdr2v6-512gb-memoria-flash-sd-sdxc-canvas-react-plus-512gb-280r-150w-uhs-ii-u3-v60\/#breadcrumb\",\"itemListElement\":[{\"@type\":\"ListItem\",\"position\":1,\"name\":\"Inicio\",\"item\":\"https:\/\/compuviper.mx\/tienda\/\"},{\"@type\":\"ListItem\",\"position\":2,\"name\":\"Productos\",\"item\":\"https:\/\/compuviper.mx\/tienda\/productos\/\"},{\"@type\":\"ListItem\",\"position\":3,\"name\":\"Memorias\",\"item\":\"https:\/\/compuviper.mx\/tienda\/categoria-producto\/memorias\/\"},{\"@type\":\"ListItem\",\"position\":4,\"name\":\"Memoria Flash Card\",\"item\":\"https:\/\/compuviper.mx\/tienda\/categoria-producto\/memorias\/memoria-flash-card\/\"},{\"@type\":\"ListItem\",\"position\":5,\"name\":\"Kingston Sdr2v6\/512gb Memoria Flash Sd Sdxc Canvas React Plus 512gb 280r\/150w Uhs-ii U3 V60\"}]},{\"@type\":\"WebSite\",\"@id\":\"https:\/\/compuviper.mx\/tienda\/#website\",\"url\":\"https:\/\/compuviper.mx\/tienda\/\",\"name\":\"Compuviper\",\"description\":\"Proveedor de Computadoras, Laptops, Servidores, Monitores, Puntos de Venta, Teclados,   Impresoras, T\u00f3ner, C\u00e1maras de Seguridad y m\u00e1s en tu tienda en l\u00ednea\",\"publisher\":{\"@id\":\"https:\/\/compuviper.mx\/tienda\/#organization\"},\"potentialAction\":[{\"@type\":\"SearchAction\",\"target\":{\"@type\":\"EntryPoint\",\"urlTemplate\":\"https:\/\/compuviper.mx\/tienda\/?s={search_term_string}\"},\"query-input\":\"required name=search_term_string\"}],\"inLanguage\":\"es-MX\"},{\"@type\":\"Organization\",\"@id\":\"https:\/\/compuviper.mx\/tienda\/#organization\",\"name\":\"Compuviper\",\"url\":\"https:\/\/compuviper.mx\/tienda\/\",\"logo\":{\"@type\":\"ImageObject\",\"inLanguage\":\"es-MX\",\"@id\":\"https:\/\/compuviper.mx\/tienda\/#\/schema\/logo\/image\/\",\"url\":\"https:\/\/compuviper.mx\/tienda\/wp-content\/uploads\/2021\/08\/Logo-Compuviper-10.png\",\"contentUrl\":\"https:\/\/compuviper.mx\/tienda\/wp-content\/uploads\/2021\/08\/Logo-Compuviper-10.png\",\"width\":1000,\"height\":500,\"caption\":\"Compuviper\"},\"image\":{\"@id\":\"https:\/\/compuviper.mx\/tienda\/#\/schema\/logo\/image\/\"},\"sameAs\":[\"https:\/\/www.facebook.com\/compuviper\",\"https:\/\/www.youtube.com\/channel\/UCf73dERp9Y3cfOq7q8BhLjA?view_as=subscriber\"]}]}<\/script>\n<meta property=\"product:brand\" content=\"KINGSTON\" \/>\n<meta property=\"product:price:amount\" content=\"2887\" \/>\n<meta property=\"product:price:currency\" content=\"MXN\" \/>\n<meta property=\"og:availability\" content=\"instock\" \/>\n<meta property=\"product:availability\" content=\"instock\" \/>\n<meta property=\"product:retailer_item_id\" content=\"SDR2V6\/512GB\" \/>\n<meta property=\"product:condition\" content=\"new\" \/>\n<!-- \/ Yoast SEO plugin. -->","yoast_head_json":{"title":"[ Kingston ] &#129351; Sdr2v6\/512gb Memoria Flash Sd Sdxc Canvas React Plus 512gb 280r\/150w Uhs-ii U3 V60","description":"Compra Sdr2v6\/512gb Memoria Flash Sd Sdxc Canvas React Plus 512gb 280r\/150w Uhs-ii U3 V60 + Env\u00edo a domicilio + Pago seguro + Garant\u00eda","robots":{"index":"index","follow":"follow","max-snippet":"max-snippet:-1","max-image-preview":"max-image-preview:large","max-video-preview":"max-video-preview:-1"},"canonical":"https:\/\/compuviper.mx\/tienda\/producto\/kingston-sdr2v6-512gb-memoria-flash-sd-sdxc-canvas-react-plus-512gb-280r-150w-uhs-ii-u3-v60\/","og_locale":"es_MX","og_type":"article","og_title":"[ Kingston ] &#129351; Sdr2v6\/512gb Memoria Flash Sd Sdxc Canvas React Plus 512gb 280r\/150w Uhs-ii U3 V60","og_description":"Compra Sdr2v6\/512gb Memoria Flash Sd Sdxc Canvas React Plus 512gb 280r\/150w Uhs-ii U3 V60 + Env\u00edo a domicilio + Pago seguro + Garant\u00eda","og_url":"https:\/\/compuviper.mx\/tienda\/producto\/kingston-sdr2v6-512gb-memoria-flash-sd-sdxc-canvas-react-plus-512gb-280r-150w-uhs-ii-u3-v60\/","og_site_name":"Compuviper","article_publisher":"https:\/\/www.facebook.com\/compuviper","og_image":[{"width":200,"height":200,"url":"https:\/\/compuviper.mx\/tienda\/wp-content\/uploads\/2026\/03\/Memoria-flash-sd-kingston-sdxc-canvas-react-plus-512gb-280r150w-uhs-ii-u3-v60-sdr2v6512gb.jpg","type":"image\/jpeg"}],"twitter_card":"summary_large_image","twitter_misc":{"Precio":"&#36;2,887 con IVA","Availability":"In stock"},"schema":{"@context":"https:\/\/schema.org","@graph":[{"@type":"WebPage","@id":"https:\/\/compuviper.mx\/tienda\/producto\/kingston-sdr2v6-512gb-memoria-flash-sd-sdxc-canvas-react-plus-512gb-280r-150w-uhs-ii-u3-v60\/","url":"https:\/\/compuviper.mx\/tienda\/producto\/kingston-sdr2v6-512gb-memoria-flash-sd-sdxc-canvas-react-plus-512gb-280r-150w-uhs-ii-u3-v60\/","name":"[ Kingston ] &#129351; Sdr2v6\/512gb Memoria Flash Sd Sdxc Canvas React Plus 512gb 280r\/150w Uhs-ii U3 V60","isPartOf":{"@id":"https:\/\/compuviper.mx\/tienda\/#website"},"datePublished":"2026-04-07T07:44:04+00:00","dateModified":"2026-04-07T07:44:04+00:00","description":"Compra Sdr2v6\/512gb Memoria Flash Sd Sdxc Canvas React Plus 512gb 280r\/150w Uhs-ii U3 V60 + Env\u00edo a domicilio + Pago seguro + Garant\u00eda","breadcrumb":{"@id":"https:\/\/compuviper.mx\/tienda\/producto\/kingston-sdr2v6-512gb-memoria-flash-sd-sdxc-canvas-react-plus-512gb-280r-150w-uhs-ii-u3-v60\/#breadcrumb"},"inLanguage":"es-MX","potentialAction":[{"@type":"ReadAction","target":["https:\/\/compuviper.mx\/tienda\/producto\/kingston-sdr2v6-512gb-memoria-flash-sd-sdxc-canvas-react-plus-512gb-280r-150w-uhs-ii-u3-v60\/"]}]},{"@type":"BreadcrumbList","@id":"https:\/\/compuviper.mx\/tienda\/producto\/kingston-sdr2v6-512gb-memoria-flash-sd-sdxc-canvas-react-plus-512gb-280r-150w-uhs-ii-u3-v60\/#breadcrumb","itemListElement":[{"@type":"ListItem","position":1,"name":"Inicio","item":"https:\/\/compuviper.mx\/tienda\/"},{"@type":"ListItem","position":2,"name":"Productos","item":"https:\/\/compuviper.mx\/tienda\/productos\/"},{"@type":"ListItem","position":3,"name":"Memorias","item":"https:\/\/compuviper.mx\/tienda\/categoria-producto\/memorias\/"},{"@type":"ListItem","position":4,"name":"Memoria Flash Card","item":"https:\/\/compuviper.mx\/tienda\/categoria-producto\/memorias\/memoria-flash-card\/"},{"@type":"ListItem","position":5,"name":"Kingston Sdr2v6\/512gb Memoria Flash Sd Sdxc Canvas React Plus 512gb 280r\/150w Uhs-ii U3 V60"}]},{"@type":"WebSite","@id":"https:\/\/compuviper.mx\/tienda\/#website","url":"https:\/\/compuviper.mx\/tienda\/","name":"Compuviper","description":"Proveedor de Computadoras, Laptops, Servidores, Monitores, Puntos de Venta, Teclados,   Impresoras, T\u00f3ner, C\u00e1maras de Seguridad y m\u00e1s en tu tienda en l\u00ednea","publisher":{"@id":"https:\/\/compuviper.mx\/tienda\/#organization"},"potentialAction":[{"@type":"SearchAction","target":{"@type":"EntryPoint","urlTemplate":"https:\/\/compuviper.mx\/tienda\/?s={search_term_string}"},"query-input":"required name=search_term_string"}],"inLanguage":"es-MX"},{"@type":"Organization","@id":"https:\/\/compuviper.mx\/tienda\/#organization","name":"Compuviper","url":"https:\/\/compuviper.mx\/tienda\/","logo":{"@type":"ImageObject","inLanguage":"es-MX","@id":"https:\/\/compuviper.mx\/tienda\/#\/schema\/logo\/image\/","url":"https:\/\/compuviper.mx\/tienda\/wp-content\/uploads\/2021\/08\/Logo-Compuviper-10.png","contentUrl":"https:\/\/compuviper.mx\/tienda\/wp-content\/uploads\/2021\/08\/Logo-Compuviper-10.png","width":1000,"height":500,"caption":"Compuviper"},"image":{"@id":"https:\/\/compuviper.mx\/tienda\/#\/schema\/logo\/image\/"},"sameAs":["https:\/\/www.facebook.com\/compuviper","https:\/\/www.youtube.com\/channel\/UCf73dERp9Y3cfOq7q8BhLjA?view_as=subscriber"]}]},"product_brand":"KINGSTON","product_price_amount":"2887","product_price_currency":"MXN","og_availability":"instock","product_availability":"instock","product_retailer_item_id":"SDR2V6\/512GB","product_condition":"new"},"_links":{"self":[{"href":"https:\/\/compuviper.mx\/tienda\/wp-json\/wp\/v2\/product\/268220"}],"collection":[{"href":"https:\/\/compuviper.mx\/tienda\/wp-json\/wp\/v2\/product"}],"about":[{"href":"https:\/\/compuviper.mx\/tienda\/wp-json\/wp\/v2\/types\/product"}],"replies":[{"embeddable":true,"href":"https:\/\/compuviper.mx\/tienda\/wp-json\/wp\/v2\/comments?post=268220"}],"wp:featuredmedia":[{"embeddable":true,"href":"https:\/\/compuviper.mx\/tienda\/wp-json\/wp\/v2\/media\/268221"}],"wp:attachment":[{"href":"https:\/\/compuviper.mx\/tienda\/wp-json\/wp\/v2\/media?parent=268220"}],"wp:term":[{"taxonomy":"product_cat","embeddable":true,"href":"https:\/\/compuviper.mx\/tienda\/wp-json\/wp\/v2\/product_cat?post=268220"},{"taxonomy":"product_tag","embeddable":true,"href":"https:\/\/compuviper.mx\/tienda\/wp-json\/wp\/v2\/product_tag?post=268220"}],"curies":[{"name":"wp","href":"https:\/\/api.w.org\/{rel}","templated":true}]}}