{"id":268214,"date":"2026-04-02T01:50:55","date_gmt":"2026-04-02T07:50:55","guid":{"rendered":"https:\/\/compuviper.mx\/tienda\/producto\/kingston-kf432c16rb2-32-memoria-ram-dimm-ddr4-32gb-3200mt-s-fury-renegade-black-xmp-cl16-288pin-1-35v-c-disipador-de-calor-p-pc-gamer-alto-rendimiento\/"},"modified":"2026-04-03T00:00:28","modified_gmt":"2026-04-03T06:00:28","slug":"kingston-kf432c16rb2-32-memoria-ram-dimm-ddr4-32gb-3200mt-s-fury-renegade-black-xmp-cl16-288pin-1-35v-c-disipador-de-calor-p-pc-gamer-alto-rendimiento","status":"publish","type":"product","link":"https:\/\/compuviper.mx\/tienda\/producto\/kingston-kf432c16rb2-32-memoria-ram-dimm-ddr4-32gb-3200mt-s-fury-renegade-black-xmp-cl16-288pin-1-35v-c-disipador-de-calor-p-pc-gamer-alto-rendimiento\/","title":{"rendered":"Kingston Kf432c16rb2\/32 Memoria Ram  Dimm Ddr4 32gb 3200mt\/s Fury Renegade Black Xmp Cl16 288pin 1.35v C\/disipador De Calor P\/pc\/gamer\/alto Rendimiento"},"content":{"rendered":"<table class=\"descripcion\">\n<tr>\n<td>Ipo de memoria interna: ddr4<\/td>\n<\/tr>\n<tr>\n<td>Memoria interna: 32 gb<\/td>\n<\/tr>\n<tr>\n<td>Dise\u00f1o de memoria: 1 x 32 gb<\/td>\n<\/tr>\n<tr>\n<td>Velocidad de memoria del reloj: 3200 mhz<\/td>\n<\/tr>\n<tr>\n<td>Latencia cas: 16<\/td>\n<\/tr>\n<tr>\n<td>Intel extreme memory profile (xmp):<\/td>\n<\/tr>\n<\/table>\n","protected":false},"excerpt":{"rendered":"<p>Mejora los sistemas basados en amd o intel con la memoria ultra rapida kingston fury\u0099 renegade ddr4, lo que te garantiza mantener los niveles maximos de rendimiento. Combina velocidades de hasta 5333mt\/seg*1 con tiempos rapidos cl16-cl20 para aumentar la velocidad de fotogramas, manten las transmisiones sin problemas y edita todo tu contenido en un instante. El audaz difusor de calor negro de dos tonos con pcb negro, no solo agrega un toque de estilo, sino que tambien maneja el calor mientras resuelve cargas de trabajo pesadas. Disponible en capacidades de modulo simple de 8gb a 32gb y kits de 2, 4 y 8 con capacidades de 16gb a 256gb. Kingston fury renegade ddr4 es ready for amd ryzen, intel\u00ae xmp certified y xmp ready. Ya estas listo con los perfiles optimizados para los ultimos chipsets de amd e intel.<\/p>\n","protected":false},"featured_media":268215,"comment_status":"open","ping_status":"open","template":"","meta":[],"product_cat":[1797,1793],"product_tag":[1573],"acf":[],"yoast_head":"<!-- This site is optimized with the Yoast SEO plugin v21.7 - https:\/\/yoast.com\/wordpress\/plugins\/seo\/ -->\n<title>[ Kingston ] &#129351; Kf432c16rb2\/32 Memoria Ram Dimm Ddr4 32gb 3200mt\/s Fury Renegade Black Xmp Cl16 288pin 1.35v C\/disipador De Calor P\/pc\/gamer\/alto Rendimiento<\/title>\n<meta name=\"description\" content=\"Compra Kf432c16rb2\/32 Memoria Ram Dimm Ddr4 32gb 3200mt\/s Fury Renegade Black Xmp Cl16 288pin 1.35v C\/disipador De Calor P\/pc\/gamer\/alto Rendimiento + Env\u00edo a domicilio + Pago seguro + Garant\u00eda\" \/>\n<meta name=\"robots\" content=\"index, follow, max-snippet:-1, max-image-preview:large, max-video-preview:-1\" \/>\n<link rel=\"canonical\" href=\"https:\/\/compuviper.mx\/tienda\/producto\/kingston-kf432c16rb2-32-memoria-ram-dimm-ddr4-32gb-3200mt-s-fury-renegade-black-xmp-cl16-288pin-1-35v-c-disipador-de-calor-p-pc-gamer-alto-rendimiento\/\" \/>\n<meta property=\"og:locale\" content=\"es_MX\" \/>\n<meta property=\"og:type\" content=\"article\" \/>\n<meta property=\"og:title\" content=\"[ Kingston ] &#129351; Kf432c16rb2\/32 Memoria Ram Dimm Ddr4 32gb 3200mt\/s Fury Renegade Black Xmp Cl16 288pin 1.35v C\/disipador De Calor P\/pc\/gamer\/alto Rendimiento\" \/>\n<meta property=\"og:description\" content=\"Compra Kf432c16rb2\/32 Memoria Ram Dimm Ddr4 32gb 3200mt\/s Fury Renegade Black Xmp Cl16 288pin 1.35v C\/disipador De Calor P\/pc\/gamer\/alto Rendimiento + Env\u00edo a domicilio + Pago seguro + Garant\u00eda\" \/>\n<meta property=\"og:url\" content=\"https:\/\/compuviper.mx\/tienda\/producto\/kingston-kf432c16rb2-32-memoria-ram-dimm-ddr4-32gb-3200mt-s-fury-renegade-black-xmp-cl16-288pin-1-35v-c-disipador-de-calor-p-pc-gamer-alto-rendimiento\/\" \/>\n<meta property=\"og:site_name\" content=\"Compuviper\" \/>\n<meta property=\"article:publisher\" content=\"https:\/\/www.facebook.com\/compuviper\" \/>\n<meta property=\"article:modified_time\" content=\"2026-04-03T06:00:28+00:00\" \/>\n<meta property=\"og:image\" content=\"https:\/\/compuviper.mx\/tienda\/wp-content\/uploads\/2026\/03\/Memoria-ram-kingston-dimm-ddr4-32gb-3200mts-fury-renegade-black-xmp-cl16-288pin-1.35v-cdisipador-de-calor-ppcgameralto-rendimiento-kf432c16rb232.jpg\" \/>\n\t<meta property=\"og:image:width\" content=\"200\" \/>\n\t<meta property=\"og:image:height\" content=\"200\" \/>\n\t<meta property=\"og:image:type\" content=\"image\/jpeg\" \/>\n<meta name=\"twitter:card\" content=\"summary_large_image\" \/>\n<meta name=\"twitter:label1\" content=\"Precio\" \/>\n\t<meta name=\"twitter:data1\" content=\"&#36;4,849 con IVA\" \/>\n\t<meta name=\"twitter:label2\" content=\"Availability\" \/>\n\t<meta name=\"twitter:data2\" content=\"In stock\" \/>\n<script type=\"application\/ld+json\" class=\"yoast-schema-graph\">{\"@context\":\"https:\/\/schema.org\",\"@graph\":[{\"@type\":\"WebPage\",\"@id\":\"https:\/\/compuviper.mx\/tienda\/producto\/kingston-kf432c16rb2-32-memoria-ram-dimm-ddr4-32gb-3200mt-s-fury-renegade-black-xmp-cl16-288pin-1-35v-c-disipador-de-calor-p-pc-gamer-alto-rendimiento\/\",\"url\":\"https:\/\/compuviper.mx\/tienda\/producto\/kingston-kf432c16rb2-32-memoria-ram-dimm-ddr4-32gb-3200mt-s-fury-renegade-black-xmp-cl16-288pin-1-35v-c-disipador-de-calor-p-pc-gamer-alto-rendimiento\/\",\"name\":\"[ Kingston ] &#129351; Kf432c16rb2\/32 Memoria Ram Dimm Ddr4 32gb 3200mt\/s Fury Renegade Black Xmp Cl16 288pin 1.35v C\/disipador De Calor P\/pc\/gamer\/alto Rendimiento\",\"isPartOf\":{\"@id\":\"https:\/\/compuviper.mx\/tienda\/#website\"},\"datePublished\":\"2026-04-02T07:50:55+00:00\",\"dateModified\":\"2026-04-03T06:00:28+00:00\",\"description\":\"Compra Kf432c16rb2\/32 Memoria Ram Dimm Ddr4 32gb 3200mt\/s Fury Renegade Black Xmp Cl16 288pin 1.35v C\/disipador De Calor P\/pc\/gamer\/alto Rendimiento + Env\u00edo a domicilio + Pago seguro + Garant\u00eda\",\"breadcrumb\":{\"@id\":\"https:\/\/compuviper.mx\/tienda\/producto\/kingston-kf432c16rb2-32-memoria-ram-dimm-ddr4-32gb-3200mt-s-fury-renegade-black-xmp-cl16-288pin-1-35v-c-disipador-de-calor-p-pc-gamer-alto-rendimiento\/#breadcrumb\"},\"inLanguage\":\"es-MX\",\"potentialAction\":[{\"@type\":\"ReadAction\",\"target\":[\"https:\/\/compuviper.mx\/tienda\/producto\/kingston-kf432c16rb2-32-memoria-ram-dimm-ddr4-32gb-3200mt-s-fury-renegade-black-xmp-cl16-288pin-1-35v-c-disipador-de-calor-p-pc-gamer-alto-rendimiento\/\"]}]},{\"@type\":\"BreadcrumbList\",\"@id\":\"https:\/\/compuviper.mx\/tienda\/producto\/kingston-kf432c16rb2-32-memoria-ram-dimm-ddr4-32gb-3200mt-s-fury-renegade-black-xmp-cl16-288pin-1-35v-c-disipador-de-calor-p-pc-gamer-alto-rendimiento\/#breadcrumb\",\"itemListElement\":[{\"@type\":\"ListItem\",\"position\":1,\"name\":\"Inicio\",\"item\":\"https:\/\/compuviper.mx\/tienda\/\"},{\"@type\":\"ListItem\",\"position\":2,\"name\":\"Productos\",\"item\":\"https:\/\/compuviper.mx\/tienda\/productos\/\"},{\"@type\":\"ListItem\",\"position\":3,\"name\":\"Memorias\",\"item\":\"https:\/\/compuviper.mx\/tienda\/categoria-producto\/memorias\/\"},{\"@type\":\"ListItem\",\"position\":4,\"name\":\"Memoria Ram\",\"item\":\"https:\/\/compuviper.mx\/tienda\/categoria-producto\/memorias\/memoria-ram\/\"},{\"@type\":\"ListItem\",\"position\":5,\"name\":\"Kingston Kf432c16rb2\/32 Memoria Ram Dimm Ddr4 32gb 3200mt\/s Fury Renegade Black Xmp Cl16 288pin 1.35v C\/disipador De Calor P\/pc\/gamer\/alto Rendimiento\"}]},{\"@type\":\"WebSite\",\"@id\":\"https:\/\/compuviper.mx\/tienda\/#website\",\"url\":\"https:\/\/compuviper.mx\/tienda\/\",\"name\":\"Compuviper\",\"description\":\"Proveedor de Computadoras, Laptops, Servidores, Monitores, Puntos de Venta, Teclados,   Impresoras, T\u00f3ner, C\u00e1maras de Seguridad y m\u00e1s en tu tienda en l\u00ednea\",\"publisher\":{\"@id\":\"https:\/\/compuviper.mx\/tienda\/#organization\"},\"potentialAction\":[{\"@type\":\"SearchAction\",\"target\":{\"@type\":\"EntryPoint\",\"urlTemplate\":\"https:\/\/compuviper.mx\/tienda\/?s={search_term_string}\"},\"query-input\":\"required name=search_term_string\"}],\"inLanguage\":\"es-MX\"},{\"@type\":\"Organization\",\"@id\":\"https:\/\/compuviper.mx\/tienda\/#organization\",\"name\":\"Compuviper\",\"url\":\"https:\/\/compuviper.mx\/tienda\/\",\"logo\":{\"@type\":\"ImageObject\",\"inLanguage\":\"es-MX\",\"@id\":\"https:\/\/compuviper.mx\/tienda\/#\/schema\/logo\/image\/\",\"url\":\"https:\/\/compuviper.mx\/tienda\/wp-content\/uploads\/2021\/08\/Logo-Compuviper-10.png\",\"contentUrl\":\"https:\/\/compuviper.mx\/tienda\/wp-content\/uploads\/2021\/08\/Logo-Compuviper-10.png\",\"width\":1000,\"height\":500,\"caption\":\"Compuviper\"},\"image\":{\"@id\":\"https:\/\/compuviper.mx\/tienda\/#\/schema\/logo\/image\/\"},\"sameAs\":[\"https:\/\/www.facebook.com\/compuviper\",\"https:\/\/www.youtube.com\/channel\/UCf73dERp9Y3cfOq7q8BhLjA?view_as=subscriber\"]}]}<\/script>\n<meta property=\"product:brand\" content=\"KINGSTON\" \/>\n<meta property=\"product:price:amount\" content=\"4849\" \/>\n<meta property=\"product:price:currency\" content=\"MXN\" \/>\n<meta property=\"og:availability\" content=\"instock\" \/>\n<meta property=\"product:availability\" content=\"instock\" \/>\n<meta property=\"product:retailer_item_id\" content=\"KF432C16RB2\/32\" \/>\n<meta property=\"product:condition\" content=\"new\" \/>\n<!-- \/ Yoast SEO plugin. -->","yoast_head_json":{"title":"[ Kingston ] &#129351; Kf432c16rb2\/32 Memoria Ram Dimm Ddr4 32gb 3200mt\/s Fury Renegade Black Xmp Cl16 288pin 1.35v C\/disipador De Calor P\/pc\/gamer\/alto Rendimiento","description":"Compra Kf432c16rb2\/32 Memoria Ram Dimm Ddr4 32gb 3200mt\/s Fury Renegade Black Xmp Cl16 288pin 1.35v C\/disipador De Calor P\/pc\/gamer\/alto Rendimiento + Env\u00edo a domicilio + Pago seguro + Garant\u00eda","robots":{"index":"index","follow":"follow","max-snippet":"max-snippet:-1","max-image-preview":"max-image-preview:large","max-video-preview":"max-video-preview:-1"},"canonical":"https:\/\/compuviper.mx\/tienda\/producto\/kingston-kf432c16rb2-32-memoria-ram-dimm-ddr4-32gb-3200mt-s-fury-renegade-black-xmp-cl16-288pin-1-35v-c-disipador-de-calor-p-pc-gamer-alto-rendimiento\/","og_locale":"es_MX","og_type":"article","og_title":"[ Kingston ] &#129351; Kf432c16rb2\/32 Memoria Ram Dimm Ddr4 32gb 3200mt\/s Fury Renegade Black Xmp Cl16 288pin 1.35v C\/disipador De Calor P\/pc\/gamer\/alto Rendimiento","og_description":"Compra Kf432c16rb2\/32 Memoria Ram Dimm Ddr4 32gb 3200mt\/s Fury Renegade Black Xmp Cl16 288pin 1.35v C\/disipador De Calor P\/pc\/gamer\/alto Rendimiento + Env\u00edo a domicilio + Pago seguro + Garant\u00eda","og_url":"https:\/\/compuviper.mx\/tienda\/producto\/kingston-kf432c16rb2-32-memoria-ram-dimm-ddr4-32gb-3200mt-s-fury-renegade-black-xmp-cl16-288pin-1-35v-c-disipador-de-calor-p-pc-gamer-alto-rendimiento\/","og_site_name":"Compuviper","article_publisher":"https:\/\/www.facebook.com\/compuviper","article_modified_time":"2026-04-03T06:00:28+00:00","og_image":[{"width":200,"height":200,"url":"https:\/\/compuviper.mx\/tienda\/wp-content\/uploads\/2026\/03\/Memoria-ram-kingston-dimm-ddr4-32gb-3200mts-fury-renegade-black-xmp-cl16-288pin-1.35v-cdisipador-de-calor-ppcgameralto-rendimiento-kf432c16rb232.jpg","type":"image\/jpeg"}],"twitter_card":"summary_large_image","twitter_misc":{"Precio":"&#36;4,849 con IVA","Availability":"In stock"},"schema":{"@context":"https:\/\/schema.org","@graph":[{"@type":"WebPage","@id":"https:\/\/compuviper.mx\/tienda\/producto\/kingston-kf432c16rb2-32-memoria-ram-dimm-ddr4-32gb-3200mt-s-fury-renegade-black-xmp-cl16-288pin-1-35v-c-disipador-de-calor-p-pc-gamer-alto-rendimiento\/","url":"https:\/\/compuviper.mx\/tienda\/producto\/kingston-kf432c16rb2-32-memoria-ram-dimm-ddr4-32gb-3200mt-s-fury-renegade-black-xmp-cl16-288pin-1-35v-c-disipador-de-calor-p-pc-gamer-alto-rendimiento\/","name":"[ Kingston ] &#129351; Kf432c16rb2\/32 Memoria Ram Dimm Ddr4 32gb 3200mt\/s Fury Renegade Black Xmp Cl16 288pin 1.35v C\/disipador De Calor P\/pc\/gamer\/alto Rendimiento","isPartOf":{"@id":"https:\/\/compuviper.mx\/tienda\/#website"},"datePublished":"2026-04-02T07:50:55+00:00","dateModified":"2026-04-03T06:00:28+00:00","description":"Compra Kf432c16rb2\/32 Memoria Ram Dimm Ddr4 32gb 3200mt\/s Fury Renegade Black Xmp Cl16 288pin 1.35v C\/disipador De Calor P\/pc\/gamer\/alto Rendimiento + Env\u00edo a domicilio + Pago seguro + Garant\u00eda","breadcrumb":{"@id":"https:\/\/compuviper.mx\/tienda\/producto\/kingston-kf432c16rb2-32-memoria-ram-dimm-ddr4-32gb-3200mt-s-fury-renegade-black-xmp-cl16-288pin-1-35v-c-disipador-de-calor-p-pc-gamer-alto-rendimiento\/#breadcrumb"},"inLanguage":"es-MX","potentialAction":[{"@type":"ReadAction","target":["https:\/\/compuviper.mx\/tienda\/producto\/kingston-kf432c16rb2-32-memoria-ram-dimm-ddr4-32gb-3200mt-s-fury-renegade-black-xmp-cl16-288pin-1-35v-c-disipador-de-calor-p-pc-gamer-alto-rendimiento\/"]}]},{"@type":"BreadcrumbList","@id":"https:\/\/compuviper.mx\/tienda\/producto\/kingston-kf432c16rb2-32-memoria-ram-dimm-ddr4-32gb-3200mt-s-fury-renegade-black-xmp-cl16-288pin-1-35v-c-disipador-de-calor-p-pc-gamer-alto-rendimiento\/#breadcrumb","itemListElement":[{"@type":"ListItem","position":1,"name":"Inicio","item":"https:\/\/compuviper.mx\/tienda\/"},{"@type":"ListItem","position":2,"name":"Productos","item":"https:\/\/compuviper.mx\/tienda\/productos\/"},{"@type":"ListItem","position":3,"name":"Memorias","item":"https:\/\/compuviper.mx\/tienda\/categoria-producto\/memorias\/"},{"@type":"ListItem","position":4,"name":"Memoria Ram","item":"https:\/\/compuviper.mx\/tienda\/categoria-producto\/memorias\/memoria-ram\/"},{"@type":"ListItem","position":5,"name":"Kingston Kf432c16rb2\/32 Memoria Ram Dimm Ddr4 32gb 3200mt\/s Fury Renegade Black Xmp Cl16 288pin 1.35v C\/disipador De Calor P\/pc\/gamer\/alto Rendimiento"}]},{"@type":"WebSite","@id":"https:\/\/compuviper.mx\/tienda\/#website","url":"https:\/\/compuviper.mx\/tienda\/","name":"Compuviper","description":"Proveedor de Computadoras, Laptops, Servidores, Monitores, Puntos de Venta, Teclados,   Impresoras, T\u00f3ner, C\u00e1maras de Seguridad y m\u00e1s en tu tienda en l\u00ednea","publisher":{"@id":"https:\/\/compuviper.mx\/tienda\/#organization"},"potentialAction":[{"@type":"SearchAction","target":{"@type":"EntryPoint","urlTemplate":"https:\/\/compuviper.mx\/tienda\/?s={search_term_string}"},"query-input":"required name=search_term_string"}],"inLanguage":"es-MX"},{"@type":"Organization","@id":"https:\/\/compuviper.mx\/tienda\/#organization","name":"Compuviper","url":"https:\/\/compuviper.mx\/tienda\/","logo":{"@type":"ImageObject","inLanguage":"es-MX","@id":"https:\/\/compuviper.mx\/tienda\/#\/schema\/logo\/image\/","url":"https:\/\/compuviper.mx\/tienda\/wp-content\/uploads\/2021\/08\/Logo-Compuviper-10.png","contentUrl":"https:\/\/compuviper.mx\/tienda\/wp-content\/uploads\/2021\/08\/Logo-Compuviper-10.png","width":1000,"height":500,"caption":"Compuviper"},"image":{"@id":"https:\/\/compuviper.mx\/tienda\/#\/schema\/logo\/image\/"},"sameAs":["https:\/\/www.facebook.com\/compuviper","https:\/\/www.youtube.com\/channel\/UCf73dERp9Y3cfOq7q8BhLjA?view_as=subscriber"]}]},"product_brand":"KINGSTON","product_price_amount":"4849","product_price_currency":"MXN","og_availability":"instock","product_availability":"instock","product_retailer_item_id":"KF432C16RB2\/32","product_condition":"new"},"_links":{"self":[{"href":"https:\/\/compuviper.mx\/tienda\/wp-json\/wp\/v2\/product\/268214"}],"collection":[{"href":"https:\/\/compuviper.mx\/tienda\/wp-json\/wp\/v2\/product"}],"about":[{"href":"https:\/\/compuviper.mx\/tienda\/wp-json\/wp\/v2\/types\/product"}],"replies":[{"embeddable":true,"href":"https:\/\/compuviper.mx\/tienda\/wp-json\/wp\/v2\/comments?post=268214"}],"wp:featuredmedia":[{"embeddable":true,"href":"https:\/\/compuviper.mx\/tienda\/wp-json\/wp\/v2\/media\/268215"}],"wp:attachment":[{"href":"https:\/\/compuviper.mx\/tienda\/wp-json\/wp\/v2\/media?parent=268214"}],"wp:term":[{"taxonomy":"product_cat","embeddable":true,"href":"https:\/\/compuviper.mx\/tienda\/wp-json\/wp\/v2\/product_cat?post=268214"},{"taxonomy":"product_tag","embeddable":true,"href":"https:\/\/compuviper.mx\/tienda\/wp-json\/wp\/v2\/product_tag?post=268214"}],"curies":[{"name":"wp","href":"https:\/\/api.w.org\/{rel}","templated":true}]}}