{"id":268202,"date":"2026-04-02T01:50:34","date_gmt":"2026-04-02T07:50:34","guid":{"rendered":"https:\/\/compuviper.mx\/tienda\/producto\/kingston-kf552c40bbk2-32-memoria-ram-dimm-ddr5-32gb-2x16gb-5200mt-s-fury-beast-black-cl40-288pin-1-25v-c-disipador-de-calor-p-pc-gamer-alto-rendimiento-kit-2\/"},"modified":"2026-04-03T00:00:26","modified_gmt":"2026-04-03T06:00:26","slug":"kingston-kf552c40bbk2-32-memoria-ram-dimm-ddr5-32gb-2x16gb-5200mt-s-fury-beast-black-cl40-288pin-1-25v-c-disipador-de-calor-p-pc-gamer-alto-rendimiento-kit-2","status":"publish","type":"product","link":"https:\/\/compuviper.mx\/tienda\/producto\/kingston-kf552c40bbk2-32-memoria-ram-dimm-ddr5-32gb-2x16gb-5200mt-s-fury-beast-black-cl40-288pin-1-25v-c-disipador-de-calor-p-pc-gamer-alto-rendimiento-kit-2\/","title":{"rendered":"Kingston Kf552c40bbk2-32 Memoria Ram  Dimm Ddr5 32gb 2x16gb 5200mt\/s Fury Beast Black Cl40 288pin 1.25v C\/disipador De Calor P\/pc\/gamer\/alto Rendimiento Kit 2"},"content":{"rendered":"<table class=\"descripcion\">\n<tr>\n<td>\u0095tipo de memoria interna: ddr5<\/td>\n<\/tr>\n<tr>\n<td>\u0095memoria interna: 32 gb<\/td>\n<\/tr>\n<tr>\n<td>\u0095dise\u00f1o de memoria: 2 x 16 gb<\/td>\n<\/tr>\n<tr>\n<td>\u0095velocidad de memoria del reloj: 5200 mhz<\/td>\n<\/tr>\n<tr>\n<td>\u0095latencia cas: 40<\/td>\n<\/tr>\n<tr>\n<td>\u0095intel extreme memory profile (xmp): si<\/td>\n<\/tr>\n<\/table>\n","protected":false},"excerpt":{"rendered":"<p>Kingston fury kf552c40bbk2-32 es un kit de dos 2g x 64 bits (16 gb) ddr5-5200 cl40 sdram (dram s\u00edncrona) 1rx8, m\u00f3dulo de memoria, basado en ocho componentes fbga de 2g x 8 bits por m\u00f3dulo. Cada kit de m\u00f3dulo es compatible con intel\u00ae extreme memory perfiles (intel\u00ae xmp) 3.0. La capacidad total del kit es de 32 gb. Cada el m\u00f3dulo ha sido probado para ejecutarse en ddr5-5200 con un tiempo de latencia bajo de 40-40-40 a 1,25v. Los spd est\u00e1n programados para jedec tiempo de latencia est\u00e1ndar ddr5-4800 de 40-39-39 a 1,1 v. Cada dimm de 288 pines utiliza dedos de contacto dorados.<\/p>\n","protected":false},"featured_media":268203,"comment_status":"open","ping_status":"open","template":"","meta":[],"product_cat":[1793,1797],"product_tag":[1573],"acf":[],"yoast_head":"<!-- This site is optimized with the Yoast SEO plugin v21.7 - https:\/\/yoast.com\/wordpress\/plugins\/seo\/ -->\n<title>[ Kingston ] &#129351; Kf552c40bbk2-32 Memoria Ram Dimm Ddr5 32gb 2x16gb 5200mt\/s Fury Beast Black Cl40 288pin 1.25v C\/disipador De Calor P\/pc\/gamer\/alto Rendimiento Kit 2<\/title>\n<meta name=\"description\" content=\"Compra Kf552c40bbk2-32 Memoria Ram Dimm Ddr5 32gb 2x16gb 5200mt\/s Fury Beast Black Cl40 288pin 1.25v C\/disipador De Calor P\/pc\/gamer\/alto Rendimiento Kit 2 + Env\u00edo a domicilio + Pago seguro + Garant\u00eda\" \/>\n<meta name=\"robots\" content=\"index, follow, max-snippet:-1, max-image-preview:large, max-video-preview:-1\" \/>\n<link rel=\"canonical\" href=\"https:\/\/compuviper.mx\/tienda\/producto\/kingston-kf552c40bbk2-32-memoria-ram-dimm-ddr5-32gb-2x16gb-5200mt-s-fury-beast-black-cl40-288pin-1-25v-c-disipador-de-calor-p-pc-gamer-alto-rendimiento-kit-2\/\" \/>\n<meta property=\"og:locale\" content=\"es_MX\" \/>\n<meta property=\"og:type\" content=\"article\" \/>\n<meta property=\"og:title\" content=\"[ Kingston ] &#129351; Kf552c40bbk2-32 Memoria Ram Dimm Ddr5 32gb 2x16gb 5200mt\/s Fury Beast Black Cl40 288pin 1.25v C\/disipador De Calor P\/pc\/gamer\/alto Rendimiento Kit 2\" \/>\n<meta property=\"og:description\" content=\"Compra Kf552c40bbk2-32 Memoria Ram Dimm Ddr5 32gb 2x16gb 5200mt\/s Fury Beast Black Cl40 288pin 1.25v C\/disipador De Calor P\/pc\/gamer\/alto Rendimiento Kit 2 + Env\u00edo a domicilio + Pago seguro + Garant\u00eda\" \/>\n<meta property=\"og:url\" content=\"https:\/\/compuviper.mx\/tienda\/producto\/kingston-kf552c40bbk2-32-memoria-ram-dimm-ddr5-32gb-2x16gb-5200mt-s-fury-beast-black-cl40-288pin-1-25v-c-disipador-de-calor-p-pc-gamer-alto-rendimiento-kit-2\/\" \/>\n<meta property=\"og:site_name\" content=\"Compuviper\" \/>\n<meta property=\"article:publisher\" content=\"https:\/\/www.facebook.com\/compuviper\" \/>\n<meta property=\"article:modified_time\" content=\"2026-04-03T06:00:26+00:00\" \/>\n<meta property=\"og:image\" content=\"https:\/\/compuviper.mx\/tienda\/wp-content\/uploads\/2026\/03\/Memoria-ram-kingston-dimm-ddr5-32gb-2x16gb-5200mts-fury-beast-black-cl40-288pin-1.25v-cdisipador-de-calor-ppcgameralto-rendimiento-kit-2-kf552c40bbk2-32.jpg\" \/>\n\t<meta property=\"og:image:width\" content=\"200\" \/>\n\t<meta property=\"og:image:height\" content=\"200\" \/>\n\t<meta property=\"og:image:type\" content=\"image\/jpeg\" \/>\n<meta name=\"twitter:card\" content=\"summary_large_image\" \/>\n<meta name=\"twitter:label1\" content=\"Precio\" \/>\n\t<meta name=\"twitter:data1\" content=\"&#36;6,826 con IVA\" \/>\n\t<meta name=\"twitter:label2\" content=\"Availability\" \/>\n\t<meta name=\"twitter:data2\" content=\"In stock\" \/>\n<script type=\"application\/ld+json\" class=\"yoast-schema-graph\">{\"@context\":\"https:\/\/schema.org\",\"@graph\":[{\"@type\":\"WebPage\",\"@id\":\"https:\/\/compuviper.mx\/tienda\/producto\/kingston-kf552c40bbk2-32-memoria-ram-dimm-ddr5-32gb-2x16gb-5200mt-s-fury-beast-black-cl40-288pin-1-25v-c-disipador-de-calor-p-pc-gamer-alto-rendimiento-kit-2\/\",\"url\":\"https:\/\/compuviper.mx\/tienda\/producto\/kingston-kf552c40bbk2-32-memoria-ram-dimm-ddr5-32gb-2x16gb-5200mt-s-fury-beast-black-cl40-288pin-1-25v-c-disipador-de-calor-p-pc-gamer-alto-rendimiento-kit-2\/\",\"name\":\"[ Kingston ] &#129351; Kf552c40bbk2-32 Memoria Ram Dimm Ddr5 32gb 2x16gb 5200mt\/s Fury Beast Black Cl40 288pin 1.25v C\/disipador De Calor P\/pc\/gamer\/alto Rendimiento Kit 2\",\"isPartOf\":{\"@id\":\"https:\/\/compuviper.mx\/tienda\/#website\"},\"datePublished\":\"2026-04-02T07:50:34+00:00\",\"dateModified\":\"2026-04-03T06:00:26+00:00\",\"description\":\"Compra Kf552c40bbk2-32 Memoria Ram Dimm Ddr5 32gb 2x16gb 5200mt\/s Fury Beast Black Cl40 288pin 1.25v C\/disipador De Calor P\/pc\/gamer\/alto Rendimiento Kit 2 + Env\u00edo a domicilio + Pago seguro + Garant\u00eda\",\"breadcrumb\":{\"@id\":\"https:\/\/compuviper.mx\/tienda\/producto\/kingston-kf552c40bbk2-32-memoria-ram-dimm-ddr5-32gb-2x16gb-5200mt-s-fury-beast-black-cl40-288pin-1-25v-c-disipador-de-calor-p-pc-gamer-alto-rendimiento-kit-2\/#breadcrumb\"},\"inLanguage\":\"es-MX\",\"potentialAction\":[{\"@type\":\"ReadAction\",\"target\":[\"https:\/\/compuviper.mx\/tienda\/producto\/kingston-kf552c40bbk2-32-memoria-ram-dimm-ddr5-32gb-2x16gb-5200mt-s-fury-beast-black-cl40-288pin-1-25v-c-disipador-de-calor-p-pc-gamer-alto-rendimiento-kit-2\/\"]}]},{\"@type\":\"BreadcrumbList\",\"@id\":\"https:\/\/compuviper.mx\/tienda\/producto\/kingston-kf552c40bbk2-32-memoria-ram-dimm-ddr5-32gb-2x16gb-5200mt-s-fury-beast-black-cl40-288pin-1-25v-c-disipador-de-calor-p-pc-gamer-alto-rendimiento-kit-2\/#breadcrumb\",\"itemListElement\":[{\"@type\":\"ListItem\",\"position\":1,\"name\":\"Inicio\",\"item\":\"https:\/\/compuviper.mx\/tienda\/\"},{\"@type\":\"ListItem\",\"position\":2,\"name\":\"Productos\",\"item\":\"https:\/\/compuviper.mx\/tienda\/productos\/\"},{\"@type\":\"ListItem\",\"position\":3,\"name\":\"Memorias\",\"item\":\"https:\/\/compuviper.mx\/tienda\/categoria-producto\/memorias\/\"},{\"@type\":\"ListItem\",\"position\":4,\"name\":\"Memoria Ram\",\"item\":\"https:\/\/compuviper.mx\/tienda\/categoria-producto\/memorias\/memoria-ram\/\"},{\"@type\":\"ListItem\",\"position\":5,\"name\":\"Kingston Kf552c40bbk2-32 Memoria Ram Dimm Ddr5 32gb 2x16gb 5200mt\/s Fury Beast Black Cl40 288pin 1.25v C\/disipador De Calor P\/pc\/gamer\/alto Rendimiento Kit 2\"}]},{\"@type\":\"WebSite\",\"@id\":\"https:\/\/compuviper.mx\/tienda\/#website\",\"url\":\"https:\/\/compuviper.mx\/tienda\/\",\"name\":\"Compuviper\",\"description\":\"Proveedor de Computadoras, Laptops, Servidores, Monitores, Puntos de Venta, Teclados,   Impresoras, T\u00f3ner, C\u00e1maras de Seguridad y m\u00e1s en tu tienda en l\u00ednea\",\"publisher\":{\"@id\":\"https:\/\/compuviper.mx\/tienda\/#organization\"},\"potentialAction\":[{\"@type\":\"SearchAction\",\"target\":{\"@type\":\"EntryPoint\",\"urlTemplate\":\"https:\/\/compuviper.mx\/tienda\/?s={search_term_string}\"},\"query-input\":\"required name=search_term_string\"}],\"inLanguage\":\"es-MX\"},{\"@type\":\"Organization\",\"@id\":\"https:\/\/compuviper.mx\/tienda\/#organization\",\"name\":\"Compuviper\",\"url\":\"https:\/\/compuviper.mx\/tienda\/\",\"logo\":{\"@type\":\"ImageObject\",\"inLanguage\":\"es-MX\",\"@id\":\"https:\/\/compuviper.mx\/tienda\/#\/schema\/logo\/image\/\",\"url\":\"https:\/\/compuviper.mx\/tienda\/wp-content\/uploads\/2021\/08\/Logo-Compuviper-10.png\",\"contentUrl\":\"https:\/\/compuviper.mx\/tienda\/wp-content\/uploads\/2021\/08\/Logo-Compuviper-10.png\",\"width\":1000,\"height\":500,\"caption\":\"Compuviper\"},\"image\":{\"@id\":\"https:\/\/compuviper.mx\/tienda\/#\/schema\/logo\/image\/\"},\"sameAs\":[\"https:\/\/www.facebook.com\/compuviper\",\"https:\/\/www.youtube.com\/channel\/UCf73dERp9Y3cfOq7q8BhLjA?view_as=subscriber\"]}]}<\/script>\n<meta property=\"product:brand\" content=\"KINGSTON\" \/>\n<meta property=\"product:price:amount\" content=\"6826\" \/>\n<meta property=\"product:price:currency\" content=\"MXN\" \/>\n<meta property=\"og:availability\" content=\"instock\" \/>\n<meta property=\"product:availability\" content=\"instock\" \/>\n<meta property=\"product:retailer_item_id\" content=\"KF552C40BBK2-32\" \/>\n<meta property=\"product:condition\" content=\"new\" \/>\n<!-- \/ Yoast SEO plugin. -->","yoast_head_json":{"title":"[ Kingston ] &#129351; Kf552c40bbk2-32 Memoria Ram Dimm Ddr5 32gb 2x16gb 5200mt\/s Fury Beast Black Cl40 288pin 1.25v C\/disipador De Calor P\/pc\/gamer\/alto Rendimiento Kit 2","description":"Compra Kf552c40bbk2-32 Memoria Ram Dimm Ddr5 32gb 2x16gb 5200mt\/s Fury Beast Black Cl40 288pin 1.25v C\/disipador De Calor P\/pc\/gamer\/alto Rendimiento Kit 2 + Env\u00edo a domicilio + Pago seguro + Garant\u00eda","robots":{"index":"index","follow":"follow","max-snippet":"max-snippet:-1","max-image-preview":"max-image-preview:large","max-video-preview":"max-video-preview:-1"},"canonical":"https:\/\/compuviper.mx\/tienda\/producto\/kingston-kf552c40bbk2-32-memoria-ram-dimm-ddr5-32gb-2x16gb-5200mt-s-fury-beast-black-cl40-288pin-1-25v-c-disipador-de-calor-p-pc-gamer-alto-rendimiento-kit-2\/","og_locale":"es_MX","og_type":"article","og_title":"[ Kingston ] &#129351; Kf552c40bbk2-32 Memoria Ram Dimm Ddr5 32gb 2x16gb 5200mt\/s Fury Beast Black Cl40 288pin 1.25v C\/disipador De Calor P\/pc\/gamer\/alto Rendimiento Kit 2","og_description":"Compra Kf552c40bbk2-32 Memoria Ram Dimm Ddr5 32gb 2x16gb 5200mt\/s Fury Beast Black Cl40 288pin 1.25v C\/disipador De Calor P\/pc\/gamer\/alto Rendimiento Kit 2 + Env\u00edo a domicilio + Pago seguro + Garant\u00eda","og_url":"https:\/\/compuviper.mx\/tienda\/producto\/kingston-kf552c40bbk2-32-memoria-ram-dimm-ddr5-32gb-2x16gb-5200mt-s-fury-beast-black-cl40-288pin-1-25v-c-disipador-de-calor-p-pc-gamer-alto-rendimiento-kit-2\/","og_site_name":"Compuviper","article_publisher":"https:\/\/www.facebook.com\/compuviper","article_modified_time":"2026-04-03T06:00:26+00:00","og_image":[{"width":200,"height":200,"url":"https:\/\/compuviper.mx\/tienda\/wp-content\/uploads\/2026\/03\/Memoria-ram-kingston-dimm-ddr5-32gb-2x16gb-5200mts-fury-beast-black-cl40-288pin-1.25v-cdisipador-de-calor-ppcgameralto-rendimiento-kit-2-kf552c40bbk2-32.jpg","type":"image\/jpeg"}],"twitter_card":"summary_large_image","twitter_misc":{"Precio":"&#36;6,826 con IVA","Availability":"In stock"},"schema":{"@context":"https:\/\/schema.org","@graph":[{"@type":"WebPage","@id":"https:\/\/compuviper.mx\/tienda\/producto\/kingston-kf552c40bbk2-32-memoria-ram-dimm-ddr5-32gb-2x16gb-5200mt-s-fury-beast-black-cl40-288pin-1-25v-c-disipador-de-calor-p-pc-gamer-alto-rendimiento-kit-2\/","url":"https:\/\/compuviper.mx\/tienda\/producto\/kingston-kf552c40bbk2-32-memoria-ram-dimm-ddr5-32gb-2x16gb-5200mt-s-fury-beast-black-cl40-288pin-1-25v-c-disipador-de-calor-p-pc-gamer-alto-rendimiento-kit-2\/","name":"[ Kingston ] &#129351; Kf552c40bbk2-32 Memoria Ram Dimm Ddr5 32gb 2x16gb 5200mt\/s Fury Beast Black Cl40 288pin 1.25v C\/disipador De Calor P\/pc\/gamer\/alto Rendimiento Kit 2","isPartOf":{"@id":"https:\/\/compuviper.mx\/tienda\/#website"},"datePublished":"2026-04-02T07:50:34+00:00","dateModified":"2026-04-03T06:00:26+00:00","description":"Compra Kf552c40bbk2-32 Memoria Ram Dimm Ddr5 32gb 2x16gb 5200mt\/s Fury Beast Black Cl40 288pin 1.25v C\/disipador De Calor P\/pc\/gamer\/alto Rendimiento Kit 2 + Env\u00edo a domicilio + Pago seguro + Garant\u00eda","breadcrumb":{"@id":"https:\/\/compuviper.mx\/tienda\/producto\/kingston-kf552c40bbk2-32-memoria-ram-dimm-ddr5-32gb-2x16gb-5200mt-s-fury-beast-black-cl40-288pin-1-25v-c-disipador-de-calor-p-pc-gamer-alto-rendimiento-kit-2\/#breadcrumb"},"inLanguage":"es-MX","potentialAction":[{"@type":"ReadAction","target":["https:\/\/compuviper.mx\/tienda\/producto\/kingston-kf552c40bbk2-32-memoria-ram-dimm-ddr5-32gb-2x16gb-5200mt-s-fury-beast-black-cl40-288pin-1-25v-c-disipador-de-calor-p-pc-gamer-alto-rendimiento-kit-2\/"]}]},{"@type":"BreadcrumbList","@id":"https:\/\/compuviper.mx\/tienda\/producto\/kingston-kf552c40bbk2-32-memoria-ram-dimm-ddr5-32gb-2x16gb-5200mt-s-fury-beast-black-cl40-288pin-1-25v-c-disipador-de-calor-p-pc-gamer-alto-rendimiento-kit-2\/#breadcrumb","itemListElement":[{"@type":"ListItem","position":1,"name":"Inicio","item":"https:\/\/compuviper.mx\/tienda\/"},{"@type":"ListItem","position":2,"name":"Productos","item":"https:\/\/compuviper.mx\/tienda\/productos\/"},{"@type":"ListItem","position":3,"name":"Memorias","item":"https:\/\/compuviper.mx\/tienda\/categoria-producto\/memorias\/"},{"@type":"ListItem","position":4,"name":"Memoria Ram","item":"https:\/\/compuviper.mx\/tienda\/categoria-producto\/memorias\/memoria-ram\/"},{"@type":"ListItem","position":5,"name":"Kingston Kf552c40bbk2-32 Memoria Ram Dimm Ddr5 32gb 2x16gb 5200mt\/s Fury Beast Black Cl40 288pin 1.25v C\/disipador De Calor P\/pc\/gamer\/alto Rendimiento Kit 2"}]},{"@type":"WebSite","@id":"https:\/\/compuviper.mx\/tienda\/#website","url":"https:\/\/compuviper.mx\/tienda\/","name":"Compuviper","description":"Proveedor de Computadoras, Laptops, Servidores, Monitores, Puntos de Venta, Teclados,   Impresoras, T\u00f3ner, C\u00e1maras de Seguridad y m\u00e1s en tu tienda en l\u00ednea","publisher":{"@id":"https:\/\/compuviper.mx\/tienda\/#organization"},"potentialAction":[{"@type":"SearchAction","target":{"@type":"EntryPoint","urlTemplate":"https:\/\/compuviper.mx\/tienda\/?s={search_term_string}"},"query-input":"required name=search_term_string"}],"inLanguage":"es-MX"},{"@type":"Organization","@id":"https:\/\/compuviper.mx\/tienda\/#organization","name":"Compuviper","url":"https:\/\/compuviper.mx\/tienda\/","logo":{"@type":"ImageObject","inLanguage":"es-MX","@id":"https:\/\/compuviper.mx\/tienda\/#\/schema\/logo\/image\/","url":"https:\/\/compuviper.mx\/tienda\/wp-content\/uploads\/2021\/08\/Logo-Compuviper-10.png","contentUrl":"https:\/\/compuviper.mx\/tienda\/wp-content\/uploads\/2021\/08\/Logo-Compuviper-10.png","width":1000,"height":500,"caption":"Compuviper"},"image":{"@id":"https:\/\/compuviper.mx\/tienda\/#\/schema\/logo\/image\/"},"sameAs":["https:\/\/www.facebook.com\/compuviper","https:\/\/www.youtube.com\/channel\/UCf73dERp9Y3cfOq7q8BhLjA?view_as=subscriber"]}]},"product_brand":"KINGSTON","product_price_amount":"6826","product_price_currency":"MXN","og_availability":"instock","product_availability":"instock","product_retailer_item_id":"KF552C40BBK2-32","product_condition":"new"},"_links":{"self":[{"href":"https:\/\/compuviper.mx\/tienda\/wp-json\/wp\/v2\/product\/268202"}],"collection":[{"href":"https:\/\/compuviper.mx\/tienda\/wp-json\/wp\/v2\/product"}],"about":[{"href":"https:\/\/compuviper.mx\/tienda\/wp-json\/wp\/v2\/types\/product"}],"replies":[{"embeddable":true,"href":"https:\/\/compuviper.mx\/tienda\/wp-json\/wp\/v2\/comments?post=268202"}],"wp:featuredmedia":[{"embeddable":true,"href":"https:\/\/compuviper.mx\/tienda\/wp-json\/wp\/v2\/media\/268203"}],"wp:attachment":[{"href":"https:\/\/compuviper.mx\/tienda\/wp-json\/wp\/v2\/media?parent=268202"}],"wp:term":[{"taxonomy":"product_cat","embeddable":true,"href":"https:\/\/compuviper.mx\/tienda\/wp-json\/wp\/v2\/product_cat?post=268202"},{"taxonomy":"product_tag","embeddable":true,"href":"https:\/\/compuviper.mx\/tienda\/wp-json\/wp\/v2\/product_tag?post=268202"}],"curies":[{"name":"wp","href":"https:\/\/api.w.org\/{rel}","templated":true}]}}