{"id":268174,"date":"2026-04-07T01:40:54","date_gmt":"2026-04-07T07:40:54","guid":{"rendered":"https:\/\/compuviper.mx\/tienda\/producto\/adata-ad5u480016g-s-memoria-udimm-ddr5-16gb-pc5-38400-4800mhz-cl40-288pin-1-1v-pc\/"},"modified":"2026-04-07T01:40:54","modified_gmt":"2026-04-07T07:40:54","slug":"adata-ad5u480016g-s-memoria-udimm-ddr5-16gb-pc5-38400-4800mhz-cl40-288pin-1-1v-pc","status":"publish","type":"product","link":"https:\/\/compuviper.mx\/tienda\/producto\/adata-ad5u480016g-s-memoria-udimm-ddr5-16gb-pc5-38400-4800mhz-cl40-288pin-1-1v-pc\/","title":{"rendered":"Adata Ad5u480016g-s Memoria  Udimm Ddr5 16gb Pc5-38400 4800mhz Cl40 288pin 1.1v Pc"},"content":{"rendered":"<table class=\"descripcion\">\n<tr>\n<td>Tipo de memoria ddr5<\/td>\n<\/tr>\n<tr>\n<td>Factor de forma u-dimm  288 pines<\/td>\n<\/tr>\n<tr>\n<td>Capacidad 8gb \/16gb \/32gb<\/td>\n<\/tr>\n<tr>\n<td>Velocidad 4800 mt \/ s<\/td>\n<\/tr>\n<tr>\n<td>Ic de administracion de energia incorporado, mas eficiente en energ\u00eda<\/td>\n<\/tr>\n<tr>\n<td>Capacidad duplicada<\/td>\n<\/tr>\n<tr>\n<td>Codigo de correccion de errores en la matriz<\/td>\n<\/tr>\n<tr>\n<td>Estabilidad mejorada<\/td>\n<\/tr>\n<tr>\n<td>Fuente de alimentacion vin 5v<\/td>\n<\/tr>\n<tr>\n<td>Admite cpu intel core de serie 12<\/td>\n<\/tr>\n<tr>\n<td>Latencia cas 40<\/td>\n<\/tr>\n<tr>\n<td>Voltage de funcionamiento 1.1v<\/td>\n<\/tr>\n<tr>\n<td>Temperatura de funcionamiento 0 \u00b0 c a 85 \u00b0 c<\/td>\n<\/tr>\n<tr>\n<td>Garantia de por vida<\/td>\n<\/tr>\n<\/table>\n","protected":false},"excerpt":{"rendered":"<p>Este m\u00f3dulo de memoria de pr\u00f3xima generaci\u00f3n funciona con solo 1,1 v, lo que lo hace un 8% m\u00e1s energ\u00e9ticamente eficiente que ddr4. Adem\u00e1s, cuenta con un ic de administraci\u00f3n de energ\u00eda (pmic) integrado para mejorar la estabilidad de la fuente de alimentaci\u00f3n. Los m\u00f3dulos ddr5 proporcionan dos veces m\u00e1s capacidad que ddr4 al empaquetarse en m\u00e1s bancos y grupos de bancos. Adem\u00e1s, la longitud de r\u00e1faga y la b\u00fasqueda anticipada tambi\u00e9n se duplican, lo que aumenta el n\u00famero de escrituras de datos y la cantidad de datos tomados por adelantado. Y para garantizar la integridad de los datos, cuentan con tecnolog\u00eda de c\u00f3digo de correcci\u00f3n de errores (ecc). Los m\u00f3dulos de memoria adata ddr5 ofrecen frecuencias de hasta 4800 mt\/s y cuentan con un ancho de banda de 38,4 gb\/s, que es un 50 % m\u00e1s alto que el ddr4-3200. La frecuencia m\u00e1xima se incrementa 1,63 veces en comparaci\u00f3n con ddr4. Lista de compatibilidad de placa base aorus, asrock, asus, gigabyte, msi, republic of gamers<\/p>\n","protected":false},"featured_media":268175,"comment_status":"open","ping_status":"open","template":"","meta":[],"product_cat":[1797,1793],"product_tag":[1539],"acf":[],"yoast_head":"<!-- This site is optimized with the Yoast SEO plugin v21.7 - https:\/\/yoast.com\/wordpress\/plugins\/seo\/ -->\n<title>[ Adata ] &#129351; Ad5u480016g-s Memoria Udimm Ddr5 16gb Pc5-38400 4800mhz Cl40 288pin 1.1v Pc<\/title>\n<meta name=\"description\" content=\"Compra Ad5u480016g-s Memoria Udimm Ddr5 16gb Pc5-38400 4800mhz Cl40 288pin 1.1v Pc + Env\u00edo a domicilio + Pago seguro + Garant\u00eda\" \/>\n<meta name=\"robots\" content=\"index, follow, max-snippet:-1, max-image-preview:large, max-video-preview:-1\" \/>\n<link rel=\"canonical\" href=\"https:\/\/compuviper.mx\/tienda\/producto\/adata-ad5u480016g-s-memoria-udimm-ddr5-16gb-pc5-38400-4800mhz-cl40-288pin-1-1v-pc\/\" \/>\n<meta property=\"og:locale\" content=\"es_MX\" \/>\n<meta property=\"og:type\" content=\"article\" \/>\n<meta property=\"og:title\" content=\"[ Adata ] &#129351; Ad5u480016g-s Memoria Udimm Ddr5 16gb Pc5-38400 4800mhz Cl40 288pin 1.1v Pc\" \/>\n<meta property=\"og:description\" content=\"Compra Ad5u480016g-s Memoria Udimm Ddr5 16gb Pc5-38400 4800mhz Cl40 288pin 1.1v Pc + Env\u00edo a domicilio + Pago seguro + Garant\u00eda\" \/>\n<meta property=\"og:url\" content=\"https:\/\/compuviper.mx\/tienda\/producto\/adata-ad5u480016g-s-memoria-udimm-ddr5-16gb-pc5-38400-4800mhz-cl40-288pin-1-1v-pc\/\" \/>\n<meta property=\"og:site_name\" content=\"Compuviper\" \/>\n<meta property=\"article:publisher\" content=\"https:\/\/www.facebook.com\/compuviper\" \/>\n<meta property=\"og:image\" content=\"https:\/\/compuviper.mx\/tienda\/wp-content\/uploads\/2026\/03\/Memoria-adata-udimm-ddr5-16gb-pc5-38400-4800mhz-cl40-288pin-1.1v-pc-ad5u480016g-s.jpg\" \/>\n\t<meta property=\"og:image:width\" content=\"200\" \/>\n\t<meta property=\"og:image:height\" content=\"200\" \/>\n\t<meta property=\"og:image:type\" content=\"image\/jpeg\" \/>\n<meta name=\"twitter:card\" content=\"summary_large_image\" \/>\n<meta name=\"twitter:label1\" content=\"Precio\" \/>\n\t<meta name=\"twitter:data1\" content=\"&#36;3,254 con IVA\" \/>\n\t<meta name=\"twitter:label2\" content=\"Availability\" \/>\n\t<meta name=\"twitter:data2\" content=\"Out of stock\" \/>\n<script type=\"application\/ld+json\" class=\"yoast-schema-graph\">{\"@context\":\"https:\/\/schema.org\",\"@graph\":[{\"@type\":\"WebPage\",\"@id\":\"https:\/\/compuviper.mx\/tienda\/producto\/adata-ad5u480016g-s-memoria-udimm-ddr5-16gb-pc5-38400-4800mhz-cl40-288pin-1-1v-pc\/\",\"url\":\"https:\/\/compuviper.mx\/tienda\/producto\/adata-ad5u480016g-s-memoria-udimm-ddr5-16gb-pc5-38400-4800mhz-cl40-288pin-1-1v-pc\/\",\"name\":\"[ Adata ] &#129351; Ad5u480016g-s Memoria Udimm Ddr5 16gb Pc5-38400 4800mhz Cl40 288pin 1.1v Pc\",\"isPartOf\":{\"@id\":\"https:\/\/compuviper.mx\/tienda\/#website\"},\"datePublished\":\"2026-04-07T07:40:54+00:00\",\"dateModified\":\"2026-04-07T07:40:54+00:00\",\"description\":\"Compra Ad5u480016g-s Memoria Udimm Ddr5 16gb Pc5-38400 4800mhz Cl40 288pin 1.1v Pc + Env\u00edo a domicilio + Pago seguro + Garant\u00eda\",\"breadcrumb\":{\"@id\":\"https:\/\/compuviper.mx\/tienda\/producto\/adata-ad5u480016g-s-memoria-udimm-ddr5-16gb-pc5-38400-4800mhz-cl40-288pin-1-1v-pc\/#breadcrumb\"},\"inLanguage\":\"es-MX\",\"potentialAction\":[{\"@type\":\"ReadAction\",\"target\":[\"https:\/\/compuviper.mx\/tienda\/producto\/adata-ad5u480016g-s-memoria-udimm-ddr5-16gb-pc5-38400-4800mhz-cl40-288pin-1-1v-pc\/\"]}]},{\"@type\":\"BreadcrumbList\",\"@id\":\"https:\/\/compuviper.mx\/tienda\/producto\/adata-ad5u480016g-s-memoria-udimm-ddr5-16gb-pc5-38400-4800mhz-cl40-288pin-1-1v-pc\/#breadcrumb\",\"itemListElement\":[{\"@type\":\"ListItem\",\"position\":1,\"name\":\"Inicio\",\"item\":\"https:\/\/compuviper.mx\/tienda\/\"},{\"@type\":\"ListItem\",\"position\":2,\"name\":\"Productos\",\"item\":\"https:\/\/compuviper.mx\/tienda\/productos\/\"},{\"@type\":\"ListItem\",\"position\":3,\"name\":\"Memorias\",\"item\":\"https:\/\/compuviper.mx\/tienda\/categoria-producto\/memorias\/\"},{\"@type\":\"ListItem\",\"position\":4,\"name\":\"Memoria Ram\",\"item\":\"https:\/\/compuviper.mx\/tienda\/categoria-producto\/memorias\/memoria-ram\/\"},{\"@type\":\"ListItem\",\"position\":5,\"name\":\"Adata Ad5u480016g-s Memoria Udimm Ddr5 16gb Pc5-38400 4800mhz Cl40 288pin 1.1v Pc\"}]},{\"@type\":\"WebSite\",\"@id\":\"https:\/\/compuviper.mx\/tienda\/#website\",\"url\":\"https:\/\/compuviper.mx\/tienda\/\",\"name\":\"Compuviper\",\"description\":\"Proveedor de Computadoras, Laptops, Servidores, Monitores, Puntos de Venta, Teclados,   Impresoras, T\u00f3ner, C\u00e1maras de Seguridad y m\u00e1s en tu tienda en l\u00ednea\",\"publisher\":{\"@id\":\"https:\/\/compuviper.mx\/tienda\/#organization\"},\"potentialAction\":[{\"@type\":\"SearchAction\",\"target\":{\"@type\":\"EntryPoint\",\"urlTemplate\":\"https:\/\/compuviper.mx\/tienda\/?s={search_term_string}\"},\"query-input\":\"required name=search_term_string\"}],\"inLanguage\":\"es-MX\"},{\"@type\":\"Organization\",\"@id\":\"https:\/\/compuviper.mx\/tienda\/#organization\",\"name\":\"Compuviper\",\"url\":\"https:\/\/compuviper.mx\/tienda\/\",\"logo\":{\"@type\":\"ImageObject\",\"inLanguage\":\"es-MX\",\"@id\":\"https:\/\/compuviper.mx\/tienda\/#\/schema\/logo\/image\/\",\"url\":\"https:\/\/compuviper.mx\/tienda\/wp-content\/uploads\/2021\/08\/Logo-Compuviper-10.png\",\"contentUrl\":\"https:\/\/compuviper.mx\/tienda\/wp-content\/uploads\/2021\/08\/Logo-Compuviper-10.png\",\"width\":1000,\"height\":500,\"caption\":\"Compuviper\"},\"image\":{\"@id\":\"https:\/\/compuviper.mx\/tienda\/#\/schema\/logo\/image\/\"},\"sameAs\":[\"https:\/\/www.facebook.com\/compuviper\",\"https:\/\/www.youtube.com\/channel\/UCf73dERp9Y3cfOq7q8BhLjA?view_as=subscriber\"]}]}<\/script>\n<meta property=\"product:brand\" content=\"ADATA\" \/>\n<meta property=\"product:price:amount\" content=\"3254\" \/>\n<meta property=\"product:price:currency\" content=\"MXN\" \/>\n<meta property=\"og:availability\" content=\"out of stock\" \/>\n<meta property=\"product:availability\" content=\"out of stock\" \/>\n<meta property=\"product:retailer_item_id\" content=\"AD5U480016G-S\" \/>\n<meta property=\"product:condition\" content=\"new\" \/>\n<!-- \/ Yoast SEO plugin. -->","yoast_head_json":{"title":"[ Adata ] &#129351; Ad5u480016g-s Memoria Udimm Ddr5 16gb Pc5-38400 4800mhz Cl40 288pin 1.1v Pc","description":"Compra Ad5u480016g-s Memoria Udimm Ddr5 16gb Pc5-38400 4800mhz Cl40 288pin 1.1v Pc + Env\u00edo a domicilio + Pago seguro + Garant\u00eda","robots":{"index":"index","follow":"follow","max-snippet":"max-snippet:-1","max-image-preview":"max-image-preview:large","max-video-preview":"max-video-preview:-1"},"canonical":"https:\/\/compuviper.mx\/tienda\/producto\/adata-ad5u480016g-s-memoria-udimm-ddr5-16gb-pc5-38400-4800mhz-cl40-288pin-1-1v-pc\/","og_locale":"es_MX","og_type":"article","og_title":"[ Adata ] &#129351; Ad5u480016g-s Memoria Udimm Ddr5 16gb Pc5-38400 4800mhz Cl40 288pin 1.1v Pc","og_description":"Compra Ad5u480016g-s Memoria Udimm Ddr5 16gb Pc5-38400 4800mhz Cl40 288pin 1.1v Pc + Env\u00edo a domicilio + Pago seguro + Garant\u00eda","og_url":"https:\/\/compuviper.mx\/tienda\/producto\/adata-ad5u480016g-s-memoria-udimm-ddr5-16gb-pc5-38400-4800mhz-cl40-288pin-1-1v-pc\/","og_site_name":"Compuviper","article_publisher":"https:\/\/www.facebook.com\/compuviper","og_image":[{"width":200,"height":200,"url":"https:\/\/compuviper.mx\/tienda\/wp-content\/uploads\/2026\/03\/Memoria-adata-udimm-ddr5-16gb-pc5-38400-4800mhz-cl40-288pin-1.1v-pc-ad5u480016g-s.jpg","type":"image\/jpeg"}],"twitter_card":"summary_large_image","twitter_misc":{"Precio":"&#36;3,254 con IVA","Availability":"Out of stock"},"schema":{"@context":"https:\/\/schema.org","@graph":[{"@type":"WebPage","@id":"https:\/\/compuviper.mx\/tienda\/producto\/adata-ad5u480016g-s-memoria-udimm-ddr5-16gb-pc5-38400-4800mhz-cl40-288pin-1-1v-pc\/","url":"https:\/\/compuviper.mx\/tienda\/producto\/adata-ad5u480016g-s-memoria-udimm-ddr5-16gb-pc5-38400-4800mhz-cl40-288pin-1-1v-pc\/","name":"[ Adata ] &#129351; Ad5u480016g-s Memoria Udimm Ddr5 16gb Pc5-38400 4800mhz Cl40 288pin 1.1v Pc","isPartOf":{"@id":"https:\/\/compuviper.mx\/tienda\/#website"},"datePublished":"2026-04-07T07:40:54+00:00","dateModified":"2026-04-07T07:40:54+00:00","description":"Compra Ad5u480016g-s Memoria Udimm Ddr5 16gb Pc5-38400 4800mhz Cl40 288pin 1.1v Pc + Env\u00edo a domicilio + Pago seguro + Garant\u00eda","breadcrumb":{"@id":"https:\/\/compuviper.mx\/tienda\/producto\/adata-ad5u480016g-s-memoria-udimm-ddr5-16gb-pc5-38400-4800mhz-cl40-288pin-1-1v-pc\/#breadcrumb"},"inLanguage":"es-MX","potentialAction":[{"@type":"ReadAction","target":["https:\/\/compuviper.mx\/tienda\/producto\/adata-ad5u480016g-s-memoria-udimm-ddr5-16gb-pc5-38400-4800mhz-cl40-288pin-1-1v-pc\/"]}]},{"@type":"BreadcrumbList","@id":"https:\/\/compuviper.mx\/tienda\/producto\/adata-ad5u480016g-s-memoria-udimm-ddr5-16gb-pc5-38400-4800mhz-cl40-288pin-1-1v-pc\/#breadcrumb","itemListElement":[{"@type":"ListItem","position":1,"name":"Inicio","item":"https:\/\/compuviper.mx\/tienda\/"},{"@type":"ListItem","position":2,"name":"Productos","item":"https:\/\/compuviper.mx\/tienda\/productos\/"},{"@type":"ListItem","position":3,"name":"Memorias","item":"https:\/\/compuviper.mx\/tienda\/categoria-producto\/memorias\/"},{"@type":"ListItem","position":4,"name":"Memoria Ram","item":"https:\/\/compuviper.mx\/tienda\/categoria-producto\/memorias\/memoria-ram\/"},{"@type":"ListItem","position":5,"name":"Adata Ad5u480016g-s Memoria Udimm Ddr5 16gb Pc5-38400 4800mhz Cl40 288pin 1.1v Pc"}]},{"@type":"WebSite","@id":"https:\/\/compuviper.mx\/tienda\/#website","url":"https:\/\/compuviper.mx\/tienda\/","name":"Compuviper","description":"Proveedor de Computadoras, Laptops, Servidores, Monitores, Puntos de Venta, Teclados,   Impresoras, T\u00f3ner, C\u00e1maras de Seguridad y m\u00e1s en tu tienda en l\u00ednea","publisher":{"@id":"https:\/\/compuviper.mx\/tienda\/#organization"},"potentialAction":[{"@type":"SearchAction","target":{"@type":"EntryPoint","urlTemplate":"https:\/\/compuviper.mx\/tienda\/?s={search_term_string}"},"query-input":"required name=search_term_string"}],"inLanguage":"es-MX"},{"@type":"Organization","@id":"https:\/\/compuviper.mx\/tienda\/#organization","name":"Compuviper","url":"https:\/\/compuviper.mx\/tienda\/","logo":{"@type":"ImageObject","inLanguage":"es-MX","@id":"https:\/\/compuviper.mx\/tienda\/#\/schema\/logo\/image\/","url":"https:\/\/compuviper.mx\/tienda\/wp-content\/uploads\/2021\/08\/Logo-Compuviper-10.png","contentUrl":"https:\/\/compuviper.mx\/tienda\/wp-content\/uploads\/2021\/08\/Logo-Compuviper-10.png","width":1000,"height":500,"caption":"Compuviper"},"image":{"@id":"https:\/\/compuviper.mx\/tienda\/#\/schema\/logo\/image\/"},"sameAs":["https:\/\/www.facebook.com\/compuviper","https:\/\/www.youtube.com\/channel\/UCf73dERp9Y3cfOq7q8BhLjA?view_as=subscriber"]}]},"product_brand":"ADATA","product_price_amount":"3254","product_price_currency":"MXN","og_availability":"out of stock","product_availability":"out of stock","product_retailer_item_id":"AD5U480016G-S","product_condition":"new"},"_links":{"self":[{"href":"https:\/\/compuviper.mx\/tienda\/wp-json\/wp\/v2\/product\/268174"}],"collection":[{"href":"https:\/\/compuviper.mx\/tienda\/wp-json\/wp\/v2\/product"}],"about":[{"href":"https:\/\/compuviper.mx\/tienda\/wp-json\/wp\/v2\/types\/product"}],"replies":[{"embeddable":true,"href":"https:\/\/compuviper.mx\/tienda\/wp-json\/wp\/v2\/comments?post=268174"}],"wp:featuredmedia":[{"embeddable":true,"href":"https:\/\/compuviper.mx\/tienda\/wp-json\/wp\/v2\/media\/268175"}],"wp:attachment":[{"href":"https:\/\/compuviper.mx\/tienda\/wp-json\/wp\/v2\/media?parent=268174"}],"wp:term":[{"taxonomy":"product_cat","embeddable":true,"href":"https:\/\/compuviper.mx\/tienda\/wp-json\/wp\/v2\/product_cat?post=268174"},{"taxonomy":"product_tag","embeddable":true,"href":"https:\/\/compuviper.mx\/tienda\/wp-json\/wp\/v2\/product_tag?post=268174"}],"curies":[{"name":"wp","href":"https:\/\/api.w.org\/{rel}","templated":true}]}}