{"id":268158,"date":"2026-04-02T01:47:09","date_gmt":"2026-04-02T07:47:09","guid":{"rendered":"https:\/\/compuviper.mx\/tienda\/producto\/sandisk-sdsqxaf-032g-gn6ma-memoria-micro-sdhc-32gb-extreme-100mb-s-4k-clase-10-a1-v30-c-adaptador\/"},"modified":"2026-04-03T00:00:22","modified_gmt":"2026-04-03T06:00:22","slug":"sandisk-sdsqxaf-032g-gn6ma-memoria-micro-sdhc-32gb-extreme-100mb-s-4k-clase-10-a1-v30-c-adaptador","status":"publish","type":"product","link":"https:\/\/compuviper.mx\/tienda\/producto\/sandisk-sdsqxaf-032g-gn6ma-memoria-micro-sdhc-32gb-extreme-100mb-s-4k-clase-10-a1-v30-c-adaptador\/","title":{"rendered":"Sandisk Sdsqxaf-032g-gn6ma Memoria  Micro Sdhc 32gb Extreme 100mb\/s 4k Clase 10 A1 V30 C\/adaptador"},"content":{"rendered":"<table class=\"descripcion\">\n<tr>\n<td>Capacidad: 32 gb.<\/td>\n<\/tr>\n<tr>\n<td>Velocidad de lectura: hasta 100mb\/s.<\/td>\n<\/tr>\n<tr>\n<td>Velocidad de escritura: hasta 60mb\/s.<\/td>\n<\/tr>\n<tr>\n<td>Velocidad de video: c10, v30, u3, a1.<\/td>\n<\/tr>\n<tr>\n<td>Factor de forma: microsdhc.<\/td>\n<\/tr>\n<tr>\n<td>Dimensiones: (alto x ancho x largo) 0.43in x 0.59in x 0.04in (10.92mm x 14.99mm x 1.02mm).<\/td>\n<\/tr>\n<tr>\n<td>Temperatura de funcionamiento: de -13 \u00baf a 185 \u00baf (de -25 \u00bac a 85 \u00bac).<\/td>\n<\/tr>\n<tr>\n<td>Temperatura de almacenamiento: de -40 \u00baf a 185 \u00baf (de -40 \u00bac a 85 \u00bac).<\/td>\n<\/tr>\n<tr>\n<td>Compatibilidad: compatible con dispositivos que admiten microsdhc, microsdxc, microsdhc uhs-i y microsdxc uhs-i.<\/td>\n<\/tr>\n<tr>\n<td>Clase 10, clase 3 de velocidad uhs (u3) y clase 30 de velocidad de video uhs (v30) para videos 4 k ultra hd (3840 x 2160p) y full hd (1920 x 1080p).<\/td>\n<\/tr>\n<tr>\n<td>Oferta de descarga del software de recuperaci\u00f3n de datos rescuepro deluxe.<\/td>\n<\/tr>\n<\/table>\n","protected":false},"excerpt":{"rendered":"<p>Disfruta de velocidades extremas para una transferencia r\u00e1pida, rendimiento de las aplicaciones y contenido 4k uhd. Esta tarjeta microsd de alto rendimiento es perfecta para los tel\u00e9fonos inteligentes android y c\u00e1maras de acci\u00f3n o drones, con capacidad de grabaci\u00f3n de video 4k uhd, video full hd y fotos de alta resoluci\u00f3n. La tarjeta de memoria s\u00faper r\u00e1pida sandisk extreme microsdhc tiene una capacidad de lectura de hasta 100 mb\/s y de escritura de hasta 60 mb\/s. Adem\u00e1s, es de clase a1, lo que aporta un rendimiento de las aplicaciones excelente para disfrutar de una experiencia excepcional con los tel\u00e9fonos inteligentes. Las tarjetas sandisk extreme microsdhc y microsdxc uhs-i est\u00e1n dise\u00f1adas a prueba de golpes, resistente al agua, y a prueba de rayos x, para que puedas disfrutar de tus aventuras sin preocuparte por la durabilidad de tu tarjeta de memoria.<\/p>\n","protected":false},"featured_media":268159,"comment_status":"open","ping_status":"open","template":"","meta":[],"product_cat":[1795,1793],"product_tag":[1709],"acf":[],"yoast_head":"<!-- This site is optimized with the Yoast SEO plugin v21.7 - https:\/\/yoast.com\/wordpress\/plugins\/seo\/ -->\n<title>[ Sandisk ] &#129351; Sdsqxaf-032g-gn6ma Memoria Micro Sdhc 32gb Extreme 100mb\/s 4k Clase 10 A1 V30 C\/adaptador<\/title>\n<meta name=\"description\" content=\"Compra Sdsqxaf-032g-gn6ma Memoria Micro Sdhc 32gb Extreme 100mb\/s 4k Clase 10 A1 V30 C\/adaptador + Env\u00edo a domicilio + Pago seguro + Garant\u00eda\" \/>\n<meta name=\"robots\" content=\"index, follow, max-snippet:-1, max-image-preview:large, max-video-preview:-1\" \/>\n<link rel=\"canonical\" href=\"https:\/\/compuviper.mx\/tienda\/producto\/sandisk-sdsqxaf-032g-gn6ma-memoria-micro-sdhc-32gb-extreme-100mb-s-4k-clase-10-a1-v30-c-adaptador\/\" \/>\n<meta property=\"og:locale\" content=\"es_MX\" \/>\n<meta property=\"og:type\" content=\"article\" \/>\n<meta property=\"og:title\" content=\"[ Sandisk ] &#129351; Sdsqxaf-032g-gn6ma Memoria Micro Sdhc 32gb Extreme 100mb\/s 4k Clase 10 A1 V30 C\/adaptador\" \/>\n<meta property=\"og:description\" content=\"Compra Sdsqxaf-032g-gn6ma Memoria Micro Sdhc 32gb Extreme 100mb\/s 4k Clase 10 A1 V30 C\/adaptador + Env\u00edo a domicilio + Pago seguro + Garant\u00eda\" \/>\n<meta property=\"og:url\" content=\"https:\/\/compuviper.mx\/tienda\/producto\/sandisk-sdsqxaf-032g-gn6ma-memoria-micro-sdhc-32gb-extreme-100mb-s-4k-clase-10-a1-v30-c-adaptador\/\" \/>\n<meta property=\"og:site_name\" content=\"Compuviper\" \/>\n<meta property=\"article:publisher\" content=\"https:\/\/www.facebook.com\/compuviper\" \/>\n<meta property=\"article:modified_time\" content=\"2026-04-03T06:00:22+00:00\" \/>\n<meta property=\"og:image\" content=\"https:\/\/compuviper.mx\/tienda\/wp-content\/uploads\/2026\/03\/Memoria-sandisk-micro-sdhc-32gb-extreme-100mbs-4k-clase-10-a1-v30-cadaptador-sdsqxaf-032g-gn6ma.jpg\" \/>\n\t<meta property=\"og:image:width\" content=\"200\" \/>\n\t<meta property=\"og:image:height\" content=\"200\" \/>\n\t<meta property=\"og:image:type\" content=\"image\/jpeg\" \/>\n<meta name=\"twitter:card\" content=\"summary_large_image\" \/>\n<meta name=\"twitter:label1\" content=\"Precio\" \/>\n\t<meta name=\"twitter:data1\" content=\"&#36;366 con IVA\" \/>\n\t<meta name=\"twitter:label2\" content=\"Availability\" \/>\n\t<meta name=\"twitter:data2\" content=\"In stock\" \/>\n<script type=\"application\/ld+json\" class=\"yoast-schema-graph\">{\"@context\":\"https:\/\/schema.org\",\"@graph\":[{\"@type\":\"WebPage\",\"@id\":\"https:\/\/compuviper.mx\/tienda\/producto\/sandisk-sdsqxaf-032g-gn6ma-memoria-micro-sdhc-32gb-extreme-100mb-s-4k-clase-10-a1-v30-c-adaptador\/\",\"url\":\"https:\/\/compuviper.mx\/tienda\/producto\/sandisk-sdsqxaf-032g-gn6ma-memoria-micro-sdhc-32gb-extreme-100mb-s-4k-clase-10-a1-v30-c-adaptador\/\",\"name\":\"[ Sandisk ] &#129351; Sdsqxaf-032g-gn6ma Memoria Micro Sdhc 32gb Extreme 100mb\/s 4k Clase 10 A1 V30 C\/adaptador\",\"isPartOf\":{\"@id\":\"https:\/\/compuviper.mx\/tienda\/#website\"},\"datePublished\":\"2026-04-02T07:47:09+00:00\",\"dateModified\":\"2026-04-03T06:00:22+00:00\",\"description\":\"Compra Sdsqxaf-032g-gn6ma Memoria Micro Sdhc 32gb Extreme 100mb\/s 4k Clase 10 A1 V30 C\/adaptador + Env\u00edo a domicilio + Pago seguro + Garant\u00eda\",\"breadcrumb\":{\"@id\":\"https:\/\/compuviper.mx\/tienda\/producto\/sandisk-sdsqxaf-032g-gn6ma-memoria-micro-sdhc-32gb-extreme-100mb-s-4k-clase-10-a1-v30-c-adaptador\/#breadcrumb\"},\"inLanguage\":\"es-MX\",\"potentialAction\":[{\"@type\":\"ReadAction\",\"target\":[\"https:\/\/compuviper.mx\/tienda\/producto\/sandisk-sdsqxaf-032g-gn6ma-memoria-micro-sdhc-32gb-extreme-100mb-s-4k-clase-10-a1-v30-c-adaptador\/\"]}]},{\"@type\":\"BreadcrumbList\",\"@id\":\"https:\/\/compuviper.mx\/tienda\/producto\/sandisk-sdsqxaf-032g-gn6ma-memoria-micro-sdhc-32gb-extreme-100mb-s-4k-clase-10-a1-v30-c-adaptador\/#breadcrumb\",\"itemListElement\":[{\"@type\":\"ListItem\",\"position\":1,\"name\":\"Inicio\",\"item\":\"https:\/\/compuviper.mx\/tienda\/\"},{\"@type\":\"ListItem\",\"position\":2,\"name\":\"Productos\",\"item\":\"https:\/\/compuviper.mx\/tienda\/productos\/\"},{\"@type\":\"ListItem\",\"position\":3,\"name\":\"Memorias\",\"item\":\"https:\/\/compuviper.mx\/tienda\/categoria-producto\/memorias\/\"},{\"@type\":\"ListItem\",\"position\":4,\"name\":\"Memoria Flash Card\",\"item\":\"https:\/\/compuviper.mx\/tienda\/categoria-producto\/memorias\/memoria-flash-card\/\"},{\"@type\":\"ListItem\",\"position\":5,\"name\":\"Sandisk Sdsqxaf-032g-gn6ma Memoria Micro Sdhc 32gb Extreme 100mb\/s 4k Clase 10 A1 V30 C\/adaptador\"}]},{\"@type\":\"WebSite\",\"@id\":\"https:\/\/compuviper.mx\/tienda\/#website\",\"url\":\"https:\/\/compuviper.mx\/tienda\/\",\"name\":\"Compuviper\",\"description\":\"Proveedor de Computadoras, Laptops, Servidores, Monitores, Puntos de Venta, Teclados,   Impresoras, T\u00f3ner, C\u00e1maras de Seguridad y m\u00e1s en tu tienda en l\u00ednea\",\"publisher\":{\"@id\":\"https:\/\/compuviper.mx\/tienda\/#organization\"},\"potentialAction\":[{\"@type\":\"SearchAction\",\"target\":{\"@type\":\"EntryPoint\",\"urlTemplate\":\"https:\/\/compuviper.mx\/tienda\/?s={search_term_string}\"},\"query-input\":\"required name=search_term_string\"}],\"inLanguage\":\"es-MX\"},{\"@type\":\"Organization\",\"@id\":\"https:\/\/compuviper.mx\/tienda\/#organization\",\"name\":\"Compuviper\",\"url\":\"https:\/\/compuviper.mx\/tienda\/\",\"logo\":{\"@type\":\"ImageObject\",\"inLanguage\":\"es-MX\",\"@id\":\"https:\/\/compuviper.mx\/tienda\/#\/schema\/logo\/image\/\",\"url\":\"https:\/\/compuviper.mx\/tienda\/wp-content\/uploads\/2021\/08\/Logo-Compuviper-10.png\",\"contentUrl\":\"https:\/\/compuviper.mx\/tienda\/wp-content\/uploads\/2021\/08\/Logo-Compuviper-10.png\",\"width\":1000,\"height\":500,\"caption\":\"Compuviper\"},\"image\":{\"@id\":\"https:\/\/compuviper.mx\/tienda\/#\/schema\/logo\/image\/\"},\"sameAs\":[\"https:\/\/www.facebook.com\/compuviper\",\"https:\/\/www.youtube.com\/channel\/UCf73dERp9Y3cfOq7q8BhLjA?view_as=subscriber\"]}]}<\/script>\n<meta property=\"product:brand\" content=\"SANDISK\" \/>\n<meta property=\"product:price:amount\" content=\"366\" \/>\n<meta property=\"product:price:currency\" content=\"MXN\" \/>\n<meta property=\"og:availability\" content=\"instock\" \/>\n<meta property=\"product:availability\" content=\"instock\" \/>\n<meta property=\"product:retailer_item_id\" content=\"SDSQXAF-032G-GN6MA\" \/>\n<meta property=\"product:condition\" content=\"new\" \/>\n<!-- \/ Yoast SEO plugin. -->","yoast_head_json":{"title":"[ Sandisk ] &#129351; Sdsqxaf-032g-gn6ma Memoria Micro Sdhc 32gb Extreme 100mb\/s 4k Clase 10 A1 V30 C\/adaptador","description":"Compra Sdsqxaf-032g-gn6ma Memoria Micro Sdhc 32gb Extreme 100mb\/s 4k Clase 10 A1 V30 C\/adaptador + Env\u00edo a domicilio + Pago seguro + Garant\u00eda","robots":{"index":"index","follow":"follow","max-snippet":"max-snippet:-1","max-image-preview":"max-image-preview:large","max-video-preview":"max-video-preview:-1"},"canonical":"https:\/\/compuviper.mx\/tienda\/producto\/sandisk-sdsqxaf-032g-gn6ma-memoria-micro-sdhc-32gb-extreme-100mb-s-4k-clase-10-a1-v30-c-adaptador\/","og_locale":"es_MX","og_type":"article","og_title":"[ Sandisk ] &#129351; Sdsqxaf-032g-gn6ma Memoria Micro Sdhc 32gb Extreme 100mb\/s 4k Clase 10 A1 V30 C\/adaptador","og_description":"Compra Sdsqxaf-032g-gn6ma Memoria Micro Sdhc 32gb Extreme 100mb\/s 4k Clase 10 A1 V30 C\/adaptador + Env\u00edo a domicilio + Pago seguro + Garant\u00eda","og_url":"https:\/\/compuviper.mx\/tienda\/producto\/sandisk-sdsqxaf-032g-gn6ma-memoria-micro-sdhc-32gb-extreme-100mb-s-4k-clase-10-a1-v30-c-adaptador\/","og_site_name":"Compuviper","article_publisher":"https:\/\/www.facebook.com\/compuviper","article_modified_time":"2026-04-03T06:00:22+00:00","og_image":[{"width":200,"height":200,"url":"https:\/\/compuviper.mx\/tienda\/wp-content\/uploads\/2026\/03\/Memoria-sandisk-micro-sdhc-32gb-extreme-100mbs-4k-clase-10-a1-v30-cadaptador-sdsqxaf-032g-gn6ma.jpg","type":"image\/jpeg"}],"twitter_card":"summary_large_image","twitter_misc":{"Precio":"&#36;366 con IVA","Availability":"In stock"},"schema":{"@context":"https:\/\/schema.org","@graph":[{"@type":"WebPage","@id":"https:\/\/compuviper.mx\/tienda\/producto\/sandisk-sdsqxaf-032g-gn6ma-memoria-micro-sdhc-32gb-extreme-100mb-s-4k-clase-10-a1-v30-c-adaptador\/","url":"https:\/\/compuviper.mx\/tienda\/producto\/sandisk-sdsqxaf-032g-gn6ma-memoria-micro-sdhc-32gb-extreme-100mb-s-4k-clase-10-a1-v30-c-adaptador\/","name":"[ Sandisk ] &#129351; Sdsqxaf-032g-gn6ma Memoria Micro Sdhc 32gb Extreme 100mb\/s 4k Clase 10 A1 V30 C\/adaptador","isPartOf":{"@id":"https:\/\/compuviper.mx\/tienda\/#website"},"datePublished":"2026-04-02T07:47:09+00:00","dateModified":"2026-04-03T06:00:22+00:00","description":"Compra Sdsqxaf-032g-gn6ma Memoria Micro Sdhc 32gb Extreme 100mb\/s 4k Clase 10 A1 V30 C\/adaptador + Env\u00edo a domicilio + Pago seguro + Garant\u00eda","breadcrumb":{"@id":"https:\/\/compuviper.mx\/tienda\/producto\/sandisk-sdsqxaf-032g-gn6ma-memoria-micro-sdhc-32gb-extreme-100mb-s-4k-clase-10-a1-v30-c-adaptador\/#breadcrumb"},"inLanguage":"es-MX","potentialAction":[{"@type":"ReadAction","target":["https:\/\/compuviper.mx\/tienda\/producto\/sandisk-sdsqxaf-032g-gn6ma-memoria-micro-sdhc-32gb-extreme-100mb-s-4k-clase-10-a1-v30-c-adaptador\/"]}]},{"@type":"BreadcrumbList","@id":"https:\/\/compuviper.mx\/tienda\/producto\/sandisk-sdsqxaf-032g-gn6ma-memoria-micro-sdhc-32gb-extreme-100mb-s-4k-clase-10-a1-v30-c-adaptador\/#breadcrumb","itemListElement":[{"@type":"ListItem","position":1,"name":"Inicio","item":"https:\/\/compuviper.mx\/tienda\/"},{"@type":"ListItem","position":2,"name":"Productos","item":"https:\/\/compuviper.mx\/tienda\/productos\/"},{"@type":"ListItem","position":3,"name":"Memorias","item":"https:\/\/compuviper.mx\/tienda\/categoria-producto\/memorias\/"},{"@type":"ListItem","position":4,"name":"Memoria Flash Card","item":"https:\/\/compuviper.mx\/tienda\/categoria-producto\/memorias\/memoria-flash-card\/"},{"@type":"ListItem","position":5,"name":"Sandisk Sdsqxaf-032g-gn6ma Memoria Micro Sdhc 32gb Extreme 100mb\/s 4k Clase 10 A1 V30 C\/adaptador"}]},{"@type":"WebSite","@id":"https:\/\/compuviper.mx\/tienda\/#website","url":"https:\/\/compuviper.mx\/tienda\/","name":"Compuviper","description":"Proveedor de Computadoras, Laptops, Servidores, Monitores, Puntos de Venta, Teclados,   Impresoras, T\u00f3ner, C\u00e1maras de Seguridad y m\u00e1s en tu tienda en l\u00ednea","publisher":{"@id":"https:\/\/compuviper.mx\/tienda\/#organization"},"potentialAction":[{"@type":"SearchAction","target":{"@type":"EntryPoint","urlTemplate":"https:\/\/compuviper.mx\/tienda\/?s={search_term_string}"},"query-input":"required name=search_term_string"}],"inLanguage":"es-MX"},{"@type":"Organization","@id":"https:\/\/compuviper.mx\/tienda\/#organization","name":"Compuviper","url":"https:\/\/compuviper.mx\/tienda\/","logo":{"@type":"ImageObject","inLanguage":"es-MX","@id":"https:\/\/compuviper.mx\/tienda\/#\/schema\/logo\/image\/","url":"https:\/\/compuviper.mx\/tienda\/wp-content\/uploads\/2021\/08\/Logo-Compuviper-10.png","contentUrl":"https:\/\/compuviper.mx\/tienda\/wp-content\/uploads\/2021\/08\/Logo-Compuviper-10.png","width":1000,"height":500,"caption":"Compuviper"},"image":{"@id":"https:\/\/compuviper.mx\/tienda\/#\/schema\/logo\/image\/"},"sameAs":["https:\/\/www.facebook.com\/compuviper","https:\/\/www.youtube.com\/channel\/UCf73dERp9Y3cfOq7q8BhLjA?view_as=subscriber"]}]},"product_brand":"SANDISK","product_price_amount":"366","product_price_currency":"MXN","og_availability":"instock","product_availability":"instock","product_retailer_item_id":"SDSQXAF-032G-GN6MA","product_condition":"new"},"_links":{"self":[{"href":"https:\/\/compuviper.mx\/tienda\/wp-json\/wp\/v2\/product\/268158"}],"collection":[{"href":"https:\/\/compuviper.mx\/tienda\/wp-json\/wp\/v2\/product"}],"about":[{"href":"https:\/\/compuviper.mx\/tienda\/wp-json\/wp\/v2\/types\/product"}],"replies":[{"embeddable":true,"href":"https:\/\/compuviper.mx\/tienda\/wp-json\/wp\/v2\/comments?post=268158"}],"wp:featuredmedia":[{"embeddable":true,"href":"https:\/\/compuviper.mx\/tienda\/wp-json\/wp\/v2\/media\/268159"}],"wp:attachment":[{"href":"https:\/\/compuviper.mx\/tienda\/wp-json\/wp\/v2\/media?parent=268158"}],"wp:term":[{"taxonomy":"product_cat","embeddable":true,"href":"https:\/\/compuviper.mx\/tienda\/wp-json\/wp\/v2\/product_cat?post=268158"},{"taxonomy":"product_tag","embeddable":true,"href":"https:\/\/compuviper.mx\/tienda\/wp-json\/wp\/v2\/product_tag?post=268158"}],"curies":[{"name":"wp","href":"https:\/\/api.w.org\/{rel}","templated":true}]}}