{"id":268154,"date":"2026-04-02T01:47:08","date_gmt":"2026-04-02T07:47:08","guid":{"rendered":"https:\/\/compuviper.mx\/tienda\/producto\/sandisk-sdcz600-128g-g35-memoria-128gb-usb-3-0-cruzer-glide-z600-negro-c-rojo\/"},"modified":"2026-04-03T00:00:22","modified_gmt":"2026-04-03T06:00:22","slug":"sandisk-sdcz600-128g-g35-memoria-128gb-usb-3-0-cruzer-glide-z600-negro-c-rojo","status":"publish","type":"product","link":"https:\/\/compuviper.mx\/tienda\/producto\/sandisk-sdcz600-128g-g35-memoria-128gb-usb-3-0-cruzer-glide-z600-negro-c-rojo\/","title":{"rendered":"Sandisk Sdcz600-128g-g35 Memoria  128gb Usb 3.0 Cruzer Glide Z600 Negro C\/rojo"},"content":{"rendered":"<table class=\"descripcion\">\n<tr>\n<td>Capacidad: 128 gb<\/td>\n<\/tr>\n<tr>\n<td>Cruzer glide 3.0 usb flash drive<\/td>\n<\/tr>\n<tr>\n<td>Dimensiones: 24 x 32 x 2,1 mm (2,37 x 0,82 x 0,44 pulg.)<\/td>\n<\/tr>\n<tr>\n<td>Software sandisk secureaccess, ofrece protecci\u00f3n con contrase\u00f1a.<\/td>\n<\/tr>\n<tr>\n<td>Seguridad: protecci\u00f3n mediante contrase\u00f1a y encriptado aes de 128 bits.<\/td>\n<\/tr>\n<tr>\n<td>Temperatura en funcionamiento: 0-45 c (32-113 f)<\/td>\n<\/tr>\n<tr>\n<td>Temperatura de almacenamiento: -10-70 c (50-158 f)<\/td>\n<\/tr>\n<tr>\n<td>Puerto usb apta para usb 3.0 (compatible con usb 2.0).<\/td>\n<\/tr>\n<\/table>\n","protected":false},"excerpt":{"rendered":"<p>El almacenamiento portatil seguro y confiable con rendimiento de usb 3.0 y grandes capacidades hacen que la cruzer glide usb 3.0 sea una unidad flash ideal para todas sus fotos, sus videos, su m\u00fasica y sus otros archivos. El software incluido sandisk secureaccess brinda protecci\u00f3n por contrase\u00f1a para mantener la seguridad de los archivos privados, mientras deja el resto de la unidad disponible para compartir lo que desee. El dise\u00f1o retractil protege el conector usb 3.0 cuando la unidad no esta en uso.<\/p>\n","protected":false},"featured_media":268155,"comment_status":"open","ping_status":"open","template":"","meta":[],"product_cat":[1796,1793],"product_tag":[1709],"acf":[],"yoast_head":"<!-- This site is optimized with the Yoast SEO plugin v21.7 - https:\/\/yoast.com\/wordpress\/plugins\/seo\/ -->\n<title>[ Sandisk ] &#129351; Sdcz600-128g-g35 Memoria 128gb Usb 3.0 Cruzer Glide Z600 Negro C\/rojo<\/title>\n<meta name=\"description\" content=\"Compra Sdcz600-128g-g35 Memoria 128gb Usb 3.0 Cruzer Glide Z600 Negro C\/rojo + Env\u00edo a domicilio + Pago seguro + Garant\u00eda\" \/>\n<meta name=\"robots\" content=\"index, follow, max-snippet:-1, max-image-preview:large, max-video-preview:-1\" \/>\n<link rel=\"canonical\" href=\"https:\/\/compuviper.mx\/tienda\/producto\/sandisk-sdcz600-128g-g35-memoria-128gb-usb-3-0-cruzer-glide-z600-negro-c-rojo\/\" \/>\n<meta property=\"og:locale\" content=\"es_MX\" \/>\n<meta property=\"og:type\" content=\"article\" \/>\n<meta property=\"og:title\" content=\"[ Sandisk ] &#129351; Sdcz600-128g-g35 Memoria 128gb Usb 3.0 Cruzer Glide Z600 Negro C\/rojo\" \/>\n<meta property=\"og:description\" content=\"Compra Sdcz600-128g-g35 Memoria 128gb Usb 3.0 Cruzer Glide Z600 Negro C\/rojo + Env\u00edo a domicilio + Pago seguro + Garant\u00eda\" \/>\n<meta property=\"og:url\" content=\"https:\/\/compuviper.mx\/tienda\/producto\/sandisk-sdcz600-128g-g35-memoria-128gb-usb-3-0-cruzer-glide-z600-negro-c-rojo\/\" \/>\n<meta property=\"og:site_name\" content=\"Compuviper\" \/>\n<meta property=\"article:publisher\" content=\"https:\/\/www.facebook.com\/compuviper\" \/>\n<meta property=\"article:modified_time\" content=\"2026-04-03T06:00:22+00:00\" \/>\n<meta property=\"og:image\" content=\"https:\/\/compuviper.mx\/tienda\/wp-content\/uploads\/2026\/03\/Memoria-sandisk-128gb-usb-3.0-cruzer-glide-z600-negro-crojo-sdcz600-128g-g35.jpg\" \/>\n\t<meta property=\"og:image:width\" content=\"200\" \/>\n\t<meta property=\"og:image:height\" content=\"200\" \/>\n\t<meta property=\"og:image:type\" content=\"image\/jpeg\" \/>\n<meta name=\"twitter:card\" content=\"summary_large_image\" \/>\n<meta name=\"twitter:label1\" content=\"Precio\" \/>\n\t<meta name=\"twitter:data1\" content=\"&#36;329 con IVA\" \/>\n\t<meta name=\"twitter:label2\" content=\"Availability\" \/>\n\t<meta name=\"twitter:data2\" content=\"In stock\" \/>\n<script type=\"application\/ld+json\" class=\"yoast-schema-graph\">{\"@context\":\"https:\/\/schema.org\",\"@graph\":[{\"@type\":\"WebPage\",\"@id\":\"https:\/\/compuviper.mx\/tienda\/producto\/sandisk-sdcz600-128g-g35-memoria-128gb-usb-3-0-cruzer-glide-z600-negro-c-rojo\/\",\"url\":\"https:\/\/compuviper.mx\/tienda\/producto\/sandisk-sdcz600-128g-g35-memoria-128gb-usb-3-0-cruzer-glide-z600-negro-c-rojo\/\",\"name\":\"[ Sandisk ] &#129351; Sdcz600-128g-g35 Memoria 128gb Usb 3.0 Cruzer Glide Z600 Negro C\/rojo\",\"isPartOf\":{\"@id\":\"https:\/\/compuviper.mx\/tienda\/#website\"},\"datePublished\":\"2026-04-02T07:47:08+00:00\",\"dateModified\":\"2026-04-03T06:00:22+00:00\",\"description\":\"Compra Sdcz600-128g-g35 Memoria 128gb Usb 3.0 Cruzer Glide Z600 Negro C\/rojo + Env\u00edo a domicilio + Pago seguro + Garant\u00eda\",\"breadcrumb\":{\"@id\":\"https:\/\/compuviper.mx\/tienda\/producto\/sandisk-sdcz600-128g-g35-memoria-128gb-usb-3-0-cruzer-glide-z600-negro-c-rojo\/#breadcrumb\"},\"inLanguage\":\"es-MX\",\"potentialAction\":[{\"@type\":\"ReadAction\",\"target\":[\"https:\/\/compuviper.mx\/tienda\/producto\/sandisk-sdcz600-128g-g35-memoria-128gb-usb-3-0-cruzer-glide-z600-negro-c-rojo\/\"]}]},{\"@type\":\"BreadcrumbList\",\"@id\":\"https:\/\/compuviper.mx\/tienda\/producto\/sandisk-sdcz600-128g-g35-memoria-128gb-usb-3-0-cruzer-glide-z600-negro-c-rojo\/#breadcrumb\",\"itemListElement\":[{\"@type\":\"ListItem\",\"position\":1,\"name\":\"Inicio\",\"item\":\"https:\/\/compuviper.mx\/tienda\/\"},{\"@type\":\"ListItem\",\"position\":2,\"name\":\"Productos\",\"item\":\"https:\/\/compuviper.mx\/tienda\/productos\/\"},{\"@type\":\"ListItem\",\"position\":3,\"name\":\"Memorias\",\"item\":\"https:\/\/compuviper.mx\/tienda\/categoria-producto\/memorias\/\"},{\"@type\":\"ListItem\",\"position\":4,\"name\":\"Memoria Flash Usb\",\"item\":\"https:\/\/compuviper.mx\/tienda\/categoria-producto\/memorias\/memoria-flash-usb\/\"},{\"@type\":\"ListItem\",\"position\":5,\"name\":\"Sandisk Sdcz600-128g-g35 Memoria 128gb Usb 3.0 Cruzer Glide Z600 Negro C\/rojo\"}]},{\"@type\":\"WebSite\",\"@id\":\"https:\/\/compuviper.mx\/tienda\/#website\",\"url\":\"https:\/\/compuviper.mx\/tienda\/\",\"name\":\"Compuviper\",\"description\":\"Proveedor de Computadoras, Laptops, Servidores, Monitores, Puntos de Venta, Teclados,   Impresoras, T\u00f3ner, C\u00e1maras de Seguridad y m\u00e1s en tu tienda en l\u00ednea\",\"publisher\":{\"@id\":\"https:\/\/compuviper.mx\/tienda\/#organization\"},\"potentialAction\":[{\"@type\":\"SearchAction\",\"target\":{\"@type\":\"EntryPoint\",\"urlTemplate\":\"https:\/\/compuviper.mx\/tienda\/?s={search_term_string}\"},\"query-input\":\"required name=search_term_string\"}],\"inLanguage\":\"es-MX\"},{\"@type\":\"Organization\",\"@id\":\"https:\/\/compuviper.mx\/tienda\/#organization\",\"name\":\"Compuviper\",\"url\":\"https:\/\/compuviper.mx\/tienda\/\",\"logo\":{\"@type\":\"ImageObject\",\"inLanguage\":\"es-MX\",\"@id\":\"https:\/\/compuviper.mx\/tienda\/#\/schema\/logo\/image\/\",\"url\":\"https:\/\/compuviper.mx\/tienda\/wp-content\/uploads\/2021\/08\/Logo-Compuviper-10.png\",\"contentUrl\":\"https:\/\/compuviper.mx\/tienda\/wp-content\/uploads\/2021\/08\/Logo-Compuviper-10.png\",\"width\":1000,\"height\":500,\"caption\":\"Compuviper\"},\"image\":{\"@id\":\"https:\/\/compuviper.mx\/tienda\/#\/schema\/logo\/image\/\"},\"sameAs\":[\"https:\/\/www.facebook.com\/compuviper\",\"https:\/\/www.youtube.com\/channel\/UCf73dERp9Y3cfOq7q8BhLjA?view_as=subscriber\"]}]}<\/script>\n<meta property=\"product:brand\" content=\"SANDISK\" \/>\n<meta property=\"product:price:amount\" content=\"329\" \/>\n<meta property=\"product:price:currency\" content=\"MXN\" \/>\n<meta property=\"og:availability\" content=\"instock\" \/>\n<meta property=\"product:availability\" content=\"instock\" \/>\n<meta property=\"product:retailer_item_id\" content=\"SDCZ600-128G-G35\" \/>\n<meta property=\"product:condition\" content=\"new\" \/>\n<!-- \/ Yoast SEO plugin. -->","yoast_head_json":{"title":"[ Sandisk ] &#129351; Sdcz600-128g-g35 Memoria 128gb Usb 3.0 Cruzer Glide Z600 Negro C\/rojo","description":"Compra Sdcz600-128g-g35 Memoria 128gb Usb 3.0 Cruzer Glide Z600 Negro C\/rojo + Env\u00edo a domicilio + Pago seguro + Garant\u00eda","robots":{"index":"index","follow":"follow","max-snippet":"max-snippet:-1","max-image-preview":"max-image-preview:large","max-video-preview":"max-video-preview:-1"},"canonical":"https:\/\/compuviper.mx\/tienda\/producto\/sandisk-sdcz600-128g-g35-memoria-128gb-usb-3-0-cruzer-glide-z600-negro-c-rojo\/","og_locale":"es_MX","og_type":"article","og_title":"[ Sandisk ] &#129351; Sdcz600-128g-g35 Memoria 128gb Usb 3.0 Cruzer Glide Z600 Negro C\/rojo","og_description":"Compra Sdcz600-128g-g35 Memoria 128gb Usb 3.0 Cruzer Glide Z600 Negro C\/rojo + Env\u00edo a domicilio + Pago seguro + Garant\u00eda","og_url":"https:\/\/compuviper.mx\/tienda\/producto\/sandisk-sdcz600-128g-g35-memoria-128gb-usb-3-0-cruzer-glide-z600-negro-c-rojo\/","og_site_name":"Compuviper","article_publisher":"https:\/\/www.facebook.com\/compuviper","article_modified_time":"2026-04-03T06:00:22+00:00","og_image":[{"width":200,"height":200,"url":"https:\/\/compuviper.mx\/tienda\/wp-content\/uploads\/2026\/03\/Memoria-sandisk-128gb-usb-3.0-cruzer-glide-z600-negro-crojo-sdcz600-128g-g35.jpg","type":"image\/jpeg"}],"twitter_card":"summary_large_image","twitter_misc":{"Precio":"&#36;329 con IVA","Availability":"In stock"},"schema":{"@context":"https:\/\/schema.org","@graph":[{"@type":"WebPage","@id":"https:\/\/compuviper.mx\/tienda\/producto\/sandisk-sdcz600-128g-g35-memoria-128gb-usb-3-0-cruzer-glide-z600-negro-c-rojo\/","url":"https:\/\/compuviper.mx\/tienda\/producto\/sandisk-sdcz600-128g-g35-memoria-128gb-usb-3-0-cruzer-glide-z600-negro-c-rojo\/","name":"[ Sandisk ] &#129351; Sdcz600-128g-g35 Memoria 128gb Usb 3.0 Cruzer Glide Z600 Negro C\/rojo","isPartOf":{"@id":"https:\/\/compuviper.mx\/tienda\/#website"},"datePublished":"2026-04-02T07:47:08+00:00","dateModified":"2026-04-03T06:00:22+00:00","description":"Compra Sdcz600-128g-g35 Memoria 128gb Usb 3.0 Cruzer Glide Z600 Negro C\/rojo + Env\u00edo a domicilio + Pago seguro + Garant\u00eda","breadcrumb":{"@id":"https:\/\/compuviper.mx\/tienda\/producto\/sandisk-sdcz600-128g-g35-memoria-128gb-usb-3-0-cruzer-glide-z600-negro-c-rojo\/#breadcrumb"},"inLanguage":"es-MX","potentialAction":[{"@type":"ReadAction","target":["https:\/\/compuviper.mx\/tienda\/producto\/sandisk-sdcz600-128g-g35-memoria-128gb-usb-3-0-cruzer-glide-z600-negro-c-rojo\/"]}]},{"@type":"BreadcrumbList","@id":"https:\/\/compuviper.mx\/tienda\/producto\/sandisk-sdcz600-128g-g35-memoria-128gb-usb-3-0-cruzer-glide-z600-negro-c-rojo\/#breadcrumb","itemListElement":[{"@type":"ListItem","position":1,"name":"Inicio","item":"https:\/\/compuviper.mx\/tienda\/"},{"@type":"ListItem","position":2,"name":"Productos","item":"https:\/\/compuviper.mx\/tienda\/productos\/"},{"@type":"ListItem","position":3,"name":"Memorias","item":"https:\/\/compuviper.mx\/tienda\/categoria-producto\/memorias\/"},{"@type":"ListItem","position":4,"name":"Memoria Flash Usb","item":"https:\/\/compuviper.mx\/tienda\/categoria-producto\/memorias\/memoria-flash-usb\/"},{"@type":"ListItem","position":5,"name":"Sandisk Sdcz600-128g-g35 Memoria 128gb Usb 3.0 Cruzer Glide Z600 Negro C\/rojo"}]},{"@type":"WebSite","@id":"https:\/\/compuviper.mx\/tienda\/#website","url":"https:\/\/compuviper.mx\/tienda\/","name":"Compuviper","description":"Proveedor de Computadoras, Laptops, Servidores, Monitores, Puntos de Venta, Teclados,   Impresoras, T\u00f3ner, C\u00e1maras de Seguridad y m\u00e1s en tu tienda en l\u00ednea","publisher":{"@id":"https:\/\/compuviper.mx\/tienda\/#organization"},"potentialAction":[{"@type":"SearchAction","target":{"@type":"EntryPoint","urlTemplate":"https:\/\/compuviper.mx\/tienda\/?s={search_term_string}"},"query-input":"required name=search_term_string"}],"inLanguage":"es-MX"},{"@type":"Organization","@id":"https:\/\/compuviper.mx\/tienda\/#organization","name":"Compuviper","url":"https:\/\/compuviper.mx\/tienda\/","logo":{"@type":"ImageObject","inLanguage":"es-MX","@id":"https:\/\/compuviper.mx\/tienda\/#\/schema\/logo\/image\/","url":"https:\/\/compuviper.mx\/tienda\/wp-content\/uploads\/2021\/08\/Logo-Compuviper-10.png","contentUrl":"https:\/\/compuviper.mx\/tienda\/wp-content\/uploads\/2021\/08\/Logo-Compuviper-10.png","width":1000,"height":500,"caption":"Compuviper"},"image":{"@id":"https:\/\/compuviper.mx\/tienda\/#\/schema\/logo\/image\/"},"sameAs":["https:\/\/www.facebook.com\/compuviper","https:\/\/www.youtube.com\/channel\/UCf73dERp9Y3cfOq7q8BhLjA?view_as=subscriber"]}]},"product_brand":"SANDISK","product_price_amount":"329","product_price_currency":"MXN","og_availability":"instock","product_availability":"instock","product_retailer_item_id":"SDCZ600-128G-G35","product_condition":"new"},"_links":{"self":[{"href":"https:\/\/compuviper.mx\/tienda\/wp-json\/wp\/v2\/product\/268154"}],"collection":[{"href":"https:\/\/compuviper.mx\/tienda\/wp-json\/wp\/v2\/product"}],"about":[{"href":"https:\/\/compuviper.mx\/tienda\/wp-json\/wp\/v2\/types\/product"}],"replies":[{"embeddable":true,"href":"https:\/\/compuviper.mx\/tienda\/wp-json\/wp\/v2\/comments?post=268154"}],"wp:featuredmedia":[{"embeddable":true,"href":"https:\/\/compuviper.mx\/tienda\/wp-json\/wp\/v2\/media\/268155"}],"wp:attachment":[{"href":"https:\/\/compuviper.mx\/tienda\/wp-json\/wp\/v2\/media?parent=268154"}],"wp:term":[{"taxonomy":"product_cat","embeddable":true,"href":"https:\/\/compuviper.mx\/tienda\/wp-json\/wp\/v2\/product_cat?post=268154"},{"taxonomy":"product_tag","embeddable":true,"href":"https:\/\/compuviper.mx\/tienda\/wp-json\/wp\/v2\/product_tag?post=268154"}],"curies":[{"name":"wp","href":"https:\/\/api.w.org\/{rel}","templated":true}]}}