{"id":268152,"date":"2026-04-02T01:47:03","date_gmt":"2026-04-02T07:47:03","guid":{"rendered":"https:\/\/compuviper.mx\/tienda\/producto\/sandisk-sdcz73-128g-g46-memoria-128gb-usb-3-0-ultra-flair-metalica-para-mac-windows-150mb-s\/"},"modified":"2026-04-03T00:00:22","modified_gmt":"2026-04-03T06:00:22","slug":"sandisk-sdcz73-128g-g46-memoria-128gb-usb-3-0-ultra-flair-metalica-para-mac-windows-150mb-s","status":"publish","type":"product","link":"https:\/\/compuviper.mx\/tienda\/producto\/sandisk-sdcz73-128g-g46-memoria-128gb-usb-3-0-ultra-flair-metalica-para-mac-windows-150mb-s\/","title":{"rendered":"Sandisk Sdcz73-128g-g46 Memoria  128gb Usb 3.0 Ultra Flair Metalica Para Mac \/ Windows 150mb\/s"},"content":{"rendered":"<table class=\"descripcion\">\n<tr>\n<td>Capacidad: 128 gb<\/td>\n<\/tr>\n<tr>\n<td>Velocidad de lectura: hasta 150 mb\/s.<\/td>\n<\/tr>\n<tr>\n<td>Generaci\u00f3n: usb 3.0<\/td>\n<\/tr>\n<tr>\n<td>Rendimiento\/velocidad: velocidades de transferencia de hasta 150 mb\/s; velocidades de escritura menores.<\/td>\n<\/tr>\n<tr>\n<td>Dimensiones: 13,21 mm x 42,42 mm x 6,60 mm (0,52&#8243; x 1,67&#8243; x 0,26&#8243;)<\/td>\n<\/tr>\n<tr>\n<td>Temperatura de funcionamiento: 32\u00b0 &#8211; 113 \u00b0f (0\u00b0 \u00bf 45 \u00b0c)<\/td>\n<\/tr>\n<tr>\n<td>Temperatura de almacenamiento: -10 \u00b0c a 70 \u00b0c (0 \u00b0f a 158 \u00b0f)<\/td>\n<\/tr>\n<tr>\n<td>Compatibilidad: usb 3.0 (compatible tambi\u00e9n usb 2.0).<\/td>\n<\/tr>\n<\/table>\n","protected":false},"excerpt":{"rendered":"<p>La unidad flash usb 3.0 sandisk ultra flair permite transferir archivos a alta velocidad. Pierde menos tiempo transfiriendo archivos y disfruta del rendimiento de la tecnologia usb 3.0, que alcanza velocidades de 150 mb\/s. Su carcasa met\u00e1lica duradera y elegante es suficientemente robusta para resistir los golpes con estilo. Adem\u00e1s, gracias a la protecci\u00f3n con contrase\u00f1a, no tendr\u00e1s que preocuparte por la privacidad de tus archivos. Guarda tus archivos con estilo con la unidad flash usb 3.0 sandisk ultra flair.<\/p>\n","protected":false},"featured_media":268153,"comment_status":"open","ping_status":"open","template":"","meta":[],"product_cat":[1796,1793],"product_tag":[1709],"acf":[],"yoast_head":"<!-- This site is optimized with the Yoast SEO plugin v21.7 - https:\/\/yoast.com\/wordpress\/plugins\/seo\/ -->\n<title>[ Sandisk ] &#129351; Sdcz73-128g-g46 Memoria 128gb Usb 3.0 Ultra Flair Metalica Para Mac \/ Windows 150mb\/s<\/title>\n<meta name=\"description\" content=\"Compra Sdcz73-128g-g46 Memoria 128gb Usb 3.0 Ultra Flair Metalica Para Mac \/ Windows 150mb\/s + Env\u00edo a domicilio + Pago seguro + Garant\u00eda\" \/>\n<meta name=\"robots\" content=\"index, follow, max-snippet:-1, max-image-preview:large, max-video-preview:-1\" \/>\n<link rel=\"canonical\" href=\"https:\/\/compuviper.mx\/tienda\/producto\/sandisk-sdcz73-128g-g46-memoria-128gb-usb-3-0-ultra-flair-metalica-para-mac-windows-150mb-s\/\" \/>\n<meta property=\"og:locale\" content=\"es_MX\" \/>\n<meta property=\"og:type\" content=\"article\" \/>\n<meta property=\"og:title\" content=\"[ Sandisk ] &#129351; Sdcz73-128g-g46 Memoria 128gb Usb 3.0 Ultra Flair Metalica Para Mac \/ Windows 150mb\/s\" \/>\n<meta property=\"og:description\" content=\"Compra Sdcz73-128g-g46 Memoria 128gb Usb 3.0 Ultra Flair Metalica Para Mac \/ Windows 150mb\/s + Env\u00edo a domicilio + Pago seguro + Garant\u00eda\" \/>\n<meta property=\"og:url\" content=\"https:\/\/compuviper.mx\/tienda\/producto\/sandisk-sdcz73-128g-g46-memoria-128gb-usb-3-0-ultra-flair-metalica-para-mac-windows-150mb-s\/\" \/>\n<meta property=\"og:site_name\" content=\"Compuviper\" \/>\n<meta property=\"article:publisher\" content=\"https:\/\/www.facebook.com\/compuviper\" \/>\n<meta property=\"article:modified_time\" content=\"2026-04-03T06:00:22+00:00\" \/>\n<meta property=\"og:image\" content=\"https:\/\/compuviper.mx\/tienda\/wp-content\/uploads\/2026\/03\/Memoria-sandisk-128gb-usb-3.0-ultra-flair-metalica-para-mac-windows-150mbs-sdcz73-128g-g46.jpg\" \/>\n\t<meta property=\"og:image:width\" content=\"200\" \/>\n\t<meta property=\"og:image:height\" content=\"200\" \/>\n\t<meta property=\"og:image:type\" content=\"image\/jpeg\" \/>\n<meta name=\"twitter:card\" content=\"summary_large_image\" \/>\n<meta name=\"twitter:label1\" content=\"Precio\" \/>\n\t<meta name=\"twitter:data1\" content=\"&#36;359 con IVA\" \/>\n\t<meta name=\"twitter:label2\" content=\"Availability\" \/>\n\t<meta name=\"twitter:data2\" content=\"In stock\" \/>\n<script type=\"application\/ld+json\" class=\"yoast-schema-graph\">{\"@context\":\"https:\/\/schema.org\",\"@graph\":[{\"@type\":\"WebPage\",\"@id\":\"https:\/\/compuviper.mx\/tienda\/producto\/sandisk-sdcz73-128g-g46-memoria-128gb-usb-3-0-ultra-flair-metalica-para-mac-windows-150mb-s\/\",\"url\":\"https:\/\/compuviper.mx\/tienda\/producto\/sandisk-sdcz73-128g-g46-memoria-128gb-usb-3-0-ultra-flair-metalica-para-mac-windows-150mb-s\/\",\"name\":\"[ Sandisk ] &#129351; Sdcz73-128g-g46 Memoria 128gb Usb 3.0 Ultra Flair Metalica Para Mac \/ Windows 150mb\/s\",\"isPartOf\":{\"@id\":\"https:\/\/compuviper.mx\/tienda\/#website\"},\"datePublished\":\"2026-04-02T07:47:03+00:00\",\"dateModified\":\"2026-04-03T06:00:22+00:00\",\"description\":\"Compra Sdcz73-128g-g46 Memoria 128gb Usb 3.0 Ultra Flair Metalica Para Mac \/ Windows 150mb\/s + Env\u00edo a domicilio + Pago seguro + Garant\u00eda\",\"breadcrumb\":{\"@id\":\"https:\/\/compuviper.mx\/tienda\/producto\/sandisk-sdcz73-128g-g46-memoria-128gb-usb-3-0-ultra-flair-metalica-para-mac-windows-150mb-s\/#breadcrumb\"},\"inLanguage\":\"es-MX\",\"potentialAction\":[{\"@type\":\"ReadAction\",\"target\":[\"https:\/\/compuviper.mx\/tienda\/producto\/sandisk-sdcz73-128g-g46-memoria-128gb-usb-3-0-ultra-flair-metalica-para-mac-windows-150mb-s\/\"]}]},{\"@type\":\"BreadcrumbList\",\"@id\":\"https:\/\/compuviper.mx\/tienda\/producto\/sandisk-sdcz73-128g-g46-memoria-128gb-usb-3-0-ultra-flair-metalica-para-mac-windows-150mb-s\/#breadcrumb\",\"itemListElement\":[{\"@type\":\"ListItem\",\"position\":1,\"name\":\"Inicio\",\"item\":\"https:\/\/compuviper.mx\/tienda\/\"},{\"@type\":\"ListItem\",\"position\":2,\"name\":\"Productos\",\"item\":\"https:\/\/compuviper.mx\/tienda\/productos\/\"},{\"@type\":\"ListItem\",\"position\":3,\"name\":\"Memorias\",\"item\":\"https:\/\/compuviper.mx\/tienda\/categoria-producto\/memorias\/\"},{\"@type\":\"ListItem\",\"position\":4,\"name\":\"Memoria Flash Usb\",\"item\":\"https:\/\/compuviper.mx\/tienda\/categoria-producto\/memorias\/memoria-flash-usb\/\"},{\"@type\":\"ListItem\",\"position\":5,\"name\":\"Sandisk Sdcz73-128g-g46 Memoria 128gb Usb 3.0 Ultra Flair Metalica Para Mac \/ Windows 150mb\/s\"}]},{\"@type\":\"WebSite\",\"@id\":\"https:\/\/compuviper.mx\/tienda\/#website\",\"url\":\"https:\/\/compuviper.mx\/tienda\/\",\"name\":\"Compuviper\",\"description\":\"Proveedor de Computadoras, Laptops, Servidores, Monitores, Puntos de Venta, Teclados,   Impresoras, T\u00f3ner, C\u00e1maras de Seguridad y m\u00e1s en tu tienda en l\u00ednea\",\"publisher\":{\"@id\":\"https:\/\/compuviper.mx\/tienda\/#organization\"},\"potentialAction\":[{\"@type\":\"SearchAction\",\"target\":{\"@type\":\"EntryPoint\",\"urlTemplate\":\"https:\/\/compuviper.mx\/tienda\/?s={search_term_string}\"},\"query-input\":\"required name=search_term_string\"}],\"inLanguage\":\"es-MX\"},{\"@type\":\"Organization\",\"@id\":\"https:\/\/compuviper.mx\/tienda\/#organization\",\"name\":\"Compuviper\",\"url\":\"https:\/\/compuviper.mx\/tienda\/\",\"logo\":{\"@type\":\"ImageObject\",\"inLanguage\":\"es-MX\",\"@id\":\"https:\/\/compuviper.mx\/tienda\/#\/schema\/logo\/image\/\",\"url\":\"https:\/\/compuviper.mx\/tienda\/wp-content\/uploads\/2021\/08\/Logo-Compuviper-10.png\",\"contentUrl\":\"https:\/\/compuviper.mx\/tienda\/wp-content\/uploads\/2021\/08\/Logo-Compuviper-10.png\",\"width\":1000,\"height\":500,\"caption\":\"Compuviper\"},\"image\":{\"@id\":\"https:\/\/compuviper.mx\/tienda\/#\/schema\/logo\/image\/\"},\"sameAs\":[\"https:\/\/www.facebook.com\/compuviper\",\"https:\/\/www.youtube.com\/channel\/UCf73dERp9Y3cfOq7q8BhLjA?view_as=subscriber\"]}]}<\/script>\n<meta property=\"product:brand\" content=\"SANDISK\" \/>\n<meta property=\"product:price:amount\" content=\"359\" \/>\n<meta property=\"product:price:currency\" content=\"MXN\" \/>\n<meta property=\"og:availability\" content=\"instock\" \/>\n<meta property=\"product:availability\" content=\"instock\" \/>\n<meta property=\"product:retailer_item_id\" content=\"SDCZ73-128G-G46\" \/>\n<meta property=\"product:condition\" content=\"new\" \/>\n<!-- \/ Yoast SEO plugin. -->","yoast_head_json":{"title":"[ Sandisk ] &#129351; Sdcz73-128g-g46 Memoria 128gb Usb 3.0 Ultra Flair Metalica Para Mac \/ Windows 150mb\/s","description":"Compra Sdcz73-128g-g46 Memoria 128gb Usb 3.0 Ultra Flair Metalica Para Mac \/ Windows 150mb\/s + Env\u00edo a domicilio + Pago seguro + Garant\u00eda","robots":{"index":"index","follow":"follow","max-snippet":"max-snippet:-1","max-image-preview":"max-image-preview:large","max-video-preview":"max-video-preview:-1"},"canonical":"https:\/\/compuviper.mx\/tienda\/producto\/sandisk-sdcz73-128g-g46-memoria-128gb-usb-3-0-ultra-flair-metalica-para-mac-windows-150mb-s\/","og_locale":"es_MX","og_type":"article","og_title":"[ Sandisk ] &#129351; Sdcz73-128g-g46 Memoria 128gb Usb 3.0 Ultra Flair Metalica Para Mac \/ Windows 150mb\/s","og_description":"Compra Sdcz73-128g-g46 Memoria 128gb Usb 3.0 Ultra Flair Metalica Para Mac \/ Windows 150mb\/s + Env\u00edo a domicilio + Pago seguro + Garant\u00eda","og_url":"https:\/\/compuviper.mx\/tienda\/producto\/sandisk-sdcz73-128g-g46-memoria-128gb-usb-3-0-ultra-flair-metalica-para-mac-windows-150mb-s\/","og_site_name":"Compuviper","article_publisher":"https:\/\/www.facebook.com\/compuviper","article_modified_time":"2026-04-03T06:00:22+00:00","og_image":[{"width":200,"height":200,"url":"https:\/\/compuviper.mx\/tienda\/wp-content\/uploads\/2026\/03\/Memoria-sandisk-128gb-usb-3.0-ultra-flair-metalica-para-mac-windows-150mbs-sdcz73-128g-g46.jpg","type":"image\/jpeg"}],"twitter_card":"summary_large_image","twitter_misc":{"Precio":"&#36;359 con IVA","Availability":"In stock"},"schema":{"@context":"https:\/\/schema.org","@graph":[{"@type":"WebPage","@id":"https:\/\/compuviper.mx\/tienda\/producto\/sandisk-sdcz73-128g-g46-memoria-128gb-usb-3-0-ultra-flair-metalica-para-mac-windows-150mb-s\/","url":"https:\/\/compuviper.mx\/tienda\/producto\/sandisk-sdcz73-128g-g46-memoria-128gb-usb-3-0-ultra-flair-metalica-para-mac-windows-150mb-s\/","name":"[ Sandisk ] &#129351; Sdcz73-128g-g46 Memoria 128gb Usb 3.0 Ultra Flair Metalica Para Mac \/ Windows 150mb\/s","isPartOf":{"@id":"https:\/\/compuviper.mx\/tienda\/#website"},"datePublished":"2026-04-02T07:47:03+00:00","dateModified":"2026-04-03T06:00:22+00:00","description":"Compra Sdcz73-128g-g46 Memoria 128gb Usb 3.0 Ultra Flair Metalica Para Mac \/ Windows 150mb\/s + Env\u00edo a domicilio + Pago seguro + Garant\u00eda","breadcrumb":{"@id":"https:\/\/compuviper.mx\/tienda\/producto\/sandisk-sdcz73-128g-g46-memoria-128gb-usb-3-0-ultra-flair-metalica-para-mac-windows-150mb-s\/#breadcrumb"},"inLanguage":"es-MX","potentialAction":[{"@type":"ReadAction","target":["https:\/\/compuviper.mx\/tienda\/producto\/sandisk-sdcz73-128g-g46-memoria-128gb-usb-3-0-ultra-flair-metalica-para-mac-windows-150mb-s\/"]}]},{"@type":"BreadcrumbList","@id":"https:\/\/compuviper.mx\/tienda\/producto\/sandisk-sdcz73-128g-g46-memoria-128gb-usb-3-0-ultra-flair-metalica-para-mac-windows-150mb-s\/#breadcrumb","itemListElement":[{"@type":"ListItem","position":1,"name":"Inicio","item":"https:\/\/compuviper.mx\/tienda\/"},{"@type":"ListItem","position":2,"name":"Productos","item":"https:\/\/compuviper.mx\/tienda\/productos\/"},{"@type":"ListItem","position":3,"name":"Memorias","item":"https:\/\/compuviper.mx\/tienda\/categoria-producto\/memorias\/"},{"@type":"ListItem","position":4,"name":"Memoria Flash Usb","item":"https:\/\/compuviper.mx\/tienda\/categoria-producto\/memorias\/memoria-flash-usb\/"},{"@type":"ListItem","position":5,"name":"Sandisk Sdcz73-128g-g46 Memoria 128gb Usb 3.0 Ultra Flair Metalica Para Mac \/ Windows 150mb\/s"}]},{"@type":"WebSite","@id":"https:\/\/compuviper.mx\/tienda\/#website","url":"https:\/\/compuviper.mx\/tienda\/","name":"Compuviper","description":"Proveedor de Computadoras, Laptops, Servidores, Monitores, Puntos de Venta, Teclados,   Impresoras, T\u00f3ner, C\u00e1maras de Seguridad y m\u00e1s en tu tienda en l\u00ednea","publisher":{"@id":"https:\/\/compuviper.mx\/tienda\/#organization"},"potentialAction":[{"@type":"SearchAction","target":{"@type":"EntryPoint","urlTemplate":"https:\/\/compuviper.mx\/tienda\/?s={search_term_string}"},"query-input":"required name=search_term_string"}],"inLanguage":"es-MX"},{"@type":"Organization","@id":"https:\/\/compuviper.mx\/tienda\/#organization","name":"Compuviper","url":"https:\/\/compuviper.mx\/tienda\/","logo":{"@type":"ImageObject","inLanguage":"es-MX","@id":"https:\/\/compuviper.mx\/tienda\/#\/schema\/logo\/image\/","url":"https:\/\/compuviper.mx\/tienda\/wp-content\/uploads\/2021\/08\/Logo-Compuviper-10.png","contentUrl":"https:\/\/compuviper.mx\/tienda\/wp-content\/uploads\/2021\/08\/Logo-Compuviper-10.png","width":1000,"height":500,"caption":"Compuviper"},"image":{"@id":"https:\/\/compuviper.mx\/tienda\/#\/schema\/logo\/image\/"},"sameAs":["https:\/\/www.facebook.com\/compuviper","https:\/\/www.youtube.com\/channel\/UCf73dERp9Y3cfOq7q8BhLjA?view_as=subscriber"]}]},"product_brand":"SANDISK","product_price_amount":"359","product_price_currency":"MXN","og_availability":"instock","product_availability":"instock","product_retailer_item_id":"SDCZ73-128G-G46","product_condition":"new"},"_links":{"self":[{"href":"https:\/\/compuviper.mx\/tienda\/wp-json\/wp\/v2\/product\/268152"}],"collection":[{"href":"https:\/\/compuviper.mx\/tienda\/wp-json\/wp\/v2\/product"}],"about":[{"href":"https:\/\/compuviper.mx\/tienda\/wp-json\/wp\/v2\/types\/product"}],"replies":[{"embeddable":true,"href":"https:\/\/compuviper.mx\/tienda\/wp-json\/wp\/v2\/comments?post=268152"}],"wp:featuredmedia":[{"embeddable":true,"href":"https:\/\/compuviper.mx\/tienda\/wp-json\/wp\/v2\/media\/268153"}],"wp:attachment":[{"href":"https:\/\/compuviper.mx\/tienda\/wp-json\/wp\/v2\/media?parent=268152"}],"wp:term":[{"taxonomy":"product_cat","embeddable":true,"href":"https:\/\/compuviper.mx\/tienda\/wp-json\/wp\/v2\/product_cat?post=268152"},{"taxonomy":"product_tag","embeddable":true,"href":"https:\/\/compuviper.mx\/tienda\/wp-json\/wp\/v2\/product_tag?post=268152"}],"curies":[{"name":"wp","href":"https:\/\/api.w.org\/{rel}","templated":true}]}}