{"id":268141,"date":"2026-04-02T01:35:05","date_gmt":"2026-04-02T07:35:05","guid":{"rendered":"https:\/\/compuviper.mx\/tienda\/producto\/hewlett-packard-enterprise-h44zbe-hpe-3-year-tech-care-essential-dl360-dl365-gen11-smart-choice-service\/"},"modified":"2026-04-02T01:35:06","modified_gmt":"2026-04-02T07:35:06","slug":"hewlett-packard-enterprise-h44zbe-hpe-3-year-tech-care-essential-dl360-dl365-gen11-smart-choice-service","status":"publish","type":"product","link":"https:\/\/compuviper.mx\/tienda\/producto\/hewlett-packard-enterprise-h44zbe-hpe-3-year-tech-care-essential-dl360-dl365-gen11-smart-choice-service\/","title":{"rendered":"Hewlett Packard Enterprise H44zbe Hpe 3 Year Tech Care Essential Dl360\/dl365 Gen11 Smart Choice Service"},"content":{"rendered":"<table class=\"descripcion\">\n<tr>\n<td>Tipo de servicio del soporte: hpe tech care essential service<\/td>\n<\/tr>\n<tr>\n<td>Duraci\u00f3n (plazo): 3 a\u00f1os<\/td>\n<\/tr>\n<tr>\n<td>Cobertura de garant\u00eda: en garant\u00eda<\/td>\n<\/tr>\n<tr>\n<td>M\u00e9todo de servicio: soporte de hardware in situ<\/td>\n<\/tr>\n<\/table>\n","protected":false},"excerpt":{"rendered":"<p>El servicio hpe tech care es el servicio de soporte operativo para los productos de hardware y software de hpe (incluidas las versiones locales y como servicio). El servicio hpe tech care ayuda a los equipos de it a centrarse en hacer avanzar el negocio buscando de forma proactiva la manera de hacer mejor las cosas, en lugar de tener que dedicarse tan solo a reaccionar ante los problemas de forma reactiva. El servicio hpe tech care habilita el acceso directo a especialistas en productos concretos y proporciona asesoramiento t\u00e9cnico general para ayudar a los clientes no solo a reducir el riesgo, sino tambi\u00e9n a buscar nuevas formas de actuar de manera m\u00e1s eficiente. Los clientes del servicio hpe tech care pueden acceder al soporte a trav\u00e9s de diversos canales, que incluyen el tel\u00e9fono, chat en tiempo real, un registro automatizado de incidencias y foros moderados por hpe con tiempos de respuesta definidos. Los clientes obtienen acceso a recursos t\u00e9cnicos expertos con conocimientos especializados en el hardware o software, en el contexto de la carga de trabajo espec\u00edfica, lo que evita que tengan que dedicar tiempo a responder a preguntas de triaje o sobre si quien llama es la persona adecuada para solicitar el servicio. El servicio hpe tech care va m\u00e1s all\u00e1 del soporte tradicional al ofrecer asesoramiento t\u00e9cnico general para el funcionamiento, la gesti\u00f3n y la seguridad del producto cubierto. Adem\u00e1s del soporte t\u00e9cnico tradicional, el servicio hpe tech care incluye acceso al portal de servicios hpe, una experiencia digital personalizada y mejorada que ofrece datos procesables sobre los productos, casos de servicio y contratos de soporte de hpe cubiertos por el servicio hpe tech care. Los clientes pueden gestionar f\u00e1cilmente sus activos al reconocer los distintos productos instalados en sus entornos y c\u00f3mo interact\u00faan entre s\u00ed. Las nuevas herramientas de autoservicio permiten a los clientes realizar determinadas actividades sin necesidad de abrir una incidencia de soporte, y les proporcionan, adem\u00e1s, un portal de recursos de conocimiento supervisados. El servicio hpe tech care proporciona acceso a los recursos de hpe, que impulsan la excelencia de las operaciones y optimizan el rendimiento, del extremo a la nube.<\/p>\n","protected":false},"featured_media":0,"comment_status":"open","ping_status":"open","template":"","meta":[],"product_cat":[1982,1983],"product_tag":[1568],"acf":[],"yoast_head":"<!-- This site is optimized with the Yoast SEO plugin v21.7 - https:\/\/yoast.com\/wordpress\/plugins\/seo\/ -->\n<title>[ Hewlett Packard Enterprise ] &#129351; H44zbe Hpe 3 Year Tech Care Essential Dl360\/dl365 Gen11 Smart Choice Service<\/title>\n<meta name=\"description\" content=\"Compra H44zbe Hpe 3 Year Tech Care Essential Dl360\/dl365 Gen11 Smart Choice Service + Env\u00edo a domicilio + Pago seguro + Garant\u00eda\" \/>\n<meta name=\"robots\" content=\"index, follow, max-snippet:-1, max-image-preview:large, max-video-preview:-1\" \/>\n<link rel=\"canonical\" href=\"https:\/\/compuviper.mx\/tienda\/producto\/hewlett-packard-enterprise-h44zbe-hpe-3-year-tech-care-essential-dl360-dl365-gen11-smart-choice-service\/\" \/>\n<meta property=\"og:locale\" content=\"es_MX\" \/>\n<meta property=\"og:type\" content=\"article\" \/>\n<meta property=\"og:title\" content=\"[ Hewlett Packard Enterprise ] &#129351; H44zbe Hpe 3 Year Tech Care Essential Dl360\/dl365 Gen11 Smart Choice Service\" \/>\n<meta property=\"og:description\" content=\"Compra H44zbe Hpe 3 Year Tech Care Essential Dl360\/dl365 Gen11 Smart Choice Service + Env\u00edo a domicilio + Pago seguro + Garant\u00eda\" \/>\n<meta property=\"og:url\" content=\"https:\/\/compuviper.mx\/tienda\/producto\/hewlett-packard-enterprise-h44zbe-hpe-3-year-tech-care-essential-dl360-dl365-gen11-smart-choice-service\/\" \/>\n<meta property=\"og:site_name\" content=\"Compuviper\" \/>\n<meta property=\"article:publisher\" content=\"https:\/\/www.facebook.com\/compuviper\" \/>\n<meta property=\"article:modified_time\" content=\"2026-04-02T07:35:06+00:00\" \/>\n<meta name=\"twitter:card\" content=\"summary_large_image\" \/>\n<meta name=\"twitter:label1\" content=\"Precio\" \/>\n\t<meta name=\"twitter:data1\" content=\"&#36;19,210 con IVA\" \/>\n\t<meta name=\"twitter:label2\" content=\"Availability\" \/>\n\t<meta name=\"twitter:data2\" content=\"On backorder\" \/>\n<script type=\"application\/ld+json\" class=\"yoast-schema-graph\">{\"@context\":\"https:\/\/schema.org\",\"@graph\":[{\"@type\":\"WebPage\",\"@id\":\"https:\/\/compuviper.mx\/tienda\/producto\/hewlett-packard-enterprise-h44zbe-hpe-3-year-tech-care-essential-dl360-dl365-gen11-smart-choice-service\/\",\"url\":\"https:\/\/compuviper.mx\/tienda\/producto\/hewlett-packard-enterprise-h44zbe-hpe-3-year-tech-care-essential-dl360-dl365-gen11-smart-choice-service\/\",\"name\":\"[ Hewlett Packard Enterprise ] &#129351; H44zbe Hpe 3 Year Tech Care Essential Dl360\/dl365 Gen11 Smart Choice Service\",\"isPartOf\":{\"@id\":\"https:\/\/compuviper.mx\/tienda\/#website\"},\"datePublished\":\"2026-04-02T07:35:05+00:00\",\"dateModified\":\"2026-04-02T07:35:06+00:00\",\"description\":\"Compra H44zbe Hpe 3 Year Tech Care Essential Dl360\/dl365 Gen11 Smart Choice Service + Env\u00edo a domicilio + Pago seguro + Garant\u00eda\",\"breadcrumb\":{\"@id\":\"https:\/\/compuviper.mx\/tienda\/producto\/hewlett-packard-enterprise-h44zbe-hpe-3-year-tech-care-essential-dl360-dl365-gen11-smart-choice-service\/#breadcrumb\"},\"inLanguage\":\"es-MX\",\"potentialAction\":[{\"@type\":\"ReadAction\",\"target\":[\"https:\/\/compuviper.mx\/tienda\/producto\/hewlett-packard-enterprise-h44zbe-hpe-3-year-tech-care-essential-dl360-dl365-gen11-smart-choice-service\/\"]}]},{\"@type\":\"BreadcrumbList\",\"@id\":\"https:\/\/compuviper.mx\/tienda\/producto\/hewlett-packard-enterprise-h44zbe-hpe-3-year-tech-care-essential-dl360-dl365-gen11-smart-choice-service\/#breadcrumb\",\"itemListElement\":[{\"@type\":\"ListItem\",\"position\":1,\"name\":\"Inicio\",\"item\":\"https:\/\/compuviper.mx\/tienda\/\"},{\"@type\":\"ListItem\",\"position\":2,\"name\":\"Productos\",\"item\":\"https:\/\/compuviper.mx\/tienda\/productos\/\"},{\"@type\":\"ListItem\",\"position\":3,\"name\":\"Poliza De Servicio\",\"item\":\"https:\/\/compuviper.mx\/tienda\/categoria-producto\/poliza-de-servicio\/\"},{\"@type\":\"ListItem\",\"position\":4,\"name\":\"Sin Categor\u00eda\",\"item\":\"https:\/\/compuviper.mx\/tienda\/categoria-producto\/poliza-de-servicio\/sin-categoria-poliza-de-servicio\/\"},{\"@type\":\"ListItem\",\"position\":5,\"name\":\"Hewlett Packard Enterprise H44zbe Hpe 3 Year Tech Care Essential Dl360\/dl365 Gen11 Smart Choice Service\"}]},{\"@type\":\"WebSite\",\"@id\":\"https:\/\/compuviper.mx\/tienda\/#website\",\"url\":\"https:\/\/compuviper.mx\/tienda\/\",\"name\":\"Compuviper\",\"description\":\"Proveedor de Computadoras, Laptops, Servidores, Monitores, Puntos de Venta, Teclados,   Impresoras, T\u00f3ner, C\u00e1maras de Seguridad y m\u00e1s en tu tienda en l\u00ednea\",\"publisher\":{\"@id\":\"https:\/\/compuviper.mx\/tienda\/#organization\"},\"potentialAction\":[{\"@type\":\"SearchAction\",\"target\":{\"@type\":\"EntryPoint\",\"urlTemplate\":\"https:\/\/compuviper.mx\/tienda\/?s={search_term_string}\"},\"query-input\":\"required name=search_term_string\"}],\"inLanguage\":\"es-MX\"},{\"@type\":\"Organization\",\"@id\":\"https:\/\/compuviper.mx\/tienda\/#organization\",\"name\":\"Compuviper\",\"url\":\"https:\/\/compuviper.mx\/tienda\/\",\"logo\":{\"@type\":\"ImageObject\",\"inLanguage\":\"es-MX\",\"@id\":\"https:\/\/compuviper.mx\/tienda\/#\/schema\/logo\/image\/\",\"url\":\"https:\/\/compuviper.mx\/tienda\/wp-content\/uploads\/2021\/08\/Logo-Compuviper-10.png\",\"contentUrl\":\"https:\/\/compuviper.mx\/tienda\/wp-content\/uploads\/2021\/08\/Logo-Compuviper-10.png\",\"width\":1000,\"height\":500,\"caption\":\"Compuviper\"},\"image\":{\"@id\":\"https:\/\/compuviper.mx\/tienda\/#\/schema\/logo\/image\/\"},\"sameAs\":[\"https:\/\/www.facebook.com\/compuviper\",\"https:\/\/www.youtube.com\/channel\/UCf73dERp9Y3cfOq7q8BhLjA?view_as=subscriber\"]}]}<\/script>\n<meta property=\"product:brand\" content=\"HEWLETT PACKARD ENTERPRISE\" \/>\n<meta property=\"product:price:amount\" content=\"19210\" \/>\n<meta property=\"product:price:currency\" content=\"MXN\" \/>\n<meta property=\"og:availability\" content=\"backorder\" \/>\n<meta property=\"product:availability\" content=\"available for order\" \/>\n<meta property=\"product:retailer_item_id\" content=\"H44ZBE\" \/>\n<meta property=\"product:condition\" content=\"new\" \/>\n<!-- \/ Yoast SEO plugin. -->","yoast_head_json":{"title":"[ Hewlett Packard Enterprise ] &#129351; H44zbe Hpe 3 Year Tech Care Essential Dl360\/dl365 Gen11 Smart Choice Service","description":"Compra H44zbe Hpe 3 Year Tech Care Essential Dl360\/dl365 Gen11 Smart Choice Service + Env\u00edo a domicilio + Pago seguro + Garant\u00eda","robots":{"index":"index","follow":"follow","max-snippet":"max-snippet:-1","max-image-preview":"max-image-preview:large","max-video-preview":"max-video-preview:-1"},"canonical":"https:\/\/compuviper.mx\/tienda\/producto\/hewlett-packard-enterprise-h44zbe-hpe-3-year-tech-care-essential-dl360-dl365-gen11-smart-choice-service\/","og_locale":"es_MX","og_type":"article","og_title":"[ Hewlett Packard Enterprise ] &#129351; H44zbe Hpe 3 Year Tech Care Essential Dl360\/dl365 Gen11 Smart Choice Service","og_description":"Compra H44zbe Hpe 3 Year Tech Care Essential Dl360\/dl365 Gen11 Smart Choice Service + Env\u00edo a domicilio + Pago seguro + Garant\u00eda","og_url":"https:\/\/compuviper.mx\/tienda\/producto\/hewlett-packard-enterprise-h44zbe-hpe-3-year-tech-care-essential-dl360-dl365-gen11-smart-choice-service\/","og_site_name":"Compuviper","article_publisher":"https:\/\/www.facebook.com\/compuviper","article_modified_time":"2026-04-02T07:35:06+00:00","twitter_card":"summary_large_image","twitter_misc":{"Precio":"&#36;19,210 con IVA","Availability":"On backorder"},"schema":{"@context":"https:\/\/schema.org","@graph":[{"@type":"WebPage","@id":"https:\/\/compuviper.mx\/tienda\/producto\/hewlett-packard-enterprise-h44zbe-hpe-3-year-tech-care-essential-dl360-dl365-gen11-smart-choice-service\/","url":"https:\/\/compuviper.mx\/tienda\/producto\/hewlett-packard-enterprise-h44zbe-hpe-3-year-tech-care-essential-dl360-dl365-gen11-smart-choice-service\/","name":"[ Hewlett Packard Enterprise ] &#129351; H44zbe Hpe 3 Year Tech Care Essential Dl360\/dl365 Gen11 Smart Choice Service","isPartOf":{"@id":"https:\/\/compuviper.mx\/tienda\/#website"},"datePublished":"2026-04-02T07:35:05+00:00","dateModified":"2026-04-02T07:35:06+00:00","description":"Compra H44zbe Hpe 3 Year Tech Care Essential Dl360\/dl365 Gen11 Smart Choice Service + Env\u00edo a domicilio + Pago seguro + Garant\u00eda","breadcrumb":{"@id":"https:\/\/compuviper.mx\/tienda\/producto\/hewlett-packard-enterprise-h44zbe-hpe-3-year-tech-care-essential-dl360-dl365-gen11-smart-choice-service\/#breadcrumb"},"inLanguage":"es-MX","potentialAction":[{"@type":"ReadAction","target":["https:\/\/compuviper.mx\/tienda\/producto\/hewlett-packard-enterprise-h44zbe-hpe-3-year-tech-care-essential-dl360-dl365-gen11-smart-choice-service\/"]}]},{"@type":"BreadcrumbList","@id":"https:\/\/compuviper.mx\/tienda\/producto\/hewlett-packard-enterprise-h44zbe-hpe-3-year-tech-care-essential-dl360-dl365-gen11-smart-choice-service\/#breadcrumb","itemListElement":[{"@type":"ListItem","position":1,"name":"Inicio","item":"https:\/\/compuviper.mx\/tienda\/"},{"@type":"ListItem","position":2,"name":"Productos","item":"https:\/\/compuviper.mx\/tienda\/productos\/"},{"@type":"ListItem","position":3,"name":"Poliza De Servicio","item":"https:\/\/compuviper.mx\/tienda\/categoria-producto\/poliza-de-servicio\/"},{"@type":"ListItem","position":4,"name":"Sin Categor\u00eda","item":"https:\/\/compuviper.mx\/tienda\/categoria-producto\/poliza-de-servicio\/sin-categoria-poliza-de-servicio\/"},{"@type":"ListItem","position":5,"name":"Hewlett Packard Enterprise H44zbe Hpe 3 Year Tech Care Essential Dl360\/dl365 Gen11 Smart Choice Service"}]},{"@type":"WebSite","@id":"https:\/\/compuviper.mx\/tienda\/#website","url":"https:\/\/compuviper.mx\/tienda\/","name":"Compuviper","description":"Proveedor de Computadoras, Laptops, Servidores, Monitores, Puntos de Venta, Teclados,   Impresoras, T\u00f3ner, C\u00e1maras de Seguridad y m\u00e1s en tu tienda en l\u00ednea","publisher":{"@id":"https:\/\/compuviper.mx\/tienda\/#organization"},"potentialAction":[{"@type":"SearchAction","target":{"@type":"EntryPoint","urlTemplate":"https:\/\/compuviper.mx\/tienda\/?s={search_term_string}"},"query-input":"required name=search_term_string"}],"inLanguage":"es-MX"},{"@type":"Organization","@id":"https:\/\/compuviper.mx\/tienda\/#organization","name":"Compuviper","url":"https:\/\/compuviper.mx\/tienda\/","logo":{"@type":"ImageObject","inLanguage":"es-MX","@id":"https:\/\/compuviper.mx\/tienda\/#\/schema\/logo\/image\/","url":"https:\/\/compuviper.mx\/tienda\/wp-content\/uploads\/2021\/08\/Logo-Compuviper-10.png","contentUrl":"https:\/\/compuviper.mx\/tienda\/wp-content\/uploads\/2021\/08\/Logo-Compuviper-10.png","width":1000,"height":500,"caption":"Compuviper"},"image":{"@id":"https:\/\/compuviper.mx\/tienda\/#\/schema\/logo\/image\/"},"sameAs":["https:\/\/www.facebook.com\/compuviper","https:\/\/www.youtube.com\/channel\/UCf73dERp9Y3cfOq7q8BhLjA?view_as=subscriber"]}]},"product_brand":"HEWLETT PACKARD ENTERPRISE","product_price_amount":"19210","product_price_currency":"MXN","og_availability":"backorder","product_availability":"available for order","product_retailer_item_id":"H44ZBE","product_condition":"new"},"_links":{"self":[{"href":"https:\/\/compuviper.mx\/tienda\/wp-json\/wp\/v2\/product\/268141"}],"collection":[{"href":"https:\/\/compuviper.mx\/tienda\/wp-json\/wp\/v2\/product"}],"about":[{"href":"https:\/\/compuviper.mx\/tienda\/wp-json\/wp\/v2\/types\/product"}],"replies":[{"embeddable":true,"href":"https:\/\/compuviper.mx\/tienda\/wp-json\/wp\/v2\/comments?post=268141"}],"wp:attachment":[{"href":"https:\/\/compuviper.mx\/tienda\/wp-json\/wp\/v2\/media?parent=268141"}],"wp:term":[{"taxonomy":"product_cat","embeddable":true,"href":"https:\/\/compuviper.mx\/tienda\/wp-json\/wp\/v2\/product_cat?post=268141"},{"taxonomy":"product_tag","embeddable":true,"href":"https:\/\/compuviper.mx\/tienda\/wp-json\/wp\/v2\/product_tag?post=268141"}],"curies":[{"name":"wp","href":"https:\/\/api.w.org\/{rel}","templated":true}]}}