{"id":268139,"date":"2026-04-02T01:31:30","date_gmt":"2026-04-02T07:31:30","guid":{"rendered":"https:\/\/compuviper.mx\/tienda\/producto\/dell-4hpf7-todo-en-uno-aio-pro-24-ai-pc-intel-core-ultra-5-235t-13-tops-16-gb-ddr5-512-gb-ssd-pantalla-23-8-teclado-y-mouse-win-11-pro-3-aos-de-garantia-en-sitio-negro\/"},"modified":"2026-04-02T01:31:30","modified_gmt":"2026-04-02T07:31:30","slug":"dell-4hpf7-todo-en-uno-aio-pro-24-ai-pc-intel-core-ultra-5-235t-13-tops-16-gb-ddr5-512-gb-ssd-pantalla-23-8-teclado-y-mouse-win-11-pro-3-aos-de-garantia-en-sitio-negro","status":"publish","type":"product","link":"https:\/\/compuviper.mx\/tienda\/producto\/dell-4hpf7-todo-en-uno-aio-pro-24-ai-pc-intel-core-ultra-5-235t-13-tops-16-gb-ddr5-512-gb-ssd-pantalla-23-8-teclado-y-mouse-win-11-pro-3-aos-de-garantia-en-sitio-negro\/","title":{"rendered":"Dell 4hpf7 Todo En Uno Aio  Pro 24 | Ai Pc |  Intel Core Ultra 5 235t (13 Tops)  | 16 Gb Ddr5 | 512 Gb Ssd | Pantalla 23.8 | Teclado Y Mouse | Win 11 Pro | 3 A?os De Garantia En Sitio | Negro |"},"content":{"rendered":"<table class=\"descripcion\">\n<tr>\n<td>Base: dell pro 24 todo en uno qc24251<\/td>\n<\/tr>\n<tr>\n<td>Procesador: intel core ultra 5 235t (npu de 13 tops, 14 n\u00facleos, hasta 5,0 ghz)<\/td>\n<\/tr>\n<tr>\n<td>Sistema operativo: windows 11 pro<\/td>\n<\/tr>\n<tr>\n<td>Memoria ram: 16 gb ddr5 hasta 5600 mt\/s<\/td>\n<\/tr>\n<tr>\n<td>Almacenamiento: ssd de 512 gb<\/td>\n<\/tr>\n<tr>\n<td>Pantalla: 23,8 pulgadas, sin funci\u00f3n t\u00e1ctil, fhd, 100 hz<\/td>\n<\/tr>\n<tr>\n<td>C\u00e1mara: c\u00e1mara fhd hdr integrada<\/td>\n<\/tr>\n<tr>\n<td>Gr\u00e1ficos: gr\u00e1ficos integrados<\/td>\n<\/tr>\n<tr>\n<td>Conectividad: wi-fi 6e ax211 y bluetooth<\/td>\n<\/tr>\n<tr>\n<td>Teclado y mouse: teclado con cable (espa\u00f1ol) y mouse con cable negro<\/td>\n<\/tr>\n<tr>\n<td>Puertos: usb tipo c (10 gbps), usb 3.2 con powershare y displayport 1.4a<\/td>\n<\/tr>\n<tr>\n<td>Energ\u00eda: fuente de poder de 130 w<\/td>\n<\/tr>\n<tr>\n<td>Garant\u00eda y soporte: 3 a\u00f1os de servicio de hardware en el sitio despu\u00e9s del diagn\u00f3stico remoto<\/td>\n<\/tr>\n<\/table>\n","protected":false},"excerpt":{"rendered":"<p>Dell pro 24 todo en uno: rendimiento de nueva generaci\u00f3n con inteligencia artificial y pantalla ultra fluida de 100 hz. Este sistema todo en uno de 23,8 pulgadas representa el futuro de la productividad en el escritorio profesional. Al estar equipado con el procesador intel core ultra 5, incluye una unidad de procesamiento neural (npu) de 13 tops dedicada espec\u00edficamente a acelerar tareas de inteligencia artificial, lo que se traduce en un menor consumo de energ\u00eda y mayor velocidad en aplicaciones modernas. Su pantalla eleva la experiencia visual al ofrecer una tasa de refresco de 100 hz, mostrando animaciones y desplazamientos mucho m\u00e1s suaves que reducen la fatiga visual durante largas jornadas de trabajo. Con un almacenamiento de 512 gb y 16 gb de memoria ram ddr5, este equipo est\u00e1 listo para la multitarea exigente. Adem\u00e1s, su c\u00e1mara fhd hdr garantiza videoconferencias claras en cualquier iluminaci\u00f3n y cuenta con el respaldo de 3 a\u00f1os de garant\u00eda en el sitio.<\/p>\n","protected":false},"featured_media":0,"comment_status":"open","ping_status":"open","template":"","meta":[],"product_cat":[1977,1971],"product_tag":[1537],"acf":[],"yoast_head":"<!-- This site is optimized with the Yoast SEO plugin v21.7 - https:\/\/yoast.com\/wordpress\/plugins\/seo\/ -->\n<title>[ Dell ] &#129351; 4hpf7 Todo En Uno Aio Pro 24 | Ai Pc | Intel Core Ultra 5 235t (13 Tops) | 16 Gb Ddr5 | 512 Gb Ssd | Pantalla 23.8 | Teclado Y Mouse | Win 11 Pro | 3 A\u00f1os De Garantia En Sitio | Negro |<\/title>\n<meta name=\"description\" content=\"Compra 4hpf7 Todo En Uno Aio Pro 24 | Ai Pc | Intel Core Ultra 5 235t (13 Tops) | 16 Gb Ddr5 | 512 Gb Ssd | Pantalla 23.8 | Teclado Y Mouse | Win 11 Pro | 3 A\u00f1os De Garantia En Sitio | Negro | + Env\u00edo a domicilio + Pago seguro + Garant\u00eda\" \/>\n<meta name=\"robots\" content=\"index, follow, max-snippet:-1, max-image-preview:large, max-video-preview:-1\" \/>\n<link rel=\"canonical\" href=\"https:\/\/compuviper.mx\/tienda\/producto\/dell-4hpf7-todo-en-uno-aio-pro-24-ai-pc-intel-core-ultra-5-235t-13-tops-16-gb-ddr5-512-gb-ssd-pantalla-23-8-teclado-y-mouse-win-11-pro-3-aos-de-garantia-en-sitio-negro\/\" \/>\n<meta property=\"og:locale\" content=\"es_MX\" \/>\n<meta property=\"og:type\" content=\"article\" \/>\n<meta property=\"og:title\" content=\"[ Dell ] &#129351; 4hpf7 Todo En Uno Aio Pro 24 | Ai Pc | Intel Core Ultra 5 235t (13 Tops) | 16 Gb Ddr5 | 512 Gb Ssd | Pantalla 23.8 | Teclado Y Mouse | Win 11 Pro | 3 A\u00f1os De Garantia En Sitio | Negro |\" \/>\n<meta property=\"og:description\" content=\"Compra 4hpf7 Todo En Uno Aio Pro 24 | Ai Pc | Intel Core Ultra 5 235t (13 Tops) | 16 Gb Ddr5 | 512 Gb Ssd | Pantalla 23.8 | Teclado Y Mouse | Win 11 Pro | 3 A\u00f1os De Garantia En Sitio | Negro | + Env\u00edo a domicilio + Pago seguro + Garant\u00eda\" \/>\n<meta property=\"og:url\" content=\"https:\/\/compuviper.mx\/tienda\/producto\/dell-4hpf7-todo-en-uno-aio-pro-24-ai-pc-intel-core-ultra-5-235t-13-tops-16-gb-ddr5-512-gb-ssd-pantalla-23-8-teclado-y-mouse-win-11-pro-3-aos-de-garantia-en-sitio-negro\/\" \/>\n<meta property=\"og:site_name\" content=\"Compuviper\" \/>\n<meta property=\"article:publisher\" content=\"https:\/\/www.facebook.com\/compuviper\" \/>\n<meta name=\"twitter:card\" content=\"summary_large_image\" \/>\n<meta name=\"twitter:label1\" content=\"Precio\" \/>\n\t<meta name=\"twitter:data1\" content=\"&#36;22,161 con IVA\" \/>\n\t<meta name=\"twitter:label2\" content=\"Availability\" \/>\n\t<meta name=\"twitter:data2\" content=\"Out of stock\" \/>\n<script type=\"application\/ld+json\" class=\"yoast-schema-graph\">{\"@context\":\"https:\/\/schema.org\",\"@graph\":[{\"@type\":\"WebPage\",\"@id\":\"https:\/\/compuviper.mx\/tienda\/producto\/dell-4hpf7-todo-en-uno-aio-pro-24-ai-pc-intel-core-ultra-5-235t-13-tops-16-gb-ddr5-512-gb-ssd-pantalla-23-8-teclado-y-mouse-win-11-pro-3-aos-de-garantia-en-sitio-negro\/\",\"url\":\"https:\/\/compuviper.mx\/tienda\/producto\/dell-4hpf7-todo-en-uno-aio-pro-24-ai-pc-intel-core-ultra-5-235t-13-tops-16-gb-ddr5-512-gb-ssd-pantalla-23-8-teclado-y-mouse-win-11-pro-3-aos-de-garantia-en-sitio-negro\/\",\"name\":\"[ Dell ] &#129351; 4hpf7 Todo En Uno Aio Pro 24 | Ai Pc | Intel Core Ultra 5 235t (13 Tops) | 16 Gb Ddr5 | 512 Gb Ssd | Pantalla 23.8 | Teclado Y Mouse | Win 11 Pro | 3 A\u00f1os De Garantia En Sitio | Negro |\",\"isPartOf\":{\"@id\":\"https:\/\/compuviper.mx\/tienda\/#website\"},\"datePublished\":\"2026-04-02T07:31:30+00:00\",\"dateModified\":\"2026-04-02T07:31:30+00:00\",\"description\":\"Compra 4hpf7 Todo En Uno Aio Pro 24 | Ai Pc | Intel Core Ultra 5 235t (13 Tops) | 16 Gb Ddr5 | 512 Gb Ssd | Pantalla 23.8 | Teclado Y Mouse | Win 11 Pro | 3 A\u00f1os De Garantia En Sitio | Negro | + Env\u00edo a domicilio + Pago seguro + Garant\u00eda\",\"breadcrumb\":{\"@id\":\"https:\/\/compuviper.mx\/tienda\/producto\/dell-4hpf7-todo-en-uno-aio-pro-24-ai-pc-intel-core-ultra-5-235t-13-tops-16-gb-ddr5-512-gb-ssd-pantalla-23-8-teclado-y-mouse-win-11-pro-3-aos-de-garantia-en-sitio-negro\/#breadcrumb\"},\"inLanguage\":\"es-MX\",\"potentialAction\":[{\"@type\":\"ReadAction\",\"target\":[\"https:\/\/compuviper.mx\/tienda\/producto\/dell-4hpf7-todo-en-uno-aio-pro-24-ai-pc-intel-core-ultra-5-235t-13-tops-16-gb-ddr5-512-gb-ssd-pantalla-23-8-teclado-y-mouse-win-11-pro-3-aos-de-garantia-en-sitio-negro\/\"]}]},{\"@type\":\"BreadcrumbList\",\"@id\":\"https:\/\/compuviper.mx\/tienda\/producto\/dell-4hpf7-todo-en-uno-aio-pro-24-ai-pc-intel-core-ultra-5-235t-13-tops-16-gb-ddr5-512-gb-ssd-pantalla-23-8-teclado-y-mouse-win-11-pro-3-aos-de-garantia-en-sitio-negro\/#breadcrumb\",\"itemListElement\":[{\"@type\":\"ListItem\",\"position\":1,\"name\":\"Inicio\",\"item\":\"https:\/\/compuviper.mx\/tienda\/\"},{\"@type\":\"ListItem\",\"position\":2,\"name\":\"Productos\",\"item\":\"https:\/\/compuviper.mx\/tienda\/productos\/\"},{\"@type\":\"ListItem\",\"position\":3,\"name\":\"Computadoras\",\"item\":\"https:\/\/compuviper.mx\/tienda\/categoria-producto\/computadoras\/\"},{\"@type\":\"ListItem\",\"position\":4,\"name\":\"All In One\",\"item\":\"https:\/\/compuviper.mx\/tienda\/categoria-producto\/computadoras\/all-in-one-computadoras\/\"},{\"@type\":\"ListItem\",\"position\":5,\"name\":\"Dell 4hpf7 Todo En Uno Aio Pro 24 | Ai Pc | Intel Core Ultra 5 235t (13 Tops) | 16 Gb Ddr5 | 512 Gb Ssd | Pantalla 23.8 | Teclado Y Mouse | Win 11 Pro | 3 A?os De Garantia En Sitio | Negro |\"}]},{\"@type\":\"WebSite\",\"@id\":\"https:\/\/compuviper.mx\/tienda\/#website\",\"url\":\"https:\/\/compuviper.mx\/tienda\/\",\"name\":\"Compuviper\",\"description\":\"Proveedor de Computadoras, Laptops, Servidores, Monitores, Puntos de Venta, Teclados,   Impresoras, T\u00f3ner, C\u00e1maras de Seguridad y m\u00e1s en tu tienda en l\u00ednea\",\"publisher\":{\"@id\":\"https:\/\/compuviper.mx\/tienda\/#organization\"},\"potentialAction\":[{\"@type\":\"SearchAction\",\"target\":{\"@type\":\"EntryPoint\",\"urlTemplate\":\"https:\/\/compuviper.mx\/tienda\/?s={search_term_string}\"},\"query-input\":\"required name=search_term_string\"}],\"inLanguage\":\"es-MX\"},{\"@type\":\"Organization\",\"@id\":\"https:\/\/compuviper.mx\/tienda\/#organization\",\"name\":\"Compuviper\",\"url\":\"https:\/\/compuviper.mx\/tienda\/\",\"logo\":{\"@type\":\"ImageObject\",\"inLanguage\":\"es-MX\",\"@id\":\"https:\/\/compuviper.mx\/tienda\/#\/schema\/logo\/image\/\",\"url\":\"https:\/\/compuviper.mx\/tienda\/wp-content\/uploads\/2021\/08\/Logo-Compuviper-10.png\",\"contentUrl\":\"https:\/\/compuviper.mx\/tienda\/wp-content\/uploads\/2021\/08\/Logo-Compuviper-10.png\",\"width\":1000,\"height\":500,\"caption\":\"Compuviper\"},\"image\":{\"@id\":\"https:\/\/compuviper.mx\/tienda\/#\/schema\/logo\/image\/\"},\"sameAs\":[\"https:\/\/www.facebook.com\/compuviper\",\"https:\/\/www.youtube.com\/channel\/UCf73dERp9Y3cfOq7q8BhLjA?view_as=subscriber\"]}]}<\/script>\n<meta property=\"product:brand\" content=\"DELL\" \/>\n<meta property=\"product:price:amount\" content=\"22161\" \/>\n<meta property=\"product:price:currency\" content=\"MXN\" \/>\n<meta property=\"og:availability\" content=\"out of stock\" \/>\n<meta property=\"product:availability\" content=\"out of stock\" \/>\n<meta property=\"product:retailer_item_id\" content=\"4HPF7\" \/>\n<meta property=\"product:condition\" content=\"new\" \/>\n<!-- \/ Yoast SEO plugin. -->","yoast_head_json":{"title":"[ Dell ] &#129351; 4hpf7 Todo En Uno Aio Pro 24 | Ai Pc | Intel Core Ultra 5 235t (13 Tops) | 16 Gb Ddr5 | 512 Gb Ssd | Pantalla 23.8 | Teclado Y Mouse | Win 11 Pro | 3 A\u00f1os De Garantia En Sitio | Negro |","description":"Compra 4hpf7 Todo En Uno Aio Pro 24 | Ai Pc | Intel Core Ultra 5 235t (13 Tops) | 16 Gb Ddr5 | 512 Gb Ssd | Pantalla 23.8 | Teclado Y Mouse | Win 11 Pro | 3 A\u00f1os De Garantia En Sitio | Negro | + Env\u00edo a domicilio + Pago seguro + Garant\u00eda","robots":{"index":"index","follow":"follow","max-snippet":"max-snippet:-1","max-image-preview":"max-image-preview:large","max-video-preview":"max-video-preview:-1"},"canonical":"https:\/\/compuviper.mx\/tienda\/producto\/dell-4hpf7-todo-en-uno-aio-pro-24-ai-pc-intel-core-ultra-5-235t-13-tops-16-gb-ddr5-512-gb-ssd-pantalla-23-8-teclado-y-mouse-win-11-pro-3-aos-de-garantia-en-sitio-negro\/","og_locale":"es_MX","og_type":"article","og_title":"[ Dell ] &#129351; 4hpf7 Todo En Uno Aio Pro 24 | Ai Pc | Intel Core Ultra 5 235t (13 Tops) | 16 Gb Ddr5 | 512 Gb Ssd | Pantalla 23.8 | Teclado Y Mouse | Win 11 Pro | 3 A\u00f1os De Garantia En Sitio | Negro |","og_description":"Compra 4hpf7 Todo En Uno Aio Pro 24 | Ai Pc | Intel Core Ultra 5 235t (13 Tops) | 16 Gb Ddr5 | 512 Gb Ssd | Pantalla 23.8 | Teclado Y Mouse | Win 11 Pro | 3 A\u00f1os De Garantia En Sitio | Negro | + Env\u00edo a domicilio + Pago seguro + Garant\u00eda","og_url":"https:\/\/compuviper.mx\/tienda\/producto\/dell-4hpf7-todo-en-uno-aio-pro-24-ai-pc-intel-core-ultra-5-235t-13-tops-16-gb-ddr5-512-gb-ssd-pantalla-23-8-teclado-y-mouse-win-11-pro-3-aos-de-garantia-en-sitio-negro\/","og_site_name":"Compuviper","article_publisher":"https:\/\/www.facebook.com\/compuviper","twitter_card":"summary_large_image","twitter_misc":{"Precio":"&#36;22,161 con IVA","Availability":"Out of stock"},"schema":{"@context":"https:\/\/schema.org","@graph":[{"@type":"WebPage","@id":"https:\/\/compuviper.mx\/tienda\/producto\/dell-4hpf7-todo-en-uno-aio-pro-24-ai-pc-intel-core-ultra-5-235t-13-tops-16-gb-ddr5-512-gb-ssd-pantalla-23-8-teclado-y-mouse-win-11-pro-3-aos-de-garantia-en-sitio-negro\/","url":"https:\/\/compuviper.mx\/tienda\/producto\/dell-4hpf7-todo-en-uno-aio-pro-24-ai-pc-intel-core-ultra-5-235t-13-tops-16-gb-ddr5-512-gb-ssd-pantalla-23-8-teclado-y-mouse-win-11-pro-3-aos-de-garantia-en-sitio-negro\/","name":"[ Dell ] &#129351; 4hpf7 Todo En Uno Aio Pro 24 | Ai Pc | Intel Core Ultra 5 235t (13 Tops) | 16 Gb Ddr5 | 512 Gb Ssd | Pantalla 23.8 | Teclado Y Mouse | Win 11 Pro | 3 A\u00f1os De Garantia En Sitio | Negro |","isPartOf":{"@id":"https:\/\/compuviper.mx\/tienda\/#website"},"datePublished":"2026-04-02T07:31:30+00:00","dateModified":"2026-04-02T07:31:30+00:00","description":"Compra 4hpf7 Todo En Uno Aio Pro 24 | Ai Pc | Intel Core Ultra 5 235t (13 Tops) | 16 Gb Ddr5 | 512 Gb Ssd | Pantalla 23.8 | Teclado Y Mouse | Win 11 Pro | 3 A\u00f1os De Garantia En Sitio | Negro | + Env\u00edo a domicilio + Pago seguro + Garant\u00eda","breadcrumb":{"@id":"https:\/\/compuviper.mx\/tienda\/producto\/dell-4hpf7-todo-en-uno-aio-pro-24-ai-pc-intel-core-ultra-5-235t-13-tops-16-gb-ddr5-512-gb-ssd-pantalla-23-8-teclado-y-mouse-win-11-pro-3-aos-de-garantia-en-sitio-negro\/#breadcrumb"},"inLanguage":"es-MX","potentialAction":[{"@type":"ReadAction","target":["https:\/\/compuviper.mx\/tienda\/producto\/dell-4hpf7-todo-en-uno-aio-pro-24-ai-pc-intel-core-ultra-5-235t-13-tops-16-gb-ddr5-512-gb-ssd-pantalla-23-8-teclado-y-mouse-win-11-pro-3-aos-de-garantia-en-sitio-negro\/"]}]},{"@type":"BreadcrumbList","@id":"https:\/\/compuviper.mx\/tienda\/producto\/dell-4hpf7-todo-en-uno-aio-pro-24-ai-pc-intel-core-ultra-5-235t-13-tops-16-gb-ddr5-512-gb-ssd-pantalla-23-8-teclado-y-mouse-win-11-pro-3-aos-de-garantia-en-sitio-negro\/#breadcrumb","itemListElement":[{"@type":"ListItem","position":1,"name":"Inicio","item":"https:\/\/compuviper.mx\/tienda\/"},{"@type":"ListItem","position":2,"name":"Productos","item":"https:\/\/compuviper.mx\/tienda\/productos\/"},{"@type":"ListItem","position":3,"name":"Computadoras","item":"https:\/\/compuviper.mx\/tienda\/categoria-producto\/computadoras\/"},{"@type":"ListItem","position":4,"name":"All In One","item":"https:\/\/compuviper.mx\/tienda\/categoria-producto\/computadoras\/all-in-one-computadoras\/"},{"@type":"ListItem","position":5,"name":"Dell 4hpf7 Todo En Uno Aio Pro 24 | Ai Pc | Intel Core Ultra 5 235t (13 Tops) | 16 Gb Ddr5 | 512 Gb Ssd | Pantalla 23.8 | Teclado Y Mouse | Win 11 Pro | 3 A?os De Garantia En Sitio | Negro |"}]},{"@type":"WebSite","@id":"https:\/\/compuviper.mx\/tienda\/#website","url":"https:\/\/compuviper.mx\/tienda\/","name":"Compuviper","description":"Proveedor de Computadoras, Laptops, Servidores, Monitores, Puntos de Venta, Teclados,   Impresoras, T\u00f3ner, C\u00e1maras de Seguridad y m\u00e1s en tu tienda en l\u00ednea","publisher":{"@id":"https:\/\/compuviper.mx\/tienda\/#organization"},"potentialAction":[{"@type":"SearchAction","target":{"@type":"EntryPoint","urlTemplate":"https:\/\/compuviper.mx\/tienda\/?s={search_term_string}"},"query-input":"required name=search_term_string"}],"inLanguage":"es-MX"},{"@type":"Organization","@id":"https:\/\/compuviper.mx\/tienda\/#organization","name":"Compuviper","url":"https:\/\/compuviper.mx\/tienda\/","logo":{"@type":"ImageObject","inLanguage":"es-MX","@id":"https:\/\/compuviper.mx\/tienda\/#\/schema\/logo\/image\/","url":"https:\/\/compuviper.mx\/tienda\/wp-content\/uploads\/2021\/08\/Logo-Compuviper-10.png","contentUrl":"https:\/\/compuviper.mx\/tienda\/wp-content\/uploads\/2021\/08\/Logo-Compuviper-10.png","width":1000,"height":500,"caption":"Compuviper"},"image":{"@id":"https:\/\/compuviper.mx\/tienda\/#\/schema\/logo\/image\/"},"sameAs":["https:\/\/www.facebook.com\/compuviper","https:\/\/www.youtube.com\/channel\/UCf73dERp9Y3cfOq7q8BhLjA?view_as=subscriber"]}]},"product_brand":"DELL","product_price_amount":"22161","product_price_currency":"MXN","og_availability":"out of stock","product_availability":"out of stock","product_retailer_item_id":"4HPF7","product_condition":"new"},"_links":{"self":[{"href":"https:\/\/compuviper.mx\/tienda\/wp-json\/wp\/v2\/product\/268139"}],"collection":[{"href":"https:\/\/compuviper.mx\/tienda\/wp-json\/wp\/v2\/product"}],"about":[{"href":"https:\/\/compuviper.mx\/tienda\/wp-json\/wp\/v2\/types\/product"}],"replies":[{"embeddable":true,"href":"https:\/\/compuviper.mx\/tienda\/wp-json\/wp\/v2\/comments?post=268139"}],"wp:attachment":[{"href":"https:\/\/compuviper.mx\/tienda\/wp-json\/wp\/v2\/media?parent=268139"}],"wp:term":[{"taxonomy":"product_cat","embeddable":true,"href":"https:\/\/compuviper.mx\/tienda\/wp-json\/wp\/v2\/product_cat?post=268139"},{"taxonomy":"product_tag","embeddable":true,"href":"https:\/\/compuviper.mx\/tienda\/wp-json\/wp\/v2\/product_tag?post=268139"}],"curies":[{"name":"wp","href":"https:\/\/api.w.org\/{rel}","templated":true}]}}