{"id":268129,"date":"2026-04-02T01:27:37","date_gmt":"2026-04-02T07:27:37","guid":{"rendered":"https:\/\/compuviper.mx\/tienda\/producto\/ghia-intel-core-series-frontier-elite-1-3-intel-core-i7-14700kf-20-nucleos-hasta-5-6-ghz-ram-16-gb-ssd-nvme-1-tb-gpu-nvidia-rtx-3060-12-gb-wifibt-sin-sistema\/"},"modified":"2026-04-02T01:27:38","modified_gmt":"2026-04-02T07:27:38","slug":"ghia-intel-core-series-frontier-elite-1-3-intel-core-i7-14700kf-20-nucleos-hasta-5-6-ghz-ram-16-gb-ssd-nvme-1-tb-gpu-nvidia-rtx-3060-12-gb-wifibt-sin-sistema","status":"publish","type":"product","link":"https:\/\/compuviper.mx\/tienda\/producto\/ghia-intel-core-series-frontier-elite-1-3-intel-core-i7-14700kf-20-nucleos-hasta-5-6-ghz-ram-16-gb-ssd-nvme-1-tb-gpu-nvidia-rtx-3060-12-gb-wifibt-sin-sistema\/","title":{"rendered":"Ghia Intel Core Series  Frontier Elite 1.3 \/ Intel Core I7-14700kf 20 Nucleos Hasta 5.6 Ghz \/ Ram 16 Gb \/ Ssd Nvme 1 Tb \/ Gpu Nvidia Rtx 3060 12 Gb \/ Wifibt \/ Sin Sistema"},"content":{"rendered":"<table class=\"descripcion\">\n<tr>\n<td>Procesador: intel core i7-14700kf, 20 nucleos, 33 mb en cache \/\/<\/td>\n<\/tr>\n<tr>\n<td>Frecuencia de 2.5 ghz hasta 5.6 ghz \/\/<\/td>\n<\/tr>\n<tr>\n<td>Enfriamiento lquido: radiador 240mm, x2 vent. 120mm rgb \/\/<\/td>\n<\/tr>\n<tr>\n<td>Chipset: intel b760 \/\/<\/td>\n<\/tr>\n<tr>\n<td>Memoria: 16 gb, ddr5, 5600 mhz, exp: max 192 gb, 3 ranuras libres \/\/<\/td>\n<\/tr>\n<tr>\n<td>Almacenamiento primario: ssd m.2 nvme 1 tb \/\/<\/td>\n<\/tr>\n<tr>\n<td>Bahias disponibles: x2 3.5 pulgadas, x2 2.5 pulgadas, x2 m.2 \/\/<\/td>\n<\/tr>\n<tr>\n<td>Video dedicado: nvidia geforce rtx 3060, 12 gb, gddr6 \/\/<\/td>\n<\/tr>\n<tr>\n<td>Salidas de video: x1 hdmi, x3 displayport \/\/<\/td>\n<\/tr>\n<tr>\n<td>Audio: realtek 7.1 canales hd \/\/<\/td>\n<\/tr>\n<tr>\n<td>Posterior: x1 entrada, x1 salida, x1 mic \/\/<\/td>\n<\/tr>\n<tr>\n<td>Frontal: x1 salida, x1 mic \/\/<\/td>\n<\/tr>\n<tr>\n<td>Red: lan realtek gbe 10\/100\/1000 mbps \/\/<\/td>\n<\/tr>\n<tr>\n<td>Wireless: doble banda wi-fi 6e a\/b\/g\/n\/ac\/ax \/\/<\/td>\n<\/tr>\n<tr>\n<td>Bluetooth: 5.3, usb y conectores adicionales: \/\/<\/td>\n<\/tr>\n<tr>\n<td>Traseros: x2 usb 3.2, x4 usb 2.0 \/\/<\/td>\n<\/tr>\n<tr>\n<td>Delanteros: x1 usb 2.0, x1 usb 3.0, x1 usb c \/\/<\/td>\n<\/tr>\n<tr>\n<td>Ranuras int. disponibles: x3 pcie 16x, cabezales int. disp: x1 tpm \/\/<\/td>\n<\/tr>\n<tr>\n<td>Gabinete e-atx cristal templado, fuente de 650w 80 plus bronze \/\/<\/td>\n<\/tr>\n<tr>\n<td>Linea de rgb frontal, soporta radiador hasta 360mm \/\/<\/td>\n<\/tr>\n<tr>\n<td>Filtros de polvo, x3 ventiladores 120mm argb \/\/<\/td>\n<\/tr>\n<tr>\n<td>Soporta tarjetas de video hasta 345 mm de largo \/\/<\/td>\n<\/tr>\n<tr>\n<td>Consumo de entrada 115\/230v, ca 7, 4a, frecuencia 50-60 hz \/\/<\/td>\n<\/tr>\n<tr>\n<td>Consumo de energia por unidad de tiempo de operacion 55.5 wh \/\/<\/td>\n<\/tr>\n<tr>\n<td>Perifericos: no incluye \/\/<\/td>\n<\/tr>\n<tr>\n<td>Software: sin sistema operativo<\/td>\n<\/tr>\n<\/table>\n","protected":false},"excerpt":{"rendered":"<p>Los equipos ghia son tu mejor opcion, fabricados con altos estandares de calidad certificada iso 9001:2008 en nuestra planta de produccion dedicada, los centros de servicio en todo el pais cuentan con los mejores tiempos de respuesta en garantias y los precios mas competitivos daran a tu casa o negocio el equipo perfecto en relacion calidad y precio<\/p>\n","protected":false},"featured_media":0,"comment_status":"open","ping_status":"open","template":"","meta":[],"product_cat":[1971,1972],"product_tag":[1548],"acf":[],"yoast_head":"<!-- This site is optimized with the Yoast SEO plugin v21.7 - https:\/\/yoast.com\/wordpress\/plugins\/seo\/ -->\n<title>[ Ghia ] &#129351; Intel Core Series Frontier Elite 1.3 \/ Intel Core I7-14700kf 20 Nucleos Hasta 5.6 Ghz \/ Ram 16 Gb \/ Ssd Nvme 1 Tb \/ Gpu Nvidia Rtx 3060 12 Gb \/ Wifibt \/ Sin Sistema<\/title>\n<meta name=\"description\" content=\"Compra Intel Core Series Frontier Elite 1.3 \/ Intel Core I7-14700kf 20 Nucleos Hasta 5.6 Ghz \/ Ram 16 Gb \/ Ssd Nvme 1 Tb \/ Gpu Nvidia Rtx 3060 12 Gb \/ Wifibt \/ Sin Sistema + Env\u00edo a domicilio + Pago seguro + Garant\u00eda\" \/>\n<meta name=\"robots\" content=\"index, follow, max-snippet:-1, max-image-preview:large, max-video-preview:-1\" \/>\n<link rel=\"canonical\" href=\"https:\/\/compuviper.mx\/tienda\/producto\/ghia-intel-core-series-frontier-elite-1-3-intel-core-i7-14700kf-20-nucleos-hasta-5-6-ghz-ram-16-gb-ssd-nvme-1-tb-gpu-nvidia-rtx-3060-12-gb-wifibt-sin-sistema\/\" \/>\n<meta property=\"og:locale\" content=\"es_MX\" \/>\n<meta property=\"og:type\" content=\"article\" \/>\n<meta property=\"og:title\" content=\"[ Ghia ] &#129351; Intel Core Series Frontier Elite 1.3 \/ Intel Core I7-14700kf 20 Nucleos Hasta 5.6 Ghz \/ Ram 16 Gb \/ Ssd Nvme 1 Tb \/ Gpu Nvidia Rtx 3060 12 Gb \/ Wifibt \/ Sin Sistema\" \/>\n<meta property=\"og:description\" content=\"Compra Intel Core Series Frontier Elite 1.3 \/ Intel Core I7-14700kf 20 Nucleos Hasta 5.6 Ghz \/ Ram 16 Gb \/ Ssd Nvme 1 Tb \/ Gpu Nvidia Rtx 3060 12 Gb \/ Wifibt \/ Sin Sistema + Env\u00edo a domicilio + Pago seguro + Garant\u00eda\" \/>\n<meta property=\"og:url\" content=\"https:\/\/compuviper.mx\/tienda\/producto\/ghia-intel-core-series-frontier-elite-1-3-intel-core-i7-14700kf-20-nucleos-hasta-5-6-ghz-ram-16-gb-ssd-nvme-1-tb-gpu-nvidia-rtx-3060-12-gb-wifibt-sin-sistema\/\" \/>\n<meta property=\"og:site_name\" content=\"Compuviper\" \/>\n<meta property=\"article:publisher\" content=\"https:\/\/www.facebook.com\/compuviper\" \/>\n<meta property=\"article:modified_time\" content=\"2026-04-02T07:27:38+00:00\" \/>\n<meta name=\"twitter:card\" content=\"summary_large_image\" \/>\n<meta name=\"twitter:label1\" content=\"Precio\" \/>\n\t<meta name=\"twitter:data1\" content=\"&#36;22,347 con IVA\" \/>\n\t<meta name=\"twitter:label2\" content=\"Availability\" \/>\n\t<meta name=\"twitter:data2\" content=\"In stock\" \/>\n<script type=\"application\/ld+json\" class=\"yoast-schema-graph\">{\"@context\":\"https:\/\/schema.org\",\"@graph\":[{\"@type\":\"WebPage\",\"@id\":\"https:\/\/compuviper.mx\/tienda\/producto\/ghia-intel-core-series-frontier-elite-1-3-intel-core-i7-14700kf-20-nucleos-hasta-5-6-ghz-ram-16-gb-ssd-nvme-1-tb-gpu-nvidia-rtx-3060-12-gb-wifibt-sin-sistema\/\",\"url\":\"https:\/\/compuviper.mx\/tienda\/producto\/ghia-intel-core-series-frontier-elite-1-3-intel-core-i7-14700kf-20-nucleos-hasta-5-6-ghz-ram-16-gb-ssd-nvme-1-tb-gpu-nvidia-rtx-3060-12-gb-wifibt-sin-sistema\/\",\"name\":\"[ Ghia ] &#129351; Intel Core Series Frontier Elite 1.3 \/ Intel Core I7-14700kf 20 Nucleos Hasta 5.6 Ghz \/ Ram 16 Gb \/ Ssd Nvme 1 Tb \/ Gpu Nvidia Rtx 3060 12 Gb \/ Wifibt \/ Sin Sistema\",\"isPartOf\":{\"@id\":\"https:\/\/compuviper.mx\/tienda\/#website\"},\"datePublished\":\"2026-04-02T07:27:37+00:00\",\"dateModified\":\"2026-04-02T07:27:38+00:00\",\"description\":\"Compra Intel Core Series Frontier Elite 1.3 \/ Intel Core I7-14700kf 20 Nucleos Hasta 5.6 Ghz \/ Ram 16 Gb \/ Ssd Nvme 1 Tb \/ Gpu Nvidia Rtx 3060 12 Gb \/ Wifibt \/ Sin Sistema + Env\u00edo a domicilio + Pago seguro + Garant\u00eda\",\"breadcrumb\":{\"@id\":\"https:\/\/compuviper.mx\/tienda\/producto\/ghia-intel-core-series-frontier-elite-1-3-intel-core-i7-14700kf-20-nucleos-hasta-5-6-ghz-ram-16-gb-ssd-nvme-1-tb-gpu-nvidia-rtx-3060-12-gb-wifibt-sin-sistema\/#breadcrumb\"},\"inLanguage\":\"es-MX\",\"potentialAction\":[{\"@type\":\"ReadAction\",\"target\":[\"https:\/\/compuviper.mx\/tienda\/producto\/ghia-intel-core-series-frontier-elite-1-3-intel-core-i7-14700kf-20-nucleos-hasta-5-6-ghz-ram-16-gb-ssd-nvme-1-tb-gpu-nvidia-rtx-3060-12-gb-wifibt-sin-sistema\/\"]}]},{\"@type\":\"BreadcrumbList\",\"@id\":\"https:\/\/compuviper.mx\/tienda\/producto\/ghia-intel-core-series-frontier-elite-1-3-intel-core-i7-14700kf-20-nucleos-hasta-5-6-ghz-ram-16-gb-ssd-nvme-1-tb-gpu-nvidia-rtx-3060-12-gb-wifibt-sin-sistema\/#breadcrumb\",\"itemListElement\":[{\"@type\":\"ListItem\",\"position\":1,\"name\":\"Inicio\",\"item\":\"https:\/\/compuviper.mx\/tienda\/\"},{\"@type\":\"ListItem\",\"position\":2,\"name\":\"Productos\",\"item\":\"https:\/\/compuviper.mx\/tienda\/productos\/\"},{\"@type\":\"ListItem\",\"position\":3,\"name\":\"Computadoras\",\"item\":\"https:\/\/compuviper.mx\/tienda\/categoria-producto\/computadoras\/\"},{\"@type\":\"ListItem\",\"position\":4,\"name\":\"Desktop\",\"item\":\"https:\/\/compuviper.mx\/tienda\/categoria-producto\/computadoras\/desktop-computadoras\/\"},{\"@type\":\"ListItem\",\"position\":5,\"name\":\"Ghia Intel Core Series Frontier Elite 1.3 \/ Intel Core I7-14700kf 20 Nucleos Hasta 5.6 Ghz \/ Ram 16 Gb \/ Ssd Nvme 1 Tb \/ Gpu Nvidia Rtx 3060 12 Gb \/ Wifibt \/ Sin Sistema\"}]},{\"@type\":\"WebSite\",\"@id\":\"https:\/\/compuviper.mx\/tienda\/#website\",\"url\":\"https:\/\/compuviper.mx\/tienda\/\",\"name\":\"Compuviper\",\"description\":\"Proveedor de Computadoras, Laptops, Servidores, Monitores, Puntos de Venta, Teclados,   Impresoras, T\u00f3ner, C\u00e1maras de Seguridad y m\u00e1s en tu tienda en l\u00ednea\",\"publisher\":{\"@id\":\"https:\/\/compuviper.mx\/tienda\/#organization\"},\"potentialAction\":[{\"@type\":\"SearchAction\",\"target\":{\"@type\":\"EntryPoint\",\"urlTemplate\":\"https:\/\/compuviper.mx\/tienda\/?s={search_term_string}\"},\"query-input\":\"required name=search_term_string\"}],\"inLanguage\":\"es-MX\"},{\"@type\":\"Organization\",\"@id\":\"https:\/\/compuviper.mx\/tienda\/#organization\",\"name\":\"Compuviper\",\"url\":\"https:\/\/compuviper.mx\/tienda\/\",\"logo\":{\"@type\":\"ImageObject\",\"inLanguage\":\"es-MX\",\"@id\":\"https:\/\/compuviper.mx\/tienda\/#\/schema\/logo\/image\/\",\"url\":\"https:\/\/compuviper.mx\/tienda\/wp-content\/uploads\/2021\/08\/Logo-Compuviper-10.png\",\"contentUrl\":\"https:\/\/compuviper.mx\/tienda\/wp-content\/uploads\/2021\/08\/Logo-Compuviper-10.png\",\"width\":1000,\"height\":500,\"caption\":\"Compuviper\"},\"image\":{\"@id\":\"https:\/\/compuviper.mx\/tienda\/#\/schema\/logo\/image\/\"},\"sameAs\":[\"https:\/\/www.facebook.com\/compuviper\",\"https:\/\/www.youtube.com\/channel\/UCf73dERp9Y3cfOq7q8BhLjA?view_as=subscriber\"]}]}<\/script>\n<meta property=\"product:brand\" content=\"GHIA\" \/>\n<meta property=\"product:price:amount\" content=\"22347\" \/>\n<meta property=\"product:price:currency\" content=\"MXN\" \/>\n<meta property=\"og:availability\" content=\"instock\" \/>\n<meta property=\"product:availability\" content=\"instock\" \/>\n<meta property=\"product:retailer_item_id\" content=\"INTEL CORE SERIES\" \/>\n<meta property=\"product:condition\" content=\"new\" \/>\n<!-- \/ Yoast SEO plugin. -->","yoast_head_json":{"title":"[ Ghia ] &#129351; Intel Core Series Frontier Elite 1.3 \/ Intel Core I7-14700kf 20 Nucleos Hasta 5.6 Ghz \/ Ram 16 Gb \/ Ssd Nvme 1 Tb \/ Gpu Nvidia Rtx 3060 12 Gb \/ Wifibt \/ Sin Sistema","description":"Compra Intel Core Series Frontier Elite 1.3 \/ Intel Core I7-14700kf 20 Nucleos Hasta 5.6 Ghz \/ Ram 16 Gb \/ Ssd Nvme 1 Tb \/ Gpu Nvidia Rtx 3060 12 Gb \/ Wifibt \/ Sin Sistema + Env\u00edo a domicilio + Pago seguro + Garant\u00eda","robots":{"index":"index","follow":"follow","max-snippet":"max-snippet:-1","max-image-preview":"max-image-preview:large","max-video-preview":"max-video-preview:-1"},"canonical":"https:\/\/compuviper.mx\/tienda\/producto\/ghia-intel-core-series-frontier-elite-1-3-intel-core-i7-14700kf-20-nucleos-hasta-5-6-ghz-ram-16-gb-ssd-nvme-1-tb-gpu-nvidia-rtx-3060-12-gb-wifibt-sin-sistema\/","og_locale":"es_MX","og_type":"article","og_title":"[ Ghia ] &#129351; Intel Core Series Frontier Elite 1.3 \/ Intel Core I7-14700kf 20 Nucleos Hasta 5.6 Ghz \/ Ram 16 Gb \/ Ssd Nvme 1 Tb \/ Gpu Nvidia Rtx 3060 12 Gb \/ Wifibt \/ Sin Sistema","og_description":"Compra Intel Core Series Frontier Elite 1.3 \/ Intel Core I7-14700kf 20 Nucleos Hasta 5.6 Ghz \/ Ram 16 Gb \/ Ssd Nvme 1 Tb \/ Gpu Nvidia Rtx 3060 12 Gb \/ Wifibt \/ Sin Sistema + Env\u00edo a domicilio + Pago seguro + Garant\u00eda","og_url":"https:\/\/compuviper.mx\/tienda\/producto\/ghia-intel-core-series-frontier-elite-1-3-intel-core-i7-14700kf-20-nucleos-hasta-5-6-ghz-ram-16-gb-ssd-nvme-1-tb-gpu-nvidia-rtx-3060-12-gb-wifibt-sin-sistema\/","og_site_name":"Compuviper","article_publisher":"https:\/\/www.facebook.com\/compuviper","article_modified_time":"2026-04-02T07:27:38+00:00","twitter_card":"summary_large_image","twitter_misc":{"Precio":"&#36;22,347 con IVA","Availability":"In stock"},"schema":{"@context":"https:\/\/schema.org","@graph":[{"@type":"WebPage","@id":"https:\/\/compuviper.mx\/tienda\/producto\/ghia-intel-core-series-frontier-elite-1-3-intel-core-i7-14700kf-20-nucleos-hasta-5-6-ghz-ram-16-gb-ssd-nvme-1-tb-gpu-nvidia-rtx-3060-12-gb-wifibt-sin-sistema\/","url":"https:\/\/compuviper.mx\/tienda\/producto\/ghia-intel-core-series-frontier-elite-1-3-intel-core-i7-14700kf-20-nucleos-hasta-5-6-ghz-ram-16-gb-ssd-nvme-1-tb-gpu-nvidia-rtx-3060-12-gb-wifibt-sin-sistema\/","name":"[ Ghia ] &#129351; Intel Core Series Frontier Elite 1.3 \/ Intel Core I7-14700kf 20 Nucleos Hasta 5.6 Ghz \/ Ram 16 Gb \/ Ssd Nvme 1 Tb \/ Gpu Nvidia Rtx 3060 12 Gb \/ Wifibt \/ Sin Sistema","isPartOf":{"@id":"https:\/\/compuviper.mx\/tienda\/#website"},"datePublished":"2026-04-02T07:27:37+00:00","dateModified":"2026-04-02T07:27:38+00:00","description":"Compra Intel Core Series Frontier Elite 1.3 \/ Intel Core I7-14700kf 20 Nucleos Hasta 5.6 Ghz \/ Ram 16 Gb \/ Ssd Nvme 1 Tb \/ Gpu Nvidia Rtx 3060 12 Gb \/ Wifibt \/ Sin Sistema + Env\u00edo a domicilio + Pago seguro + Garant\u00eda","breadcrumb":{"@id":"https:\/\/compuviper.mx\/tienda\/producto\/ghia-intel-core-series-frontier-elite-1-3-intel-core-i7-14700kf-20-nucleos-hasta-5-6-ghz-ram-16-gb-ssd-nvme-1-tb-gpu-nvidia-rtx-3060-12-gb-wifibt-sin-sistema\/#breadcrumb"},"inLanguage":"es-MX","potentialAction":[{"@type":"ReadAction","target":["https:\/\/compuviper.mx\/tienda\/producto\/ghia-intel-core-series-frontier-elite-1-3-intel-core-i7-14700kf-20-nucleos-hasta-5-6-ghz-ram-16-gb-ssd-nvme-1-tb-gpu-nvidia-rtx-3060-12-gb-wifibt-sin-sistema\/"]}]},{"@type":"BreadcrumbList","@id":"https:\/\/compuviper.mx\/tienda\/producto\/ghia-intel-core-series-frontier-elite-1-3-intel-core-i7-14700kf-20-nucleos-hasta-5-6-ghz-ram-16-gb-ssd-nvme-1-tb-gpu-nvidia-rtx-3060-12-gb-wifibt-sin-sistema\/#breadcrumb","itemListElement":[{"@type":"ListItem","position":1,"name":"Inicio","item":"https:\/\/compuviper.mx\/tienda\/"},{"@type":"ListItem","position":2,"name":"Productos","item":"https:\/\/compuviper.mx\/tienda\/productos\/"},{"@type":"ListItem","position":3,"name":"Computadoras","item":"https:\/\/compuviper.mx\/tienda\/categoria-producto\/computadoras\/"},{"@type":"ListItem","position":4,"name":"Desktop","item":"https:\/\/compuviper.mx\/tienda\/categoria-producto\/computadoras\/desktop-computadoras\/"},{"@type":"ListItem","position":5,"name":"Ghia Intel Core Series Frontier Elite 1.3 \/ Intel Core I7-14700kf 20 Nucleos Hasta 5.6 Ghz \/ Ram 16 Gb \/ Ssd Nvme 1 Tb \/ Gpu Nvidia Rtx 3060 12 Gb \/ Wifibt \/ Sin Sistema"}]},{"@type":"WebSite","@id":"https:\/\/compuviper.mx\/tienda\/#website","url":"https:\/\/compuviper.mx\/tienda\/","name":"Compuviper","description":"Proveedor de Computadoras, Laptops, Servidores, Monitores, Puntos de Venta, Teclados,   Impresoras, T\u00f3ner, C\u00e1maras de Seguridad y m\u00e1s en tu tienda en l\u00ednea","publisher":{"@id":"https:\/\/compuviper.mx\/tienda\/#organization"},"potentialAction":[{"@type":"SearchAction","target":{"@type":"EntryPoint","urlTemplate":"https:\/\/compuviper.mx\/tienda\/?s={search_term_string}"},"query-input":"required name=search_term_string"}],"inLanguage":"es-MX"},{"@type":"Organization","@id":"https:\/\/compuviper.mx\/tienda\/#organization","name":"Compuviper","url":"https:\/\/compuviper.mx\/tienda\/","logo":{"@type":"ImageObject","inLanguage":"es-MX","@id":"https:\/\/compuviper.mx\/tienda\/#\/schema\/logo\/image\/","url":"https:\/\/compuviper.mx\/tienda\/wp-content\/uploads\/2021\/08\/Logo-Compuviper-10.png","contentUrl":"https:\/\/compuviper.mx\/tienda\/wp-content\/uploads\/2021\/08\/Logo-Compuviper-10.png","width":1000,"height":500,"caption":"Compuviper"},"image":{"@id":"https:\/\/compuviper.mx\/tienda\/#\/schema\/logo\/image\/"},"sameAs":["https:\/\/www.facebook.com\/compuviper","https:\/\/www.youtube.com\/channel\/UCf73dERp9Y3cfOq7q8BhLjA?view_as=subscriber"]}]},"product_brand":"GHIA","product_price_amount":"22347","product_price_currency":"MXN","og_availability":"instock","product_availability":"instock","product_retailer_item_id":"INTEL CORE SERIES","product_condition":"new"},"_links":{"self":[{"href":"https:\/\/compuviper.mx\/tienda\/wp-json\/wp\/v2\/product\/268129"}],"collection":[{"href":"https:\/\/compuviper.mx\/tienda\/wp-json\/wp\/v2\/product"}],"about":[{"href":"https:\/\/compuviper.mx\/tienda\/wp-json\/wp\/v2\/types\/product"}],"replies":[{"embeddable":true,"href":"https:\/\/compuviper.mx\/tienda\/wp-json\/wp\/v2\/comments?post=268129"}],"wp:attachment":[{"href":"https:\/\/compuviper.mx\/tienda\/wp-json\/wp\/v2\/media?parent=268129"}],"wp:term":[{"taxonomy":"product_cat","embeddable":true,"href":"https:\/\/compuviper.mx\/tienda\/wp-json\/wp\/v2\/product_cat?post=268129"},{"taxonomy":"product_tag","embeddable":true,"href":"https:\/\/compuviper.mx\/tienda\/wp-json\/wp\/v2\/product_tag?post=268129"}],"curies":[{"name":"wp","href":"https:\/\/api.w.org\/{rel}","templated":true}]}}