{"id":268107,"date":"2026-04-07T01:21:19","date_gmt":"2026-04-07T07:21:19","guid":{"rendered":"https:\/\/compuviper.mx\/tienda\/producto\/dahua-dhi-nvr2108hc-w-nvr-nvr-wifi-de-16mp-8-canales-ip-smd-proteccion-perimetral-ia-por-camara-h-265-salidas-hdmi-and-vga-1-bahia-hdd-1-e-and-s-de-audio-onvif\/"},"modified":"2026-04-07T01:21:20","modified_gmt":"2026-04-07T07:21:20","slug":"dahua-dhi-nvr2108hc-w-nvr-nvr-wifi-de-16mp-8-canales-ip-smd-proteccion-perimetral-ia-por-camara-h-265-salidas-hdmi-and-vga-1-bahia-hdd-1-e-and-s-de-audio-onvif","status":"publish","type":"product","link":"https:\/\/compuviper.mx\/tienda\/producto\/dahua-dhi-nvr2108hc-w-nvr-nvr-wifi-de-16mp-8-canales-ip-smd-proteccion-perimetral-ia-por-camara-h-265-salidas-hdmi-and-vga-1-bahia-hdd-1-e-and-s-de-audio-onvif\/","title":{"rendered":"Dahua Dhi-nvr2108hc-w Nvr   Nvr Wifi De 16mp\/ 8 Canales Ip\/ Smd+\/proteccion Perimetral\/ Ia Por Camara\/ H.265\/ Salidas Hdmi  And Vga\/ 1 Bahia Hdd\/ 1 E And S De Audio\/ Onvif"},"content":{"rendered":"<table class=\"descripcion\">\n<tr>\n<td>Especificaciones tecnicas<\/td>\n<\/tr>\n<tr>\n<td>\u0095 canales de acceso: 8 canales ip.<\/td>\n<\/tr>\n<tr>\n<td>\u0095 resolucion soportada: hasta 16 mp.<\/td>\n<\/tr>\n<tr>\n<td>\u0095 compatibilidad: onvif 24.12 (perfil t, s, g), cgi, sdk.<\/td>\n<\/tr>\n<tr>\n<td>\u0095 ai en nvr: smd plus en 4 canales.<\/td>\n<\/tr>\n<tr>\n<td>\u0095 ai en camara: proteccion perimetral y smd.<\/td>\n<\/tr>\n<tr>\n<td>\u0095 reproduccion simultanea: hasta 8 canales.<\/td>\n<\/tr>\n<tr>\n<td>Incluye<\/td>\n<\/tr>\n<tr>\n<td>\u0095 x1 nvr wifi dhi-nvr2108hc-w.<\/td>\n<\/tr>\n<tr>\n<td>\u0095 x1 manual de usuario.<\/td>\n<\/tr>\n<tr>\n<td>\u0095 x1 poliza de garantia.<\/td>\n<\/tr>\n<\/table>\n","protected":false},"excerpt":{"rendered":"<p>Informacion general. Dhi-nvr2108hc-w es un grabador de red wifi de 8 canales ip que ofrece una solucion practica y eficiente para proyectos de videovigilancia sin cableado adicional. Con compresion de video h.265, lo que permite almacenar mas horas de grabacion con menos consumo de ancho de banda. Caracteristicas principales. \u0095 fuente de alimentacion: 12 vdc, 1.5 a. \u0095 consumo:   6 w (sin hdd). \u0095 dimensiones: 197 \u00d7 234 \u00d7 41.5 mm. \u0095 peso neto: 0.57 kg. \u0095 peso bruto: 0.98 kg. \u0095 temperatura de operacion: \u009610 \u00b0c a +45 \u00b0c. \u0095 humedad: 10%\u009693% rh. \u0095 certificaciones: ce-lvd, ce-emc.<\/p>\n","protected":false},"featured_media":0,"comment_status":"open","ping_status":"open","template":"","meta":[],"product_cat":[1768,1689],"product_tag":[1555],"acf":[],"yoast_head":"<!-- This site is optimized with the Yoast SEO plugin v21.7 - https:\/\/yoast.com\/wordpress\/plugins\/seo\/ -->\n<title>[ Dahua ] &#129351; Dhi-nvr2108hc-w Nvr Nvr Wifi De 16mp\/ 8 Canales Ip\/ Smd+\/proteccion Perimetral\/ Ia Por Camara\/ H.265\/ Salidas Hdmi And Vga\/ 1 Bahia Hdd\/ 1 E And S De Audio\/ Onvif<\/title>\n<meta name=\"description\" content=\"Compra Dhi-nvr2108hc-w Nvr Nvr Wifi De 16mp\/ 8 Canales Ip\/ Smd+\/proteccion Perimetral\/ Ia Por Camara\/ H.265\/ Salidas Hdmi And Vga\/ 1 Bahia Hdd\/ 1 E And S De Audio\/ Onvif + Env\u00edo a domicilio + Pago seguro + Garant\u00eda\" \/>\n<meta name=\"robots\" content=\"index, follow, max-snippet:-1, max-image-preview:large, max-video-preview:-1\" \/>\n<link rel=\"canonical\" href=\"https:\/\/compuviper.mx\/tienda\/producto\/dahua-dhi-nvr2108hc-w-nvr-nvr-wifi-de-16mp-8-canales-ip-smd-proteccion-perimetral-ia-por-camara-h-265-salidas-hdmi-and-vga-1-bahia-hdd-1-e-and-s-de-audio-onvif\/\" \/>\n<meta property=\"og:locale\" content=\"es_MX\" \/>\n<meta property=\"og:type\" content=\"article\" \/>\n<meta property=\"og:title\" content=\"[ Dahua ] &#129351; Dhi-nvr2108hc-w Nvr Nvr Wifi De 16mp\/ 8 Canales Ip\/ Smd+\/proteccion Perimetral\/ Ia Por Camara\/ H.265\/ Salidas Hdmi And Vga\/ 1 Bahia Hdd\/ 1 E And S De Audio\/ Onvif\" \/>\n<meta property=\"og:description\" content=\"Compra Dhi-nvr2108hc-w Nvr Nvr Wifi De 16mp\/ 8 Canales Ip\/ Smd+\/proteccion Perimetral\/ Ia Por Camara\/ H.265\/ Salidas Hdmi And Vga\/ 1 Bahia Hdd\/ 1 E And S De Audio\/ Onvif + Env\u00edo a domicilio + Pago seguro + Garant\u00eda\" \/>\n<meta property=\"og:url\" content=\"https:\/\/compuviper.mx\/tienda\/producto\/dahua-dhi-nvr2108hc-w-nvr-nvr-wifi-de-16mp-8-canales-ip-smd-proteccion-perimetral-ia-por-camara-h-265-salidas-hdmi-and-vga-1-bahia-hdd-1-e-and-s-de-audio-onvif\/\" \/>\n<meta property=\"og:site_name\" content=\"Compuviper\" \/>\n<meta property=\"article:publisher\" content=\"https:\/\/www.facebook.com\/compuviper\" \/>\n<meta property=\"article:modified_time\" content=\"2026-04-07T07:21:20+00:00\" \/>\n<meta name=\"twitter:card\" content=\"summary_large_image\" \/>\n<meta name=\"twitter:label1\" content=\"Precio\" \/>\n\t<meta name=\"twitter:data1\" content=\"&#36;1,680 con IVA\" \/>\n\t<meta name=\"twitter:label2\" content=\"Availability\" \/>\n\t<meta name=\"twitter:data2\" content=\"Out of stock\" \/>\n<script type=\"application\/ld+json\" class=\"yoast-schema-graph\">{\"@context\":\"https:\/\/schema.org\",\"@graph\":[{\"@type\":\"WebPage\",\"@id\":\"https:\/\/compuviper.mx\/tienda\/producto\/dahua-dhi-nvr2108hc-w-nvr-nvr-wifi-de-16mp-8-canales-ip-smd-proteccion-perimetral-ia-por-camara-h-265-salidas-hdmi-and-vga-1-bahia-hdd-1-e-and-s-de-audio-onvif\/\",\"url\":\"https:\/\/compuviper.mx\/tienda\/producto\/dahua-dhi-nvr2108hc-w-nvr-nvr-wifi-de-16mp-8-canales-ip-smd-proteccion-perimetral-ia-por-camara-h-265-salidas-hdmi-and-vga-1-bahia-hdd-1-e-and-s-de-audio-onvif\/\",\"name\":\"[ Dahua ] &#129351; Dhi-nvr2108hc-w Nvr Nvr Wifi De 16mp\/ 8 Canales Ip\/ Smd+\/proteccion Perimetral\/ Ia Por Camara\/ H.265\/ Salidas Hdmi And Vga\/ 1 Bahia Hdd\/ 1 E And S De Audio\/ Onvif\",\"isPartOf\":{\"@id\":\"https:\/\/compuviper.mx\/tienda\/#website\"},\"datePublished\":\"2026-04-07T07:21:19+00:00\",\"dateModified\":\"2026-04-07T07:21:20+00:00\",\"description\":\"Compra Dhi-nvr2108hc-w Nvr Nvr Wifi De 16mp\/ 8 Canales Ip\/ Smd+\/proteccion Perimetral\/ Ia Por Camara\/ H.265\/ Salidas Hdmi And Vga\/ 1 Bahia Hdd\/ 1 E And S De Audio\/ Onvif + Env\u00edo a domicilio + Pago seguro + Garant\u00eda\",\"breadcrumb\":{\"@id\":\"https:\/\/compuviper.mx\/tienda\/producto\/dahua-dhi-nvr2108hc-w-nvr-nvr-wifi-de-16mp-8-canales-ip-smd-proteccion-perimetral-ia-por-camara-h-265-salidas-hdmi-and-vga-1-bahia-hdd-1-e-and-s-de-audio-onvif\/#breadcrumb\"},\"inLanguage\":\"es-MX\",\"potentialAction\":[{\"@type\":\"ReadAction\",\"target\":[\"https:\/\/compuviper.mx\/tienda\/producto\/dahua-dhi-nvr2108hc-w-nvr-nvr-wifi-de-16mp-8-canales-ip-smd-proteccion-perimetral-ia-por-camara-h-265-salidas-hdmi-and-vga-1-bahia-hdd-1-e-and-s-de-audio-onvif\/\"]}]},{\"@type\":\"BreadcrumbList\",\"@id\":\"https:\/\/compuviper.mx\/tienda\/producto\/dahua-dhi-nvr2108hc-w-nvr-nvr-wifi-de-16mp-8-canales-ip-smd-proteccion-perimetral-ia-por-camara-h-265-salidas-hdmi-and-vga-1-bahia-hdd-1-e-and-s-de-audio-onvif\/#breadcrumb\",\"itemListElement\":[{\"@type\":\"ListItem\",\"position\":1,\"name\":\"Inicio\",\"item\":\"https:\/\/compuviper.mx\/tienda\/\"},{\"@type\":\"ListItem\",\"position\":2,\"name\":\"Productos\",\"item\":\"https:\/\/compuviper.mx\/tienda\/productos\/\"},{\"@type\":\"ListItem\",\"position\":3,\"name\":\"Videograbadores\",\"item\":\"https:\/\/compuviper.mx\/tienda\/categoria-producto\/videograbadores\/\"},{\"@type\":\"ListItem\",\"position\":4,\"name\":\"Nvr\",\"item\":\"https:\/\/compuviper.mx\/tienda\/categoria-producto\/videograbadores\/nvr\/\"},{\"@type\":\"ListItem\",\"position\":5,\"name\":\"Dahua Dhi-nvr2108hc-w Nvr Nvr Wifi De 16mp\/ 8 Canales Ip\/ Smd+\/proteccion Perimetral\/ Ia Por Camara\/ H.265\/ Salidas Hdmi And Vga\/ 1 Bahia Hdd\/ 1 E And S De Audio\/ Onvif\"}]},{\"@type\":\"WebSite\",\"@id\":\"https:\/\/compuviper.mx\/tienda\/#website\",\"url\":\"https:\/\/compuviper.mx\/tienda\/\",\"name\":\"Compuviper\",\"description\":\"Proveedor de Computadoras, Laptops, Servidores, Monitores, Puntos de Venta, Teclados,   Impresoras, T\u00f3ner, C\u00e1maras de Seguridad y m\u00e1s en tu tienda en l\u00ednea\",\"publisher\":{\"@id\":\"https:\/\/compuviper.mx\/tienda\/#organization\"},\"potentialAction\":[{\"@type\":\"SearchAction\",\"target\":{\"@type\":\"EntryPoint\",\"urlTemplate\":\"https:\/\/compuviper.mx\/tienda\/?s={search_term_string}\"},\"query-input\":\"required name=search_term_string\"}],\"inLanguage\":\"es-MX\"},{\"@type\":\"Organization\",\"@id\":\"https:\/\/compuviper.mx\/tienda\/#organization\",\"name\":\"Compuviper\",\"url\":\"https:\/\/compuviper.mx\/tienda\/\",\"logo\":{\"@type\":\"ImageObject\",\"inLanguage\":\"es-MX\",\"@id\":\"https:\/\/compuviper.mx\/tienda\/#\/schema\/logo\/image\/\",\"url\":\"https:\/\/compuviper.mx\/tienda\/wp-content\/uploads\/2021\/08\/Logo-Compuviper-10.png\",\"contentUrl\":\"https:\/\/compuviper.mx\/tienda\/wp-content\/uploads\/2021\/08\/Logo-Compuviper-10.png\",\"width\":1000,\"height\":500,\"caption\":\"Compuviper\"},\"image\":{\"@id\":\"https:\/\/compuviper.mx\/tienda\/#\/schema\/logo\/image\/\"},\"sameAs\":[\"https:\/\/www.facebook.com\/compuviper\",\"https:\/\/www.youtube.com\/channel\/UCf73dERp9Y3cfOq7q8BhLjA?view_as=subscriber\"]}]}<\/script>\n<meta property=\"product:brand\" content=\"DAHUA\" \/>\n<meta property=\"product:price:amount\" content=\"1680\" \/>\n<meta property=\"product:price:currency\" content=\"MXN\" \/>\n<meta property=\"og:availability\" content=\"out of stock\" \/>\n<meta property=\"product:availability\" content=\"out of stock\" \/>\n<meta property=\"product:retailer_item_id\" content=\"DHI-NVR2108HC-W\" \/>\n<meta property=\"product:condition\" content=\"new\" \/>\n<!-- \/ Yoast SEO plugin. -->","yoast_head_json":{"title":"[ Dahua ] &#129351; Dhi-nvr2108hc-w Nvr Nvr Wifi De 16mp\/ 8 Canales Ip\/ Smd+\/proteccion Perimetral\/ Ia Por Camara\/ H.265\/ Salidas Hdmi And Vga\/ 1 Bahia Hdd\/ 1 E And S De Audio\/ Onvif","description":"Compra Dhi-nvr2108hc-w Nvr Nvr Wifi De 16mp\/ 8 Canales Ip\/ Smd+\/proteccion Perimetral\/ Ia Por Camara\/ H.265\/ Salidas Hdmi And Vga\/ 1 Bahia Hdd\/ 1 E And S De Audio\/ Onvif + Env\u00edo a domicilio + Pago seguro + Garant\u00eda","robots":{"index":"index","follow":"follow","max-snippet":"max-snippet:-1","max-image-preview":"max-image-preview:large","max-video-preview":"max-video-preview:-1"},"canonical":"https:\/\/compuviper.mx\/tienda\/producto\/dahua-dhi-nvr2108hc-w-nvr-nvr-wifi-de-16mp-8-canales-ip-smd-proteccion-perimetral-ia-por-camara-h-265-salidas-hdmi-and-vga-1-bahia-hdd-1-e-and-s-de-audio-onvif\/","og_locale":"es_MX","og_type":"article","og_title":"[ Dahua ] &#129351; Dhi-nvr2108hc-w Nvr Nvr Wifi De 16mp\/ 8 Canales Ip\/ Smd+\/proteccion Perimetral\/ Ia Por Camara\/ H.265\/ Salidas Hdmi And Vga\/ 1 Bahia Hdd\/ 1 E And S De Audio\/ Onvif","og_description":"Compra Dhi-nvr2108hc-w Nvr Nvr Wifi De 16mp\/ 8 Canales Ip\/ Smd+\/proteccion Perimetral\/ Ia Por Camara\/ H.265\/ Salidas Hdmi And Vga\/ 1 Bahia Hdd\/ 1 E And S De Audio\/ Onvif + Env\u00edo a domicilio + Pago seguro + Garant\u00eda","og_url":"https:\/\/compuviper.mx\/tienda\/producto\/dahua-dhi-nvr2108hc-w-nvr-nvr-wifi-de-16mp-8-canales-ip-smd-proteccion-perimetral-ia-por-camara-h-265-salidas-hdmi-and-vga-1-bahia-hdd-1-e-and-s-de-audio-onvif\/","og_site_name":"Compuviper","article_publisher":"https:\/\/www.facebook.com\/compuviper","article_modified_time":"2026-04-07T07:21:20+00:00","twitter_card":"summary_large_image","twitter_misc":{"Precio":"&#36;1,680 con IVA","Availability":"Out of stock"},"schema":{"@context":"https:\/\/schema.org","@graph":[{"@type":"WebPage","@id":"https:\/\/compuviper.mx\/tienda\/producto\/dahua-dhi-nvr2108hc-w-nvr-nvr-wifi-de-16mp-8-canales-ip-smd-proteccion-perimetral-ia-por-camara-h-265-salidas-hdmi-and-vga-1-bahia-hdd-1-e-and-s-de-audio-onvif\/","url":"https:\/\/compuviper.mx\/tienda\/producto\/dahua-dhi-nvr2108hc-w-nvr-nvr-wifi-de-16mp-8-canales-ip-smd-proteccion-perimetral-ia-por-camara-h-265-salidas-hdmi-and-vga-1-bahia-hdd-1-e-and-s-de-audio-onvif\/","name":"[ Dahua ] &#129351; Dhi-nvr2108hc-w Nvr Nvr Wifi De 16mp\/ 8 Canales Ip\/ Smd+\/proteccion Perimetral\/ Ia Por Camara\/ H.265\/ Salidas Hdmi And Vga\/ 1 Bahia Hdd\/ 1 E And S De Audio\/ Onvif","isPartOf":{"@id":"https:\/\/compuviper.mx\/tienda\/#website"},"datePublished":"2026-04-07T07:21:19+00:00","dateModified":"2026-04-07T07:21:20+00:00","description":"Compra Dhi-nvr2108hc-w Nvr Nvr Wifi De 16mp\/ 8 Canales Ip\/ Smd+\/proteccion Perimetral\/ Ia Por Camara\/ H.265\/ Salidas Hdmi And Vga\/ 1 Bahia Hdd\/ 1 E And S De Audio\/ Onvif + Env\u00edo a domicilio + Pago seguro + Garant\u00eda","breadcrumb":{"@id":"https:\/\/compuviper.mx\/tienda\/producto\/dahua-dhi-nvr2108hc-w-nvr-nvr-wifi-de-16mp-8-canales-ip-smd-proteccion-perimetral-ia-por-camara-h-265-salidas-hdmi-and-vga-1-bahia-hdd-1-e-and-s-de-audio-onvif\/#breadcrumb"},"inLanguage":"es-MX","potentialAction":[{"@type":"ReadAction","target":["https:\/\/compuviper.mx\/tienda\/producto\/dahua-dhi-nvr2108hc-w-nvr-nvr-wifi-de-16mp-8-canales-ip-smd-proteccion-perimetral-ia-por-camara-h-265-salidas-hdmi-and-vga-1-bahia-hdd-1-e-and-s-de-audio-onvif\/"]}]},{"@type":"BreadcrumbList","@id":"https:\/\/compuviper.mx\/tienda\/producto\/dahua-dhi-nvr2108hc-w-nvr-nvr-wifi-de-16mp-8-canales-ip-smd-proteccion-perimetral-ia-por-camara-h-265-salidas-hdmi-and-vga-1-bahia-hdd-1-e-and-s-de-audio-onvif\/#breadcrumb","itemListElement":[{"@type":"ListItem","position":1,"name":"Inicio","item":"https:\/\/compuviper.mx\/tienda\/"},{"@type":"ListItem","position":2,"name":"Productos","item":"https:\/\/compuviper.mx\/tienda\/productos\/"},{"@type":"ListItem","position":3,"name":"Videograbadores","item":"https:\/\/compuviper.mx\/tienda\/categoria-producto\/videograbadores\/"},{"@type":"ListItem","position":4,"name":"Nvr","item":"https:\/\/compuviper.mx\/tienda\/categoria-producto\/videograbadores\/nvr\/"},{"@type":"ListItem","position":5,"name":"Dahua Dhi-nvr2108hc-w Nvr Nvr Wifi De 16mp\/ 8 Canales Ip\/ Smd+\/proteccion Perimetral\/ Ia Por Camara\/ H.265\/ Salidas Hdmi And Vga\/ 1 Bahia Hdd\/ 1 E And S De Audio\/ Onvif"}]},{"@type":"WebSite","@id":"https:\/\/compuviper.mx\/tienda\/#website","url":"https:\/\/compuviper.mx\/tienda\/","name":"Compuviper","description":"Proveedor de Computadoras, Laptops, Servidores, Monitores, Puntos de Venta, Teclados,   Impresoras, T\u00f3ner, C\u00e1maras de Seguridad y m\u00e1s en tu tienda en l\u00ednea","publisher":{"@id":"https:\/\/compuviper.mx\/tienda\/#organization"},"potentialAction":[{"@type":"SearchAction","target":{"@type":"EntryPoint","urlTemplate":"https:\/\/compuviper.mx\/tienda\/?s={search_term_string}"},"query-input":"required name=search_term_string"}],"inLanguage":"es-MX"},{"@type":"Organization","@id":"https:\/\/compuviper.mx\/tienda\/#organization","name":"Compuviper","url":"https:\/\/compuviper.mx\/tienda\/","logo":{"@type":"ImageObject","inLanguage":"es-MX","@id":"https:\/\/compuviper.mx\/tienda\/#\/schema\/logo\/image\/","url":"https:\/\/compuviper.mx\/tienda\/wp-content\/uploads\/2021\/08\/Logo-Compuviper-10.png","contentUrl":"https:\/\/compuviper.mx\/tienda\/wp-content\/uploads\/2021\/08\/Logo-Compuviper-10.png","width":1000,"height":500,"caption":"Compuviper"},"image":{"@id":"https:\/\/compuviper.mx\/tienda\/#\/schema\/logo\/image\/"},"sameAs":["https:\/\/www.facebook.com\/compuviper","https:\/\/www.youtube.com\/channel\/UCf73dERp9Y3cfOq7q8BhLjA?view_as=subscriber"]}]},"product_brand":"DAHUA","product_price_amount":"1680","product_price_currency":"MXN","og_availability":"out of stock","product_availability":"out of stock","product_retailer_item_id":"DHI-NVR2108HC-W","product_condition":"new"},"_links":{"self":[{"href":"https:\/\/compuviper.mx\/tienda\/wp-json\/wp\/v2\/product\/268107"}],"collection":[{"href":"https:\/\/compuviper.mx\/tienda\/wp-json\/wp\/v2\/product"}],"about":[{"href":"https:\/\/compuviper.mx\/tienda\/wp-json\/wp\/v2\/types\/product"}],"replies":[{"embeddable":true,"href":"https:\/\/compuviper.mx\/tienda\/wp-json\/wp\/v2\/comments?post=268107"}],"wp:attachment":[{"href":"https:\/\/compuviper.mx\/tienda\/wp-json\/wp\/v2\/media?parent=268107"}],"wp:term":[{"taxonomy":"product_cat","embeddable":true,"href":"https:\/\/compuviper.mx\/tienda\/wp-json\/wp\/v2\/product_cat?post=268107"},{"taxonomy":"product_tag","embeddable":true,"href":"https:\/\/compuviper.mx\/tienda\/wp-json\/wp\/v2\/product_tag?post=268107"}],"curies":[{"name":"wp","href":"https:\/\/api.w.org\/{rel}","templated":true}]}}