{"id":268105,"date":"2026-04-02T01:23:12","date_gmt":"2026-04-02T07:23:12","guid":{"rendered":"https:\/\/compuviper.mx\/tienda\/producto\/apple-mdv94e-a-macbook-air-15-pulgadas-chip-m5-de-con-10cpu-y-10gpu-16gb-512gb-ssd-2-puertos-thunderbolt-puerto-magsafe-3-magic-keyboard-con-touch-id-plata\/"},"modified":"2026-04-02T01:23:13","modified_gmt":"2026-04-02T07:23:13","slug":"apple-mdv94e-a-macbook-air-15-pulgadas-chip-m5-de-con-10cpu-y-10gpu-16gb-512gb-ssd-2-puertos-thunderbolt-puerto-magsafe-3-magic-keyboard-con-touch-id-plata","status":"publish","type":"product","link":"https:\/\/compuviper.mx\/tienda\/producto\/apple-mdv94e-a-macbook-air-15-pulgadas-chip-m5-de-con-10cpu-y-10gpu-16gb-512gb-ssd-2-puertos-thunderbolt-puerto-magsafe-3-magic-keyboard-con-touch-id-plata\/","title":{"rendered":"Apple Mdv94e\/a Macbook Air 15 Pulgadas\/chip M5 De  Con 10cpu Y 10gpu\/16gb\/512gb Ssd\/2 Puertos Thunderbolt\/puerto Magsafe 3\/magic Keyboard Con Touch Id\/plata"},"content":{"rendered":"<table class=\"descripcion\">\n<tr>\n<td>Chip m5 de apple<\/td>\n<\/tr>\n<tr>\n<td>Cpu de 10 n\u00facleos con 4 supern\u00facleos y 6 n\u00facleos de eficiencia<\/td>\n<\/tr>\n<tr>\n<td>Gpu de 10 n\u00facleos<\/td>\n<\/tr>\n<tr>\n<td>Neural accelerators<\/td>\n<\/tr>\n<tr>\n<td>Trazado de rayos acelerado por hardware<\/td>\n<\/tr>\n<tr>\n<td>Neural engine de 16 n\u00facleos<\/td>\n<\/tr>\n<tr>\n<td>153 gb\/s de ancho de banda de memoria<\/td>\n<\/tr>\n<tr>\n<td>Motor multimedia<\/td>\n<\/tr>\n<tr>\n<td>H.264, hevc, prores y prores raw con aceleraci\u00f3n por hardware<\/td>\n<\/tr>\n<tr>\n<td>Motor de decodificaci\u00f3n de video<\/td>\n<\/tr>\n<tr>\n<td>Motor de codificaci\u00f3n de video<\/td>\n<\/tr>\n<tr>\n<td>Motor de codificaci\u00f3n y decodificaci\u00f3n prores<\/td>\n<\/tr>\n<tr>\n<td>Decodificaci\u00f3n av1<\/td>\n<\/tr>\n<tr>\n<td>Memoria<\/td>\n<\/tr>\n<tr>\n<td>16 gb de memoria unificada<\/td>\n<\/tr>\n<tr>\n<td>Almacenamiento<\/td>\n<\/tr>\n<tr>\n<td>Ssd de 512 gb<\/td>\n<\/tr>\n<tr>\n<td>Pantalla<\/td>\n<\/tr>\n<tr>\n<td>Pantalla liquid retina<\/td>\n<\/tr>\n<tr>\n<td>Pantalla de 15.3 pulgadas (diagonal) retroiluminada por led con tecnolog\u00eda ips2; resoluci\u00f3n nativa de 2880 x 1864 a 224 pixeles por pulgada<\/td>\n<\/tr>\n<tr>\n<td>Brillo de 500 nits<\/td>\n<\/tr>\n<tr>\n<td>Colores<\/td>\n<\/tr>\n<tr>\n<td>Compatible con 1,000 millones de colores<\/td>\n<\/tr>\n<tr>\n<td>Amplia gama de colores (p3)<\/td>\n<\/tr>\n<tr>\n<td>Tecnolog\u00eda true tone<\/td>\n<\/tr>\n<tr>\n<td>Bater\u00eda y energ\u00eda<\/td>\n<\/tr>\n<tr>\n<td>Hasta 18 horas de reproducci\u00f3n de video en streaming<\/td>\n<\/tr>\n<tr>\n<td>Hasta 15 horas de navegaci\u00f3n web inal\u00e1mbrica<\/td>\n<\/tr>\n<tr>\n<td>Bater\u00eda de pol\u00edmero de litio integrada de 66.5 wh<\/td>\n<\/tr>\n<tr>\n<td>Adaptador de corriente din\u00e1mico de 40 w con un m\u00e1ximo de 60 w<\/td>\n<\/tr>\n<tr>\n<td>Cable de usb c a magsafe 3 (2 m)<\/td>\n<\/tr>\n<tr>\n<td>Carga r\u00e1pida con una fuente de alimentaci\u00f3n usb pd de 70 w o m\u00e1s<\/td>\n<\/tr>\n<tr>\n<td>Carga y expansi\u00f3n<\/td>\n<\/tr>\n<tr>\n<td>Puerto de carga magsafe 3<\/td>\n<\/tr>\n<tr>\n<td>Entrada de 3.5 mm para aud\u00edfonos<\/td>\n<\/tr>\n<tr>\n<td>Dos puertos thunderbolt 4 (usb c) compatibles con:<\/td>\n<\/tr>\n<tr>\n<td>Carga<\/td>\n<\/tr>\n<tr>\n<td>Displayport<\/td>\n<\/tr>\n<tr>\n<td>Thunderbolt 4 (hasta 40 gb\/s)<\/td>\n<\/tr>\n<tr>\n<td>Usb 4 (hasta 40 gb\/s)<\/td>\n<\/tr>\n<tr>\n<td>Compatibilidad con monitores externos<\/td>\n<\/tr>\n<tr>\n<td>Es compatible con hasta dos monitores externos:<\/td>\n<\/tr>\n<tr>\n<td>Dos monitores externos con resoluci\u00f3n nativa de hasta 6k a 60 hz o 4k a 144 hz<\/td>\n<\/tr>\n<tr>\n<td>Un monitor con resoluci\u00f3n nativa de hasta 8k a 60 hz o 5k a 120 hz o 4k a 240 hz<\/td>\n<\/tr>\n<tr>\n<td>Admite hasta dos monitores externos a trav\u00e9s de un solo puerto thunderbolt<\/td>\n<\/tr>\n<tr>\n<td>Compatible simult\u00e1neamente con la pantalla integrada a la resoluci\u00f3n nativa completa<\/td>\n<\/tr>\n<tr>\n<td>Los puertos thunderbolt 4 (usb c) son compatibles con velocidades nativas de displayport 1.4 (hasta hbr3) con capacidad dsc<\/td>\n<\/tr>\n<tr>\n<td>Reproducci\u00f3n de video<\/td>\n<\/tr>\n<tr>\n<td>Los formatos compatibles incluyen hevc, h.264, av1 y prores<\/td>\n<\/tr>\n<tr>\n<td>Hdr con dolby vision, hdr10+\/hdr10 y hlg<\/td>\n<\/tr>\n<tr>\n<td>Reproducci\u00f3n de audio<\/td>\n<\/tr>\n<tr>\n<td>Los formatos compatibles incluyen aac, mp3, apple lossless, flac,<\/td>\n<\/tr>\n<tr>\n<td>Dolby digital, dolby digital plus y dolby atmos<\/td>\n<\/tr>\n<tr>\n<td>Teclado y trackpad<\/td>\n<\/tr>\n<tr>\n<td>Magic keyboard retroiluminado con:<\/td>\n<\/tr>\n<tr>\n<td>78 (ansi) o 79 (iso) teclas, incluidas 12 teclas de funci\u00f3n de altura est\u00e1ndar<\/td>\n<\/tr>\n<tr>\n<td>Touch id<\/td>\n<\/tr>\n<tr>\n<td>Sensor de luz ambiental<\/td>\n<\/tr>\n<tr>\n<td>Trackpad force touch con control preciso del cursor y sensibilidad a la presi\u00f3n. permite clics fuertes, aceleradores, trazos sensibles a la presi\u00f3n y gestos multi touch<\/td>\n<\/tr>\n<tr>\n<td>Conexi\u00f3n inal\u00e1mbrica<\/td>\n<\/tr>\n<tr>\n<td>Chip de conexi\u00f3n inal\u00e1mbrica n1 de apple<\/td>\n<\/tr>\n<tr>\n<td>Wi-fi 7 (802.11be)<\/td>\n<\/tr>\n<tr>\n<td>Bluetooth 6<\/td>\n<\/tr>\n<tr>\n<td>Tecnolog\u00eda de red thread<\/td>\n<\/tr>\n<tr>\n<td>C\u00e1mara<\/td>\n<\/tr>\n<tr>\n<td>C\u00e1mara 12mp center stage compatible con vista del escritorio<\/td>\n<\/tr>\n<tr>\n<td>Grabaci\u00f3n de video hd de 1080p<\/td>\n<\/tr>\n<tr>\n<td>Procesador de se\u00f1al de imagen avanzado con video computacional<\/td>\n<\/tr>\n<tr>\n<td>Audio<\/td>\n<\/tr>\n<tr>\n<td>Sistema de sonido de seis bocinas con woofers con cancelaci\u00f3n de fuerza<\/td>\n<\/tr>\n<tr>\n<td>Compatible con audio espacial al reproducir m\u00fasica o video con dolby atmos en las bocinas integradas<\/td>\n<\/tr>\n<tr>\n<td>Audio espacial con seguimiento din\u00e1mico de la cabeza al usar los modelos compatibles de airpods, airpods pro y airpods max<\/td>\n<\/tr>\n<tr>\n<td>Sistema de tres micr\u00f3fonos con tecnolog\u00eda beamforming direccional<\/td>\n<\/tr>\n<tr>\n<td>Modos de micr\u00f3fono: aislamiento de voz y espectro amplio para una mayor claridad de la voz en llamadas de audio y video<\/td>\n<\/tr>\n<tr>\n<td>Entrada de 3.5 mm para aud\u00edfonos, con compatibilidad avanzada para aud\u00edfonos de alta impedancia<\/td>\n<\/tr>\n<tr>\n<td>Tama\u00f1o y peso<\/td>\n<\/tr>\n<tr>\n<td>Grosor: 1.15 cm<\/td>\n<\/tr>\n<tr>\n<td>Ancho: 34.04 cm<\/td>\n<\/tr>\n<tr>\n<td>Profundidad: 23.76 cm<\/td>\n<\/tr>\n<tr>\n<td>Peso: 1.51 kg<\/td>\n<\/tr>\n<tr>\n<td>Sistema operativo<\/td>\n<\/tr>\n<tr>\n<td>Macos<\/td>\n<\/tr>\n<tr>\n<td>Macos es un avanzado sistema operativo. incluye funcionalidades poderosas y f\u00e1ciles de usar que ayudan a impulsar tu productividad y creatividad, apple intelligence y formas integradas de usar el iphone con la mac.<\/td>\n<\/tr>\n<tr>\n<td>Apple intelligence<\/td>\n<\/tr>\n<tr>\n<td>Apple intelligence es un sistema de inteligencia personal que te ayuda a escribir, expresarte y hacer de todo con mucha facilidad. y las avanzadas protecciones de privacidad te dan la tranquilidad de saber que nadie m\u00e1s podr\u00e1 acceder a tus datos. ni siquiera apple.<\/td>\n<\/tr>\n<tr>\n<td>En la caja<\/td>\n<\/tr>\n<tr>\n<td>Macbook air de 15 pulgadas<\/td>\n<\/tr>\n<tr>\n<td>Adaptador de corriente din\u00e1mico de 40 w con un m\u00e1ximo de 60 w<\/td>\n<\/tr>\n<tr>\n<td>Cable de usb-c a magsafe 3 (2 m)<\/td>\n<\/tr>\n<\/table>\n","protected":false},"excerpt":{"rendered":"<p>Macbook air. Poder de alto vuelo. Ahora con los superpoderes del chip m5. Rendimiento. M5. Es una bala. Ia a la velocidad del pensamiento. La macbook air ofrece un rendimiento de ia ultrarr\u00e1pido gracias a la poderosa combinaci\u00f3n del gpu, el neural engine y la memoria unificada del chip m5. Con un neural accelerator integrado en cada n\u00facleo del gpu, las tareas de ia se ejecutan de manera a\u00fan m\u00e1s eficiente. Desde la optimizaci\u00f3n de im\u00e1genes con ia hasta la ejecuci\u00f3n de los \u00faltimos modelos de lenguaje de \u00faltima generaci\u00f3n, tu productividad y creatividad brillar\u00e1n como nunca. Multitasking. Muy, muy r\u00e1pido. El chip m5 dispara la velocidad en todo lo que haces. Trabaja como si nada con m\u00faltiples apps y pesta\u00f1as, edita videos 4k o eng\u00e1nchate con juegos inmersivos como neverness to everness. Y como su dise\u00f1o no tiene ventilador, tambi\u00e9n podr\u00e1s disfrutar el silencio.<\/p>\n","protected":false},"featured_media":0,"comment_status":"open","ping_status":"open","template":"","meta":[],"product_cat":[1886,1887],"product_tag":[1585],"acf":[],"yoast_head":"<!-- This site is optimized with the Yoast SEO plugin v21.7 - https:\/\/yoast.com\/wordpress\/plugins\/seo\/ -->\n<title>[ Apple ] &#129351; Mdv94e\/a Macbook Air 15 Pulgadas\/chip M5 De Con 10cpu Y 10gpu\/16gb\/512gb Ssd\/2 Puertos Thunderbolt\/puerto Magsafe 3\/magic Keyboard Con Touch Id\/plata<\/title>\n<meta name=\"description\" content=\"Compra Mdv94e\/a Macbook Air 15 Pulgadas\/chip M5 De Con 10cpu Y 10gpu\/16gb\/512gb Ssd\/2 Puertos Thunderbolt\/puerto Magsafe 3\/magic Keyboard Con Touch Id\/plata + Env\u00edo a domicilio + Pago seguro + Garant\u00eda\" \/>\n<meta name=\"robots\" content=\"index, follow, max-snippet:-1, max-image-preview:large, max-video-preview:-1\" \/>\n<link rel=\"canonical\" href=\"https:\/\/compuviper.mx\/tienda\/producto\/apple-mdv94e-a-macbook-air-15-pulgadas-chip-m5-de-con-10cpu-y-10gpu-16gb-512gb-ssd-2-puertos-thunderbolt-puerto-magsafe-3-magic-keyboard-con-touch-id-plata\/\" \/>\n<meta property=\"og:locale\" content=\"es_MX\" \/>\n<meta property=\"og:type\" content=\"article\" \/>\n<meta property=\"og:title\" content=\"[ Apple ] &#129351; Mdv94e\/a Macbook Air 15 Pulgadas\/chip M5 De Con 10cpu Y 10gpu\/16gb\/512gb Ssd\/2 Puertos Thunderbolt\/puerto Magsafe 3\/magic Keyboard Con Touch Id\/plata\" \/>\n<meta property=\"og:description\" content=\"Compra Mdv94e\/a Macbook Air 15 Pulgadas\/chip M5 De Con 10cpu Y 10gpu\/16gb\/512gb Ssd\/2 Puertos Thunderbolt\/puerto Magsafe 3\/magic Keyboard Con Touch Id\/plata + Env\u00edo a domicilio + Pago seguro + Garant\u00eda\" \/>\n<meta property=\"og:url\" content=\"https:\/\/compuviper.mx\/tienda\/producto\/apple-mdv94e-a-macbook-air-15-pulgadas-chip-m5-de-con-10cpu-y-10gpu-16gb-512gb-ssd-2-puertos-thunderbolt-puerto-magsafe-3-magic-keyboard-con-touch-id-plata\/\" \/>\n<meta property=\"og:site_name\" content=\"Compuviper\" \/>\n<meta property=\"article:publisher\" content=\"https:\/\/www.facebook.com\/compuviper\" \/>\n<meta property=\"article:modified_time\" content=\"2026-04-02T07:23:13+00:00\" \/>\n<meta name=\"twitter:card\" content=\"summary_large_image\" \/>\n<meta name=\"twitter:label1\" content=\"Precio\" \/>\n\t<meta name=\"twitter:data1\" content=\"&#36;26,128 con IVA\" \/>\n\t<meta name=\"twitter:label2\" content=\"Availability\" \/>\n\t<meta name=\"twitter:data2\" content=\"Out of stock\" \/>\n<script type=\"application\/ld+json\" class=\"yoast-schema-graph\">{\"@context\":\"https:\/\/schema.org\",\"@graph\":[{\"@type\":\"WebPage\",\"@id\":\"https:\/\/compuviper.mx\/tienda\/producto\/apple-mdv94e-a-macbook-air-15-pulgadas-chip-m5-de-con-10cpu-y-10gpu-16gb-512gb-ssd-2-puertos-thunderbolt-puerto-magsafe-3-magic-keyboard-con-touch-id-plata\/\",\"url\":\"https:\/\/compuviper.mx\/tienda\/producto\/apple-mdv94e-a-macbook-air-15-pulgadas-chip-m5-de-con-10cpu-y-10gpu-16gb-512gb-ssd-2-puertos-thunderbolt-puerto-magsafe-3-magic-keyboard-con-touch-id-plata\/\",\"name\":\"[ Apple ] &#129351; Mdv94e\/a Macbook Air 15 Pulgadas\/chip M5 De Con 10cpu Y 10gpu\/16gb\/512gb Ssd\/2 Puertos Thunderbolt\/puerto Magsafe 3\/magic Keyboard Con Touch Id\/plata\",\"isPartOf\":{\"@id\":\"https:\/\/compuviper.mx\/tienda\/#website\"},\"datePublished\":\"2026-04-02T07:23:12+00:00\",\"dateModified\":\"2026-04-02T07:23:13+00:00\",\"description\":\"Compra Mdv94e\/a Macbook Air 15 Pulgadas\/chip M5 De Con 10cpu Y 10gpu\/16gb\/512gb Ssd\/2 Puertos Thunderbolt\/puerto Magsafe 3\/magic Keyboard Con Touch Id\/plata + Env\u00edo a domicilio + Pago seguro + Garant\u00eda\",\"breadcrumb\":{\"@id\":\"https:\/\/compuviper.mx\/tienda\/producto\/apple-mdv94e-a-macbook-air-15-pulgadas-chip-m5-de-con-10cpu-y-10gpu-16gb-512gb-ssd-2-puertos-thunderbolt-puerto-magsafe-3-magic-keyboard-con-touch-id-plata\/#breadcrumb\"},\"inLanguage\":\"es-MX\",\"potentialAction\":[{\"@type\":\"ReadAction\",\"target\":[\"https:\/\/compuviper.mx\/tienda\/producto\/apple-mdv94e-a-macbook-air-15-pulgadas-chip-m5-de-con-10cpu-y-10gpu-16gb-512gb-ssd-2-puertos-thunderbolt-puerto-magsafe-3-magic-keyboard-con-touch-id-plata\/\"]}]},{\"@type\":\"BreadcrumbList\",\"@id\":\"https:\/\/compuviper.mx\/tienda\/producto\/apple-mdv94e-a-macbook-air-15-pulgadas-chip-m5-de-con-10cpu-y-10gpu-16gb-512gb-ssd-2-puertos-thunderbolt-puerto-magsafe-3-magic-keyboard-con-touch-id-plata\/#breadcrumb\",\"itemListElement\":[{\"@type\":\"ListItem\",\"position\":1,\"name\":\"Inicio\",\"item\":\"https:\/\/compuviper.mx\/tienda\/\"},{\"@type\":\"ListItem\",\"position\":2,\"name\":\"Productos\",\"item\":\"https:\/\/compuviper.mx\/tienda\/productos\/\"},{\"@type\":\"ListItem\",\"position\":3,\"name\":\"Laptops\",\"item\":\"https:\/\/compuviper.mx\/tienda\/categoria-producto\/laptops\/\"},{\"@type\":\"ListItem\",\"position\":4,\"name\":\"Notebook\",\"item\":\"https:\/\/compuviper.mx\/tienda\/categoria-producto\/laptops\/notebook-laptops\/\"},{\"@type\":\"ListItem\",\"position\":5,\"name\":\"Apple Mdv94e\/a Macbook Air 15 Pulgadas\/chip M5 De Con 10cpu Y 10gpu\/16gb\/512gb Ssd\/2 Puertos Thunderbolt\/puerto Magsafe 3\/magic Keyboard Con Touch Id\/plata\"}]},{\"@type\":\"WebSite\",\"@id\":\"https:\/\/compuviper.mx\/tienda\/#website\",\"url\":\"https:\/\/compuviper.mx\/tienda\/\",\"name\":\"Compuviper\",\"description\":\"Proveedor de Computadoras, Laptops, Servidores, Monitores, Puntos de Venta, Teclados,   Impresoras, T\u00f3ner, C\u00e1maras de Seguridad y m\u00e1s en tu tienda en l\u00ednea\",\"publisher\":{\"@id\":\"https:\/\/compuviper.mx\/tienda\/#organization\"},\"potentialAction\":[{\"@type\":\"SearchAction\",\"target\":{\"@type\":\"EntryPoint\",\"urlTemplate\":\"https:\/\/compuviper.mx\/tienda\/?s={search_term_string}\"},\"query-input\":\"required name=search_term_string\"}],\"inLanguage\":\"es-MX\"},{\"@type\":\"Organization\",\"@id\":\"https:\/\/compuviper.mx\/tienda\/#organization\",\"name\":\"Compuviper\",\"url\":\"https:\/\/compuviper.mx\/tienda\/\",\"logo\":{\"@type\":\"ImageObject\",\"inLanguage\":\"es-MX\",\"@id\":\"https:\/\/compuviper.mx\/tienda\/#\/schema\/logo\/image\/\",\"url\":\"https:\/\/compuviper.mx\/tienda\/wp-content\/uploads\/2021\/08\/Logo-Compuviper-10.png\",\"contentUrl\":\"https:\/\/compuviper.mx\/tienda\/wp-content\/uploads\/2021\/08\/Logo-Compuviper-10.png\",\"width\":1000,\"height\":500,\"caption\":\"Compuviper\"},\"image\":{\"@id\":\"https:\/\/compuviper.mx\/tienda\/#\/schema\/logo\/image\/\"},\"sameAs\":[\"https:\/\/www.facebook.com\/compuviper\",\"https:\/\/www.youtube.com\/channel\/UCf73dERp9Y3cfOq7q8BhLjA?view_as=subscriber\"]}]}<\/script>\n<meta property=\"product:brand\" content=\"APPLE\" \/>\n<meta property=\"product:price:amount\" content=\"26128\" \/>\n<meta property=\"product:price:currency\" content=\"MXN\" \/>\n<meta property=\"og:availability\" content=\"out of stock\" \/>\n<meta property=\"product:availability\" content=\"out of stock\" \/>\n<meta property=\"product:retailer_item_id\" content=\"MDV94E\/A\" \/>\n<meta property=\"product:condition\" content=\"new\" \/>\n<!-- \/ Yoast SEO plugin. -->","yoast_head_json":{"title":"[ Apple ] &#129351; Mdv94e\/a Macbook Air 15 Pulgadas\/chip M5 De Con 10cpu Y 10gpu\/16gb\/512gb Ssd\/2 Puertos Thunderbolt\/puerto Magsafe 3\/magic Keyboard Con Touch Id\/plata","description":"Compra Mdv94e\/a Macbook Air 15 Pulgadas\/chip M5 De Con 10cpu Y 10gpu\/16gb\/512gb Ssd\/2 Puertos Thunderbolt\/puerto Magsafe 3\/magic Keyboard Con Touch Id\/plata + Env\u00edo a domicilio + Pago seguro + Garant\u00eda","robots":{"index":"index","follow":"follow","max-snippet":"max-snippet:-1","max-image-preview":"max-image-preview:large","max-video-preview":"max-video-preview:-1"},"canonical":"https:\/\/compuviper.mx\/tienda\/producto\/apple-mdv94e-a-macbook-air-15-pulgadas-chip-m5-de-con-10cpu-y-10gpu-16gb-512gb-ssd-2-puertos-thunderbolt-puerto-magsafe-3-magic-keyboard-con-touch-id-plata\/","og_locale":"es_MX","og_type":"article","og_title":"[ Apple ] &#129351; Mdv94e\/a Macbook Air 15 Pulgadas\/chip M5 De Con 10cpu Y 10gpu\/16gb\/512gb Ssd\/2 Puertos Thunderbolt\/puerto Magsafe 3\/magic Keyboard Con Touch Id\/plata","og_description":"Compra Mdv94e\/a Macbook Air 15 Pulgadas\/chip M5 De Con 10cpu Y 10gpu\/16gb\/512gb Ssd\/2 Puertos Thunderbolt\/puerto Magsafe 3\/magic Keyboard Con Touch Id\/plata + Env\u00edo a domicilio + Pago seguro + Garant\u00eda","og_url":"https:\/\/compuviper.mx\/tienda\/producto\/apple-mdv94e-a-macbook-air-15-pulgadas-chip-m5-de-con-10cpu-y-10gpu-16gb-512gb-ssd-2-puertos-thunderbolt-puerto-magsafe-3-magic-keyboard-con-touch-id-plata\/","og_site_name":"Compuviper","article_publisher":"https:\/\/www.facebook.com\/compuviper","article_modified_time":"2026-04-02T07:23:13+00:00","twitter_card":"summary_large_image","twitter_misc":{"Precio":"&#36;26,128 con IVA","Availability":"Out of stock"},"schema":{"@context":"https:\/\/schema.org","@graph":[{"@type":"WebPage","@id":"https:\/\/compuviper.mx\/tienda\/producto\/apple-mdv94e-a-macbook-air-15-pulgadas-chip-m5-de-con-10cpu-y-10gpu-16gb-512gb-ssd-2-puertos-thunderbolt-puerto-magsafe-3-magic-keyboard-con-touch-id-plata\/","url":"https:\/\/compuviper.mx\/tienda\/producto\/apple-mdv94e-a-macbook-air-15-pulgadas-chip-m5-de-con-10cpu-y-10gpu-16gb-512gb-ssd-2-puertos-thunderbolt-puerto-magsafe-3-magic-keyboard-con-touch-id-plata\/","name":"[ Apple ] &#129351; Mdv94e\/a Macbook Air 15 Pulgadas\/chip M5 De Con 10cpu Y 10gpu\/16gb\/512gb Ssd\/2 Puertos Thunderbolt\/puerto Magsafe 3\/magic Keyboard Con Touch Id\/plata","isPartOf":{"@id":"https:\/\/compuviper.mx\/tienda\/#website"},"datePublished":"2026-04-02T07:23:12+00:00","dateModified":"2026-04-02T07:23:13+00:00","description":"Compra Mdv94e\/a Macbook Air 15 Pulgadas\/chip M5 De Con 10cpu Y 10gpu\/16gb\/512gb Ssd\/2 Puertos Thunderbolt\/puerto Magsafe 3\/magic Keyboard Con Touch Id\/plata + Env\u00edo a domicilio + Pago seguro + Garant\u00eda","breadcrumb":{"@id":"https:\/\/compuviper.mx\/tienda\/producto\/apple-mdv94e-a-macbook-air-15-pulgadas-chip-m5-de-con-10cpu-y-10gpu-16gb-512gb-ssd-2-puertos-thunderbolt-puerto-magsafe-3-magic-keyboard-con-touch-id-plata\/#breadcrumb"},"inLanguage":"es-MX","potentialAction":[{"@type":"ReadAction","target":["https:\/\/compuviper.mx\/tienda\/producto\/apple-mdv94e-a-macbook-air-15-pulgadas-chip-m5-de-con-10cpu-y-10gpu-16gb-512gb-ssd-2-puertos-thunderbolt-puerto-magsafe-3-magic-keyboard-con-touch-id-plata\/"]}]},{"@type":"BreadcrumbList","@id":"https:\/\/compuviper.mx\/tienda\/producto\/apple-mdv94e-a-macbook-air-15-pulgadas-chip-m5-de-con-10cpu-y-10gpu-16gb-512gb-ssd-2-puertos-thunderbolt-puerto-magsafe-3-magic-keyboard-con-touch-id-plata\/#breadcrumb","itemListElement":[{"@type":"ListItem","position":1,"name":"Inicio","item":"https:\/\/compuviper.mx\/tienda\/"},{"@type":"ListItem","position":2,"name":"Productos","item":"https:\/\/compuviper.mx\/tienda\/productos\/"},{"@type":"ListItem","position":3,"name":"Laptops","item":"https:\/\/compuviper.mx\/tienda\/categoria-producto\/laptops\/"},{"@type":"ListItem","position":4,"name":"Notebook","item":"https:\/\/compuviper.mx\/tienda\/categoria-producto\/laptops\/notebook-laptops\/"},{"@type":"ListItem","position":5,"name":"Apple Mdv94e\/a Macbook Air 15 Pulgadas\/chip M5 De Con 10cpu Y 10gpu\/16gb\/512gb Ssd\/2 Puertos Thunderbolt\/puerto Magsafe 3\/magic Keyboard Con Touch Id\/plata"}]},{"@type":"WebSite","@id":"https:\/\/compuviper.mx\/tienda\/#website","url":"https:\/\/compuviper.mx\/tienda\/","name":"Compuviper","description":"Proveedor de Computadoras, Laptops, Servidores, Monitores, Puntos de Venta, Teclados,   Impresoras, T\u00f3ner, C\u00e1maras de Seguridad y m\u00e1s en tu tienda en l\u00ednea","publisher":{"@id":"https:\/\/compuviper.mx\/tienda\/#organization"},"potentialAction":[{"@type":"SearchAction","target":{"@type":"EntryPoint","urlTemplate":"https:\/\/compuviper.mx\/tienda\/?s={search_term_string}"},"query-input":"required name=search_term_string"}],"inLanguage":"es-MX"},{"@type":"Organization","@id":"https:\/\/compuviper.mx\/tienda\/#organization","name":"Compuviper","url":"https:\/\/compuviper.mx\/tienda\/","logo":{"@type":"ImageObject","inLanguage":"es-MX","@id":"https:\/\/compuviper.mx\/tienda\/#\/schema\/logo\/image\/","url":"https:\/\/compuviper.mx\/tienda\/wp-content\/uploads\/2021\/08\/Logo-Compuviper-10.png","contentUrl":"https:\/\/compuviper.mx\/tienda\/wp-content\/uploads\/2021\/08\/Logo-Compuviper-10.png","width":1000,"height":500,"caption":"Compuviper"},"image":{"@id":"https:\/\/compuviper.mx\/tienda\/#\/schema\/logo\/image\/"},"sameAs":["https:\/\/www.facebook.com\/compuviper","https:\/\/www.youtube.com\/channel\/UCf73dERp9Y3cfOq7q8BhLjA?view_as=subscriber"]}]},"product_brand":"APPLE","product_price_amount":"26128","product_price_currency":"MXN","og_availability":"out of stock","product_availability":"out of stock","product_retailer_item_id":"MDV94E\/A","product_condition":"new"},"_links":{"self":[{"href":"https:\/\/compuviper.mx\/tienda\/wp-json\/wp\/v2\/product\/268105"}],"collection":[{"href":"https:\/\/compuviper.mx\/tienda\/wp-json\/wp\/v2\/product"}],"about":[{"href":"https:\/\/compuviper.mx\/tienda\/wp-json\/wp\/v2\/types\/product"}],"replies":[{"embeddable":true,"href":"https:\/\/compuviper.mx\/tienda\/wp-json\/wp\/v2\/comments?post=268105"}],"wp:attachment":[{"href":"https:\/\/compuviper.mx\/tienda\/wp-json\/wp\/v2\/media?parent=268105"}],"wp:term":[{"taxonomy":"product_cat","embeddable":true,"href":"https:\/\/compuviper.mx\/tienda\/wp-json\/wp\/v2\/product_cat?post=268105"},{"taxonomy":"product_tag","embeddable":true,"href":"https:\/\/compuviper.mx\/tienda\/wp-json\/wp\/v2\/product_tag?post=268105"}],"curies":[{"name":"wp","href":"https:\/\/api.w.org\/{rel}","templated":true}]}}