{"id":268102,"date":"2026-04-02T01:23:08","date_gmt":"2026-04-02T07:23:08","guid":{"rendered":"https:\/\/compuviper.mx\/tienda\/producto\/lenovo-21lns0n603-laptop-thinkpad-l13-2-in-1-gen-5-ultra-5-135u-4-4ghz-vpro-16gb-lpddr5-512gb-ssd-13-3-wuxga-1920x1200-touch-con-pluma-teclado-backlit-ingles-win-11-pro-4yr-premier\/"},"modified":"2026-04-02T01:23:08","modified_gmt":"2026-04-02T07:23:08","slug":"lenovo-21lns0n603-laptop-thinkpad-l13-2-in-1-gen-5-ultra-5-135u-4-4ghz-vpro-16gb-lpddr5-512gb-ssd-13-3-wuxga-1920x1200-touch-con-pluma-teclado-backlit-ingles-win-11-pro-4yr-premier","status":"publish","type":"product","link":"https:\/\/compuviper.mx\/tienda\/producto\/lenovo-21lns0n603-laptop-thinkpad-l13-2-in-1-gen-5-ultra-5-135u-4-4ghz-vpro-16gb-lpddr5-512gb-ssd-13-3-wuxga-1920x1200-touch-con-pluma-teclado-backlit-ingles-win-11-pro-4yr-premier\/","title":{"rendered":"Lenovo 21lns0n603 Laptop  Thinkpad L13 2-in-1 Gen 5 \/ Ultra 5 135u 4.4ghz Vpro \/ 16gb Lpddr5 \/ 512gb Ssd \/ 13.3 Wuxga 1920&#215;1200 Touch \/ Con Pluma \/ Teclado Backlit \/ Ingles \/ Win 11 Pro \/ 4yr Premier Support"},"content":{"rendered":"<table class=\"descripcion\">\n<tr>\n<td>Thinkpad l13 2-in-1 gen 5 (intel) 21lns0n603<\/td>\n<\/tr>\n<tr>\n<td>Performance<\/td>\n<\/tr>\n<tr>\n<td>Processor<\/td>\n<\/tr>\n<tr>\n<td>Intel core\u0099 ultra 5 135u, 12c (2p + 8e + 2lpe) \/ 14t, max turbo up to<\/td>\n<\/tr>\n<tr>\n<td>4.4ghz, 12mb intel\u00ae smart cache<\/td>\n<\/tr>\n<tr>\n<td>Npu<\/td>\n<\/tr>\n<tr>\n<td>Integrated intel\u00ae ai boost, up to 11 tops<\/td>\n<\/tr>\n<tr>\n<td>Graphics<\/td>\n<\/tr>\n<tr>\n<td>Integrated intel\u00ae graphics<\/td>\n<\/tr>\n<tr>\n<td>Chipset<\/td>\n<\/tr>\n<tr>\n<td>Intel\u00ae soc platform<\/td>\n<\/tr>\n<tr>\n<td>Memory<\/td>\n<\/tr>\n<tr>\n<td>[1]<\/td>\n<\/tr>\n<tr>\n<td>16gb soldered lpddr5-6400<\/td>\n<\/tr>\n<tr>\n<td>Memory slots<\/td>\n<\/tr>\n<tr>\n<td>Memory soldered to systemboard, no slots, dual-channel<\/td>\n<\/tr>\n<tr>\n<td>Max memory<\/td>\n<\/tr>\n<tr>\n<td>16gb soldered memory, not upgradable<\/td>\n<\/tr>\n<tr>\n<td>Storage<\/td>\n<\/tr>\n<tr>\n<td>512gb ssd m.2 2280 pcie\u00ae 4.0&#215;4 nvme\u00ae opal 2.0<\/td>\n<\/tr>\n<tr>\n<td>Storage slot<\/td>\n<\/tr>\n<tr>\n<td>One m.2 2280 pcie\u00ae 4.0 x4 slot<\/td>\n<\/tr>\n<tr>\n<td>Max storage support<\/td>\n<\/tr>\n<tr>\n<td>[2]<\/td>\n<\/tr>\n<tr>\n<td>One drive, up to 1tb m.2 2280 ssd<\/td>\n<\/tr>\n<tr>\n<td>Optical<\/td>\n<\/tr>\n<tr>\n<td>None<\/td>\n<\/tr>\n<tr>\n<td>Card reader<\/td>\n<\/tr>\n<tr>\n<td>No card reader<\/td>\n<\/tr>\n<tr>\n<td>Audio chip<\/td>\n<\/tr>\n<tr>\n<td>High definition (hd) audio, realtek\u00ae alc3287 codec<\/td>\n<\/tr>\n<tr>\n<td>Speakers<\/td>\n<\/tr>\n<tr>\n<td>Stereo speakers, 2w x2, dolby audio\u0099<\/td>\n<\/tr>\n<tr>\n<td>Microphone<\/td>\n<\/tr>\n<tr>\n<td>2x, array<\/td>\n<\/tr>\n<tr>\n<td>Camera<\/td>\n<\/tr>\n<tr>\n<td>Front fhd 1080p + ir hybrid with privacy shutter<\/td>\n<\/tr>\n<tr>\n<td>Battery<\/td>\n<\/tr>\n<tr>\n<td>46wh<\/td>\n<\/tr>\n<tr>\n<td>Power adapter<\/td>\n<\/tr>\n<tr>\n<td>65w usb-c\u00ae (2-pin)<\/td>\n<\/tr>\n<tr>\n<td>Design<\/td>\n<\/tr>\n<tr>\n<td>Display<\/td>\n<\/tr>\n<tr>\n<td>13.3 wuxga (1920&#215;1200) ips 300nits anti-reflection \/ anti-smudge,<\/td>\n<\/tr>\n<tr>\n<td>100% srgb, touch<\/td>\n<\/tr>\n<tr>\n<td>[3]<\/td>\n<\/tr>\n<tr>\n<td>Touchscreen<\/td>\n<\/tr>\n<tr>\n<td>Ogs, 10-point multi-touch<\/td>\n<\/tr>\n<tr>\n<td>Screen-to-body ratio<\/td>\n<\/tr>\n<tr>\n<td>83.5%<\/td>\n<\/tr>\n<tr>\n<td>Pen<\/td>\n<\/tr>\n<tr>\n<td>Lenovo\u00ae integrated pen<\/td>\n<\/tr>\n<tr>\n<td>Keyboard<\/td>\n<\/tr>\n<tr>\n<td>Backlit, english<\/td>\n<\/tr>\n<tr>\n<td>Dimensions (wxdxh)<\/td>\n<\/tr>\n<tr>\n<td>[4]<\/td>\n<\/tr>\n<tr>\n<td>305 x 218 x 17.06 mm (12.0 x 8.58 x 0.67 inches)<\/td>\n<\/tr>\n<tr>\n<td>Weight<\/td>\n<\/tr>\n<tr>\n<td>[5]<\/td>\n<\/tr>\n<tr>\n<td>Starting at 1.32 kg (2.92 lbs)<\/td>\n<\/tr>\n<tr>\n<td>Case color<\/td>\n<\/tr>\n<tr>\n<td>Grey<\/td>\n<\/tr>\n<tr>\n<td>Case material<\/td>\n<\/tr>\n<tr>\n<td>Aluminium (top), gfrp (bottom)<\/td>\n<\/tr>\n<tr>\n<td>Software<\/td>\n<\/tr>\n<tr>\n<td>Operating system<\/td>\n<\/tr>\n<tr>\n<td>Windows\u00ae 11 pro, spanish<\/td>\n<\/tr>\n<tr>\n<td>Bundled software<\/td>\n<\/tr>\n<tr>\n<td>None<\/td>\n<\/tr>\n<tr>\n<td>Connectivity<\/td>\n<\/tr>\n<tr>\n<td>Wlan + bluetooth<\/td>\n<\/tr>\n<tr>\n<td>Intel\u00ae wi-fi\u00ae 6e ax211, 802.11ax 2&#215;2 + bt5.3, vpro\u00ae<\/td>\n<\/tr>\n<tr>\n<td>[6]<\/td>\n<\/tr>\n<tr>\n<td>Wwan<\/td>\n<\/tr>\n<tr>\n<td>Wwan not supported<\/td>\n<\/tr>\n<tr>\n<td>Sim card<\/td>\n<\/tr>\n<tr>\n<td>No physical sim card inbox<\/td>\n<\/tr>\n<tr>\n<td>Ethernet<\/td>\n<\/tr>\n<tr>\n<td>[7]<\/td>\n<\/tr>\n<tr>\n<td>No onboard ethernet<\/td>\n<\/tr>\n<tr>\n<td>Nfc<\/td>\n<\/tr>\n<tr>\n<td>No nfc<\/td>\n<\/tr>\n<tr>\n<td>Standard ports<\/td>\n<\/tr>\n<tr>\n<td>1x usb-a (usb 5gbps \/ usb 3.2 gen 1)<\/td>\n<\/tr>\n<tr>\n<td>1x usb-a (usb 5gbps \/ usb 3.2 gen 1), always on<\/td>\n<\/tr>\n<tr>\n<td>1x usb-c\u00ae (usb 20gbps \/ usb 3.2 gen 2&#215;2), with usb pd 3.0 and<\/td>\n<\/tr>\n<tr>\n<td>Displayport\u0099 1.4<\/td>\n<\/tr>\n<tr>\n<td>1x usb-c\u00ae (thunderbolt\u0099 4 \/ usb4\u00ae 40gbps), with usb pd 3.0 and<\/td>\n<\/tr>\n<tr>\n<td>Displayport\u0099 2.1<\/td>\n<\/tr>\n<tr>\n<td>1x hdmi\u00ae 2.1, up to 4k\/60hz<\/td>\n<\/tr>\n<tr>\n<td>1x headphone \/ microphone combo jack (3.5mm)<\/td>\n<\/tr>\n<tr>\n<td>Optional ports (configured)<\/td>\n<\/tr>\n<tr>\n<td>None<\/td>\n<\/tr>\n<tr>\n<td>Docking<\/td>\n<\/tr>\n<tr>\n<td>Various docking solutions supported via thunderbolt\u0099 or usb-c\u00ae. for<\/td>\n<\/tr>\n<tr>\n<td>More compatible docking solutions, please visit docking for thinkpad\u00ae<\/td>\n<\/tr>\n<tr>\n<td>L13 2-in-1 gen 5 (intel\u00ae)<\/td>\n<\/tr>\n<tr>\n<td>Security  and  privacy<\/td>\n<\/tr>\n<tr>\n<td>Thinkshield<\/td>\n<\/tr>\n<tr>\n<td>Thinkshield is a comprehensive security solution that encompasses<\/td>\n<\/tr>\n<tr>\n<td>Hardware, software, and supply chain components. for more detials,<\/td>\n<\/tr>\n<tr>\n<td>Visit here<\/td>\n<\/tr>\n<tr>\n<td>Security chip<\/td>\n<\/tr>\n<tr>\n<td>Discrete tpm 2.0 enabled<\/td>\n<\/tr>\n<tr>\n<td>Physical locks<\/td>\n<\/tr>\n<tr>\n<td>Kensington nano security slot\u0099, 2.5 x 6 mm<\/td>\n<\/tr>\n<tr>\n<td>Smart card reader<\/td>\n<\/tr>\n<tr>\n<td>No smart card reader<\/td>\n<\/tr>\n<tr>\n<td>Fingerprint reader<\/td>\n<\/tr>\n<tr>\n<td>Touch style, match-on-chip, integrated in power button<\/td>\n<\/tr>\n<tr>\n<td>Other security<\/td>\n<\/tr>\n<tr>\n<td>Camera privacy shutter<\/td>\n<\/tr>\n<tr>\n<td>Ir camera for windows\u00ae hello (facial recognition)<\/td>\n<\/tr>\n<tr>\n<td>Manageability<\/td>\n<\/tr>\n<tr>\n<td>System management<\/td>\n<\/tr>\n<tr>\n<td>Intel\u00ae vpro\u00ae enterprise<\/td>\n<\/tr>\n<tr>\n<td>[8]<\/td>\n<\/tr>\n<tr>\n<td>Service<\/td>\n<\/tr>\n<tr>\n<td>Base warranty<\/td>\n<\/tr>\n<tr>\n<td>3-year, courier or carry-in<\/td>\n<\/tr>\n<tr>\n<td>Included upgrade<\/td>\n<\/tr>\n<tr>\n<td>4y premier support upgrade from 3y courier\/carry-in<\/td>\n<\/tr>\n<tr>\n<td>Accessories<\/td>\n<\/tr>\n<tr>\n<td>Bundled accessories<\/td>\n<\/tr>\n<tr>\n<td>None<\/td>\n<\/tr>\n<tr>\n<td>Certifications<\/td>\n<\/tr>\n<tr>\n<td>Green certifications<\/td>\n<\/tr>\n<tr>\n<td>Energy star\u00ae 9.0<\/td>\n<\/tr>\n<tr>\n<td>Epeat\u0099 gold registered<\/td>\n<\/tr>\n<tr>\n<td>[9]<\/td>\n<\/tr>\n<tr>\n<td>Erp lot 6\/26<\/td>\n<\/tr>\n<tr>\n<td>Rohs compliant<\/td>\n<\/tr>\n<tr>\n<td>Tco certified, generation 10<\/td>\n<\/tr>\n<tr>\n<td>Mil-spec test<\/td>\n<\/tr>\n<tr>\n<td>Mil-std-810h military test passed<\/td>\n<\/tr>\n<\/table>\n","protected":false},"excerpt":{"rendered":"<p>Compacto pero potente para impulsar tu jornada. Thinkpad l13 2 en 1 gen 5 (33,02 cm [13\u0094] intel)<\/p>\n","protected":false},"featured_media":0,"comment_status":"open","ping_status":"open","template":"","meta":[],"product_cat":[2017,1886],"product_tag":[1578],"acf":[],"yoast_head":"<!-- This site is optimized with the Yoast SEO plugin v21.7 - https:\/\/yoast.com\/wordpress\/plugins\/seo\/ -->\n<title>[ Lenovo ] &#129351; 21lns0n603 Laptop Thinkpad L13 2-in-1 Gen 5 \/ Ultra 5 135u 4.4ghz Vpro \/ 16gb Lpddr5 \/ 512gb Ssd \/ 13.3 Wuxga 1920x1200 Touch \/ Con Pluma \/ Teclado Backlit \/ Ingles \/ Win 11 Pro \/ 4yr Premier Support<\/title>\n<meta name=\"description\" content=\"Compra 21lns0n603 Laptop Thinkpad L13 2-in-1 Gen 5 \/ Ultra 5 135u 4.4ghz Vpro \/ 16gb Lpddr5 \/ 512gb Ssd \/ 13.3 Wuxga 1920x1200 Touch \/ Con Pluma \/ Teclado Backlit \/ Ingles \/ Win 11 Pro \/ 4yr Premier Support + Env\u00edo a domicilio + Pago seguro + Garant\u00eda\" \/>\n<meta name=\"robots\" content=\"index, follow, max-snippet:-1, max-image-preview:large, max-video-preview:-1\" \/>\n<link rel=\"canonical\" href=\"https:\/\/compuviper.mx\/tienda\/producto\/lenovo-21lns0n603-laptop-thinkpad-l13-2-in-1-gen-5-ultra-5-135u-4-4ghz-vpro-16gb-lpddr5-512gb-ssd-13-3-wuxga-1920x1200-touch-con-pluma-teclado-backlit-ingles-win-11-pro-4yr-premier\/\" \/>\n<meta property=\"og:locale\" content=\"es_MX\" \/>\n<meta property=\"og:type\" content=\"article\" \/>\n<meta property=\"og:title\" content=\"[ Lenovo ] &#129351; 21lns0n603 Laptop Thinkpad L13 2-in-1 Gen 5 \/ Ultra 5 135u 4.4ghz Vpro \/ 16gb Lpddr5 \/ 512gb Ssd \/ 13.3 Wuxga 1920x1200 Touch \/ Con Pluma \/ Teclado Backlit \/ Ingles \/ Win 11 Pro \/ 4yr Premier Support\" \/>\n<meta property=\"og:description\" content=\"Compra 21lns0n603 Laptop Thinkpad L13 2-in-1 Gen 5 \/ Ultra 5 135u 4.4ghz Vpro \/ 16gb Lpddr5 \/ 512gb Ssd \/ 13.3 Wuxga 1920x1200 Touch \/ Con Pluma \/ Teclado Backlit \/ Ingles \/ Win 11 Pro \/ 4yr Premier Support + Env\u00edo a domicilio + Pago seguro + Garant\u00eda\" \/>\n<meta property=\"og:url\" content=\"https:\/\/compuviper.mx\/tienda\/producto\/lenovo-21lns0n603-laptop-thinkpad-l13-2-in-1-gen-5-ultra-5-135u-4-4ghz-vpro-16gb-lpddr5-512gb-ssd-13-3-wuxga-1920x1200-touch-con-pluma-teclado-backlit-ingles-win-11-pro-4yr-premier\/\" \/>\n<meta property=\"og:site_name\" content=\"Compuviper\" \/>\n<meta property=\"article:publisher\" content=\"https:\/\/www.facebook.com\/compuviper\" \/>\n<meta name=\"twitter:card\" content=\"summary_large_image\" \/>\n<meta name=\"twitter:label1\" content=\"Precio\" \/>\n\t<meta name=\"twitter:data1\" content=\"&#36;22,168 con IVA\" \/>\n\t<meta name=\"twitter:label2\" content=\"Availability\" \/>\n\t<meta name=\"twitter:data2\" content=\"On backorder\" \/>\n<script type=\"application\/ld+json\" class=\"yoast-schema-graph\">{\"@context\":\"https:\/\/schema.org\",\"@graph\":[{\"@type\":\"WebPage\",\"@id\":\"https:\/\/compuviper.mx\/tienda\/producto\/lenovo-21lns0n603-laptop-thinkpad-l13-2-in-1-gen-5-ultra-5-135u-4-4ghz-vpro-16gb-lpddr5-512gb-ssd-13-3-wuxga-1920x1200-touch-con-pluma-teclado-backlit-ingles-win-11-pro-4yr-premier\/\",\"url\":\"https:\/\/compuviper.mx\/tienda\/producto\/lenovo-21lns0n603-laptop-thinkpad-l13-2-in-1-gen-5-ultra-5-135u-4-4ghz-vpro-16gb-lpddr5-512gb-ssd-13-3-wuxga-1920x1200-touch-con-pluma-teclado-backlit-ingles-win-11-pro-4yr-premier\/\",\"name\":\"[ Lenovo ] &#129351; 21lns0n603 Laptop Thinkpad L13 2-in-1 Gen 5 \/ Ultra 5 135u 4.4ghz Vpro \/ 16gb Lpddr5 \/ 512gb Ssd \/ 13.3 Wuxga 1920x1200 Touch \/ Con Pluma \/ Teclado Backlit \/ Ingles \/ Win 11 Pro \/ 4yr Premier Support\",\"isPartOf\":{\"@id\":\"https:\/\/compuviper.mx\/tienda\/#website\"},\"datePublished\":\"2026-04-02T07:23:08+00:00\",\"dateModified\":\"2026-04-02T07:23:08+00:00\",\"description\":\"Compra 21lns0n603 Laptop Thinkpad L13 2-in-1 Gen 5 \/ Ultra 5 135u 4.4ghz Vpro \/ 16gb Lpddr5 \/ 512gb Ssd \/ 13.3 Wuxga 1920x1200 Touch \/ Con Pluma \/ Teclado Backlit \/ Ingles \/ Win 11 Pro \/ 4yr Premier Support + Env\u00edo a domicilio + Pago seguro + Garant\u00eda\",\"breadcrumb\":{\"@id\":\"https:\/\/compuviper.mx\/tienda\/producto\/lenovo-21lns0n603-laptop-thinkpad-l13-2-in-1-gen-5-ultra-5-135u-4-4ghz-vpro-16gb-lpddr5-512gb-ssd-13-3-wuxga-1920x1200-touch-con-pluma-teclado-backlit-ingles-win-11-pro-4yr-premier\/#breadcrumb\"},\"inLanguage\":\"es-MX\",\"potentialAction\":[{\"@type\":\"ReadAction\",\"target\":[\"https:\/\/compuviper.mx\/tienda\/producto\/lenovo-21lns0n603-laptop-thinkpad-l13-2-in-1-gen-5-ultra-5-135u-4-4ghz-vpro-16gb-lpddr5-512gb-ssd-13-3-wuxga-1920x1200-touch-con-pluma-teclado-backlit-ingles-win-11-pro-4yr-premier\/\"]}]},{\"@type\":\"BreadcrumbList\",\"@id\":\"https:\/\/compuviper.mx\/tienda\/producto\/lenovo-21lns0n603-laptop-thinkpad-l13-2-in-1-gen-5-ultra-5-135u-4-4ghz-vpro-16gb-lpddr5-512gb-ssd-13-3-wuxga-1920x1200-touch-con-pluma-teclado-backlit-ingles-win-11-pro-4yr-premier\/#breadcrumb\",\"itemListElement\":[{\"@type\":\"ListItem\",\"position\":1,\"name\":\"Inicio\",\"item\":\"https:\/\/compuviper.mx\/tienda\/\"},{\"@type\":\"ListItem\",\"position\":2,\"name\":\"Productos\",\"item\":\"https:\/\/compuviper.mx\/tienda\/productos\/\"},{\"@type\":\"ListItem\",\"position\":3,\"name\":\"Laptops\",\"item\":\"https:\/\/compuviper.mx\/tienda\/categoria-producto\/laptops\/\"},{\"@type\":\"ListItem\",\"position\":4,\"name\":\"2 En 1\",\"item\":\"https:\/\/compuviper.mx\/tienda\/categoria-producto\/laptops\/2-en-1\/\"},{\"@type\":\"ListItem\",\"position\":5,\"name\":\"Lenovo 21lns0n603 Laptop Thinkpad L13 2-in-1 Gen 5 \/ Ultra 5 135u 4.4ghz Vpro \/ 16gb Lpddr5 \/ 512gb Ssd \/ 13.3 Wuxga 1920&#215;1200 Touch \/ Con Pluma \/ Teclado Backlit \/ Ingles \/ Win 11 Pro \/ 4yr Premier Support\"}]},{\"@type\":\"WebSite\",\"@id\":\"https:\/\/compuviper.mx\/tienda\/#website\",\"url\":\"https:\/\/compuviper.mx\/tienda\/\",\"name\":\"Compuviper\",\"description\":\"Proveedor de Computadoras, Laptops, Servidores, Monitores, Puntos de Venta, Teclados,   Impresoras, T\u00f3ner, C\u00e1maras de Seguridad y m\u00e1s en tu tienda en l\u00ednea\",\"publisher\":{\"@id\":\"https:\/\/compuviper.mx\/tienda\/#organization\"},\"potentialAction\":[{\"@type\":\"SearchAction\",\"target\":{\"@type\":\"EntryPoint\",\"urlTemplate\":\"https:\/\/compuviper.mx\/tienda\/?s={search_term_string}\"},\"query-input\":\"required name=search_term_string\"}],\"inLanguage\":\"es-MX\"},{\"@type\":\"Organization\",\"@id\":\"https:\/\/compuviper.mx\/tienda\/#organization\",\"name\":\"Compuviper\",\"url\":\"https:\/\/compuviper.mx\/tienda\/\",\"logo\":{\"@type\":\"ImageObject\",\"inLanguage\":\"es-MX\",\"@id\":\"https:\/\/compuviper.mx\/tienda\/#\/schema\/logo\/image\/\",\"url\":\"https:\/\/compuviper.mx\/tienda\/wp-content\/uploads\/2021\/08\/Logo-Compuviper-10.png\",\"contentUrl\":\"https:\/\/compuviper.mx\/tienda\/wp-content\/uploads\/2021\/08\/Logo-Compuviper-10.png\",\"width\":1000,\"height\":500,\"caption\":\"Compuviper\"},\"image\":{\"@id\":\"https:\/\/compuviper.mx\/tienda\/#\/schema\/logo\/image\/\"},\"sameAs\":[\"https:\/\/www.facebook.com\/compuviper\",\"https:\/\/www.youtube.com\/channel\/UCf73dERp9Y3cfOq7q8BhLjA?view_as=subscriber\"]}]}<\/script>\n<meta property=\"product:brand\" content=\"LENOVO\" \/>\n<meta property=\"product:price:amount\" content=\"22168\" \/>\n<meta property=\"product:price:currency\" content=\"MXN\" \/>\n<meta property=\"og:availability\" content=\"backorder\" \/>\n<meta property=\"product:availability\" content=\"available for order\" \/>\n<meta property=\"product:retailer_item_id\" content=\"21LNS0N603\" \/>\n<meta property=\"product:condition\" content=\"new\" \/>\n<!-- \/ Yoast SEO plugin. -->","yoast_head_json":{"title":"[ Lenovo ] &#129351; 21lns0n603 Laptop Thinkpad L13 2-in-1 Gen 5 \/ Ultra 5 135u 4.4ghz Vpro \/ 16gb Lpddr5 \/ 512gb Ssd \/ 13.3 Wuxga 1920x1200 Touch \/ Con Pluma \/ Teclado Backlit \/ Ingles \/ Win 11 Pro \/ 4yr Premier Support","description":"Compra 21lns0n603 Laptop Thinkpad L13 2-in-1 Gen 5 \/ Ultra 5 135u 4.4ghz Vpro \/ 16gb Lpddr5 \/ 512gb Ssd \/ 13.3 Wuxga 1920x1200 Touch \/ Con Pluma \/ Teclado Backlit \/ Ingles \/ Win 11 Pro \/ 4yr Premier Support + Env\u00edo a domicilio + Pago seguro + Garant\u00eda","robots":{"index":"index","follow":"follow","max-snippet":"max-snippet:-1","max-image-preview":"max-image-preview:large","max-video-preview":"max-video-preview:-1"},"canonical":"https:\/\/compuviper.mx\/tienda\/producto\/lenovo-21lns0n603-laptop-thinkpad-l13-2-in-1-gen-5-ultra-5-135u-4-4ghz-vpro-16gb-lpddr5-512gb-ssd-13-3-wuxga-1920x1200-touch-con-pluma-teclado-backlit-ingles-win-11-pro-4yr-premier\/","og_locale":"es_MX","og_type":"article","og_title":"[ Lenovo ] &#129351; 21lns0n603 Laptop Thinkpad L13 2-in-1 Gen 5 \/ Ultra 5 135u 4.4ghz Vpro \/ 16gb Lpddr5 \/ 512gb Ssd \/ 13.3 Wuxga 1920x1200 Touch \/ Con Pluma \/ Teclado Backlit \/ Ingles \/ Win 11 Pro \/ 4yr Premier Support","og_description":"Compra 21lns0n603 Laptop Thinkpad L13 2-in-1 Gen 5 \/ Ultra 5 135u 4.4ghz Vpro \/ 16gb Lpddr5 \/ 512gb Ssd \/ 13.3 Wuxga 1920x1200 Touch \/ Con Pluma \/ Teclado Backlit \/ Ingles \/ Win 11 Pro \/ 4yr Premier Support + Env\u00edo a domicilio + Pago seguro + Garant\u00eda","og_url":"https:\/\/compuviper.mx\/tienda\/producto\/lenovo-21lns0n603-laptop-thinkpad-l13-2-in-1-gen-5-ultra-5-135u-4-4ghz-vpro-16gb-lpddr5-512gb-ssd-13-3-wuxga-1920x1200-touch-con-pluma-teclado-backlit-ingles-win-11-pro-4yr-premier\/","og_site_name":"Compuviper","article_publisher":"https:\/\/www.facebook.com\/compuviper","twitter_card":"summary_large_image","twitter_misc":{"Precio":"&#36;22,168 con IVA","Availability":"On backorder"},"schema":{"@context":"https:\/\/schema.org","@graph":[{"@type":"WebPage","@id":"https:\/\/compuviper.mx\/tienda\/producto\/lenovo-21lns0n603-laptop-thinkpad-l13-2-in-1-gen-5-ultra-5-135u-4-4ghz-vpro-16gb-lpddr5-512gb-ssd-13-3-wuxga-1920x1200-touch-con-pluma-teclado-backlit-ingles-win-11-pro-4yr-premier\/","url":"https:\/\/compuviper.mx\/tienda\/producto\/lenovo-21lns0n603-laptop-thinkpad-l13-2-in-1-gen-5-ultra-5-135u-4-4ghz-vpro-16gb-lpddr5-512gb-ssd-13-3-wuxga-1920x1200-touch-con-pluma-teclado-backlit-ingles-win-11-pro-4yr-premier\/","name":"[ Lenovo ] &#129351; 21lns0n603 Laptop Thinkpad L13 2-in-1 Gen 5 \/ Ultra 5 135u 4.4ghz Vpro \/ 16gb Lpddr5 \/ 512gb Ssd \/ 13.3 Wuxga 1920x1200 Touch \/ Con Pluma \/ Teclado Backlit \/ Ingles \/ Win 11 Pro \/ 4yr Premier Support","isPartOf":{"@id":"https:\/\/compuviper.mx\/tienda\/#website"},"datePublished":"2026-04-02T07:23:08+00:00","dateModified":"2026-04-02T07:23:08+00:00","description":"Compra 21lns0n603 Laptop Thinkpad L13 2-in-1 Gen 5 \/ Ultra 5 135u 4.4ghz Vpro \/ 16gb Lpddr5 \/ 512gb Ssd \/ 13.3 Wuxga 1920x1200 Touch \/ Con Pluma \/ Teclado Backlit \/ Ingles \/ Win 11 Pro \/ 4yr Premier Support + Env\u00edo a domicilio + Pago seguro + Garant\u00eda","breadcrumb":{"@id":"https:\/\/compuviper.mx\/tienda\/producto\/lenovo-21lns0n603-laptop-thinkpad-l13-2-in-1-gen-5-ultra-5-135u-4-4ghz-vpro-16gb-lpddr5-512gb-ssd-13-3-wuxga-1920x1200-touch-con-pluma-teclado-backlit-ingles-win-11-pro-4yr-premier\/#breadcrumb"},"inLanguage":"es-MX","potentialAction":[{"@type":"ReadAction","target":["https:\/\/compuviper.mx\/tienda\/producto\/lenovo-21lns0n603-laptop-thinkpad-l13-2-in-1-gen-5-ultra-5-135u-4-4ghz-vpro-16gb-lpddr5-512gb-ssd-13-3-wuxga-1920x1200-touch-con-pluma-teclado-backlit-ingles-win-11-pro-4yr-premier\/"]}]},{"@type":"BreadcrumbList","@id":"https:\/\/compuviper.mx\/tienda\/producto\/lenovo-21lns0n603-laptop-thinkpad-l13-2-in-1-gen-5-ultra-5-135u-4-4ghz-vpro-16gb-lpddr5-512gb-ssd-13-3-wuxga-1920x1200-touch-con-pluma-teclado-backlit-ingles-win-11-pro-4yr-premier\/#breadcrumb","itemListElement":[{"@type":"ListItem","position":1,"name":"Inicio","item":"https:\/\/compuviper.mx\/tienda\/"},{"@type":"ListItem","position":2,"name":"Productos","item":"https:\/\/compuviper.mx\/tienda\/productos\/"},{"@type":"ListItem","position":3,"name":"Laptops","item":"https:\/\/compuviper.mx\/tienda\/categoria-producto\/laptops\/"},{"@type":"ListItem","position":4,"name":"2 En 1","item":"https:\/\/compuviper.mx\/tienda\/categoria-producto\/laptops\/2-en-1\/"},{"@type":"ListItem","position":5,"name":"Lenovo 21lns0n603 Laptop Thinkpad L13 2-in-1 Gen 5 \/ Ultra 5 135u 4.4ghz Vpro \/ 16gb Lpddr5 \/ 512gb Ssd \/ 13.3 Wuxga 1920&#215;1200 Touch \/ Con Pluma \/ Teclado Backlit \/ Ingles \/ Win 11 Pro \/ 4yr Premier Support"}]},{"@type":"WebSite","@id":"https:\/\/compuviper.mx\/tienda\/#website","url":"https:\/\/compuviper.mx\/tienda\/","name":"Compuviper","description":"Proveedor de Computadoras, Laptops, Servidores, Monitores, Puntos de Venta, Teclados,   Impresoras, T\u00f3ner, C\u00e1maras de Seguridad y m\u00e1s en tu tienda en l\u00ednea","publisher":{"@id":"https:\/\/compuviper.mx\/tienda\/#organization"},"potentialAction":[{"@type":"SearchAction","target":{"@type":"EntryPoint","urlTemplate":"https:\/\/compuviper.mx\/tienda\/?s={search_term_string}"},"query-input":"required name=search_term_string"}],"inLanguage":"es-MX"},{"@type":"Organization","@id":"https:\/\/compuviper.mx\/tienda\/#organization","name":"Compuviper","url":"https:\/\/compuviper.mx\/tienda\/","logo":{"@type":"ImageObject","inLanguage":"es-MX","@id":"https:\/\/compuviper.mx\/tienda\/#\/schema\/logo\/image\/","url":"https:\/\/compuviper.mx\/tienda\/wp-content\/uploads\/2021\/08\/Logo-Compuviper-10.png","contentUrl":"https:\/\/compuviper.mx\/tienda\/wp-content\/uploads\/2021\/08\/Logo-Compuviper-10.png","width":1000,"height":500,"caption":"Compuviper"},"image":{"@id":"https:\/\/compuviper.mx\/tienda\/#\/schema\/logo\/image\/"},"sameAs":["https:\/\/www.facebook.com\/compuviper","https:\/\/www.youtube.com\/channel\/UCf73dERp9Y3cfOq7q8BhLjA?view_as=subscriber"]}]},"product_brand":"LENOVO","product_price_amount":"22168","product_price_currency":"MXN","og_availability":"backorder","product_availability":"available for order","product_retailer_item_id":"21LNS0N603","product_condition":"new"},"_links":{"self":[{"href":"https:\/\/compuviper.mx\/tienda\/wp-json\/wp\/v2\/product\/268102"}],"collection":[{"href":"https:\/\/compuviper.mx\/tienda\/wp-json\/wp\/v2\/product"}],"about":[{"href":"https:\/\/compuviper.mx\/tienda\/wp-json\/wp\/v2\/types\/product"}],"replies":[{"embeddable":true,"href":"https:\/\/compuviper.mx\/tienda\/wp-json\/wp\/v2\/comments?post=268102"}],"wp:attachment":[{"href":"https:\/\/compuviper.mx\/tienda\/wp-json\/wp\/v2\/media?parent=268102"}],"wp:term":[{"taxonomy":"product_cat","embeddable":true,"href":"https:\/\/compuviper.mx\/tienda\/wp-json\/wp\/v2\/product_cat?post=268102"},{"taxonomy":"product_tag","embeddable":true,"href":"https:\/\/compuviper.mx\/tienda\/wp-json\/wp\/v2\/product_tag?post=268102"}],"curies":[{"name":"wp","href":"https:\/\/api.w.org\/{rel}","templated":true}]}}