{"id":268101,"date":"2026-04-21T01:30:50","date_gmt":"2026-04-21T07:30:50","guid":{"rendered":"https:\/\/compuviper.mx\/tienda\/producto\/lenovo-zag70855mx-idea-tablet-tab-plus-con-teclado-y-pluma-tb361fu-mediatek-6400-2-5ghz-8gb-256gb-12-1-pulg-2-5k-2560x1600-color-rosa-android-15-1yr-centro-de-servicio\/"},"modified":"2026-04-21T01:30:50","modified_gmt":"2026-04-21T07:30:50","slug":"lenovo-zag70855mx-idea-tablet-tab-plus-con-teclado-y-pluma-tb361fu-mediatek-6400-2-5ghz-8gb-256gb-12-1-pulg-2-5k-2560x1600-color-rosa-android-15-1yr-centro-de-servicio","status":"publish","type":"product","link":"https:\/\/compuviper.mx\/tienda\/producto\/lenovo-zag70855mx-idea-tablet-tab-plus-con-teclado-y-pluma-tb361fu-mediatek-6400-2-5ghz-8gb-256gb-12-1-pulg-2-5k-2560x1600-color-rosa-android-15-1yr-centro-de-servicio\/","title":{"rendered":"Lenovo Zag70855mx  Idea Tablet Tab Plus Con Teclado Y Pluma \/ Tb361fu \/ Mediatek 6400 2.5ghz \/ 8gb \/ 256gb \/ 12.1 Pulg 2.5k 2560&#215;1600 \/ Color Rosa \/ Android 15 \/ 1yr Centro De Servicio"},"content":{"rendered":"<table class=\"descripcion\">\n<tr>\n<td>Idea tab plus zag70855mx<\/td>\n<\/tr>\n<tr>\n<td>Performance<\/td>\n<\/tr>\n<tr>\n<td>Processor: mediatek dimensity 6400 (8c, 2x a76 @2.5ghz + 6x a55@2.0ghz)<\/td>\n<\/tr>\n<tr>\n<td>Graphics: integrated arm mali-g57 mc2 gpu<\/td>\n<\/tr>\n<tr>\n<td>Chipset: mediatek soc platform<\/td>\n<\/tr>\n<tr>\n<td>Memory: 8gb soldered lpddr4x<\/td>\n<\/tr>\n<tr>\n<td>Storage: 256gb ufs 2.2<\/td>\n<\/tr>\n<tr>\n<td>Card reader: microsd card slot<\/td>\n<\/tr>\n<tr>\n<td>Max storage support: 256gb ufs 2.2 on systemboard<\/td>\n<\/tr>\n<tr>\n<td>Microsd card, supports up to 2tb (exfat)<\/td>\n<\/tr>\n<tr>\n<td>Speakers: 4 speakers, optimized with dolby atmos<\/td>\n<\/tr>\n<tr>\n<td>Microphone: dual microphone<\/td>\n<\/tr>\n<tr>\n<td>Camera: front 8.0mp \/ rear 13.0mp<\/td>\n<\/tr>\n<tr>\n<td>Voicecall: no<\/td>\n<\/tr>\n<tr>\n<td>Vibration motor: no support<\/td>\n<\/tr>\n<tr>\n<td>Sensors: accelerometer sensor<\/td>\n<\/tr>\n<tr>\n<td>Ambient light sensor (als)<\/td>\n<\/tr>\n<tr>\n<td>Hall sensor<\/td>\n<\/tr>\n<tr>\n<td>Battery: 10200mah (typical)<\/td>\n<\/tr>\n<tr>\n<td>Power adapter: 10v \/ 4.5a<\/td>\n<\/tr>\n<tr>\n<td>Design<\/td>\n<\/tr>\n<tr>\n<td>Display: 12.1 2.5k (2560&#215;1600) ips 600nits (typical) \/ 800nits (hbm), paper-like anti-glare, 96% dci-p3, 90hz, touch<\/td>\n<\/tr>\n<tr>\n<td>Touchscreen: 10-point multi-touch<\/td>\n<\/tr>\n<tr>\n<td>Screen-to-body ratio: 87.5%<\/td>\n<\/tr>\n<tr>\n<td>Pen: pen bundled<\/td>\n<\/tr>\n<tr>\n<td>Keyboard: non-backlit, spanish (la)<\/td>\n<\/tr>\n<tr>\n<td>Dimensions (wxdxh): 278.8 x 181.05 x 6.29 mm (10.98 x 7.13 x 0.25 inches)<\/td>\n<\/tr>\n<tr>\n<td>Weight: around 530 g (1.17 lbs)<\/td>\n<\/tr>\n<tr>\n<td>Case color: sand rose<\/td>\n<\/tr>\n<tr>\n<td>Case material: metal<\/td>\n<\/tr>\n<tr>\n<td>Software<\/td>\n<\/tr>\n<tr>\n<td>Operating system: android 15 or later<\/td>\n<\/tr>\n<tr>\n<td>Connectivity<\/td>\n<\/tr>\n<tr>\n<td>Wlan + bluetooth: wi-fi 5, 802.11ac 1&#215;1 + bt5.2<\/td>\n<\/tr>\n<tr>\n<td>Wwan: wwan not supported<\/td>\n<\/tr>\n<tr>\n<td>Location services: gps + glonass + galileo<\/td>\n<\/tr>\n<tr>\n<td>Standard ports: 1x usb-c (hi-speed usb \/ usb 2.0), with charging<\/td>\n<\/tr>\n<tr>\n<td>1x card slot<\/td>\n<\/tr>\n<tr>\n<td>1x pogo pin connector (3-point)<\/td>\n<\/tr>\n<tr>\n<td>Security  and  privacy<\/td>\n<\/tr>\n<tr>\n<td>Fingerprint reader: none<\/td>\n<\/tr>\n<tr>\n<td>Service<\/td>\n<\/tr>\n<tr>\n<td>Base warranty: 1-year, carry-in<\/td>\n<\/tr>\n<tr>\n<td>Accessories<\/td>\n<\/tr>\n<tr>\n<td>Bundled accessories : lenovo tab pen plus + lenovo folio keyboard for idea tab plus<\/td>\n<\/tr>\n<tr>\n<td>Certifications<\/td>\n<\/tr>\n<tr>\n<td>Green certifications: energy star 9.0 (only available for tb361fu)<\/td>\n<\/tr>\n<tr>\n<td>Erp lot 6\/26<\/td>\n<\/tr>\n<tr>\n<td>Rohs compliant<\/td>\n<\/tr>\n<tr>\n<td>Dust and water resistant<\/td>\n<\/tr>\n<tr>\n<td>Ip52<\/td>\n<\/tr>\n<tr>\n<td>Other certifications<\/td>\n<\/tr>\n<tr>\n<td>T\u00fcv rheinland reflection free<\/td>\n<\/tr>\n<tr>\n<td>T\u00fcv rheinland flicker free<\/td>\n<\/tr>\n<tr>\n<td>T\u00fcv rheinland low blue light (hardware solution)<\/td>\n<\/tr>\n<tr>\n<td>Model information<\/td>\n<\/tr>\n<tr>\n<td>Product: tb361fu<\/td>\n<\/tr>\n<tr>\n<td>Model: zag70855mx<\/td>\n<\/tr>\n<tr>\n<td>Ean \/ upc \/ jan: 199271879887<\/td>\n<\/tr>\n<\/table>\n","protected":false},"excerpt":{"rendered":"<p>Tablets lenovo: la opci\u00f3n perfecta para todas tus necesidades. \u00bfbuscas una compa\u00f1era vers\u00e1til para tu d\u00eda a d\u00eda? las tablets lenovo est\u00e1n dise\u00f1adas para adaptarse a diferentes usos: estudiar, trabajar, jugar o simplemente relajarte viendo tus series favoritas. Con pantallas de gran calidad, bater\u00eda duradera y un dise\u00f1o moderno, elegir una tablet lenovo es apostar por la comodidad y el rendimiento. Si est\u00e1s pensando en comprar tablet, ac\u00e1 tienes muchas opciones para elegir. Explora las mejores opciones de tablets lenovo para cada estilo de vida. Cada persona es diferente, y en lenovo lo sabemos. Por eso, tenemos una tablet para cada estilo de vida. Si est\u00e1s buscando tablets lenovo que se adapten a tu ritmo, aqu\u00ed encontrar\u00e1s la opci\u00f3n perfecta.<\/p>\n","protected":false},"featured_media":0,"comment_status":"open","ping_status":"open","template":"","meta":[],"product_cat":[1758,2099],"product_tag":[1578],"acf":[],"yoast_head":"<!-- This site is optimized with the Yoast SEO plugin v21.7 - https:\/\/yoast.com\/wordpress\/plugins\/seo\/ -->\n<title>[ Lenovo ] &#129351; Zag70855mx Idea Tablet Tab Plus Con Teclado Y Pluma \/ Tb361fu \/ Mediatek 6400 2.5ghz \/ 8gb \/ 256gb \/ 12.1 Pulg 2.5k 2560x1600 \/ Color Rosa \/ Android 15 \/ 1yr Centro De Servicio<\/title>\n<meta name=\"description\" content=\"Compra Zag70855mx Idea Tablet Tab Plus Con Teclado Y Pluma \/ Tb361fu \/ Mediatek 6400 2.5ghz \/ 8gb \/ 256gb \/ 12.1 Pulg 2.5k 2560x1600 \/ Color Rosa \/ Android 15 \/ 1yr Centro De Servicio + Env\u00edo a domicilio + Pago seguro + Garant\u00eda\" \/>\n<meta name=\"robots\" content=\"index, follow, max-snippet:-1, max-image-preview:large, max-video-preview:-1\" \/>\n<link rel=\"canonical\" href=\"https:\/\/compuviper.mx\/tienda\/producto\/lenovo-zag70855mx-idea-tablet-tab-plus-con-teclado-y-pluma-tb361fu-mediatek-6400-2-5ghz-8gb-256gb-12-1-pulg-2-5k-2560x1600-color-rosa-android-15-1yr-centro-de-servicio\/\" \/>\n<meta property=\"og:locale\" content=\"es_MX\" \/>\n<meta property=\"og:type\" content=\"article\" \/>\n<meta property=\"og:title\" content=\"[ Lenovo ] &#129351; Zag70855mx Idea Tablet Tab Plus Con Teclado Y Pluma \/ Tb361fu \/ Mediatek 6400 2.5ghz \/ 8gb \/ 256gb \/ 12.1 Pulg 2.5k 2560x1600 \/ Color Rosa \/ Android 15 \/ 1yr Centro De Servicio\" \/>\n<meta property=\"og:description\" content=\"Compra Zag70855mx Idea Tablet Tab Plus Con Teclado Y Pluma \/ Tb361fu \/ Mediatek 6400 2.5ghz \/ 8gb \/ 256gb \/ 12.1 Pulg 2.5k 2560x1600 \/ Color Rosa \/ Android 15 \/ 1yr Centro De Servicio + Env\u00edo a domicilio + Pago seguro + Garant\u00eda\" \/>\n<meta property=\"og:url\" content=\"https:\/\/compuviper.mx\/tienda\/producto\/lenovo-zag70855mx-idea-tablet-tab-plus-con-teclado-y-pluma-tb361fu-mediatek-6400-2-5ghz-8gb-256gb-12-1-pulg-2-5k-2560x1600-color-rosa-android-15-1yr-centro-de-servicio\/\" \/>\n<meta property=\"og:site_name\" content=\"Compuviper\" \/>\n<meta property=\"article:publisher\" content=\"https:\/\/www.facebook.com\/compuviper\" \/>\n<meta name=\"twitter:card\" content=\"summary_large_image\" \/>\n<meta name=\"twitter:label1\" content=\"Precio\" \/>\n\t<meta name=\"twitter:data1\" content=\"&#36;7,286 &#36;6,467 con IVA\" \/>\n\t<meta name=\"twitter:label2\" content=\"Availability\" \/>\n\t<meta name=\"twitter:data2\" content=\"Out of stock\" \/>\n<script type=\"application\/ld+json\" class=\"yoast-schema-graph\">{\"@context\":\"https:\/\/schema.org\",\"@graph\":[{\"@type\":\"WebPage\",\"@id\":\"https:\/\/compuviper.mx\/tienda\/producto\/lenovo-zag70855mx-idea-tablet-tab-plus-con-teclado-y-pluma-tb361fu-mediatek-6400-2-5ghz-8gb-256gb-12-1-pulg-2-5k-2560x1600-color-rosa-android-15-1yr-centro-de-servicio\/\",\"url\":\"https:\/\/compuviper.mx\/tienda\/producto\/lenovo-zag70855mx-idea-tablet-tab-plus-con-teclado-y-pluma-tb361fu-mediatek-6400-2-5ghz-8gb-256gb-12-1-pulg-2-5k-2560x1600-color-rosa-android-15-1yr-centro-de-servicio\/\",\"name\":\"[ Lenovo ] &#129351; Zag70855mx Idea Tablet Tab Plus Con Teclado Y Pluma \/ Tb361fu \/ Mediatek 6400 2.5ghz \/ 8gb \/ 256gb \/ 12.1 Pulg 2.5k 2560x1600 \/ Color Rosa \/ Android 15 \/ 1yr Centro De Servicio\",\"isPartOf\":{\"@id\":\"https:\/\/compuviper.mx\/tienda\/#website\"},\"datePublished\":\"2026-04-21T07:30:50+00:00\",\"dateModified\":\"2026-04-21T07:30:50+00:00\",\"description\":\"Compra Zag70855mx Idea Tablet Tab Plus Con Teclado Y Pluma \/ Tb361fu \/ Mediatek 6400 2.5ghz \/ 8gb \/ 256gb \/ 12.1 Pulg 2.5k 2560x1600 \/ Color Rosa \/ Android 15 \/ 1yr Centro De Servicio + Env\u00edo a domicilio + Pago seguro + Garant\u00eda\",\"breadcrumb\":{\"@id\":\"https:\/\/compuviper.mx\/tienda\/producto\/lenovo-zag70855mx-idea-tablet-tab-plus-con-teclado-y-pluma-tb361fu-mediatek-6400-2-5ghz-8gb-256gb-12-1-pulg-2-5k-2560x1600-color-rosa-android-15-1yr-centro-de-servicio\/#breadcrumb\"},\"inLanguage\":\"es-MX\",\"potentialAction\":[{\"@type\":\"ReadAction\",\"target\":[\"https:\/\/compuviper.mx\/tienda\/producto\/lenovo-zag70855mx-idea-tablet-tab-plus-con-teclado-y-pluma-tb361fu-mediatek-6400-2-5ghz-8gb-256gb-12-1-pulg-2-5k-2560x1600-color-rosa-android-15-1yr-centro-de-servicio\/\"]}]},{\"@type\":\"BreadcrumbList\",\"@id\":\"https:\/\/compuviper.mx\/tienda\/producto\/lenovo-zag70855mx-idea-tablet-tab-plus-con-teclado-y-pluma-tb361fu-mediatek-6400-2-5ghz-8gb-256gb-12-1-pulg-2-5k-2560x1600-color-rosa-android-15-1yr-centro-de-servicio\/#breadcrumb\",\"itemListElement\":[{\"@type\":\"ListItem\",\"position\":1,\"name\":\"Inicio\",\"item\":\"https:\/\/compuviper.mx\/tienda\/\"},{\"@type\":\"ListItem\",\"position\":2,\"name\":\"Productos\",\"item\":\"https:\/\/compuviper.mx\/tienda\/productos\/\"},{\"@type\":\"ListItem\",\"position\":3,\"name\":\"Tabletas\",\"item\":\"https:\/\/compuviper.mx\/tienda\/categoria-producto\/tabletas\/\"},{\"@type\":\"ListItem\",\"position\":4,\"name\":\"Mediatek\",\"item\":\"https:\/\/compuviper.mx\/tienda\/categoria-producto\/tabletas\/mediatek\/\"},{\"@type\":\"ListItem\",\"position\":5,\"name\":\"Lenovo Zag70855mx Idea Tablet Tab Plus Con Teclado Y Pluma \/ Tb361fu \/ Mediatek 6400 2.5ghz \/ 8gb \/ 256gb \/ 12.1 Pulg 2.5k 2560&#215;1600 \/ Color Rosa \/ Android 15 \/ 1yr Centro De Servicio\"}]},{\"@type\":\"WebSite\",\"@id\":\"https:\/\/compuviper.mx\/tienda\/#website\",\"url\":\"https:\/\/compuviper.mx\/tienda\/\",\"name\":\"Compuviper\",\"description\":\"Proveedor de Computadoras, Laptops, Servidores, Monitores, Puntos de Venta, Teclados,   Impresoras, T\u00f3ner, C\u00e1maras de Seguridad y m\u00e1s en tu tienda en l\u00ednea\",\"publisher\":{\"@id\":\"https:\/\/compuviper.mx\/tienda\/#organization\"},\"potentialAction\":[{\"@type\":\"SearchAction\",\"target\":{\"@type\":\"EntryPoint\",\"urlTemplate\":\"https:\/\/compuviper.mx\/tienda\/?s={search_term_string}\"},\"query-input\":\"required name=search_term_string\"}],\"inLanguage\":\"es-MX\"},{\"@type\":\"Organization\",\"@id\":\"https:\/\/compuviper.mx\/tienda\/#organization\",\"name\":\"Compuviper\",\"url\":\"https:\/\/compuviper.mx\/tienda\/\",\"logo\":{\"@type\":\"ImageObject\",\"inLanguage\":\"es-MX\",\"@id\":\"https:\/\/compuviper.mx\/tienda\/#\/schema\/logo\/image\/\",\"url\":\"https:\/\/compuviper.mx\/tienda\/wp-content\/uploads\/2021\/08\/Logo-Compuviper-10.png\",\"contentUrl\":\"https:\/\/compuviper.mx\/tienda\/wp-content\/uploads\/2021\/08\/Logo-Compuviper-10.png\",\"width\":1000,\"height\":500,\"caption\":\"Compuviper\"},\"image\":{\"@id\":\"https:\/\/compuviper.mx\/tienda\/#\/schema\/logo\/image\/\"},\"sameAs\":[\"https:\/\/www.facebook.com\/compuviper\",\"https:\/\/www.youtube.com\/channel\/UCf73dERp9Y3cfOq7q8BhLjA?view_as=subscriber\"]}]}<\/script>\n<meta property=\"product:brand\" content=\"LENOVO\" \/>\n<meta property=\"product:price:amount\" content=\"6467\" \/>\n<meta property=\"product:price:currency\" content=\"MXN\" \/>\n<meta property=\"og:availability\" content=\"out of stock\" \/>\n<meta property=\"product:availability\" content=\"out of stock\" \/>\n<meta property=\"product:retailer_item_id\" content=\"ZAG70855MX\" \/>\n<meta property=\"product:condition\" content=\"new\" \/>\n<!-- \/ Yoast SEO plugin. -->","yoast_head_json":{"title":"[ Lenovo ] &#129351; Zag70855mx Idea Tablet Tab Plus Con Teclado Y Pluma \/ Tb361fu \/ Mediatek 6400 2.5ghz \/ 8gb \/ 256gb \/ 12.1 Pulg 2.5k 2560x1600 \/ Color Rosa \/ Android 15 \/ 1yr Centro De Servicio","description":"Compra Zag70855mx Idea Tablet Tab Plus Con Teclado Y Pluma \/ Tb361fu \/ Mediatek 6400 2.5ghz \/ 8gb \/ 256gb \/ 12.1 Pulg 2.5k 2560x1600 \/ Color Rosa \/ Android 15 \/ 1yr Centro De Servicio + Env\u00edo a domicilio + Pago seguro + Garant\u00eda","robots":{"index":"index","follow":"follow","max-snippet":"max-snippet:-1","max-image-preview":"max-image-preview:large","max-video-preview":"max-video-preview:-1"},"canonical":"https:\/\/compuviper.mx\/tienda\/producto\/lenovo-zag70855mx-idea-tablet-tab-plus-con-teclado-y-pluma-tb361fu-mediatek-6400-2-5ghz-8gb-256gb-12-1-pulg-2-5k-2560x1600-color-rosa-android-15-1yr-centro-de-servicio\/","og_locale":"es_MX","og_type":"article","og_title":"[ Lenovo ] &#129351; Zag70855mx Idea Tablet Tab Plus Con Teclado Y Pluma \/ Tb361fu \/ Mediatek 6400 2.5ghz \/ 8gb \/ 256gb \/ 12.1 Pulg 2.5k 2560x1600 \/ Color Rosa \/ Android 15 \/ 1yr Centro De Servicio","og_description":"Compra Zag70855mx Idea Tablet Tab Plus Con Teclado Y Pluma \/ Tb361fu \/ Mediatek 6400 2.5ghz \/ 8gb \/ 256gb \/ 12.1 Pulg 2.5k 2560x1600 \/ Color Rosa \/ Android 15 \/ 1yr Centro De Servicio + Env\u00edo a domicilio + Pago seguro + Garant\u00eda","og_url":"https:\/\/compuviper.mx\/tienda\/producto\/lenovo-zag70855mx-idea-tablet-tab-plus-con-teclado-y-pluma-tb361fu-mediatek-6400-2-5ghz-8gb-256gb-12-1-pulg-2-5k-2560x1600-color-rosa-android-15-1yr-centro-de-servicio\/","og_site_name":"Compuviper","article_publisher":"https:\/\/www.facebook.com\/compuviper","twitter_card":"summary_large_image","twitter_misc":{"Precio":"&#36;7,286 &#36;6,467 con IVA","Availability":"Out of stock"},"schema":{"@context":"https:\/\/schema.org","@graph":[{"@type":"WebPage","@id":"https:\/\/compuviper.mx\/tienda\/producto\/lenovo-zag70855mx-idea-tablet-tab-plus-con-teclado-y-pluma-tb361fu-mediatek-6400-2-5ghz-8gb-256gb-12-1-pulg-2-5k-2560x1600-color-rosa-android-15-1yr-centro-de-servicio\/","url":"https:\/\/compuviper.mx\/tienda\/producto\/lenovo-zag70855mx-idea-tablet-tab-plus-con-teclado-y-pluma-tb361fu-mediatek-6400-2-5ghz-8gb-256gb-12-1-pulg-2-5k-2560x1600-color-rosa-android-15-1yr-centro-de-servicio\/","name":"[ Lenovo ] &#129351; Zag70855mx Idea Tablet Tab Plus Con Teclado Y Pluma \/ Tb361fu \/ Mediatek 6400 2.5ghz \/ 8gb \/ 256gb \/ 12.1 Pulg 2.5k 2560x1600 \/ Color Rosa \/ Android 15 \/ 1yr Centro De Servicio","isPartOf":{"@id":"https:\/\/compuviper.mx\/tienda\/#website"},"datePublished":"2026-04-21T07:30:50+00:00","dateModified":"2026-04-21T07:30:50+00:00","description":"Compra Zag70855mx Idea Tablet Tab Plus Con Teclado Y Pluma \/ Tb361fu \/ Mediatek 6400 2.5ghz \/ 8gb \/ 256gb \/ 12.1 Pulg 2.5k 2560x1600 \/ Color Rosa \/ Android 15 \/ 1yr Centro De Servicio + Env\u00edo a domicilio + Pago seguro + Garant\u00eda","breadcrumb":{"@id":"https:\/\/compuviper.mx\/tienda\/producto\/lenovo-zag70855mx-idea-tablet-tab-plus-con-teclado-y-pluma-tb361fu-mediatek-6400-2-5ghz-8gb-256gb-12-1-pulg-2-5k-2560x1600-color-rosa-android-15-1yr-centro-de-servicio\/#breadcrumb"},"inLanguage":"es-MX","potentialAction":[{"@type":"ReadAction","target":["https:\/\/compuviper.mx\/tienda\/producto\/lenovo-zag70855mx-idea-tablet-tab-plus-con-teclado-y-pluma-tb361fu-mediatek-6400-2-5ghz-8gb-256gb-12-1-pulg-2-5k-2560x1600-color-rosa-android-15-1yr-centro-de-servicio\/"]}]},{"@type":"BreadcrumbList","@id":"https:\/\/compuviper.mx\/tienda\/producto\/lenovo-zag70855mx-idea-tablet-tab-plus-con-teclado-y-pluma-tb361fu-mediatek-6400-2-5ghz-8gb-256gb-12-1-pulg-2-5k-2560x1600-color-rosa-android-15-1yr-centro-de-servicio\/#breadcrumb","itemListElement":[{"@type":"ListItem","position":1,"name":"Inicio","item":"https:\/\/compuviper.mx\/tienda\/"},{"@type":"ListItem","position":2,"name":"Productos","item":"https:\/\/compuviper.mx\/tienda\/productos\/"},{"@type":"ListItem","position":3,"name":"Tabletas","item":"https:\/\/compuviper.mx\/tienda\/categoria-producto\/tabletas\/"},{"@type":"ListItem","position":4,"name":"Mediatek","item":"https:\/\/compuviper.mx\/tienda\/categoria-producto\/tabletas\/mediatek\/"},{"@type":"ListItem","position":5,"name":"Lenovo Zag70855mx Idea Tablet Tab Plus Con Teclado Y Pluma \/ Tb361fu \/ Mediatek 6400 2.5ghz \/ 8gb \/ 256gb \/ 12.1 Pulg 2.5k 2560&#215;1600 \/ Color Rosa \/ Android 15 \/ 1yr Centro De Servicio"}]},{"@type":"WebSite","@id":"https:\/\/compuviper.mx\/tienda\/#website","url":"https:\/\/compuviper.mx\/tienda\/","name":"Compuviper","description":"Proveedor de Computadoras, Laptops, Servidores, Monitores, Puntos de Venta, Teclados,   Impresoras, T\u00f3ner, C\u00e1maras de Seguridad y m\u00e1s en tu tienda en l\u00ednea","publisher":{"@id":"https:\/\/compuviper.mx\/tienda\/#organization"},"potentialAction":[{"@type":"SearchAction","target":{"@type":"EntryPoint","urlTemplate":"https:\/\/compuviper.mx\/tienda\/?s={search_term_string}"},"query-input":"required name=search_term_string"}],"inLanguage":"es-MX"},{"@type":"Organization","@id":"https:\/\/compuviper.mx\/tienda\/#organization","name":"Compuviper","url":"https:\/\/compuviper.mx\/tienda\/","logo":{"@type":"ImageObject","inLanguage":"es-MX","@id":"https:\/\/compuviper.mx\/tienda\/#\/schema\/logo\/image\/","url":"https:\/\/compuviper.mx\/tienda\/wp-content\/uploads\/2021\/08\/Logo-Compuviper-10.png","contentUrl":"https:\/\/compuviper.mx\/tienda\/wp-content\/uploads\/2021\/08\/Logo-Compuviper-10.png","width":1000,"height":500,"caption":"Compuviper"},"image":{"@id":"https:\/\/compuviper.mx\/tienda\/#\/schema\/logo\/image\/"},"sameAs":["https:\/\/www.facebook.com\/compuviper","https:\/\/www.youtube.com\/channel\/UCf73dERp9Y3cfOq7q8BhLjA?view_as=subscriber"]}]},"product_brand":"LENOVO","product_price_amount":"6467","product_price_currency":"MXN","og_availability":"out of stock","product_availability":"out of stock","product_retailer_item_id":"ZAG70855MX","product_condition":"new"},"_links":{"self":[{"href":"https:\/\/compuviper.mx\/tienda\/wp-json\/wp\/v2\/product\/268101"}],"collection":[{"href":"https:\/\/compuviper.mx\/tienda\/wp-json\/wp\/v2\/product"}],"about":[{"href":"https:\/\/compuviper.mx\/tienda\/wp-json\/wp\/v2\/types\/product"}],"replies":[{"embeddable":true,"href":"https:\/\/compuviper.mx\/tienda\/wp-json\/wp\/v2\/comments?post=268101"}],"wp:attachment":[{"href":"https:\/\/compuviper.mx\/tienda\/wp-json\/wp\/v2\/media?parent=268101"}],"wp:term":[{"taxonomy":"product_cat","embeddable":true,"href":"https:\/\/compuviper.mx\/tienda\/wp-json\/wp\/v2\/product_cat?post=268101"},{"taxonomy":"product_tag","embeddable":true,"href":"https:\/\/compuviper.mx\/tienda\/wp-json\/wp\/v2\/product_tag?post=268101"}],"curies":[{"name":"wp","href":"https:\/\/api.w.org\/{rel}","templated":true}]}}