{"id":268100,"date":"2026-04-21T01:30:49","date_gmt":"2026-04-21T07:30:49","guid":{"rendered":"https:\/\/compuviper.mx\/tienda\/producto\/lenovo-zaeh0120mx-idea-tab-tb311fu-mediatek-g85-2-0-ghz-4gb-ram-64gb-ssd-10-1-wuxga-1920x1200-color-luna-grey-android-14-1yr-centro-de-servicio\/"},"modified":"2026-04-21T01:30:49","modified_gmt":"2026-04-21T07:30:49","slug":"lenovo-zaeh0120mx-idea-tab-tb311fu-mediatek-g85-2-0-ghz-4gb-ram-64gb-ssd-10-1-wuxga-1920x1200-color-luna-grey-android-14-1yr-centro-de-servicio","status":"publish","type":"product","link":"https:\/\/compuviper.mx\/tienda\/producto\/lenovo-zaeh0120mx-idea-tab-tb311fu-mediatek-g85-2-0-ghz-4gb-ram-64gb-ssd-10-1-wuxga-1920x1200-color-luna-grey-android-14-1yr-centro-de-servicio\/","title":{"rendered":"Lenovo Zaeh0120mx  Idea Tab \/ Tb311fu \/ Mediatek G85 2.0 Ghz \/ 4gb Ram \/ 64gb Ssd \/ 10.1 Wuxga 1920&#215;1200 \/ Color Luna Grey \/ Android 14 \/ 1yr Centro De Servicio"},"content":{"rendered":"<table class=\"descripcion\">\n<tr>\n<td>Lenovo tab zaeh0120mx<\/td>\n<\/tr>\n<tr>\n<td>Performance<\/td>\n<\/tr>\n<tr>\n<td>Processor: mediatek helio g85 (8c, 2x a75 @2.0ghz + 6x a55 @1.8ghz)<\/td>\n<\/tr>\n<tr>\n<td>Graphics: integrated arm mali-g52 mc2 gpu<\/td>\n<\/tr>\n<tr>\n<td>Chipset: mediatek soc platform<\/td>\n<\/tr>\n<tr>\n<td>Memory: 4gb soldered lpddr4x<\/td>\n<\/tr>\n<tr>\n<td>Storage: 64gb emmc 5.1<\/td>\n<\/tr>\n<tr>\n<td>Card reader: microsd card slot<\/td>\n<\/tr>\n<tr>\n<td>Max storage support: 64gb emmc 5.1 on systemboard<\/td>\n<\/tr>\n<tr>\n<td>Microsd card, support s up to 1tb<\/td>\n<\/tr>\n<tr>\n<td>Speakers: 2 side speakers, optimized with dolby atmos\u00ae<\/td>\n<\/tr>\n<tr>\n<td>Microphone: mono<\/td>\n<\/tr>\n<tr>\n<td>Camera: front 5.0mp \/ rear 8.0mp<\/td>\n<\/tr>\n<tr>\n<td>Voicecall: no<\/td>\n<\/tr>\n<tr>\n<td>Vibration motor: no support<\/td>\n<\/tr>\n<tr>\n<td>Sensors:<\/td>\n<\/tr>\n<tr>\n<td>Accelerometer sensor<\/td>\n<\/tr>\n<tr>\n<td>Hall sensor<\/td>\n<\/tr>\n<tr>\n<td>Virtual light sensor<\/td>\n<\/tr>\n<tr>\n<td>Battery: 5100mah (typical)<\/td>\n<\/tr>\n<tr>\n<td>Power adapter: 10v \/ 2a (20w)<\/td>\n<\/tr>\n<tr>\n<td>Design<\/td>\n<\/tr>\n<tr>\n<td>Display: 10.1 wuxga (1920&#215;1200) tft lcd (ips) 400nits anti-fingerprint, 72% ntsc, 60hz, touch<\/td>\n<\/tr>\n<tr>\n<td>Touchscreen : in-cell, 10-point multi-touch<\/td>\n<\/tr>\n<tr>\n<td>Screen-to-body ratio: 83%<\/td>\n<\/tr>\n<tr>\n<td>Pen: passive pen included in lenovo\u00ae tab play suite<\/td>\n<\/tr>\n<tr>\n<td>Keyboard:  none<\/td>\n<\/tr>\n<tr>\n<td>Dimensions (wxdxh): 235.7 x 154.5 x 7.5 mm, with camera bump 9.4 mm (9.28 x 6.08 x 0.29-0.37 inches)<\/td>\n<\/tr>\n<tr>\n<td>Weight: around 425 g (0.94 lbs)<\/td>\n<\/tr>\n<tr>\n<td>Case color: luna grey<\/td>\n<\/tr>\n<tr>\n<td>Case material: metal<\/td>\n<\/tr>\n<tr>\n<td>Software<\/td>\n<\/tr>\n<tr>\n<td>Operating system: android 14 or later<\/td>\n<\/tr>\n<tr>\n<td>Connectivity<\/td>\n<\/tr>\n<tr>\n<td>Wlan + bluetooth: wi-fi\u00ae 5, 802.11ac 1&#215;1 + bt5.3<\/td>\n<\/tr>\n<tr>\n<td>Wwan: wwan not supported<\/td>\n<\/tr>\n<tr>\n<td>Location services: gps + glonass + galileo + beidou<\/td>\n<\/tr>\n<tr>\n<td>Standard ports:<\/td>\n<\/tr>\n<tr>\n<td>1x usb-c\u00ae (hi-speed usb \/ usb 2.0), with charging, digital audio<\/td>\n<\/tr>\n<tr>\n<td>1x headphone \/ microphone combo jack (3.5mm)<\/td>\n<\/tr>\n<tr>\n<td>1x card slot<\/td>\n<\/tr>\n<tr>\n<td>Service<\/td>\n<\/tr>\n<tr>\n<td>Base warranty: 1-year, carry-in<\/td>\n<\/tr>\n<tr>\n<td>Accessories<\/td>\n<\/tr>\n<tr>\n<td>Bundled accessories: lenovo tab play suite (bumper case + passive pen)<\/td>\n<\/tr>\n<tr>\n<td>Certifications:<\/td>\n<\/tr>\n<tr>\n<td>Green certifications<\/td>\n<\/tr>\n<tr>\n<td>Energy star 9.0 (only available for tb311fu)<\/td>\n<\/tr>\n<tr>\n<td>Erp lot 6\/26<\/td>\n<\/tr>\n<tr>\n<td>Rohs compliant<\/td>\n<\/tr>\n<tr>\n<td>Dust and water resistant: ip52<\/td>\n<\/tr>\n<tr>\n<td>Other certifications: t\u00fcv rheinland low blue light (hardware solution)<\/td>\n<\/tr>\n<tr>\n<td>Model information<\/td>\n<\/tr>\n<tr>\n<td>Product: tb311fu<\/td>\n<\/tr>\n<tr>\n<td>Model: zaeh0120mx<\/td>\n<\/tr>\n<tr>\n<td>Ean \/ upc \/ jan: 198154668730<\/td>\n<\/tr>\n<\/table>\n","protected":false},"excerpt":{"rendered":"<p>Lenovo tab. Disfruta tus series favoritas, peliculas en familia o videos virales est\u00e9s donde est\u00e9s. Las tablets lenovo tab estan dise\u00f1adas para que solo tengas que pulsar play y empezar a disfrutar. Con pantallas envolventes, sonido nitido y un rendimiento potente, la serie tab ofrece una experiencia de cine portatil para que vivas el contenido como te gusta: a tu ritmo y en cualquier lugar.<\/p>\n","protected":false},"featured_media":0,"comment_status":"open","ping_status":"open","template":"","meta":[],"product_cat":[1758,2099],"product_tag":[1578],"acf":[],"yoast_head":"<!-- This site is optimized with the Yoast SEO plugin v21.7 - https:\/\/yoast.com\/wordpress\/plugins\/seo\/ -->\n<title>[ Lenovo ] &#129351; Zaeh0120mx Idea Tab \/ Tb311fu \/ Mediatek G85 2.0 Ghz \/ 4gb Ram \/ 64gb Ssd \/ 10.1 Wuxga 1920x1200 \/ Color Luna Grey \/ Android 14 \/ 1yr Centro De Servicio<\/title>\n<meta name=\"description\" content=\"Compra Zaeh0120mx Idea Tab \/ Tb311fu \/ Mediatek G85 2.0 Ghz \/ 4gb Ram \/ 64gb Ssd \/ 10.1 Wuxga 1920x1200 \/ Color Luna Grey \/ Android 14 \/ 1yr Centro De Servicio + Env\u00edo a domicilio + Pago seguro + Garant\u00eda\" \/>\n<meta name=\"robots\" content=\"index, follow, max-snippet:-1, max-image-preview:large, max-video-preview:-1\" \/>\n<link rel=\"canonical\" href=\"https:\/\/compuviper.mx\/tienda\/producto\/lenovo-zaeh0120mx-idea-tab-tb311fu-mediatek-g85-2-0-ghz-4gb-ram-64gb-ssd-10-1-wuxga-1920x1200-color-luna-grey-android-14-1yr-centro-de-servicio\/\" \/>\n<meta property=\"og:locale\" content=\"es_MX\" \/>\n<meta property=\"og:type\" content=\"article\" \/>\n<meta property=\"og:title\" content=\"[ Lenovo ] &#129351; Zaeh0120mx Idea Tab \/ Tb311fu \/ Mediatek G85 2.0 Ghz \/ 4gb Ram \/ 64gb Ssd \/ 10.1 Wuxga 1920x1200 \/ Color Luna Grey \/ Android 14 \/ 1yr Centro De Servicio\" \/>\n<meta property=\"og:description\" content=\"Compra Zaeh0120mx Idea Tab \/ Tb311fu \/ Mediatek G85 2.0 Ghz \/ 4gb Ram \/ 64gb Ssd \/ 10.1 Wuxga 1920x1200 \/ Color Luna Grey \/ Android 14 \/ 1yr Centro De Servicio + Env\u00edo a domicilio + Pago seguro + Garant\u00eda\" \/>\n<meta property=\"og:url\" content=\"https:\/\/compuviper.mx\/tienda\/producto\/lenovo-zaeh0120mx-idea-tab-tb311fu-mediatek-g85-2-0-ghz-4gb-ram-64gb-ssd-10-1-wuxga-1920x1200-color-luna-grey-android-14-1yr-centro-de-servicio\/\" \/>\n<meta property=\"og:site_name\" content=\"Compuviper\" \/>\n<meta property=\"article:publisher\" content=\"https:\/\/www.facebook.com\/compuviper\" \/>\n<meta name=\"twitter:card\" content=\"summary_large_image\" \/>\n<meta name=\"twitter:label1\" content=\"Precio\" \/>\n\t<meta name=\"twitter:data1\" content=\"&#36;2,693 con IVA\" \/>\n\t<meta name=\"twitter:label2\" content=\"Availability\" \/>\n\t<meta name=\"twitter:data2\" content=\"Out of stock\" \/>\n<script type=\"application\/ld+json\" class=\"yoast-schema-graph\">{\"@context\":\"https:\/\/schema.org\",\"@graph\":[{\"@type\":\"WebPage\",\"@id\":\"https:\/\/compuviper.mx\/tienda\/producto\/lenovo-zaeh0120mx-idea-tab-tb311fu-mediatek-g85-2-0-ghz-4gb-ram-64gb-ssd-10-1-wuxga-1920x1200-color-luna-grey-android-14-1yr-centro-de-servicio\/\",\"url\":\"https:\/\/compuviper.mx\/tienda\/producto\/lenovo-zaeh0120mx-idea-tab-tb311fu-mediatek-g85-2-0-ghz-4gb-ram-64gb-ssd-10-1-wuxga-1920x1200-color-luna-grey-android-14-1yr-centro-de-servicio\/\",\"name\":\"[ Lenovo ] &#129351; Zaeh0120mx Idea Tab \/ Tb311fu \/ Mediatek G85 2.0 Ghz \/ 4gb Ram \/ 64gb Ssd \/ 10.1 Wuxga 1920x1200 \/ Color Luna Grey \/ Android 14 \/ 1yr Centro De Servicio\",\"isPartOf\":{\"@id\":\"https:\/\/compuviper.mx\/tienda\/#website\"},\"datePublished\":\"2026-04-21T07:30:49+00:00\",\"dateModified\":\"2026-04-21T07:30:49+00:00\",\"description\":\"Compra Zaeh0120mx Idea Tab \/ Tb311fu \/ Mediatek G85 2.0 Ghz \/ 4gb Ram \/ 64gb Ssd \/ 10.1 Wuxga 1920x1200 \/ Color Luna Grey \/ Android 14 \/ 1yr Centro De Servicio + Env\u00edo a domicilio + Pago seguro + Garant\u00eda\",\"breadcrumb\":{\"@id\":\"https:\/\/compuviper.mx\/tienda\/producto\/lenovo-zaeh0120mx-idea-tab-tb311fu-mediatek-g85-2-0-ghz-4gb-ram-64gb-ssd-10-1-wuxga-1920x1200-color-luna-grey-android-14-1yr-centro-de-servicio\/#breadcrumb\"},\"inLanguage\":\"es-MX\",\"potentialAction\":[{\"@type\":\"ReadAction\",\"target\":[\"https:\/\/compuviper.mx\/tienda\/producto\/lenovo-zaeh0120mx-idea-tab-tb311fu-mediatek-g85-2-0-ghz-4gb-ram-64gb-ssd-10-1-wuxga-1920x1200-color-luna-grey-android-14-1yr-centro-de-servicio\/\"]}]},{\"@type\":\"BreadcrumbList\",\"@id\":\"https:\/\/compuviper.mx\/tienda\/producto\/lenovo-zaeh0120mx-idea-tab-tb311fu-mediatek-g85-2-0-ghz-4gb-ram-64gb-ssd-10-1-wuxga-1920x1200-color-luna-grey-android-14-1yr-centro-de-servicio\/#breadcrumb\",\"itemListElement\":[{\"@type\":\"ListItem\",\"position\":1,\"name\":\"Inicio\",\"item\":\"https:\/\/compuviper.mx\/tienda\/\"},{\"@type\":\"ListItem\",\"position\":2,\"name\":\"Productos\",\"item\":\"https:\/\/compuviper.mx\/tienda\/productos\/\"},{\"@type\":\"ListItem\",\"position\":3,\"name\":\"Tabletas\",\"item\":\"https:\/\/compuviper.mx\/tienda\/categoria-producto\/tabletas\/\"},{\"@type\":\"ListItem\",\"position\":4,\"name\":\"Mediatek\",\"item\":\"https:\/\/compuviper.mx\/tienda\/categoria-producto\/tabletas\/mediatek\/\"},{\"@type\":\"ListItem\",\"position\":5,\"name\":\"Lenovo Zaeh0120mx Idea Tab \/ Tb311fu \/ Mediatek G85 2.0 Ghz \/ 4gb Ram \/ 64gb Ssd \/ 10.1 Wuxga 1920&#215;1200 \/ Color Luna Grey \/ Android 14 \/ 1yr Centro De Servicio\"}]},{\"@type\":\"WebSite\",\"@id\":\"https:\/\/compuviper.mx\/tienda\/#website\",\"url\":\"https:\/\/compuviper.mx\/tienda\/\",\"name\":\"Compuviper\",\"description\":\"Proveedor de Computadoras, Laptops, Servidores, Monitores, Puntos de Venta, Teclados,   Impresoras, T\u00f3ner, C\u00e1maras de Seguridad y m\u00e1s en tu tienda en l\u00ednea\",\"publisher\":{\"@id\":\"https:\/\/compuviper.mx\/tienda\/#organization\"},\"potentialAction\":[{\"@type\":\"SearchAction\",\"target\":{\"@type\":\"EntryPoint\",\"urlTemplate\":\"https:\/\/compuviper.mx\/tienda\/?s={search_term_string}\"},\"query-input\":\"required name=search_term_string\"}],\"inLanguage\":\"es-MX\"},{\"@type\":\"Organization\",\"@id\":\"https:\/\/compuviper.mx\/tienda\/#organization\",\"name\":\"Compuviper\",\"url\":\"https:\/\/compuviper.mx\/tienda\/\",\"logo\":{\"@type\":\"ImageObject\",\"inLanguage\":\"es-MX\",\"@id\":\"https:\/\/compuviper.mx\/tienda\/#\/schema\/logo\/image\/\",\"url\":\"https:\/\/compuviper.mx\/tienda\/wp-content\/uploads\/2021\/08\/Logo-Compuviper-10.png\",\"contentUrl\":\"https:\/\/compuviper.mx\/tienda\/wp-content\/uploads\/2021\/08\/Logo-Compuviper-10.png\",\"width\":1000,\"height\":500,\"caption\":\"Compuviper\"},\"image\":{\"@id\":\"https:\/\/compuviper.mx\/tienda\/#\/schema\/logo\/image\/\"},\"sameAs\":[\"https:\/\/www.facebook.com\/compuviper\",\"https:\/\/www.youtube.com\/channel\/UCf73dERp9Y3cfOq7q8BhLjA?view_as=subscriber\"]}]}<\/script>\n<meta property=\"product:brand\" content=\"LENOVO\" \/>\n<meta property=\"product:price:amount\" content=\"2693\" \/>\n<meta property=\"product:price:currency\" content=\"MXN\" \/>\n<meta property=\"og:availability\" content=\"out of stock\" \/>\n<meta property=\"product:availability\" content=\"out of stock\" \/>\n<meta property=\"product:retailer_item_id\" content=\"ZAEH0120MX\" \/>\n<meta property=\"product:condition\" content=\"new\" \/>\n<!-- \/ Yoast SEO plugin. -->","yoast_head_json":{"title":"[ Lenovo ] &#129351; Zaeh0120mx Idea Tab \/ Tb311fu \/ Mediatek G85 2.0 Ghz \/ 4gb Ram \/ 64gb Ssd \/ 10.1 Wuxga 1920x1200 \/ Color Luna Grey \/ Android 14 \/ 1yr Centro De Servicio","description":"Compra Zaeh0120mx Idea Tab \/ Tb311fu \/ Mediatek G85 2.0 Ghz \/ 4gb Ram \/ 64gb Ssd \/ 10.1 Wuxga 1920x1200 \/ Color Luna Grey \/ Android 14 \/ 1yr Centro De Servicio + Env\u00edo a domicilio + Pago seguro + Garant\u00eda","robots":{"index":"index","follow":"follow","max-snippet":"max-snippet:-1","max-image-preview":"max-image-preview:large","max-video-preview":"max-video-preview:-1"},"canonical":"https:\/\/compuviper.mx\/tienda\/producto\/lenovo-zaeh0120mx-idea-tab-tb311fu-mediatek-g85-2-0-ghz-4gb-ram-64gb-ssd-10-1-wuxga-1920x1200-color-luna-grey-android-14-1yr-centro-de-servicio\/","og_locale":"es_MX","og_type":"article","og_title":"[ Lenovo ] &#129351; Zaeh0120mx Idea Tab \/ Tb311fu \/ Mediatek G85 2.0 Ghz \/ 4gb Ram \/ 64gb Ssd \/ 10.1 Wuxga 1920x1200 \/ Color Luna Grey \/ Android 14 \/ 1yr Centro De Servicio","og_description":"Compra Zaeh0120mx Idea Tab \/ Tb311fu \/ Mediatek G85 2.0 Ghz \/ 4gb Ram \/ 64gb Ssd \/ 10.1 Wuxga 1920x1200 \/ Color Luna Grey \/ Android 14 \/ 1yr Centro De Servicio + Env\u00edo a domicilio + Pago seguro + Garant\u00eda","og_url":"https:\/\/compuviper.mx\/tienda\/producto\/lenovo-zaeh0120mx-idea-tab-tb311fu-mediatek-g85-2-0-ghz-4gb-ram-64gb-ssd-10-1-wuxga-1920x1200-color-luna-grey-android-14-1yr-centro-de-servicio\/","og_site_name":"Compuviper","article_publisher":"https:\/\/www.facebook.com\/compuviper","twitter_card":"summary_large_image","twitter_misc":{"Precio":"&#36;2,693 con IVA","Availability":"Out of stock"},"schema":{"@context":"https:\/\/schema.org","@graph":[{"@type":"WebPage","@id":"https:\/\/compuviper.mx\/tienda\/producto\/lenovo-zaeh0120mx-idea-tab-tb311fu-mediatek-g85-2-0-ghz-4gb-ram-64gb-ssd-10-1-wuxga-1920x1200-color-luna-grey-android-14-1yr-centro-de-servicio\/","url":"https:\/\/compuviper.mx\/tienda\/producto\/lenovo-zaeh0120mx-idea-tab-tb311fu-mediatek-g85-2-0-ghz-4gb-ram-64gb-ssd-10-1-wuxga-1920x1200-color-luna-grey-android-14-1yr-centro-de-servicio\/","name":"[ Lenovo ] &#129351; Zaeh0120mx Idea Tab \/ Tb311fu \/ Mediatek G85 2.0 Ghz \/ 4gb Ram \/ 64gb Ssd \/ 10.1 Wuxga 1920x1200 \/ Color Luna Grey \/ Android 14 \/ 1yr Centro De Servicio","isPartOf":{"@id":"https:\/\/compuviper.mx\/tienda\/#website"},"datePublished":"2026-04-21T07:30:49+00:00","dateModified":"2026-04-21T07:30:49+00:00","description":"Compra Zaeh0120mx Idea Tab \/ Tb311fu \/ Mediatek G85 2.0 Ghz \/ 4gb Ram \/ 64gb Ssd \/ 10.1 Wuxga 1920x1200 \/ Color Luna Grey \/ Android 14 \/ 1yr Centro De Servicio + Env\u00edo a domicilio + Pago seguro + Garant\u00eda","breadcrumb":{"@id":"https:\/\/compuviper.mx\/tienda\/producto\/lenovo-zaeh0120mx-idea-tab-tb311fu-mediatek-g85-2-0-ghz-4gb-ram-64gb-ssd-10-1-wuxga-1920x1200-color-luna-grey-android-14-1yr-centro-de-servicio\/#breadcrumb"},"inLanguage":"es-MX","potentialAction":[{"@type":"ReadAction","target":["https:\/\/compuviper.mx\/tienda\/producto\/lenovo-zaeh0120mx-idea-tab-tb311fu-mediatek-g85-2-0-ghz-4gb-ram-64gb-ssd-10-1-wuxga-1920x1200-color-luna-grey-android-14-1yr-centro-de-servicio\/"]}]},{"@type":"BreadcrumbList","@id":"https:\/\/compuviper.mx\/tienda\/producto\/lenovo-zaeh0120mx-idea-tab-tb311fu-mediatek-g85-2-0-ghz-4gb-ram-64gb-ssd-10-1-wuxga-1920x1200-color-luna-grey-android-14-1yr-centro-de-servicio\/#breadcrumb","itemListElement":[{"@type":"ListItem","position":1,"name":"Inicio","item":"https:\/\/compuviper.mx\/tienda\/"},{"@type":"ListItem","position":2,"name":"Productos","item":"https:\/\/compuviper.mx\/tienda\/productos\/"},{"@type":"ListItem","position":3,"name":"Tabletas","item":"https:\/\/compuviper.mx\/tienda\/categoria-producto\/tabletas\/"},{"@type":"ListItem","position":4,"name":"Mediatek","item":"https:\/\/compuviper.mx\/tienda\/categoria-producto\/tabletas\/mediatek\/"},{"@type":"ListItem","position":5,"name":"Lenovo Zaeh0120mx Idea Tab \/ Tb311fu \/ Mediatek G85 2.0 Ghz \/ 4gb Ram \/ 64gb Ssd \/ 10.1 Wuxga 1920&#215;1200 \/ Color Luna Grey \/ Android 14 \/ 1yr Centro De Servicio"}]},{"@type":"WebSite","@id":"https:\/\/compuviper.mx\/tienda\/#website","url":"https:\/\/compuviper.mx\/tienda\/","name":"Compuviper","description":"Proveedor de Computadoras, Laptops, Servidores, Monitores, Puntos de Venta, Teclados,   Impresoras, T\u00f3ner, C\u00e1maras de Seguridad y m\u00e1s en tu tienda en l\u00ednea","publisher":{"@id":"https:\/\/compuviper.mx\/tienda\/#organization"},"potentialAction":[{"@type":"SearchAction","target":{"@type":"EntryPoint","urlTemplate":"https:\/\/compuviper.mx\/tienda\/?s={search_term_string}"},"query-input":"required name=search_term_string"}],"inLanguage":"es-MX"},{"@type":"Organization","@id":"https:\/\/compuviper.mx\/tienda\/#organization","name":"Compuviper","url":"https:\/\/compuviper.mx\/tienda\/","logo":{"@type":"ImageObject","inLanguage":"es-MX","@id":"https:\/\/compuviper.mx\/tienda\/#\/schema\/logo\/image\/","url":"https:\/\/compuviper.mx\/tienda\/wp-content\/uploads\/2021\/08\/Logo-Compuviper-10.png","contentUrl":"https:\/\/compuviper.mx\/tienda\/wp-content\/uploads\/2021\/08\/Logo-Compuviper-10.png","width":1000,"height":500,"caption":"Compuviper"},"image":{"@id":"https:\/\/compuviper.mx\/tienda\/#\/schema\/logo\/image\/"},"sameAs":["https:\/\/www.facebook.com\/compuviper","https:\/\/www.youtube.com\/channel\/UCf73dERp9Y3cfOq7q8BhLjA?view_as=subscriber"]}]},"product_brand":"LENOVO","product_price_amount":"2693","product_price_currency":"MXN","og_availability":"out of stock","product_availability":"out of stock","product_retailer_item_id":"ZAEH0120MX","product_condition":"new"},"_links":{"self":[{"href":"https:\/\/compuviper.mx\/tienda\/wp-json\/wp\/v2\/product\/268100"}],"collection":[{"href":"https:\/\/compuviper.mx\/tienda\/wp-json\/wp\/v2\/product"}],"about":[{"href":"https:\/\/compuviper.mx\/tienda\/wp-json\/wp\/v2\/types\/product"}],"replies":[{"embeddable":true,"href":"https:\/\/compuviper.mx\/tienda\/wp-json\/wp\/v2\/comments?post=268100"}],"wp:attachment":[{"href":"https:\/\/compuviper.mx\/tienda\/wp-json\/wp\/v2\/media?parent=268100"}],"wp:term":[{"taxonomy":"product_cat","embeddable":true,"href":"https:\/\/compuviper.mx\/tienda\/wp-json\/wp\/v2\/product_cat?post=268100"},{"taxonomy":"product_tag","embeddable":true,"href":"https:\/\/compuviper.mx\/tienda\/wp-json\/wp\/v2\/product_tag?post=268100"}],"curies":[{"name":"wp","href":"https:\/\/api.w.org\/{rel}","templated":true}]}}