{"id":268096,"date":"2026-04-02T01:22:58","date_gmt":"2026-04-02T07:22:58","guid":{"rendered":"https:\/\/compuviper.mx\/tienda\/producto\/apple-mhfj4e-a-macbook-neo-13-pulgadas-chip-a18-pro-de-con-6cpu-y-5gpu-8gb-512gb-ssd-2-puertos-usb-c-usb3-usb2-ad-usb-c-20w-magic-keyboard-con-touch-id-rosa-rubor\/"},"modified":"2026-04-02T01:22:58","modified_gmt":"2026-04-02T07:22:58","slug":"apple-mhfj4e-a-macbook-neo-13-pulgadas-chip-a18-pro-de-con-6cpu-y-5gpu-8gb-512gb-ssd-2-puertos-usb-c-usb3-usb2-ad-usb-c-20w-magic-keyboard-con-touch-id-rosa-rubor","status":"publish","type":"product","link":"https:\/\/compuviper.mx\/tienda\/producto\/apple-mhfj4e-a-macbook-neo-13-pulgadas-chip-a18-pro-de-con-6cpu-y-5gpu-8gb-512gb-ssd-2-puertos-usb-c-usb3-usb2-ad-usb-c-20w-magic-keyboard-con-touch-id-rosa-rubor\/","title":{"rendered":"Apple Mhfj4e\/a Macbook Neo 13 Pulgadas\/chip A18 Pro De  Con 6cpu Y 5gpu\/8gb\/512gb Ssd\/2 Puertos Usb-c (usb3\/usb2)\/ad Usb-c 20w\/magic Keyboard Con Touch Id\/rosa Rubor"},"content":{"rendered":"<table class=\"descripcion\">\n<tr>\n<td>13.0\u0094<\/td>\n<\/tr>\n<tr>\n<td>Pantalla liquid retina<\/td>\n<\/tr>\n<tr>\n<td>Chip a18 pro de apple<\/td>\n<\/tr>\n<tr>\n<td>Apple intelligence<\/td>\n<\/tr>\n<tr>\n<td>Cpu de 6 n\u00facleos<\/td>\n<\/tr>\n<tr>\n<td>Gpu de 5 n\u00facleos<\/td>\n<\/tr>\n<tr>\n<td>8 gb de memoria unificada<\/td>\n<\/tr>\n<tr>\n<td>512 gb ssd<\/td>\n<\/tr>\n<tr>\n<td>Hasta16 horasde bater\u00eda<\/td>\n<\/tr>\n<tr>\n<td>Procesamiento<\/td>\n<\/tr>\n<tr>\n<td>Sistema en chip (soc)<\/td>\n<\/tr>\n<tr>\n<td>Chip a18 pro de applecpu de 6 n\u00facleos con 2 n\u00facleos de rendimiento y 4 de eficiencia<\/td>\n<\/tr>\n<tr>\n<td>Gpu de 5 n\u00facleos<\/td>\n<\/tr>\n<tr>\n<td>Trazado de rayos acelerado por hardware<\/td>\n<\/tr>\n<tr>\n<td>Neural engine de 16 n\u00facleos<\/td>\n<\/tr>\n<tr>\n<td>60 gb\/s de ancho de banda de memoria<\/td>\n<\/tr>\n<tr>\n<td>Motor multimediah.264, hevc, prores y prores raw con aceleraci\u00f3n por hardware<\/td>\n<\/tr>\n<tr>\n<td>Motor de decodificaci\u00f3n de video<\/td>\n<\/tr>\n<tr>\n<td>Motor de codificaci\u00f3n de video<\/td>\n<\/tr>\n<tr>\n<td>Motor de codificaci\u00f3n y decodificaci\u00f3n prores<\/td>\n<\/tr>\n<tr>\n<td>Decodificaci\u00f3n av1<\/td>\n<\/tr>\n<tr>\n<td>Apple intelligence<\/td>\n<\/tr>\n<tr>\n<td>Apple intelligence es un sistema de inteligencia personal que te ayuda a escribir, expresarte y hacer de todo con mucha facilidad. y sus avanzadas protecciones de privacidad te dan la tranquilidad de saber que nadie m\u00e1s podr\u00e1 acceder a tus datos. ni siquiera apple.<\/td>\n<\/tr>\n<tr>\n<td>Pantalla<\/td>\n<\/tr>\n<tr>\n<td>Pantalla liquid retina de 13 pulgadas (diagonal)<\/td>\n<\/tr>\n<tr>\n<td>Pantalla liquid retina<\/td>\n<\/tr>\n<tr>\n<td>Pantalla liquid retina<\/td>\n<\/tr>\n<tr>\n<td>2408 x 1506 pixeles<\/td>\n<\/tr>\n<tr>\n<td>Brillo de 500 nits<\/td>\n<\/tr>\n<tr>\n<td>Brillo de 500 nits<\/td>\n<\/tr>\n<tr>\n<td>Srgb<\/td>\n<\/tr>\n<tr>\n<td>Tama\u00f1o y peso<\/td>\n<\/tr>\n<tr>\n<td>Grosor1.27 cm<\/td>\n<\/tr>\n<tr>\n<td>Ancho29.75 cm<\/td>\n<\/tr>\n<tr>\n<td>Profundidad20.64 cm<\/td>\n<\/tr>\n<tr>\n<td>Peso1.23 kg<\/td>\n<\/tr>\n<tr>\n<td>C\u00e1mara<\/td>\n<\/tr>\n<tr>\n<td>C\u00e1mara facetime hd de 1080p<\/td>\n<\/tr>\n<tr>\n<td>Grabaci\u00f3n de video hd de 1080p<\/td>\n<\/tr>\n<tr>\n<td>Procesador de se\u00f1al de imagen avanzado con video computacional<\/td>\n<\/tr>\n<tr>\n<td>Audio<\/td>\n<\/tr>\n<tr>\n<td>Sistema de sonido de dos bocinas<\/td>\n<\/tr>\n<tr>\n<td>Compatible con audio espacial al reproducir m\u00fasica o video con dolby atmos en las bocinas integradas<\/td>\n<\/tr>\n<tr>\n<td>Sistema de dos micr\u00f3fonos con tecnolog\u00eda beamforming direccional<\/td>\n<\/tr>\n<tr>\n<td>Modos de micr\u00f3fono: aislamiento de voz y espectro amplio para una mayor claridad de la voz en llamadas de audio y video<\/td>\n<\/tr>\n<tr>\n<td>Entrada de 3.5 mm para aud\u00edfonos<\/td>\n<\/tr>\n<tr>\n<td>Teclado y trackpad<\/td>\n<\/tr>\n<tr>\n<td>Magic keyboard o magic keyboard con touch id con:<\/td>\n<\/tr>\n<tr>\n<td>78 (ansi) o 79 (iso) teclas, incluidas 12 teclas de funci\u00f3n de altura est\u00e1ndar<\/td>\n<\/tr>\n<tr>\n<td>Touch id (modelo de 512 gb)<\/td>\n<\/tr>\n<tr>\n<td>Trackpad multi-touch con control preciso del cursor y compatibilidad con gestos<\/td>\n<\/tr>\n<tr>\n<td>Conexi\u00f3n inal\u00e1mbrica<\/td>\n<\/tr>\n<tr>\n<td>Wi-fi 6e (802.11ax)<\/td>\n<\/tr>\n<tr>\n<td>Bluetooth 6<\/td>\n<\/tr>\n<tr>\n<td>Puertos<\/td>\n<\/tr>\n<tr>\n<td>Puerto usb 3 (usb c); puerto usb 2 (usb c)<\/td>\n<\/tr>\n<tr>\n<td>Llamadas de video<\/td>\n<\/tr>\n<tr>\n<td>Llamadas de video de facetime<\/td>\n<\/tr>\n<tr>\n<td>Haz llamadas de video a trav\u00e9s de wi-fi a cualquier dispositivo con facetime<\/td>\n<\/tr>\n<tr>\n<td>Llamadas de audio<\/td>\n<\/tr>\n<tr>\n<td>Llamadas de audio de facetime<\/td>\n<\/tr>\n<tr>\n<td>Haz llamadas de audio a trav\u00e9s de wi-fi a cualquier dispositivo con facetime<\/td>\n<\/tr>\n<tr>\n<td>Llamadas por wi-fi<\/td>\n<\/tr>\n<tr>\n<td>Siri<\/td>\n<\/tr>\n<tr>\n<td>Usa tu voz para mandar mensajes, programar recordatorios y m\u00e1s<\/td>\n<\/tr>\n<tr>\n<td>Act\u00edvalo con s\u00f3lo decir \u0093oye siri\u0094<\/td>\n<\/tr>\n<tr>\n<td>Energ\u00eda y bater\u00eda<\/td>\n<\/tr>\n<tr>\n<td>Hasta 11 horas de navegaci\u00f3n web inal\u00e1mbrica<\/td>\n<\/tr>\n<tr>\n<td>Hasta 16 horas de reproducci\u00f3n de video en streaming<\/td>\n<\/tr>\n<tr>\n<td>Bater\u00eda de iones de litio integrada de 36.5 wh<\/td>\n<\/tr>\n<tr>\n<td>Adaptador de corriente usb c de 20 w<\/td>\n<\/tr>\n<tr>\n<td>Sistema operativo<\/td>\n<\/tr>\n<tr>\n<td>Macos es un avanzado sistema operativo. incluye funcionalidades poderosas y f\u00e1ciles de usar que ayudan a impulsar tu productividad y creatividad, apple intelligence y formas integradas de usar el iphone con la mac.<\/td>\n<\/tr>\n<tr>\n<td>En la caja<\/td>\n<\/tr>\n<tr>\n<td>Macbook neo<\/td>\n<\/tr>\n<tr>\n<td>Adaptador de corriente usb-c de 20 w<\/td>\n<\/tr>\n<tr>\n<td>Cable de carga usb-c (1.5m)<\/td>\n<\/tr>\n<\/table>\n","protected":false},"excerpt":{"rendered":"<p>Macbook neo. Hola, neo. M\u00fasculo para. Lo que te mueve. Con el chip a18 pro puedes usar tus apps favoritas, volar por las tareas diarias, darle rienda suelta a tu creatividad y arrasar en los juegos. Prep\u00e1rate para hacer todo a la velocidad de tu inspiraci\u00f3n. M\u00e1xima productividad diaria.<\/p>\n","protected":false},"featured_media":0,"comment_status":"open","ping_status":"open","template":"","meta":[],"product_cat":[1886,1887],"product_tag":[1585],"acf":[],"yoast_head":"<!-- This site is optimized with the Yoast SEO plugin v21.7 - https:\/\/yoast.com\/wordpress\/plugins\/seo\/ -->\n<title>[ Apple ] &#129351; Mhfj4e\/a Macbook Neo 13 Pulgadas\/chip A18 Pro De Con 6cpu Y 5gpu\/8gb\/512gb Ssd\/2 Puertos Usb-c (usb3\/usb2)\/ad Usb-c 20w\/magic Keyboard Con Touch Id\/rosa Rubor<\/title>\n<meta name=\"description\" content=\"Compra Mhfj4e\/a Macbook Neo 13 Pulgadas\/chip A18 Pro De Con 6cpu Y 5gpu\/8gb\/512gb Ssd\/2 Puertos Usb-c (usb3\/usb2)\/ad Usb-c 20w\/magic Keyboard Con Touch Id\/rosa Rubor + Env\u00edo a domicilio + Pago seguro + Garant\u00eda\" \/>\n<meta name=\"robots\" content=\"index, follow, max-snippet:-1, max-image-preview:large, max-video-preview:-1\" \/>\n<link rel=\"canonical\" href=\"https:\/\/compuviper.mx\/tienda\/producto\/apple-mhfj4e-a-macbook-neo-13-pulgadas-chip-a18-pro-de-con-6cpu-y-5gpu-8gb-512gb-ssd-2-puertos-usb-c-usb3-usb2-ad-usb-c-20w-magic-keyboard-con-touch-id-rosa-rubor\/\" \/>\n<meta property=\"og:locale\" content=\"es_MX\" \/>\n<meta property=\"og:type\" content=\"article\" \/>\n<meta property=\"og:title\" content=\"[ Apple ] &#129351; Mhfj4e\/a Macbook Neo 13 Pulgadas\/chip A18 Pro De Con 6cpu Y 5gpu\/8gb\/512gb Ssd\/2 Puertos Usb-c (usb3\/usb2)\/ad Usb-c 20w\/magic Keyboard Con Touch Id\/rosa Rubor\" \/>\n<meta property=\"og:description\" content=\"Compra Mhfj4e\/a Macbook Neo 13 Pulgadas\/chip A18 Pro De Con 6cpu Y 5gpu\/8gb\/512gb Ssd\/2 Puertos Usb-c (usb3\/usb2)\/ad Usb-c 20w\/magic Keyboard Con Touch Id\/rosa Rubor + Env\u00edo a domicilio + Pago seguro + Garant\u00eda\" \/>\n<meta property=\"og:url\" content=\"https:\/\/compuviper.mx\/tienda\/producto\/apple-mhfj4e-a-macbook-neo-13-pulgadas-chip-a18-pro-de-con-6cpu-y-5gpu-8gb-512gb-ssd-2-puertos-usb-c-usb3-usb2-ad-usb-c-20w-magic-keyboard-con-touch-id-rosa-rubor\/\" \/>\n<meta property=\"og:site_name\" content=\"Compuviper\" \/>\n<meta property=\"article:publisher\" content=\"https:\/\/www.facebook.com\/compuviper\" \/>\n<meta name=\"twitter:card\" content=\"summary_large_image\" \/>\n<meta name=\"twitter:label1\" content=\"Precio\" \/>\n\t<meta name=\"twitter:data1\" content=\"&#36;13,313 con IVA\" \/>\n\t<meta name=\"twitter:label2\" content=\"Availability\" \/>\n\t<meta name=\"twitter:data2\" content=\"Out of stock\" \/>\n<script type=\"application\/ld+json\" class=\"yoast-schema-graph\">{\"@context\":\"https:\/\/schema.org\",\"@graph\":[{\"@type\":\"WebPage\",\"@id\":\"https:\/\/compuviper.mx\/tienda\/producto\/apple-mhfj4e-a-macbook-neo-13-pulgadas-chip-a18-pro-de-con-6cpu-y-5gpu-8gb-512gb-ssd-2-puertos-usb-c-usb3-usb2-ad-usb-c-20w-magic-keyboard-con-touch-id-rosa-rubor\/\",\"url\":\"https:\/\/compuviper.mx\/tienda\/producto\/apple-mhfj4e-a-macbook-neo-13-pulgadas-chip-a18-pro-de-con-6cpu-y-5gpu-8gb-512gb-ssd-2-puertos-usb-c-usb3-usb2-ad-usb-c-20w-magic-keyboard-con-touch-id-rosa-rubor\/\",\"name\":\"[ Apple ] &#129351; Mhfj4e\/a Macbook Neo 13 Pulgadas\/chip A18 Pro De Con 6cpu Y 5gpu\/8gb\/512gb Ssd\/2 Puertos Usb-c (usb3\/usb2)\/ad Usb-c 20w\/magic Keyboard Con Touch Id\/rosa Rubor\",\"isPartOf\":{\"@id\":\"https:\/\/compuviper.mx\/tienda\/#website\"},\"datePublished\":\"2026-04-02T07:22:58+00:00\",\"dateModified\":\"2026-04-02T07:22:58+00:00\",\"description\":\"Compra Mhfj4e\/a Macbook Neo 13 Pulgadas\/chip A18 Pro De Con 6cpu Y 5gpu\/8gb\/512gb Ssd\/2 Puertos Usb-c (usb3\/usb2)\/ad Usb-c 20w\/magic Keyboard Con Touch Id\/rosa Rubor + Env\u00edo a domicilio + Pago seguro + Garant\u00eda\",\"breadcrumb\":{\"@id\":\"https:\/\/compuviper.mx\/tienda\/producto\/apple-mhfj4e-a-macbook-neo-13-pulgadas-chip-a18-pro-de-con-6cpu-y-5gpu-8gb-512gb-ssd-2-puertos-usb-c-usb3-usb2-ad-usb-c-20w-magic-keyboard-con-touch-id-rosa-rubor\/#breadcrumb\"},\"inLanguage\":\"es-MX\",\"potentialAction\":[{\"@type\":\"ReadAction\",\"target\":[\"https:\/\/compuviper.mx\/tienda\/producto\/apple-mhfj4e-a-macbook-neo-13-pulgadas-chip-a18-pro-de-con-6cpu-y-5gpu-8gb-512gb-ssd-2-puertos-usb-c-usb3-usb2-ad-usb-c-20w-magic-keyboard-con-touch-id-rosa-rubor\/\"]}]},{\"@type\":\"BreadcrumbList\",\"@id\":\"https:\/\/compuviper.mx\/tienda\/producto\/apple-mhfj4e-a-macbook-neo-13-pulgadas-chip-a18-pro-de-con-6cpu-y-5gpu-8gb-512gb-ssd-2-puertos-usb-c-usb3-usb2-ad-usb-c-20w-magic-keyboard-con-touch-id-rosa-rubor\/#breadcrumb\",\"itemListElement\":[{\"@type\":\"ListItem\",\"position\":1,\"name\":\"Inicio\",\"item\":\"https:\/\/compuviper.mx\/tienda\/\"},{\"@type\":\"ListItem\",\"position\":2,\"name\":\"Productos\",\"item\":\"https:\/\/compuviper.mx\/tienda\/productos\/\"},{\"@type\":\"ListItem\",\"position\":3,\"name\":\"Laptops\",\"item\":\"https:\/\/compuviper.mx\/tienda\/categoria-producto\/laptops\/\"},{\"@type\":\"ListItem\",\"position\":4,\"name\":\"Notebook\",\"item\":\"https:\/\/compuviper.mx\/tienda\/categoria-producto\/laptops\/notebook-laptops\/\"},{\"@type\":\"ListItem\",\"position\":5,\"name\":\"Apple Mhfj4e\/a Macbook Neo 13 Pulgadas\/chip A18 Pro De Con 6cpu Y 5gpu\/8gb\/512gb Ssd\/2 Puertos Usb-c (usb3\/usb2)\/ad Usb-c 20w\/magic Keyboard Con Touch Id\/rosa Rubor\"}]},{\"@type\":\"WebSite\",\"@id\":\"https:\/\/compuviper.mx\/tienda\/#website\",\"url\":\"https:\/\/compuviper.mx\/tienda\/\",\"name\":\"Compuviper\",\"description\":\"Proveedor de Computadoras, Laptops, Servidores, Monitores, Puntos de Venta, Teclados,   Impresoras, T\u00f3ner, C\u00e1maras de Seguridad y m\u00e1s en tu tienda en l\u00ednea\",\"publisher\":{\"@id\":\"https:\/\/compuviper.mx\/tienda\/#organization\"},\"potentialAction\":[{\"@type\":\"SearchAction\",\"target\":{\"@type\":\"EntryPoint\",\"urlTemplate\":\"https:\/\/compuviper.mx\/tienda\/?s={search_term_string}\"},\"query-input\":\"required name=search_term_string\"}],\"inLanguage\":\"es-MX\"},{\"@type\":\"Organization\",\"@id\":\"https:\/\/compuviper.mx\/tienda\/#organization\",\"name\":\"Compuviper\",\"url\":\"https:\/\/compuviper.mx\/tienda\/\",\"logo\":{\"@type\":\"ImageObject\",\"inLanguage\":\"es-MX\",\"@id\":\"https:\/\/compuviper.mx\/tienda\/#\/schema\/logo\/image\/\",\"url\":\"https:\/\/compuviper.mx\/tienda\/wp-content\/uploads\/2021\/08\/Logo-Compuviper-10.png\",\"contentUrl\":\"https:\/\/compuviper.mx\/tienda\/wp-content\/uploads\/2021\/08\/Logo-Compuviper-10.png\",\"width\":1000,\"height\":500,\"caption\":\"Compuviper\"},\"image\":{\"@id\":\"https:\/\/compuviper.mx\/tienda\/#\/schema\/logo\/image\/\"},\"sameAs\":[\"https:\/\/www.facebook.com\/compuviper\",\"https:\/\/www.youtube.com\/channel\/UCf73dERp9Y3cfOq7q8BhLjA?view_as=subscriber\"]}]}<\/script>\n<meta property=\"product:brand\" content=\"APPLE\" \/>\n<meta property=\"product:price:amount\" content=\"13313\" \/>\n<meta property=\"product:price:currency\" content=\"MXN\" \/>\n<meta property=\"og:availability\" content=\"out of stock\" \/>\n<meta property=\"product:availability\" content=\"out of stock\" \/>\n<meta property=\"product:retailer_item_id\" content=\"MHFJ4E\/A\" \/>\n<meta property=\"product:condition\" content=\"new\" \/>\n<!-- \/ Yoast SEO plugin. -->","yoast_head_json":{"title":"[ Apple ] &#129351; Mhfj4e\/a Macbook Neo 13 Pulgadas\/chip A18 Pro De Con 6cpu Y 5gpu\/8gb\/512gb Ssd\/2 Puertos Usb-c (usb3\/usb2)\/ad Usb-c 20w\/magic Keyboard Con Touch Id\/rosa Rubor","description":"Compra Mhfj4e\/a Macbook Neo 13 Pulgadas\/chip A18 Pro De Con 6cpu Y 5gpu\/8gb\/512gb Ssd\/2 Puertos Usb-c (usb3\/usb2)\/ad Usb-c 20w\/magic Keyboard Con Touch Id\/rosa Rubor + Env\u00edo a domicilio + Pago seguro + Garant\u00eda","robots":{"index":"index","follow":"follow","max-snippet":"max-snippet:-1","max-image-preview":"max-image-preview:large","max-video-preview":"max-video-preview:-1"},"canonical":"https:\/\/compuviper.mx\/tienda\/producto\/apple-mhfj4e-a-macbook-neo-13-pulgadas-chip-a18-pro-de-con-6cpu-y-5gpu-8gb-512gb-ssd-2-puertos-usb-c-usb3-usb2-ad-usb-c-20w-magic-keyboard-con-touch-id-rosa-rubor\/","og_locale":"es_MX","og_type":"article","og_title":"[ Apple ] &#129351; Mhfj4e\/a Macbook Neo 13 Pulgadas\/chip A18 Pro De Con 6cpu Y 5gpu\/8gb\/512gb Ssd\/2 Puertos Usb-c (usb3\/usb2)\/ad Usb-c 20w\/magic Keyboard Con Touch Id\/rosa Rubor","og_description":"Compra Mhfj4e\/a Macbook Neo 13 Pulgadas\/chip A18 Pro De Con 6cpu Y 5gpu\/8gb\/512gb Ssd\/2 Puertos Usb-c (usb3\/usb2)\/ad Usb-c 20w\/magic Keyboard Con Touch Id\/rosa Rubor + Env\u00edo a domicilio + Pago seguro + Garant\u00eda","og_url":"https:\/\/compuviper.mx\/tienda\/producto\/apple-mhfj4e-a-macbook-neo-13-pulgadas-chip-a18-pro-de-con-6cpu-y-5gpu-8gb-512gb-ssd-2-puertos-usb-c-usb3-usb2-ad-usb-c-20w-magic-keyboard-con-touch-id-rosa-rubor\/","og_site_name":"Compuviper","article_publisher":"https:\/\/www.facebook.com\/compuviper","twitter_card":"summary_large_image","twitter_misc":{"Precio":"&#36;13,313 con IVA","Availability":"Out of stock"},"schema":{"@context":"https:\/\/schema.org","@graph":[{"@type":"WebPage","@id":"https:\/\/compuviper.mx\/tienda\/producto\/apple-mhfj4e-a-macbook-neo-13-pulgadas-chip-a18-pro-de-con-6cpu-y-5gpu-8gb-512gb-ssd-2-puertos-usb-c-usb3-usb2-ad-usb-c-20w-magic-keyboard-con-touch-id-rosa-rubor\/","url":"https:\/\/compuviper.mx\/tienda\/producto\/apple-mhfj4e-a-macbook-neo-13-pulgadas-chip-a18-pro-de-con-6cpu-y-5gpu-8gb-512gb-ssd-2-puertos-usb-c-usb3-usb2-ad-usb-c-20w-magic-keyboard-con-touch-id-rosa-rubor\/","name":"[ Apple ] &#129351; Mhfj4e\/a Macbook Neo 13 Pulgadas\/chip A18 Pro De Con 6cpu Y 5gpu\/8gb\/512gb Ssd\/2 Puertos Usb-c (usb3\/usb2)\/ad Usb-c 20w\/magic Keyboard Con Touch Id\/rosa Rubor","isPartOf":{"@id":"https:\/\/compuviper.mx\/tienda\/#website"},"datePublished":"2026-04-02T07:22:58+00:00","dateModified":"2026-04-02T07:22:58+00:00","description":"Compra Mhfj4e\/a Macbook Neo 13 Pulgadas\/chip A18 Pro De Con 6cpu Y 5gpu\/8gb\/512gb Ssd\/2 Puertos Usb-c (usb3\/usb2)\/ad Usb-c 20w\/magic Keyboard Con Touch Id\/rosa Rubor + Env\u00edo a domicilio + Pago seguro + Garant\u00eda","breadcrumb":{"@id":"https:\/\/compuviper.mx\/tienda\/producto\/apple-mhfj4e-a-macbook-neo-13-pulgadas-chip-a18-pro-de-con-6cpu-y-5gpu-8gb-512gb-ssd-2-puertos-usb-c-usb3-usb2-ad-usb-c-20w-magic-keyboard-con-touch-id-rosa-rubor\/#breadcrumb"},"inLanguage":"es-MX","potentialAction":[{"@type":"ReadAction","target":["https:\/\/compuviper.mx\/tienda\/producto\/apple-mhfj4e-a-macbook-neo-13-pulgadas-chip-a18-pro-de-con-6cpu-y-5gpu-8gb-512gb-ssd-2-puertos-usb-c-usb3-usb2-ad-usb-c-20w-magic-keyboard-con-touch-id-rosa-rubor\/"]}]},{"@type":"BreadcrumbList","@id":"https:\/\/compuviper.mx\/tienda\/producto\/apple-mhfj4e-a-macbook-neo-13-pulgadas-chip-a18-pro-de-con-6cpu-y-5gpu-8gb-512gb-ssd-2-puertos-usb-c-usb3-usb2-ad-usb-c-20w-magic-keyboard-con-touch-id-rosa-rubor\/#breadcrumb","itemListElement":[{"@type":"ListItem","position":1,"name":"Inicio","item":"https:\/\/compuviper.mx\/tienda\/"},{"@type":"ListItem","position":2,"name":"Productos","item":"https:\/\/compuviper.mx\/tienda\/productos\/"},{"@type":"ListItem","position":3,"name":"Laptops","item":"https:\/\/compuviper.mx\/tienda\/categoria-producto\/laptops\/"},{"@type":"ListItem","position":4,"name":"Notebook","item":"https:\/\/compuviper.mx\/tienda\/categoria-producto\/laptops\/notebook-laptops\/"},{"@type":"ListItem","position":5,"name":"Apple Mhfj4e\/a Macbook Neo 13 Pulgadas\/chip A18 Pro De Con 6cpu Y 5gpu\/8gb\/512gb Ssd\/2 Puertos Usb-c (usb3\/usb2)\/ad Usb-c 20w\/magic Keyboard Con Touch Id\/rosa Rubor"}]},{"@type":"WebSite","@id":"https:\/\/compuviper.mx\/tienda\/#website","url":"https:\/\/compuviper.mx\/tienda\/","name":"Compuviper","description":"Proveedor de Computadoras, Laptops, Servidores, Monitores, Puntos de Venta, Teclados,   Impresoras, T\u00f3ner, C\u00e1maras de Seguridad y m\u00e1s en tu tienda en l\u00ednea","publisher":{"@id":"https:\/\/compuviper.mx\/tienda\/#organization"},"potentialAction":[{"@type":"SearchAction","target":{"@type":"EntryPoint","urlTemplate":"https:\/\/compuviper.mx\/tienda\/?s={search_term_string}"},"query-input":"required name=search_term_string"}],"inLanguage":"es-MX"},{"@type":"Organization","@id":"https:\/\/compuviper.mx\/tienda\/#organization","name":"Compuviper","url":"https:\/\/compuviper.mx\/tienda\/","logo":{"@type":"ImageObject","inLanguage":"es-MX","@id":"https:\/\/compuviper.mx\/tienda\/#\/schema\/logo\/image\/","url":"https:\/\/compuviper.mx\/tienda\/wp-content\/uploads\/2021\/08\/Logo-Compuviper-10.png","contentUrl":"https:\/\/compuviper.mx\/tienda\/wp-content\/uploads\/2021\/08\/Logo-Compuviper-10.png","width":1000,"height":500,"caption":"Compuviper"},"image":{"@id":"https:\/\/compuviper.mx\/tienda\/#\/schema\/logo\/image\/"},"sameAs":["https:\/\/www.facebook.com\/compuviper","https:\/\/www.youtube.com\/channel\/UCf73dERp9Y3cfOq7q8BhLjA?view_as=subscriber"]}]},"product_brand":"APPLE","product_price_amount":"13313","product_price_currency":"MXN","og_availability":"out of stock","product_availability":"out of stock","product_retailer_item_id":"MHFJ4E\/A","product_condition":"new"},"_links":{"self":[{"href":"https:\/\/compuviper.mx\/tienda\/wp-json\/wp\/v2\/product\/268096"}],"collection":[{"href":"https:\/\/compuviper.mx\/tienda\/wp-json\/wp\/v2\/product"}],"about":[{"href":"https:\/\/compuviper.mx\/tienda\/wp-json\/wp\/v2\/types\/product"}],"replies":[{"embeddable":true,"href":"https:\/\/compuviper.mx\/tienda\/wp-json\/wp\/v2\/comments?post=268096"}],"wp:attachment":[{"href":"https:\/\/compuviper.mx\/tienda\/wp-json\/wp\/v2\/media?parent=268096"}],"wp:term":[{"taxonomy":"product_cat","embeddable":true,"href":"https:\/\/compuviper.mx\/tienda\/wp-json\/wp\/v2\/product_cat?post=268096"},{"taxonomy":"product_tag","embeddable":true,"href":"https:\/\/compuviper.mx\/tienda\/wp-json\/wp\/v2\/product_tag?post=268096"}],"curies":[{"name":"wp","href":"https:\/\/api.w.org\/{rel}","templated":true}]}}