{"id":268091,"date":"2026-04-02T01:22:29","date_gmt":"2026-04-02T07:22:29","guid":{"rendered":"https:\/\/compuviper.mx\/tienda\/producto\/msi-venture-a16-ai-a3hmg-048mx-laptop-venture-a16-ai-a3hmg-16-fhd-144hz-amd-ryzen-ai-7-350-hasta-5-0-ghz-ddr5-16gb-512-ssd-win-11-pro-copilotpc-incluye-backpack\/"},"modified":"2026-04-03T00:00:20","modified_gmt":"2026-04-03T06:00:20","slug":"msi-venture-a16-ai-a3hmg-048mx-laptop-venture-a16-ai-a3hmg-16-fhd-144hz-amd-ryzen-ai-7-350-hasta-5-0-ghz-ddr5-16gb-512-ssd-win-11-pro-copilotpc-incluye-backpack","status":"publish","type":"product","link":"https:\/\/compuviper.mx\/tienda\/producto\/msi-venture-a16-ai-a3hmg-048mx-laptop-venture-a16-ai-a3hmg-16-fhd-144hz-amd-ryzen-ai-7-350-hasta-5-0-ghz-ddr5-16gb-512-ssd-win-11-pro-copilotpc-incluye-backpack\/","title":{"rendered":"Msi Venture A16 Ai+ A3hmg-048mx Laptop  Venture A16 Ai A3hmg \/ 16 Fhd 144hz \/ Amd Ryzen Ai 7 350 Hasta 5.0 Ghz \/ Ddr5 16gb \/ 512 Ssd \/ Win 11 Pro Copilotpc Incluye Backpack"},"content":{"rendered":"<table class=\"descripcion\">\n<tr>\n<td>Modelo venture a16 ai+ a3hmg-048mx<\/td>\n<\/tr>\n<tr>\n<td>P\/n 9s7-261k21-048<\/td>\n<\/tr>\n<tr>\n<td>Project code ms-261k<\/td>\n<\/tr>\n<tr>\n<td>Color solid gray<\/td>\n<\/tr>\n<tr>\n<td>Pantalla 16 fhd+ (1920&#215;1080), 144hz 45%ntsc ips level<\/td>\n<\/tr>\n<tr>\n<td>Resoluci\u00f3n \/ aspecto 1920&#215;1080<\/td>\n<\/tr>\n<tr>\n<td>G-sync na<\/td>\n<\/tr>\n<tr>\n<td>Cpu amd ryzen ai 7 350<\/td>\n<\/tr>\n<tr>\n<td>Frecuencia del cpu hasta 5.0 ghz<\/td>\n<\/tr>\n<tr>\n<td>Chipset integrated soc<\/td>\n<\/tr>\n<tr>\n<td>Lista para vr na<\/td>\n<\/tr>\n<tr>\n<td>Tarjeta de video uma<\/td>\n<\/tr>\n<tr>\n<td>Vram na<\/td>\n<\/tr>\n<tr>\n<td>Memoria en el sistema ddr5 16gb (16gb*1 a 5600mhz)<\/td>\n<\/tr>\n<tr>\n<td>Sodimm 2 sockets (max 96gb)<\/td>\n<\/tr>\n<tr>\n<td>Hdd\/ssd 512gb ssd<\/td>\n<\/tr>\n<tr>\n<td>Format nvme pcie gen4<\/td>\n<\/tr>\n<tr>\n<td>Fingerprint na<\/td>\n<\/tr>\n<tr>\n<td>Lan gb lan<\/td>\n<\/tr>\n<tr>\n<td>Wireless wi-fi 6e+bt<\/td>\n<\/tr>\n<tr>\n<td>Bluetooth bt 5.3<\/td>\n<\/tr>\n<tr>\n<td>Lector de tarjetas na<\/td>\n<\/tr>\n<tr>\n<td>Salida hdmi hdmi\u0099 2.1 (4k @ 60hz)<\/td>\n<\/tr>\n<tr>\n<td>Mini-display port na<\/td>\n<\/tr>\n<tr>\n<td>Usb tipo c 1x type-c (usb3.2 gen1 \/ displayport\u0099\/ power delivery 3.0)<\/td>\n<\/tr>\n<tr>\n<td>Usb 2x type-a usb3.2 gen1<\/td>\n<\/tr>\n<tr>\n<td>Teclado single backlit keyboard (white) with copilot key<\/td>\n<\/tr>\n<tr>\n<td>Touch pad multi touch<\/td>\n<\/tr>\n<tr>\n<td>Entrada micr\u00f3fono \/ salida aud\u00edfono mic-in\/headphone-out combo<\/td>\n<\/tr>\n<tr>\n<td>Bocinas speakers 2w*2<\/td>\n<\/tr>\n<tr>\n<td>Webcam ir hd type (30fps@720p)<\/td>\n<\/tr>\n<tr>\n<td>Bater\u00eda 4 cell (75whr)<\/td>\n<\/tr>\n<tr>\n<td>Adaptador de corriente si 90w<\/td>\n<\/tr>\n<tr>\n<td>Sistema operativo windows 11 pro (copilot+ pc)<\/td>\n<\/tr>\n<tr>\n<td>Energy star si<\/td>\n<\/tr>\n<tr>\n<td>Peso unidad 1.9 kg<\/td>\n<\/tr>\n<tr>\n<td>Dimensiones unidad 359.3 x 245.25 x 23.15 mm<\/td>\n<\/tr>\n<tr>\n<td>Dimensiones con caja 535 x 129 x 345 mm<\/td>\n<\/tr>\n<tr>\n<td>Peso total 3.44 kg<\/td>\n<\/tr>\n<tr>\n<td>Dimensiones totales 535 x 129 x 345 mm<\/td>\n<\/tr>\n<tr>\n<td>Unidades 1<\/td>\n<\/tr>\n<tr>\n<td>Upc 824142452295<\/td>\n<\/tr>\n<tr>\n<td>Ucc-14 10824142452292<\/td>\n<\/tr>\n<tr>\n<td>Garant\u00eda 2 a\u00f1os garant\u00eda limitada (mx)<\/td>\n<\/tr>\n<\/table>\n","protected":false},"excerpt":{"rendered":"<p>Consigue una eficiencia inigualable con la venture a16 ai+ a3hm, equipada con un procesador hasta amd ryzen\u0099 ai 7 350 para acelerar tu flujo de trabajo. Con funciones de ia inteligentes y un dise\u00f1o duradero, esta laptop te permite destacar en cualquier lugar.<\/p>\n","protected":false},"featured_media":0,"comment_status":"open","ping_status":"open","template":"","meta":[],"product_cat":[1886,1887],"product_tag":[1970],"acf":[],"yoast_head":"<!-- This site is optimized with the Yoast SEO plugin v21.7 - https:\/\/yoast.com\/wordpress\/plugins\/seo\/ -->\n<title>[ Msi ] &#129351; Venture A16 Ai+ A3hmg-048mx Laptop Venture A16 Ai A3hmg \/ 16 Fhd 144hz \/ Amd Ryzen Ai 7 350 Hasta 5.0 Ghz \/ Ddr5 16gb \/ 512 Ssd \/ Win 11 Pro Copilotpc Incluye Backpack<\/title>\n<meta name=\"description\" content=\"Compra Venture A16 Ai+ A3hmg-048mx Laptop Venture A16 Ai A3hmg \/ 16 Fhd 144hz \/ Amd Ryzen Ai 7 350 Hasta 5.0 Ghz \/ Ddr5 16gb \/ 512 Ssd \/ Win 11 Pro Copilotpc Incluye Backpack + Env\u00edo a domicilio + Pago seguro + Garant\u00eda\" \/>\n<meta name=\"robots\" content=\"index, follow, max-snippet:-1, max-image-preview:large, max-video-preview:-1\" \/>\n<link rel=\"canonical\" href=\"https:\/\/compuviper.mx\/tienda\/producto\/msi-venture-a16-ai-a3hmg-048mx-laptop-venture-a16-ai-a3hmg-16-fhd-144hz-amd-ryzen-ai-7-350-hasta-5-0-ghz-ddr5-16gb-512-ssd-win-11-pro-copilotpc-incluye-backpack\/\" \/>\n<meta property=\"og:locale\" content=\"es_MX\" \/>\n<meta property=\"og:type\" content=\"article\" \/>\n<meta property=\"og:title\" content=\"[ Msi ] &#129351; Venture A16 Ai+ A3hmg-048mx Laptop Venture A16 Ai A3hmg \/ 16 Fhd 144hz \/ Amd Ryzen Ai 7 350 Hasta 5.0 Ghz \/ Ddr5 16gb \/ 512 Ssd \/ Win 11 Pro Copilotpc Incluye Backpack\" \/>\n<meta property=\"og:description\" content=\"Compra Venture A16 Ai+ A3hmg-048mx Laptop Venture A16 Ai A3hmg \/ 16 Fhd 144hz \/ Amd Ryzen Ai 7 350 Hasta 5.0 Ghz \/ Ddr5 16gb \/ 512 Ssd \/ Win 11 Pro Copilotpc Incluye Backpack + Env\u00edo a domicilio + Pago seguro + Garant\u00eda\" \/>\n<meta property=\"og:url\" content=\"https:\/\/compuviper.mx\/tienda\/producto\/msi-venture-a16-ai-a3hmg-048mx-laptop-venture-a16-ai-a3hmg-16-fhd-144hz-amd-ryzen-ai-7-350-hasta-5-0-ghz-ddr5-16gb-512-ssd-win-11-pro-copilotpc-incluye-backpack\/\" \/>\n<meta property=\"og:site_name\" content=\"Compuviper\" \/>\n<meta property=\"article:publisher\" content=\"https:\/\/www.facebook.com\/compuviper\" \/>\n<meta property=\"article:modified_time\" content=\"2026-04-03T06:00:20+00:00\" \/>\n<meta name=\"twitter:card\" content=\"summary_large_image\" \/>\n<meta name=\"twitter:label1\" content=\"Precio\" \/>\n\t<meta name=\"twitter:data1\" content=\"&#36;18,531 con IVA\" \/>\n\t<meta name=\"twitter:label2\" content=\"Availability\" \/>\n\t<meta name=\"twitter:data2\" content=\"In stock\" \/>\n<script type=\"application\/ld+json\" class=\"yoast-schema-graph\">{\"@context\":\"https:\/\/schema.org\",\"@graph\":[{\"@type\":\"WebPage\",\"@id\":\"https:\/\/compuviper.mx\/tienda\/producto\/msi-venture-a16-ai-a3hmg-048mx-laptop-venture-a16-ai-a3hmg-16-fhd-144hz-amd-ryzen-ai-7-350-hasta-5-0-ghz-ddr5-16gb-512-ssd-win-11-pro-copilotpc-incluye-backpack\/\",\"url\":\"https:\/\/compuviper.mx\/tienda\/producto\/msi-venture-a16-ai-a3hmg-048mx-laptop-venture-a16-ai-a3hmg-16-fhd-144hz-amd-ryzen-ai-7-350-hasta-5-0-ghz-ddr5-16gb-512-ssd-win-11-pro-copilotpc-incluye-backpack\/\",\"name\":\"[ Msi ] &#129351; Venture A16 Ai+ A3hmg-048mx Laptop Venture A16 Ai A3hmg \/ 16 Fhd 144hz \/ Amd Ryzen Ai 7 350 Hasta 5.0 Ghz \/ Ddr5 16gb \/ 512 Ssd \/ Win 11 Pro Copilotpc Incluye Backpack\",\"isPartOf\":{\"@id\":\"https:\/\/compuviper.mx\/tienda\/#website\"},\"datePublished\":\"2026-04-02T07:22:29+00:00\",\"dateModified\":\"2026-04-03T06:00:20+00:00\",\"description\":\"Compra Venture A16 Ai+ A3hmg-048mx Laptop Venture A16 Ai A3hmg \/ 16 Fhd 144hz \/ Amd Ryzen Ai 7 350 Hasta 5.0 Ghz \/ Ddr5 16gb \/ 512 Ssd \/ Win 11 Pro Copilotpc Incluye Backpack + Env\u00edo a domicilio + Pago seguro + Garant\u00eda\",\"breadcrumb\":{\"@id\":\"https:\/\/compuviper.mx\/tienda\/producto\/msi-venture-a16-ai-a3hmg-048mx-laptop-venture-a16-ai-a3hmg-16-fhd-144hz-amd-ryzen-ai-7-350-hasta-5-0-ghz-ddr5-16gb-512-ssd-win-11-pro-copilotpc-incluye-backpack\/#breadcrumb\"},\"inLanguage\":\"es-MX\",\"potentialAction\":[{\"@type\":\"ReadAction\",\"target\":[\"https:\/\/compuviper.mx\/tienda\/producto\/msi-venture-a16-ai-a3hmg-048mx-laptop-venture-a16-ai-a3hmg-16-fhd-144hz-amd-ryzen-ai-7-350-hasta-5-0-ghz-ddr5-16gb-512-ssd-win-11-pro-copilotpc-incluye-backpack\/\"]}]},{\"@type\":\"BreadcrumbList\",\"@id\":\"https:\/\/compuviper.mx\/tienda\/producto\/msi-venture-a16-ai-a3hmg-048mx-laptop-venture-a16-ai-a3hmg-16-fhd-144hz-amd-ryzen-ai-7-350-hasta-5-0-ghz-ddr5-16gb-512-ssd-win-11-pro-copilotpc-incluye-backpack\/#breadcrumb\",\"itemListElement\":[{\"@type\":\"ListItem\",\"position\":1,\"name\":\"Inicio\",\"item\":\"https:\/\/compuviper.mx\/tienda\/\"},{\"@type\":\"ListItem\",\"position\":2,\"name\":\"Productos\",\"item\":\"https:\/\/compuviper.mx\/tienda\/productos\/\"},{\"@type\":\"ListItem\",\"position\":3,\"name\":\"Laptops\",\"item\":\"https:\/\/compuviper.mx\/tienda\/categoria-producto\/laptops\/\"},{\"@type\":\"ListItem\",\"position\":4,\"name\":\"Notebook\",\"item\":\"https:\/\/compuviper.mx\/tienda\/categoria-producto\/laptops\/notebook-laptops\/\"},{\"@type\":\"ListItem\",\"position\":5,\"name\":\"Msi Venture A16 Ai+ A3hmg-048mx Laptop Venture A16 Ai A3hmg \/ 16 Fhd 144hz \/ Amd Ryzen Ai 7 350 Hasta 5.0 Ghz \/ Ddr5 16gb \/ 512 Ssd \/ Win 11 Pro Copilotpc Incluye Backpack\"}]},{\"@type\":\"WebSite\",\"@id\":\"https:\/\/compuviper.mx\/tienda\/#website\",\"url\":\"https:\/\/compuviper.mx\/tienda\/\",\"name\":\"Compuviper\",\"description\":\"Proveedor de Computadoras, Laptops, Servidores, Monitores, Puntos de Venta, Teclados,   Impresoras, T\u00f3ner, C\u00e1maras de Seguridad y m\u00e1s en tu tienda en l\u00ednea\",\"publisher\":{\"@id\":\"https:\/\/compuviper.mx\/tienda\/#organization\"},\"potentialAction\":[{\"@type\":\"SearchAction\",\"target\":{\"@type\":\"EntryPoint\",\"urlTemplate\":\"https:\/\/compuviper.mx\/tienda\/?s={search_term_string}\"},\"query-input\":\"required name=search_term_string\"}],\"inLanguage\":\"es-MX\"},{\"@type\":\"Organization\",\"@id\":\"https:\/\/compuviper.mx\/tienda\/#organization\",\"name\":\"Compuviper\",\"url\":\"https:\/\/compuviper.mx\/tienda\/\",\"logo\":{\"@type\":\"ImageObject\",\"inLanguage\":\"es-MX\",\"@id\":\"https:\/\/compuviper.mx\/tienda\/#\/schema\/logo\/image\/\",\"url\":\"https:\/\/compuviper.mx\/tienda\/wp-content\/uploads\/2021\/08\/Logo-Compuviper-10.png\",\"contentUrl\":\"https:\/\/compuviper.mx\/tienda\/wp-content\/uploads\/2021\/08\/Logo-Compuviper-10.png\",\"width\":1000,\"height\":500,\"caption\":\"Compuviper\"},\"image\":{\"@id\":\"https:\/\/compuviper.mx\/tienda\/#\/schema\/logo\/image\/\"},\"sameAs\":[\"https:\/\/www.facebook.com\/compuviper\",\"https:\/\/www.youtube.com\/channel\/UCf73dERp9Y3cfOq7q8BhLjA?view_as=subscriber\"]}]}<\/script>\n<meta property=\"product:brand\" content=\"MSI\" \/>\n<meta property=\"product:price:amount\" content=\"18531\" \/>\n<meta property=\"product:price:currency\" content=\"MXN\" \/>\n<meta property=\"og:availability\" content=\"instock\" \/>\n<meta property=\"product:availability\" content=\"instock\" \/>\n<meta property=\"product:retailer_item_id\" content=\"VENTURE A16 AI+ A3HMG-048MX\" \/>\n<meta property=\"product:condition\" content=\"new\" \/>\n<!-- \/ Yoast SEO plugin. -->","yoast_head_json":{"title":"[ Msi ] &#129351; Venture A16 Ai+ A3hmg-048mx Laptop Venture A16 Ai A3hmg \/ 16 Fhd 144hz \/ Amd Ryzen Ai 7 350 Hasta 5.0 Ghz \/ Ddr5 16gb \/ 512 Ssd \/ Win 11 Pro Copilotpc Incluye Backpack","description":"Compra Venture A16 Ai+ A3hmg-048mx Laptop Venture A16 Ai A3hmg \/ 16 Fhd 144hz \/ Amd Ryzen Ai 7 350 Hasta 5.0 Ghz \/ Ddr5 16gb \/ 512 Ssd \/ Win 11 Pro Copilotpc Incluye Backpack + Env\u00edo a domicilio + Pago seguro + Garant\u00eda","robots":{"index":"index","follow":"follow","max-snippet":"max-snippet:-1","max-image-preview":"max-image-preview:large","max-video-preview":"max-video-preview:-1"},"canonical":"https:\/\/compuviper.mx\/tienda\/producto\/msi-venture-a16-ai-a3hmg-048mx-laptop-venture-a16-ai-a3hmg-16-fhd-144hz-amd-ryzen-ai-7-350-hasta-5-0-ghz-ddr5-16gb-512-ssd-win-11-pro-copilotpc-incluye-backpack\/","og_locale":"es_MX","og_type":"article","og_title":"[ Msi ] &#129351; Venture A16 Ai+ A3hmg-048mx Laptop Venture A16 Ai A3hmg \/ 16 Fhd 144hz \/ Amd Ryzen Ai 7 350 Hasta 5.0 Ghz \/ Ddr5 16gb \/ 512 Ssd \/ Win 11 Pro Copilotpc Incluye Backpack","og_description":"Compra Venture A16 Ai+ A3hmg-048mx Laptop Venture A16 Ai A3hmg \/ 16 Fhd 144hz \/ Amd Ryzen Ai 7 350 Hasta 5.0 Ghz \/ Ddr5 16gb \/ 512 Ssd \/ Win 11 Pro Copilotpc Incluye Backpack + Env\u00edo a domicilio + Pago seguro + Garant\u00eda","og_url":"https:\/\/compuviper.mx\/tienda\/producto\/msi-venture-a16-ai-a3hmg-048mx-laptop-venture-a16-ai-a3hmg-16-fhd-144hz-amd-ryzen-ai-7-350-hasta-5-0-ghz-ddr5-16gb-512-ssd-win-11-pro-copilotpc-incluye-backpack\/","og_site_name":"Compuviper","article_publisher":"https:\/\/www.facebook.com\/compuviper","article_modified_time":"2026-04-03T06:00:20+00:00","twitter_card":"summary_large_image","twitter_misc":{"Precio":"&#36;18,531 con IVA","Availability":"In stock"},"schema":{"@context":"https:\/\/schema.org","@graph":[{"@type":"WebPage","@id":"https:\/\/compuviper.mx\/tienda\/producto\/msi-venture-a16-ai-a3hmg-048mx-laptop-venture-a16-ai-a3hmg-16-fhd-144hz-amd-ryzen-ai-7-350-hasta-5-0-ghz-ddr5-16gb-512-ssd-win-11-pro-copilotpc-incluye-backpack\/","url":"https:\/\/compuviper.mx\/tienda\/producto\/msi-venture-a16-ai-a3hmg-048mx-laptop-venture-a16-ai-a3hmg-16-fhd-144hz-amd-ryzen-ai-7-350-hasta-5-0-ghz-ddr5-16gb-512-ssd-win-11-pro-copilotpc-incluye-backpack\/","name":"[ Msi ] &#129351; Venture A16 Ai+ A3hmg-048mx Laptop Venture A16 Ai A3hmg \/ 16 Fhd 144hz \/ Amd Ryzen Ai 7 350 Hasta 5.0 Ghz \/ Ddr5 16gb \/ 512 Ssd \/ Win 11 Pro Copilotpc Incluye Backpack","isPartOf":{"@id":"https:\/\/compuviper.mx\/tienda\/#website"},"datePublished":"2026-04-02T07:22:29+00:00","dateModified":"2026-04-03T06:00:20+00:00","description":"Compra Venture A16 Ai+ A3hmg-048mx Laptop Venture A16 Ai A3hmg \/ 16 Fhd 144hz \/ Amd Ryzen Ai 7 350 Hasta 5.0 Ghz \/ Ddr5 16gb \/ 512 Ssd \/ Win 11 Pro Copilotpc Incluye Backpack + Env\u00edo a domicilio + Pago seguro + Garant\u00eda","breadcrumb":{"@id":"https:\/\/compuviper.mx\/tienda\/producto\/msi-venture-a16-ai-a3hmg-048mx-laptop-venture-a16-ai-a3hmg-16-fhd-144hz-amd-ryzen-ai-7-350-hasta-5-0-ghz-ddr5-16gb-512-ssd-win-11-pro-copilotpc-incluye-backpack\/#breadcrumb"},"inLanguage":"es-MX","potentialAction":[{"@type":"ReadAction","target":["https:\/\/compuviper.mx\/tienda\/producto\/msi-venture-a16-ai-a3hmg-048mx-laptop-venture-a16-ai-a3hmg-16-fhd-144hz-amd-ryzen-ai-7-350-hasta-5-0-ghz-ddr5-16gb-512-ssd-win-11-pro-copilotpc-incluye-backpack\/"]}]},{"@type":"BreadcrumbList","@id":"https:\/\/compuviper.mx\/tienda\/producto\/msi-venture-a16-ai-a3hmg-048mx-laptop-venture-a16-ai-a3hmg-16-fhd-144hz-amd-ryzen-ai-7-350-hasta-5-0-ghz-ddr5-16gb-512-ssd-win-11-pro-copilotpc-incluye-backpack\/#breadcrumb","itemListElement":[{"@type":"ListItem","position":1,"name":"Inicio","item":"https:\/\/compuviper.mx\/tienda\/"},{"@type":"ListItem","position":2,"name":"Productos","item":"https:\/\/compuviper.mx\/tienda\/productos\/"},{"@type":"ListItem","position":3,"name":"Laptops","item":"https:\/\/compuviper.mx\/tienda\/categoria-producto\/laptops\/"},{"@type":"ListItem","position":4,"name":"Notebook","item":"https:\/\/compuviper.mx\/tienda\/categoria-producto\/laptops\/notebook-laptops\/"},{"@type":"ListItem","position":5,"name":"Msi Venture A16 Ai+ A3hmg-048mx Laptop Venture A16 Ai A3hmg \/ 16 Fhd 144hz \/ Amd Ryzen Ai 7 350 Hasta 5.0 Ghz \/ Ddr5 16gb \/ 512 Ssd \/ Win 11 Pro Copilotpc Incluye Backpack"}]},{"@type":"WebSite","@id":"https:\/\/compuviper.mx\/tienda\/#website","url":"https:\/\/compuviper.mx\/tienda\/","name":"Compuviper","description":"Proveedor de Computadoras, Laptops, Servidores, Monitores, Puntos de Venta, Teclados,   Impresoras, T\u00f3ner, C\u00e1maras de Seguridad y m\u00e1s en tu tienda en l\u00ednea","publisher":{"@id":"https:\/\/compuviper.mx\/tienda\/#organization"},"potentialAction":[{"@type":"SearchAction","target":{"@type":"EntryPoint","urlTemplate":"https:\/\/compuviper.mx\/tienda\/?s={search_term_string}"},"query-input":"required name=search_term_string"}],"inLanguage":"es-MX"},{"@type":"Organization","@id":"https:\/\/compuviper.mx\/tienda\/#organization","name":"Compuviper","url":"https:\/\/compuviper.mx\/tienda\/","logo":{"@type":"ImageObject","inLanguage":"es-MX","@id":"https:\/\/compuviper.mx\/tienda\/#\/schema\/logo\/image\/","url":"https:\/\/compuviper.mx\/tienda\/wp-content\/uploads\/2021\/08\/Logo-Compuviper-10.png","contentUrl":"https:\/\/compuviper.mx\/tienda\/wp-content\/uploads\/2021\/08\/Logo-Compuviper-10.png","width":1000,"height":500,"caption":"Compuviper"},"image":{"@id":"https:\/\/compuviper.mx\/tienda\/#\/schema\/logo\/image\/"},"sameAs":["https:\/\/www.facebook.com\/compuviper","https:\/\/www.youtube.com\/channel\/UCf73dERp9Y3cfOq7q8BhLjA?view_as=subscriber"]}]},"product_brand":"MSI","product_price_amount":"18531","product_price_currency":"MXN","og_availability":"instock","product_availability":"instock","product_retailer_item_id":"VENTURE A16 AI+ A3HMG-048MX","product_condition":"new"},"_links":{"self":[{"href":"https:\/\/compuviper.mx\/tienda\/wp-json\/wp\/v2\/product\/268091"}],"collection":[{"href":"https:\/\/compuviper.mx\/tienda\/wp-json\/wp\/v2\/product"}],"about":[{"href":"https:\/\/compuviper.mx\/tienda\/wp-json\/wp\/v2\/types\/product"}],"replies":[{"embeddable":true,"href":"https:\/\/compuviper.mx\/tienda\/wp-json\/wp\/v2\/comments?post=268091"}],"wp:attachment":[{"href":"https:\/\/compuviper.mx\/tienda\/wp-json\/wp\/v2\/media?parent=268091"}],"wp:term":[{"taxonomy":"product_cat","embeddable":true,"href":"https:\/\/compuviper.mx\/tienda\/wp-json\/wp\/v2\/product_cat?post=268091"},{"taxonomy":"product_tag","embeddable":true,"href":"https:\/\/compuviper.mx\/tienda\/wp-json\/wp\/v2\/product_tag?post=268091"}],"curies":[{"name":"wp","href":"https:\/\/api.w.org\/{rel}","templated":true}]}}