{"id":268089,"date":"2026-04-25T01:09:34","date_gmt":"2026-04-25T07:09:34","guid":{"rendered":"https:\/\/compuviper.mx\/tienda\/producto\/gigabyte-gigabyte-gaming-a16-cvhi3la894ph-portatil-gamer-intel-i7-13620h-ram-16gb-ddr5-ssd-1-tb-rtx-5060-win-11-home\/"},"modified":"2026-04-25T01:09:34","modified_gmt":"2026-04-25T07:09:34","slug":"gigabyte-gigabyte-gaming-a16-cvhi3la894ph-portatil-gamer-intel-i7-13620h-ram-16gb-ddr5-ssd-1-tb-rtx-5060-win-11-home","status":"publish","type":"product","link":"https:\/\/compuviper.mx\/tienda\/producto\/gigabyte-gigabyte-gaming-a16-cvhi3la894ph-portatil-gamer-intel-i7-13620h-ram-16gb-ddr5-ssd-1-tb-rtx-5060-win-11-home\/","title":{"rendered":"Gigabyte Gigabyte Gaming A16 Cvhi3la894ph Portatil Gamer  \/ Intel I7 13620h \/ Ram 16gb Ddr5 \/ Ssd 1 Tb \/ Rtx 5060 \/ Win 11 Home"},"content":{"rendered":"<table class=\"descripcion\">\n<tr>\n<td>Gigabyte gaming a16 cvh<\/td>\n<\/tr>\n<tr>\n<td>Windows 11 pro (gigabyte recomienda windows 11 pro para empresas). sistema operativo<\/td>\n<\/tr>\n<tr>\n<td>Windows 11 home<\/td>\n<\/tr>\n<tr>\n<td>Uefi shell<\/td>\n<\/tr>\n<tr>\n<td>Intel\u00ae core\u0099 i7-13620h (24 mb de cach\u00e9, hasta 4,9 ghz, 10 n\u00facleos, 16 subprocesos)<\/td>\n<\/tr>\n<tr>\n<td>Gpu para port\u00e1til nvidia\u00ae geforce rtx\u0099 5060 con<\/td>\n<\/tr>\n<tr>\n<td>8 gb gddr7<\/td>\n<\/tr>\n<tr>\n<td>16 16:10<\/td>\n<\/tr>\n<tr>\n<td>Ips wqxga (2560\u00d71600) 165 hz, 3 ms, srgb 100 %, 400 nits (t\u00edpico)<\/td>\n<\/tr>\n<tr>\n<td>Ips wuxga (1920&#215;1200) 165 hz, 300 nits (t\u00edpico)<\/td>\n<\/tr>\n<tr>\n<td>Conmutador mux<\/td>\n<\/tr>\n<tr>\n<td>Hasta 64 gb ddr5 5200 mhz<\/td>\n<\/tr>\n<tr>\n<td>* 2x z\u00f3calos so-dimm para expansi\u00f3n<\/td>\n<\/tr>\n<tr>\n<td>2 ranuras pcie gen4x4 m.2 ssd<\/td>\n<\/tr>\n<tr>\n<td>Pcie nvme\u0099 m.2 de hasta 4 tb<\/td>\n<\/tr>\n<tr>\n<td>*la capacidad de almacenamiento puede variar seg\u00fan el pa\u00eds y la regi\u00f3n. para obtener la informaci\u00f3n m\u00e1s reciente sobre el producto, contacte con sus distribuidores o minoristas locales.<\/td>\n<\/tr>\n<tr>\n<td>**si durante el periodo de garant\u00eda se produce alguna anomal\u00eda que no sea atribuible a gigabyte\/aorus, esta no la cubrir\u00e1. m\u00e1s informaci\u00f3n: https:\/\/member.aorus.com\/global\/productwarranty<\/td>\n<\/tr>\n<tr>\n<td>Teclado retroiluminado rgb de 1 zona, recorrido de tecla de hasta 1,7 mm<\/td>\n<\/tr>\n<tr>\n<td>Lado izquierdo:<\/td>\n<\/tr>\n<tr>\n<td>1 x entrada de cc<\/td>\n<\/tr>\n<tr>\n<td>1 x rj-45<\/td>\n<\/tr>\n<tr>\n<td>1 x hdmi 2.1<\/td>\n<\/tr>\n<tr>\n<td>1 x tipo a compatible con usb 3.2 gen1<\/td>\n<\/tr>\n<tr>\n<td>1 x tipo c usb 3.2 gen1 compatible con displayport\u0099 1.4 y power delivery 3.0<\/td>\n<\/tr>\n<tr>\n<td>Lado derecho:<\/td>\n<\/tr>\n<tr>\n<td>1 x tipo a compatible con usb 3.2 gen1<\/td>\n<\/tr>\n<tr>\n<td>1 x tipo a compatible con usb 2.0<\/td>\n<\/tr>\n<tr>\n<td>1 x conector de audio de 3,5 mm compatible con combinaci\u00f3n de micr\u00f3fono\/auriculares<\/td>\n<\/tr>\n<tr>\n<td>2 altavoces de 2 w<\/td>\n<\/tr>\n<tr>\n<td>Micr\u00f3fono<\/td>\n<\/tr>\n<tr>\n<td>Dolby atmos\u00ae<\/td>\n<\/tr>\n<tr>\n<td>Wi-fi 6e (802.11ax 2&#215;2)<\/td>\n<\/tr>\n<tr>\n<td>Lan: 1g<\/td>\n<\/tr>\n<tr>\n<td>Bluetooth v5.2<\/td>\n<\/tr>\n<tr>\n<td>C\u00e1mara web infrarroja fhd (1080p)<\/td>\n<\/tr>\n<tr>\n<td>Micr\u00f3fono integrado<\/td>\n<\/tr>\n<tr>\n<td>Tpm basado en firmware, compatible con intel\u00ae platform trust technology (intel\u00ae ptt)<\/td>\n<\/tr>\n<tr>\n<td>Pol\u00edmero de litio de 76 wh<\/td>\n<\/tr>\n<tr>\n<td>Adaptador de ca de 150 w<\/td>\n<\/tr>\n<tr>\n<td>358,3 x 262,5 x 19,45~22,99 mm<\/td>\n<\/tr>\n<tr>\n<td>*las dimensiones de la computadora port\u00e1til pueden variar seg\u00fan la configuraci\u00f3n, el proceso de fabricaci\u00f3n y el m\u00e9todo de medici\u00f3n, consulte la situaci\u00f3n real.<\/td>\n<\/tr>\n<tr>\n<td>~2,2 kg<\/td>\n<\/tr>\n<tr>\n<td>*el peso de la computadora port\u00e1til puede variar seg\u00fan la configuraci\u00f3n, el proceso de fabricaci\u00f3n y el m\u00e9todo de medici\u00f3n; consulte la situaci\u00f3n real.<\/td>\n<\/tr>\n<tr>\n<td>Acero negro<\/td>\n<\/tr>\n<\/table>\n","protected":false},"excerpt":{"rendered":"<p>Gigabyte gaming a16. Juega con todo. Llega gigabyte gaming a16, la laptop gaming que abre todas las posibilidades. Equipada con el procesador intel\u00ae core\u0099 de 13.\u00aa generaci\u00f3n y la gpu nvidia\u00ae geforce rtx \u0099 serie 50 para laptops, ofrece un rendimiento de juego potente. El teclado golden curve redise\u00f1ado, integrado en un chasis delgado, mejora el control del dispositivo tanto para juegos como para el trabajo diario. No solo incluye dolby atmos\u00ae para que te relajes con la ac\u00fastica del entorno, sino que tambi\u00e9n permite una posici\u00f3n horizontal de 180 grados. Es r\u00e1pida. Es ligera. Est\u00e1 dise\u00f1ada para que juegues a lo grande.<\/p>\n","protected":false},"featured_media":268090,"comment_status":"open","ping_status":"open","template":"","meta":[],"product_cat":[1886,1891],"product_tag":[1732],"acf":[],"yoast_head":"<!-- This site is optimized with the Yoast SEO plugin v21.7 - https:\/\/yoast.com\/wordpress\/plugins\/seo\/ -->\n<title>[ Gigabyte ] &#129351; Gigabyte Gaming A16 Cvhi3la894ph Portatil Gamer \/ Intel I7 13620h \/ Ram 16gb Ddr5 \/ Ssd 1 Tb \/ Rtx 5060 \/ Win 11 Home<\/title>\n<meta name=\"description\" content=\"Compra Gigabyte Gaming A16 Cvhi3la894ph Portatil Gamer \/ Intel I7 13620h \/ Ram 16gb Ddr5 \/ Ssd 1 Tb \/ Rtx 5060 \/ Win 11 Home + Env\u00edo a domicilio + Pago seguro + Garant\u00eda\" \/>\n<meta name=\"robots\" content=\"index, follow, max-snippet:-1, max-image-preview:large, max-video-preview:-1\" \/>\n<link rel=\"canonical\" href=\"https:\/\/compuviper.mx\/tienda\/producto\/gigabyte-gigabyte-gaming-a16-cvhi3la894ph-portatil-gamer-intel-i7-13620h-ram-16gb-ddr5-ssd-1-tb-rtx-5060-win-11-home\/\" \/>\n<meta property=\"og:locale\" content=\"es_MX\" \/>\n<meta property=\"og:type\" content=\"article\" \/>\n<meta property=\"og:title\" content=\"[ Gigabyte ] &#129351; Gigabyte Gaming A16 Cvhi3la894ph Portatil Gamer \/ Intel I7 13620h \/ Ram 16gb Ddr5 \/ Ssd 1 Tb \/ Rtx 5060 \/ Win 11 Home\" \/>\n<meta property=\"og:description\" content=\"Compra Gigabyte Gaming A16 Cvhi3la894ph Portatil Gamer \/ Intel I7 13620h \/ Ram 16gb Ddr5 \/ Ssd 1 Tb \/ Rtx 5060 \/ Win 11 Home + Env\u00edo a domicilio + Pago seguro + Garant\u00eda\" \/>\n<meta property=\"og:url\" content=\"https:\/\/compuviper.mx\/tienda\/producto\/gigabyte-gigabyte-gaming-a16-cvhi3la894ph-portatil-gamer-intel-i7-13620h-ram-16gb-ddr5-ssd-1-tb-rtx-5060-win-11-home\/\" \/>\n<meta property=\"og:site_name\" content=\"Compuviper\" \/>\n<meta property=\"article:publisher\" content=\"https:\/\/www.facebook.com\/compuviper\" \/>\n<meta property=\"og:image\" content=\"https:\/\/compuviper.mx\/tienda\/wp-content\/uploads\/2026\/03\/Portatil-gamer-gigabyte-gaming-a16-cvhi3la894ph-intel-i7-13620h-ram-16gb-ddr5-ssd-1-tb-rtx-5060-win-11-home.jpg\" \/>\n\t<meta property=\"og:image:width\" content=\"200\" \/>\n\t<meta property=\"og:image:height\" content=\"200\" \/>\n\t<meta property=\"og:image:type\" content=\"image\/jpeg\" \/>\n<meta name=\"twitter:card\" content=\"summary_large_image\" \/>\n<meta name=\"twitter:label1\" content=\"Precio\" \/>\n\t<meta name=\"twitter:data1\" content=\"&#36;20,161 con IVA\" \/>\n\t<meta name=\"twitter:label2\" content=\"Availability\" \/>\n\t<meta name=\"twitter:data2\" content=\"In stock\" \/>\n<script type=\"application\/ld+json\" class=\"yoast-schema-graph\">{\"@context\":\"https:\/\/schema.org\",\"@graph\":[{\"@type\":\"WebPage\",\"@id\":\"https:\/\/compuviper.mx\/tienda\/producto\/gigabyte-gigabyte-gaming-a16-cvhi3la894ph-portatil-gamer-intel-i7-13620h-ram-16gb-ddr5-ssd-1-tb-rtx-5060-win-11-home\/\",\"url\":\"https:\/\/compuviper.mx\/tienda\/producto\/gigabyte-gigabyte-gaming-a16-cvhi3la894ph-portatil-gamer-intel-i7-13620h-ram-16gb-ddr5-ssd-1-tb-rtx-5060-win-11-home\/\",\"name\":\"[ Gigabyte ] &#129351; Gigabyte Gaming A16 Cvhi3la894ph Portatil Gamer \/ Intel I7 13620h \/ Ram 16gb Ddr5 \/ Ssd 1 Tb \/ Rtx 5060 \/ Win 11 Home\",\"isPartOf\":{\"@id\":\"https:\/\/compuviper.mx\/tienda\/#website\"},\"datePublished\":\"2026-04-25T07:09:34+00:00\",\"dateModified\":\"2026-04-25T07:09:34+00:00\",\"description\":\"Compra Gigabyte Gaming A16 Cvhi3la894ph Portatil Gamer \/ Intel I7 13620h \/ Ram 16gb Ddr5 \/ Ssd 1 Tb \/ Rtx 5060 \/ Win 11 Home + Env\u00edo a domicilio + Pago seguro + Garant\u00eda\",\"breadcrumb\":{\"@id\":\"https:\/\/compuviper.mx\/tienda\/producto\/gigabyte-gigabyte-gaming-a16-cvhi3la894ph-portatil-gamer-intel-i7-13620h-ram-16gb-ddr5-ssd-1-tb-rtx-5060-win-11-home\/#breadcrumb\"},\"inLanguage\":\"es-MX\",\"potentialAction\":[{\"@type\":\"ReadAction\",\"target\":[\"https:\/\/compuviper.mx\/tienda\/producto\/gigabyte-gigabyte-gaming-a16-cvhi3la894ph-portatil-gamer-intel-i7-13620h-ram-16gb-ddr5-ssd-1-tb-rtx-5060-win-11-home\/\"]}]},{\"@type\":\"BreadcrumbList\",\"@id\":\"https:\/\/compuviper.mx\/tienda\/producto\/gigabyte-gigabyte-gaming-a16-cvhi3la894ph-portatil-gamer-intel-i7-13620h-ram-16gb-ddr5-ssd-1-tb-rtx-5060-win-11-home\/#breadcrumb\",\"itemListElement\":[{\"@type\":\"ListItem\",\"position\":1,\"name\":\"Inicio\",\"item\":\"https:\/\/compuviper.mx\/tienda\/\"},{\"@type\":\"ListItem\",\"position\":2,\"name\":\"Productos\",\"item\":\"https:\/\/compuviper.mx\/tienda\/productos\/\"},{\"@type\":\"ListItem\",\"position\":3,\"name\":\"Laptops\",\"item\":\"https:\/\/compuviper.mx\/tienda\/categoria-producto\/laptops\/\"},{\"@type\":\"ListItem\",\"position\":4,\"name\":\"Gaming\",\"item\":\"https:\/\/compuviper.mx\/tienda\/categoria-producto\/laptops\/gaming-laptops\/\"},{\"@type\":\"ListItem\",\"position\":5,\"name\":\"Gigabyte Gigabyte Gaming A16 Cvhi3la894ph Portatil Gamer \/ Intel I7 13620h \/ Ram 16gb Ddr5 \/ Ssd 1 Tb \/ Rtx 5060 \/ Win 11 Home\"}]},{\"@type\":\"WebSite\",\"@id\":\"https:\/\/compuviper.mx\/tienda\/#website\",\"url\":\"https:\/\/compuviper.mx\/tienda\/\",\"name\":\"Compuviper\",\"description\":\"Proveedor de Computadoras, Laptops, Servidores, Monitores, Puntos de Venta, Teclados,   Impresoras, T\u00f3ner, C\u00e1maras de Seguridad y m\u00e1s en tu tienda en l\u00ednea\",\"publisher\":{\"@id\":\"https:\/\/compuviper.mx\/tienda\/#organization\"},\"potentialAction\":[{\"@type\":\"SearchAction\",\"target\":{\"@type\":\"EntryPoint\",\"urlTemplate\":\"https:\/\/compuviper.mx\/tienda\/?s={search_term_string}\"},\"query-input\":\"required name=search_term_string\"}],\"inLanguage\":\"es-MX\"},{\"@type\":\"Organization\",\"@id\":\"https:\/\/compuviper.mx\/tienda\/#organization\",\"name\":\"Compuviper\",\"url\":\"https:\/\/compuviper.mx\/tienda\/\",\"logo\":{\"@type\":\"ImageObject\",\"inLanguage\":\"es-MX\",\"@id\":\"https:\/\/compuviper.mx\/tienda\/#\/schema\/logo\/image\/\",\"url\":\"https:\/\/compuviper.mx\/tienda\/wp-content\/uploads\/2021\/08\/Logo-Compuviper-10.png\",\"contentUrl\":\"https:\/\/compuviper.mx\/tienda\/wp-content\/uploads\/2021\/08\/Logo-Compuviper-10.png\",\"width\":1000,\"height\":500,\"caption\":\"Compuviper\"},\"image\":{\"@id\":\"https:\/\/compuviper.mx\/tienda\/#\/schema\/logo\/image\/\"},\"sameAs\":[\"https:\/\/www.facebook.com\/compuviper\",\"https:\/\/www.youtube.com\/channel\/UCf73dERp9Y3cfOq7q8BhLjA?view_as=subscriber\"]}]}<\/script>\n<meta property=\"product:brand\" content=\"GIGABYTE\" \/>\n<meta property=\"product:price:amount\" content=\"20161\" \/>\n<meta property=\"product:price:currency\" content=\"MXN\" \/>\n<meta property=\"og:availability\" content=\"instock\" \/>\n<meta property=\"product:availability\" content=\"instock\" \/>\n<meta property=\"product:retailer_item_id\" content=\"GIGABYTE GAMING A16 CVHI3LA894PH\" \/>\n<meta property=\"product:condition\" content=\"new\" \/>\n<!-- \/ Yoast SEO plugin. -->","yoast_head_json":{"title":"[ Gigabyte ] &#129351; Gigabyte Gaming A16 Cvhi3la894ph Portatil Gamer \/ Intel I7 13620h \/ Ram 16gb Ddr5 \/ Ssd 1 Tb \/ Rtx 5060 \/ Win 11 Home","description":"Compra Gigabyte Gaming A16 Cvhi3la894ph Portatil Gamer \/ Intel I7 13620h \/ Ram 16gb Ddr5 \/ Ssd 1 Tb \/ Rtx 5060 \/ Win 11 Home + Env\u00edo a domicilio + Pago seguro + Garant\u00eda","robots":{"index":"index","follow":"follow","max-snippet":"max-snippet:-1","max-image-preview":"max-image-preview:large","max-video-preview":"max-video-preview:-1"},"canonical":"https:\/\/compuviper.mx\/tienda\/producto\/gigabyte-gigabyte-gaming-a16-cvhi3la894ph-portatil-gamer-intel-i7-13620h-ram-16gb-ddr5-ssd-1-tb-rtx-5060-win-11-home\/","og_locale":"es_MX","og_type":"article","og_title":"[ Gigabyte ] &#129351; Gigabyte Gaming A16 Cvhi3la894ph Portatil Gamer \/ Intel I7 13620h \/ Ram 16gb Ddr5 \/ Ssd 1 Tb \/ Rtx 5060 \/ Win 11 Home","og_description":"Compra Gigabyte Gaming A16 Cvhi3la894ph Portatil Gamer \/ Intel I7 13620h \/ Ram 16gb Ddr5 \/ Ssd 1 Tb \/ Rtx 5060 \/ Win 11 Home + Env\u00edo a domicilio + Pago seguro + Garant\u00eda","og_url":"https:\/\/compuviper.mx\/tienda\/producto\/gigabyte-gigabyte-gaming-a16-cvhi3la894ph-portatil-gamer-intel-i7-13620h-ram-16gb-ddr5-ssd-1-tb-rtx-5060-win-11-home\/","og_site_name":"Compuviper","article_publisher":"https:\/\/www.facebook.com\/compuviper","og_image":[{"width":200,"height":200,"url":"https:\/\/compuviper.mx\/tienda\/wp-content\/uploads\/2026\/03\/Portatil-gamer-gigabyte-gaming-a16-cvhi3la894ph-intel-i7-13620h-ram-16gb-ddr5-ssd-1-tb-rtx-5060-win-11-home.jpg","type":"image\/jpeg"}],"twitter_card":"summary_large_image","twitter_misc":{"Precio":"&#36;20,161 con IVA","Availability":"In stock"},"schema":{"@context":"https:\/\/schema.org","@graph":[{"@type":"WebPage","@id":"https:\/\/compuviper.mx\/tienda\/producto\/gigabyte-gigabyte-gaming-a16-cvhi3la894ph-portatil-gamer-intel-i7-13620h-ram-16gb-ddr5-ssd-1-tb-rtx-5060-win-11-home\/","url":"https:\/\/compuviper.mx\/tienda\/producto\/gigabyte-gigabyte-gaming-a16-cvhi3la894ph-portatil-gamer-intel-i7-13620h-ram-16gb-ddr5-ssd-1-tb-rtx-5060-win-11-home\/","name":"[ Gigabyte ] &#129351; Gigabyte Gaming A16 Cvhi3la894ph Portatil Gamer \/ Intel I7 13620h \/ Ram 16gb Ddr5 \/ Ssd 1 Tb \/ Rtx 5060 \/ Win 11 Home","isPartOf":{"@id":"https:\/\/compuviper.mx\/tienda\/#website"},"datePublished":"2026-04-25T07:09:34+00:00","dateModified":"2026-04-25T07:09:34+00:00","description":"Compra Gigabyte Gaming A16 Cvhi3la894ph Portatil Gamer \/ Intel I7 13620h \/ Ram 16gb Ddr5 \/ Ssd 1 Tb \/ Rtx 5060 \/ Win 11 Home + Env\u00edo a domicilio + Pago seguro + Garant\u00eda","breadcrumb":{"@id":"https:\/\/compuviper.mx\/tienda\/producto\/gigabyte-gigabyte-gaming-a16-cvhi3la894ph-portatil-gamer-intel-i7-13620h-ram-16gb-ddr5-ssd-1-tb-rtx-5060-win-11-home\/#breadcrumb"},"inLanguage":"es-MX","potentialAction":[{"@type":"ReadAction","target":["https:\/\/compuviper.mx\/tienda\/producto\/gigabyte-gigabyte-gaming-a16-cvhi3la894ph-portatil-gamer-intel-i7-13620h-ram-16gb-ddr5-ssd-1-tb-rtx-5060-win-11-home\/"]}]},{"@type":"BreadcrumbList","@id":"https:\/\/compuviper.mx\/tienda\/producto\/gigabyte-gigabyte-gaming-a16-cvhi3la894ph-portatil-gamer-intel-i7-13620h-ram-16gb-ddr5-ssd-1-tb-rtx-5060-win-11-home\/#breadcrumb","itemListElement":[{"@type":"ListItem","position":1,"name":"Inicio","item":"https:\/\/compuviper.mx\/tienda\/"},{"@type":"ListItem","position":2,"name":"Productos","item":"https:\/\/compuviper.mx\/tienda\/productos\/"},{"@type":"ListItem","position":3,"name":"Laptops","item":"https:\/\/compuviper.mx\/tienda\/categoria-producto\/laptops\/"},{"@type":"ListItem","position":4,"name":"Gaming","item":"https:\/\/compuviper.mx\/tienda\/categoria-producto\/laptops\/gaming-laptops\/"},{"@type":"ListItem","position":5,"name":"Gigabyte Gigabyte Gaming A16 Cvhi3la894ph Portatil Gamer \/ Intel I7 13620h \/ Ram 16gb Ddr5 \/ Ssd 1 Tb \/ Rtx 5060 \/ Win 11 Home"}]},{"@type":"WebSite","@id":"https:\/\/compuviper.mx\/tienda\/#website","url":"https:\/\/compuviper.mx\/tienda\/","name":"Compuviper","description":"Proveedor de Computadoras, Laptops, Servidores, Monitores, Puntos de Venta, Teclados,   Impresoras, T\u00f3ner, C\u00e1maras de Seguridad y m\u00e1s en tu tienda en l\u00ednea","publisher":{"@id":"https:\/\/compuviper.mx\/tienda\/#organization"},"potentialAction":[{"@type":"SearchAction","target":{"@type":"EntryPoint","urlTemplate":"https:\/\/compuviper.mx\/tienda\/?s={search_term_string}"},"query-input":"required name=search_term_string"}],"inLanguage":"es-MX"},{"@type":"Organization","@id":"https:\/\/compuviper.mx\/tienda\/#organization","name":"Compuviper","url":"https:\/\/compuviper.mx\/tienda\/","logo":{"@type":"ImageObject","inLanguage":"es-MX","@id":"https:\/\/compuviper.mx\/tienda\/#\/schema\/logo\/image\/","url":"https:\/\/compuviper.mx\/tienda\/wp-content\/uploads\/2021\/08\/Logo-Compuviper-10.png","contentUrl":"https:\/\/compuviper.mx\/tienda\/wp-content\/uploads\/2021\/08\/Logo-Compuviper-10.png","width":1000,"height":500,"caption":"Compuviper"},"image":{"@id":"https:\/\/compuviper.mx\/tienda\/#\/schema\/logo\/image\/"},"sameAs":["https:\/\/www.facebook.com\/compuviper","https:\/\/www.youtube.com\/channel\/UCf73dERp9Y3cfOq7q8BhLjA?view_as=subscriber"]}]},"product_brand":"GIGABYTE","product_price_amount":"20161","product_price_currency":"MXN","og_availability":"instock","product_availability":"instock","product_retailer_item_id":"GIGABYTE GAMING A16 CVHI3LA894PH","product_condition":"new"},"_links":{"self":[{"href":"https:\/\/compuviper.mx\/tienda\/wp-json\/wp\/v2\/product\/268089"}],"collection":[{"href":"https:\/\/compuviper.mx\/tienda\/wp-json\/wp\/v2\/product"}],"about":[{"href":"https:\/\/compuviper.mx\/tienda\/wp-json\/wp\/v2\/types\/product"}],"replies":[{"embeddable":true,"href":"https:\/\/compuviper.mx\/tienda\/wp-json\/wp\/v2\/comments?post=268089"}],"wp:featuredmedia":[{"embeddable":true,"href":"https:\/\/compuviper.mx\/tienda\/wp-json\/wp\/v2\/media\/268090"}],"wp:attachment":[{"href":"https:\/\/compuviper.mx\/tienda\/wp-json\/wp\/v2\/media?parent=268089"}],"wp:term":[{"taxonomy":"product_cat","embeddable":true,"href":"https:\/\/compuviper.mx\/tienda\/wp-json\/wp\/v2\/product_cat?post=268089"},{"taxonomy":"product_tag","embeddable":true,"href":"https:\/\/compuviper.mx\/tienda\/wp-json\/wp\/v2\/product_tag?post=268089"}],"curies":[{"name":"wp","href":"https:\/\/api.w.org\/{rel}","templated":true}]}}