{"id":268087,"date":"2026-04-02T01:15:16","date_gmt":"2026-04-02T07:15:16","guid":{"rendered":"https:\/\/compuviper.mx\/tienda\/producto\/msi-venturepro-15-ai-a1veg-016mx-laptop-venturepro-15-ai-a1-15-6-fhd-144hz-intel-core-ultra-7-155h-hasta-4-8-ghz-ddr5-16gb-8gb2-512-ssd-nvidia-rtx-4050-gddr6-6gb-win-11-pro\/"},"modified":"2026-04-03T00:00:19","modified_gmt":"2026-04-03T06:00:19","slug":"msi-venturepro-15-ai-a1veg-016mx-laptop-venturepro-15-ai-a1-15-6-fhd-144hz-intel-core-ultra-7-155h-hasta-4-8-ghz-ddr5-16gb-8gb2-512-ssd-nvidia-rtx-4050-gddr6-6gb-win-11-pro","status":"publish","type":"product","link":"https:\/\/compuviper.mx\/tienda\/producto\/msi-venturepro-15-ai-a1veg-016mx-laptop-venturepro-15-ai-a1-15-6-fhd-144hz-intel-core-ultra-7-155h-hasta-4-8-ghz-ddr5-16gb-8gb2-512-ssd-nvidia-rtx-4050-gddr6-6gb-win-11-pro\/","title":{"rendered":"Msi Venturepro 15 Ai A1veg-016mx Laptop  Venturepro 15 Ai A1 \/ 15.6 Fhd 144hz \/ Intel Core Ultra 7 155h Hasta 4.8 Ghz \/ Ddr5 16gb (8gb*2) \/ 512 Ssd \/ Nvidia Rtx 4050 Gddr6 6gb \/ Win 11 Pro"},"content":{"rendered":"<table class=\"descripcion\">\n<tr>\n<td>Modelo venturepro 15 ai a1veg-016mx<\/td>\n<\/tr>\n<tr>\n<td>P\/n 9s7-15q121-016<\/td>\n<\/tr>\n<tr>\n<td>Project code ms-15q1<\/td>\n<\/tr>\n<tr>\n<td>Color solid gray<\/td>\n<\/tr>\n<tr>\n<td>Pantalla 15.6 fhd (1920&#215;1080), 144hz 45%ntsc ips-level<\/td>\n<\/tr>\n<tr>\n<td>Resoluci\u00f3n \/ aspecto 1920&#215;1080<\/td>\n<\/tr>\n<tr>\n<td>G-sync na<\/td>\n<\/tr>\n<tr>\n<td>Cpu intel core ultra 7 155h<\/td>\n<\/tr>\n<tr>\n<td>Frecuencia del cpu hasta 4.80 ghz<\/td>\n<\/tr>\n<tr>\n<td>Chipset integrated soc<\/td>\n<\/tr>\n<tr>\n<td>Lista para vr na<\/td>\n<\/tr>\n<tr>\n<td>Tarjeta de video rtx 4050 6gb<\/td>\n<\/tr>\n<tr>\n<td>Vram 6gb gddr6<\/td>\n<\/tr>\n<tr>\n<td>Memoria en el sistema ddr5 16gb (8gb*2 a 5600mhz)<\/td>\n<\/tr>\n<tr>\n<td>Sodimm 2 sockets (max 96gb)<\/td>\n<\/tr>\n<tr>\n<td>Hdd\/ssd 512gb ssd<\/td>\n<\/tr>\n<tr>\n<td>Format pcie gen4x4 w\/o dram nvme<\/td>\n<\/tr>\n<tr>\n<td>Fingerprint si<\/td>\n<\/tr>\n<tr>\n<td>Lan gb lan<\/td>\n<\/tr>\n<tr>\n<td>Wireless intel wifi 6e ax211<\/td>\n<\/tr>\n<tr>\n<td>Bluetooth bt 5.3<\/td>\n<\/tr>\n<tr>\n<td>Lector de tarjetas na<\/td>\n<\/tr>\n<tr>\n<td>Salida hdmi hdmi\u0099 2.1 (4k @ 60hz)<\/td>\n<\/tr>\n<tr>\n<td>Mini-display port na<\/td>\n<\/tr>\n<tr>\n<td>Usb tipo c 1x type-c (usb3.2 gen1 \/ displayport\u0099\/ power delivery 3.0)<\/td>\n<\/tr>\n<tr>\n<td>Usb 2x usb 3.2 gen 1<\/td>\n<\/tr>\n<tr>\n<td>Teclado single backlit keyboard (white) with copilot key<\/td>\n<\/tr>\n<tr>\n<td>Touch pad multi touch<\/td>\n<\/tr>\n<tr>\n<td>Entrada micr\u00f3fono \/ salida aud\u00edfono mic-in\/headphone-out combo<\/td>\n<\/tr>\n<tr>\n<td>Bocinas speakers 2w*2<\/td>\n<\/tr>\n<tr>\n<td>Webcam 720p hd webcam<\/td>\n<\/tr>\n<tr>\n<td>Bater\u00eda 4 cell (55.2whr) li-polymer<\/td>\n<\/tr>\n<tr>\n<td>Adaptador de corriente si 120w<\/td>\n<\/tr>\n<tr>\n<td>Sistema operativo win 11 pro<\/td>\n<\/tr>\n<tr>\n<td>Energy star si<\/td>\n<\/tr>\n<tr>\n<td>Peso unidad 1.9 kg<\/td>\n<\/tr>\n<tr>\n<td>Dimensiones unidad 359.3 x 245.25 x 23.15 mm<\/td>\n<\/tr>\n<tr>\n<td>Dimensiones con caja 465 x 90 x 315 mm<\/td>\n<\/tr>\n<tr>\n<td>Peso total 3.8 kg<\/td>\n<\/tr>\n<tr>\n<td>Dimensiones totales 465 x 90 x 315 mm<\/td>\n<\/tr>\n<tr>\n<td>Unidades 1<\/td>\n<\/tr>\n<tr>\n<td>Upc 824142411964<\/td>\n<\/tr>\n<tr>\n<td>Ucc-14 10824142411961<\/td>\n<\/tr>\n<tr>\n<td>Garant\u00eda 2 a\u00f1os garant\u00eda limitada (mx)<\/td>\n<\/tr>\n<\/table>\n","protected":false},"excerpt":{"rendered":"<p>Dise\u00f1ado para un rendimiento excepcional, el venturepro 15 ai est\u00e1 dise\u00f1ado para manejar tareas exigentes con facilidad. Su dise\u00f1o duradero y sus s\u00f3lidas capacidades lo convierten en un socio fiable para abordar proyectos complejos. Ya sea que est\u00e9 trabajando en proyectos, creando contenido o dise\u00f1ando su pr\u00f3xima gran idea, esta computadora port\u00e1til es su mejor compa\u00f1era para sobresalir en cada esfuerzo, dondequiera que est\u00e9.<\/p>\n","protected":false},"featured_media":268088,"comment_status":"open","ping_status":"open","template":"","meta":[],"product_cat":[1886,1887],"product_tag":[1970],"acf":[],"yoast_head":"<!-- This site is optimized with the Yoast SEO plugin v21.7 - https:\/\/yoast.com\/wordpress\/plugins\/seo\/ -->\n<title>[ Msi ] &#129351; Venturepro 15 Ai A1veg-016mx Laptop Venturepro 15 Ai A1 \/ 15.6 Fhd 144hz \/ Intel Core Ultra 7 155h Hasta 4.8 Ghz \/ Ddr5 16gb (8gb*2) \/ 512 Ssd \/ Nvidia Rtx 4050 Gddr6 6gb \/ Win 11 Pro<\/title>\n<meta name=\"description\" content=\"Compra Venturepro 15 Ai A1veg-016mx Laptop Venturepro 15 Ai A1 \/ 15.6 Fhd 144hz \/ Intel Core Ultra 7 155h Hasta 4.8 Ghz \/ Ddr5 16gb (8gb*2) \/ 512 Ssd \/ Nvidia Rtx 4050 Gddr6 6gb \/ Win 11 Pro + Env\u00edo a domicilio + Pago seguro + Garant\u00eda\" \/>\n<meta name=\"robots\" content=\"index, follow, max-snippet:-1, max-image-preview:large, max-video-preview:-1\" \/>\n<link rel=\"canonical\" href=\"https:\/\/compuviper.mx\/tienda\/producto\/msi-venturepro-15-ai-a1veg-016mx-laptop-venturepro-15-ai-a1-15-6-fhd-144hz-intel-core-ultra-7-155h-hasta-4-8-ghz-ddr5-16gb-8gb2-512-ssd-nvidia-rtx-4050-gddr6-6gb-win-11-pro\/\" \/>\n<meta property=\"og:locale\" content=\"es_MX\" \/>\n<meta property=\"og:type\" content=\"article\" \/>\n<meta property=\"og:title\" content=\"[ Msi ] &#129351; Venturepro 15 Ai A1veg-016mx Laptop Venturepro 15 Ai A1 \/ 15.6 Fhd 144hz \/ Intel Core Ultra 7 155h Hasta 4.8 Ghz \/ Ddr5 16gb (8gb*2) \/ 512 Ssd \/ Nvidia Rtx 4050 Gddr6 6gb \/ Win 11 Pro\" \/>\n<meta property=\"og:description\" content=\"Compra Venturepro 15 Ai A1veg-016mx Laptop Venturepro 15 Ai A1 \/ 15.6 Fhd 144hz \/ Intel Core Ultra 7 155h Hasta 4.8 Ghz \/ Ddr5 16gb (8gb*2) \/ 512 Ssd \/ Nvidia Rtx 4050 Gddr6 6gb \/ Win 11 Pro + Env\u00edo a domicilio + Pago seguro + Garant\u00eda\" \/>\n<meta property=\"og:url\" content=\"https:\/\/compuviper.mx\/tienda\/producto\/msi-venturepro-15-ai-a1veg-016mx-laptop-venturepro-15-ai-a1-15-6-fhd-144hz-intel-core-ultra-7-155h-hasta-4-8-ghz-ddr5-16gb-8gb2-512-ssd-nvidia-rtx-4050-gddr6-6gb-win-11-pro\/\" \/>\n<meta property=\"og:site_name\" content=\"Compuviper\" \/>\n<meta property=\"article:publisher\" content=\"https:\/\/www.facebook.com\/compuviper\" \/>\n<meta property=\"article:modified_time\" content=\"2026-04-03T06:00:19+00:00\" \/>\n<meta property=\"og:image\" content=\"https:\/\/compuviper.mx\/tienda\/wp-content\/uploads\/2026\/03\/Laptop-msi-venturepro-15-ai-a1-15.6-fhd-144hz-intel-core-ultra-7-155h-hasta-4.8-ghz-ddr5-16gb-8gb2-512-ssd-nvidia-rtx-4050-gddr6-6gb-win-11-pro.jpg\" \/>\n\t<meta property=\"og:image:width\" content=\"200\" \/>\n\t<meta property=\"og:image:height\" content=\"200\" \/>\n\t<meta property=\"og:image:type\" content=\"image\/jpeg\" \/>\n<meta name=\"twitter:card\" content=\"summary_large_image\" \/>\n<meta name=\"twitter:label1\" content=\"Precio\" \/>\n\t<meta name=\"twitter:data1\" content=\"&#36;20,859 con IVA\" \/>\n\t<meta name=\"twitter:label2\" content=\"Availability\" \/>\n\t<meta name=\"twitter:data2\" content=\"In stock\" \/>\n<script type=\"application\/ld+json\" class=\"yoast-schema-graph\">{\"@context\":\"https:\/\/schema.org\",\"@graph\":[{\"@type\":\"WebPage\",\"@id\":\"https:\/\/compuviper.mx\/tienda\/producto\/msi-venturepro-15-ai-a1veg-016mx-laptop-venturepro-15-ai-a1-15-6-fhd-144hz-intel-core-ultra-7-155h-hasta-4-8-ghz-ddr5-16gb-8gb2-512-ssd-nvidia-rtx-4050-gddr6-6gb-win-11-pro\/\",\"url\":\"https:\/\/compuviper.mx\/tienda\/producto\/msi-venturepro-15-ai-a1veg-016mx-laptop-venturepro-15-ai-a1-15-6-fhd-144hz-intel-core-ultra-7-155h-hasta-4-8-ghz-ddr5-16gb-8gb2-512-ssd-nvidia-rtx-4050-gddr6-6gb-win-11-pro\/\",\"name\":\"[ Msi ] &#129351; Venturepro 15 Ai A1veg-016mx Laptop Venturepro 15 Ai A1 \/ 15.6 Fhd 144hz \/ Intel Core Ultra 7 155h Hasta 4.8 Ghz \/ Ddr5 16gb (8gb*2) \/ 512 Ssd \/ Nvidia Rtx 4050 Gddr6 6gb \/ Win 11 Pro\",\"isPartOf\":{\"@id\":\"https:\/\/compuviper.mx\/tienda\/#website\"},\"datePublished\":\"2026-04-02T07:15:16+00:00\",\"dateModified\":\"2026-04-03T06:00:19+00:00\",\"description\":\"Compra Venturepro 15 Ai A1veg-016mx Laptop Venturepro 15 Ai A1 \/ 15.6 Fhd 144hz \/ Intel Core Ultra 7 155h Hasta 4.8 Ghz \/ Ddr5 16gb (8gb*2) \/ 512 Ssd \/ Nvidia Rtx 4050 Gddr6 6gb \/ Win 11 Pro + Env\u00edo a domicilio + Pago seguro + Garant\u00eda\",\"breadcrumb\":{\"@id\":\"https:\/\/compuviper.mx\/tienda\/producto\/msi-venturepro-15-ai-a1veg-016mx-laptop-venturepro-15-ai-a1-15-6-fhd-144hz-intel-core-ultra-7-155h-hasta-4-8-ghz-ddr5-16gb-8gb2-512-ssd-nvidia-rtx-4050-gddr6-6gb-win-11-pro\/#breadcrumb\"},\"inLanguage\":\"es-MX\",\"potentialAction\":[{\"@type\":\"ReadAction\",\"target\":[\"https:\/\/compuviper.mx\/tienda\/producto\/msi-venturepro-15-ai-a1veg-016mx-laptop-venturepro-15-ai-a1-15-6-fhd-144hz-intel-core-ultra-7-155h-hasta-4-8-ghz-ddr5-16gb-8gb2-512-ssd-nvidia-rtx-4050-gddr6-6gb-win-11-pro\/\"]}]},{\"@type\":\"BreadcrumbList\",\"@id\":\"https:\/\/compuviper.mx\/tienda\/producto\/msi-venturepro-15-ai-a1veg-016mx-laptop-venturepro-15-ai-a1-15-6-fhd-144hz-intel-core-ultra-7-155h-hasta-4-8-ghz-ddr5-16gb-8gb2-512-ssd-nvidia-rtx-4050-gddr6-6gb-win-11-pro\/#breadcrumb\",\"itemListElement\":[{\"@type\":\"ListItem\",\"position\":1,\"name\":\"Inicio\",\"item\":\"https:\/\/compuviper.mx\/tienda\/\"},{\"@type\":\"ListItem\",\"position\":2,\"name\":\"Productos\",\"item\":\"https:\/\/compuviper.mx\/tienda\/productos\/\"},{\"@type\":\"ListItem\",\"position\":3,\"name\":\"Laptops\",\"item\":\"https:\/\/compuviper.mx\/tienda\/categoria-producto\/laptops\/\"},{\"@type\":\"ListItem\",\"position\":4,\"name\":\"Notebook\",\"item\":\"https:\/\/compuviper.mx\/tienda\/categoria-producto\/laptops\/notebook-laptops\/\"},{\"@type\":\"ListItem\",\"position\":5,\"name\":\"Msi Venturepro 15 Ai A1veg-016mx Laptop Venturepro 15 Ai A1 \/ 15.6 Fhd 144hz \/ Intel Core Ultra 7 155h Hasta 4.8 Ghz \/ Ddr5 16gb (8gb*2) \/ 512 Ssd \/ Nvidia Rtx 4050 Gddr6 6gb \/ Win 11 Pro\"}]},{\"@type\":\"WebSite\",\"@id\":\"https:\/\/compuviper.mx\/tienda\/#website\",\"url\":\"https:\/\/compuviper.mx\/tienda\/\",\"name\":\"Compuviper\",\"description\":\"Proveedor de Computadoras, Laptops, Servidores, Monitores, Puntos de Venta, Teclados,   Impresoras, T\u00f3ner, C\u00e1maras de Seguridad y m\u00e1s en tu tienda en l\u00ednea\",\"publisher\":{\"@id\":\"https:\/\/compuviper.mx\/tienda\/#organization\"},\"potentialAction\":[{\"@type\":\"SearchAction\",\"target\":{\"@type\":\"EntryPoint\",\"urlTemplate\":\"https:\/\/compuviper.mx\/tienda\/?s={search_term_string}\"},\"query-input\":\"required name=search_term_string\"}],\"inLanguage\":\"es-MX\"},{\"@type\":\"Organization\",\"@id\":\"https:\/\/compuviper.mx\/tienda\/#organization\",\"name\":\"Compuviper\",\"url\":\"https:\/\/compuviper.mx\/tienda\/\",\"logo\":{\"@type\":\"ImageObject\",\"inLanguage\":\"es-MX\",\"@id\":\"https:\/\/compuviper.mx\/tienda\/#\/schema\/logo\/image\/\",\"url\":\"https:\/\/compuviper.mx\/tienda\/wp-content\/uploads\/2021\/08\/Logo-Compuviper-10.png\",\"contentUrl\":\"https:\/\/compuviper.mx\/tienda\/wp-content\/uploads\/2021\/08\/Logo-Compuviper-10.png\",\"width\":1000,\"height\":500,\"caption\":\"Compuviper\"},\"image\":{\"@id\":\"https:\/\/compuviper.mx\/tienda\/#\/schema\/logo\/image\/\"},\"sameAs\":[\"https:\/\/www.facebook.com\/compuviper\",\"https:\/\/www.youtube.com\/channel\/UCf73dERp9Y3cfOq7q8BhLjA?view_as=subscriber\"]}]}<\/script>\n<meta property=\"product:brand\" content=\"MSI\" \/>\n<meta property=\"product:price:amount\" content=\"20859\" \/>\n<meta property=\"product:price:currency\" content=\"MXN\" \/>\n<meta property=\"og:availability\" content=\"instock\" \/>\n<meta property=\"product:availability\" content=\"instock\" \/>\n<meta property=\"product:retailer_item_id\" content=\"VENTUREPRO 15 AI A1VEG-016MX\" \/>\n<meta property=\"product:condition\" content=\"new\" \/>\n<!-- \/ Yoast SEO plugin. -->","yoast_head_json":{"title":"[ Msi ] &#129351; Venturepro 15 Ai A1veg-016mx Laptop Venturepro 15 Ai A1 \/ 15.6 Fhd 144hz \/ Intel Core Ultra 7 155h Hasta 4.8 Ghz \/ Ddr5 16gb (8gb*2) \/ 512 Ssd \/ Nvidia Rtx 4050 Gddr6 6gb \/ Win 11 Pro","description":"Compra Venturepro 15 Ai A1veg-016mx Laptop Venturepro 15 Ai A1 \/ 15.6 Fhd 144hz \/ Intel Core Ultra 7 155h Hasta 4.8 Ghz \/ Ddr5 16gb (8gb*2) \/ 512 Ssd \/ Nvidia Rtx 4050 Gddr6 6gb \/ Win 11 Pro + Env\u00edo a domicilio + Pago seguro + Garant\u00eda","robots":{"index":"index","follow":"follow","max-snippet":"max-snippet:-1","max-image-preview":"max-image-preview:large","max-video-preview":"max-video-preview:-1"},"canonical":"https:\/\/compuviper.mx\/tienda\/producto\/msi-venturepro-15-ai-a1veg-016mx-laptop-venturepro-15-ai-a1-15-6-fhd-144hz-intel-core-ultra-7-155h-hasta-4-8-ghz-ddr5-16gb-8gb2-512-ssd-nvidia-rtx-4050-gddr6-6gb-win-11-pro\/","og_locale":"es_MX","og_type":"article","og_title":"[ Msi ] &#129351; Venturepro 15 Ai A1veg-016mx Laptop Venturepro 15 Ai A1 \/ 15.6 Fhd 144hz \/ Intel Core Ultra 7 155h Hasta 4.8 Ghz \/ Ddr5 16gb (8gb*2) \/ 512 Ssd \/ Nvidia Rtx 4050 Gddr6 6gb \/ Win 11 Pro","og_description":"Compra Venturepro 15 Ai A1veg-016mx Laptop Venturepro 15 Ai A1 \/ 15.6 Fhd 144hz \/ Intel Core Ultra 7 155h Hasta 4.8 Ghz \/ Ddr5 16gb (8gb*2) \/ 512 Ssd \/ Nvidia Rtx 4050 Gddr6 6gb \/ Win 11 Pro + Env\u00edo a domicilio + Pago seguro + Garant\u00eda","og_url":"https:\/\/compuviper.mx\/tienda\/producto\/msi-venturepro-15-ai-a1veg-016mx-laptop-venturepro-15-ai-a1-15-6-fhd-144hz-intel-core-ultra-7-155h-hasta-4-8-ghz-ddr5-16gb-8gb2-512-ssd-nvidia-rtx-4050-gddr6-6gb-win-11-pro\/","og_site_name":"Compuviper","article_publisher":"https:\/\/www.facebook.com\/compuviper","article_modified_time":"2026-04-03T06:00:19+00:00","og_image":[{"width":200,"height":200,"url":"https:\/\/compuviper.mx\/tienda\/wp-content\/uploads\/2026\/03\/Laptop-msi-venturepro-15-ai-a1-15.6-fhd-144hz-intel-core-ultra-7-155h-hasta-4.8-ghz-ddr5-16gb-8gb2-512-ssd-nvidia-rtx-4050-gddr6-6gb-win-11-pro.jpg","type":"image\/jpeg"}],"twitter_card":"summary_large_image","twitter_misc":{"Precio":"&#36;20,859 con IVA","Availability":"In stock"},"schema":{"@context":"https:\/\/schema.org","@graph":[{"@type":"WebPage","@id":"https:\/\/compuviper.mx\/tienda\/producto\/msi-venturepro-15-ai-a1veg-016mx-laptop-venturepro-15-ai-a1-15-6-fhd-144hz-intel-core-ultra-7-155h-hasta-4-8-ghz-ddr5-16gb-8gb2-512-ssd-nvidia-rtx-4050-gddr6-6gb-win-11-pro\/","url":"https:\/\/compuviper.mx\/tienda\/producto\/msi-venturepro-15-ai-a1veg-016mx-laptop-venturepro-15-ai-a1-15-6-fhd-144hz-intel-core-ultra-7-155h-hasta-4-8-ghz-ddr5-16gb-8gb2-512-ssd-nvidia-rtx-4050-gddr6-6gb-win-11-pro\/","name":"[ Msi ] &#129351; Venturepro 15 Ai A1veg-016mx Laptop Venturepro 15 Ai A1 \/ 15.6 Fhd 144hz \/ Intel Core Ultra 7 155h Hasta 4.8 Ghz \/ Ddr5 16gb (8gb*2) \/ 512 Ssd \/ Nvidia Rtx 4050 Gddr6 6gb \/ Win 11 Pro","isPartOf":{"@id":"https:\/\/compuviper.mx\/tienda\/#website"},"datePublished":"2026-04-02T07:15:16+00:00","dateModified":"2026-04-03T06:00:19+00:00","description":"Compra Venturepro 15 Ai A1veg-016mx Laptop Venturepro 15 Ai A1 \/ 15.6 Fhd 144hz \/ Intel Core Ultra 7 155h Hasta 4.8 Ghz \/ Ddr5 16gb (8gb*2) \/ 512 Ssd \/ Nvidia Rtx 4050 Gddr6 6gb \/ Win 11 Pro + Env\u00edo a domicilio + Pago seguro + Garant\u00eda","breadcrumb":{"@id":"https:\/\/compuviper.mx\/tienda\/producto\/msi-venturepro-15-ai-a1veg-016mx-laptop-venturepro-15-ai-a1-15-6-fhd-144hz-intel-core-ultra-7-155h-hasta-4-8-ghz-ddr5-16gb-8gb2-512-ssd-nvidia-rtx-4050-gddr6-6gb-win-11-pro\/#breadcrumb"},"inLanguage":"es-MX","potentialAction":[{"@type":"ReadAction","target":["https:\/\/compuviper.mx\/tienda\/producto\/msi-venturepro-15-ai-a1veg-016mx-laptop-venturepro-15-ai-a1-15-6-fhd-144hz-intel-core-ultra-7-155h-hasta-4-8-ghz-ddr5-16gb-8gb2-512-ssd-nvidia-rtx-4050-gddr6-6gb-win-11-pro\/"]}]},{"@type":"BreadcrumbList","@id":"https:\/\/compuviper.mx\/tienda\/producto\/msi-venturepro-15-ai-a1veg-016mx-laptop-venturepro-15-ai-a1-15-6-fhd-144hz-intel-core-ultra-7-155h-hasta-4-8-ghz-ddr5-16gb-8gb2-512-ssd-nvidia-rtx-4050-gddr6-6gb-win-11-pro\/#breadcrumb","itemListElement":[{"@type":"ListItem","position":1,"name":"Inicio","item":"https:\/\/compuviper.mx\/tienda\/"},{"@type":"ListItem","position":2,"name":"Productos","item":"https:\/\/compuviper.mx\/tienda\/productos\/"},{"@type":"ListItem","position":3,"name":"Laptops","item":"https:\/\/compuviper.mx\/tienda\/categoria-producto\/laptops\/"},{"@type":"ListItem","position":4,"name":"Notebook","item":"https:\/\/compuviper.mx\/tienda\/categoria-producto\/laptops\/notebook-laptops\/"},{"@type":"ListItem","position":5,"name":"Msi Venturepro 15 Ai A1veg-016mx Laptop Venturepro 15 Ai A1 \/ 15.6 Fhd 144hz \/ Intel Core Ultra 7 155h Hasta 4.8 Ghz \/ Ddr5 16gb (8gb*2) \/ 512 Ssd \/ Nvidia Rtx 4050 Gddr6 6gb \/ Win 11 Pro"}]},{"@type":"WebSite","@id":"https:\/\/compuviper.mx\/tienda\/#website","url":"https:\/\/compuviper.mx\/tienda\/","name":"Compuviper","description":"Proveedor de Computadoras, Laptops, Servidores, Monitores, Puntos de Venta, Teclados,   Impresoras, T\u00f3ner, C\u00e1maras de Seguridad y m\u00e1s en tu tienda en l\u00ednea","publisher":{"@id":"https:\/\/compuviper.mx\/tienda\/#organization"},"potentialAction":[{"@type":"SearchAction","target":{"@type":"EntryPoint","urlTemplate":"https:\/\/compuviper.mx\/tienda\/?s={search_term_string}"},"query-input":"required name=search_term_string"}],"inLanguage":"es-MX"},{"@type":"Organization","@id":"https:\/\/compuviper.mx\/tienda\/#organization","name":"Compuviper","url":"https:\/\/compuviper.mx\/tienda\/","logo":{"@type":"ImageObject","inLanguage":"es-MX","@id":"https:\/\/compuviper.mx\/tienda\/#\/schema\/logo\/image\/","url":"https:\/\/compuviper.mx\/tienda\/wp-content\/uploads\/2021\/08\/Logo-Compuviper-10.png","contentUrl":"https:\/\/compuviper.mx\/tienda\/wp-content\/uploads\/2021\/08\/Logo-Compuviper-10.png","width":1000,"height":500,"caption":"Compuviper"},"image":{"@id":"https:\/\/compuviper.mx\/tienda\/#\/schema\/logo\/image\/"},"sameAs":["https:\/\/www.facebook.com\/compuviper","https:\/\/www.youtube.com\/channel\/UCf73dERp9Y3cfOq7q8BhLjA?view_as=subscriber"]}]},"product_brand":"MSI","product_price_amount":"20859","product_price_currency":"MXN","og_availability":"instock","product_availability":"instock","product_retailer_item_id":"VENTUREPRO 15 AI A1VEG-016MX","product_condition":"new"},"_links":{"self":[{"href":"https:\/\/compuviper.mx\/tienda\/wp-json\/wp\/v2\/product\/268087"}],"collection":[{"href":"https:\/\/compuviper.mx\/tienda\/wp-json\/wp\/v2\/product"}],"about":[{"href":"https:\/\/compuviper.mx\/tienda\/wp-json\/wp\/v2\/types\/product"}],"replies":[{"embeddable":true,"href":"https:\/\/compuviper.mx\/tienda\/wp-json\/wp\/v2\/comments?post=268087"}],"wp:featuredmedia":[{"embeddable":true,"href":"https:\/\/compuviper.mx\/tienda\/wp-json\/wp\/v2\/media\/268088"}],"wp:attachment":[{"href":"https:\/\/compuviper.mx\/tienda\/wp-json\/wp\/v2\/media?parent=268087"}],"wp:term":[{"taxonomy":"product_cat","embeddable":true,"href":"https:\/\/compuviper.mx\/tienda\/wp-json\/wp\/v2\/product_cat?post=268087"},{"taxonomy":"product_tag","embeddable":true,"href":"https:\/\/compuviper.mx\/tienda\/wp-json\/wp\/v2\/product_tag?post=268087"}],"curies":[{"name":"wp","href":"https:\/\/api.w.org\/{rel}","templated":true}]}}