{"id":268083,"date":"2026-04-02T01:14:51","date_gmt":"2026-04-02T07:14:51","guid":{"rendered":"https:\/\/compuviper.mx\/tienda\/producto\/ghia-lb16gi5-portatil-gamer-libero-15-6-fhd-ips-144hz-intel-core-i5-12450h-hasta-4-4-ghz-ddr4-16-gb-512-ssd-nvme-nvidia-rtx-3050-4gb-teclado-retroiluminado-esp-wifi-6-bt-5-2-win-11-2\/"},"modified":"2026-04-02T01:14:51","modified_gmt":"2026-04-02T07:14:51","slug":"ghia-lb16gi5-portatil-gamer-libero-15-6-fhd-ips-144hz-intel-core-i5-12450h-hasta-4-4-ghz-ddr4-16-gb-512-ssd-nvme-nvidia-rtx-3050-4gb-teclado-retroiluminado-esp-wifi-6-bt-5-2-win-11-2","status":"publish","type":"product","link":"https:\/\/compuviper.mx\/tienda\/producto\/ghia-lb16gi5-portatil-gamer-libero-15-6-fhd-ips-144hz-intel-core-i5-12450h-hasta-4-4-ghz-ddr4-16-gb-512-ssd-nvme-nvidia-rtx-3050-4gb-teclado-retroiluminado-esp-wifi-6-bt-5-2-win-11-2\/","title":{"rendered":"Ghia Lb16gi5 Portatil Gamer  Libero  \/ 15.6 Fhd Ips 144hz \/ Intel Core I5 12450h Hasta 4.4 Ghz \/ Ddr4 16 Gb \/ 512 Ssd Nvme \/ Nvidia Rtx 3050 4gb \/ Teclado Retroiluminado Esp \/ Wifi 6 \/ Bt 5.2 \/ Win 11 Home"},"content":{"rendered":"<table class=\"descripcion\">\n<tr>\n<td>Procesador intel core i5 12450h<\/td>\n<\/tr>\n<tr>\n<td>8 nucleos, 12 mb de cache, 4.4 ghz<\/td>\n<\/tr>\n<tr>\n<td>Tarjeta grafica nvidia rtx3050 4g gddr6<\/td>\n<\/tr>\n<tr>\n<td>Memoria: 16 gb ddr4 hasta 64gb<\/td>\n<\/tr>\n<tr>\n<td>Almacenamiento: ssd sata 512 gb nvme<\/td>\n<\/tr>\n<tr>\n<td>Pantalla led de 15.6 pulgadas ips 144hz<\/td>\n<\/tr>\n<tr>\n<td>Resolucion fhd 1920 x 1080 pixeles<\/td>\n<\/tr>\n<tr>\n<td>Salidas de video: x1 hdmi<\/td>\n<\/tr>\n<tr>\n<td>Camara frontal hd 720p<\/td>\n<\/tr>\n<tr>\n<td>Audio: hd<\/td>\n<\/tr>\n<tr>\n<td>E\/s: puerto de audio 3.5mm unificado salida, mic<\/td>\n<\/tr>\n<tr>\n<td>Altavoces estereo incorporados<\/td>\n<\/tr>\n<tr>\n<td>Red inalambrica wifi 6 dual band 802.11 b\/g\/n\/ac\/ax<\/td>\n<\/tr>\n<tr>\n<td>Bluetooth 5.2<\/td>\n<\/tr>\n<tr>\n<td>Usb y conectores adicionales:<\/td>\n<\/tr>\n<tr>\n<td>Rj45 10\/100\/1000 mbps<\/td>\n<\/tr>\n<tr>\n<td>X2 usb 3.2 tipo a<\/td>\n<\/tr>\n<tr>\n<td>X1 usb 2.0 tipo a<\/td>\n<\/tr>\n<tr>\n<td>X1 usb 3.2 tipo c<\/td>\n<\/tr>\n<tr>\n<td>X1 jack de audio 3.5mm<\/td>\n<\/tr>\n<tr>\n<td>X1 jack de microfono 3.5mm<\/td>\n<\/tr>\n<tr>\n<td>Teclado retroiluminado en espa\u00f1ol con 102 teclas<\/td>\n<\/tr>\n<tr>\n<td>Touch pad<\/td>\n<\/tr>\n<tr>\n<td>Bateria polimero de litio 41 wh &#8211; 3 celdas 3510 mah<\/td>\n<\/tr>\n<tr>\n<td>Peso: 2.2 kg<\/td>\n<\/tr>\n<tr>\n<td>Dimensiones: 361mm x 241mm x 25mm<\/td>\n<\/tr>\n<tr>\n<td>Seguridad orificio kesintong<\/td>\n<\/tr>\n<tr>\n<td>1 a\u00f1o de garantia<\/td>\n<\/tr>\n<tr>\n<td>Sistema operativo: windows 11 home en espa\u00f1ol a 64 bits<\/td>\n<\/tr>\n<\/table>\n","protected":false},"excerpt":{"rendered":"<p>Procesador intel core i5 12450h 8 nucleos, 12 mb de cache, 4.4 ghz Tarjeta grafica nvidia rtx3050 4g gddr6 Memoria: 16 gb ddr4 hasta 64gb Almacenamiento: ssd sata 512 gb nvme Pantalla led de 15.6 pulgadas ips 144hz Resolucion fhd 1920 x 1080 pixeles Salidas de video: x1 hdmi Camara frontal hd 720p Audio: hd [&hellip;]<\/p>\n","protected":false},"featured_media":268084,"comment_status":"open","ping_status":"open","template":"","meta":[],"product_cat":[1886,2182],"product_tag":[1548],"acf":[],"yoast_head":"<!-- This site is optimized with the Yoast SEO plugin v21.7 - https:\/\/yoast.com\/wordpress\/plugins\/seo\/ -->\n<title>[ Ghia ] &#129351; Lb16gi5 Portatil Gamer Libero \/ 15.6 Fhd Ips 144hz \/ Intel Core I5 12450h Hasta 4.4 Ghz \/ Ddr4 16 Gb \/ 512 Ssd Nvme \/ Nvidia Rtx 3050 4gb \/ Teclado Retroiluminado Esp \/ Wifi 6 \/ Bt 5.2 \/ Win 11 Home<\/title>\n<meta name=\"description\" content=\"Compra Lb16gi5 Portatil Gamer Libero \/ 15.6 Fhd Ips 144hz \/ Intel Core I5 12450h Hasta 4.4 Ghz \/ Ddr4 16 Gb \/ 512 Ssd Nvme \/ Nvidia Rtx 3050 4gb \/ Teclado Retroiluminado Esp \/ Wifi 6 \/ Bt 5.2 \/ Win 11 Home + Env\u00edo a domicilio + Pago seguro + Garant\u00eda\" \/>\n<meta name=\"robots\" content=\"index, follow, max-snippet:-1, max-image-preview:large, max-video-preview:-1\" \/>\n<link rel=\"canonical\" href=\"https:\/\/compuviper.mx\/tienda\/producto\/ghia-lb16gi5-portatil-gamer-libero-15-6-fhd-ips-144hz-intel-core-i5-12450h-hasta-4-4-ghz-ddr4-16-gb-512-ssd-nvme-nvidia-rtx-3050-4gb-teclado-retroiluminado-esp-wifi-6-bt-5-2-win-11-2\/\" \/>\n<meta property=\"og:locale\" content=\"es_MX\" \/>\n<meta property=\"og:type\" content=\"article\" \/>\n<meta property=\"og:title\" content=\"[ Ghia ] &#129351; Lb16gi5 Portatil Gamer Libero \/ 15.6 Fhd Ips 144hz \/ Intel Core I5 12450h Hasta 4.4 Ghz \/ Ddr4 16 Gb \/ 512 Ssd Nvme \/ Nvidia Rtx 3050 4gb \/ Teclado Retroiluminado Esp \/ Wifi 6 \/ Bt 5.2 \/ Win 11 Home\" \/>\n<meta property=\"og:description\" content=\"Compra Lb16gi5 Portatil Gamer Libero \/ 15.6 Fhd Ips 144hz \/ Intel Core I5 12450h Hasta 4.4 Ghz \/ Ddr4 16 Gb \/ 512 Ssd Nvme \/ Nvidia Rtx 3050 4gb \/ Teclado Retroiluminado Esp \/ Wifi 6 \/ Bt 5.2 \/ Win 11 Home + Env\u00edo a domicilio + Pago seguro + Garant\u00eda\" \/>\n<meta property=\"og:url\" content=\"https:\/\/compuviper.mx\/tienda\/producto\/ghia-lb16gi5-portatil-gamer-libero-15-6-fhd-ips-144hz-intel-core-i5-12450h-hasta-4-4-ghz-ddr4-16-gb-512-ssd-nvme-nvidia-rtx-3050-4gb-teclado-retroiluminado-esp-wifi-6-bt-5-2-win-11-2\/\" \/>\n<meta property=\"og:site_name\" content=\"Compuviper\" \/>\n<meta property=\"article:publisher\" content=\"https:\/\/www.facebook.com\/compuviper\" \/>\n<meta property=\"og:image\" content=\"https:\/\/compuviper.mx\/tienda\/wp-content\/uploads\/2026\/03\/Portatil-gamer-ghia-libero-lb16gi5-15.6-fhd-ips-144hz-intel-core-i5-12450h-hasta-4.4-ghz-ddr4-16-gb-512-ssd-nvme-nvidia-rtx-3050-4gb-teclado-retroiluminado-esp-wifi-6-bt-5.2-win-11-home.jpg\" \/>\n\t<meta property=\"og:image:width\" content=\"200\" \/>\n\t<meta property=\"og:image:height\" content=\"200\" \/>\n\t<meta property=\"og:image:type\" content=\"image\/jpeg\" \/>\n<meta name=\"twitter:card\" content=\"summary_large_image\" \/>\n<meta name=\"twitter:label1\" content=\"Precio\" \/>\n\t<meta name=\"twitter:data1\" content=\"&#36;12,616 con IVA\" \/>\n\t<meta name=\"twitter:label2\" content=\"Availability\" \/>\n\t<meta name=\"twitter:data2\" content=\"In stock\" \/>\n<script type=\"application\/ld+json\" class=\"yoast-schema-graph\">{\"@context\":\"https:\/\/schema.org\",\"@graph\":[{\"@type\":\"WebPage\",\"@id\":\"https:\/\/compuviper.mx\/tienda\/producto\/ghia-lb16gi5-portatil-gamer-libero-15-6-fhd-ips-144hz-intel-core-i5-12450h-hasta-4-4-ghz-ddr4-16-gb-512-ssd-nvme-nvidia-rtx-3050-4gb-teclado-retroiluminado-esp-wifi-6-bt-5-2-win-11-2\/\",\"url\":\"https:\/\/compuviper.mx\/tienda\/producto\/ghia-lb16gi5-portatil-gamer-libero-15-6-fhd-ips-144hz-intel-core-i5-12450h-hasta-4-4-ghz-ddr4-16-gb-512-ssd-nvme-nvidia-rtx-3050-4gb-teclado-retroiluminado-esp-wifi-6-bt-5-2-win-11-2\/\",\"name\":\"[ Ghia ] &#129351; Lb16gi5 Portatil Gamer Libero \/ 15.6 Fhd Ips 144hz \/ Intel Core I5 12450h Hasta 4.4 Ghz \/ Ddr4 16 Gb \/ 512 Ssd Nvme \/ Nvidia Rtx 3050 4gb \/ Teclado Retroiluminado Esp \/ Wifi 6 \/ Bt 5.2 \/ Win 11 Home\",\"isPartOf\":{\"@id\":\"https:\/\/compuviper.mx\/tienda\/#website\"},\"datePublished\":\"2026-04-02T07:14:51+00:00\",\"dateModified\":\"2026-04-02T07:14:51+00:00\",\"description\":\"Compra Lb16gi5 Portatil Gamer Libero \/ 15.6 Fhd Ips 144hz \/ Intel Core I5 12450h Hasta 4.4 Ghz \/ Ddr4 16 Gb \/ 512 Ssd Nvme \/ Nvidia Rtx 3050 4gb \/ Teclado Retroiluminado Esp \/ Wifi 6 \/ Bt 5.2 \/ Win 11 Home + Env\u00edo a domicilio + Pago seguro + Garant\u00eda\",\"breadcrumb\":{\"@id\":\"https:\/\/compuviper.mx\/tienda\/producto\/ghia-lb16gi5-portatil-gamer-libero-15-6-fhd-ips-144hz-intel-core-i5-12450h-hasta-4-4-ghz-ddr4-16-gb-512-ssd-nvme-nvidia-rtx-3050-4gb-teclado-retroiluminado-esp-wifi-6-bt-5-2-win-11-2\/#breadcrumb\"},\"inLanguage\":\"es-MX\",\"potentialAction\":[{\"@type\":\"ReadAction\",\"target\":[\"https:\/\/compuviper.mx\/tienda\/producto\/ghia-lb16gi5-portatil-gamer-libero-15-6-fhd-ips-144hz-intel-core-i5-12450h-hasta-4-4-ghz-ddr4-16-gb-512-ssd-nvme-nvidia-rtx-3050-4gb-teclado-retroiluminado-esp-wifi-6-bt-5-2-win-11-2\/\"]}]},{\"@type\":\"BreadcrumbList\",\"@id\":\"https:\/\/compuviper.mx\/tienda\/producto\/ghia-lb16gi5-portatil-gamer-libero-15-6-fhd-ips-144hz-intel-core-i5-12450h-hasta-4-4-ghz-ddr4-16-gb-512-ssd-nvme-nvidia-rtx-3050-4gb-teclado-retroiluminado-esp-wifi-6-bt-5-2-win-11-2\/#breadcrumb\",\"itemListElement\":[{\"@type\":\"ListItem\",\"position\":1,\"name\":\"Inicio\",\"item\":\"https:\/\/compuviper.mx\/tienda\/\"},{\"@type\":\"ListItem\",\"position\":2,\"name\":\"Productos\",\"item\":\"https:\/\/compuviper.mx\/tienda\/productos\/\"},{\"@type\":\"ListItem\",\"position\":3,\"name\":\"Laptops\",\"item\":\"https:\/\/compuviper.mx\/tienda\/categoria-producto\/laptops\/\"},{\"@type\":\"ListItem\",\"position\":4,\"name\":\"Sin Categor\u00eda\",\"item\":\"https:\/\/compuviper.mx\/tienda\/categoria-producto\/laptops\/sin-categoria-laptops\/\"},{\"@type\":\"ListItem\",\"position\":5,\"name\":\"Ghia Lb16gi5 Portatil Gamer Libero \/ 15.6 Fhd Ips 144hz \/ Intel Core I5 12450h Hasta 4.4 Ghz \/ Ddr4 16 Gb \/ 512 Ssd Nvme \/ Nvidia Rtx 3050 4gb \/ Teclado Retroiluminado Esp \/ Wifi 6 \/ Bt 5.2 \/ Win 11 Home\"}]},{\"@type\":\"WebSite\",\"@id\":\"https:\/\/compuviper.mx\/tienda\/#website\",\"url\":\"https:\/\/compuviper.mx\/tienda\/\",\"name\":\"Compuviper\",\"description\":\"Proveedor de Computadoras, Laptops, Servidores, Monitores, Puntos de Venta, Teclados,   Impresoras, T\u00f3ner, C\u00e1maras de Seguridad y m\u00e1s en tu tienda en l\u00ednea\",\"publisher\":{\"@id\":\"https:\/\/compuviper.mx\/tienda\/#organization\"},\"potentialAction\":[{\"@type\":\"SearchAction\",\"target\":{\"@type\":\"EntryPoint\",\"urlTemplate\":\"https:\/\/compuviper.mx\/tienda\/?s={search_term_string}\"},\"query-input\":\"required name=search_term_string\"}],\"inLanguage\":\"es-MX\"},{\"@type\":\"Organization\",\"@id\":\"https:\/\/compuviper.mx\/tienda\/#organization\",\"name\":\"Compuviper\",\"url\":\"https:\/\/compuviper.mx\/tienda\/\",\"logo\":{\"@type\":\"ImageObject\",\"inLanguage\":\"es-MX\",\"@id\":\"https:\/\/compuviper.mx\/tienda\/#\/schema\/logo\/image\/\",\"url\":\"https:\/\/compuviper.mx\/tienda\/wp-content\/uploads\/2021\/08\/Logo-Compuviper-10.png\",\"contentUrl\":\"https:\/\/compuviper.mx\/tienda\/wp-content\/uploads\/2021\/08\/Logo-Compuviper-10.png\",\"width\":1000,\"height\":500,\"caption\":\"Compuviper\"},\"image\":{\"@id\":\"https:\/\/compuviper.mx\/tienda\/#\/schema\/logo\/image\/\"},\"sameAs\":[\"https:\/\/www.facebook.com\/compuviper\",\"https:\/\/www.youtube.com\/channel\/UCf73dERp9Y3cfOq7q8BhLjA?view_as=subscriber\"]}]}<\/script>\n<meta property=\"product:brand\" content=\"GHIA\" \/>\n<meta property=\"product:price:amount\" content=\"12616\" \/>\n<meta property=\"product:price:currency\" content=\"MXN\" \/>\n<meta property=\"og:availability\" content=\"instock\" \/>\n<meta property=\"product:availability\" content=\"instock\" \/>\n<meta property=\"product:retailer_item_id\" content=\"LB16GI5\" \/>\n<meta property=\"product:condition\" content=\"new\" \/>\n<!-- \/ Yoast SEO plugin. -->","yoast_head_json":{"title":"[ Ghia ] &#129351; Lb16gi5 Portatil Gamer Libero \/ 15.6 Fhd Ips 144hz \/ Intel Core I5 12450h Hasta 4.4 Ghz \/ Ddr4 16 Gb \/ 512 Ssd Nvme \/ Nvidia Rtx 3050 4gb \/ Teclado Retroiluminado Esp \/ Wifi 6 \/ Bt 5.2 \/ Win 11 Home","description":"Compra Lb16gi5 Portatil Gamer Libero \/ 15.6 Fhd Ips 144hz \/ Intel Core I5 12450h Hasta 4.4 Ghz \/ Ddr4 16 Gb \/ 512 Ssd Nvme \/ Nvidia Rtx 3050 4gb \/ Teclado Retroiluminado Esp \/ Wifi 6 \/ Bt 5.2 \/ Win 11 Home + Env\u00edo a domicilio + Pago seguro + Garant\u00eda","robots":{"index":"index","follow":"follow","max-snippet":"max-snippet:-1","max-image-preview":"max-image-preview:large","max-video-preview":"max-video-preview:-1"},"canonical":"https:\/\/compuviper.mx\/tienda\/producto\/ghia-lb16gi5-portatil-gamer-libero-15-6-fhd-ips-144hz-intel-core-i5-12450h-hasta-4-4-ghz-ddr4-16-gb-512-ssd-nvme-nvidia-rtx-3050-4gb-teclado-retroiluminado-esp-wifi-6-bt-5-2-win-11-2\/","og_locale":"es_MX","og_type":"article","og_title":"[ Ghia ] &#129351; Lb16gi5 Portatil Gamer Libero \/ 15.6 Fhd Ips 144hz \/ Intel Core I5 12450h Hasta 4.4 Ghz \/ Ddr4 16 Gb \/ 512 Ssd Nvme \/ Nvidia Rtx 3050 4gb \/ Teclado Retroiluminado Esp \/ Wifi 6 \/ Bt 5.2 \/ Win 11 Home","og_description":"Compra Lb16gi5 Portatil Gamer Libero \/ 15.6 Fhd Ips 144hz \/ Intel Core I5 12450h Hasta 4.4 Ghz \/ Ddr4 16 Gb \/ 512 Ssd Nvme \/ Nvidia Rtx 3050 4gb \/ Teclado Retroiluminado Esp \/ Wifi 6 \/ Bt 5.2 \/ Win 11 Home + Env\u00edo a domicilio + Pago seguro + Garant\u00eda","og_url":"https:\/\/compuviper.mx\/tienda\/producto\/ghia-lb16gi5-portatil-gamer-libero-15-6-fhd-ips-144hz-intel-core-i5-12450h-hasta-4-4-ghz-ddr4-16-gb-512-ssd-nvme-nvidia-rtx-3050-4gb-teclado-retroiluminado-esp-wifi-6-bt-5-2-win-11-2\/","og_site_name":"Compuviper","article_publisher":"https:\/\/www.facebook.com\/compuviper","og_image":[{"width":200,"height":200,"url":"https:\/\/compuviper.mx\/tienda\/wp-content\/uploads\/2026\/03\/Portatil-gamer-ghia-libero-lb16gi5-15.6-fhd-ips-144hz-intel-core-i5-12450h-hasta-4.4-ghz-ddr4-16-gb-512-ssd-nvme-nvidia-rtx-3050-4gb-teclado-retroiluminado-esp-wifi-6-bt-5.2-win-11-home.jpg","type":"image\/jpeg"}],"twitter_card":"summary_large_image","twitter_misc":{"Precio":"&#36;12,616 con IVA","Availability":"In stock"},"schema":{"@context":"https:\/\/schema.org","@graph":[{"@type":"WebPage","@id":"https:\/\/compuviper.mx\/tienda\/producto\/ghia-lb16gi5-portatil-gamer-libero-15-6-fhd-ips-144hz-intel-core-i5-12450h-hasta-4-4-ghz-ddr4-16-gb-512-ssd-nvme-nvidia-rtx-3050-4gb-teclado-retroiluminado-esp-wifi-6-bt-5-2-win-11-2\/","url":"https:\/\/compuviper.mx\/tienda\/producto\/ghia-lb16gi5-portatil-gamer-libero-15-6-fhd-ips-144hz-intel-core-i5-12450h-hasta-4-4-ghz-ddr4-16-gb-512-ssd-nvme-nvidia-rtx-3050-4gb-teclado-retroiluminado-esp-wifi-6-bt-5-2-win-11-2\/","name":"[ Ghia ] &#129351; Lb16gi5 Portatil Gamer Libero \/ 15.6 Fhd Ips 144hz \/ Intel Core I5 12450h Hasta 4.4 Ghz \/ Ddr4 16 Gb \/ 512 Ssd Nvme \/ Nvidia Rtx 3050 4gb \/ Teclado Retroiluminado Esp \/ Wifi 6 \/ Bt 5.2 \/ Win 11 Home","isPartOf":{"@id":"https:\/\/compuviper.mx\/tienda\/#website"},"datePublished":"2026-04-02T07:14:51+00:00","dateModified":"2026-04-02T07:14:51+00:00","description":"Compra Lb16gi5 Portatil Gamer Libero \/ 15.6 Fhd Ips 144hz \/ Intel Core I5 12450h Hasta 4.4 Ghz \/ Ddr4 16 Gb \/ 512 Ssd Nvme \/ Nvidia Rtx 3050 4gb \/ Teclado Retroiluminado Esp \/ Wifi 6 \/ Bt 5.2 \/ Win 11 Home + Env\u00edo a domicilio + Pago seguro + Garant\u00eda","breadcrumb":{"@id":"https:\/\/compuviper.mx\/tienda\/producto\/ghia-lb16gi5-portatil-gamer-libero-15-6-fhd-ips-144hz-intel-core-i5-12450h-hasta-4-4-ghz-ddr4-16-gb-512-ssd-nvme-nvidia-rtx-3050-4gb-teclado-retroiluminado-esp-wifi-6-bt-5-2-win-11-2\/#breadcrumb"},"inLanguage":"es-MX","potentialAction":[{"@type":"ReadAction","target":["https:\/\/compuviper.mx\/tienda\/producto\/ghia-lb16gi5-portatil-gamer-libero-15-6-fhd-ips-144hz-intel-core-i5-12450h-hasta-4-4-ghz-ddr4-16-gb-512-ssd-nvme-nvidia-rtx-3050-4gb-teclado-retroiluminado-esp-wifi-6-bt-5-2-win-11-2\/"]}]},{"@type":"BreadcrumbList","@id":"https:\/\/compuviper.mx\/tienda\/producto\/ghia-lb16gi5-portatil-gamer-libero-15-6-fhd-ips-144hz-intel-core-i5-12450h-hasta-4-4-ghz-ddr4-16-gb-512-ssd-nvme-nvidia-rtx-3050-4gb-teclado-retroiluminado-esp-wifi-6-bt-5-2-win-11-2\/#breadcrumb","itemListElement":[{"@type":"ListItem","position":1,"name":"Inicio","item":"https:\/\/compuviper.mx\/tienda\/"},{"@type":"ListItem","position":2,"name":"Productos","item":"https:\/\/compuviper.mx\/tienda\/productos\/"},{"@type":"ListItem","position":3,"name":"Laptops","item":"https:\/\/compuviper.mx\/tienda\/categoria-producto\/laptops\/"},{"@type":"ListItem","position":4,"name":"Sin Categor\u00eda","item":"https:\/\/compuviper.mx\/tienda\/categoria-producto\/laptops\/sin-categoria-laptops\/"},{"@type":"ListItem","position":5,"name":"Ghia Lb16gi5 Portatil Gamer Libero \/ 15.6 Fhd Ips 144hz \/ Intel Core I5 12450h Hasta 4.4 Ghz \/ Ddr4 16 Gb \/ 512 Ssd Nvme \/ Nvidia Rtx 3050 4gb \/ Teclado Retroiluminado Esp \/ Wifi 6 \/ Bt 5.2 \/ Win 11 Home"}]},{"@type":"WebSite","@id":"https:\/\/compuviper.mx\/tienda\/#website","url":"https:\/\/compuviper.mx\/tienda\/","name":"Compuviper","description":"Proveedor de Computadoras, Laptops, Servidores, Monitores, Puntos de Venta, Teclados,   Impresoras, T\u00f3ner, C\u00e1maras de Seguridad y m\u00e1s en tu tienda en l\u00ednea","publisher":{"@id":"https:\/\/compuviper.mx\/tienda\/#organization"},"potentialAction":[{"@type":"SearchAction","target":{"@type":"EntryPoint","urlTemplate":"https:\/\/compuviper.mx\/tienda\/?s={search_term_string}"},"query-input":"required name=search_term_string"}],"inLanguage":"es-MX"},{"@type":"Organization","@id":"https:\/\/compuviper.mx\/tienda\/#organization","name":"Compuviper","url":"https:\/\/compuviper.mx\/tienda\/","logo":{"@type":"ImageObject","inLanguage":"es-MX","@id":"https:\/\/compuviper.mx\/tienda\/#\/schema\/logo\/image\/","url":"https:\/\/compuviper.mx\/tienda\/wp-content\/uploads\/2021\/08\/Logo-Compuviper-10.png","contentUrl":"https:\/\/compuviper.mx\/tienda\/wp-content\/uploads\/2021\/08\/Logo-Compuviper-10.png","width":1000,"height":500,"caption":"Compuviper"},"image":{"@id":"https:\/\/compuviper.mx\/tienda\/#\/schema\/logo\/image\/"},"sameAs":["https:\/\/www.facebook.com\/compuviper","https:\/\/www.youtube.com\/channel\/UCf73dERp9Y3cfOq7q8BhLjA?view_as=subscriber"]}]},"product_brand":"GHIA","product_price_amount":"12616","product_price_currency":"MXN","og_availability":"instock","product_availability":"instock","product_retailer_item_id":"LB16GI5","product_condition":"new"},"_links":{"self":[{"href":"https:\/\/compuviper.mx\/tienda\/wp-json\/wp\/v2\/product\/268083"}],"collection":[{"href":"https:\/\/compuviper.mx\/tienda\/wp-json\/wp\/v2\/product"}],"about":[{"href":"https:\/\/compuviper.mx\/tienda\/wp-json\/wp\/v2\/types\/product"}],"replies":[{"embeddable":true,"href":"https:\/\/compuviper.mx\/tienda\/wp-json\/wp\/v2\/comments?post=268083"}],"wp:featuredmedia":[{"embeddable":true,"href":"https:\/\/compuviper.mx\/tienda\/wp-json\/wp\/v2\/media\/268084"}],"wp:attachment":[{"href":"https:\/\/compuviper.mx\/tienda\/wp-json\/wp\/v2\/media?parent=268083"}],"wp:term":[{"taxonomy":"product_cat","embeddable":true,"href":"https:\/\/compuviper.mx\/tienda\/wp-json\/wp\/v2\/product_cat?post=268083"},{"taxonomy":"product_tag","embeddable":true,"href":"https:\/\/compuviper.mx\/tienda\/wp-json\/wp\/v2\/product_tag?post=268083"}],"curies":[{"name":"wp","href":"https:\/\/api.w.org\/{rel}","templated":true}]}}