{"id":268079,"date":"2026-04-07T01:12:37","date_gmt":"2026-04-07T07:12:37","guid":{"rendered":"https:\/\/compuviper.mx\/tienda\/producto\/ghia-gvpnt7503032754888-tablet-vector-plus-c-teclado-a523-octacore-4gb-ram-64gb-2cam-wifi-bluetooth-5000mah-android-13-negra\/"},"modified":"2026-04-07T01:12:38","modified_gmt":"2026-04-07T07:12:38","slug":"ghia-gvpnt7503032754888-tablet-vector-plus-c-teclado-a523-octacore-4gb-ram-64gb-2cam-wifi-bluetooth-5000mah-android-13-negra","status":"publish","type":"product","link":"https:\/\/compuviper.mx\/tienda\/producto\/ghia-gvpnt7503032754888-tablet-vector-plus-c-teclado-a523-octacore-4gb-ram-64gb-2cam-wifi-bluetooth-5000mah-android-13-negra\/","title":{"rendered":"Ghia Gvpnt,7503032754888 Tablet  Vector Plus C\/teclado \/a523 Octacore\/4gb Ram\/64gb \/2cam\/wifi\/bluetooth\/5000mah\/android 13 Negra"},"content":{"rendered":"<table class=\"descripcion\">\n<tr>\n<td>Procesador octacore a523 1.8ghz<\/td>\n<\/tr>\n<tr>\n<td>Pantalla 10 pulgadas ips<\/td>\n<\/tr>\n<tr>\n<td>Multitouch<\/td>\n<\/tr>\n<tr>\n<td>Resoluci\u00f3n 800&#215;1280<\/td>\n<\/tr>\n<tr>\n<td>Memoria ram 4gb<\/td>\n<\/tr>\n<tr>\n<td>Memoria almacenamiento 64gb<\/td>\n<\/tr>\n<tr>\n<td>Slot de memoria tf hasta 128gb<\/td>\n<\/tr>\n<tr>\n<td>C\u00e1mara frontal 2mp<\/td>\n<\/tr>\n<tr>\n<td>C\u00e1mara trasera 5mp<\/td>\n<\/tr>\n<tr>\n<td>1 audio jack 3.5mm<\/td>\n<\/tr>\n<tr>\n<td>Bater\u00eda de 5000mah<\/td>\n<\/tr>\n<tr>\n<td>Bluetooth 4.0<\/td>\n<\/tr>\n<tr>\n<td>Wi-fi b\/g\/n<\/td>\n<\/tr>\n<tr>\n<td>Android 13<\/td>\n<\/tr>\n<\/table>\n","protected":false},"excerpt":{"rendered":"<p>El plus que necesitas, elegante dise\u00f1o, performance optimo que combina hardware robusto y un sistema android 13 con las apps del momento. Incluye docking y teclado para usarla como portatil. Las mejores peliculas y videos con las apps de streaming mas populares y mejora tu productividad al mismo tiempo con las apps de google ya que cuenta con certificacion gms y eso te da acceso al universo de apps del play store.<\/p>\n","protected":false},"featured_media":268080,"comment_status":"open","ping_status":"open","template":"","meta":[],"product_cat":[1758,1759],"product_tag":[1548],"acf":[],"yoast_head":"<!-- This site is optimized with the Yoast SEO plugin v21.7 - https:\/\/yoast.com\/wordpress\/plugins\/seo\/ -->\n<title>[ Ghia ] &#129351; Gvpnt,7503032754888 Tablet Vector Plus C\/teclado \/a523 Octacore\/4gb Ram\/64gb \/2cam\/wifi\/bluetooth\/5000mah\/android 13 Negra<\/title>\n<meta name=\"description\" content=\"Compra Gvpnt,7503032754888 Tablet Vector Plus C\/teclado \/a523 Octacore\/4gb Ram\/64gb \/2cam\/wifi\/bluetooth\/5000mah\/android 13 Negra + Env\u00edo a domicilio + Pago seguro + Garant\u00eda\" \/>\n<meta name=\"robots\" content=\"index, follow, max-snippet:-1, max-image-preview:large, max-video-preview:-1\" \/>\n<link rel=\"canonical\" href=\"https:\/\/compuviper.mx\/tienda\/producto\/ghia-gvpnt7503032754888-tablet-vector-plus-c-teclado-a523-octacore-4gb-ram-64gb-2cam-wifi-bluetooth-5000mah-android-13-negra\/\" \/>\n<meta property=\"og:locale\" content=\"es_MX\" \/>\n<meta property=\"og:type\" content=\"article\" \/>\n<meta property=\"og:title\" content=\"[ Ghia ] &#129351; Gvpnt,7503032754888 Tablet Vector Plus C\/teclado \/a523 Octacore\/4gb Ram\/64gb \/2cam\/wifi\/bluetooth\/5000mah\/android 13 Negra\" \/>\n<meta property=\"og:description\" content=\"Compra Gvpnt,7503032754888 Tablet Vector Plus C\/teclado \/a523 Octacore\/4gb Ram\/64gb \/2cam\/wifi\/bluetooth\/5000mah\/android 13 Negra + Env\u00edo a domicilio + Pago seguro + Garant\u00eda\" \/>\n<meta property=\"og:url\" content=\"https:\/\/compuviper.mx\/tienda\/producto\/ghia-gvpnt7503032754888-tablet-vector-plus-c-teclado-a523-octacore-4gb-ram-64gb-2cam-wifi-bluetooth-5000mah-android-13-negra\/\" \/>\n<meta property=\"og:site_name\" content=\"Compuviper\" \/>\n<meta property=\"article:publisher\" content=\"https:\/\/www.facebook.com\/compuviper\" \/>\n<meta property=\"article:modified_time\" content=\"2026-04-07T07:12:38+00:00\" \/>\n<meta property=\"og:image\" content=\"https:\/\/compuviper.mx\/tienda\/wp-content\/uploads\/2026\/03\/Tablet-ghia-vector-plus-cteclado-a523-octacore4gb-ram64gb-2camwifibluetooth5000mahandroid-13-negra.jpg\" \/>\n\t<meta property=\"og:image:width\" content=\"200\" \/>\n\t<meta property=\"og:image:height\" content=\"200\" \/>\n\t<meta property=\"og:image:type\" content=\"image\/jpeg\" \/>\n<meta name=\"twitter:card\" content=\"summary_large_image\" \/>\n<meta name=\"twitter:label1\" content=\"Precio\" \/>\n\t<meta name=\"twitter:data1\" content=\"&#36;1,522 con IVA\" \/>\n\t<meta name=\"twitter:label2\" content=\"Availability\" \/>\n\t<meta name=\"twitter:data2\" content=\"In stock\" \/>\n<script type=\"application\/ld+json\" class=\"yoast-schema-graph\">{\"@context\":\"https:\/\/schema.org\",\"@graph\":[{\"@type\":\"WebPage\",\"@id\":\"https:\/\/compuviper.mx\/tienda\/producto\/ghia-gvpnt7503032754888-tablet-vector-plus-c-teclado-a523-octacore-4gb-ram-64gb-2cam-wifi-bluetooth-5000mah-android-13-negra\/\",\"url\":\"https:\/\/compuviper.mx\/tienda\/producto\/ghia-gvpnt7503032754888-tablet-vector-plus-c-teclado-a523-octacore-4gb-ram-64gb-2cam-wifi-bluetooth-5000mah-android-13-negra\/\",\"name\":\"[ Ghia ] &#129351; Gvpnt,7503032754888 Tablet Vector Plus C\/teclado \/a523 Octacore\/4gb Ram\/64gb \/2cam\/wifi\/bluetooth\/5000mah\/android 13 Negra\",\"isPartOf\":{\"@id\":\"https:\/\/compuviper.mx\/tienda\/#website\"},\"datePublished\":\"2026-04-07T07:12:37+00:00\",\"dateModified\":\"2026-04-07T07:12:38+00:00\",\"description\":\"Compra Gvpnt,7503032754888 Tablet Vector Plus C\/teclado \/a523 Octacore\/4gb Ram\/64gb \/2cam\/wifi\/bluetooth\/5000mah\/android 13 Negra + Env\u00edo a domicilio + Pago seguro + Garant\u00eda\",\"breadcrumb\":{\"@id\":\"https:\/\/compuviper.mx\/tienda\/producto\/ghia-gvpnt7503032754888-tablet-vector-plus-c-teclado-a523-octacore-4gb-ram-64gb-2cam-wifi-bluetooth-5000mah-android-13-negra\/#breadcrumb\"},\"inLanguage\":\"es-MX\",\"potentialAction\":[{\"@type\":\"ReadAction\",\"target\":[\"https:\/\/compuviper.mx\/tienda\/producto\/ghia-gvpnt7503032754888-tablet-vector-plus-c-teclado-a523-octacore-4gb-ram-64gb-2cam-wifi-bluetooth-5000mah-android-13-negra\/\"]}]},{\"@type\":\"BreadcrumbList\",\"@id\":\"https:\/\/compuviper.mx\/tienda\/producto\/ghia-gvpnt7503032754888-tablet-vector-plus-c-teclado-a523-octacore-4gb-ram-64gb-2cam-wifi-bluetooth-5000mah-android-13-negra\/#breadcrumb\",\"itemListElement\":[{\"@type\":\"ListItem\",\"position\":1,\"name\":\"Inicio\",\"item\":\"https:\/\/compuviper.mx\/tienda\/\"},{\"@type\":\"ListItem\",\"position\":2,\"name\":\"Productos\",\"item\":\"https:\/\/compuviper.mx\/tienda\/productos\/\"},{\"@type\":\"ListItem\",\"position\":3,\"name\":\"Tabletas\",\"item\":\"https:\/\/compuviper.mx\/tienda\/categoria-producto\/tabletas\/\"},{\"@type\":\"ListItem\",\"position\":4,\"name\":\"Arm Quad Core\",\"item\":\"https:\/\/compuviper.mx\/tienda\/categoria-producto\/tabletas\/arm-quad-core\/\"},{\"@type\":\"ListItem\",\"position\":5,\"name\":\"Ghia Gvpnt,7503032754888 Tablet Vector Plus C\/teclado \/a523 Octacore\/4gb Ram\/64gb \/2cam\/wifi\/bluetooth\/5000mah\/android 13 Negra\"}]},{\"@type\":\"WebSite\",\"@id\":\"https:\/\/compuviper.mx\/tienda\/#website\",\"url\":\"https:\/\/compuviper.mx\/tienda\/\",\"name\":\"Compuviper\",\"description\":\"Proveedor de Computadoras, Laptops, Servidores, Monitores, Puntos de Venta, Teclados,   Impresoras, T\u00f3ner, C\u00e1maras de Seguridad y m\u00e1s en tu tienda en l\u00ednea\",\"publisher\":{\"@id\":\"https:\/\/compuviper.mx\/tienda\/#organization\"},\"potentialAction\":[{\"@type\":\"SearchAction\",\"target\":{\"@type\":\"EntryPoint\",\"urlTemplate\":\"https:\/\/compuviper.mx\/tienda\/?s={search_term_string}\"},\"query-input\":\"required name=search_term_string\"}],\"inLanguage\":\"es-MX\"},{\"@type\":\"Organization\",\"@id\":\"https:\/\/compuviper.mx\/tienda\/#organization\",\"name\":\"Compuviper\",\"url\":\"https:\/\/compuviper.mx\/tienda\/\",\"logo\":{\"@type\":\"ImageObject\",\"inLanguage\":\"es-MX\",\"@id\":\"https:\/\/compuviper.mx\/tienda\/#\/schema\/logo\/image\/\",\"url\":\"https:\/\/compuviper.mx\/tienda\/wp-content\/uploads\/2021\/08\/Logo-Compuviper-10.png\",\"contentUrl\":\"https:\/\/compuviper.mx\/tienda\/wp-content\/uploads\/2021\/08\/Logo-Compuviper-10.png\",\"width\":1000,\"height\":500,\"caption\":\"Compuviper\"},\"image\":{\"@id\":\"https:\/\/compuviper.mx\/tienda\/#\/schema\/logo\/image\/\"},\"sameAs\":[\"https:\/\/www.facebook.com\/compuviper\",\"https:\/\/www.youtube.com\/channel\/UCf73dERp9Y3cfOq7q8BhLjA?view_as=subscriber\"]}]}<\/script>\n<meta property=\"product:brand\" content=\"GHIA\" \/>\n<meta property=\"product:price:amount\" content=\"1522\" \/>\n<meta property=\"product:price:currency\" content=\"MXN\" \/>\n<meta property=\"og:availability\" content=\"instock\" \/>\n<meta property=\"product:availability\" content=\"instock\" \/>\n<meta property=\"product:retailer_item_id\" content=\"GVPNT,7503032754888\" \/>\n<meta property=\"product:condition\" content=\"new\" \/>\n<!-- \/ Yoast SEO plugin. -->","yoast_head_json":{"title":"[ Ghia ] &#129351; Gvpnt,7503032754888 Tablet Vector Plus C\/teclado \/a523 Octacore\/4gb Ram\/64gb \/2cam\/wifi\/bluetooth\/5000mah\/android 13 Negra","description":"Compra Gvpnt,7503032754888 Tablet Vector Plus C\/teclado \/a523 Octacore\/4gb Ram\/64gb \/2cam\/wifi\/bluetooth\/5000mah\/android 13 Negra + Env\u00edo a domicilio + Pago seguro + Garant\u00eda","robots":{"index":"index","follow":"follow","max-snippet":"max-snippet:-1","max-image-preview":"max-image-preview:large","max-video-preview":"max-video-preview:-1"},"canonical":"https:\/\/compuviper.mx\/tienda\/producto\/ghia-gvpnt7503032754888-tablet-vector-plus-c-teclado-a523-octacore-4gb-ram-64gb-2cam-wifi-bluetooth-5000mah-android-13-negra\/","og_locale":"es_MX","og_type":"article","og_title":"[ Ghia ] &#129351; Gvpnt,7503032754888 Tablet Vector Plus C\/teclado \/a523 Octacore\/4gb Ram\/64gb \/2cam\/wifi\/bluetooth\/5000mah\/android 13 Negra","og_description":"Compra Gvpnt,7503032754888 Tablet Vector Plus C\/teclado \/a523 Octacore\/4gb Ram\/64gb \/2cam\/wifi\/bluetooth\/5000mah\/android 13 Negra + Env\u00edo a domicilio + Pago seguro + Garant\u00eda","og_url":"https:\/\/compuviper.mx\/tienda\/producto\/ghia-gvpnt7503032754888-tablet-vector-plus-c-teclado-a523-octacore-4gb-ram-64gb-2cam-wifi-bluetooth-5000mah-android-13-negra\/","og_site_name":"Compuviper","article_publisher":"https:\/\/www.facebook.com\/compuviper","article_modified_time":"2026-04-07T07:12:38+00:00","og_image":[{"width":200,"height":200,"url":"https:\/\/compuviper.mx\/tienda\/wp-content\/uploads\/2026\/03\/Tablet-ghia-vector-plus-cteclado-a523-octacore4gb-ram64gb-2camwifibluetooth5000mahandroid-13-negra.jpg","type":"image\/jpeg"}],"twitter_card":"summary_large_image","twitter_misc":{"Precio":"&#36;1,522 con IVA","Availability":"In stock"},"schema":{"@context":"https:\/\/schema.org","@graph":[{"@type":"WebPage","@id":"https:\/\/compuviper.mx\/tienda\/producto\/ghia-gvpnt7503032754888-tablet-vector-plus-c-teclado-a523-octacore-4gb-ram-64gb-2cam-wifi-bluetooth-5000mah-android-13-negra\/","url":"https:\/\/compuviper.mx\/tienda\/producto\/ghia-gvpnt7503032754888-tablet-vector-plus-c-teclado-a523-octacore-4gb-ram-64gb-2cam-wifi-bluetooth-5000mah-android-13-negra\/","name":"[ Ghia ] &#129351; Gvpnt,7503032754888 Tablet Vector Plus C\/teclado \/a523 Octacore\/4gb Ram\/64gb \/2cam\/wifi\/bluetooth\/5000mah\/android 13 Negra","isPartOf":{"@id":"https:\/\/compuviper.mx\/tienda\/#website"},"datePublished":"2026-04-07T07:12:37+00:00","dateModified":"2026-04-07T07:12:38+00:00","description":"Compra Gvpnt,7503032754888 Tablet Vector Plus C\/teclado \/a523 Octacore\/4gb Ram\/64gb \/2cam\/wifi\/bluetooth\/5000mah\/android 13 Negra + Env\u00edo a domicilio + Pago seguro + Garant\u00eda","breadcrumb":{"@id":"https:\/\/compuviper.mx\/tienda\/producto\/ghia-gvpnt7503032754888-tablet-vector-plus-c-teclado-a523-octacore-4gb-ram-64gb-2cam-wifi-bluetooth-5000mah-android-13-negra\/#breadcrumb"},"inLanguage":"es-MX","potentialAction":[{"@type":"ReadAction","target":["https:\/\/compuviper.mx\/tienda\/producto\/ghia-gvpnt7503032754888-tablet-vector-plus-c-teclado-a523-octacore-4gb-ram-64gb-2cam-wifi-bluetooth-5000mah-android-13-negra\/"]}]},{"@type":"BreadcrumbList","@id":"https:\/\/compuviper.mx\/tienda\/producto\/ghia-gvpnt7503032754888-tablet-vector-plus-c-teclado-a523-octacore-4gb-ram-64gb-2cam-wifi-bluetooth-5000mah-android-13-negra\/#breadcrumb","itemListElement":[{"@type":"ListItem","position":1,"name":"Inicio","item":"https:\/\/compuviper.mx\/tienda\/"},{"@type":"ListItem","position":2,"name":"Productos","item":"https:\/\/compuviper.mx\/tienda\/productos\/"},{"@type":"ListItem","position":3,"name":"Tabletas","item":"https:\/\/compuviper.mx\/tienda\/categoria-producto\/tabletas\/"},{"@type":"ListItem","position":4,"name":"Arm Quad Core","item":"https:\/\/compuviper.mx\/tienda\/categoria-producto\/tabletas\/arm-quad-core\/"},{"@type":"ListItem","position":5,"name":"Ghia Gvpnt,7503032754888 Tablet Vector Plus C\/teclado \/a523 Octacore\/4gb Ram\/64gb \/2cam\/wifi\/bluetooth\/5000mah\/android 13 Negra"}]},{"@type":"WebSite","@id":"https:\/\/compuviper.mx\/tienda\/#website","url":"https:\/\/compuviper.mx\/tienda\/","name":"Compuviper","description":"Proveedor de Computadoras, Laptops, Servidores, Monitores, Puntos de Venta, Teclados,   Impresoras, T\u00f3ner, C\u00e1maras de Seguridad y m\u00e1s en tu tienda en l\u00ednea","publisher":{"@id":"https:\/\/compuviper.mx\/tienda\/#organization"},"potentialAction":[{"@type":"SearchAction","target":{"@type":"EntryPoint","urlTemplate":"https:\/\/compuviper.mx\/tienda\/?s={search_term_string}"},"query-input":"required name=search_term_string"}],"inLanguage":"es-MX"},{"@type":"Organization","@id":"https:\/\/compuviper.mx\/tienda\/#organization","name":"Compuviper","url":"https:\/\/compuviper.mx\/tienda\/","logo":{"@type":"ImageObject","inLanguage":"es-MX","@id":"https:\/\/compuviper.mx\/tienda\/#\/schema\/logo\/image\/","url":"https:\/\/compuviper.mx\/tienda\/wp-content\/uploads\/2021\/08\/Logo-Compuviper-10.png","contentUrl":"https:\/\/compuviper.mx\/tienda\/wp-content\/uploads\/2021\/08\/Logo-Compuviper-10.png","width":1000,"height":500,"caption":"Compuviper"},"image":{"@id":"https:\/\/compuviper.mx\/tienda\/#\/schema\/logo\/image\/"},"sameAs":["https:\/\/www.facebook.com\/compuviper","https:\/\/www.youtube.com\/channel\/UCf73dERp9Y3cfOq7q8BhLjA?view_as=subscriber"]}]},"product_brand":"GHIA","product_price_amount":"1522","product_price_currency":"MXN","og_availability":"instock","product_availability":"instock","product_retailer_item_id":"GVPNT,7503032754888","product_condition":"new"},"_links":{"self":[{"href":"https:\/\/compuviper.mx\/tienda\/wp-json\/wp\/v2\/product\/268079"}],"collection":[{"href":"https:\/\/compuviper.mx\/tienda\/wp-json\/wp\/v2\/product"}],"about":[{"href":"https:\/\/compuviper.mx\/tienda\/wp-json\/wp\/v2\/types\/product"}],"replies":[{"embeddable":true,"href":"https:\/\/compuviper.mx\/tienda\/wp-json\/wp\/v2\/comments?post=268079"}],"wp:featuredmedia":[{"embeddable":true,"href":"https:\/\/compuviper.mx\/tienda\/wp-json\/wp\/v2\/media\/268080"}],"wp:attachment":[{"href":"https:\/\/compuviper.mx\/tienda\/wp-json\/wp\/v2\/media?parent=268079"}],"wp:term":[{"taxonomy":"product_cat","embeddable":true,"href":"https:\/\/compuviper.mx\/tienda\/wp-json\/wp\/v2\/product_cat?post=268079"},{"taxonomy":"product_tag","embeddable":true,"href":"https:\/\/compuviper.mx\/tienda\/wp-json\/wp\/v2\/product_tag?post=268079"}],"curies":[{"name":"wp","href":"https:\/\/api.w.org\/{rel}","templated":true}]}}