{"id":268076,"date":"2026-04-02T01:14:32","date_gmt":"2026-04-02T07:14:32","guid":{"rendered":"https:\/\/compuviper.mx\/tienda\/producto\/cdp-snmptxwebpro-tarjeta-interna-de-monitoreo-tarjeta-snmp-web-pro-de-montaje-en-slot-interno-protocolo-v-para-upo11-upo22upo33-hm3ax\/"},"modified":"2026-04-02T01:14:32","modified_gmt":"2026-04-02T07:14:32","slug":"cdp-snmptxwebpro-tarjeta-interna-de-monitoreo-tarjeta-snmp-web-pro-de-montaje-en-slot-interno-protocolo-v-para-upo11-upo22upo33-hm3ax","status":"publish","type":"product","link":"https:\/\/compuviper.mx\/tienda\/producto\/cdp-snmptxwebpro-tarjeta-interna-de-monitoreo-tarjeta-snmp-web-pro-de-montaje-en-slot-interno-protocolo-v-para-upo11-upo22upo33-hm3ax\/","title":{"rendered":"Cdp Snmptxwebpro Tarjeta Interna De Monitoreo   Tarjeta Snmp Web Pro De Montaje En Slot Interno, Protocolo V Para Upo11, Upo22,upo33-hm3ax"},"content":{"rendered":"<table class=\"descripcion\">\n<tr>\n<td>Tecnologia de conectividad: alambrico<\/td>\n<\/tr>\n<tr>\n<td>Ethernet lan rj-45 cantidad de puertos: 2<\/td>\n<\/tr>\n<tr>\n<td>Interfaz de host: ethernet<\/td>\n<\/tr>\n<tr>\n<td>Interfaz: lan<\/td>\n<\/tr>\n<tr>\n<td>Compatibles: upo11-1\/2\/3, upo11-1\/2\/3 ax, upo22-6\/10\/15 ax, upo22-6\/10 rt ax<\/td>\n<\/tr>\n<tr>\n<td>Protocolo: snmpv3<\/td>\n<\/tr>\n<tr>\n<td>Consumo de energia: 2v max<\/td>\n<\/tr>\n<tr>\n<td>Temperatura de funcionamiento: 0\u00a840\u00b0c<\/td>\n<\/tr>\n<tr>\n<td>Humedad de funcionamiento: 0\u00a895<\/td>\n<\/tr>\n<tr>\n<td>Red de apoyo: rj45\/100 base t<\/td>\n<\/tr>\n<\/table>\n","protected":false},"excerpt":{"rendered":"<p>La cdp tarjeta de red snmptxwebpro proporciona una conectividad optimizada para aplicaciones de red que requieren estabilidad y eficiencia. Su tasa de transferencia m\u00e1xima de\u00a0100mbit\/s\u00a0garantiza un rendimiento adecuado para tareas cotidianas y entornos de oficina.<\/p>\n","protected":false},"featured_media":0,"comment_status":"open","ping_status":"open","template":"","meta":[],"product_cat":[1563,1572],"product_tag":[1693],"acf":[],"yoast_head":"<!-- This site is optimized with the Yoast SEO plugin v21.7 - https:\/\/yoast.com\/wordpress\/plugins\/seo\/ -->\n<title>[ Cdp ] &#129351; Snmptxwebpro Tarjeta Interna De Monitoreo Tarjeta Snmp Web Pro De Montaje En Slot Interno, Protocolo V Para Upo11, Upo22,upo33-hm3ax<\/title>\n<meta name=\"description\" content=\"Compra Snmptxwebpro Tarjeta Interna De Monitoreo Tarjeta Snmp Web Pro De Montaje En Slot Interno, Protocolo V Para Upo11, Upo22,upo33-hm3ax + Env\u00edo a domicilio + Pago seguro + Garant\u00eda\" \/>\n<meta name=\"robots\" content=\"index, follow, max-snippet:-1, max-image-preview:large, max-video-preview:-1\" \/>\n<link rel=\"canonical\" href=\"https:\/\/compuviper.mx\/tienda\/producto\/cdp-snmptxwebpro-tarjeta-interna-de-monitoreo-tarjeta-snmp-web-pro-de-montaje-en-slot-interno-protocolo-v-para-upo11-upo22upo33-hm3ax\/\" \/>\n<meta property=\"og:locale\" content=\"es_MX\" \/>\n<meta property=\"og:type\" content=\"article\" \/>\n<meta property=\"og:title\" content=\"[ Cdp ] &#129351; Snmptxwebpro Tarjeta Interna De Monitoreo Tarjeta Snmp Web Pro De Montaje En Slot Interno, Protocolo V Para Upo11, Upo22,upo33-hm3ax\" \/>\n<meta property=\"og:description\" content=\"Compra Snmptxwebpro Tarjeta Interna De Monitoreo Tarjeta Snmp Web Pro De Montaje En Slot Interno, Protocolo V Para Upo11, Upo22,upo33-hm3ax + Env\u00edo a domicilio + Pago seguro + Garant\u00eda\" \/>\n<meta property=\"og:url\" content=\"https:\/\/compuviper.mx\/tienda\/producto\/cdp-snmptxwebpro-tarjeta-interna-de-monitoreo-tarjeta-snmp-web-pro-de-montaje-en-slot-interno-protocolo-v-para-upo11-upo22upo33-hm3ax\/\" \/>\n<meta property=\"og:site_name\" content=\"Compuviper\" \/>\n<meta property=\"article:publisher\" content=\"https:\/\/www.facebook.com\/compuviper\" \/>\n<meta name=\"twitter:card\" content=\"summary_large_image\" \/>\n<meta name=\"twitter:label1\" content=\"Precio\" \/>\n\t<meta name=\"twitter:data1\" content=\"&#36;4,072 con IVA\" \/>\n\t<meta name=\"twitter:label2\" content=\"Availability\" \/>\n\t<meta name=\"twitter:data2\" content=\"On backorder\" \/>\n<script type=\"application\/ld+json\" class=\"yoast-schema-graph\">{\"@context\":\"https:\/\/schema.org\",\"@graph\":[{\"@type\":\"WebPage\",\"@id\":\"https:\/\/compuviper.mx\/tienda\/producto\/cdp-snmptxwebpro-tarjeta-interna-de-monitoreo-tarjeta-snmp-web-pro-de-montaje-en-slot-interno-protocolo-v-para-upo11-upo22upo33-hm3ax\/\",\"url\":\"https:\/\/compuviper.mx\/tienda\/producto\/cdp-snmptxwebpro-tarjeta-interna-de-monitoreo-tarjeta-snmp-web-pro-de-montaje-en-slot-interno-protocolo-v-para-upo11-upo22upo33-hm3ax\/\",\"name\":\"[ Cdp ] &#129351; Snmptxwebpro Tarjeta Interna De Monitoreo Tarjeta Snmp Web Pro De Montaje En Slot Interno, Protocolo V Para Upo11, Upo22,upo33-hm3ax\",\"isPartOf\":{\"@id\":\"https:\/\/compuviper.mx\/tienda\/#website\"},\"datePublished\":\"2026-04-02T07:14:32+00:00\",\"dateModified\":\"2026-04-02T07:14:32+00:00\",\"description\":\"Compra Snmptxwebpro Tarjeta Interna De Monitoreo Tarjeta Snmp Web Pro De Montaje En Slot Interno, Protocolo V Para Upo11, Upo22,upo33-hm3ax + Env\u00edo a domicilio + Pago seguro + Garant\u00eda\",\"breadcrumb\":{\"@id\":\"https:\/\/compuviper.mx\/tienda\/producto\/cdp-snmptxwebpro-tarjeta-interna-de-monitoreo-tarjeta-snmp-web-pro-de-montaje-en-slot-interno-protocolo-v-para-upo11-upo22upo33-hm3ax\/#breadcrumb\"},\"inLanguage\":\"es-MX\",\"potentialAction\":[{\"@type\":\"ReadAction\",\"target\":[\"https:\/\/compuviper.mx\/tienda\/producto\/cdp-snmptxwebpro-tarjeta-interna-de-monitoreo-tarjeta-snmp-web-pro-de-montaje-en-slot-interno-protocolo-v-para-upo11-upo22upo33-hm3ax\/\"]}]},{\"@type\":\"BreadcrumbList\",\"@id\":\"https:\/\/compuviper.mx\/tienda\/producto\/cdp-snmptxwebpro-tarjeta-interna-de-monitoreo-tarjeta-snmp-web-pro-de-montaje-en-slot-interno-protocolo-v-para-upo11-upo22upo33-hm3ax\/#breadcrumb\",\"itemListElement\":[{\"@type\":\"ListItem\",\"position\":1,\"name\":\"Inicio\",\"item\":\"https:\/\/compuviper.mx\/tienda\/\"},{\"@type\":\"ListItem\",\"position\":2,\"name\":\"Productos\",\"item\":\"https:\/\/compuviper.mx\/tienda\/productos\/\"},{\"@type\":\"ListItem\",\"position\":3,\"name\":\"Redes\",\"item\":\"https:\/\/compuviper.mx\/tienda\/categoria-producto\/redes\/\"},{\"@type\":\"ListItem\",\"position\":4,\"name\":\"Tarjetas De Red\",\"item\":\"https:\/\/compuviper.mx\/tienda\/categoria-producto\/redes\/tarjetas-de-red\/\"},{\"@type\":\"ListItem\",\"position\":5,\"name\":\"Cdp Snmptxwebpro Tarjeta Interna De Monitoreo Tarjeta Snmp Web Pro De Montaje En Slot Interno, Protocolo V Para Upo11, Upo22,upo33-hm3ax\"}]},{\"@type\":\"WebSite\",\"@id\":\"https:\/\/compuviper.mx\/tienda\/#website\",\"url\":\"https:\/\/compuviper.mx\/tienda\/\",\"name\":\"Compuviper\",\"description\":\"Proveedor de Computadoras, Laptops, Servidores, Monitores, Puntos de Venta, Teclados,   Impresoras, T\u00f3ner, C\u00e1maras de Seguridad y m\u00e1s en tu tienda en l\u00ednea\",\"publisher\":{\"@id\":\"https:\/\/compuviper.mx\/tienda\/#organization\"},\"potentialAction\":[{\"@type\":\"SearchAction\",\"target\":{\"@type\":\"EntryPoint\",\"urlTemplate\":\"https:\/\/compuviper.mx\/tienda\/?s={search_term_string}\"},\"query-input\":\"required name=search_term_string\"}],\"inLanguage\":\"es-MX\"},{\"@type\":\"Organization\",\"@id\":\"https:\/\/compuviper.mx\/tienda\/#organization\",\"name\":\"Compuviper\",\"url\":\"https:\/\/compuviper.mx\/tienda\/\",\"logo\":{\"@type\":\"ImageObject\",\"inLanguage\":\"es-MX\",\"@id\":\"https:\/\/compuviper.mx\/tienda\/#\/schema\/logo\/image\/\",\"url\":\"https:\/\/compuviper.mx\/tienda\/wp-content\/uploads\/2021\/08\/Logo-Compuviper-10.png\",\"contentUrl\":\"https:\/\/compuviper.mx\/tienda\/wp-content\/uploads\/2021\/08\/Logo-Compuviper-10.png\",\"width\":1000,\"height\":500,\"caption\":\"Compuviper\"},\"image\":{\"@id\":\"https:\/\/compuviper.mx\/tienda\/#\/schema\/logo\/image\/\"},\"sameAs\":[\"https:\/\/www.facebook.com\/compuviper\",\"https:\/\/www.youtube.com\/channel\/UCf73dERp9Y3cfOq7q8BhLjA?view_as=subscriber\"]}]}<\/script>\n<meta property=\"product:brand\" content=\"CDP\" \/>\n<meta property=\"product:price:amount\" content=\"4072\" \/>\n<meta property=\"product:price:currency\" content=\"MXN\" \/>\n<meta property=\"og:availability\" content=\"backorder\" \/>\n<meta property=\"product:availability\" content=\"available for order\" \/>\n<meta property=\"product:retailer_item_id\" content=\"SNMPTXWEBPRO\" \/>\n<meta property=\"product:condition\" content=\"new\" \/>\n<!-- \/ Yoast SEO plugin. -->","yoast_head_json":{"title":"[ Cdp ] &#129351; Snmptxwebpro Tarjeta Interna De Monitoreo Tarjeta Snmp Web Pro De Montaje En Slot Interno, Protocolo V Para Upo11, Upo22,upo33-hm3ax","description":"Compra Snmptxwebpro Tarjeta Interna De Monitoreo Tarjeta Snmp Web Pro De Montaje En Slot Interno, Protocolo V Para Upo11, Upo22,upo33-hm3ax + Env\u00edo a domicilio + Pago seguro + Garant\u00eda","robots":{"index":"index","follow":"follow","max-snippet":"max-snippet:-1","max-image-preview":"max-image-preview:large","max-video-preview":"max-video-preview:-1"},"canonical":"https:\/\/compuviper.mx\/tienda\/producto\/cdp-snmptxwebpro-tarjeta-interna-de-monitoreo-tarjeta-snmp-web-pro-de-montaje-en-slot-interno-protocolo-v-para-upo11-upo22upo33-hm3ax\/","og_locale":"es_MX","og_type":"article","og_title":"[ Cdp ] &#129351; Snmptxwebpro Tarjeta Interna De Monitoreo Tarjeta Snmp Web Pro De Montaje En Slot Interno, Protocolo V Para Upo11, Upo22,upo33-hm3ax","og_description":"Compra Snmptxwebpro Tarjeta Interna De Monitoreo Tarjeta Snmp Web Pro De Montaje En Slot Interno, Protocolo V Para Upo11, Upo22,upo33-hm3ax + Env\u00edo a domicilio + Pago seguro + Garant\u00eda","og_url":"https:\/\/compuviper.mx\/tienda\/producto\/cdp-snmptxwebpro-tarjeta-interna-de-monitoreo-tarjeta-snmp-web-pro-de-montaje-en-slot-interno-protocolo-v-para-upo11-upo22upo33-hm3ax\/","og_site_name":"Compuviper","article_publisher":"https:\/\/www.facebook.com\/compuviper","twitter_card":"summary_large_image","twitter_misc":{"Precio":"&#36;4,072 con IVA","Availability":"On backorder"},"schema":{"@context":"https:\/\/schema.org","@graph":[{"@type":"WebPage","@id":"https:\/\/compuviper.mx\/tienda\/producto\/cdp-snmptxwebpro-tarjeta-interna-de-monitoreo-tarjeta-snmp-web-pro-de-montaje-en-slot-interno-protocolo-v-para-upo11-upo22upo33-hm3ax\/","url":"https:\/\/compuviper.mx\/tienda\/producto\/cdp-snmptxwebpro-tarjeta-interna-de-monitoreo-tarjeta-snmp-web-pro-de-montaje-en-slot-interno-protocolo-v-para-upo11-upo22upo33-hm3ax\/","name":"[ Cdp ] &#129351; Snmptxwebpro Tarjeta Interna De Monitoreo Tarjeta Snmp Web Pro De Montaje En Slot Interno, Protocolo V Para Upo11, Upo22,upo33-hm3ax","isPartOf":{"@id":"https:\/\/compuviper.mx\/tienda\/#website"},"datePublished":"2026-04-02T07:14:32+00:00","dateModified":"2026-04-02T07:14:32+00:00","description":"Compra Snmptxwebpro Tarjeta Interna De Monitoreo Tarjeta Snmp Web Pro De Montaje En Slot Interno, Protocolo V Para Upo11, Upo22,upo33-hm3ax + Env\u00edo a domicilio + Pago seguro + Garant\u00eda","breadcrumb":{"@id":"https:\/\/compuviper.mx\/tienda\/producto\/cdp-snmptxwebpro-tarjeta-interna-de-monitoreo-tarjeta-snmp-web-pro-de-montaje-en-slot-interno-protocolo-v-para-upo11-upo22upo33-hm3ax\/#breadcrumb"},"inLanguage":"es-MX","potentialAction":[{"@type":"ReadAction","target":["https:\/\/compuviper.mx\/tienda\/producto\/cdp-snmptxwebpro-tarjeta-interna-de-monitoreo-tarjeta-snmp-web-pro-de-montaje-en-slot-interno-protocolo-v-para-upo11-upo22upo33-hm3ax\/"]}]},{"@type":"BreadcrumbList","@id":"https:\/\/compuviper.mx\/tienda\/producto\/cdp-snmptxwebpro-tarjeta-interna-de-monitoreo-tarjeta-snmp-web-pro-de-montaje-en-slot-interno-protocolo-v-para-upo11-upo22upo33-hm3ax\/#breadcrumb","itemListElement":[{"@type":"ListItem","position":1,"name":"Inicio","item":"https:\/\/compuviper.mx\/tienda\/"},{"@type":"ListItem","position":2,"name":"Productos","item":"https:\/\/compuviper.mx\/tienda\/productos\/"},{"@type":"ListItem","position":3,"name":"Redes","item":"https:\/\/compuviper.mx\/tienda\/categoria-producto\/redes\/"},{"@type":"ListItem","position":4,"name":"Tarjetas De Red","item":"https:\/\/compuviper.mx\/tienda\/categoria-producto\/redes\/tarjetas-de-red\/"},{"@type":"ListItem","position":5,"name":"Cdp Snmptxwebpro Tarjeta Interna De Monitoreo Tarjeta Snmp Web Pro De Montaje En Slot Interno, Protocolo V Para Upo11, Upo22,upo33-hm3ax"}]},{"@type":"WebSite","@id":"https:\/\/compuviper.mx\/tienda\/#website","url":"https:\/\/compuviper.mx\/tienda\/","name":"Compuviper","description":"Proveedor de Computadoras, Laptops, Servidores, Monitores, Puntos de Venta, Teclados,   Impresoras, T\u00f3ner, C\u00e1maras de Seguridad y m\u00e1s en tu tienda en l\u00ednea","publisher":{"@id":"https:\/\/compuviper.mx\/tienda\/#organization"},"potentialAction":[{"@type":"SearchAction","target":{"@type":"EntryPoint","urlTemplate":"https:\/\/compuviper.mx\/tienda\/?s={search_term_string}"},"query-input":"required name=search_term_string"}],"inLanguage":"es-MX"},{"@type":"Organization","@id":"https:\/\/compuviper.mx\/tienda\/#organization","name":"Compuviper","url":"https:\/\/compuviper.mx\/tienda\/","logo":{"@type":"ImageObject","inLanguage":"es-MX","@id":"https:\/\/compuviper.mx\/tienda\/#\/schema\/logo\/image\/","url":"https:\/\/compuviper.mx\/tienda\/wp-content\/uploads\/2021\/08\/Logo-Compuviper-10.png","contentUrl":"https:\/\/compuviper.mx\/tienda\/wp-content\/uploads\/2021\/08\/Logo-Compuviper-10.png","width":1000,"height":500,"caption":"Compuviper"},"image":{"@id":"https:\/\/compuviper.mx\/tienda\/#\/schema\/logo\/image\/"},"sameAs":["https:\/\/www.facebook.com\/compuviper","https:\/\/www.youtube.com\/channel\/UCf73dERp9Y3cfOq7q8BhLjA?view_as=subscriber"]}]},"product_brand":"CDP","product_price_amount":"4072","product_price_currency":"MXN","og_availability":"backorder","product_availability":"available for order","product_retailer_item_id":"SNMPTXWEBPRO","product_condition":"new"},"_links":{"self":[{"href":"https:\/\/compuviper.mx\/tienda\/wp-json\/wp\/v2\/product\/268076"}],"collection":[{"href":"https:\/\/compuviper.mx\/tienda\/wp-json\/wp\/v2\/product"}],"about":[{"href":"https:\/\/compuviper.mx\/tienda\/wp-json\/wp\/v2\/types\/product"}],"replies":[{"embeddable":true,"href":"https:\/\/compuviper.mx\/tienda\/wp-json\/wp\/v2\/comments?post=268076"}],"wp:attachment":[{"href":"https:\/\/compuviper.mx\/tienda\/wp-json\/wp\/v2\/media?parent=268076"}],"wp:term":[{"taxonomy":"product_cat","embeddable":true,"href":"https:\/\/compuviper.mx\/tienda\/wp-json\/wp\/v2\/product_cat?post=268076"},{"taxonomy":"product_tag","embeddable":true,"href":"https:\/\/compuviper.mx\/tienda\/wp-json\/wp\/v2\/product_tag?post=268076"}],"curies":[{"name":"wp","href":"https:\/\/api.w.org\/{rel}","templated":true}]}}