{"id":268070,"date":"2026-04-02T01:14:22","date_gmt":"2026-04-02T07:14:22","guid":{"rendered":"https:\/\/compuviper.mx\/tienda\/producto\/tp-link-es205g-switch-tp-link-5-puertos-gigabit-ethernet-10-100-1000-10-gbit-s-8000-entradas\/"},"modified":"2026-04-02T01:14:22","modified_gmt":"2026-04-02T07:14:22","slug":"tp-link-es205g-switch-tp-link-5-puertos-gigabit-ethernet-10-100-1000-10-gbit-s-8000-entradas","status":"publish","type":"product","link":"https:\/\/compuviper.mx\/tienda\/producto\/tp-link-es205g-switch-tp-link-5-puertos-gigabit-ethernet-10-100-1000-10-gbit-s-8000-entradas\/","title":{"rendered":"Tp Link Es205g Switch | Tp-link |  | 5 Puertos Gigabit Ethernet 10\/100\/1000 | 10 Gbit\/s | 8000 Entradas"},"content":{"rendered":"<table class=\"descripcion\">\n<tr>\n<td>Caracter\u00edsticas de hardware<\/td>\n<\/tr>\n<tr>\n<td>Interfaz<\/td>\n<\/tr>\n<tr>\n<td>\u0095 5\u00d7 10\/100\/1000 mbps rj45 ports<\/td>\n<\/tr>\n<tr>\n<td>\u0095 auto negotiation\/auto mdi\/mdix<\/td>\n<\/tr>\n<tr>\n<td>Cantidad de ventiladores<\/td>\n<\/tr>\n<tr>\n<td>Fanless<\/td>\n<\/tr>\n<tr>\n<td>Instalaci\u00f3n<\/td>\n<\/tr>\n<tr>\n<td>\u0095 desktop<\/td>\n<\/tr>\n<tr>\n<td>\u0095 wall mount<\/td>\n<\/tr>\n<tr>\n<td>Bloqueo de seguridad f\u00edsico<\/td>\n<\/tr>\n<tr>\n<td> and #8730;<\/td>\n<\/tr>\n<tr>\n<td>Fuente de alimentaci\u00f3n<\/td>\n<\/tr>\n<tr>\n<td>External dc power adapter (output: 5v dc \/ 0.6a)<\/td>\n<\/tr>\n<tr>\n<td>Dimensiones<\/td>\n<\/tr>\n<tr>\n<td>3.9 \u00d7 3.9 \u00d7 1.0 in (100 \u00d7 98 \u00d7 25 mm)<\/td>\n<\/tr>\n<tr>\n<td>Surge protection<\/td>\n<\/tr>\n<tr>\n<td>\u00b16kv<\/td>\n<\/tr>\n<tr>\n<td>Rendimiento<\/td>\n<\/tr>\n<tr>\n<td>Capacidad de conmutaci\u00f3n<\/td>\n<\/tr>\n<tr>\n<td>10 gbps<\/td>\n<\/tr>\n<tr>\n<td>Tasa de reenv\u00edo de paquetes<\/td>\n<\/tr>\n<tr>\n<td>7.4 mpps<\/td>\n<\/tr>\n<tr>\n<td>Tabla de direcciones mac<\/td>\n<\/tr>\n<tr>\n<td>8 k<\/td>\n<\/tr>\n<tr>\n<td>Memoria del buffer de paquete<\/td>\n<\/tr>\n<tr>\n<td>4 mbits<\/td>\n<\/tr>\n<tr>\n<td>Jumbo frame<\/td>\n<\/tr>\n<tr>\n<td>15 kb<\/td>\n<\/tr>\n<tr>\n<td>Caracter\u00edsticas de software<\/td>\n<\/tr>\n<tr>\n<td>Calidad de servicio<\/td>\n<\/tr>\n<tr>\n<td>\u0095 port-based\/802.1p\/dscp qos<\/td>\n<\/tr>\n<tr>\n<td>\u0095 8 priority queues<\/td>\n<\/tr>\n<tr>\n<td>\u0095 priority schedule mode<\/td>\n<\/tr>\n<tr>\n<td>&#8211; wrr (weighted round robin)<\/td>\n<\/tr>\n<tr>\n<td>\u0095 queue weight config<\/td>\n<\/tr>\n<tr>\n<td>\u0095 bandwidth control<\/td>\n<\/tr>\n<tr>\n<td>&#8211; port-based rating limit<\/td>\n<\/tr>\n<tr>\n<td>\u0095 storm control<\/td>\n<\/tr>\n<tr>\n<td>&#8211; multiple control modes (kbps\/pps)<\/td>\n<\/tr>\n<tr>\n<td>&#8211; broadcast\/multicast\/unknown-unicast control and #9651;<\/td>\n<\/tr>\n<tr>\n<td>Caracter\u00edsticas l2<\/td>\n<\/tr>\n<tr>\n<td>\u0095 static link aggregation<\/td>\n<\/tr>\n<tr>\n<td>\u0095 loop prevention \/ loopback detection<\/td>\n<\/tr>\n<tr>\n<td>\u0095 flow control<\/td>\n<\/tr>\n<tr>\n<td>&#8211; 802.3x flow control<\/td>\n<\/tr>\n<tr>\n<td>\u0095 mirroring<\/td>\n<\/tr>\n<tr>\n<td>&#8211; port mirroring<\/td>\n<\/tr>\n<tr>\n<td>&#8211; one-to-one<\/td>\n<\/tr>\n<tr>\n<td>&#8211; many-to-one<\/td>\n<\/tr>\n<tr>\n<td>&#8211; ingress\/egress\/both<\/td>\n<\/tr>\n<tr>\n<td>\u0095 port statistics<\/td>\n<\/tr>\n<tr>\n<td>&#8211; port mirror status<\/td>\n<\/tr>\n<tr>\n<td>&#8211; traffic statistics<\/td>\n<\/tr>\n<tr>\n<td>\u0095 802.1ab lldp<\/td>\n<\/tr>\n<tr>\n<td>Multicast l2<\/td>\n<\/tr>\n<tr>\n<td>\u0095 igmp snooping<\/td>\n<\/tr>\n<tr>\n<td>&#8211; igmp v1\/v2\/v3 snooping<\/td>\n<\/tr>\n<tr>\n<td>&#8211; fast leave<\/td>\n<\/tr>\n<tr>\n<td>Vlan<\/td>\n<\/tr>\n<tr>\n<td>\u0095 mtu vlan<\/td>\n<\/tr>\n<tr>\n<td>\u0095 port-based vlan<\/td>\n<\/tr>\n<tr>\n<td>\u0095 802.1q tag vlan<\/td>\n<\/tr>\n<tr>\n<td>&#8211; max 32 vlan groups<\/td>\n<\/tr>\n<tr>\n<td>&#8211; 4k vid<\/td>\n<\/tr>\n<tr>\n<td>M\u00e9todo de transmisi\u00f3n<\/td>\n<\/tr>\n<tr>\n<td>Store-and-forward<\/td>\n<\/tr>\n<\/table>\n","protected":false},"excerpt":{"rendered":"<p>-5\u00d7 puertos rj45 10\/100\/1000mbps. -facilidad de uso: plug-and-play para tener conectividad al instante y configuraci\u00f3n. Realmente sencilla. -gesti\u00f3n cloud centralizada a trav\u00e9s de web o de la app omada?. -prevenci\u00f3n de bucles autom\u00e1tica, vlans, e igmp snooping. -dise\u00f1o sin ventiladores para un funcionamiento silencioso. -carcasa de metal resistente y dise\u00f1o para montaje en escritorio y pared<\/p>\n","protected":false},"featured_media":0,"comment_status":"open","ping_status":"open","template":"","meta":[],"product_cat":[1563,1564],"product_tag":[1562],"acf":[],"yoast_head":"<!-- This site is optimized with the Yoast SEO plugin v21.7 - https:\/\/yoast.com\/wordpress\/plugins\/seo\/ -->\n<title>[ Tp Link ] &#129351; Es205g Switch | Tp-link | | 5 Puertos Gigabit Ethernet 10\/100\/1000 | 10 Gbit\/s | 8000 Entradas<\/title>\n<meta name=\"description\" content=\"Compra Es205g Switch | Tp-link | | 5 Puertos Gigabit Ethernet 10\/100\/1000 | 10 Gbit\/s | 8000 Entradas + Env\u00edo a domicilio + Pago seguro + Garant\u00eda\" \/>\n<meta name=\"robots\" content=\"index, follow, max-snippet:-1, max-image-preview:large, max-video-preview:-1\" \/>\n<link rel=\"canonical\" href=\"https:\/\/compuviper.mx\/tienda\/producto\/tp-link-es205g-switch-tp-link-5-puertos-gigabit-ethernet-10-100-1000-10-gbit-s-8000-entradas\/\" \/>\n<meta property=\"og:locale\" content=\"es_MX\" \/>\n<meta property=\"og:type\" content=\"article\" \/>\n<meta property=\"og:title\" content=\"[ Tp Link ] &#129351; Es205g Switch | Tp-link | | 5 Puertos Gigabit Ethernet 10\/100\/1000 | 10 Gbit\/s | 8000 Entradas\" \/>\n<meta property=\"og:description\" content=\"Compra Es205g Switch | Tp-link | | 5 Puertos Gigabit Ethernet 10\/100\/1000 | 10 Gbit\/s | 8000 Entradas + Env\u00edo a domicilio + Pago seguro + Garant\u00eda\" \/>\n<meta property=\"og:url\" content=\"https:\/\/compuviper.mx\/tienda\/producto\/tp-link-es205g-switch-tp-link-5-puertos-gigabit-ethernet-10-100-1000-10-gbit-s-8000-entradas\/\" \/>\n<meta property=\"og:site_name\" content=\"Compuviper\" \/>\n<meta property=\"article:publisher\" content=\"https:\/\/www.facebook.com\/compuviper\" \/>\n<meta name=\"twitter:card\" content=\"summary_large_image\" \/>\n<meta name=\"twitter:label1\" content=\"Precio\" \/>\n\t<meta name=\"twitter:data1\" content=\"&#36;324 con IVA\" \/>\n\t<meta name=\"twitter:label2\" content=\"Availability\" \/>\n\t<meta name=\"twitter:data2\" content=\"On backorder\" \/>\n<script type=\"application\/ld+json\" class=\"yoast-schema-graph\">{\"@context\":\"https:\/\/schema.org\",\"@graph\":[{\"@type\":\"WebPage\",\"@id\":\"https:\/\/compuviper.mx\/tienda\/producto\/tp-link-es205g-switch-tp-link-5-puertos-gigabit-ethernet-10-100-1000-10-gbit-s-8000-entradas\/\",\"url\":\"https:\/\/compuviper.mx\/tienda\/producto\/tp-link-es205g-switch-tp-link-5-puertos-gigabit-ethernet-10-100-1000-10-gbit-s-8000-entradas\/\",\"name\":\"[ Tp Link ] &#129351; Es205g Switch | Tp-link | | 5 Puertos Gigabit Ethernet 10\/100\/1000 | 10 Gbit\/s | 8000 Entradas\",\"isPartOf\":{\"@id\":\"https:\/\/compuviper.mx\/tienda\/#website\"},\"datePublished\":\"2026-04-02T07:14:22+00:00\",\"dateModified\":\"2026-04-02T07:14:22+00:00\",\"description\":\"Compra Es205g Switch | Tp-link | | 5 Puertos Gigabit Ethernet 10\/100\/1000 | 10 Gbit\/s | 8000 Entradas + Env\u00edo a domicilio + Pago seguro + Garant\u00eda\",\"breadcrumb\":{\"@id\":\"https:\/\/compuviper.mx\/tienda\/producto\/tp-link-es205g-switch-tp-link-5-puertos-gigabit-ethernet-10-100-1000-10-gbit-s-8000-entradas\/#breadcrumb\"},\"inLanguage\":\"es-MX\",\"potentialAction\":[{\"@type\":\"ReadAction\",\"target\":[\"https:\/\/compuviper.mx\/tienda\/producto\/tp-link-es205g-switch-tp-link-5-puertos-gigabit-ethernet-10-100-1000-10-gbit-s-8000-entradas\/\"]}]},{\"@type\":\"BreadcrumbList\",\"@id\":\"https:\/\/compuviper.mx\/tienda\/producto\/tp-link-es205g-switch-tp-link-5-puertos-gigabit-ethernet-10-100-1000-10-gbit-s-8000-entradas\/#breadcrumb\",\"itemListElement\":[{\"@type\":\"ListItem\",\"position\":1,\"name\":\"Inicio\",\"item\":\"https:\/\/compuviper.mx\/tienda\/\"},{\"@type\":\"ListItem\",\"position\":2,\"name\":\"Productos\",\"item\":\"https:\/\/compuviper.mx\/tienda\/productos\/\"},{\"@type\":\"ListItem\",\"position\":3,\"name\":\"Redes\",\"item\":\"https:\/\/compuviper.mx\/tienda\/categoria-producto\/redes\/\"},{\"@type\":\"ListItem\",\"position\":4,\"name\":\"Switch\",\"item\":\"https:\/\/compuviper.mx\/tienda\/categoria-producto\/redes\/switch\/\"},{\"@type\":\"ListItem\",\"position\":5,\"name\":\"Tp Link Es205g Switch | Tp-link | | 5 Puertos Gigabit Ethernet 10\/100\/1000 | 10 Gbit\/s | 8000 Entradas\"}]},{\"@type\":\"WebSite\",\"@id\":\"https:\/\/compuviper.mx\/tienda\/#website\",\"url\":\"https:\/\/compuviper.mx\/tienda\/\",\"name\":\"Compuviper\",\"description\":\"Proveedor de Computadoras, Laptops, Servidores, Monitores, Puntos de Venta, Teclados,   Impresoras, T\u00f3ner, C\u00e1maras de Seguridad y m\u00e1s en tu tienda en l\u00ednea\",\"publisher\":{\"@id\":\"https:\/\/compuviper.mx\/tienda\/#organization\"},\"potentialAction\":[{\"@type\":\"SearchAction\",\"target\":{\"@type\":\"EntryPoint\",\"urlTemplate\":\"https:\/\/compuviper.mx\/tienda\/?s={search_term_string}\"},\"query-input\":\"required name=search_term_string\"}],\"inLanguage\":\"es-MX\"},{\"@type\":\"Organization\",\"@id\":\"https:\/\/compuviper.mx\/tienda\/#organization\",\"name\":\"Compuviper\",\"url\":\"https:\/\/compuviper.mx\/tienda\/\",\"logo\":{\"@type\":\"ImageObject\",\"inLanguage\":\"es-MX\",\"@id\":\"https:\/\/compuviper.mx\/tienda\/#\/schema\/logo\/image\/\",\"url\":\"https:\/\/compuviper.mx\/tienda\/wp-content\/uploads\/2021\/08\/Logo-Compuviper-10.png\",\"contentUrl\":\"https:\/\/compuviper.mx\/tienda\/wp-content\/uploads\/2021\/08\/Logo-Compuviper-10.png\",\"width\":1000,\"height\":500,\"caption\":\"Compuviper\"},\"image\":{\"@id\":\"https:\/\/compuviper.mx\/tienda\/#\/schema\/logo\/image\/\"},\"sameAs\":[\"https:\/\/www.facebook.com\/compuviper\",\"https:\/\/www.youtube.com\/channel\/UCf73dERp9Y3cfOq7q8BhLjA?view_as=subscriber\"]}]}<\/script>\n<meta property=\"product:brand\" content=\"TP LINK\" \/>\n<meta property=\"product:price:amount\" content=\"324\" \/>\n<meta property=\"product:price:currency\" content=\"MXN\" \/>\n<meta property=\"og:availability\" content=\"backorder\" \/>\n<meta property=\"product:availability\" content=\"available for order\" \/>\n<meta property=\"product:retailer_item_id\" content=\"ES205G\" \/>\n<meta property=\"product:condition\" content=\"new\" \/>\n<!-- \/ Yoast SEO plugin. -->","yoast_head_json":{"title":"[ Tp Link ] &#129351; Es205g Switch | Tp-link | | 5 Puertos Gigabit Ethernet 10\/100\/1000 | 10 Gbit\/s | 8000 Entradas","description":"Compra Es205g Switch | Tp-link | | 5 Puertos Gigabit Ethernet 10\/100\/1000 | 10 Gbit\/s | 8000 Entradas + Env\u00edo a domicilio + Pago seguro + Garant\u00eda","robots":{"index":"index","follow":"follow","max-snippet":"max-snippet:-1","max-image-preview":"max-image-preview:large","max-video-preview":"max-video-preview:-1"},"canonical":"https:\/\/compuviper.mx\/tienda\/producto\/tp-link-es205g-switch-tp-link-5-puertos-gigabit-ethernet-10-100-1000-10-gbit-s-8000-entradas\/","og_locale":"es_MX","og_type":"article","og_title":"[ Tp Link ] &#129351; Es205g Switch | Tp-link | | 5 Puertos Gigabit Ethernet 10\/100\/1000 | 10 Gbit\/s | 8000 Entradas","og_description":"Compra Es205g Switch | Tp-link | | 5 Puertos Gigabit Ethernet 10\/100\/1000 | 10 Gbit\/s | 8000 Entradas + Env\u00edo a domicilio + Pago seguro + Garant\u00eda","og_url":"https:\/\/compuviper.mx\/tienda\/producto\/tp-link-es205g-switch-tp-link-5-puertos-gigabit-ethernet-10-100-1000-10-gbit-s-8000-entradas\/","og_site_name":"Compuviper","article_publisher":"https:\/\/www.facebook.com\/compuviper","twitter_card":"summary_large_image","twitter_misc":{"Precio":"&#36;324 con IVA","Availability":"On backorder"},"schema":{"@context":"https:\/\/schema.org","@graph":[{"@type":"WebPage","@id":"https:\/\/compuviper.mx\/tienda\/producto\/tp-link-es205g-switch-tp-link-5-puertos-gigabit-ethernet-10-100-1000-10-gbit-s-8000-entradas\/","url":"https:\/\/compuviper.mx\/tienda\/producto\/tp-link-es205g-switch-tp-link-5-puertos-gigabit-ethernet-10-100-1000-10-gbit-s-8000-entradas\/","name":"[ Tp Link ] &#129351; Es205g Switch | Tp-link | | 5 Puertos Gigabit Ethernet 10\/100\/1000 | 10 Gbit\/s | 8000 Entradas","isPartOf":{"@id":"https:\/\/compuviper.mx\/tienda\/#website"},"datePublished":"2026-04-02T07:14:22+00:00","dateModified":"2026-04-02T07:14:22+00:00","description":"Compra Es205g Switch | Tp-link | | 5 Puertos Gigabit Ethernet 10\/100\/1000 | 10 Gbit\/s | 8000 Entradas + Env\u00edo a domicilio + Pago seguro + Garant\u00eda","breadcrumb":{"@id":"https:\/\/compuviper.mx\/tienda\/producto\/tp-link-es205g-switch-tp-link-5-puertos-gigabit-ethernet-10-100-1000-10-gbit-s-8000-entradas\/#breadcrumb"},"inLanguage":"es-MX","potentialAction":[{"@type":"ReadAction","target":["https:\/\/compuviper.mx\/tienda\/producto\/tp-link-es205g-switch-tp-link-5-puertos-gigabit-ethernet-10-100-1000-10-gbit-s-8000-entradas\/"]}]},{"@type":"BreadcrumbList","@id":"https:\/\/compuviper.mx\/tienda\/producto\/tp-link-es205g-switch-tp-link-5-puertos-gigabit-ethernet-10-100-1000-10-gbit-s-8000-entradas\/#breadcrumb","itemListElement":[{"@type":"ListItem","position":1,"name":"Inicio","item":"https:\/\/compuviper.mx\/tienda\/"},{"@type":"ListItem","position":2,"name":"Productos","item":"https:\/\/compuviper.mx\/tienda\/productos\/"},{"@type":"ListItem","position":3,"name":"Redes","item":"https:\/\/compuviper.mx\/tienda\/categoria-producto\/redes\/"},{"@type":"ListItem","position":4,"name":"Switch","item":"https:\/\/compuviper.mx\/tienda\/categoria-producto\/redes\/switch\/"},{"@type":"ListItem","position":5,"name":"Tp Link Es205g Switch | Tp-link | | 5 Puertos Gigabit Ethernet 10\/100\/1000 | 10 Gbit\/s | 8000 Entradas"}]},{"@type":"WebSite","@id":"https:\/\/compuviper.mx\/tienda\/#website","url":"https:\/\/compuviper.mx\/tienda\/","name":"Compuviper","description":"Proveedor de Computadoras, Laptops, Servidores, Monitores, Puntos de Venta, Teclados,   Impresoras, T\u00f3ner, C\u00e1maras de Seguridad y m\u00e1s en tu tienda en l\u00ednea","publisher":{"@id":"https:\/\/compuviper.mx\/tienda\/#organization"},"potentialAction":[{"@type":"SearchAction","target":{"@type":"EntryPoint","urlTemplate":"https:\/\/compuviper.mx\/tienda\/?s={search_term_string}"},"query-input":"required name=search_term_string"}],"inLanguage":"es-MX"},{"@type":"Organization","@id":"https:\/\/compuviper.mx\/tienda\/#organization","name":"Compuviper","url":"https:\/\/compuviper.mx\/tienda\/","logo":{"@type":"ImageObject","inLanguage":"es-MX","@id":"https:\/\/compuviper.mx\/tienda\/#\/schema\/logo\/image\/","url":"https:\/\/compuviper.mx\/tienda\/wp-content\/uploads\/2021\/08\/Logo-Compuviper-10.png","contentUrl":"https:\/\/compuviper.mx\/tienda\/wp-content\/uploads\/2021\/08\/Logo-Compuviper-10.png","width":1000,"height":500,"caption":"Compuviper"},"image":{"@id":"https:\/\/compuviper.mx\/tienda\/#\/schema\/logo\/image\/"},"sameAs":["https:\/\/www.facebook.com\/compuviper","https:\/\/www.youtube.com\/channel\/UCf73dERp9Y3cfOq7q8BhLjA?view_as=subscriber"]}]},"product_brand":"TP LINK","product_price_amount":"324","product_price_currency":"MXN","og_availability":"backorder","product_availability":"available for order","product_retailer_item_id":"ES205G","product_condition":"new"},"_links":{"self":[{"href":"https:\/\/compuviper.mx\/tienda\/wp-json\/wp\/v2\/product\/268070"}],"collection":[{"href":"https:\/\/compuviper.mx\/tienda\/wp-json\/wp\/v2\/product"}],"about":[{"href":"https:\/\/compuviper.mx\/tienda\/wp-json\/wp\/v2\/types\/product"}],"replies":[{"embeddable":true,"href":"https:\/\/compuviper.mx\/tienda\/wp-json\/wp\/v2\/comments?post=268070"}],"wp:attachment":[{"href":"https:\/\/compuviper.mx\/tienda\/wp-json\/wp\/v2\/media?parent=268070"}],"wp:term":[{"taxonomy":"product_cat","embeddable":true,"href":"https:\/\/compuviper.mx\/tienda\/wp-json\/wp\/v2\/product_cat?post=268070"},{"taxonomy":"product_tag","embeddable":true,"href":"https:\/\/compuviper.mx\/tienda\/wp-json\/wp\/v2\/product_tag?post=268070"}],"curies":[{"name":"wp","href":"https:\/\/api.w.org\/{rel}","templated":true}]}}