{"id":268069,"date":"2026-04-02T01:14:20","date_gmt":"2026-04-02T07:14:20","guid":{"rendered":"https:\/\/compuviper.mx\/tienda\/producto\/tp-link-mb110-4g-router-tp-link-wi-fi-4-802-11n-2-rj-45-300-mbit-s-blanco\/"},"modified":"2026-04-02T01:14:21","modified_gmt":"2026-04-02T07:14:21","slug":"tp-link-mb110-4g-router-tp-link-wi-fi-4-802-11n-2-rj-45-300-mbit-s-blanco","status":"publish","type":"product","link":"https:\/\/compuviper.mx\/tienda\/producto\/tp-link-mb110-4g-router-tp-link-wi-fi-4-802-11n-2-rj-45-300-mbit-s-blanco\/","title":{"rendered":"Tp Link Mb110-4g Router | Tp-link |  | Wi-fi 4 (802.11n) | 2 Rj-45 | 300 Mbit\/s | Blanco"},"content":{"rendered":"<table class=\"descripcion\">\n<tr>\n<td>Inal\u00e1mbrico<\/td>\n<\/tr>\n<tr>\n<td>Clase wi-fi n300 wi-fi (2,4 ghz) 300 mbps est\u00e1ndares inal\u00e1mbricos ieee 802.11b\/g\/n sensibilidad de recepci\u00f3n 2,4 ghz:<\/td>\n<\/tr>\n<tr>\n<td>11b 11 mbps: -87,5 dbm<\/td>\n<\/tr>\n<tr>\n<td>11g 54 mbps: -74 dbm<\/td>\n<\/tr>\n<tr>\n<td>11n ht20 mcs7: -71 dbm<\/td>\n<\/tr>\n<tr>\n<td>11n ht40 mcs7: -69 dbm capacidad m\u00e1xima 32 l\u00edmite de clientes recomendados 16 seguridad inal\u00e1mbrica wpa-psk \/ wpa2-psk funciones inal\u00e1mbricas conexi\u00f3n inteligente<\/td>\n<\/tr>\n<tr>\n<td>Wps<\/td>\n<\/tr>\n<tr>\n<td>Programaci\u00f3n inal\u00e1mbrica<\/td>\n<\/tr>\n<tr>\n<td>Clientes inal\u00e1mbricos estad\u00edsticas<\/td>\n<\/tr>\n<tr>\n<td>Hardware<\/td>\n<\/tr>\n<tr>\n<td>Dimensiones 95 \u00d7 61,05 \u00d7 165,97 mm<\/td>\n<\/tr>\n<tr>\n<td>(3,74 \u00d7 2,40 \u00d7 6,53 pulgadas) interfaces 1 puerto lan\/wan fe<\/td>\n<\/tr>\n<tr>\n<td>1 puerto lan fe<\/td>\n<\/tr>\n<tr>\n<td>2 puertos de antena externa 4g\/3g<\/td>\n<\/tr>\n<tr>\n<td>1 ranura para tarjeta nano sim antena interno bot\u00f3n 1 bot\u00f3n wps\/reinicio instalaci\u00f3n de oficina condujo 1\u00d7 alimentaci\u00f3n<\/td>\n<\/tr>\n<tr>\n<td>1\u00d7 lan<\/td>\n<\/tr>\n<tr>\n<td>3\u00d7 se\u00f1al dimensiones del paquete minorista 210 \u00d7 132 \u00d7 110,5 unidades por caja 12 dimensiones de la caja 430 \u00d7 275 \u00d7 340<\/td>\n<\/tr>\n<tr>\n<td>Software<\/td>\n<\/tr>\n<tr>\n<td>Modo celular 4g preferido<\/td>\n<\/tr>\n<tr>\n<td>Solo 4g<\/td>\n<\/tr>\n<tr>\n<td>Solo 3g apn celular<\/td>\n<\/tr>\n<tr>\n<td>B\u00fasqueda de red de roaming de datos<\/td>\n<\/tr>\n<tr>\n<td>Perfil crear<\/td>\n<\/tr>\n<tr>\n<td>Apn configuraci\u00f3n<\/td>\n<\/tr>\n<tr>\n<td>Archivo isp actualizaci\u00f3n<\/td>\n<\/tr>\n<tr>\n<td>Gesti\u00f3n de pin modo wan ip din\u00e1mica ip<\/td>\n<\/tr>\n<tr>\n<td>Est\u00e1tica<\/td>\n<\/tr>\n<tr>\n<td>Pppoe<\/td>\n<\/tr>\n<tr>\n<td>Pptp<\/td>\n<\/tr>\n<tr>\n<td>L2tp reenv\u00edo nat activaci\u00f3n de puertos<\/td>\n<\/tr>\n<tr>\n<td>De servidor virtual alg upnp dmz<\/td>\n<\/tr>\n<tr>\n<td>Protocolos ipv4<\/td>\n<\/tr>\n<tr>\n<td>Ipv6 configuraci\u00f3n de datos estad\u00edsticas de datos<\/td>\n<\/tr>\n<tr>\n<td>L\u00edmite de datos red de invitados red de invitados de 2,4 ghz controles parentales<\/td>\n<\/tr>\n<tr>\n<td>Filtrado de sitios web de control de tiempo dhcp reserva de direcciones<\/td>\n<\/tr>\n<tr>\n<td>De la lista de clientes dhcp del servidor<\/td>\n<\/tr>\n<tr>\n<td> ddns dyndns<\/td>\n<\/tr>\n<tr>\n<td>Sin ip sms bandeja de entrada<\/td>\n<\/tr>\n<tr>\n<td>Mensaje nuevo<\/td>\n<\/tr>\n<tr>\n<td>Bandeja de salida<\/td>\n<\/tr>\n<tr>\n<td>Borradores seguridad<\/td>\n<\/tr>\n<tr>\n<td>Servicio de control de acceso al firewall spi ipv4<\/td>\n<\/tr>\n<tr>\n<td>Filtrado<\/td>\n<\/tr>\n<tr>\n<td>De ip y enlace mac<\/td>\n<\/tr>\n<tr>\n<td>Firewall ipv6 funci\u00f3n del isp tr-069 sistema configuraci\u00f3n de hora<\/td>\n<\/tr>\n<tr>\n<td>Control de led<\/td>\n<\/tr>\n<tr>\n<td>Diagn\u00f3stico<\/td>\n<\/tr>\n<tr>\n<td>Actualizaci\u00f3n de firmware<\/td>\n<\/tr>\n<tr>\n<td>Copia de seguridad y restauraci\u00f3n<\/td>\n<\/tr>\n<tr>\n<td>Reinicio<\/td>\n<\/tr>\n<tr>\n<td>Administraci\u00f3n<\/td>\n<\/tr>\n<tr>\n<td>Registro del sistema<\/td>\n<\/tr>\n<tr>\n<td>Configuraci\u00f3n de cwmp gesti\u00f3n de led<\/td>\n<\/tr>\n<tr>\n<td>Modo nocturno con control led administraci\u00f3n de dispositivos<\/td>\n<\/tr>\n<tr>\n<td>Interfaz gr\u00e1fica de usuario web de la aplicaci\u00f3n mercusys nube<\/td>\n<\/tr>\n<tr>\n<td>Actualizaci\u00f3n de firmware a trav\u00e9s de la gesti\u00f3n remota en la nube idioma ingl\u00e9s<\/td>\n<\/tr>\n<tr>\n<td>Espa\u00f1ol<\/td>\n<\/tr>\n<tr>\n<td>Italiano<\/td>\n<\/tr>\n<tr>\n<td>Polaco<\/td>\n<\/tr>\n<tr>\n<td>Ruso<\/td>\n<\/tr>\n<\/table>\n","protected":false},"excerpt":{"rendered":"<p>-red 4g: comparte el acceso a internet con hasta 32 dispositivos wi-fi y disfruta de velocidades de descarga de hasta 150 mbps. -conecte una tarjeta sim y listo: no necesita configuraciones, la compatibilidad de las tarjetas sim est\u00e1 asegurada por a\u00f1os de pruebas de campo. -wifi de 300 mbps: velocidades de wifi r\u00e1pidas de hasta 300 mbps para compartir su red. -modo enrutador wi-fi: conecte un cable ethernet al puerto lan\/wan para obtener acceso flexible si no puede obtener una conexi\u00f3n 4g<\/p>\n","protected":false},"featured_media":0,"comment_status":"open","ping_status":"open","template":"","meta":[],"product_cat":[1563,1753],"product_tag":[1562],"acf":[],"yoast_head":"<!-- This site is optimized with the Yoast SEO plugin v21.7 - https:\/\/yoast.com\/wordpress\/plugins\/seo\/ -->\n<title>[ Tp Link ] &#129351; Mb110-4g Router | Tp-link | | Wi-fi 4 (802.11n) | 2 Rj-45 | 300 Mbit\/s | Blanco<\/title>\n<meta name=\"description\" content=\"Compra Mb110-4g Router | Tp-link | | Wi-fi 4 (802.11n) | 2 Rj-45 | 300 Mbit\/s | Blanco + Env\u00edo a domicilio + Pago seguro + Garant\u00eda\" \/>\n<meta name=\"robots\" content=\"index, follow, max-snippet:-1, max-image-preview:large, max-video-preview:-1\" \/>\n<link rel=\"canonical\" href=\"https:\/\/compuviper.mx\/tienda\/producto\/tp-link-mb110-4g-router-tp-link-wi-fi-4-802-11n-2-rj-45-300-mbit-s-blanco\/\" \/>\n<meta property=\"og:locale\" content=\"es_MX\" \/>\n<meta property=\"og:type\" content=\"article\" \/>\n<meta property=\"og:title\" content=\"[ Tp Link ] &#129351; Mb110-4g Router | Tp-link | | Wi-fi 4 (802.11n) | 2 Rj-45 | 300 Mbit\/s | Blanco\" \/>\n<meta property=\"og:description\" content=\"Compra Mb110-4g Router | Tp-link | | Wi-fi 4 (802.11n) | 2 Rj-45 | 300 Mbit\/s | Blanco + Env\u00edo a domicilio + Pago seguro + Garant\u00eda\" \/>\n<meta property=\"og:url\" content=\"https:\/\/compuviper.mx\/tienda\/producto\/tp-link-mb110-4g-router-tp-link-wi-fi-4-802-11n-2-rj-45-300-mbit-s-blanco\/\" \/>\n<meta property=\"og:site_name\" content=\"Compuviper\" \/>\n<meta property=\"article:publisher\" content=\"https:\/\/www.facebook.com\/compuviper\" \/>\n<meta property=\"article:modified_time\" content=\"2026-04-02T07:14:21+00:00\" \/>\n<meta name=\"twitter:card\" content=\"summary_large_image\" \/>\n<meta name=\"twitter:label1\" content=\"Precio\" \/>\n\t<meta name=\"twitter:data1\" content=\"&#36;642 con IVA\" \/>\n\t<meta name=\"twitter:label2\" content=\"Availability\" \/>\n\t<meta name=\"twitter:data2\" content=\"On backorder\" \/>\n<script type=\"application\/ld+json\" class=\"yoast-schema-graph\">{\"@context\":\"https:\/\/schema.org\",\"@graph\":[{\"@type\":\"WebPage\",\"@id\":\"https:\/\/compuviper.mx\/tienda\/producto\/tp-link-mb110-4g-router-tp-link-wi-fi-4-802-11n-2-rj-45-300-mbit-s-blanco\/\",\"url\":\"https:\/\/compuviper.mx\/tienda\/producto\/tp-link-mb110-4g-router-tp-link-wi-fi-4-802-11n-2-rj-45-300-mbit-s-blanco\/\",\"name\":\"[ Tp Link ] &#129351; Mb110-4g Router | Tp-link | | Wi-fi 4 (802.11n) | 2 Rj-45 | 300 Mbit\/s | Blanco\",\"isPartOf\":{\"@id\":\"https:\/\/compuviper.mx\/tienda\/#website\"},\"datePublished\":\"2026-04-02T07:14:20+00:00\",\"dateModified\":\"2026-04-02T07:14:21+00:00\",\"description\":\"Compra Mb110-4g Router | Tp-link | | Wi-fi 4 (802.11n) | 2 Rj-45 | 300 Mbit\/s | Blanco + Env\u00edo a domicilio + Pago seguro + Garant\u00eda\",\"breadcrumb\":{\"@id\":\"https:\/\/compuviper.mx\/tienda\/producto\/tp-link-mb110-4g-router-tp-link-wi-fi-4-802-11n-2-rj-45-300-mbit-s-blanco\/#breadcrumb\"},\"inLanguage\":\"es-MX\",\"potentialAction\":[{\"@type\":\"ReadAction\",\"target\":[\"https:\/\/compuviper.mx\/tienda\/producto\/tp-link-mb110-4g-router-tp-link-wi-fi-4-802-11n-2-rj-45-300-mbit-s-blanco\/\"]}]},{\"@type\":\"BreadcrumbList\",\"@id\":\"https:\/\/compuviper.mx\/tienda\/producto\/tp-link-mb110-4g-router-tp-link-wi-fi-4-802-11n-2-rj-45-300-mbit-s-blanco\/#breadcrumb\",\"itemListElement\":[{\"@type\":\"ListItem\",\"position\":1,\"name\":\"Inicio\",\"item\":\"https:\/\/compuviper.mx\/tienda\/\"},{\"@type\":\"ListItem\",\"position\":2,\"name\":\"Productos\",\"item\":\"https:\/\/compuviper.mx\/tienda\/productos\/\"},{\"@type\":\"ListItem\",\"position\":3,\"name\":\"Redes\",\"item\":\"https:\/\/compuviper.mx\/tienda\/categoria-producto\/redes\/\"},{\"@type\":\"ListItem\",\"position\":4,\"name\":\"Router\",\"item\":\"https:\/\/compuviper.mx\/tienda\/categoria-producto\/redes\/router\/\"},{\"@type\":\"ListItem\",\"position\":5,\"name\":\"Tp Link Mb110-4g Router | Tp-link | | Wi-fi 4 (802.11n) | 2 Rj-45 | 300 Mbit\/s | Blanco\"}]},{\"@type\":\"WebSite\",\"@id\":\"https:\/\/compuviper.mx\/tienda\/#website\",\"url\":\"https:\/\/compuviper.mx\/tienda\/\",\"name\":\"Compuviper\",\"description\":\"Proveedor de Computadoras, Laptops, Servidores, Monitores, Puntos de Venta, Teclados,   Impresoras, T\u00f3ner, C\u00e1maras de Seguridad y m\u00e1s en tu tienda en l\u00ednea\",\"publisher\":{\"@id\":\"https:\/\/compuviper.mx\/tienda\/#organization\"},\"potentialAction\":[{\"@type\":\"SearchAction\",\"target\":{\"@type\":\"EntryPoint\",\"urlTemplate\":\"https:\/\/compuviper.mx\/tienda\/?s={search_term_string}\"},\"query-input\":\"required name=search_term_string\"}],\"inLanguage\":\"es-MX\"},{\"@type\":\"Organization\",\"@id\":\"https:\/\/compuviper.mx\/tienda\/#organization\",\"name\":\"Compuviper\",\"url\":\"https:\/\/compuviper.mx\/tienda\/\",\"logo\":{\"@type\":\"ImageObject\",\"inLanguage\":\"es-MX\",\"@id\":\"https:\/\/compuviper.mx\/tienda\/#\/schema\/logo\/image\/\",\"url\":\"https:\/\/compuviper.mx\/tienda\/wp-content\/uploads\/2021\/08\/Logo-Compuviper-10.png\",\"contentUrl\":\"https:\/\/compuviper.mx\/tienda\/wp-content\/uploads\/2021\/08\/Logo-Compuviper-10.png\",\"width\":1000,\"height\":500,\"caption\":\"Compuviper\"},\"image\":{\"@id\":\"https:\/\/compuviper.mx\/tienda\/#\/schema\/logo\/image\/\"},\"sameAs\":[\"https:\/\/www.facebook.com\/compuviper\",\"https:\/\/www.youtube.com\/channel\/UCf73dERp9Y3cfOq7q8BhLjA?view_as=subscriber\"]}]}<\/script>\n<meta property=\"product:brand\" content=\"TP LINK\" \/>\n<meta property=\"product:price:amount\" content=\"642\" \/>\n<meta property=\"product:price:currency\" content=\"MXN\" \/>\n<meta property=\"og:availability\" content=\"backorder\" \/>\n<meta property=\"product:availability\" content=\"available for order\" \/>\n<meta property=\"product:retailer_item_id\" content=\"MB110-4G\" \/>\n<meta property=\"product:condition\" content=\"new\" \/>\n<!-- \/ Yoast SEO plugin. -->","yoast_head_json":{"title":"[ Tp Link ] &#129351; Mb110-4g Router | Tp-link | | Wi-fi 4 (802.11n) | 2 Rj-45 | 300 Mbit\/s | Blanco","description":"Compra Mb110-4g Router | Tp-link | | Wi-fi 4 (802.11n) | 2 Rj-45 | 300 Mbit\/s | Blanco + Env\u00edo a domicilio + Pago seguro + Garant\u00eda","robots":{"index":"index","follow":"follow","max-snippet":"max-snippet:-1","max-image-preview":"max-image-preview:large","max-video-preview":"max-video-preview:-1"},"canonical":"https:\/\/compuviper.mx\/tienda\/producto\/tp-link-mb110-4g-router-tp-link-wi-fi-4-802-11n-2-rj-45-300-mbit-s-blanco\/","og_locale":"es_MX","og_type":"article","og_title":"[ Tp Link ] &#129351; Mb110-4g Router | Tp-link | | Wi-fi 4 (802.11n) | 2 Rj-45 | 300 Mbit\/s | Blanco","og_description":"Compra Mb110-4g Router | Tp-link | | Wi-fi 4 (802.11n) | 2 Rj-45 | 300 Mbit\/s | Blanco + Env\u00edo a domicilio + Pago seguro + Garant\u00eda","og_url":"https:\/\/compuviper.mx\/tienda\/producto\/tp-link-mb110-4g-router-tp-link-wi-fi-4-802-11n-2-rj-45-300-mbit-s-blanco\/","og_site_name":"Compuviper","article_publisher":"https:\/\/www.facebook.com\/compuviper","article_modified_time":"2026-04-02T07:14:21+00:00","twitter_card":"summary_large_image","twitter_misc":{"Precio":"&#36;642 con IVA","Availability":"On backorder"},"schema":{"@context":"https:\/\/schema.org","@graph":[{"@type":"WebPage","@id":"https:\/\/compuviper.mx\/tienda\/producto\/tp-link-mb110-4g-router-tp-link-wi-fi-4-802-11n-2-rj-45-300-mbit-s-blanco\/","url":"https:\/\/compuviper.mx\/tienda\/producto\/tp-link-mb110-4g-router-tp-link-wi-fi-4-802-11n-2-rj-45-300-mbit-s-blanco\/","name":"[ Tp Link ] &#129351; Mb110-4g Router | Tp-link | | Wi-fi 4 (802.11n) | 2 Rj-45 | 300 Mbit\/s | Blanco","isPartOf":{"@id":"https:\/\/compuviper.mx\/tienda\/#website"},"datePublished":"2026-04-02T07:14:20+00:00","dateModified":"2026-04-02T07:14:21+00:00","description":"Compra Mb110-4g Router | Tp-link | | Wi-fi 4 (802.11n) | 2 Rj-45 | 300 Mbit\/s | Blanco + Env\u00edo a domicilio + Pago seguro + Garant\u00eda","breadcrumb":{"@id":"https:\/\/compuviper.mx\/tienda\/producto\/tp-link-mb110-4g-router-tp-link-wi-fi-4-802-11n-2-rj-45-300-mbit-s-blanco\/#breadcrumb"},"inLanguage":"es-MX","potentialAction":[{"@type":"ReadAction","target":["https:\/\/compuviper.mx\/tienda\/producto\/tp-link-mb110-4g-router-tp-link-wi-fi-4-802-11n-2-rj-45-300-mbit-s-blanco\/"]}]},{"@type":"BreadcrumbList","@id":"https:\/\/compuviper.mx\/tienda\/producto\/tp-link-mb110-4g-router-tp-link-wi-fi-4-802-11n-2-rj-45-300-mbit-s-blanco\/#breadcrumb","itemListElement":[{"@type":"ListItem","position":1,"name":"Inicio","item":"https:\/\/compuviper.mx\/tienda\/"},{"@type":"ListItem","position":2,"name":"Productos","item":"https:\/\/compuviper.mx\/tienda\/productos\/"},{"@type":"ListItem","position":3,"name":"Redes","item":"https:\/\/compuviper.mx\/tienda\/categoria-producto\/redes\/"},{"@type":"ListItem","position":4,"name":"Router","item":"https:\/\/compuviper.mx\/tienda\/categoria-producto\/redes\/router\/"},{"@type":"ListItem","position":5,"name":"Tp Link Mb110-4g Router | Tp-link | | Wi-fi 4 (802.11n) | 2 Rj-45 | 300 Mbit\/s | Blanco"}]},{"@type":"WebSite","@id":"https:\/\/compuviper.mx\/tienda\/#website","url":"https:\/\/compuviper.mx\/tienda\/","name":"Compuviper","description":"Proveedor de Computadoras, Laptops, Servidores, Monitores, Puntos de Venta, Teclados,   Impresoras, T\u00f3ner, C\u00e1maras de Seguridad y m\u00e1s en tu tienda en l\u00ednea","publisher":{"@id":"https:\/\/compuviper.mx\/tienda\/#organization"},"potentialAction":[{"@type":"SearchAction","target":{"@type":"EntryPoint","urlTemplate":"https:\/\/compuviper.mx\/tienda\/?s={search_term_string}"},"query-input":"required name=search_term_string"}],"inLanguage":"es-MX"},{"@type":"Organization","@id":"https:\/\/compuviper.mx\/tienda\/#organization","name":"Compuviper","url":"https:\/\/compuviper.mx\/tienda\/","logo":{"@type":"ImageObject","inLanguage":"es-MX","@id":"https:\/\/compuviper.mx\/tienda\/#\/schema\/logo\/image\/","url":"https:\/\/compuviper.mx\/tienda\/wp-content\/uploads\/2021\/08\/Logo-Compuviper-10.png","contentUrl":"https:\/\/compuviper.mx\/tienda\/wp-content\/uploads\/2021\/08\/Logo-Compuviper-10.png","width":1000,"height":500,"caption":"Compuviper"},"image":{"@id":"https:\/\/compuviper.mx\/tienda\/#\/schema\/logo\/image\/"},"sameAs":["https:\/\/www.facebook.com\/compuviper","https:\/\/www.youtube.com\/channel\/UCf73dERp9Y3cfOq7q8BhLjA?view_as=subscriber"]}]},"product_brand":"TP LINK","product_price_amount":"642","product_price_currency":"MXN","og_availability":"backorder","product_availability":"available for order","product_retailer_item_id":"MB110-4G","product_condition":"new"},"_links":{"self":[{"href":"https:\/\/compuviper.mx\/tienda\/wp-json\/wp\/v2\/product\/268069"}],"collection":[{"href":"https:\/\/compuviper.mx\/tienda\/wp-json\/wp\/v2\/product"}],"about":[{"href":"https:\/\/compuviper.mx\/tienda\/wp-json\/wp\/v2\/types\/product"}],"replies":[{"embeddable":true,"href":"https:\/\/compuviper.mx\/tienda\/wp-json\/wp\/v2\/comments?post=268069"}],"wp:attachment":[{"href":"https:\/\/compuviper.mx\/tienda\/wp-json\/wp\/v2\/media?parent=268069"}],"wp:term":[{"taxonomy":"product_cat","embeddable":true,"href":"https:\/\/compuviper.mx\/tienda\/wp-json\/wp\/v2\/product_cat?post=268069"},{"taxonomy":"product_tag","embeddable":true,"href":"https:\/\/compuviper.mx\/tienda\/wp-json\/wp\/v2\/product_tag?post=268069"}],"curies":[{"name":"wp","href":"https:\/\/api.w.org\/{rel}","templated":true}]}}