{"id":268068,"date":"2026-04-02T01:14:19","date_gmt":"2026-04-02T07:14:19","guid":{"rendered":"https:\/\/compuviper.mx\/tienda\/producto\/tp-link-oc400-controlador-tp-link-fast-ethernet-4-x-rj-45-2-x-usb-a\/"},"modified":"2026-04-02T01:14:19","modified_gmt":"2026-04-02T07:14:19","slug":"tp-link-oc400-controlador-tp-link-fast-ethernet-4-x-rj-45-2-x-usb-a","status":"publish","type":"product","link":"https:\/\/compuviper.mx\/tienda\/producto\/tp-link-oc400-controlador-tp-link-fast-ethernet-4-x-rj-45-2-x-usb-a\/","title":{"rendered":"Tp Link Oc400 Controlador | Tp-link |  | Fast Ethernet | 4 X Rj-45 | 2 X Usb-a"},"content":{"rendered":"<table class=\"descripcion\">\n<tr>\n<td>Caracter\u00edsticas de hardware<\/td>\n<\/tr>\n<tr>\n<td>Procesador<\/td>\n<\/tr>\n<tr>\n<td>Cpu quad-core<\/td>\n<\/tr>\n<tr>\n<td>Memoria<\/td>\n<\/tr>\n<tr>\n<td>4 mb nor flash; 32 gb emmc; 8 gb ddr4<\/td>\n<\/tr>\n<tr>\n<td>Interfaz<\/td>\n<\/tr>\n<tr>\n<td>\u0095 2\u00d7 puertos sfp+ 10g<\/td>\n<\/tr>\n<tr>\n<td>\u0095 4\u00d7 puertos ge rj45<\/td>\n<\/tr>\n<tr>\n<td>\u0095 2\u00d7 puertos usb 3.0<\/td>\n<\/tr>\n<tr>\n<td>\u0095 1\u00d7 puerto de consola ge<\/td>\n<\/tr>\n<tr>\n<td>Cantidad de ventiladores<\/td>\n<\/tr>\n<tr>\n<td>1<\/td>\n<\/tr>\n<tr>\n<td>Botones<\/td>\n<\/tr>\n<tr>\n<td>\u0095 1\u00d7 reset<\/td>\n<\/tr>\n<tr>\n<td>Fuente de alimentaci\u00f3n<\/td>\n<\/tr>\n<tr>\n<td>100-240 v ~ 50\/60 hz ca<\/td>\n<\/tr>\n<tr>\n<td>Dimensiones<\/td>\n<\/tr>\n<tr>\n<td>440 \u00d7 180 \u00d7 44 mm<\/td>\n<\/tr>\n<tr>\n<td>Gesti\u00f3n<\/td>\n<\/tr>\n<tr>\n<td>Omada app<\/td>\n<\/tr>\n<tr>\n<td>S\u00ed<\/td>\n<\/tr>\n<tr>\n<td>Gesti\u00f3n centralizada<\/td>\n<\/tr>\n<tr>\n<td>\u0095 hasta 1,000 puntos de acceso omada<\/td>\n<\/tr>\n<tr>\n<td>\u0095 hasta 100 routers omada<\/td>\n<\/tr>\n<tr>\n<td>\u0095 hasta 200 switches omada\u0086<\/td>\n<\/tr>\n<tr>\n<td>\u0095 hasta 10 olt gpon deltastream \u0086<\/td>\n<\/tr>\n<tr>\n<td>*consulte www.tp-link.com\/en\/business-networking\/all-omada\/ para encontrar todos los modelos compatibles con oc400<\/td>\n<\/tr>\n<tr>\n<td>El n\u00famero m\u00e1ximo de switches decrementa en 5 por cada olt gpon deltastream a\u00f1adida. las olt gpon deltastream soportadas por el controlador son ds-p7001-04 y ds-p7001-08.<\/td>\n<\/tr>\n<tr>\n<td>Acceso a la nube<\/td>\n<\/tr>\n<tr>\n<td>S\u00ed<\/td>\n<\/tr>\n<tr>\n<td>Gesti\u00f3n multi-sitio<\/td>\n<\/tr>\n<tr>\n<td>S\u00ed<\/td>\n<\/tr>\n<tr>\n<td>Funciones de gesti\u00f3n<\/td>\n<\/tr>\n<tr>\n<td>\u0095 gesti\u00f3n de m\u00faltiples inquilinos (privilegios de rol\/sitio\/dispositivo)<\/td>\n<\/tr>\n<tr>\n<td>\u0095 migraci\u00f3n (migraci\u00f3n de sitios\/migraci\u00f3n de controladores)<\/td>\n<\/tr>\n<tr>\n<td>\u0095 gesti\u00f3n de cuentas<\/td>\n<\/tr>\n<tr>\n<td>\u0095 copia de seguridad y restauraci\u00f3n<\/td>\n<\/tr>\n<tr>\n<td>\u0095 copia de seguridad autom\u00e1tica<\/td>\n<\/tr>\n<tr>\n<td>\u0095 interfaz de usuario personalizada<\/td>\n<\/tr>\n<tr>\n<td>\u0095 detecci\u00f3n autom\u00e1tica de dispositivos<\/td>\n<\/tr>\n<tr>\n<td>\u0095 configuraci\u00f3n por lotes<\/td>\n<\/tr>\n<tr>\n<td>\u0095 actualizaci\u00f3n en l\u00ednea<\/td>\n<\/tr>\n<tr>\n<td>\u0095 programaci\u00f3n de reinicio<\/td>\n<\/tr>\n<tr>\n<td>\u0095 programaci\u00f3n poe<\/td>\n<\/tr>\n<tr>\n<td>\u0095 programaci\u00f3n wlan<\/td>\n<\/tr>\n<tr>\n<td>\u0095 actualizaci\u00f3n de firmware por lotes<\/td>\n<\/tr>\n<tr>\n<td>\u0095 ddns<\/td>\n<\/tr>\n<tr>\n<td>\u0095 snmp<\/td>\n<\/tr>\n<tr>\n<td>\u0095 ssh<\/td>\n<\/tr>\n<tr>\n<td>Fuente de alimnetaci\u00f3n redundante<\/td>\n<\/tr>\n<tr>\n<td>Redundant power supply<\/td>\n<\/tr>\n<tr>\n<td>2\u00d7 fuentes de alimentaci\u00f3n fijas internas<\/td>\n<\/tr>\n<tr>\n<td>Monitorizaci\u00f3n<\/td>\n<\/tr>\n<tr>\n<td>Monitoring<\/td>\n<\/tr>\n<tr>\n<td>\u0095 panel personalizado<\/td>\n<\/tr>\n<tr>\n<td>\u0095 estad\u00edsticas (rendimiento\/switch stats)<\/td>\n<\/tr>\n<tr>\n<td>\u0095 topolog\u00eda de red<\/td>\n<\/tr>\n<tr>\n<td>\u0095 mapa de red<\/td>\n<\/tr>\n<tr>\n<td>\u0095 lista de dispositivos<\/td>\n<\/tr>\n<tr>\n<td>\u0095 lista de clientes<\/td>\n<\/tr>\n<tr>\n<td>\u0095 informaci\u00f3n<\/td>\n<\/tr>\n<tr>\n<td>\u0095 registros<\/td>\n<\/tr>\n<\/table>\n","protected":false},"excerpt":{"rendered":"<p>-gesti\u00f3n centralizada. Hasta 1.000 puntos de acceso omada, 200 switches omada, 100 routers omada y un m\u00e1ximo de 10 olt gpon deltastream.. -multiples puertos. 2 ranuras 10ge sfp+, 4 puertos ge rj45 y 2 puertos usb 3.0. -fiabilidad. Fuentes de alimentaci\u00f3n redundantes. -acceso en la nube. Acceso gratuito a la nube con la aplicaci\u00f3n omada o la interfaz de usuario web desde cualquier lugar. -gesti\u00f3n centralizada. Monitoriza y administra todos tus equipos omada. -supervisi\u00f3n de la red. Panel de control f\u00e1cil de usar y topolog\u00eda de red en tiempo real. Mantenimiento. Gesti\u00f3n por lotes y multisitio.<\/p>\n","protected":false},"featured_media":0,"comment_status":"open","ping_status":"open","template":"","meta":[],"product_cat":[1969,1563],"product_tag":[1562],"acf":[],"yoast_head":"<!-- This site is optimized with the Yoast SEO plugin v21.7 - https:\/\/yoast.com\/wordpress\/plugins\/seo\/ -->\n<title>[ Tp Link ] &#129351; Oc400 Controlador | Tp-link | | Fast Ethernet | 4 X Rj-45 | 2 X Usb-a<\/title>\n<meta name=\"description\" content=\"Compra Oc400 Controlador | Tp-link | | Fast Ethernet | 4 X Rj-45 | 2 X Usb-a + Env\u00edo a domicilio + Pago seguro + Garant\u00eda\" \/>\n<meta name=\"robots\" content=\"index, follow, max-snippet:-1, max-image-preview:large, max-video-preview:-1\" \/>\n<link rel=\"canonical\" href=\"https:\/\/compuviper.mx\/tienda\/producto\/tp-link-oc400-controlador-tp-link-fast-ethernet-4-x-rj-45-2-x-usb-a\/\" \/>\n<meta property=\"og:locale\" content=\"es_MX\" \/>\n<meta property=\"og:type\" content=\"article\" \/>\n<meta property=\"og:title\" content=\"[ Tp Link ] &#129351; Oc400 Controlador | Tp-link | | Fast Ethernet | 4 X Rj-45 | 2 X Usb-a\" \/>\n<meta property=\"og:description\" content=\"Compra Oc400 Controlador | Tp-link | | Fast Ethernet | 4 X Rj-45 | 2 X Usb-a + Env\u00edo a domicilio + Pago seguro + Garant\u00eda\" \/>\n<meta property=\"og:url\" content=\"https:\/\/compuviper.mx\/tienda\/producto\/tp-link-oc400-controlador-tp-link-fast-ethernet-4-x-rj-45-2-x-usb-a\/\" \/>\n<meta property=\"og:site_name\" content=\"Compuviper\" \/>\n<meta property=\"article:publisher\" content=\"https:\/\/www.facebook.com\/compuviper\" \/>\n<meta name=\"twitter:card\" content=\"summary_large_image\" \/>\n<meta name=\"twitter:label1\" content=\"Precio\" \/>\n\t<meta name=\"twitter:data1\" content=\"&#36;8,437 con IVA\" \/>\n\t<meta name=\"twitter:label2\" content=\"Availability\" \/>\n\t<meta name=\"twitter:data2\" content=\"On backorder\" \/>\n<script type=\"application\/ld+json\" class=\"yoast-schema-graph\">{\"@context\":\"https:\/\/schema.org\",\"@graph\":[{\"@type\":\"WebPage\",\"@id\":\"https:\/\/compuviper.mx\/tienda\/producto\/tp-link-oc400-controlador-tp-link-fast-ethernet-4-x-rj-45-2-x-usb-a\/\",\"url\":\"https:\/\/compuviper.mx\/tienda\/producto\/tp-link-oc400-controlador-tp-link-fast-ethernet-4-x-rj-45-2-x-usb-a\/\",\"name\":\"[ Tp Link ] &#129351; Oc400 Controlador | Tp-link | | Fast Ethernet | 4 X Rj-45 | 2 X Usb-a\",\"isPartOf\":{\"@id\":\"https:\/\/compuviper.mx\/tienda\/#website\"},\"datePublished\":\"2026-04-02T07:14:19+00:00\",\"dateModified\":\"2026-04-02T07:14:19+00:00\",\"description\":\"Compra Oc400 Controlador | Tp-link | | Fast Ethernet | 4 X Rj-45 | 2 X Usb-a + Env\u00edo a domicilio + Pago seguro + Garant\u00eda\",\"breadcrumb\":{\"@id\":\"https:\/\/compuviper.mx\/tienda\/producto\/tp-link-oc400-controlador-tp-link-fast-ethernet-4-x-rj-45-2-x-usb-a\/#breadcrumb\"},\"inLanguage\":\"es-MX\",\"potentialAction\":[{\"@type\":\"ReadAction\",\"target\":[\"https:\/\/compuviper.mx\/tienda\/producto\/tp-link-oc400-controlador-tp-link-fast-ethernet-4-x-rj-45-2-x-usb-a\/\"]}]},{\"@type\":\"BreadcrumbList\",\"@id\":\"https:\/\/compuviper.mx\/tienda\/producto\/tp-link-oc400-controlador-tp-link-fast-ethernet-4-x-rj-45-2-x-usb-a\/#breadcrumb\",\"itemListElement\":[{\"@type\":\"ListItem\",\"position\":1,\"name\":\"Inicio\",\"item\":\"https:\/\/compuviper.mx\/tienda\/\"},{\"@type\":\"ListItem\",\"position\":2,\"name\":\"Productos\",\"item\":\"https:\/\/compuviper.mx\/tienda\/productos\/\"},{\"@type\":\"ListItem\",\"position\":3,\"name\":\"Redes\",\"item\":\"https:\/\/compuviper.mx\/tienda\/categoria-producto\/redes\/\"},{\"@type\":\"ListItem\",\"position\":4,\"name\":\"Controladora De Access Point\",\"item\":\"https:\/\/compuviper.mx\/tienda\/categoria-producto\/redes\/controladora-de-access-point\/\"},{\"@type\":\"ListItem\",\"position\":5,\"name\":\"Tp Link Oc400 Controlador | Tp-link | | Fast Ethernet | 4 X Rj-45 | 2 X Usb-a\"}]},{\"@type\":\"WebSite\",\"@id\":\"https:\/\/compuviper.mx\/tienda\/#website\",\"url\":\"https:\/\/compuviper.mx\/tienda\/\",\"name\":\"Compuviper\",\"description\":\"Proveedor de Computadoras, Laptops, Servidores, Monitores, Puntos de Venta, Teclados,   Impresoras, T\u00f3ner, C\u00e1maras de Seguridad y m\u00e1s en tu tienda en l\u00ednea\",\"publisher\":{\"@id\":\"https:\/\/compuviper.mx\/tienda\/#organization\"},\"potentialAction\":[{\"@type\":\"SearchAction\",\"target\":{\"@type\":\"EntryPoint\",\"urlTemplate\":\"https:\/\/compuviper.mx\/tienda\/?s={search_term_string}\"},\"query-input\":\"required name=search_term_string\"}],\"inLanguage\":\"es-MX\"},{\"@type\":\"Organization\",\"@id\":\"https:\/\/compuviper.mx\/tienda\/#organization\",\"name\":\"Compuviper\",\"url\":\"https:\/\/compuviper.mx\/tienda\/\",\"logo\":{\"@type\":\"ImageObject\",\"inLanguage\":\"es-MX\",\"@id\":\"https:\/\/compuviper.mx\/tienda\/#\/schema\/logo\/image\/\",\"url\":\"https:\/\/compuviper.mx\/tienda\/wp-content\/uploads\/2021\/08\/Logo-Compuviper-10.png\",\"contentUrl\":\"https:\/\/compuviper.mx\/tienda\/wp-content\/uploads\/2021\/08\/Logo-Compuviper-10.png\",\"width\":1000,\"height\":500,\"caption\":\"Compuviper\"},\"image\":{\"@id\":\"https:\/\/compuviper.mx\/tienda\/#\/schema\/logo\/image\/\"},\"sameAs\":[\"https:\/\/www.facebook.com\/compuviper\",\"https:\/\/www.youtube.com\/channel\/UCf73dERp9Y3cfOq7q8BhLjA?view_as=subscriber\"]}]}<\/script>\n<meta property=\"product:brand\" content=\"TP LINK\" \/>\n<meta property=\"product:price:amount\" content=\"8437\" \/>\n<meta property=\"product:price:currency\" content=\"MXN\" \/>\n<meta property=\"og:availability\" content=\"backorder\" \/>\n<meta property=\"product:availability\" content=\"available for order\" \/>\n<meta property=\"product:retailer_item_id\" content=\"OC400\" \/>\n<meta property=\"product:condition\" content=\"new\" \/>\n<!-- \/ Yoast SEO plugin. -->","yoast_head_json":{"title":"[ Tp Link ] &#129351; Oc400 Controlador | Tp-link | | Fast Ethernet | 4 X Rj-45 | 2 X Usb-a","description":"Compra Oc400 Controlador | Tp-link | | Fast Ethernet | 4 X Rj-45 | 2 X Usb-a + Env\u00edo a domicilio + Pago seguro + Garant\u00eda","robots":{"index":"index","follow":"follow","max-snippet":"max-snippet:-1","max-image-preview":"max-image-preview:large","max-video-preview":"max-video-preview:-1"},"canonical":"https:\/\/compuviper.mx\/tienda\/producto\/tp-link-oc400-controlador-tp-link-fast-ethernet-4-x-rj-45-2-x-usb-a\/","og_locale":"es_MX","og_type":"article","og_title":"[ Tp Link ] &#129351; Oc400 Controlador | Tp-link | | Fast Ethernet | 4 X Rj-45 | 2 X Usb-a","og_description":"Compra Oc400 Controlador | Tp-link | | Fast Ethernet | 4 X Rj-45 | 2 X Usb-a + Env\u00edo a domicilio + Pago seguro + Garant\u00eda","og_url":"https:\/\/compuviper.mx\/tienda\/producto\/tp-link-oc400-controlador-tp-link-fast-ethernet-4-x-rj-45-2-x-usb-a\/","og_site_name":"Compuviper","article_publisher":"https:\/\/www.facebook.com\/compuviper","twitter_card":"summary_large_image","twitter_misc":{"Precio":"&#36;8,437 con IVA","Availability":"On backorder"},"schema":{"@context":"https:\/\/schema.org","@graph":[{"@type":"WebPage","@id":"https:\/\/compuviper.mx\/tienda\/producto\/tp-link-oc400-controlador-tp-link-fast-ethernet-4-x-rj-45-2-x-usb-a\/","url":"https:\/\/compuviper.mx\/tienda\/producto\/tp-link-oc400-controlador-tp-link-fast-ethernet-4-x-rj-45-2-x-usb-a\/","name":"[ Tp Link ] &#129351; Oc400 Controlador | Tp-link | | Fast Ethernet | 4 X Rj-45 | 2 X Usb-a","isPartOf":{"@id":"https:\/\/compuviper.mx\/tienda\/#website"},"datePublished":"2026-04-02T07:14:19+00:00","dateModified":"2026-04-02T07:14:19+00:00","description":"Compra Oc400 Controlador | Tp-link | | Fast Ethernet | 4 X Rj-45 | 2 X Usb-a + Env\u00edo a domicilio + Pago seguro + Garant\u00eda","breadcrumb":{"@id":"https:\/\/compuviper.mx\/tienda\/producto\/tp-link-oc400-controlador-tp-link-fast-ethernet-4-x-rj-45-2-x-usb-a\/#breadcrumb"},"inLanguage":"es-MX","potentialAction":[{"@type":"ReadAction","target":["https:\/\/compuviper.mx\/tienda\/producto\/tp-link-oc400-controlador-tp-link-fast-ethernet-4-x-rj-45-2-x-usb-a\/"]}]},{"@type":"BreadcrumbList","@id":"https:\/\/compuviper.mx\/tienda\/producto\/tp-link-oc400-controlador-tp-link-fast-ethernet-4-x-rj-45-2-x-usb-a\/#breadcrumb","itemListElement":[{"@type":"ListItem","position":1,"name":"Inicio","item":"https:\/\/compuviper.mx\/tienda\/"},{"@type":"ListItem","position":2,"name":"Productos","item":"https:\/\/compuviper.mx\/tienda\/productos\/"},{"@type":"ListItem","position":3,"name":"Redes","item":"https:\/\/compuviper.mx\/tienda\/categoria-producto\/redes\/"},{"@type":"ListItem","position":4,"name":"Controladora De Access Point","item":"https:\/\/compuviper.mx\/tienda\/categoria-producto\/redes\/controladora-de-access-point\/"},{"@type":"ListItem","position":5,"name":"Tp Link Oc400 Controlador | Tp-link | | Fast Ethernet | 4 X Rj-45 | 2 X Usb-a"}]},{"@type":"WebSite","@id":"https:\/\/compuviper.mx\/tienda\/#website","url":"https:\/\/compuviper.mx\/tienda\/","name":"Compuviper","description":"Proveedor de Computadoras, Laptops, Servidores, Monitores, Puntos de Venta, Teclados,   Impresoras, T\u00f3ner, C\u00e1maras de Seguridad y m\u00e1s en tu tienda en l\u00ednea","publisher":{"@id":"https:\/\/compuviper.mx\/tienda\/#organization"},"potentialAction":[{"@type":"SearchAction","target":{"@type":"EntryPoint","urlTemplate":"https:\/\/compuviper.mx\/tienda\/?s={search_term_string}"},"query-input":"required name=search_term_string"}],"inLanguage":"es-MX"},{"@type":"Organization","@id":"https:\/\/compuviper.mx\/tienda\/#organization","name":"Compuviper","url":"https:\/\/compuviper.mx\/tienda\/","logo":{"@type":"ImageObject","inLanguage":"es-MX","@id":"https:\/\/compuviper.mx\/tienda\/#\/schema\/logo\/image\/","url":"https:\/\/compuviper.mx\/tienda\/wp-content\/uploads\/2021\/08\/Logo-Compuviper-10.png","contentUrl":"https:\/\/compuviper.mx\/tienda\/wp-content\/uploads\/2021\/08\/Logo-Compuviper-10.png","width":1000,"height":500,"caption":"Compuviper"},"image":{"@id":"https:\/\/compuviper.mx\/tienda\/#\/schema\/logo\/image\/"},"sameAs":["https:\/\/www.facebook.com\/compuviper","https:\/\/www.youtube.com\/channel\/UCf73dERp9Y3cfOq7q8BhLjA?view_as=subscriber"]}]},"product_brand":"TP LINK","product_price_amount":"8437","product_price_currency":"MXN","og_availability":"backorder","product_availability":"available for order","product_retailer_item_id":"OC400","product_condition":"new"},"_links":{"self":[{"href":"https:\/\/compuviper.mx\/tienda\/wp-json\/wp\/v2\/product\/268068"}],"collection":[{"href":"https:\/\/compuviper.mx\/tienda\/wp-json\/wp\/v2\/product"}],"about":[{"href":"https:\/\/compuviper.mx\/tienda\/wp-json\/wp\/v2\/types\/product"}],"replies":[{"embeddable":true,"href":"https:\/\/compuviper.mx\/tienda\/wp-json\/wp\/v2\/comments?post=268068"}],"wp:attachment":[{"href":"https:\/\/compuviper.mx\/tienda\/wp-json\/wp\/v2\/media?parent=268068"}],"wp:term":[{"taxonomy":"product_cat","embeddable":true,"href":"https:\/\/compuviper.mx\/tienda\/wp-json\/wp\/v2\/product_cat?post=268068"},{"taxonomy":"product_tag","embeddable":true,"href":"https:\/\/compuviper.mx\/tienda\/wp-json\/wp\/v2\/product_tag?post=268068"}],"curies":[{"name":"wp","href":"https:\/\/api.w.org\/{rel}","templated":true}]}}